{"id":18562,"date":"2021-03-25T17:51:01","date_gmt":"2021-03-25T10:51:01","guid":{"rendered":"https:\/\/www.blackturtledive.com\/master-freediver\/"},"modified":"2026-05-06T06:32:09","modified_gmt":"2026-05-05T23:32:09","slug":"master-freediver","status":"publish","type":"page","link":"https:\/\/www.blackturtledive.com\/de\/padi-freediving-courses\/master-freediver\/","title":{"rendered":"Master\u2011Freitaucher"},"content":{"rendered":"<div class=\"wpb-content-wrapper\"><p>[vc_row][vc_column][vc_column_text]<\/p>\n<h3>PADI Master Freediver Kurs auf Koh Tao<\/h3>\n<p>Nach Abschluss deines <a href=\"https:\/\/www.blackturtledive.com\/padi-freediving-courses\/advanced-freediver\/\">Advanced Freediver<\/a> Kurses ist die n\u00e4chste Herausforderung \u2014 um weiter zu wachsen und pers\u00f6nliche Bestleistungen zu verbessern \u2014 unser PADI Master Freediver Kurs.<\/p>\n<p>Die Master Freediver Zertifizierung zeigt dein Engagement und deine wachsende <a href=\"https:\/\/www.blackturtledive.com\/padi-freediving-courses\/\">Leidenschaft f\u00fcr das Apnoetauchen<\/a> und hebt deine pers\u00f6nlichen Erfolge auf ein deutlich h\u00f6heres Niveau.<\/p>\n<h3><span style=\"color: #28d4ff;\">Fortgeschrittene Techniken<\/span><\/h3>\n<p>Als Master Freediver erlernst du fortgeschrittenere Druckausgleichstechniken, erweiterst dein Wissen in Theorie und Physiologie und verbesserst deine Atemanhaltezeiten.<\/p>\n<p>Master Freediver zu sein, ist ein bedeutender Schritt in deiner Ausbildung \u2014 unser Kurs ist ein hervorragendes Trainingsprogramm f\u00fcr alle, die sp\u00e4ter <a href=\"https:\/\/www.blackturtledive.com\/padi-freediving-courses\/freediving-instructor\/\">Freediving-Instruktor<\/a> werden m\u00f6chten.<\/p>\n<figure id=\"attachment_6403\" aria-describedby=\"caption-attachment-6403\" style=\"width: 800px\" class=\"wp-caption alignnone\"><img decoding=\"async\" class=\"size-full wp-image-6403\" src=\"https:\/\/www.blackturtledive.com\/wp-content\/uploads\/2021\/03\/blackturtledive.com-master-freediver-course-koh-tao-thailand.jpg\" alt=\"Lerne, PADI Master Freediver zu werden\" width=\"800\" height=\"800\" srcset=\"https:\/\/www.blackturtledive.com\/wp-content\/uploads\/2021\/03\/blackturtledive.com-master-freediver-course-koh-tao-thailand.jpg 800w, https:\/\/www.blackturtledive.com\/wp-content\/uploads\/2021\/03\/blackturtledive.com-master-freediver-course-koh-tao-thailand-150x150.jpg 150w, https:\/\/www.blackturtledive.com\/wp-content\/uploads\/2021\/03\/blackturtledive.com-master-freediver-course-koh-tao-thailand-768x768.jpg 768w, https:\/\/www.blackturtledive.com\/wp-content\/uploads\/2021\/03\/blackturtledive.com-master-freediver-course-koh-tao-thailand-640x640.jpg 640w, https:\/\/www.blackturtledive.com\/wp-content\/uploads\/2021\/03\/blackturtledive.com-master-freediver-course-koh-tao-thailand-96x96.jpg 96w\" sizes=\"(max-width: 800px) 100vw, 800px\" \/><figcaption id=\"caption-attachment-6403\" class=\"wp-caption-text\">Lerne, PADI Master Freediver zu werden<\/figcaption><\/figure>\n<p><a class=\"fasc-button fasc-size-large fasc-type-glossy\" style=\"background-color: #208aae; color: #ffffff;\" href=\"https:\/\/www.blackturtledive.com\/diving-course-prices\/#freediving\">JETZT BUCHEN<\/a><\/p>\n<h3>So startest du den PADI Master Freediver Kurs<\/h3>\n<p>Um an unserem Master Freediver Trainingsprogramm teilzunehmen, musst du Advanced Freediver mit <a href=\"https:\/\/www.blackturtledive.com\/padi-diving-courses\/emergency-first-response-course\/\">g\u00fcltigem EFR-Zertifikat<\/a> und mindestens 18 Jahre alt sein.<\/p>\n<p>Der Master Freediver Kurs beginnt mit dem Ausf\u00fcllen des Anmeldeformulars und eines medizinischen Fragebogens \u2014 gefolgt von umfangreicher Theorie zu Physik und Physiologie.<\/p>\n<h3><span style=\"color: #28d4ff;\">Sicherheit &amp; Komfort<\/span><\/h3>\n<p>Unser Master Freediver Programm dauert bis zu 21 Tage. Das Training kann flexibel gestaltet werden, solange die Anforderungen sicher und mit ausreichend Komfort erf\u00fcllt werden.<\/p>\n<p>Unser erfahrener Freediving Instruktor-Trainer arbeitet mit dir, um sicherzustellen, dass du alle Leistungsanforderungen f\u00fcr den erfolgreichen Abschluss erf\u00fcllst.<\/p>\n<figure id=\"attachment_6405\" aria-describedby=\"caption-attachment-6405\" style=\"width: 1000px\" class=\"wp-caption alignnone\"><img decoding=\"async\" class=\"size-full wp-image-6405\" src=\"https:\/\/www.blackturtledive.com\/wp-content\/uploads\/2021\/03\/blackturtledive.com-padi-master-freediver-course-koh-tao-thailand.jpg\" alt=\"PADI Master Freediver - Open Water\" width=\"1000\" height=\"724\" srcset=\"https:\/\/www.blackturtledive.com\/wp-content\/uploads\/2021\/03\/blackturtledive.com-padi-master-freediver-course-koh-tao-thailand.jpg 1000w, https:\/\/www.blackturtledive.com\/wp-content\/uploads\/2021\/03\/blackturtledive.com-padi-master-freediver-course-koh-tao-thailand-768x556.jpg 768w, https:\/\/www.blackturtledive.com\/wp-content\/uploads\/2021\/03\/blackturtledive.com-padi-master-freediver-course-koh-tao-thailand-150x109.jpg 150w\" sizes=\"(max-width: 1000px) 100vw, 1000px\" \/><figcaption id=\"caption-attachment-6405\" class=\"wp-caption-text\">PADI Master Freediver &#8211; Open Water<\/figcaption><\/figure>\n<p><a class=\"fasc-button fasc-size-large fasc-type-glossy\" style=\"background-color: #208aae; color: #ffffff;\" href=\"https:\/\/www.blackturtledive.com\/diving-course-prices\/#freediving\">JETZT BUCHEN<\/a><\/p>\n<h3>Im PADI Master Freediver Kurs enthalten<\/h3>\n<p>Unser Master Freediver Kurs ist ein erweitertes Trainingsprogramm, das deutlich tiefer in viele Apnoetauchtechniken einsteigt.<\/p>\n<p>Das umfangreiche Training behandelt die Mouthfill-Druckausgleichstechnik \u2014 einen besonderen Atemmechanismus f\u00fcr Tieftauchg\u00e4nge.<\/p>\n<p>Du erh\u00e4ltst die <span style=\"color: #28d4ff;\">Gelegenheit, die Free-Fall-Position zu \u00fcben<\/span>, und absolvierst zus\u00e4tzliche Theorie-Einheiten zur Physiologie und Physik des Apnoetauchens.<\/p>\n<h3><span style=\"color: #28d4ff;\">Atemanhalten verbessern<\/span><\/h3>\n<p>Unser erfahrener Instruktor arbeitet mit dir an der Verbesserung deiner Atemanhaltezeiten \u2014 Ziel sind 3:30 Minuten in Static Apnea und 70 Meter in Dynamic Apnea.<\/p>\n<p>Im Verlauf des Kurses \u00fcbst du Dynamic No Fins (DNF) und Constant Weight No Fins (CNF), um dein Wissen und K\u00f6nnen auf ein deutlich h\u00f6heres Niveau zu heben.<\/p>\n<figure id=\"attachment_6407\" aria-describedby=\"caption-attachment-6407\" style=\"width: 1000px\" class=\"wp-caption alignnone\"><img decoding=\"async\" class=\"size-full wp-image-6407\" src=\"https:\/\/www.blackturtledive.com\/wp-content\/uploads\/2021\/03\/blackturtledive.com-master-freediver-course-koh-tao.jpg\" alt=\"Bester PADI Master Freediver Kurs\" width=\"1000\" height=\"999\" srcset=\"https:\/\/www.blackturtledive.com\/wp-content\/uploads\/2021\/03\/blackturtledive.com-master-freediver-course-koh-tao.jpg 1000w, https:\/\/www.blackturtledive.com\/wp-content\/uploads\/2021\/03\/blackturtledive.com-master-freediver-course-koh-tao-150x150.jpg 150w, https:\/\/www.blackturtledive.com\/wp-content\/uploads\/2021\/03\/blackturtledive.com-master-freediver-course-koh-tao-768x767.jpg 768w, https:\/\/www.blackturtledive.com\/wp-content\/uploads\/2021\/03\/blackturtledive.com-master-freediver-course-koh-tao-640x640.jpg 640w, https:\/\/www.blackturtledive.com\/wp-content\/uploads\/2021\/03\/blackturtledive.com-master-freediver-course-koh-tao-96x96.jpg 96w\" sizes=\"(max-width: 1000px) 100vw, 1000px\" \/><figcaption id=\"caption-attachment-6407\" class=\"wp-caption-text\">Bester PADI Master Freediver Kurs<\/figcaption><\/figure>\n<p><a class=\"fasc-button fasc-size-large fasc-type-glossy\" style=\"background-color: #208aae; color: #ffffff;\" href=\"https:\/\/www.blackturtledive.com\/diving-course-prices\/#freediving\">JETZT BUCHEN<\/a><\/p>\n<h3>Trainingsplanung als PADI Master Freediver<\/h3>\n<p>Ein <a href=\"https:\/\/www.thefunkyturtle.com\/freediving\/\" target=\"_blank\" rel=\"noopener\">wichtiger Teil des Apnoetauchens<\/a> ist es, das eigene Training zu planen, die pers\u00f6nlichen Grenzen zu kennen und eine regelm\u00e4\u00dfige, sichere Trainingsroutine zu etablieren.<\/p>\n<p>Unser Master Freediver Kurs behandelt ausf\u00fchrliche Theorie zur Trainingsplanung, einschlie\u00dflich Entspannung, Stretching, Meditation und Yoga-Techniken.<\/p>\n<p>Als Master Freediver tauchst du im <a href=\"https:\/\/www.blackturtledive.com\/padi-diving-courses\/open-water-course\/\">Open Water<\/a> tiefer ab \u2014 damit w\u00e4chst die Verantwortung f\u00fcr Sicherheitsaspekte, die in all unseren Trainingsprogrammen zentral sind.<\/p>\n<p><a href=\"https:\/\/www.blackturtledive.com\/koh-tao-marine-life\/\">Als PADI Master Freediver erschlie\u00dft du dir neue Standorte und Tiefen<\/a> \u2014 und erlebst endlose Tage voller Entdeckungen und Spa\u00df mit einem Apnoetauchpartner.<\/p>\n<h3><span style=\"color: #28d4ff;\">Anforderungen des PADI Master Freediver Kurses<\/span><\/h3>\n<ul>\n<li>Static Apnea: 3:30 Minuten<\/li>\n<li>Dynamic Apnea: 70 Meter<\/li>\n<li>Tiefe: 32-40 Meter<\/li>\n<\/ul>\n<h3>Melde dich f\u00fcr den PADI Master Freediver Kurs auf Koh Tao an<\/h3>\n<p>F\u00fcr die Anmeldung zu unserem PADI Master Freediver Kurs musst du eine Advanced Freediver Zertifizierung besitzen, mindestens 18 Jahre alt sein, bei guter Gesundheit und \u00fcber ausreichende <a href=\"https:\/\/www.blackturtledive.com\/experience-programs\/swimming-koh-tao\/\">Schwimmkenntnisse<\/a> verf\u00fcgen.<\/p>\n<p>Der Master Freediver Kurs baut auf den im Advanced Freediver Kurs erlernten Fertigkeiten auf und hebt deine Apnoetauch-F\u00e4higkeiten auf ein h\u00f6heres Niveau.<\/p>\n<p>Unser erfahrener Freediving-Instruktor begleitet dich auf jedem Schritt, w\u00e4hrend du deine Apnoetauch-F\u00e4higkeiten verbesserst und dein Wissen auf die n\u00e4chste Stufe hebst.<\/p>\n<figure id=\"attachment_6401\" aria-describedby=\"caption-attachment-6401\" style=\"width: 979px\" class=\"wp-caption alignnone\"><img decoding=\"async\" class=\"size-full wp-image-6401\" src=\"https:\/\/www.blackturtledive.com\/wp-content\/uploads\/2021\/03\/blackturtledive.com-padi-master-freediver-course-koh-tao.jpg\" alt=\"PADI Master Freediver Kurs Koh Tao\" width=\"979\" height=\"789\" srcset=\"https:\/\/www.blackturtledive.com\/wp-content\/uploads\/2021\/03\/blackturtledive.com-padi-master-freediver-course-koh-tao.jpg 979w, https:\/\/www.blackturtledive.com\/wp-content\/uploads\/2021\/03\/blackturtledive.com-padi-master-freediver-course-koh-tao-768x619.jpg 768w, https:\/\/www.blackturtledive.com\/wp-content\/uploads\/2021\/03\/blackturtledive.com-padi-master-freediver-course-koh-tao-150x121.jpg 150w\" sizes=\"(max-width: 979px) 100vw, 979px\" \/><figcaption id=\"caption-attachment-6401\" class=\"wp-caption-text\">PADI Master Freediver Kurs Koh Tao<\/figcaption><\/figure>\n<h3>Werde PADI Master Freediver<\/h3>\n<p>Unser PADI Master Freediver Kurs ist die ideale Vorbereitung auf die h\u00f6chste Stufe im Apnoetauch-Curriculum \u2014 den PADI Freediving Instruktor.<\/p>\n<p>Mehr zu unserem <a href=\"https:\/\/www.blackturtledive.com\/de\/\">PADI Master Freediver<\/a> Kurs erf\u00e4hrst du, wenn du <a href=\"https:\/\/www.blackturtledive.com\/contact-us\/\">uns eine Nachricht schreibst<\/a> \u2014 wir besprechen gerne deine Erwartungen und dein geplantes Anreisedatum.<\/p>\n<p><a class=\"fasc-button fasc-size-large fasc-type-glossy\" style=\"background-color: #208aae; color: #ffffff;\" href=\"https:\/\/www.blackturtledive.com\/diving-course-prices\/#freediving\">JETZT BUCHEN<\/a>[\/vc_column_text][\/vc_column][\/vc_row][vc_row][vc_column]<div class=\"section-wrap\"><h3 class=\"section-title\">H\u00e4ufig gestellte Fragen<\/h3><div class=\"faq-wrapper\"><div class=\"accordion-panel active\">\n                    <div class=\"panel-heading\">    \n                        <h3 class=\"panel-title\">\n                            Was ist der PADI Master Freediver Kurs auf Koh Tao?\n                        <\/h3>\n                    <\/div>\n                    <div class=\"panel-detail\">\n                        <p>Der PADI Master Freediver Kurs richtet sich an alle, die den Advanced Freediver Kurs absolviert haben und ihr Apnoewissen und ihre Apnoefertigkeiten weiter ausbauen m\u00f6chten.<\/p>\n<p>Der Master Kurs besteht aus Theorie, Confined Water und Open Water und kann in 21 Tagen oder weniger absolviert werden.<\/p>\n\n                    <\/div>\n                <\/div><div class=\"accordion-panel \">\n                    <div class=\"panel-heading\">    \n                        <h3 class=\"panel-title\">\n                            Was kostet der PADI Master Freediver Kurs auf Koh Tao?\n                        <\/h3>\n                    <\/div>\n                    <div class=\"panel-detail\">\n                        <p>Der PADI Master Freediver Kurs auf Koh Tao kostet 35.000 Baht \u2014 inklusive Handbuch, Ausr\u00fcstung und Zertifizierungsgeb\u00fchr.<\/p>\n<p>Der Master Freediver Kurs ist auf 21 Tage angelegt und eine ausgezeichnete M\u00f6glichkeit, deine im Advanced Kurs erworbenen F\u00e4higkeiten weiter auszubauen.<\/p>\n\n                    <\/div>\n                <\/div><div class=\"accordion-panel \">\n                    <div class=\"panel-heading\">    \n                        <h3 class=\"panel-title\">\n                            Was ist im PADI Master Freediver Kurs auf Koh Tao enthalten?\n                        <\/h3>\n                    <\/div>\n                    <div class=\"panel-detail\">\n                        <p>Der PADI Master Freediver Kurs umfasst die gesamte Ausr\u00fcstung, das Online-Apnoehandbuch, Pool- (Confined-Water-)Einheiten, Open-Water-Einheiten, Theorie, Stretching und Entspannung sowie die Zertifizierung.<\/p>\n<p>Die Gruppengr\u00f6\u00dfe betr\u00e4gt 2 Sch\u00fcler pro Instruktor \u2014 so erh\u00e4ltst du maximale individuelle Aufmerksamkeit und ein erstklassiges Apnoetauch-Erlebnis.<\/p>\n\n                    <\/div>\n                <\/div><div class=\"accordion-panel \">\n                    <div class=\"panel-heading\">    \n                        <h3 class=\"panel-title\">\n                            Wie lange dauert der PADI Master Freediver Kurs auf Koh Tao?\n                        <\/h3>\n                    <\/div>\n                    <div class=\"panel-detail\">\n                        <p>Unser PADI Master Freediver Kurs dauert 21 Tage und umfasst umfangreiche Theorie mit Stretching, Entspannung, Confined-Water-Trainings (Pool) und Open-Water-Einheiten.<\/p>\n<p>Mit regelm\u00e4\u00dfiger Praxis wirst du zu einem selbstbewussten und kompetenten Apnoetaucher, der seine Trainingspl\u00e4ne sicher und mit klaren Steigerungsschritten selbst erstellt.<\/p>\n\n                    <\/div>\n                <\/div><div class=\"accordion-panel \">\n                    <div class=\"panel-heading\">    \n                        <h3 class=\"panel-title\">\n                            Wie hoch ist das Mindestalter f\u00fcr den PADI Master Freediving Kurs auf Koh Tao?\n                        <\/h3>\n                    <\/div>\n                    <div class=\"panel-detail\">\n                        <p>Das Mindestalter f\u00fcr den PADI Master Freediver Kurs auf Koh Tao betr\u00e4gt 18 Jahre. Du musst bei guter Gesundheit sein und \u00fcber ausreichende Schwimmkenntnisse verf\u00fcgen.<\/p>\n<p>F\u00fcr die Anmeldung musst du eine Advanced Freediver Zertifizierung und ein g\u00fcltiges EFR-Zertifikat besitzen.<\/p>\n\n                    <\/div>\n                <\/div><\/div>\n                <\/div>[\/vc_column][\/vc_row]<\/p>\n<\/div>","protected":false},"excerpt":{"rendered":"<p>Die PADI Master Freediver Zertifizierung beweist Ihr Engagement und Ihre wachsende Leidenschaft f\u00fcr das Freitauchen und wird Ihre pers\u00f6nlichen Leistungen auf ein viel h\u00f6heres Niveau heben.<\/p>\n","protected":false},"author":2,"featured_media":18390,"parent":18566,"menu_order":0,"comment_status":"closed","ping_status":"closed","template":"","meta":{"_acf_changed":false,"footnotes":""},"class_list":["post-18562","page","type-page","status-publish","has-post-thumbnail","hentry"],"acf":[],"yoast_head":"<!-- This site is optimized with the Yoast SEO Premium plugin v27.6 (Yoast SEO v27.6) - https:\/\/yoast.com\/product\/yoast-seo-premium-wordpress\/ -->\n<title>PADI Master Freediver auf Koh Tao | Black Turtle Dive<\/title>\n<meta name=\"description\" content=\"Der PADI Master Freediver Kurs auf Koh Tao beweist Ihr Engagement und Ihre Leidenschaft f\u00fcr das Freitauchen und hebt Ihre pers\u00f6nlichen Leistungen auf ein h\u00f6heres Niveau.\" \/>\n<meta name=\"robots\" content=\"index, follow, max-snippet:-1, max-image-preview:large, max-video-preview:-1\" \/>\n<link rel=\"canonical\" href=\"https:\/\/www.blackturtledive.com\/de\/padi-freediving-courses\/master-freediver\/\" \/>\n<meta property=\"og:locale\" content=\"de_DE\" \/>\n<meta property=\"og:type\" content=\"article\" \/>\n<meta property=\"og:title\" content=\"PADI Master Freediver Course Koh Tao | Black Turtle Dive\" \/>\n<meta property=\"og:description\" content=\"PADI Master Freediver course on Koh Tao demonstrates your commitment and passion for Freediving and takes your personal achievements to a higher level.\" \/>\n<meta property=\"og:url\" content=\"https:\/\/www.blackturtledive.com\/de\/padi-freediving-courses\/master-freediver\/\" \/>\n<meta property=\"og:site_name\" content=\"Black Turtle Dive Koh Tao\" \/>\n<meta property=\"article:publisher\" content=\"https:\/\/www.facebook.com\/blackturtledive\" \/>\n<meta property=\"article:modified_time\" content=\"2026-05-05T23:32:09+00:00\" \/>\n<meta property=\"og:image\" content=\"https:\/\/www.blackturtledive.com\/wp-content\/uploads\/2020\/11\/blackturtledive.com-best-padi-divemaster-course-koh-tao.jpg\" \/>\n\t<meta property=\"og:image:width\" content=\"1200\" \/>\n\t<meta property=\"og:image:height\" content=\"800\" \/>\n\t<meta property=\"og:image:type\" content=\"image\/jpeg\" \/>\n<meta name=\"twitter:card\" content=\"summary_large_image\" \/>\n<meta name=\"twitter:title\" content=\"PADI Master Freediver Course Koh Tao | Black Turtle Dive\" \/>\n<meta name=\"twitter:description\" content=\"PADI Master Freediver course on Koh Tao demonstrates your commitment and passion for Freediving and takes your personal achievements to a higher level.\" \/>\n<meta name=\"twitter:image\" content=\"https:\/\/www.blackturtledive.com\/wp-content\/uploads\/2020\/11\/blackturtledive.com-best-padi-divemaster-course-koh-tao.jpg\" \/>\n<meta name=\"twitter:site\" content=\"@blackturtledive\" \/>\n<meta name=\"twitter:label1\" content=\"Gesch\u00e4tzte Lesezeit\" \/>\n\t<meta name=\"twitter:data1\" content=\"5\u00a0Minuten\" \/>\n<!-- \/ Yoast SEO Premium plugin. -->","yoast_head_json":{"title":"PADI Master Freediver auf Koh Tao | Black Turtle Dive","description":"Der PADI Master Freediver Kurs auf Koh Tao beweist Ihr Engagement und Ihre Leidenschaft f\u00fcr das Freitauchen und hebt Ihre pers\u00f6nlichen Leistungen auf ein h\u00f6heres Niveau.","robots":{"index":"index","follow":"follow","max-snippet":"max-snippet:-1","max-image-preview":"max-image-preview:large","max-video-preview":"max-video-preview:-1"},"canonical":"https:\/\/www.blackturtledive.com\/de\/padi-freediving-courses\/master-freediver\/","og_locale":"de_DE","og_type":"article","og_title":"PADI Master Freediver Course Koh Tao | Black Turtle Dive","og_description":"PADI Master Freediver course on Koh Tao demonstrates your commitment and passion for Freediving and takes your personal achievements to a higher level.","og_url":"https:\/\/www.blackturtledive.com\/de\/padi-freediving-courses\/master-freediver\/","og_site_name":"Black Turtle Dive Koh Tao","article_publisher":"https:\/\/www.facebook.com\/blackturtledive","article_modified_time":"2026-05-05T23:32:09+00:00","og_image":[{"width":1200,"height":800,"url":"https:\/\/www.blackturtledive.com\/wp-content\/uploads\/2020\/11\/blackturtledive.com-best-padi-divemaster-course-koh-tao.jpg","type":"image\/jpeg"}],"twitter_card":"summary_large_image","twitter_title":"PADI Master Freediver Course Koh Tao | Black Turtle Dive","twitter_description":"PADI Master Freediver course on Koh Tao demonstrates your commitment and passion for Freediving and takes your personal achievements to a higher level.","twitter_image":"https:\/\/www.blackturtledive.com\/wp-content\/uploads\/2020\/11\/blackturtledive.com-best-padi-divemaster-course-koh-tao.jpg","twitter_site":"@blackturtledive","twitter_misc":{"Gesch\u00e4tzte Lesezeit":"5\u00a0Minuten"},"schema":{"@context":"https:\/\/schema.org","@graph":[{"@type":"WebPage","@id":"https:\/\/www.blackturtledive.com\/de\/padi-freediving-courses\/master-freediver\/","url":"https:\/\/www.blackturtledive.com\/de\/padi-freediving-courses\/master-freediver\/","name":"PADI Master Freediver auf Koh Tao | Black Turtle Dive","isPartOf":{"@id":"https:\/\/www.blackturtledive.com\/de\/#website"},"primaryImageOfPage":{"@id":"https:\/\/www.blackturtledive.com\/de\/padi-freediving-courses\/master-freediver\/#primaryimage"},"image":{"@id":"https:\/\/www.blackturtledive.com\/de\/padi-freediving-courses\/master-freediver\/#primaryimage"},"thumbnailUrl":"https:\/\/www.blackturtledive.com\/wp-content\/uploads\/2021\/03\/blackturtledive.com-padi-master-freediver-course-koh-tao.jpg","datePublished":"2021-03-25T10:51:01+00:00","dateModified":"2026-05-05T23:32:09+00:00","description":"Der PADI Master Freediver Kurs auf Koh Tao beweist Ihr Engagement und Ihre Leidenschaft f\u00fcr das Freitauchen und hebt Ihre pers\u00f6nlichen Leistungen auf ein h\u00f6heres Niveau.","breadcrumb":{"@id":"https:\/\/www.blackturtledive.com\/de\/padi-freediving-courses\/master-freediver\/#breadcrumb"},"inLanguage":"de","potentialAction":[{"@type":"ReadAction","target":["https:\/\/www.blackturtledive.com\/de\/padi-freediving-courses\/master-freediver\/"]}]},{"@type":"ImageObject","inLanguage":"de","@id":"https:\/\/www.blackturtledive.com\/de\/padi-freediving-courses\/master-freediver\/#primaryimage","url":"https:\/\/www.blackturtledive.com\/wp-content\/uploads\/2021\/03\/blackturtledive.com-padi-master-freediver-course-koh-tao.jpg","contentUrl":"https:\/\/www.blackturtledive.com\/wp-content\/uploads\/2021\/03\/blackturtledive.com-padi-master-freediver-course-koh-tao.jpg","width":979,"height":789,"caption":"PADI Master Freediver Course Koh Tao"},{"@type":"BreadcrumbList","@id":"https:\/\/www.blackturtledive.com\/de\/padi-freediving-courses\/master-freediver\/#breadcrumb","itemListElement":[{"@type":"ListItem","position":1,"name":"Home","item":"https:\/\/www.blackturtledive.com\/de\/"},{"@type":"ListItem","position":2,"name":"PADI Freitauchkurse","item":"https:\/\/www.blackturtledive.com\/de\/padi-freediving-courses\/"},{"@type":"ListItem","position":3,"name":"Master\u2011Freitaucher"}]},{"@type":"WebSite","@id":"https:\/\/www.blackturtledive.com\/de\/#website","url":"https:\/\/www.blackturtledive.com\/de\/","name":"Black Turtle Dive Koh Tao","description":"Ocean Explorers | Marine Protectors","publisher":{"@id":"https:\/\/www.blackturtledive.com\/de\/#organization"},"alternateName":"Black Turtle Dive in Thailand","potentialAction":[{"@type":"SearchAction","target":{"@type":"EntryPoint","urlTemplate":"https:\/\/www.blackturtledive.com\/de\/?s={search_term_string}"},"query-input":{"@type":"PropertyValueSpecification","valueRequired":true,"valueName":"search_term_string"}}],"inLanguage":"de"},{"@type":"Organization","@id":"https:\/\/www.blackturtledive.com\/de\/#organization","name":"Black Turtle Dive Koh Tao","alternateName":"Black Turtle Dive","url":"https:\/\/www.blackturtledive.com\/de\/","logo":{"@type":"ImageObject","inLanguage":"de","@id":"https:\/\/www.blackturtledive.com\/de\/#\/schema\/logo\/image\/","url":"https:\/\/www.blackturtledive.com\/wp-content\/uploads\/2020\/11\/cropped-blackturtledive.com-brand-logo.png","contentUrl":"https:\/\/www.blackturtledive.com\/wp-content\/uploads\/2020\/11\/cropped-blackturtledive.com-brand-logo.png","width":400,"height":400,"caption":"Black Turtle Dive Koh Tao"},"image":{"@id":"https:\/\/www.blackturtledive.com\/de\/#\/schema\/logo\/image\/"},"sameAs":["https:\/\/www.facebook.com\/blackturtledive","https:\/\/x.com\/blackturtledive","https:\/\/www.instagram.com\/blackturtledive\/","https:\/\/www.youtube.com\/blackturtledive","https:\/\/www.linkedin.com\/company\/blackturtledive\/","https:\/\/www.tumblr.com\/blackturtledive","https:\/\/www.pinterest.com\/blackturtledive\/","https:\/\/www.tiktok.com\/@blackturtledive","https:\/\/www.reddit.com\/user\/blackturtledive\/"],"description":"Black Turtle Dive is a modern and innovative 5 Star Career Development Scuba Diving Center, passionate about the ocean and through training we want to empower you to become a competent and confident scuba diver. Our diving courses equip you with the skills, knowledge and awareness necessary to explore the ocean safely, whilst becoming a passionate advocate and protector of the marine environment. If you have never dived before or are a certified diver and want to develop your skills further, our tailored, bespoke courses and programs will inspire you to become an Ocean advocate. Our scientific based Marine Conservation Internships and training programs, offer aspiring scuba divers and marine conservationists, the best marine conservation internships on Koh Tao. We currently offer students six levels of Marine Conservation Internships at our beachside location on Koh Tao in Thailand. Check out our website for more information.","email":"info@blackturtledive.com","telephone":"089 592 2134","legalName":"Black Turtle Dive Co Ltd","foundingDate":"2020-01-01","publishingPrinciples":"https:\/\/www.blackturtledive.com\/terms\/","ownershipFundingInfo":"https:\/\/www.blackturtledive.com\/terms\/","actionableFeedbackPolicy":"https:\/\/www.blackturtledive.com\/privacy-policy\/","correctionsPolicy":"https:\/\/www.blackturtledive.com\/privacy-policy\/","ethicsPolicy":"https:\/\/www.blackturtledive.com\/privacy-policy\/","diversityPolicy":"https:\/\/www.blackturtledive.com\/privacy-policy\/"}]}},"_links":{"self":[{"href":"https:\/\/www.blackturtledive.com\/de\/wp-json\/wp\/v2\/pages\/18562","targetHints":{"allow":["GET"]}}],"collection":[{"href":"https:\/\/www.blackturtledive.com\/de\/wp-json\/wp\/v2\/pages"}],"about":[{"href":"https:\/\/www.blackturtledive.com\/de\/wp-json\/wp\/v2\/types\/page"}],"author":[{"embeddable":true,"href":"https:\/\/www.blackturtledive.com\/de\/wp-json\/wp\/v2\/users\/2"}],"replies":[{"embeddable":true,"href":"https:\/\/www.blackturtledive.com\/de\/wp-json\/wp\/v2\/comments?post=18562"}],"version-history":[{"count":2,"href":"https:\/\/www.blackturtledive.com\/de\/wp-json\/wp\/v2\/pages\/18562\/revisions"}],"predecessor-version":[{"id":71356,"href":"https:\/\/www.blackturtledive.com\/de\/wp-json\/wp\/v2\/pages\/18562\/revisions\/71356"}],"up":[{"embeddable":true,"href":"https:\/\/www.blackturtledive.com\/de\/wp-json\/wp\/v2\/pages\/18566"}],"wp:featuredmedia":[{"embeddable":true,"href":"https:\/\/www.blackturtledive.com\/de\/wp-json\/wp\/v2\/media\/18390"}],"wp:attachment":[{"href":"https:\/\/www.blackturtledive.com\/de\/wp-json\/wp\/v2\/media?parent=18562"}],"curies":[{"name":"wp","href":"https:\/\/api.w.org\/{rel}","templated":true}]}}