{"id":18563,"date":"2021-03-25T17:50:25","date_gmt":"2021-03-25T10:50:25","guid":{"rendered":"https:\/\/www.blackturtledive.com\/advanced-freediver\/"},"modified":"2026-05-06T06:16:23","modified_gmt":"2026-05-05T23:16:23","slug":"advanced-freediver","status":"publish","type":"page","link":"https:\/\/www.blackturtledive.com\/de\/padi-freediving-courses\/advanced-freediver\/","title":{"rendered":"Fortgeschrittener Freitaucher"},"content":{"rendered":"<div class=\"wpb-content-wrapper\"><p>[vc_row][vc_column][vc_column_text css=&#8220;&#8220;]<\/p>\n<h3>PADI Advanced Freediver Kurs auf Koh Tao<\/h3>\n<p>Unser PADI Advanced Freediver Kurs richtet sich an Apnoetaucher, die ihr wachsendes <a href=\"https:\/\/www.blackturtledive.com\/padi-freediving-courses\/\">Interesse vertiefen<\/a> und ihre pers\u00f6nlichen Bestleistungen in Tiefe und Technik auf sichere und angenehme Weise erweitern m\u00f6chten.<\/p>\n<p>Unter Anleitung unseres erfahrenen Instruktors absolvierst du den Advanced Freediver Kurs erfolgreich in 3 Tagen und erzielst sp\u00fcrbare Fortschritte.<\/p>\n<h3><span style=\"color: #28d4ff;\">Werde Advanced PADI Freediver<\/span><\/h3>\n<p>Aufbauend auf dem PADI Freediver Kurs vertieft unser Advanced Freediver deine Ausbildung und Fertigkeiten \u2014 mit zahlreichen Tipps und Tricks, wie du dich am effektivsten verbessern kannst.<\/p>\n<p>Du kannst Atemanhaltezeiten von \u00fcber 2:30 Minuten erreichen und im Open Water Tiefen von mindestens 20 Metern erkunden.<\/p>\n<figure id=\"attachment_6381\" aria-describedby=\"caption-attachment-6381\" style=\"width: 1000px\" class=\"wp-caption alignnone\"><img decoding=\"async\" class=\"size-full wp-image-6381\" src=\"https:\/\/www.blackturtledive.com\/wp-content\/uploads\/2021\/03\/blackturtledive.com-padi-advanced-freediver-course-koh-tao.jpg\" alt=\"PADI Advanced Freediver\" width=\"1000\" height=\"745\" srcset=\"https:\/\/www.blackturtledive.com\/wp-content\/uploads\/2021\/03\/blackturtledive.com-padi-advanced-freediver-course-koh-tao.jpg 1000w, https:\/\/www.blackturtledive.com\/wp-content\/uploads\/2021\/03\/blackturtledive.com-padi-advanced-freediver-course-koh-tao-768x572.jpg 768w, https:\/\/www.blackturtledive.com\/wp-content\/uploads\/2021\/03\/blackturtledive.com-padi-advanced-freediver-course-koh-tao-150x112.jpg 150w\" sizes=\"(max-width: 1000px) 100vw, 1000px\" \/><figcaption id=\"caption-attachment-6381\" class=\"wp-caption-text\">PADI Advanced Freediver<\/figcaption><\/figure>\n<h3><span style=\"color: #28d4ff;\">So startest du den PADI Advanced Freediver Kurs<\/span><\/h3>\n<p>Der Advanced Freediving Kurs beginnt mit dem Ausf\u00fcllen des Anmeldeformulars und eines medizinischen Fragebogens \u2014 anschlie\u00dfend folgt die Theorie zu Physik und Physiologie.<\/p>\n<p><a class=\"fasc-button fasc-size-large fasc-type-glossy\" style=\"background-color: #208aae; color: #ffffff;\" href=\"https:\/\/www.blackturtledive.com\/diving-course-prices\/#freediving\">JETZT BUCHEN<\/a><\/p>\n<h3>Tag 1 \u2014 Vormittag: Klassenraum &amp; Theorie<\/h3>\n<p>Der Vormittag beginnt mit Knowledge Development und einer Theorie-Einheit, in der du die Anforderungen und Techniken des Advanced Freediver Kurses kennenlernst.<\/p>\n<p>Die Theorie deckt Themen wie Frenzel-Druckausgleich, fortgeschrittene Atemtechniken, Physiologie, CO2\/O2-Trainingstabellen sowie das eigenst\u00e4ndige Training nach Kursabschluss ab.<\/p>\n<h3>Nachmittag \u2014 Confined Water (Pool-Einheit)<\/h3>\n<p>In der nachmitt\u00e4glichen Confined-Water- (bzw. Pool-)Einheit \u00fcbst du das Atemanhalten unter der Anleitung unseres <a href=\"https:\/\/www.blackturtledive.com\/padi-freediving-courses\/freediving-instructor\/\">Freediving-Instruktors<\/a>.<\/p>\n<p>Du erzielst in diesem Kurs erhebliche Fortschritte beim Atemanhalten und wirst zudem in das dynamische Schwimmen ohne Flossen (Dynamic No Fins) eingef\u00fchrt \u2014 mit ausreichend \u00dcbungszeit.<\/p>\n<figure id=\"attachment_6387\" aria-describedby=\"caption-attachment-6387\" style=\"width: 1000px\" class=\"wp-caption alignnone\"><img decoding=\"async\" class=\"size-full wp-image-6387\" src=\"https:\/\/www.blackturtledive.com\/wp-content\/uploads\/2021\/03\/blackturtledive.com-padi-advanced-freediver-course-koh-tao-thailland.jpg\" alt=\"PADI Advanced Freediver - Entspannung &amp; Atmung\" width=\"1000\" height=\"763\" srcset=\"https:\/\/www.blackturtledive.com\/wp-content\/uploads\/2021\/03\/blackturtledive.com-padi-advanced-freediver-course-koh-tao-thailland.jpg 1000w, https:\/\/www.blackturtledive.com\/wp-content\/uploads\/2021\/03\/blackturtledive.com-padi-advanced-freediver-course-koh-tao-thailland-768x586.jpg 768w, https:\/\/www.blackturtledive.com\/wp-content\/uploads\/2021\/03\/blackturtledive.com-padi-advanced-freediver-course-koh-tao-thailland-150x114.jpg 150w\" sizes=\"(max-width: 1000px) 100vw, 1000px\" \/><figcaption id=\"caption-attachment-6387\" class=\"wp-caption-text\">PADI Advanced Freediver &#8211; Entspannung &amp; Atmung<\/figcaption><\/figure>\n<h3>Tag 2 \u2014 Vormittag: Confined Water (Pool)<\/h3>\n<p>Die Vormittags-Einheit am 2. Tag vertieft deine technischen Fertigkeiten und konzentriert sich auf die dynamische Apnoe \u2014 mit Flossenschlag, Gleiten sowie der Verbesserung deines Str\u00f6mungswiderstands und Trimms.<\/p>\n<p>Wenn du alle bisher gelernten Aspekte zusammenf\u00fchrst, kannst du Unterwasserdistanzen von rund 50 Metern erreichen.<\/p>\n<h3>Nachmittag \u2014 Open-Water-Trainingstauchgang 1<\/h3>\n<p>Selbstverst\u00e4ndlich werden die im Freediver Kurs erlernten Fertigkeiten im Advanced Kurs weiterentwickelt und verbessert, sobald die Trainings ins Open-Water-Umfeld an einem <a href=\"https:\/\/www.blackturtledive.com\/koh-tao\/\">Koh Tao<\/a> <a href=\"https:\/\/www.blackturtledive.com\/koh-tao-dive-sites\/\">Tauchplatz<\/a> verlagert werden.<\/p>\n<p>Unser Freediving-Instruktor \u00fcberpr\u00fcft deine Fertigkeiten und Techniken bei Flossenschlag und Druckausgleich und hilft dir, dein K\u00f6nnen zu verfeinern und auszubauen.<\/p>\n<h3>Tag 3 \u2014 Vormittag: Atmung &amp; Beweglichkeit<\/h3>\n<p>Die Bedeutung guter Atemtechniken zu verstehen und regelm\u00e4\u00dfige Stretching- und Flexibilit\u00e4tseinheiten in deine Apnoetauch-Routine einzubauen, hilft dir, deine Leistung zu maximieren.<\/p>\n<p>Unser Instruktor arbeitet mit dir an einer Ganzk\u00f6rper-Dehnroutine und f\u00fchrt dich in <a href=\"https:\/\/www.thefunkyturtle.com\/lifestyle\/health\/yoga-classes\/\" target=\"_blank\" rel=\"noopener\">Yoga-Techniken<\/a> ein, die dir helfen, deine Leistung im Apnoetauchen weiter zu steigern.<\/p>\n<h3>Nachmittag \u2014 Open-Water-Trainingstauchgang 2<\/h3>\n<p>Wenn du alle w\u00e4hrend des Kurses erworbenen F\u00e4higkeiten zusammenf\u00fchrst, gipfelt das Training in einem Tauchgang auf \u00fcber 20 Meter Tiefe.<\/p>\n<p>Zudem rettest du einen anderen Apnoetaucher aus 10 Metern Tiefe und bringst ihn unter Anwendung der korrekten Rettungsabl\u00e4ufe an die Oberfl\u00e4che.<\/p>\n<figure id=\"attachment_6378\" aria-describedby=\"caption-attachment-6378\" style=\"width: 900px\" class=\"wp-caption alignnone\"><img decoding=\"async\" class=\"size-full wp-image-6378\" src=\"https:\/\/www.blackturtledive.com\/wp-content\/uploads\/2021\/03\/blackturtledive.com-padi-advanced-freediving-course-koh-tao.jpg\" alt=\"PADI Advanced Freediver Kurs Koh Tao\" width=\"900\" height=\"507\" srcset=\"https:\/\/www.blackturtledive.com\/wp-content\/uploads\/2021\/03\/blackturtledive.com-padi-advanced-freediving-course-koh-tao.jpg 900w, https:\/\/www.blackturtledive.com\/wp-content\/uploads\/2021\/03\/blackturtledive.com-padi-advanced-freediving-course-koh-tao-768x433.jpg 768w, https:\/\/www.blackturtledive.com\/wp-content\/uploads\/2021\/03\/blackturtledive.com-padi-advanced-freediving-course-koh-tao-150x85.jpg 150w\" sizes=\"(max-width: 900px) 100vw, 900px\" \/><figcaption id=\"caption-attachment-6378\" class=\"wp-caption-text\">PADI Advanced Freediver Kurs Koh Tao<\/figcaption><\/figure>\n<p><a class=\"fasc-button fasc-size-large fasc-type-glossy\" style=\"background-color: #208aae; color: #ffffff;\" href=\"https:\/\/www.blackturtledive.com\/diving-course-prices\/#freediving\">JETZT BUCHEN<\/a><\/p>\n<h3>Anforderungen des PADI Advanced Freediver Kurses<\/h3>\n<ul>\n<li>Static Apnea: 2:30 Minuten<\/li>\n<li>Dynamic Apnea: 50 Meter<\/li>\n<li>Tiefe: 20-24 Meter<\/li>\n<li>Rettung eines anderen Apnoetauchers aus 10 Metern Tiefe<\/li>\n<\/ul>\n<figure id=\"attachment_6385\" aria-describedby=\"caption-attachment-6385\" style=\"width: 979px\" class=\"wp-caption alignnone\"><img decoding=\"async\" class=\"size-full wp-image-6385\" src=\"https:\/\/www.blackturtledive.com\/wp-content\/uploads\/2021\/03\/blackturtledive.com-advanced-freediver-course-on-koh-tao.jpg\" alt=\"PADI Advanced Freediver - Open Water\" width=\"979\" height=\"571\" srcset=\"https:\/\/www.blackturtledive.com\/wp-content\/uploads\/2021\/03\/blackturtledive.com-advanced-freediver-course-on-koh-tao.jpg 979w, https:\/\/www.blackturtledive.com\/wp-content\/uploads\/2021\/03\/blackturtledive.com-advanced-freediver-course-on-koh-tao-768x448.jpg 768w, https:\/\/www.blackturtledive.com\/wp-content\/uploads\/2021\/03\/blackturtledive.com-advanced-freediver-course-on-koh-tao-150x87.jpg 150w\" sizes=\"(max-width: 979px) 100vw, 979px\" \/><figcaption id=\"caption-attachment-6385\" class=\"wp-caption-text\">PADI Advanced Freediver &#8211; Open Water<\/figcaption><\/figure>\n<h3><span style=\"color: #28d4ff;\">Melde dich f\u00fcr den PADI Advanced Freediver Kurs auf Koh Tao an<\/span><\/h3>\n<p>F\u00fcr die Anmeldung zu unserem PADI Advanced Freediving Kurs musst du eine Freediver-Zertifizierung besitzen, mindestens 15 Jahre alt sein, bei guter Gesundheit und \u00fcber ausreichende<a href=\"https:\/\/www.blackturtledive.com\/experience-programs\/swimming-koh-tao\/\"> Schwimmkenntnisse<\/a> verf\u00fcgen.<\/p>\n<p>Der Advanced Freediver Kurs baut auf den im Freediver Kurs erlernten Fertigkeiten auf und hebt deine Apnoetauch-F\u00e4higkeiten auf die n\u00e4chste Stufe.<\/p>\n<p>Unser PADI Advanced Freediver Kurs ist eine ausgezeichnete Vorbereitung auf die n\u00e4chste Stufe im Apnoetauch-Curriculum: den <a href=\"https:\/\/www.blackturtledive.com\/padi-freediving-courses\/master-freediver\/\">PADI Master Freediver<\/a>.<\/p>\n<p>Mehr \u00fcber <a href=\"https:\/\/www.blackturtledive.com\/de\/\">unseren PADI Advanced Freediver Kurs<\/a> erf\u00e4hrst du, indem du <a href=\"https:\/\/www.blackturtledive.com\/contact-us\/\">uns eine Nachricht schreibst<\/a> \u2014 wir besprechen gerne deine Erwartungen und dein geplantes Anreisedatum.<\/p>\n<p><a class=\"fasc-button fasc-size-large fasc-type-glossy\" style=\"background-color: #208aae; color: #ffffff;\" href=\"https:\/\/www.blackturtledive.com\/diving-course-prices\/#freediving\">JETZT BUCHEN<\/a>[\/vc_column_text][\/vc_column][\/vc_row][vc_row][vc_column]<div class=\"section-wrap\"><h3 class=\"section-title\">H\u00e4ufig gestellte Fragen<\/h3><div class=\"faq-wrapper\"><div class=\"accordion-panel active\">\n                    <div class=\"panel-heading\">    \n                        <h3 class=\"panel-title\">\n                            Was ist der PADI Advanced Freediver Kurs auf Koh Tao?\n                        <\/h3>\n                    <\/div>\n                    <div class=\"panel-detail\">\n                        <p>Der PADI Advanced Freediver Kurs richtet sich an alle, die den Discover- und den Freediver-Kurs absolviert haben und ihre Apnoekenntnisse und -fertigkeiten weiterentwickeln m\u00f6chten.<\/p>\n<p>Der Kurs setzt sich aus Theorie, Confined Water und Open Water zusammen und kann in 3 Tagen abgeschlossen werden.<\/p>\n\n                    <\/div>\n                <\/div><div class=\"accordion-panel \">\n                    <div class=\"panel-heading\">    \n                        <h3 class=\"panel-title\">\n                            Was kostet der PADI Advanced Freediver Kurs auf Koh Tao?\n                        <\/h3>\n                    <\/div>\n                    <div class=\"panel-detail\">\n                        <p>Der PADI Advanced Freediver Kurs auf Koh Tao kostet 10.500 Baht \u2014 inklusive Handbuch, Ausr\u00fcstung und Zertifizierungsgeb\u00fchr.<\/p>\n<p>Der Advanced Freediver Kurs ist auf 3 Tage angelegt und eine ausgezeichnete M\u00f6glichkeit, dein Interesse am Apnoetauchen auch bei knappem Reiseplan zu vertiefen.<\/p>\n\n                    <\/div>\n                <\/div><div class=\"accordion-panel \">\n                    <div class=\"panel-heading\">    \n                        <h3 class=\"panel-title\">\n                            Was ist im PADI Advanced Freediving Kurs auf Koh Tao enthalten?\n                        <\/h3>\n                    <\/div>\n                    <div class=\"panel-detail\">\n                        <p>Der PADI Advanced Freediver Kurs umfasst die gesamte Ausr\u00fcstung, das Online-Apnoehandbuch, zwei Pool- (Confined-Water-)Einheiten, zwei Open-Water-Einheiten, Theorie, Stretching, Entspannung und die Zertifizierung.<\/p>\n<p>Die Gruppengr\u00f6\u00dfe betr\u00e4gt 2 Sch\u00fcler pro Instruktor \u2014 so erh\u00e4ltst du maximale individuelle Aufmerksamkeit und ein erstklassiges Apnoetauch-Erlebnis.<\/p>\n\n                    <\/div>\n                <\/div><div class=\"accordion-panel \">\n                    <div class=\"panel-heading\">    \n                        <h3 class=\"panel-title\">\n                            Wie lange dauert der PADI Advanced Freediving Kurs auf Koh Tao?\n                        <\/h3>\n                    <\/div>\n                    <div class=\"panel-detail\">\n                        <p>Unser PADI Advanced Freediver Kurs dauert 3 Tage und umfasst Theorie mit Stretching und Entspannung, zwei Confined-Water-Trainings (Pool) sowie zwei Open-Water-Einheiten.<\/p>\n<p>Je nachdem, wie lange du auf Koh Tao bleibst, kannst du nach Kursabschluss an Pool- oder Open-Water-Trainingseinheiten teilnehmen, um durch Praxis weitere Erfahrung zu sammeln.<\/p>\n\n                    <\/div>\n                <\/div><div class=\"accordion-panel \">\n                    <div class=\"panel-heading\">    \n                        <h3 class=\"panel-title\">\n                            Wie hoch ist das Mindestalter f\u00fcr den PADI Advanced Freediving Kurs auf Koh Tao?\n                        <\/h3>\n                    <\/div>\n                    <div class=\"panel-detail\">\n                        <p>Das Mindestalter f\u00fcr den PADI Advanced Freediver Kurs auf Koh Tao betr\u00e4gt 15 Jahre. Du musst bei guter Gesundheit sein und \u00fcber ausreichende Schwimmkenntnisse verf\u00fcgen.<\/p>\n<p>F\u00fcr die Anmeldung musst du eine Freediver-Zertifizierung besitzen und das Interesse haben, deine im Freediver Kurs erlernten F\u00e4higkeiten zu erweitern.<\/p>\n\n                    <\/div>\n                <\/div><\/div>\n                <\/div>[\/vc_column][\/vc_row]<\/p>\n<\/div>","protected":false},"excerpt":{"rendered":"<p>Unser PADI Advanced Freediver Kurs richtet sich an Freitaucher, die ihr wachsendes Interesse am Freitauchen vertiefen und ihre pers\u00f6nlichen Besttiefen und Freitauchf\u00e4higkeiten auf sichere und komfortable Weise erweitern m\u00f6chten.<\/p>\n","protected":false},"author":2,"featured_media":18381,"parent":18566,"menu_order":0,"comment_status":"closed","ping_status":"closed","template":"","meta":{"_acf_changed":false,"footnotes":""},"class_list":["post-18563","page","type-page","status-publish","has-post-thumbnail","hentry"],"acf":[],"yoast_head":"<!-- This site is optimized with the Yoast SEO Premium plugin v27.6 (Yoast SEO v27.6) - https:\/\/yoast.com\/product\/yoast-seo-premium-wordpress\/ -->\n<title>PADI Advanced Freediver Course Koh Tao | Black Turtle Dive<\/title>\n<meta name=\"description\" content=\"Der PADI Advanced Freediver Kurs auf Koh Tao richtet sich an Freitaucher, die ihr Interesse am Freitauchen vertiefen und ihre pers\u00f6nlichen Bestleistungen in Tiefen und Fertigkeiten erweitern m\u00f6chten.\" \/>\n<meta name=\"robots\" content=\"index, follow, max-snippet:-1, max-image-preview:large, max-video-preview:-1\" \/>\n<link rel=\"canonical\" href=\"https:\/\/www.blackturtledive.com\/de\/padi-freediving-courses\/advanced-freediver\/\" \/>\n<meta property=\"og:locale\" content=\"de_DE\" \/>\n<meta property=\"og:type\" content=\"article\" \/>\n<meta property=\"og:title\" content=\"PADI Advanced Freediver Course Koh Tao | Black Turtle Dive\" \/>\n<meta property=\"og:description\" content=\"PADI Advanced Freediver course Koh Tao is for freedivers who want to explore their interest in freediving and extend their personal best depths and skills\" \/>\n<meta property=\"og:url\" content=\"https:\/\/www.blackturtledive.com\/de\/padi-freediving-courses\/advanced-freediver\/\" \/>\n<meta property=\"og:site_name\" content=\"Black Turtle Dive Koh Tao\" \/>\n<meta property=\"article:publisher\" content=\"https:\/\/www.facebook.com\/blackturtledive\" \/>\n<meta property=\"article:modified_time\" content=\"2026-05-05T23:16:23+00:00\" \/>\n<meta property=\"og:image\" content=\"https:\/\/www.blackturtledive.com\/wp-content\/uploads\/2020\/11\/blackturtledive.com-best-padi-divemaster-course-koh-tao.jpg\" \/>\n\t<meta property=\"og:image:width\" content=\"1200\" \/>\n\t<meta property=\"og:image:height\" content=\"800\" \/>\n\t<meta property=\"og:image:type\" content=\"image\/jpeg\" \/>\n<meta name=\"twitter:card\" content=\"summary_large_image\" \/>\n<meta name=\"twitter:title\" content=\"PADI Advanced Freediver Course Koh Tao | Black Turtle Dive\" \/>\n<meta name=\"twitter:description\" content=\"PADI Advanced Freediver course Koh Tao is for freedivers who want to explore their interest in freediving and extend their personal best depths and skills\" \/>\n<meta name=\"twitter:image\" content=\"https:\/\/www.blackturtledive.com\/wp-content\/uploads\/2020\/11\/blackturtledive.com-best-padi-divemaster-course-koh-tao.jpg\" \/>\n<meta name=\"twitter:site\" content=\"@blackturtledive\" \/>\n<meta name=\"twitter:label1\" content=\"Gesch\u00e4tzte Lesezeit\" \/>\n\t<meta name=\"twitter:data1\" content=\"5\u00a0Minuten\" \/>\n<!-- \/ Yoast SEO Premium plugin. -->","yoast_head_json":{"title":"PADI Advanced Freediver Course Koh Tao | Black Turtle Dive","description":"Der PADI Advanced Freediver Kurs auf Koh Tao richtet sich an Freitaucher, die ihr Interesse am Freitauchen vertiefen und ihre pers\u00f6nlichen Bestleistungen in Tiefen und Fertigkeiten erweitern m\u00f6chten.","robots":{"index":"index","follow":"follow","max-snippet":"max-snippet:-1","max-image-preview":"max-image-preview:large","max-video-preview":"max-video-preview:-1"},"canonical":"https:\/\/www.blackturtledive.com\/de\/padi-freediving-courses\/advanced-freediver\/","og_locale":"de_DE","og_type":"article","og_title":"PADI Advanced Freediver Course Koh Tao | Black Turtle Dive","og_description":"PADI Advanced Freediver course Koh Tao is for freedivers who want to explore their interest in freediving and extend their personal best depths and skills","og_url":"https:\/\/www.blackturtledive.com\/de\/padi-freediving-courses\/advanced-freediver\/","og_site_name":"Black Turtle Dive Koh Tao","article_publisher":"https:\/\/www.facebook.com\/blackturtledive","article_modified_time":"2026-05-05T23:16:23+00:00","og_image":[{"width":1200,"height":800,"url":"https:\/\/www.blackturtledive.com\/wp-content\/uploads\/2020\/11\/blackturtledive.com-best-padi-divemaster-course-koh-tao.jpg","type":"image\/jpeg"}],"twitter_card":"summary_large_image","twitter_title":"PADI Advanced Freediver Course Koh Tao | Black Turtle Dive","twitter_description":"PADI Advanced Freediver course Koh Tao is for freedivers who want to explore their interest in freediving and extend their personal best depths and skills","twitter_image":"https:\/\/www.blackturtledive.com\/wp-content\/uploads\/2020\/11\/blackturtledive.com-best-padi-divemaster-course-koh-tao.jpg","twitter_site":"@blackturtledive","twitter_misc":{"Gesch\u00e4tzte Lesezeit":"5\u00a0Minuten"},"schema":{"@context":"https:\/\/schema.org","@graph":[{"@type":"WebPage","@id":"https:\/\/www.blackturtledive.com\/de\/padi-freediving-courses\/advanced-freediver\/","url":"https:\/\/www.blackturtledive.com\/de\/padi-freediving-courses\/advanced-freediver\/","name":"PADI Advanced Freediver Course Koh Tao | Black Turtle Dive","isPartOf":{"@id":"https:\/\/www.blackturtledive.com\/de\/#website"},"primaryImageOfPage":{"@id":"https:\/\/www.blackturtledive.com\/de\/padi-freediving-courses\/advanced-freediver\/#primaryimage"},"image":{"@id":"https:\/\/www.blackturtledive.com\/de\/padi-freediving-courses\/advanced-freediver\/#primaryimage"},"thumbnailUrl":"https:\/\/www.blackturtledive.com\/wp-content\/uploads\/2021\/03\/blackturtledive.com-padi-advanced-freediving-course-koh-tao.jpg","datePublished":"2021-03-25T10:50:25+00:00","dateModified":"2026-05-05T23:16:23+00:00","description":"Der PADI Advanced Freediver Kurs auf Koh Tao richtet sich an Freitaucher, die ihr Interesse am Freitauchen vertiefen und ihre pers\u00f6nlichen Bestleistungen in Tiefen und Fertigkeiten erweitern m\u00f6chten.","breadcrumb":{"@id":"https:\/\/www.blackturtledive.com\/de\/padi-freediving-courses\/advanced-freediver\/#breadcrumb"},"inLanguage":"de","potentialAction":[{"@type":"ReadAction","target":["https:\/\/www.blackturtledive.com\/de\/padi-freediving-courses\/advanced-freediver\/"]}]},{"@type":"ImageObject","inLanguage":"de","@id":"https:\/\/www.blackturtledive.com\/de\/padi-freediving-courses\/advanced-freediver\/#primaryimage","url":"https:\/\/www.blackturtledive.com\/wp-content\/uploads\/2021\/03\/blackturtledive.com-padi-advanced-freediving-course-koh-tao.jpg","contentUrl":"https:\/\/www.blackturtledive.com\/wp-content\/uploads\/2021\/03\/blackturtledive.com-padi-advanced-freediving-course-koh-tao.jpg","width":900,"height":507,"caption":"PADI Advanced Freediver Course Koh Tao"},{"@type":"BreadcrumbList","@id":"https:\/\/www.blackturtledive.com\/de\/padi-freediving-courses\/advanced-freediver\/#breadcrumb","itemListElement":[{"@type":"ListItem","position":1,"name":"Home","item":"https:\/\/www.blackturtledive.com\/de\/"},{"@type":"ListItem","position":2,"name":"PADI Freitauchkurse","item":"https:\/\/www.blackturtledive.com\/de\/padi-freediving-courses\/"},{"@type":"ListItem","position":3,"name":"Fortgeschrittener Freitaucher"}]},{"@type":"WebSite","@id":"https:\/\/www.blackturtledive.com\/de\/#website","url":"https:\/\/www.blackturtledive.com\/de\/","name":"Black Turtle Dive Koh Tao","description":"Ocean Explorers | Marine Protectors","publisher":{"@id":"https:\/\/www.blackturtledive.com\/de\/#organization"},"alternateName":"Black Turtle Dive in Thailand","potentialAction":[{"@type":"SearchAction","target":{"@type":"EntryPoint","urlTemplate":"https:\/\/www.blackturtledive.com\/de\/?s={search_term_string}"},"query-input":{"@type":"PropertyValueSpecification","valueRequired":true,"valueName":"search_term_string"}}],"inLanguage":"de"},{"@type":"Organization","@id":"https:\/\/www.blackturtledive.com\/de\/#organization","name":"Black Turtle Dive Koh Tao","alternateName":"Black Turtle Dive","url":"https:\/\/www.blackturtledive.com\/de\/","logo":{"@type":"ImageObject","inLanguage":"de","@id":"https:\/\/www.blackturtledive.com\/de\/#\/schema\/logo\/image\/","url":"https:\/\/www.blackturtledive.com\/wp-content\/uploads\/2020\/11\/cropped-blackturtledive.com-brand-logo.png","contentUrl":"https:\/\/www.blackturtledive.com\/wp-content\/uploads\/2020\/11\/cropped-blackturtledive.com-brand-logo.png","width":400,"height":400,"caption":"Black Turtle Dive Koh Tao"},"image":{"@id":"https:\/\/www.blackturtledive.com\/de\/#\/schema\/logo\/image\/"},"sameAs":["https:\/\/www.facebook.com\/blackturtledive","https:\/\/x.com\/blackturtledive","https:\/\/www.instagram.com\/blackturtledive\/","https:\/\/www.youtube.com\/blackturtledive","https:\/\/www.linkedin.com\/company\/blackturtledive\/","https:\/\/www.tumblr.com\/blackturtledive","https:\/\/www.pinterest.com\/blackturtledive\/","https:\/\/www.tiktok.com\/@blackturtledive","https:\/\/www.reddit.com\/user\/blackturtledive\/"],"description":"Black Turtle Dive is a modern and innovative 5 Star Career Development Scuba Diving Center, passionate about the ocean and through training we want to empower you to become a competent and confident scuba diver. Our diving courses equip you with the skills, knowledge and awareness necessary to explore the ocean safely, whilst becoming a passionate advocate and protector of the marine environment. If you have never dived before or are a certified diver and want to develop your skills further, our tailored, bespoke courses and programs will inspire you to become an Ocean advocate. Our scientific based Marine Conservation Internships and training programs, offer aspiring scuba divers and marine conservationists, the best marine conservation internships on Koh Tao. We currently offer students six levels of Marine Conservation Internships at our beachside location on Koh Tao in Thailand. Check out our website for more information.","email":"info@blackturtledive.com","telephone":"089 592 2134","legalName":"Black Turtle Dive Co Ltd","foundingDate":"2020-01-01","publishingPrinciples":"https:\/\/www.blackturtledive.com\/terms\/","ownershipFundingInfo":"https:\/\/www.blackturtledive.com\/terms\/","actionableFeedbackPolicy":"https:\/\/www.blackturtledive.com\/privacy-policy\/","correctionsPolicy":"https:\/\/www.blackturtledive.com\/privacy-policy\/","ethicsPolicy":"https:\/\/www.blackturtledive.com\/privacy-policy\/","diversityPolicy":"https:\/\/www.blackturtledive.com\/privacy-policy\/"}]}},"_links":{"self":[{"href":"https:\/\/www.blackturtledive.com\/de\/wp-json\/wp\/v2\/pages\/18563","targetHints":{"allow":["GET"]}}],"collection":[{"href":"https:\/\/www.blackturtledive.com\/de\/wp-json\/wp\/v2\/pages"}],"about":[{"href":"https:\/\/www.blackturtledive.com\/de\/wp-json\/wp\/v2\/types\/page"}],"author":[{"embeddable":true,"href":"https:\/\/www.blackturtledive.com\/de\/wp-json\/wp\/v2\/users\/2"}],"replies":[{"embeddable":true,"href":"https:\/\/www.blackturtledive.com\/de\/wp-json\/wp\/v2\/comments?post=18563"}],"version-history":[{"count":2,"href":"https:\/\/www.blackturtledive.com\/de\/wp-json\/wp\/v2\/pages\/18563\/revisions"}],"predecessor-version":[{"id":71337,"href":"https:\/\/www.blackturtledive.com\/de\/wp-json\/wp\/v2\/pages\/18563\/revisions\/71337"}],"up":[{"embeddable":true,"href":"https:\/\/www.blackturtledive.com\/de\/wp-json\/wp\/v2\/pages\/18566"}],"wp:featuredmedia":[{"embeddable":true,"href":"https:\/\/www.blackturtledive.com\/de\/wp-json\/wp\/v2\/media\/18381"}],"wp:attachment":[{"href":"https:\/\/www.blackturtledive.com\/de\/wp-json\/wp\/v2\/media?parent=18563"}],"curies":[{"name":"wp","href":"https:\/\/api.w.org\/{rel}","templated":true}]}}