{"id":18564,"date":"2021-03-25T17:48:41","date_gmt":"2021-03-25T10:48:41","guid":{"rendered":"https:\/\/www.blackturtledive.com\/freediver\/"},"modified":"2026-05-06T06:23:08","modified_gmt":"2026-05-05T23:23:08","slug":"freediver","status":"publish","type":"page","link":"https:\/\/www.blackturtledive.com\/de\/padi-freediving-courses\/freediver\/","title":{"rendered":"Freitaucher"},"content":{"rendered":"<div class=\"wpb-content-wrapper\"><p>[vc_row][vc_column][vc_column_text]<\/p>\n<h3>Bester PADI Freediver Kurs auf Koh Tao<\/h3>\n<p>Unser PADI Freediver Kurs ist der n\u00e4chste Schritt nach deinem Einstieg \u00fcber den <a href=\"https:\/\/www.blackturtledive.com\/padi-freediving-courses\/discover-freediving\/\">Discover Freediving Kurs<\/a> und der erste richtige Schritt in die Welt des Apnoetauchens.<\/p>\n<p>Der PADI Freediver Kurs dauert 2 oder 3 Tage und gliedert sich in drei Abschnitte: Theorie, Pool- (bzw. Confined-Water-)Training und Einheiten im Meer.<\/p>\n<p>Unsere Freediving-Instruktoren passen sich deinem <a href=\"https:\/\/www.blackturtledive.com\/koh-tao\/how-to-get-to-koh-tao\/\">pers\u00f6nlichen Reiseplan<\/a> an und bieten dir die individuelle Betreuung, die du ben\u00f6tigst, um die Kursanforderungen zu erf\u00fcllen.<\/p>\n<figure id=\"attachment_6369\" aria-describedby=\"caption-attachment-6369\" style=\"width: 1000px\" class=\"wp-caption alignnone\"><img decoding=\"async\" class=\"size-full wp-image-6369\" src=\"https:\/\/www.blackturtledive.com\/wp-content\/uploads\/2021\/03\/blackturtledive.com-best-padi-freediver-course-koh-tao.jpg\" alt=\"PADI Freediver Kurs\" width=\"1000\" height=\"784\" srcset=\"https:\/\/www.blackturtledive.com\/wp-content\/uploads\/2021\/03\/blackturtledive.com-best-padi-freediver-course-koh-tao.jpg 1000w, https:\/\/www.blackturtledive.com\/wp-content\/uploads\/2021\/03\/blackturtledive.com-best-padi-freediver-course-koh-tao-768x602.jpg 768w, https:\/\/www.blackturtledive.com\/wp-content\/uploads\/2021\/03\/blackturtledive.com-best-padi-freediver-course-koh-tao-150x118.jpg 150w\" sizes=\"(max-width: 1000px) 100vw, 1000px\" \/><figcaption id=\"caption-attachment-6369\" class=\"wp-caption-text\">PADI Freediver Kurs<\/figcaption><\/figure>\n<h3>So startest du den PADI Freediver Kurs<\/h3>\n<p>Wie bei allen unseren <a href=\"https:\/\/www.blackturtledive.com\/padi-freediving-courses\/\">Apnoetauchkursen<\/a> beginnt auch dieser Kurs mit einem Anmeldeformular und einem medizinischen Fragebogen \u2014 gefolgt von Theorie zu Physik und Physiologie.<\/p>\n<p>Die Theorie-Einheit f\u00fchrt dich zudem in fortgeschrittene Druckausgleichs-, Entspannungs- und Atemtechniken ein \u2014 einschlie\u00dflich praktischer Frenzel-\u00dcbungen.<\/p>\n<p>Das Lernen anhand der Theoriematerialien und das Verstehen der theoretischen Inhalte ist ein sehr wichtiger Teil des <span style=\"color: #28d4ff;\">Apnoetauchens<\/span> \u2014 du hast ausreichend Zeit, Fragen zu stellen und Techniken zu \u00fcben.<\/p>\n<p><a class=\"fasc-button fasc-size-large fasc-type-glossy\" style=\"background-color: #208aae; color: #ffffff;\" href=\"https:\/\/www.blackturtledive.com\/diving-course-prices\/#freediving\">JETZT BUCHEN<\/a><\/p>\n<h3>Den PADI Freediver Kurs auf Koh Tao lernen<\/h3>\n<p>Der PADI Freediver Kurs umfasst eine Theorie-Einheit, zwei Confined-Water- (bzw. Pool-)Einheiten und zwei Freitauchg\u00e4nge im Meer unter der Anleitung deines <a href=\"https:\/\/www.blackturtledive.com\/padi-freediving-courses\/freediving-instructor\/\">Freediving-Instruktors<\/a>.<\/p>\n<p>Die Gruppengr\u00f6\u00dfe ist auf 3 Sch\u00fcler begrenzt \u2014 in der Regel halten wir die Freediver-Gruppen jedoch auf 2 Personen pro Instruktor.<\/p>\n<p>In unserer ersten Wasser-Einheit \u00fcben wir die Atmung und du lernst, wie du sicher unter Wasser die Luft anh\u00e4ltst.<\/p>\n<p>Viele unserer Sch\u00fcler sind \u00fcberrascht, wie gut sie schon in dieser fr\u00fchen Trainingsphase die Luft anhalten k\u00f6nnen \u2014 unter Aufsicht erreichen viele rund 90 Sekunden oder mehr.<\/p>\n<figure id=\"attachment_6371\" aria-describedby=\"caption-attachment-6371\" style=\"width: 750px\" class=\"wp-caption alignnone\"><img decoding=\"async\" class=\"size-full wp-image-6371\" src=\"https:\/\/www.blackturtledive.com\/wp-content\/uploads\/2021\/03\/blackturtledive.com-padi-freedivercourse-koh-tao.jpg\" alt=\"Lerne Apnoetauchen im Open Water\" width=\"750\" height=\"750\" srcset=\"https:\/\/www.blackturtledive.com\/wp-content\/uploads\/2021\/03\/blackturtledive.com-padi-freedivercourse-koh-tao.jpg 750w, https:\/\/www.blackturtledive.com\/wp-content\/uploads\/2021\/03\/blackturtledive.com-padi-freedivercourse-koh-tao-150x150.jpg 150w, https:\/\/www.blackturtledive.com\/wp-content\/uploads\/2021\/03\/blackturtledive.com-padi-freedivercourse-koh-tao-640x640.jpg 640w, https:\/\/www.blackturtledive.com\/wp-content\/uploads\/2021\/03\/blackturtledive.com-padi-freedivercourse-koh-tao-96x96.jpg 96w\" sizes=\"(max-width: 750px) 100vw, 750px\" \/><figcaption id=\"caption-attachment-6371\" class=\"wp-caption-text\">Lerne Apnoetauchen im Open Water<\/figcaption><\/figure>\n<h3>Open-Water-Einheiten im Freediver Kurs<\/h3>\n<p>In der zweiten Confined-Water-Einheit lernen die Sch\u00fcler den Umgang mit langen Apnoeflossen, das Unterwasser-Schwimmen mit diesen sowie die Vertiefung der Rettungs- und Sicherheitsfertigkeiten.<\/p>\n<p>Im PADI Freediver Kurs gibt es zwei <a href=\"https:\/\/www.blackturtledive.com\/padi-diving-courses\/open-water-course\/\">Open-Water<\/a>-Einheiten \u2014 du lernst das Apnoetauchen mit Free-Immersion- und Konstantgewicht-Techniken.<\/p>\n<p>Free Immersion bedeutet, dass du dich an einer Leine in die Tiefe ziehst \u2014 Konstantgewicht hingegen konzentriert sich auf den Flossenschlag.<\/p>\n<p>Dein Lernfortschritt im Open Water erfolgt schrittweise: Du beginnst mit flachen Tauchg\u00e4ngen in 1-2 Meter Tiefe und steigerst deine Tiefe nach jedem erfolgreichen Versuch langsam.<\/p>\n<figure id=\"attachment_6373\" aria-describedby=\"caption-attachment-6373\" style=\"width: 1000px\" class=\"wp-caption alignnone\"><img decoding=\"async\" class=\"size-full wp-image-6373\" src=\"https:\/\/www.blackturtledive.com\/wp-content\/uploads\/2021\/03\/blackturtledive.com-padi-freediver-course-koh-tao-thailand.jpg\" alt=\"Lerne Streamlining als PADI Freediver\" width=\"1000\" height=\"997\" srcset=\"https:\/\/www.blackturtledive.com\/wp-content\/uploads\/2021\/03\/blackturtledive.com-padi-freediver-course-koh-tao-thailand.jpg 1000w, https:\/\/www.blackturtledive.com\/wp-content\/uploads\/2021\/03\/blackturtledive.com-padi-freediver-course-koh-tao-thailand-150x150.jpg 150w, https:\/\/www.blackturtledive.com\/wp-content\/uploads\/2021\/03\/blackturtledive.com-padi-freediver-course-koh-tao-thailand-768x766.jpg 768w, https:\/\/www.blackturtledive.com\/wp-content\/uploads\/2021\/03\/blackturtledive.com-padi-freediver-course-koh-tao-thailand-96x96.jpg 96w\" sizes=\"(max-width: 1000px) 100vw, 1000px\" \/><figcaption id=\"caption-attachment-6373\" class=\"wp-caption-text\">Lerne Streamlining als PADI Freediver<\/figcaption><\/figure>\n<p><a class=\"fasc-button fasc-size-large fasc-type-glossy\" style=\"background-color: #208aae; color: #ffffff;\" href=\"https:\/\/www.blackturtledive.com\/diving-course-prices\/#freediving\">JETZT BUCHEN<\/a><\/p>\n<h3>Erweitere deine pers\u00f6nlichen Grenzen<\/h3>\n<p>Unter Anleitung deines Freediving-Instruktors steigerst du deine Tiefe langsam, sicher und entspannt.<\/p>\n<p>Ziel des <a href=\"https:\/\/www.thefunkyturtle.com\/freediving\/\" target=\"_blank\" rel=\"noopener\">PADI Freediver Kurses<\/a> ist es, Maximaltiefen zwischen 10 und 16 Metern in der Konstantgewicht-Disziplin zu erreichen.<\/p>\n<p>Zu den Kursanforderungen geh\u00f6rt die Rettung eines anderen Apnoetauchers aus 5 Metern Tiefe unter Einhaltung der korrekten Abl\u00e4ufe.<\/p>\n<h3>Anforderungen des PADI Freediver Kurses<\/h3>\n<ul>\n<li>Static Apnea: 1:30 Minuten<\/li>\n<li>Dynamic Apnea: 25 Meter<\/li>\n<li>Tiefe: 10-16 Meter<\/li>\n<li>Rettung eines anderen Apnoetauchers aus 5 Metern Tiefe<\/li>\n<\/ul>\n<p>Zwischen Theorie, Confined Water und Open Water erh\u00e4ltst du Training in Entspannungs- und Meditationstechniken, die dir helfen, unter Wasser ruhig zu bleiben.<\/p>\n<figure id=\"attachment_6375\" aria-describedby=\"caption-attachment-6375\" style=\"width: 732px\" class=\"wp-caption alignnone\"><img decoding=\"async\" class=\"size-full wp-image-6375\" src=\"https:\/\/www.blackturtledive.com\/wp-content\/uploads\/2021\/03\/blackturtledive.com-freediver-course-koh-tao-in-thailand.jpg\" alt=\"PADI Freediver Koh Tao\" width=\"732\" height=\"732\" srcset=\"https:\/\/www.blackturtledive.com\/wp-content\/uploads\/2021\/03\/blackturtledive.com-freediver-course-koh-tao-in-thailand.jpg 732w, https:\/\/www.blackturtledive.com\/wp-content\/uploads\/2021\/03\/blackturtledive.com-freediver-course-koh-tao-in-thailand-150x150.jpg 150w, https:\/\/www.blackturtledive.com\/wp-content\/uploads\/2021\/03\/blackturtledive.com-freediver-course-koh-tao-in-thailand-640x640.jpg 640w, https:\/\/www.blackturtledive.com\/wp-content\/uploads\/2021\/03\/blackturtledive.com-freediver-course-koh-tao-in-thailand-96x96.jpg 96w\" sizes=\"(max-width: 732px) 100vw, 732px\" \/><figcaption id=\"caption-attachment-6375\" class=\"wp-caption-text\">PADI Freediver Koh Tao<\/figcaption><\/figure>\n<h3>Melde dich f\u00fcr den PADI Freediver Kurs an<\/h3>\n<p>Um dich f\u00fcr unseren PADI Freediving Kurs anzumelden, musst du mindestens 15 Jahre alt sein, bei guter Gesundheit und \u00fcber ausreichende <a href=\"https:\/\/www.blackturtledive.com\/experience-programs\/swimming-koh-tao\/\">Schwimmkenntnisse<\/a> verf\u00fcgen.<\/p>\n<p>Der Freediver Kurs ist ideal f\u00fcr Einsteiger, um auf die Erfahrungen aus dem Discover-Kurs aufzubauen \u2014 und eine ausgezeichnete Grundlage f\u00fcr den anschlie\u00dfenden PADI <a href=\"https:\/\/www.blackturtledive.com\/padi-freediving-courses\/advanced-freediver\/\">Advanced Freediver Kurs<\/a>.<\/p>\n<p>Mehr \u00fcber <a href=\"https:\/\/www.blackturtledive.com\/de\/\">unseren PADI Freediver Kurs<\/a> erf\u00e4hrst du, indem du <a href=\"https:\/\/www.blackturtledive.com\/contact-us\/\">uns eine Nachricht schreibst<\/a> \u2014 wir besprechen gerne deine Erwartungen und dein geplantes Anreisedatum.<\/p>\n<p><a class=\"fasc-button fasc-size-large fasc-type-glossy\" style=\"background-color: #208aae; color: #ffffff;\" href=\"https:\/\/www.blackturtledive.com\/diving-course-prices\/#freediving\">JETZT BUCHEN<\/a>[\/vc_column_text][\/vc_column][\/vc_row][vc_row][vc_column]<div class=\"section-wrap\"><h3 class=\"section-title\">H\u00e4ufig gestellte Fragen<\/h3><div class=\"faq-wrapper\"><div class=\"accordion-panel active\">\n                    <div class=\"panel-heading\">    \n                        <h3 class=\"panel-title\">\n                            Was ist der PADI Freediver Kurs auf Koh Tao?\n                        <\/h3>\n                    <\/div>\n                    <div class=\"panel-detail\">\n                        <p>Der PADI Freediver Kurs ist die erste Stufe im Apnoetauchen nach dem Discover Freediving Einsteigerkurs. Der Freediver Kurs umfasst eine Theorie-Einheit, 2 Confined-Water- (bzw. Pool-)Einheiten und 2 Open-Water-Einheiten im Meer.<\/p>\n<p>Der PADI Freediver Kurs beinhaltet au\u00dferdem die Zertifizierung, mit der du gemeinsam mit einem Buddy im Pool oder im Meer Apnoetauchen darfst.<\/p>\n\n                    <\/div>\n                <\/div><div class=\"accordion-panel \">\n                    <div class=\"panel-heading\">    \n                        <h3 class=\"panel-title\">\n                            Was kostet der PADI Freediver Kurs auf Koh Tao?\n                        <\/h3>\n                    <\/div>\n                    <div class=\"panel-detail\">\n                        <p>Der PADI Freediver Kurs auf Koh Tao kostet 8.000 Baht \u2014 inklusive Handbuch, Ausr\u00fcstung und Zertifizierungsgeb\u00fchr.<\/p>\n<p>Der Freediver Kurs ist auf 3 Tage angelegt und kann je nach Reiseplan und Itinerar auf 2 Tage verk\u00fcrzt werden.<\/p>\n\n                    <\/div>\n                <\/div><div class=\"accordion-panel \">\n                    <div class=\"panel-heading\">    \n                        <h3 class=\"panel-title\">\n                            Was ist im PADI Freediver Kurs auf Koh Tao enthalten?\n                        <\/h3>\n                    <\/div>\n                    <div class=\"panel-detail\">\n                        <p>Der PADI Freediver Kurs umfasst die gesamte Ausr\u00fcstung, das Online-Apnoehandbuch, zwei Pool- (Confined-Water-)Einheiten, zwei Open-Water-Einheiten, Theorie und Entspannung, eine Stretching- und Atemeinheit sowie die Zertifizierung.<\/p>\n<p>Wir stellen dir die gesamte Apnoeausr\u00fcstung zur Verf\u00fcgung, die du zum erfolgreichen Abschluss des Freediver Kurses ben\u00f6tigst.<\/p>\n\n                    <\/div>\n                <\/div><div class=\"accordion-panel \">\n                    <div class=\"panel-heading\">    \n                        <h3 class=\"panel-title\">\n                            Wie lange dauert der PADI Freediver Kurs auf Koh Tao?\n                        <\/h3>\n                    <\/div>\n                    <div class=\"panel-detail\">\n                        <p>Unser PADI Freediver Kurs l\u00e4sst sich bei knappem Zeitplan in zwei Tagen absolvieren \u2014 oder wir verteilen ihn auf 3 Tage, sodass du den Kurs entspannter angehen kannst.<\/p>\n<p>Zum Abschluss des Kurses nimmst du an einer Theorie-Pr\u00e4sentation, einem Stretching-, Entspannungs- und Atem-Workshop sowie zwei Confined-Water-Einheiten und zwei Open-Water-Einheiten teil.<\/p>\n\n                    <\/div>\n                <\/div><div class=\"accordion-panel \">\n                    <div class=\"panel-heading\">    \n                        <h3 class=\"panel-title\">\n                            Wie hoch ist das Mindestalter f\u00fcr den PADI Freediver Kurs auf Koh Tao?\n                        <\/h3>\n                    <\/div>\n                    <div class=\"panel-detail\">\n                        <p>Das Mindestalter f\u00fcr den PADI Freediver Kurs auf Koh Tao betr\u00e4gt 15 Jahre. Du musst bei guter Gesundheit sein und \u00fcber ausreichende Schwimmkenntnisse verf\u00fcgen.<\/p>\n<p>Unser PADI Freediver Kurs steht allen Sch\u00fclern offen, die die Alters- und Gesundheitsanforderungen erf\u00fcllen und Interesse am Apnoetauchen haben.<\/p>\n\n                    <\/div>\n                <\/div><\/div>\n                <\/div>[\/vc_column][\/vc_row]<\/p>\n<\/div>","protected":false},"excerpt":{"rendered":"<p>Der PADI Freediver Kurs dauert 2 oder 3 Tage und ist in 3 Abschnitte unterteilt: Theorie, Pooltraining (oder Training im begrenzten Wasser) und Training im Meer.<\/p>\n","protected":false},"author":2,"featured_media":18375,"parent":18566,"menu_order":0,"comment_status":"closed","ping_status":"closed","template":"","meta":{"_acf_changed":false,"footnotes":""},"class_list":["post-18564","page","type-page","status-publish","has-post-thumbnail","hentry"],"acf":[],"yoast_head":"<!-- This site is optimized with the Yoast SEO Premium plugin v27.6 (Yoast SEO v27.6) - https:\/\/yoast.com\/product\/yoast-seo-premium-wordpress\/ -->\n<title>PADI Freediver Course auf Koh Tao | Black Turtle Dive<\/title>\n<meta name=\"description\" content=\"Der PADI Freediver-Kurs auf Koh Tao dauert 2 oder 3 Tage und ist in 3 Abschnitte unterteilt: Theorie, Pooltraining (oder Training im begrenzten Wasser) und Training im Meer.\" \/>\n<meta name=\"robots\" content=\"index, follow, max-snippet:-1, max-image-preview:large, max-video-preview:-1\" \/>\n<link rel=\"canonical\" href=\"https:\/\/www.blackturtledive.com\/de\/padi-freediving-courses\/freediver\/\" \/>\n<meta property=\"og:locale\" content=\"de_DE\" \/>\n<meta property=\"og:type\" content=\"article\" \/>\n<meta property=\"og:title\" content=\"PADI Freediver Course Koh Tao | Black Turtle Dive\" \/>\n<meta property=\"og:description\" content=\"PADI Freediver course on Koh Tao takes 2 or 3 days and is divided into 3 sections including theory, pool (or confined water) training and in the ocean.\" \/>\n<meta property=\"og:url\" content=\"https:\/\/www.blackturtledive.com\/de\/padi-freediving-courses\/freediver\/\" \/>\n<meta property=\"og:site_name\" content=\"Black Turtle Dive Koh Tao\" \/>\n<meta property=\"article:publisher\" content=\"https:\/\/www.facebook.com\/blackturtledive\" \/>\n<meta property=\"article:modified_time\" content=\"2026-05-05T23:23:08+00:00\" \/>\n<meta property=\"og:image\" content=\"https:\/\/www.blackturtledive.com\/wp-content\/uploads\/2020\/11\/blackturtledive.com-best-padi-divemaster-course-koh-tao.jpg\" \/>\n\t<meta property=\"og:image:width\" content=\"1200\" \/>\n\t<meta property=\"og:image:height\" content=\"800\" \/>\n\t<meta property=\"og:image:type\" content=\"image\/jpeg\" \/>\n<meta name=\"twitter:card\" content=\"summary_large_image\" \/>\n<meta name=\"twitter:title\" content=\"PADI Freediver Course Koh Tao | Black Turtle Dive\" \/>\n<meta name=\"twitter:description\" content=\"PADI Freediver course on Koh Tao takes 2 or 3 days and is divided into 3 sections including theory, pool (or confined water) training and in the ocean.\" \/>\n<meta name=\"twitter:image\" content=\"https:\/\/www.blackturtledive.com\/wp-content\/uploads\/2020\/11\/blackturtledive.com-best-padi-divemaster-course-koh-tao.jpg\" \/>\n<meta name=\"twitter:site\" content=\"@blackturtledive\" \/>\n<meta name=\"twitter:label1\" content=\"Gesch\u00e4tzte Lesezeit\" \/>\n\t<meta name=\"twitter:data1\" content=\"5\u00a0Minuten\" \/>\n<!-- \/ Yoast SEO Premium plugin. -->","yoast_head_json":{"title":"PADI Freediver Course auf Koh Tao | Black Turtle Dive","description":"Der PADI Freediver-Kurs auf Koh Tao dauert 2 oder 3 Tage und ist in 3 Abschnitte unterteilt: Theorie, Pooltraining (oder Training im begrenzten Wasser) und Training im Meer.","robots":{"index":"index","follow":"follow","max-snippet":"max-snippet:-1","max-image-preview":"max-image-preview:large","max-video-preview":"max-video-preview:-1"},"canonical":"https:\/\/www.blackturtledive.com\/de\/padi-freediving-courses\/freediver\/","og_locale":"de_DE","og_type":"article","og_title":"PADI Freediver Course Koh Tao | Black Turtle Dive","og_description":"PADI Freediver course on Koh Tao takes 2 or 3 days and is divided into 3 sections including theory, pool (or confined water) training and in the ocean.","og_url":"https:\/\/www.blackturtledive.com\/de\/padi-freediving-courses\/freediver\/","og_site_name":"Black Turtle Dive Koh Tao","article_publisher":"https:\/\/www.facebook.com\/blackturtledive","article_modified_time":"2026-05-05T23:23:08+00:00","og_image":[{"width":1200,"height":800,"url":"https:\/\/www.blackturtledive.com\/wp-content\/uploads\/2020\/11\/blackturtledive.com-best-padi-divemaster-course-koh-tao.jpg","type":"image\/jpeg"}],"twitter_card":"summary_large_image","twitter_title":"PADI Freediver Course Koh Tao | Black Turtle Dive","twitter_description":"PADI Freediver course on Koh Tao takes 2 or 3 days and is divided into 3 sections including theory, pool (or confined water) training and in the ocean.","twitter_image":"https:\/\/www.blackturtledive.com\/wp-content\/uploads\/2020\/11\/blackturtledive.com-best-padi-divemaster-course-koh-tao.jpg","twitter_site":"@blackturtledive","twitter_misc":{"Gesch\u00e4tzte Lesezeit":"5\u00a0Minuten"},"schema":{"@context":"https:\/\/schema.org","@graph":[{"@type":"WebPage","@id":"https:\/\/www.blackturtledive.com\/de\/padi-freediving-courses\/freediver\/","url":"https:\/\/www.blackturtledive.com\/de\/padi-freediving-courses\/freediver\/","name":"PADI Freediver Course auf Koh Tao | Black Turtle Dive","isPartOf":{"@id":"https:\/\/www.blackturtledive.com\/de\/#website"},"primaryImageOfPage":{"@id":"https:\/\/www.blackturtledive.com\/de\/padi-freediving-courses\/freediver\/#primaryimage"},"image":{"@id":"https:\/\/www.blackturtledive.com\/de\/padi-freediving-courses\/freediver\/#primaryimage"},"thumbnailUrl":"https:\/\/www.blackturtledive.com\/wp-content\/uploads\/2021\/03\/blackturtledive.com-basic-freediving-course-koh-tao-pool-training.jpg","datePublished":"2021-03-25T10:48:41+00:00","dateModified":"2026-05-05T23:23:08+00:00","description":"Der PADI Freediver-Kurs auf Koh Tao dauert 2 oder 3 Tage und ist in 3 Abschnitte unterteilt: Theorie, Pooltraining (oder Training im begrenzten Wasser) und Training im Meer.","breadcrumb":{"@id":"https:\/\/www.blackturtledive.com\/de\/padi-freediving-courses\/freediver\/#breadcrumb"},"inLanguage":"de","potentialAction":[{"@type":"ReadAction","target":["https:\/\/www.blackturtledive.com\/de\/padi-freediving-courses\/freediver\/"]}]},{"@type":"ImageObject","inLanguage":"de","@id":"https:\/\/www.blackturtledive.com\/de\/padi-freediving-courses\/freediver\/#primaryimage","url":"https:\/\/www.blackturtledive.com\/wp-content\/uploads\/2021\/03\/blackturtledive.com-basic-freediving-course-koh-tao-pool-training.jpg","contentUrl":"https:\/\/www.blackturtledive.com\/wp-content\/uploads\/2021\/03\/blackturtledive.com-basic-freediving-course-koh-tao-pool-training.jpg","width":1000,"height":719,"caption":"PADI Basic Freediving - Introductory Course"},{"@type":"BreadcrumbList","@id":"https:\/\/www.blackturtledive.com\/de\/padi-freediving-courses\/freediver\/#breadcrumb","itemListElement":[{"@type":"ListItem","position":1,"name":"Home","item":"https:\/\/www.blackturtledive.com\/de\/"},{"@type":"ListItem","position":2,"name":"PADI Freitauchkurse","item":"https:\/\/www.blackturtledive.com\/de\/padi-freediving-courses\/"},{"@type":"ListItem","position":3,"name":"Freitaucher"}]},{"@type":"WebSite","@id":"https:\/\/www.blackturtledive.com\/de\/#website","url":"https:\/\/www.blackturtledive.com\/de\/","name":"Black Turtle Dive Koh Tao","description":"Ocean Explorers | Marine Protectors","publisher":{"@id":"https:\/\/www.blackturtledive.com\/de\/#organization"},"alternateName":"Black Turtle Dive in Thailand","potentialAction":[{"@type":"SearchAction","target":{"@type":"EntryPoint","urlTemplate":"https:\/\/www.blackturtledive.com\/de\/?s={search_term_string}"},"query-input":{"@type":"PropertyValueSpecification","valueRequired":true,"valueName":"search_term_string"}}],"inLanguage":"de"},{"@type":"Organization","@id":"https:\/\/www.blackturtledive.com\/de\/#organization","name":"Black Turtle Dive Koh Tao","alternateName":"Black Turtle Dive","url":"https:\/\/www.blackturtledive.com\/de\/","logo":{"@type":"ImageObject","inLanguage":"de","@id":"https:\/\/www.blackturtledive.com\/de\/#\/schema\/logo\/image\/","url":"https:\/\/www.blackturtledive.com\/wp-content\/uploads\/2020\/11\/cropped-blackturtledive.com-brand-logo.png","contentUrl":"https:\/\/www.blackturtledive.com\/wp-content\/uploads\/2020\/11\/cropped-blackturtledive.com-brand-logo.png","width":400,"height":400,"caption":"Black Turtle Dive Koh Tao"},"image":{"@id":"https:\/\/www.blackturtledive.com\/de\/#\/schema\/logo\/image\/"},"sameAs":["https:\/\/www.facebook.com\/blackturtledive","https:\/\/x.com\/blackturtledive","https:\/\/www.instagram.com\/blackturtledive\/","https:\/\/www.youtube.com\/blackturtledive","https:\/\/www.linkedin.com\/company\/blackturtledive\/","https:\/\/www.tumblr.com\/blackturtledive","https:\/\/www.pinterest.com\/blackturtledive\/","https:\/\/www.tiktok.com\/@blackturtledive","https:\/\/www.reddit.com\/user\/blackturtledive\/"],"description":"Black Turtle Dive is a modern and innovative 5 Star Career Development Scuba Diving Center, passionate about the ocean and through training we want to empower you to become a competent and confident scuba diver. Our diving courses equip you with the skills, knowledge and awareness necessary to explore the ocean safely, whilst becoming a passionate advocate and protector of the marine environment. If you have never dived before or are a certified diver and want to develop your skills further, our tailored, bespoke courses and programs will inspire you to become an Ocean advocate. Our scientific based Marine Conservation Internships and training programs, offer aspiring scuba divers and marine conservationists, the best marine conservation internships on Koh Tao. We currently offer students six levels of Marine Conservation Internships at our beachside location on Koh Tao in Thailand. Check out our website for more information.","email":"info@blackturtledive.com","telephone":"089 592 2134","legalName":"Black Turtle Dive Co Ltd","foundingDate":"2020-01-01","publishingPrinciples":"https:\/\/www.blackturtledive.com\/terms\/","ownershipFundingInfo":"https:\/\/www.blackturtledive.com\/terms\/","actionableFeedbackPolicy":"https:\/\/www.blackturtledive.com\/privacy-policy\/","correctionsPolicy":"https:\/\/www.blackturtledive.com\/privacy-policy\/","ethicsPolicy":"https:\/\/www.blackturtledive.com\/privacy-policy\/","diversityPolicy":"https:\/\/www.blackturtledive.com\/privacy-policy\/"}]}},"_links":{"self":[{"href":"https:\/\/www.blackturtledive.com\/de\/wp-json\/wp\/v2\/pages\/18564","targetHints":{"allow":["GET"]}}],"collection":[{"href":"https:\/\/www.blackturtledive.com\/de\/wp-json\/wp\/v2\/pages"}],"about":[{"href":"https:\/\/www.blackturtledive.com\/de\/wp-json\/wp\/v2\/types\/page"}],"author":[{"embeddable":true,"href":"https:\/\/www.blackturtledive.com\/de\/wp-json\/wp\/v2\/users\/2"}],"replies":[{"embeddable":true,"href":"https:\/\/www.blackturtledive.com\/de\/wp-json\/wp\/v2\/comments?post=18564"}],"version-history":[{"count":2,"href":"https:\/\/www.blackturtledive.com\/de\/wp-json\/wp\/v2\/pages\/18564\/revisions"}],"predecessor-version":[{"id":71347,"href":"https:\/\/www.blackturtledive.com\/de\/wp-json\/wp\/v2\/pages\/18564\/revisions\/71347"}],"up":[{"embeddable":true,"href":"https:\/\/www.blackturtledive.com\/de\/wp-json\/wp\/v2\/pages\/18566"}],"wp:featuredmedia":[{"embeddable":true,"href":"https:\/\/www.blackturtledive.com\/de\/wp-json\/wp\/v2\/media\/18375"}],"wp:attachment":[{"href":"https:\/\/www.blackturtledive.com\/de\/wp-json\/wp\/v2\/media?parent=18564"}],"curies":[{"name":"wp","href":"https:\/\/api.w.org\/{rel}","templated":true}]}}