{"id":18565,"date":"2021-03-25T17:46:49","date_gmt":"2021-03-25T10:46:49","guid":{"rendered":"https:\/\/www.blackturtledive.com\/discover-freediving\/"},"modified":"2026-05-06T06:19:37","modified_gmt":"2026-05-05T23:19:37","slug":"discover-freediving","status":"publish","type":"page","link":"https:\/\/www.blackturtledive.com\/de\/padi-freediving-courses\/discover-freediving\/","title":{"rendered":"Einf\u00fchrung ins Freitauchen"},"content":{"rendered":"<div class=\"wpb-content-wrapper\"><p>[vc_row][vc_column][vc_column_text css=&#8220;&#8220;]<\/p>\n<h3>Discover Freediving Kurs auf Koh Tao<\/h3>\n<p>Unser Discover Freediving Kurs ist die ideale Wahl f\u00fcr alle, die ihr <a href=\"https:\/\/www.blackturtledive.com\/padi-freediving-courses\/\">Interesse am Apnoetauchen<\/a> an einem einzigen Tag entdecken m\u00f6chten.<\/p>\n<p>F\u00fcr unseren Discover Freediving Kurs gibt es keine Voraussetzungen \u2014 du kannst entspannt und in deinem eigenen Tempo lernen, die Ausr\u00fcstung ausprobieren und dabei viel Spa\u00df haben.<\/p>\n<p>Discover Freediving ist in drei Einheiten \u00fcber einen Tag verteilt und beinhaltet Theorie, eine Confined-Water-Einheit (Pool) und eine Einheit im Meer mit Schnorcheln und Apnoe\u00fcbung.<\/p>\n<p>Wenn die Urlaubszeit knapp ist oder du eine Einf\u00fchrung ins Apnoetauchen erleben m\u00f6chtest, ist unser Discover Freediving Kurs genau f\u00fcr dich gemacht.<\/p>\n<p>Discover Freediving ist auch f\u00fcr alle gedacht, die unsicher sind, ob ihnen Apnoetauchen gefallen wird, sowie f\u00fcr jene, die sich mit der Ausr\u00fcstung vertraut machen und mehr \u00fcber die Kursanforderungen erfahren m\u00f6chten.<\/p>\n<p>Apnoetauchen hat sich zu einem \u00e4u\u00dferst <a href=\"https:\/\/www.blackturtledive.com\/koh-tao\/activities-things-to-do\/\">beliebten Sport<\/a> entwickelt \u2014 und <a href=\"https:\/\/www.blackturtledive.com\/koh-tao\/\">Koh Tao<\/a> ist das perfekte Reiseziel, um mit einem Discovery-Einsteigerkurs zu starten.<\/p>\n<figure id=\"attachment_6358\" aria-describedby=\"caption-attachment-6358\" style=\"width: 1000px\" class=\"wp-caption alignnone\"><img decoding=\"async\" class=\"wp-image-6358 size-full\" src=\"https:\/\/www.blackturtledive.com\/wp-content\/uploads\/2021\/03\/blackturtledive.com-basic-freediving-course-koh-tao-thailand.jpg\" alt=\"Discover Freediving Kurs Koh Tao\" width=\"1000\" height=\"769\" srcset=\"https:\/\/www.blackturtledive.com\/wp-content\/uploads\/2021\/03\/blackturtledive.com-basic-freediving-course-koh-tao-thailand.jpg 1000w, https:\/\/www.blackturtledive.com\/wp-content\/uploads\/2021\/03\/blackturtledive.com-basic-freediving-course-koh-tao-thailand-768x591.jpg 768w, https:\/\/www.blackturtledive.com\/wp-content\/uploads\/2021\/03\/blackturtledive.com-basic-freediving-course-koh-tao-thailand-150x115.jpg 150w\" sizes=\"(max-width: 1000px) 100vw, 1000px\" \/><figcaption id=\"caption-attachment-6358\" class=\"wp-caption-text\">Discover Freediving Kurs Koh Tao<\/figcaption><\/figure>\n<h3>So beginnst du mit dem Discover Freediving Kurs<\/h3>\n<p>Unser Discover Freediving Kurs beginnt mit einem medizinischen Fragebogen \u2014 du solltest bei guter Gesundheit sein und \u00fcber ausreichende Schwimmkenntnisse verf\u00fcgen.<\/p>\n<p>Unser Team unterst\u00fctzt dich bei deinen <a href=\"https:\/\/www.blackturtledive.com\/experience-programs\/swimming-koh-tao\/\">Schwimmkenntnissen<\/a> und kann deine Schwimmtechnik in kurzer Zeit verbessern \u2014 gib es einfach im Voraus auf deinem <a href=\"https:\/\/www.blackturtledive.com\/contact-us\/\">Buchungsformular<\/a> an.<\/p>\n<p>Die Theorie-Einheiten des Discover Freediving Kurses behandeln das Erlernen und Verstehen wichtiger Grundprinzipien des Apnoetauchens.<\/p>\n<p>Die Pr\u00e4sentationen im Klassenraum umfassen Atemtechniken, die Auswirkungen des Drucks unter Wasser, Physiologie, Sicherheit sowie Druckausgleichstechniken.<\/p>\n<p><a class=\"fasc-button fasc-size-large fasc-type-glossy\" style=\"background-color: #208aae; color: #ffffff;\" href=\"https:\/\/www.blackturtledive.com\/diving-course-prices\/#freediving\">JETZT BUCHEN<\/a><\/p>\n<h3><span style=\"color: #28d4ff;\">Apnoetauchen lernen auf Koh Tao<\/span><\/h3>\n<p>Der Discover Freediving Kurs beinhaltet eine Einheit im Confined Water \u2014 dies kann ein Pool oder eine geeignete Alternative im <a href=\"https:\/\/www.blackturtledive.com\/padi-diving-courses\/open-water-course\/\">Open Water<\/a> sein.<\/p>\n<p>In unserer Confined-Water-Einheit (Pool) lernst du die Freediving-Ausr\u00fcstung kennen \u2014 darunter Flossen, Freediving-Maske, Neoprenanzug und Schnorchel.<\/p>\n<p>Discover Freediving Sch\u00fcler erhalten die M\u00f6glichkeit, mit unserem <a href=\"https:\/\/www.blackturtledive.com\/padi-freediving-courses\/freediving-instructor\/\">Freediving-Instruktor<\/a> am statischen Atemanhalten zu arbeiten \u2014 die erste Wasser-Einheit findet im Pool statt.<\/p>\n<p>Sobald du einen ersten Eindruck unseres Discover Freediving Kurses gewonnen hast, kannst du am Folgetag mit dem PADI Freediver Kurs beginnen.<\/p>\n<figure id=\"attachment_6362\" aria-describedby=\"caption-attachment-6362\" style=\"width: 1000px\" class=\"wp-caption alignnone\"><img decoding=\"async\" class=\"wp-image-6362 size-full\" src=\"https:\/\/www.blackturtledive.com\/wp-content\/uploads\/2021\/03\/blackturtledive.com-basic-freediving-course-koh-tao-pool-training.jpg\" alt=\"Discover Freediving Kurs Koh Tao - Einf\u00fchrungskurs\" width=\"1000\" height=\"719\" srcset=\"https:\/\/www.blackturtledive.com\/wp-content\/uploads\/2021\/03\/blackturtledive.com-basic-freediving-course-koh-tao-pool-training.jpg 1000w, https:\/\/www.blackturtledive.com\/wp-content\/uploads\/2021\/03\/blackturtledive.com-basic-freediving-course-koh-tao-pool-training-768x552.jpg 768w, https:\/\/www.blackturtledive.com\/wp-content\/uploads\/2021\/03\/blackturtledive.com-basic-freediving-course-koh-tao-pool-training-150x108.jpg 150w\" sizes=\"(max-width: 1000px) 100vw, 1000px\" \/><figcaption id=\"caption-attachment-6362\" class=\"wp-caption-text\">Discover Freediving Kurs Koh Tao &#8211; Einf\u00fchrungskurs<\/figcaption><\/figure>\n<h3>Zeitplan des Discover Freediving Kurses<\/h3>\n<p>Wir bieten einen<span style=\"color: #28d4ff;\"> flexiblen Zeitplan<\/span>, der sich an deinen Reiseplan anpasst \u2014 die Kurseinheiten k\u00f6nnen auf einen einzigen Tag verteilt werden.<\/p>\n<p><strong>09:00<\/strong><\/p>\n<p>Wir beginnen mit der Theorie-Einheit ab 09:00 Uhr \u2014 eine vom Instruktor geleitete Pr\u00e4sentation und eine offene Diskussionsrunde, in der alle deine Fragen zu Sicherheit, Atmung und Entspannung beantwortet werden.<\/p>\n<figure id=\"attachment_6364\" aria-describedby=\"caption-attachment-6364\" style=\"width: 1000px\" class=\"wp-caption alignnone\"><img decoding=\"async\" class=\"size-full wp-image-6364\" src=\"https:\/\/www.blackturtledive.com\/wp-content\/uploads\/2021\/03\/blackturtledive.com-basic-freediving-course-for-beginners-koh-tao.jpg\" alt=\"Lerne Apnoetauchen auf Koh Tao\" width=\"1000\" height=\"848\" srcset=\"https:\/\/www.blackturtledive.com\/wp-content\/uploads\/2021\/03\/blackturtledive.com-basic-freediving-course-for-beginners-koh-tao.jpg 1000w, https:\/\/www.blackturtledive.com\/wp-content\/uploads\/2021\/03\/blackturtledive.com-basic-freediving-course-for-beginners-koh-tao-768x651.jpg 768w, https:\/\/www.blackturtledive.com\/wp-content\/uploads\/2021\/03\/blackturtledive.com-basic-freediving-course-for-beginners-koh-tao-150x127.jpg 150w\" sizes=\"(max-width: 1000px) 100vw, 1000px\" \/><figcaption id=\"caption-attachment-6364\" class=\"wp-caption-text\">Lerne Apnoetauchen auf Koh Tao<\/figcaption><\/figure>\n<p><a class=\"fasc-button fasc-size-large fasc-type-glossy\" style=\"background-color: #208aae; color: #ffffff;\" href=\"https:\/\/www.blackturtledive.com\/diving-course-prices\/#freediving\">JETZT BUCHEN<\/a><\/p>\n<h3><span style=\"color: #28d4ff;\">Tagesplan f\u00fcr Discover Freediving Sch\u00fcler<\/span><\/h3>\n<p><strong>10:30<\/strong><\/p>\n<p>Ab etwa 10:30 Uhr starten wir eine Pool- bzw. Confined-Water-Einheit \u2014 du kannst die Ausr\u00fcstung zum Schnorcheln und Apnoetauchen ausprobieren, dazu z\u00e4hlen Maske, Schnorchel und lange Flossen.<\/p>\n<p>In der ersten Wasser-Einheit \u00fcbst du den Atemanhalter und arbeitest gemeinsam mit unserem Instruktor an dessen Verbesserung.<\/p>\n<p><strong>14:00<\/strong><\/p>\n<p>Die Nachmittags-Einheit verbringst du im Meer in einer der Buchten Koh Taos gemeinsam mit unserem Instruktor \u2014 du \u00fcbst <span style=\"color: #28d4ff;\">Apnoetauchen und Schnorcheln<\/span> und hast jede Menge Spa\u00df.<\/p>\n<figure id=\"attachment_6360\" aria-describedby=\"caption-attachment-6360\" style=\"width: 900px\" class=\"wp-caption alignnone\"><img decoding=\"async\" class=\"wp-image-6360 size-full\" src=\"https:\/\/www.blackturtledive.com\/wp-content\/uploads\/2021\/03\/blackturtledive.com-basic-freediving-course-koh-tao.jpg\" alt=\"Discover Freediving Kurs Koh Tao\" width=\"900\" height=\"755\" srcset=\"https:\/\/www.blackturtledive.com\/wp-content\/uploads\/2021\/03\/blackturtledive.com-basic-freediving-course-koh-tao.jpg 900w, https:\/\/www.blackturtledive.com\/wp-content\/uploads\/2021\/03\/blackturtledive.com-basic-freediving-course-koh-tao-768x644.jpg 768w, https:\/\/www.blackturtledive.com\/wp-content\/uploads\/2021\/03\/blackturtledive.com-basic-freediving-course-koh-tao-150x126.jpg 150w\" sizes=\"(max-width: 900px) 100vw, 900px\" \/><figcaption id=\"caption-attachment-6360\" class=\"wp-caption-text\">Discover Freediving Kurs Koh Tao<\/figcaption><\/figure>\n<h3>Melde dich f\u00fcr unseren Discover Freediving Kurs an<\/h3>\n<p>Um an unserem Discover Freediving Kurs teilzunehmen, musst du mindestens 12 Jahre alt sein, bei guter Gesundheit und \u00fcber ausreichende Schwimmkenntnisse verf\u00fcgen.<\/p>\n<p>Apnoetauchen ist ein extrem beliebter Sport, der jedem zug\u00e4nglich ist.<\/p>\n<h3><span style=\"color: #28d4ff;\">Beliebtes Apnoetauchen<\/span><\/h3>\n<p>Der Discover Freediving Kurs ist perfekt f\u00fcr alle, die eine Leidenschaft f\u00fcr die <a href=\"https:\/\/www.blackturtledive.com\/koh-tao-marine-life\/\">Meeresumwelt<\/a> haben \u2014 und f\u00fcr jene, die mehr \u00fcber sich selbst erfahren m\u00f6chten.<\/p>\n<p>Unser eint\u00e4giger Discover Freediving Kurs ist ideal, wenn du mehr \u00fcber das Apnoetauchen erfahren m\u00f6chtest, die Ausr\u00fcstung im Pool ausprobieren und am Nachmittag mit unserem Freediving-Instruktor in einer der Buchten rund um Koh Tao <span style=\"color: #28d4ff;\">schnorcheln und Apnoetauchen<\/span> willst.<\/p>\n<p>Du entwickelst mehr Selbstdisziplin und Kontrolle, verbesserst deine Beweglichkeit und Atemkontrolle \u2014 und hast dabei eine Menge Spa\u00df.<\/p>\n<p>Mehr zu unserem Discover Freediving Kurs erf\u00e4hrst du, wenn du <a href=\"https:\/\/www.blackturtledive.com\/de\/\">uns eine Nachricht schreibst<\/a> \u2014 wir besprechen gerne deine Erwartungen und Reiseplanung.<\/p>\n<p><a class=\"fasc-button fasc-size-large fasc-type-glossy\" style=\"background-color: #208aae; color: #ffffff;\" href=\"https:\/\/www.blackturtledive.com\/diving-course-prices\/#freediving\">JETZT BUCHEN<\/a>[\/vc_column_text][\/vc_column][\/vc_row][vc_row][vc_column]<div class=\"section-wrap\"><h3 class=\"section-title\">H\u00e4ufig gestellte Fragen<\/h3><div class=\"faq-wrapper\"><div class=\"accordion-panel active\">\n                    <div class=\"panel-heading\">    \n                        <h3 class=\"panel-title\">\n                            Was ist der Discover Freediving Kurs auf Koh Tao?\n                        <\/h3>\n                    <\/div>\n                    <div class=\"panel-detail\">\n                        <p>Der Discover Freediving Kurs ist ein eint\u00e4giger Einsteigerkurs, der Theorie-Einheiten, eine Confined-Water-Einheit und eine Nachmittagseinheit mit Schnorcheln und Freediving im Meer beinhaltet.<\/p>\n<p>Die Theorie umfasst eine Einf\u00fchrung, wichtige Aspekte des Apnoetauchens sowie die M\u00f6glichkeit, jeden Aspekt mit unseren erfahrenen Freediving-Instruktoren zu besprechen.<\/p>\n\n                    <\/div>\n                <\/div><div class=\"accordion-panel \">\n                    <div class=\"panel-heading\">    \n                        <h3 class=\"panel-title\">\n                            Wie viel kostet der Discover Freediving Kurs auf Koh Tao?\n                        <\/h3>\n                    <\/div>\n                    <div class=\"panel-detail\">\n                        <p>Der Discover Freediving Kurs auf Koh Tao kostet 3.800 Baht und ist ein eint\u00e4giger Erlebniskurs unter der Aufsicht unserer erfahrenen Freediving-Instruktoren.<\/p>\n<p>Du profitierst vom Einstiegspreis von 3.800 Baht \u2014 inklusive der Ausr\u00fcstung, die du an diesem Tag ben\u00f6tigst.<\/p>\n<p>&nbsp;<\/p>\n\n                    <\/div>\n                <\/div><div class=\"accordion-panel \">\n                    <div class=\"panel-heading\">    \n                        <h3 class=\"panel-title\">\n                            Was ist im Discover Freediving Kurs auf Koh Tao enthalten?\n                        <\/h3>\n                    <\/div>\n                    <div class=\"panel-detail\">\n                        <p>Der Discover Freediving Kurs ist ein einsteigerorientierter Erlebniskurs, der an einem einzigen Tag absolviert werden kann.<\/p>\n<p>Im Kurs sind die Nutzung der gesamten Apnoeausr\u00fcstung und alle Lehrmaterialien enthalten \u2014 eine ausgezeichnete M\u00f6glichkeit, mehr \u00fcber das Apnoetauchen zu lernen.<\/p>\n\n                    <\/div>\n                <\/div><div class=\"accordion-panel \">\n                    <div class=\"panel-heading\">    \n                        <h3 class=\"panel-title\">\n                            Wie lange dauert der Discover Freediving Kurs auf Koh Tao?\n                        <\/h3>\n                    <\/div>\n                    <div class=\"panel-detail\">\n                        <p>Der Discover Freediving Kurs l\u00e4sst sich an einem einzigen Tag absolvieren und ist eine ausgezeichnete Gelegenheit f\u00fcr alle, die zum ersten Mal Apnoetauchen erleben m\u00f6chten.<\/p>\n<p>Du nimmst an einer Theorie-Einheit und einer Confined-Water-Einheit teil \u2014 inklusive \u00dcbungen mit den Flossen \u2014 sowie an einer Einheit im Meer mit Schnorcheln und Apnoetauchen, sofern es das Wetter zul\u00e4sst.<\/p>\n\n                    <\/div>\n                <\/div><div class=\"accordion-panel \">\n                    <div class=\"panel-heading\">    \n                        <h3 class=\"panel-title\">\n                            Wie hoch ist das Mindestalter f\u00fcr den Discover Freediving Kurs auf Koh Tao?\n                        <\/h3>\n                    <\/div>\n                    <div class=\"panel-detail\">\n                        <p>Das Mindestalter f\u00fcr den Discover Freediving Einsteigerkurs auf Koh Tao betr\u00e4gt 12 Jahre.<\/p>\n<p>Angehende Apnoetaucher sollten zudem bei guter Gesundheit sein und \u00fcber ausreichende Schwimmkenntnisse verf\u00fcgen.<\/p>\n\n                    <\/div>\n                <\/div><\/div>\n                <\/div>[\/vc_column][\/vc_row]<\/p>\n<\/div>","protected":false},"excerpt":{"rendered":"<p>Unser Schnuppertauchkurs auf Koh Tao ist eine ausgezeichnete Wahl f\u00fcr alle, die ihr Interesse am Freitauchen in einem eint\u00e4gigen Kurs im Pool und im Meer entdecken m\u00f6chten.<\/p>\n","protected":false},"author":2,"featured_media":18374,"parent":18566,"menu_order":0,"comment_status":"closed","ping_status":"closed","template":"","meta":{"_acf_changed":false,"footnotes":""},"class_list":["post-18565","page","type-page","status-publish","has-post-thumbnail","hentry"],"acf":[],"yoast_head":"<!-- This site is optimized with the Yoast SEO Premium plugin v27.6 (Yoast SEO v27.6) - https:\/\/yoast.com\/product\/yoast-seo-premium-wordpress\/ -->\n<title>Discover Freediving Course Koh Tao | Black Turtle Dive<\/title>\n<meta name=\"description\" content=\"Our Discover Freediving course on Koh Tao includes theory, a session in confined water or a pool and a session in the ocean snorkeling and freediving\" \/>\n<meta name=\"robots\" content=\"index, follow, max-snippet:-1, max-image-preview:large, max-video-preview:-1\" \/>\n<link rel=\"canonical\" href=\"https:\/\/www.blackturtledive.com\/de\/padi-freediving-courses\/discover-freediving\/\" \/>\n<meta property=\"og:locale\" content=\"de_DE\" \/>\n<meta property=\"og:type\" content=\"article\" \/>\n<meta property=\"og:title\" content=\"Discover Freediving Course Koh Tao | Black Turtle Dive\" \/>\n<meta property=\"og:description\" content=\"Our Discover Freediving course on Koh Tao includes theory, a session in confined water or a pool and a session in the ocean snorkeling and freediving\" \/>\n<meta property=\"og:url\" content=\"https:\/\/www.blackturtledive.com\/de\/padi-freediving-courses\/discover-freediving\/\" \/>\n<meta property=\"og:site_name\" content=\"Black Turtle Dive Koh Tao\" \/>\n<meta property=\"article:publisher\" content=\"https:\/\/www.facebook.com\/blackturtledive\" \/>\n<meta property=\"article:modified_time\" content=\"2026-05-05T23:19:37+00:00\" \/>\n<meta property=\"og:image\" content=\"https:\/\/www.blackturtledive.com\/wp-content\/uploads\/2020\/11\/blackturtledive.com-best-padi-divemaster-course-koh-tao.jpg\" \/>\n\t<meta property=\"og:image:width\" content=\"1200\" \/>\n\t<meta property=\"og:image:height\" content=\"800\" \/>\n\t<meta property=\"og:image:type\" content=\"image\/jpeg\" \/>\n<meta name=\"twitter:card\" content=\"summary_large_image\" \/>\n<meta name=\"twitter:title\" content=\"Discover Freediving Course Koh Tao | Black Turtle Dive\" \/>\n<meta name=\"twitter:description\" content=\"Our Discover Freediving course on Koh Tao includes theory, a session in confined water or a pool and a session in the ocean snorkeling and freediving\" \/>\n<meta name=\"twitter:image\" content=\"https:\/\/www.blackturtledive.com\/wp-content\/uploads\/2020\/11\/blackturtledive.com-best-padi-divemaster-course-koh-tao.jpg\" \/>\n<meta name=\"twitter:site\" content=\"@blackturtledive\" \/>\n<meta name=\"twitter:label1\" content=\"Gesch\u00e4tzte Lesezeit\" \/>\n\t<meta name=\"twitter:data1\" content=\"5\u00a0Minuten\" \/>\n<!-- \/ Yoast SEO Premium plugin. -->","yoast_head_json":{"title":"Discover Freediving Course Koh Tao | Black Turtle Dive","description":"Our Discover Freediving course on Koh Tao includes theory, a session in confined water or a pool and a session in the ocean snorkeling and freediving","robots":{"index":"index","follow":"follow","max-snippet":"max-snippet:-1","max-image-preview":"max-image-preview:large","max-video-preview":"max-video-preview:-1"},"canonical":"https:\/\/www.blackturtledive.com\/de\/padi-freediving-courses\/discover-freediving\/","og_locale":"de_DE","og_type":"article","og_title":"Discover Freediving Course Koh Tao | Black Turtle Dive","og_description":"Our Discover Freediving course on Koh Tao includes theory, a session in confined water or a pool and a session in the ocean snorkeling and freediving","og_url":"https:\/\/www.blackturtledive.com\/de\/padi-freediving-courses\/discover-freediving\/","og_site_name":"Black Turtle Dive Koh Tao","article_publisher":"https:\/\/www.facebook.com\/blackturtledive","article_modified_time":"2026-05-05T23:19:37+00:00","og_image":[{"width":1200,"height":800,"url":"https:\/\/www.blackturtledive.com\/wp-content\/uploads\/2020\/11\/blackturtledive.com-best-padi-divemaster-course-koh-tao.jpg","type":"image\/jpeg"}],"twitter_card":"summary_large_image","twitter_title":"Discover Freediving Course Koh Tao | Black Turtle Dive","twitter_description":"Our Discover Freediving course on Koh Tao includes theory, a session in confined water or a pool and a session in the ocean snorkeling and freediving","twitter_image":"https:\/\/www.blackturtledive.com\/wp-content\/uploads\/2020\/11\/blackturtledive.com-best-padi-divemaster-course-koh-tao.jpg","twitter_site":"@blackturtledive","twitter_misc":{"Gesch\u00e4tzte Lesezeit":"5\u00a0Minuten"},"schema":{"@context":"https:\/\/schema.org","@graph":[{"@type":"WebPage","@id":"https:\/\/www.blackturtledive.com\/de\/padi-freediving-courses\/discover-freediving\/","url":"https:\/\/www.blackturtledive.com\/de\/padi-freediving-courses\/discover-freediving\/","name":"Discover Freediving Course Koh Tao | Black Turtle Dive","isPartOf":{"@id":"https:\/\/www.blackturtledive.com\/de\/#website"},"primaryImageOfPage":{"@id":"https:\/\/www.blackturtledive.com\/de\/padi-freediving-courses\/discover-freediving\/#primaryimage"},"image":{"@id":"https:\/\/www.blackturtledive.com\/de\/padi-freediving-courses\/discover-freediving\/#primaryimage"},"thumbnailUrl":"https:\/\/www.blackturtledive.com\/wp-content\/uploads\/2021\/03\/blackturtledive.com-basic-freediving-course-koh-tao.jpg","datePublished":"2021-03-25T10:46:49+00:00","dateModified":"2026-05-05T23:19:37+00:00","description":"Our Discover Freediving course on Koh Tao includes theory, a session in confined water or a pool and a session in the ocean snorkeling and freediving","breadcrumb":{"@id":"https:\/\/www.blackturtledive.com\/de\/padi-freediving-courses\/discover-freediving\/#breadcrumb"},"inLanguage":"de","potentialAction":[{"@type":"ReadAction","target":["https:\/\/www.blackturtledive.com\/de\/padi-freediving-courses\/discover-freediving\/"]}]},{"@type":"ImageObject","inLanguage":"de","@id":"https:\/\/www.blackturtledive.com\/de\/padi-freediving-courses\/discover-freediving\/#primaryimage","url":"https:\/\/www.blackturtledive.com\/wp-content\/uploads\/2021\/03\/blackturtledive.com-basic-freediving-course-koh-tao.jpg","contentUrl":"https:\/\/www.blackturtledive.com\/wp-content\/uploads\/2021\/03\/blackturtledive.com-basic-freediving-course-koh-tao.jpg","width":900,"height":755,"caption":"Basic Freediving Course Koh Tao"},{"@type":"BreadcrumbList","@id":"https:\/\/www.blackturtledive.com\/de\/padi-freediving-courses\/discover-freediving\/#breadcrumb","itemListElement":[{"@type":"ListItem","position":1,"name":"Home","item":"https:\/\/www.blackturtledive.com\/de\/"},{"@type":"ListItem","position":2,"name":"PADI Freitauchkurse","item":"https:\/\/www.blackturtledive.com\/de\/padi-freediving-courses\/"},{"@type":"ListItem","position":3,"name":"Einf\u00fchrung ins Freitauchen"}]},{"@type":"WebSite","@id":"https:\/\/www.blackturtledive.com\/de\/#website","url":"https:\/\/www.blackturtledive.com\/de\/","name":"Black Turtle Dive Koh Tao","description":"Ocean Explorers | Marine Protectors","publisher":{"@id":"https:\/\/www.blackturtledive.com\/de\/#organization"},"alternateName":"Black Turtle Dive in Thailand","potentialAction":[{"@type":"SearchAction","target":{"@type":"EntryPoint","urlTemplate":"https:\/\/www.blackturtledive.com\/de\/?s={search_term_string}"},"query-input":{"@type":"PropertyValueSpecification","valueRequired":true,"valueName":"search_term_string"}}],"inLanguage":"de"},{"@type":"Organization","@id":"https:\/\/www.blackturtledive.com\/de\/#organization","name":"Black Turtle Dive Koh Tao","alternateName":"Black Turtle Dive","url":"https:\/\/www.blackturtledive.com\/de\/","logo":{"@type":"ImageObject","inLanguage":"de","@id":"https:\/\/www.blackturtledive.com\/de\/#\/schema\/logo\/image\/","url":"https:\/\/www.blackturtledive.com\/wp-content\/uploads\/2020\/11\/cropped-blackturtledive.com-brand-logo.png","contentUrl":"https:\/\/www.blackturtledive.com\/wp-content\/uploads\/2020\/11\/cropped-blackturtledive.com-brand-logo.png","width":400,"height":400,"caption":"Black Turtle Dive Koh Tao"},"image":{"@id":"https:\/\/www.blackturtledive.com\/de\/#\/schema\/logo\/image\/"},"sameAs":["https:\/\/www.facebook.com\/blackturtledive","https:\/\/x.com\/blackturtledive","https:\/\/www.instagram.com\/blackturtledive\/","https:\/\/www.youtube.com\/blackturtledive","https:\/\/www.linkedin.com\/company\/blackturtledive\/","https:\/\/www.tumblr.com\/blackturtledive","https:\/\/www.pinterest.com\/blackturtledive\/","https:\/\/www.tiktok.com\/@blackturtledive","https:\/\/www.reddit.com\/user\/blackturtledive\/"],"description":"Black Turtle Dive is a modern and innovative 5 Star Career Development Scuba Diving Center, passionate about the ocean and through training we want to empower you to become a competent and confident scuba diver. Our diving courses equip you with the skills, knowledge and awareness necessary to explore the ocean safely, whilst becoming a passionate advocate and protector of the marine environment. If you have never dived before or are a certified diver and want to develop your skills further, our tailored, bespoke courses and programs will inspire you to become an Ocean advocate. Our scientific based Marine Conservation Internships and training programs, offer aspiring scuba divers and marine conservationists, the best marine conservation internships on Koh Tao. We currently offer students six levels of Marine Conservation Internships at our beachside location on Koh Tao in Thailand. Check out our website for more information.","email":"info@blackturtledive.com","telephone":"089 592 2134","legalName":"Black Turtle Dive Co Ltd","foundingDate":"2020-01-01","publishingPrinciples":"https:\/\/www.blackturtledive.com\/terms\/","ownershipFundingInfo":"https:\/\/www.blackturtledive.com\/terms\/","actionableFeedbackPolicy":"https:\/\/www.blackturtledive.com\/privacy-policy\/","correctionsPolicy":"https:\/\/www.blackturtledive.com\/privacy-policy\/","ethicsPolicy":"https:\/\/www.blackturtledive.com\/privacy-policy\/","diversityPolicy":"https:\/\/www.blackturtledive.com\/privacy-policy\/"}]}},"_links":{"self":[{"href":"https:\/\/www.blackturtledive.com\/de\/wp-json\/wp\/v2\/pages\/18565","targetHints":{"allow":["GET"]}}],"collection":[{"href":"https:\/\/www.blackturtledive.com\/de\/wp-json\/wp\/v2\/pages"}],"about":[{"href":"https:\/\/www.blackturtledive.com\/de\/wp-json\/wp\/v2\/types\/page"}],"author":[{"embeddable":true,"href":"https:\/\/www.blackturtledive.com\/de\/wp-json\/wp\/v2\/users\/2"}],"replies":[{"embeddable":true,"href":"https:\/\/www.blackturtledive.com\/de\/wp-json\/wp\/v2\/comments?post=18565"}],"version-history":[{"count":2,"href":"https:\/\/www.blackturtledive.com\/de\/wp-json\/wp\/v2\/pages\/18565\/revisions"}],"predecessor-version":[{"id":71341,"href":"https:\/\/www.blackturtledive.com\/de\/wp-json\/wp\/v2\/pages\/18565\/revisions\/71341"}],"up":[{"embeddable":true,"href":"https:\/\/www.blackturtledive.com\/de\/wp-json\/wp\/v2\/pages\/18566"}],"wp:featuredmedia":[{"embeddable":true,"href":"https:\/\/www.blackturtledive.com\/de\/wp-json\/wp\/v2\/media\/18374"}],"wp:attachment":[{"href":"https:\/\/www.blackturtledive.com\/de\/wp-json\/wp\/v2\/media?parent=18565"}],"curies":[{"name":"wp","href":"https:\/\/api.w.org\/{rel}","templated":true}]}}