{"id":18572,"date":"2021-01-06T15:34:42","date_gmt":"2021-01-06T08:34:42","guid":{"rendered":"https:\/\/www.blackturtledive.com\/yellow-tail-barracuda\/"},"modified":"2026-05-05T21:23:22","modified_gmt":"2026-05-05T14:23:22","slug":"yellow-tail-barracuda","status":"publish","type":"page","link":"https:\/\/www.blackturtledive.com\/de\/koh-tao-marine-life\/yellow-tail-barracuda\/","title":{"rendered":"Gelbschwanz\u2011Barrakuda"},"content":{"rendered":"<div class=\"wpb-content-wrapper\"><p>[vc_row][vc_column][vc_column_text css=&#8220;&#8220;]Der Yellowtail\u2011Barrakuda (Sphyraena flavicauda) ist die kleinste der Barrakuda\u2011Arten, erkennbar an seinem silbernen K\u00f6rper, den zwei gelben Streifen und der leuchtend gelben Schwanzflosse mit dunklen R\u00e4ndern.<\/p>\n<p>H\u00e4ufig in gro\u00dfen, schimmernden Schulen in flachen Lagunen oder entlang von Riffh\u00e4ngen zu finden, sind diese neugierigen Fische oft die ersten R\u00e4uber, denen neue Taucher auf Koh Tao begegnen.<\/p>\n<p>W\u00e4hrend sie tags\u00fcber zum Schutz in Schulen schwimmen, sind sie effiziente J\u00e4ger in der Nacht; das Beobachten dichter Formationen an Pl\u00e4tzen wie White Rock ist ein Hinweis auf hohe lokale Riffproduktivit\u00e4t.<\/p>\n<h3><span style=\"color: #28d4ff;\">Alles \u00fcber die Gelbschwanz-Barrakuda auf Koh Tao<\/span><\/h3>\n<p>Gelbschwanz-Barrakudas sind die kleinste Art von <a href=\"https:\/\/www.blackturtledive.com\/koh-tao-marine-life\/chevron-barracuda\/\">Barrakudas<\/a>, die man beim <a href=\"https:\/\/www.blackturtledive.com\/de\/experience-programs\/snorkel-koh-tao\/\">Schnorcheln<\/a> oder <a href=\"https:\/\/www.blackturtledive.com\/de\/padi-diving-courses\/\">Tauchen<\/a> auf <a href=\"https:\/\/www.blackturtledive.com\/de\/koh-tao\/\">Koh Tao<\/a> sehen kann.<\/p>\n<p>Da sie einzeln klein sind, bilden Gelbschwanz-Barrakudas h\u00e4ufig gro\u00dfe Schulen als Schutzma\u00dfnahme.<\/p>\n<figure id=\"attachment_3400\" aria-describedby=\"caption-attachment-3400\" style=\"width: 1100px\" class=\"wp-caption alignnone\"><img decoding=\"async\" class=\"size-full wp-image-3400\" src=\"https:\/\/www.blackturtledive.com\/wp-content\/uploads\/2021\/01\/blackturtledive.com-yellow-tail-barracuda-koh-tao.jpg\" alt=\"Gelbschwanz-Barrakuda Koh Tao\" width=\"1100\" height=\"623\" srcset=\"https:\/\/www.blackturtledive.com\/wp-content\/uploads\/2021\/01\/blackturtledive.com-yellow-tail-barracuda-koh-tao.jpg 1100w, https:\/\/www.blackturtledive.com\/wp-content\/uploads\/2021\/01\/blackturtledive.com-yellow-tail-barracuda-koh-tao-300x170.jpg 300w, https:\/\/www.blackturtledive.com\/wp-content\/uploads\/2021\/01\/blackturtledive.com-yellow-tail-barracuda-koh-tao-1024x580.jpg 1024w, https:\/\/www.blackturtledive.com\/wp-content\/uploads\/2021\/01\/blackturtledive.com-yellow-tail-barracuda-koh-tao-768x435.jpg 768w, https:\/\/www.blackturtledive.com\/wp-content\/uploads\/2021\/01\/blackturtledive.com-yellow-tail-barracuda-koh-tao-150x85.jpg 150w\" sizes=\"(max-width: 1100px) 100vw, 1100px\" \/><figcaption id=\"caption-attachment-3400\" class=\"wp-caption-text\">Gelbschwanz-Barrakuda Koh Tao<\/figcaption><\/figure>\n<h3>Wo man die Gelbschwanz-Barrakuda auf Koh Tao findet<\/h3>\n<p><span style=\"color: #28d4ff;\">Gelbschwanz-Barrakudas<\/span> sind an vielen <a href=\"https:\/\/www.blackturtledive.com\/koh-tao-dive-sites\/\">Tauchpl\u00e4tzen<\/a> rund um Koh Tao anzutreffen, bevorzugen jedoch gesch\u00fctzte Riffe und weniger die tiefen, offenen Gew\u00e4sser, die gr\u00f6\u00dfere Verwandte aufsuchen.<\/p>\n<p>Man trifft sie an den meisten Tauchpl\u00e4tzen wie <a href=\"https:\/\/www.blackturtledive.com\/koh-tao-dive-sites\/twins-pinnacle\/\">Twins<\/a>, <a href=\"https:\/\/www.blackturtledive.com\/koh-tao-dive-sites\/white-rock\/\">White Rock<\/a>, <a href=\"https:\/\/www.blackturtledive.com\/koh-tao-dive-sites\/shark-island\/\">Shark Island<\/a> und <a href=\"https:\/\/www.blackturtledive.com\/koh-tao-dive-sites\/chumphon-pinnacle\/\">Chumphon Pinnacle<\/a>.<\/p>\n<p>Flache Buchten wie <a href=\"https:\/\/www.blackturtledive.com\/koh-tao-dive-sites\/aow-leuk\/\">Aow Leuk<\/a>, <a href=\"https:\/\/www.blackturtledive.com\/koh-tao-dive-sites\/mango-bay\/\">Mango Bay<\/a> und <a href=\"https:\/\/www.blackturtledive.com\/koh-tao-dive-sites\/tanote-bay\/\">Tanote Bay<\/a> beherbergen ebenfalls gro\u00dfe Schulen.<\/p>\n<h3><span style=\"color: #28d4ff;\">Wie man die Gelbschwanz-Barrakuda erkennt<\/span><\/h3>\n<p>Wie alle <a href=\"https:\/\/www.blackturtledive.com\/koh-tao-marine-life\/great-barracuda\/\">Barrakudas<\/a> haben sie einen hydrodynamischen, torpedof\u00f6rmigen K\u00f6rper; als kleinere Art erreichen sie maximal etwa 50 cm L\u00e4nge.<\/p>\n<p>Ein Erkennungsmerkmal ist die R\u00fcckenflosse, die fast direkt \u00fcber der Afterflosse sitzt.<\/p>\n<figure id=\"attachment_3563\" aria-describedby=\"caption-attachment-3563\" style=\"width: 1000px\" class=\"wp-caption alignnone\"><img decoding=\"async\" class=\"size-full wp-image-3563\" src=\"https:\/\/www.blackturtledive.com\/wp-content\/uploads\/2021\/01\/blackturtledive.com-yellow-tail-barracuda-koh-tao-marine-life.jpg\" alt=\"Gelbschwanz-Barrakuda Koh Tao Meeresleben\" width=\"1000\" height=\"667\" srcset=\"https:\/\/www.blackturtledive.com\/wp-content\/uploads\/2021\/01\/blackturtledive.com-yellow-tail-barracuda-koh-tao-marine-life.jpg 1000w, https:\/\/www.blackturtledive.com\/wp-content\/uploads\/2021\/01\/blackturtledive.com-yellow-tail-barracuda-koh-tao-marine-life-300x200.jpg 300w, https:\/\/www.blackturtledive.com\/wp-content\/uploads\/2021\/01\/blackturtledive.com-yellow-tail-barracuda-koh-tao-marine-life-768x512.jpg 768w, https:\/\/www.blackturtledive.com\/wp-content\/uploads\/2021\/01\/blackturtledive.com-yellow-tail-barracuda-koh-tao-marine-life-150x100.jpg 150w\" sizes=\"(max-width: 1000px) 100vw, 1000px\" \/><figcaption id=\"caption-attachment-3563\" class=\"wp-caption-text\">Gelbschwanz-Barrakuda Koh Tao Meeresleben<\/figcaption><\/figure>\n<h3>Gelbe Schwanzflosse<\/h3>\n<p>Am leichtesten erkennt man diese Art beim Tauchen an ihrer leuchtend gelben Schwanzflosse (Caudale Flosse).<\/p>\n<p>Gelbschwanz-Barrakudas bieten oft <span style=\"color: #28d4ff;\">eindrucksvolle Einblicke<\/span>, besonders wenn sie in gro\u00dfen Schulen auftreten.<\/p>\n<h3><span style=\"color: #28d4ff;\">Merkmale &amp; Verhalten der Gelbschwanz-Barrakuda<\/span><\/h3>\n<p>W\u00e4hrend Barrakudas allgemein als schnelle R\u00e4uber mit gro\u00dfen Z\u00e4hnen gelten, sind Gelbschwanz-Barrakudas weniger gefr\u00e4\u00dfig als gr\u00f6\u00dfere Arten.<\/p>\n<p>Deshalb setzen sie st\u00e4rker auf Verteidigung und bilden h\u00e4ufig <span style=\"color: #28d4ff;\">dichte Schulen<\/span>.<\/p>\n<figure id=\"attachment_3565\" aria-describedby=\"caption-attachment-3565\" style=\"width: 1000px\" class=\"wp-caption alignnone\"><img decoding=\"async\" class=\"size-full wp-image-3565\" src=\"https:\/\/www.blackturtledive.com\/wp-content\/uploads\/2021\/01\/blackturtledive.com-yellow-tail-barracuda-koh-tao-thailand.jpg\" alt=\"Gelbschwanz-Barrakuda - Meeresleben\" width=\"1000\" height=\"667\" srcset=\"https:\/\/www.blackturtledive.com\/wp-content\/uploads\/2021\/01\/blackturtledive.com-yellow-tail-barracuda-koh-tao-thailand.jpg 1000w, https:\/\/www.blackturtledive.com\/wp-content\/uploads\/2021\/01\/blackturtledive.com-yellow-tail-barracuda-koh-tao-thailand-300x200.jpg 300w, https:\/\/www.blackturtledive.com\/wp-content\/uploads\/2021\/01\/blackturtledive.com-yellow-tail-barracuda-koh-tao-thailand-768x512.jpg 768w, https:\/\/www.blackturtledive.com\/wp-content\/uploads\/2021\/01\/blackturtledive.com-yellow-tail-barracuda-koh-tao-thailand-150x100.jpg 150w\" sizes=\"(max-width: 1000px) 100vw, 1000px\" \/><figcaption id=\"caption-attachment-3565\" class=\"wp-caption-text\">Gelbschwanz-Barrakuda &#8211; Meeresleben<\/figcaption><\/figure>\n<h3>Tornado Artige Formationen<\/h3>\n<p>Sie schw\u00e4rmen oft in <em><span style=\"color: #28d4ff;\">tornado \u00e4hnlichen Formationen<\/span><\/em>, um R\u00e4uber zu verwirren \u2014 ein eindrucksvolles Erlebnis beim Tauchen.<\/p>\n<p>Gelbschwanz-Barrakudas sind nachtaktive R\u00e4uber, die kleinere Raubfische jagen; zudem sind sie Allesfresser und fressen Reste, die gr\u00f6\u00dfere R\u00e4uber hinterlassen.<\/p>\n<h3><span style=\"color: #28d4ff;\">Interessante Fakten zur Gelbschwanz-Barrakuda<\/span><\/h3>\n<p>Barrakudas jagen \u00fcberwiegend nach Sicht; sie werden von gl\u00e4nzenden Objekten angezogen. Bei <a href=\"https:\/\/www.blackturtledive.com\/padi-specialty-courses\/night-diver\/\">Nachttauchg\u00e4ngen<\/a> sieht man h\u00e4ufig Barrakudas, die Tauchlampen zur Jagd nutzen.<\/p>\n<p>Gelbschwanz-Barrakudas setzen auf \u201eSicherheit in der Gruppe\u201c und bei der Fortpflanzung k\u00f6nnen Weibchen bis zu etwa 30.000 Eier auf einmal freisetzen.[\/vc_column_text][\/vc_column][\/vc_row]<\/p>\n<\/div>","protected":false},"excerpt":{"rendered":"<p>Gelbschwanzbarrakudas k\u00f6nnen von Tauchern an vielen flachen und tiefen Tauchpl\u00e4tzen vor Koh Tao beobachtet werden, darunter Mango Bay, Twins, White Rock, Shark Island und Chumphon Pinnacle.<\/p>\n","protected":false},"author":2,"featured_media":18228,"parent":18647,"menu_order":0,"comment_status":"closed","ping_status":"closed","template":"","meta":{"_acf_changed":false,"footnotes":""},"class_list":["post-18572","page","type-page","status-publish","has-post-thumbnail","hentry"],"acf":[],"yoast_head":"<!-- This site is optimized with the Yoast SEO Premium plugin v27.6 (Yoast SEO v27.6) - https:\/\/yoast.com\/product\/yoast-seo-premium-wordpress\/ -->\n<title>Gelbschwanzbarrakuda Koh Tao | Tauchgang mit Schwarzer Schildkr\u00f6te<\/title>\n<meta name=\"description\" content=\"Gelbschwanz-Barrakudas k\u00f6nnen vor Koh Tao von Tauchern an flachen und tiefen Tauchpl\u00e4tzen wie Mango Bay, White Rock, Shark Island und Chumphon Pinnacle beobachtet werden.\" \/>\n<meta name=\"robots\" content=\"index, follow, max-snippet:-1, max-image-preview:large, max-video-preview:-1\" \/>\n<link rel=\"canonical\" href=\"https:\/\/www.blackturtledive.com\/de\/koh-tao-marine-life\/yellow-tail-barracuda\/\" \/>\n<meta property=\"og:locale\" content=\"de_DE\" \/>\n<meta property=\"og:type\" content=\"article\" \/>\n<meta property=\"og:title\" content=\"Yellow Tailed Barracuda Koh Tao | Black Turtle Dive\" \/>\n<meta property=\"og:description\" content=\"Yellow Tailed Barracuda on Koh Tao can be seen by scuba divers at shallow and deep dive sites including Mango Bay, White Rock, Shark Island &amp; Chumphon Pinnacle\" \/>\n<meta property=\"og:url\" content=\"https:\/\/www.blackturtledive.com\/de\/koh-tao-marine-life\/yellow-tail-barracuda\/\" \/>\n<meta property=\"og:site_name\" content=\"Black Turtle Dive Koh Tao\" \/>\n<meta property=\"article:publisher\" content=\"https:\/\/www.facebook.com\/blackturtledive\" \/>\n<meta property=\"article:modified_time\" content=\"2026-05-05T14:23:22+00:00\" \/>\n<meta property=\"og:image\" content=\"https:\/\/www.blackturtledive.com\/wp-content\/uploads\/2020\/11\/blackturtledive.com-best-padi-divemaster-course-koh-tao.jpg\" \/>\n\t<meta property=\"og:image:width\" content=\"1200\" \/>\n\t<meta property=\"og:image:height\" content=\"800\" \/>\n\t<meta property=\"og:image:type\" content=\"image\/jpeg\" \/>\n<meta name=\"twitter:card\" content=\"summary_large_image\" \/>\n<meta name=\"twitter:title\" content=\"Yellow Tailed Barracuda Koh Tao | Black Turtle Dive\" \/>\n<meta name=\"twitter:description\" content=\"Yellow Tailed Barracuda on Koh Tao can be seen by scuba divers at shallow and deep dive sites including Mango Bay, White Rock, Shark Island &amp; Chumphon Pinnacle\" \/>\n<meta name=\"twitter:image\" content=\"https:\/\/www.blackturtledive.com\/wp-content\/uploads\/2020\/11\/blackturtledive.com-best-padi-divemaster-course-koh-tao.jpg\" \/>\n<meta name=\"twitter:site\" content=\"@blackturtledive\" \/>\n<meta name=\"twitter:label1\" content=\"Gesch\u00e4tzte Lesezeit\" \/>\n\t<meta name=\"twitter:data1\" content=\"3\u00a0Minuten\" \/>\n<!-- \/ Yoast SEO Premium plugin. -->","yoast_head_json":{"title":"Gelbschwanzbarrakuda Koh Tao | Tauchgang mit Schwarzer Schildkr\u00f6te","description":"Gelbschwanz-Barrakudas k\u00f6nnen vor Koh Tao von Tauchern an flachen und tiefen Tauchpl\u00e4tzen wie Mango Bay, White Rock, Shark Island und Chumphon Pinnacle beobachtet werden.","robots":{"index":"index","follow":"follow","max-snippet":"max-snippet:-1","max-image-preview":"max-image-preview:large","max-video-preview":"max-video-preview:-1"},"canonical":"https:\/\/www.blackturtledive.com\/de\/koh-tao-marine-life\/yellow-tail-barracuda\/","og_locale":"de_DE","og_type":"article","og_title":"Yellow Tailed Barracuda Koh Tao | Black Turtle Dive","og_description":"Yellow Tailed Barracuda on Koh Tao can be seen by scuba divers at shallow and deep dive sites including Mango Bay, White Rock, Shark Island & Chumphon Pinnacle","og_url":"https:\/\/www.blackturtledive.com\/de\/koh-tao-marine-life\/yellow-tail-barracuda\/","og_site_name":"Black Turtle Dive Koh Tao","article_publisher":"https:\/\/www.facebook.com\/blackturtledive","article_modified_time":"2026-05-05T14:23:22+00:00","og_image":[{"width":1200,"height":800,"url":"https:\/\/www.blackturtledive.com\/wp-content\/uploads\/2020\/11\/blackturtledive.com-best-padi-divemaster-course-koh-tao.jpg","type":"image\/jpeg"}],"twitter_card":"summary_large_image","twitter_title":"Yellow Tailed Barracuda Koh Tao | Black Turtle Dive","twitter_description":"Yellow Tailed Barracuda on Koh Tao can be seen by scuba divers at shallow and deep dive sites including Mango Bay, White Rock, Shark Island & Chumphon Pinnacle","twitter_image":"https:\/\/www.blackturtledive.com\/wp-content\/uploads\/2020\/11\/blackturtledive.com-best-padi-divemaster-course-koh-tao.jpg","twitter_site":"@blackturtledive","twitter_misc":{"Gesch\u00e4tzte Lesezeit":"3\u00a0Minuten"},"schema":{"@context":"https:\/\/schema.org","@graph":[{"@type":"WebPage","@id":"https:\/\/www.blackturtledive.com\/de\/koh-tao-marine-life\/yellow-tail-barracuda\/","url":"https:\/\/www.blackturtledive.com\/de\/koh-tao-marine-life\/yellow-tail-barracuda\/","name":"Gelbschwanzbarrakuda Koh Tao | Tauchgang mit Schwarzer Schildkr\u00f6te","isPartOf":{"@id":"https:\/\/www.blackturtledive.com\/de\/#website"},"primaryImageOfPage":{"@id":"https:\/\/www.blackturtledive.com\/de\/koh-tao-marine-life\/yellow-tail-barracuda\/#primaryimage"},"image":{"@id":"https:\/\/www.blackturtledive.com\/de\/koh-tao-marine-life\/yellow-tail-barracuda\/#primaryimage"},"thumbnailUrl":"https:\/\/www.blackturtledive.com\/wp-content\/uploads\/2021\/01\/blackturtledive.com-yellow-tail-barracuda-koh-tao.jpg","datePublished":"2021-01-06T08:34:42+00:00","dateModified":"2026-05-05T14:23:22+00:00","description":"Gelbschwanz-Barrakudas k\u00f6nnen vor Koh Tao von Tauchern an flachen und tiefen Tauchpl\u00e4tzen wie Mango Bay, White Rock, Shark Island und Chumphon Pinnacle beobachtet werden.","breadcrumb":{"@id":"https:\/\/www.blackturtledive.com\/de\/koh-tao-marine-life\/yellow-tail-barracuda\/#breadcrumb"},"inLanguage":"de","potentialAction":[{"@type":"ReadAction","target":["https:\/\/www.blackturtledive.com\/de\/koh-tao-marine-life\/yellow-tail-barracuda\/"]}]},{"@type":"ImageObject","inLanguage":"de","@id":"https:\/\/www.blackturtledive.com\/de\/koh-tao-marine-life\/yellow-tail-barracuda\/#primaryimage","url":"https:\/\/www.blackturtledive.com\/wp-content\/uploads\/2021\/01\/blackturtledive.com-yellow-tail-barracuda-koh-tao.jpg","contentUrl":"https:\/\/www.blackturtledive.com\/wp-content\/uploads\/2021\/01\/blackturtledive.com-yellow-tail-barracuda-koh-tao.jpg","width":1100,"height":623,"caption":"Yellow Tail Barracuda Koh Tao"},{"@type":"BreadcrumbList","@id":"https:\/\/www.blackturtledive.com\/de\/koh-tao-marine-life\/yellow-tail-barracuda\/#breadcrumb","itemListElement":[{"@type":"ListItem","position":1,"name":"Home","item":"https:\/\/www.blackturtledive.com\/de\/"},{"@type":"ListItem","position":2,"name":"Koh Tao Meeresleben","item":"https:\/\/www.blackturtledive.com\/de\/koh-tao-marine-life\/"},{"@type":"ListItem","position":3,"name":"Gelbschwanz\u2011Barrakuda"}]},{"@type":"WebSite","@id":"https:\/\/www.blackturtledive.com\/de\/#website","url":"https:\/\/www.blackturtledive.com\/de\/","name":"Black Turtle Dive Koh Tao","description":"Ocean Explorers | Marine Protectors","publisher":{"@id":"https:\/\/www.blackturtledive.com\/de\/#organization"},"alternateName":"Black Turtle Dive in Thailand","potentialAction":[{"@type":"SearchAction","target":{"@type":"EntryPoint","urlTemplate":"https:\/\/www.blackturtledive.com\/de\/?s={search_term_string}"},"query-input":{"@type":"PropertyValueSpecification","valueRequired":true,"valueName":"search_term_string"}}],"inLanguage":"de"},{"@type":"Organization","@id":"https:\/\/www.blackturtledive.com\/de\/#organization","name":"Black Turtle Dive Koh Tao","alternateName":"Black Turtle Dive","url":"https:\/\/www.blackturtledive.com\/de\/","logo":{"@type":"ImageObject","inLanguage":"de","@id":"https:\/\/www.blackturtledive.com\/de\/#\/schema\/logo\/image\/","url":"https:\/\/www.blackturtledive.com\/wp-content\/uploads\/2020\/11\/cropped-blackturtledive.com-brand-logo.png","contentUrl":"https:\/\/www.blackturtledive.com\/wp-content\/uploads\/2020\/11\/cropped-blackturtledive.com-brand-logo.png","width":400,"height":400,"caption":"Black Turtle Dive Koh Tao"},"image":{"@id":"https:\/\/www.blackturtledive.com\/de\/#\/schema\/logo\/image\/"},"sameAs":["https:\/\/www.facebook.com\/blackturtledive","https:\/\/x.com\/blackturtledive","https:\/\/www.instagram.com\/blackturtledive\/","https:\/\/www.youtube.com\/blackturtledive","https:\/\/www.linkedin.com\/company\/blackturtledive\/","https:\/\/www.tumblr.com\/blackturtledive","https:\/\/www.pinterest.com\/blackturtledive\/","https:\/\/www.tiktok.com\/@blackturtledive","https:\/\/www.reddit.com\/user\/blackturtledive\/"],"description":"Black Turtle Dive is a modern and innovative 5 Star Career Development Scuba Diving Center, passionate about the ocean and through training we want to empower you to become a competent and confident scuba diver. Our diving courses equip you with the skills, knowledge and awareness necessary to explore the ocean safely, whilst becoming a passionate advocate and protector of the marine environment. If you have never dived before or are a certified diver and want to develop your skills further, our tailored, bespoke courses and programs will inspire you to become an Ocean advocate. Our scientific based Marine Conservation Internships and training programs, offer aspiring scuba divers and marine conservationists, the best marine conservation internships on Koh Tao. We currently offer students six levels of Marine Conservation Internships at our beachside location on Koh Tao in Thailand. Check out our website for more information.","email":"info@blackturtledive.com","telephone":"089 592 2134","legalName":"Black Turtle Dive Co Ltd","foundingDate":"2020-01-01","publishingPrinciples":"https:\/\/www.blackturtledive.com\/terms\/","ownershipFundingInfo":"https:\/\/www.blackturtledive.com\/terms\/","actionableFeedbackPolicy":"https:\/\/www.blackturtledive.com\/privacy-policy\/","correctionsPolicy":"https:\/\/www.blackturtledive.com\/privacy-policy\/","ethicsPolicy":"https:\/\/www.blackturtledive.com\/privacy-policy\/","diversityPolicy":"https:\/\/www.blackturtledive.com\/privacy-policy\/"}]}},"_links":{"self":[{"href":"https:\/\/www.blackturtledive.com\/de\/wp-json\/wp\/v2\/pages\/18572","targetHints":{"allow":["GET"]}}],"collection":[{"href":"https:\/\/www.blackturtledive.com\/de\/wp-json\/wp\/v2\/pages"}],"about":[{"href":"https:\/\/www.blackturtledive.com\/de\/wp-json\/wp\/v2\/types\/page"}],"author":[{"embeddable":true,"href":"https:\/\/www.blackturtledive.com\/de\/wp-json\/wp\/v2\/users\/2"}],"replies":[{"embeddable":true,"href":"https:\/\/www.blackturtledive.com\/de\/wp-json\/wp\/v2\/comments?post=18572"}],"version-history":[{"count":1,"href":"https:\/\/www.blackturtledive.com\/de\/wp-json\/wp\/v2\/pages\/18572\/revisions"}],"predecessor-version":[{"id":70824,"href":"https:\/\/www.blackturtledive.com\/de\/wp-json\/wp\/v2\/pages\/18572\/revisions\/70824"}],"up":[{"embeddable":true,"href":"https:\/\/www.blackturtledive.com\/de\/wp-json\/wp\/v2\/pages\/18647"}],"wp:featuredmedia":[{"embeddable":true,"href":"https:\/\/www.blackturtledive.com\/de\/wp-json\/wp\/v2\/media\/18228"}],"wp:attachment":[{"href":"https:\/\/www.blackturtledive.com\/de\/wp-json\/wp\/v2\/media?parent=18572"}],"curies":[{"name":"wp","href":"https:\/\/api.w.org\/{rel}","templated":true}]}}