{"id":18574,"date":"2021-01-05T21:15:14","date_gmt":"2021-01-05T14:15:14","guid":{"rendered":"https:\/\/www.blackturtledive.com\/persian-carpet-flatworm\/"},"modified":"2026-05-05T21:23:23","modified_gmt":"2026-05-05T14:23:23","slug":"persian-carpet-flatworm","status":"publish","type":"page","link":"https:\/\/www.blackturtledive.com\/de\/koh-tao-marine-life\/persian-carpet-flatworm\/","title":{"rendered":"Persischer Teppich\u2011Plattwurm"},"content":{"rendered":"<div class=\"wpb-content-wrapper\"><p>[vc_row][vc_column][vc_column_text css=&#8220;&#8220;]Der Persische Teppich\u2011Plattwurm (Pseudobiceros bedfordi) ist ein lebhaftes, oval geformtes Meerestier, bekannt f\u00fcr seine kunstvollen, wirbelnden Muster, die einem traditionellen persischen Teppich \u00e4hneln.<\/p>\n<p>Diese zarten Plattw\u00fcrmer gleiten mit winzigen Zilien \u00fcber das Riff oder schwimmen mit auff\u00e4lligen, bandartigen Wellbewegungen ihrer K\u00f6rperr\u00e4nder, um sich zwischen Korallenritzen zu bewegen.<\/p>\n<p>Neben ihrer Sch\u00f6nheit sind sie ber\u00fchmt f\u00fcr das \u201ePenis-Fencing\u201c \u2014 ein einzigartiges, hermaphroditisches Paarungsritual; ihre leuchtenden Farben dienen als Bates\u02b9sche Mimikry, um R\u00e4uber zu t\u00e4uschen und als giftige Nacktschnecken wahrgenommen zu werden.<\/p>\n<h3><span style=\"color: #28d4ff;\">Alles \u00fcber den Persischen Teppich-Plattwurm auf Koh Tao<\/span><\/h3>\n<p>Der Persische Teppich-Plattwurm auf <a href=\"https:\/\/www.blackturtledive.com\/koh-tao\/\">Koh Tao<\/a> (<span style=\"color: #28d4ff;\">Pseudobiceros bedfordi<\/span>) verdankt seinen Namen den reich gef\u00e4rbten, wellenf\u00f6rmigen Mustern auf dem K\u00f6rper, die an einen edlen persischen Teppich erinnern.<\/p>\n<p>Er wird auch <span style=\"color: #28d4ff;\"><em>Bedford&#8211;Plattwurm<\/em><\/span> genannt, benannt nach Herrn Bedford, einem Freund des Entdeckers Laidlaw (1903).<\/p>\n<div  data-ep-a=\"fadeIn\"  id=\"_ytid_99572\"  width=\"640\" height=\"360\"  data-origwidth=\"640\" data-origheight=\"360\"  data-relstop=\"1\" data-facadesrc=\"https:\/\/www.youtube.com\/embed\/1EdJuyfPUfg?enablejsapi=1&origin=https:\/\/www.blackturtledive.com&autoplay=0&cc_load_policy=0&cc_lang_pref=&iv_load_policy=1&loop=0&rel=0&fs=1&playsinline=0&autohide=2&theme=dark&color=red&controls=1&disablekb=0&\" class=\"__youtube_prefs__ epyt-facade  no-lazyload\" data-epautoplay=\"1\" ><img decoding=\"async\" data-spai-excluded=\"true\" class=\"epyt-facade-poster skip-lazy\" loading=\"lazy\"  alt=\"Rare Find In Koh Tao: The Stunning Persian Carpet Flatworm | BlackTurtleDive.com\"  src=\"https:\/\/i.ytimg.com\/vi\/1EdJuyfPUfg\/maxresdefault.jpg\"  \/><button class=\"epyt-facade-play\" aria-label=\"Play\"><svg data-no-lazy=\"1\" height=\"100%\" version=\"1.1\" viewBox=\"0 0 68 48\" width=\"100%\"><path class=\"ytp-large-play-button-bg\" d=\"M66.52,7.74c-0.78-2.93-2.49-5.41-5.42-6.19C55.79,.13,34,0,34,0S12.21,.13,6.9,1.55 C3.97,2.33,2.27,4.81,1.48,7.74C0.06,13.05,0,24,0,24s0.06,10.95,1.48,16.26c0.78,2.93,2.49,5.41,5.42,6.19 C12.21,47.87,34,48,34,48s21.79-0.13,27.1-1.55c2.93-0.78,4.64-3.26,5.42-6.19C67.94,34.95,68,24,68,24S67.94,13.05,66.52,7.74z\" fill=\"#f00\"><\/path><path d=\"M 45,24 27,14 27,34\" fill=\"#fff\"><\/path><\/svg><\/button><\/div><span itemprop=\"video\" itemscope itemtype=\"http:\/\/schema.org\/VideoObject\"><meta itemprop=\"embedUrl\" content=\"https:\/\/www.youtube.com\/embed\/1EdJuyfPUfg\"><meta itemprop=\"name\" content=\"Rare Find In Koh Tao: The Stunning Persian Carpet Flatworm | BlackTurtleDive.com\"><meta itemprop=\"description\" content=\"Dive into the mesmerizing waters of Koh Tao and discover the stunning Persian Carpet Flatworm, a marvel of the marine world. This video showcases this flatworm&#039;s unique beauty and intricate patterns, resembling a fine Persian carpet. Witness this fascinating creature in its natural habitat, highlighting the diversity and wonder of Koh Tao&#039;s underwater ecosystem. Check out more marine life: https:\/\/www.blackturtledive.com\/koh-tao-marine-life\/persian-carpet-flatworm\/ This video concerns Rare Find In Koh Tao: The Stunning Persian Carpet Flatworm. But It also covers the following topics: Marine Life Exploration Scuba Diving Thailand Underwater Photography Video Title: Rare Find In Koh Tao: The Stunning Persian Carpet Flatworm | BlackTurtleDive.com \ud83d\udd14Get on a Life-Changing Underwater Adventure with Us \u2013 Your Gateway to the Ocean&#039;s Wonders! Hit Subscribe Now to Join Our Community of Ocean Advocates. https:\/\/www.youtube.com\/&#064;BlackTurtleDive\/?sub_confirmation=1 \u2705Important Links to Follow \ud83d\udd17Brand Channels \u2728Main diving courses brand: https:\/\/www.blackturtledive.com\/ \u2728PADI Dive Courses ( Pro level): https:\/\/idckohtao.com\/ \u2728Marine Conservation Internships: https:\/\/www.ecokohtao.com\/ \u2705 Stay Connected With Us. \ud83d\udc49Facebook: https:\/\/www.facebook.com\/blackturtledive \ud83d\udc49Instagram: https:\/\/www.instagram.com\/blackturtledive\/ \ud83d\udc49Threads: https:\/\/www.threads.net\/&#064;blackturtledive \ud83d\udc49Tiktok: https:\/\/www.tiktok.com\/&#064;blackturtledive \ud83d\udc49Twitter (X): https:\/\/twitter.com\/blackturtledive \ud83d\udc49Pinterest: https:\/\/www.pinterest.com\/blackturtledive\/ \ud83d\udc49Website: https:\/\/www.blackturtledive.com\/ \u2705 For Business Inquiries: media&#064;blackturtledive.com ============================= \u2705 Recommended Playlists \ud83d\udc49 Koh Tao Marine Life (Part 1) https:\/\/www.youtube.com\/watch?v=1D3Dbtrq5vI&amp;list=PLW_jU0PKLEUGS-ZQjvOB0_8q7cZZmOqCC&amp;pp=iAQB \ud83d\udc49PADI Instructor Development Course (IDC) | Black Turtle Dive, Koh Tao https:\/\/www.youtube.com\/watch?v=kXPwkxj0gyg&amp;list=PLW_jU0PKLEUEUo8dW4l2QD8ywAwK7xP1c&amp;pp=iAQB \u2705 Other Videos You Might Be Interested In Watching: \ud83d\udc49 Coral Watch Marine Conservation Course in Koh Tao, Thailand https:\/\/www.youtube.com\/watch?v=mM6C-QgT1z4 \ud83d\udc49 Artificial Reefs - Marine Conservation Course in Thailand https:\/\/www.youtube.com\/watch?v=K9dld48M0qg \ud83d\udc49 PADI Open Water Course on Koh Tao in Thailand https:\/\/www.youtube.com\/watch?v=xL8WyFY9bRM \ud83d\udc49 Pink Tail Trigger Fish Koh Tao https:\/\/www.youtube.com\/watch?v=JrQtGqlxnX8 \ud83d\udc49 Ocellated Eagle Ray Koh Tao https:\/\/www.youtube.com\/watch?v=xiO-23risdc ============================= \u2705 About Black Turtle Dive. As a modern and innovative Scuba Diving Center, Black Turtle Dive is passionate about the ocean, and through our training, we want to empower you to become a competent and confident scuba diver. Our diving courses equip you with the skills, knowledge, and awareness necessary to explore the ocean safely while becoming a passionate advocate and protector of the marine environment. If you have never dived before or are a certified diver and want to develop your skills further, our tailored, bespoke courses and programs will inspire you to become an Ocean advocate. Our scientific-based Marine Conservation Internships, or Reef Ecology And Conservation Training program (REACT), offer aspiring scuba divers and marine conservationists the best marine conservation internships on Koh Tao. We offer students three levels of Marine Conservation Internships at our beachside location on Koh Tao in Thailand. For Collaboration and Business inquiries, please use the contact information below: \ud83d\udce9 Email: media&#064;blackturtledive.com \ud83d\udd14Discover the Underwater World with Us: Expert Training, Unforgettable Experiences, and a Commitment to Marine Protection. Subscribe Now: https:\/\/www.youtube.com\/&#064;BlackTurtleDive\/?sub_confirmation=1 ================================= #persiancarpetflatworm #kohtao #scubadiving #marinelife #underwaterbeauty #divingthailand \u26a0\ufe0fDISCLAIMER: We do not accept any liability for any loss or damage incurred from you acting or not acting as a result of watching any of our publications. You acknowledge that you use the information we provide at your own risk. Do your research. Copyright Notice: This video and our YouTube channel contain dialogue, music, and images that are the property of Black Turtle Dive. You are authorized to share the video link and channel and embed this video in your website or others as long as a link back to our YouTube channel is provided. \u00a9 Black Turtle Dive\"><meta itemprop=\"thumbnailUrl\" content=\"https:\/\/i.ytimg.com\/vi\/1EdJuyfPUfg\/0.jpg\"><meta itemprop=\"duration\" content=\"PT1M27S\"><meta itemprop=\"uploadDate\" content=\"2021-01-16T14:17:12Z\"><\/span>\n<h3>Wo man den Persischen Teppich-Plattwurm auf Koh Tao findet<\/h3>\n<p>Den Persischen Teppich-Plattwurm findet man an vielen <a href=\"https:\/\/www.blackturtledive.com\/koh-tao-dive-sites\/\">Tauchpl\u00e4tzen<\/a> rund um Koh Tao, unter anderem in <a href=\"https:\/\/www.blackturtledive.com\/koh-tao-dive-sites\/hin-wong-pinnacle\/\">Wong Pinnacle<\/a>, <a href=\"https:\/\/www.blackturtledive.com\/koh-tao-dive-sites\/hin-pee-wee\/\">Hin Pee Wee<\/a>, <a href=\"https:\/\/www.blackturtledive.com\/koh-tao-dive-sites\/twins-pinnacle\/\">Twin Peaks<\/a>, <a href=\"https:\/\/www.blackturtledive.com\/koh-tao-dive-sites\/aow-leuk\/\">Aow Leuk<\/a> und <a href=\"https:\/\/www.blackturtledive.com\/koh-tao-dive-sites\/green-rock\/\">Green Rock<\/a>.<\/p>\n<h3><span style=\"color: #28d4ff;\">Wie man den Persischen Teppich-Plattwurm erkennt<\/span><\/h3>\n<p>Persische Teppich&#8211;Plattw\u00fcrmer werden bis zu etwa 10 cm gro\u00df und haben einen ovalen K\u00f6rper, \u00fcbers\u00e4t mit zahlreichen wellenf\u00f6rmigen Linien.<\/p>\n<p>Oft ist der K\u00f6rper \u00fcberwiegend braun mit rosa- und orangefarbenen Streifen, einem schwarzen Rand und sehr kleinen wei\u00dfen Punkten.<\/p>\n<p>Die Farbgebung variiert individuell von Exemplar zu Exemplar.<\/p>\n<figure id=\"attachment_3475\" aria-describedby=\"caption-attachment-3475\" style=\"width: 1000px\" class=\"wp-caption alignnone\"><img decoding=\"async\" class=\"size-full wp-image-3475\" src=\"https:\/\/www.blackturtledive.com\/wp-content\/uploads\/2021\/01\/blackturtledive.com-persian-carpet-flatworm-koh-tao-marine-life.jpg\" alt=\"Persischer Teppich-Plattwurm Koh Tao Thailand\" width=\"1000\" height=\"657\" srcset=\"https:\/\/www.blackturtledive.com\/wp-content\/uploads\/2021\/01\/blackturtledive.com-persian-carpet-flatworm-koh-tao-marine-life.jpg 1000w, https:\/\/www.blackturtledive.com\/wp-content\/uploads\/2021\/01\/blackturtledive.com-persian-carpet-flatworm-koh-tao-marine-life-300x197.jpg 300w, https:\/\/www.blackturtledive.com\/wp-content\/uploads\/2021\/01\/blackturtledive.com-persian-carpet-flatworm-koh-tao-marine-life-768x505.jpg 768w, https:\/\/www.blackturtledive.com\/wp-content\/uploads\/2021\/01\/blackturtledive.com-persian-carpet-flatworm-koh-tao-marine-life-150x99.jpg 150w\" sizes=\"(max-width: 1000px) 100vw, 1000px\" \/><figcaption id=\"caption-attachment-3475\" class=\"wp-caption-text\">Persischer Teppich-Plattwurm Koh Tao Thailand<\/figcaption><\/figure>\n<h3>Typisches Muster des Persischen Teppich\u2011Plattwurms<\/h3>\n<p>Charakteristisch sind die gekr\u00e4uselten, von der K\u00f6rpermitte zur Seite verlaufenden Muster.<\/p>\n<p>Die Unterseite ist rosarot, der dunkle schwarze Rand verl\u00e4uft ringsum.<\/p>\n<p>An der K\u00f6rper Basis sind <span style=\"color: #28d4ff;\"><em>Pseudo-Tentakeln<\/em><\/span> sichtbar \u2014 rohrartige Ausst\u00fclpungen durch eingeklappte K\u00f6rper-R\u00e4nder.<\/p>\n<h3><span style=\"color: #28d4ff;\">Merkmale &amp; Verhalten des Persischen Teppich-Plattwurms<\/span><\/h3>\n<p>Persische Teppich-Plattw\u00fcrmer werden meist einzeln, gelegentlich paarweise angetroffen.<\/p>\n<p>Sie bewegen sich \u00fcber den Riffelboden mit Hilfe winziger K\u00f6rner&#8211;\/H\u00e4rchen, die sie rudernd schlagen \u2014 diese wirken wie Millionen kleiner F\u00fc\u00dfe und treiben sie wellenf\u00f6rmig voran.<\/p>\n<figure id=\"attachment_3477\" aria-describedby=\"caption-attachment-3477\" style=\"width: 1000px\" class=\"wp-caption alignnone\"><img decoding=\"async\" class=\"size-full wp-image-3477\" src=\"https:\/\/www.blackturtledive.com\/wp-content\/uploads\/2021\/01\/blackturtledive.com-persian-carpet-flatworm-koh-tao-thailand.jpg\" alt=\"Persischer Teppich-Plattwurm Koh Tao Meeresleben\" width=\"1000\" height=\"667\" srcset=\"https:\/\/www.blackturtledive.com\/wp-content\/uploads\/2021\/01\/blackturtledive.com-persian-carpet-flatworm-koh-tao-thailand.jpg 1000w, https:\/\/www.blackturtledive.com\/wp-content\/uploads\/2021\/01\/blackturtledive.com-persian-carpet-flatworm-koh-tao-thailand-300x200.jpg 300w, https:\/\/www.blackturtledive.com\/wp-content\/uploads\/2021\/01\/blackturtledive.com-persian-carpet-flatworm-koh-tao-thailand-768x512.jpg 768w, https:\/\/www.blackturtledive.com\/wp-content\/uploads\/2021\/01\/blackturtledive.com-persian-carpet-flatworm-koh-tao-thailand-150x100.jpg 150w\" sizes=\"(max-width: 1000px) 100vw, 1000px\" \/><figcaption id=\"caption-attachment-3477\" class=\"wp-caption-text\">Persischer Teppich-Plattwurm Koh Tao Meeresleben<\/figcaption><\/figure>\n<h3>Nahrungsaufnahme des Persischen Teppich-Plattwurms<\/h3>\n<p>Sie fressen sehr kleine Krebstiere und Manteltiere (Ascidiacea). Dazu positionieren sie sich \u00fcber der Beute, klappen ihren \u201eRock\u201c (K\u00f6rperkante) zu und saugen die Beute mit einem r\u00f6hrenf\u00f6rmigen Mund heraus, der wie ein Verarbeiter\/Blender wirkt.<\/p>\n<p>Die Lebensdauer h\u00e4ngt von der Gr\u00f6\u00dfe ab \u2014 schwankt je nach Aufzeichnung von wenigen Monaten bis zu etwa 30 Jahren.<\/p>\n<h3><span style=\"color: #28d4ff;\">Interessante Fakten zum Persischen Teppich-Plattwurm<\/span><\/h3>\n<p>Trotz kleiner Gr\u00f6\u00dfe verf\u00fcgen sie \u00fcber gute Sehstrukturen: zwei nebeneinander liegende Cluster von \u201eGehirn-Augen&#8220;, zusammen etwa 100 Augenflecken.<\/p>\n<p>Wie viele Plattw\u00fcrmer nutzen sie Bates\u2019sche Mimikry: Als harmlose Art <span style=\"color: #28d4ff;\"><em>imitieren<\/em><\/span> sie die F\u00e4rbung giftiger Nacktschnecken (Nudibranchia), um <span style=\"color: #28d4ff;\">Fressfeinde abzuschrecken<\/span>.<\/p>\n<figure id=\"attachment_3361\" aria-describedby=\"caption-attachment-3361\" style=\"width: 1000px\" class=\"wp-caption alignnone\"><img decoding=\"async\" class=\"size-full wp-image-3361\" src=\"https:\/\/www.blackturtledive.com\/wp-content\/uploads\/2021\/01\/blackturtledive.com-persian-carpet-flatworm-koh-tao.jpg\" alt=\"Persischer Teppich-Plattwurm Koh Tao\" width=\"1000\" height=\"712\" srcset=\"https:\/\/www.blackturtledive.com\/wp-content\/uploads\/2021\/01\/blackturtledive.com-persian-carpet-flatworm-koh-tao.jpg 1000w, https:\/\/www.blackturtledive.com\/wp-content\/uploads\/2021\/01\/blackturtledive.com-persian-carpet-flatworm-koh-tao-300x214.jpg 300w, https:\/\/www.blackturtledive.com\/wp-content\/uploads\/2021\/01\/blackturtledive.com-persian-carpet-flatworm-koh-tao-768x547.jpg 768w, https:\/\/www.blackturtledive.com\/wp-content\/uploads\/2021\/01\/blackturtledive.com-persian-carpet-flatworm-koh-tao-150x107.jpg 150w\" sizes=\"(max-width: 1000px) 100vw, 1000px\" \/><figcaption id=\"caption-attachment-3361\" class=\"wp-caption-text\">Persischer Teppich-Plattwurm Koh Tao<\/figcaption><\/figure>\n<p>[\/vc_column_text][\/vc_column][\/vc_row]<\/p>\n<\/div>","protected":false},"excerpt":{"rendered":"<p>Der Persische Teppichplattwurm auf Koh Tao (Pseudobiceros Bedordi) verdankt seinen Namen den farbenpr\u00e4chtigen Wellen auf seinem K\u00f6rper, die einem feinen Perserteppich \u00e4hneln.<\/p>\n","protected":false},"author":2,"featured_media":18220,"parent":18647,"menu_order":0,"comment_status":"closed","ping_status":"closed","template":"","meta":{"_acf_changed":false,"footnotes":""},"class_list":["post-18574","page","type-page","status-publish","has-post-thumbnail","hentry"],"acf":[],"yoast_head":"<!-- This site is optimized with the Yoast SEO Premium plugin v27.6 (Yoast SEO v27.6) - https:\/\/yoast.com\/product\/yoast-seo-premium-wordpress\/ -->\n<title>Persischer Teppichplattwurm Koh Tao | Schwarze Schildkr\u00f6tentaucher<\/title>\n<meta name=\"description\" content=\"Persian Carpet Flatworm on Koh Tao can be found at many of the dive sites including Hin Wong Pinnacle, Hin Pee Wee, Twin Peaks, Aow Leuk and Green Rock\" \/>\n<meta name=\"robots\" content=\"index, follow, max-snippet:-1, max-image-preview:large, max-video-preview:-1\" \/>\n<link rel=\"canonical\" href=\"https:\/\/www.blackturtledive.com\/de\/koh-tao-marine-life\/persian-carpet-flatworm\/\" \/>\n<meta property=\"og:locale\" content=\"de_DE\" \/>\n<meta property=\"og:type\" content=\"article\" \/>\n<meta property=\"og:title\" content=\"Persian Carpet Flatworm Koh Tao | Black Turtle Dive\" \/>\n<meta property=\"og:description\" content=\"Persian Carpet Flatworm on Koh Tao can be found at many of the dive sites including Hin Wong Pinnacle, Hin Pee Wee, Twin Peaks, Aow Leuk and Green Rock\" \/>\n<meta property=\"og:url\" content=\"https:\/\/www.blackturtledive.com\/de\/koh-tao-marine-life\/persian-carpet-flatworm\/\" \/>\n<meta property=\"og:site_name\" content=\"Black Turtle Dive Koh Tao\" \/>\n<meta property=\"article:publisher\" content=\"https:\/\/www.facebook.com\/blackturtledive\" \/>\n<meta property=\"article:modified_time\" content=\"2026-05-05T14:23:23+00:00\" \/>\n<meta property=\"og:image\" content=\"https:\/\/www.blackturtledive.com\/wp-content\/uploads\/2020\/11\/blackturtledive.com-best-padi-divemaster-course-koh-tao.jpg\" \/>\n\t<meta property=\"og:image:width\" content=\"1200\" \/>\n\t<meta property=\"og:image:height\" content=\"800\" \/>\n\t<meta property=\"og:image:type\" content=\"image\/jpeg\" \/>\n<meta name=\"twitter:card\" content=\"summary_large_image\" \/>\n<meta name=\"twitter:title\" content=\"Persian Carpet Flatworm Koh Tao | Black Turtle Dive\" \/>\n<meta name=\"twitter:description\" content=\"Persian Carpet Flatworm on Koh Tao can be found at many of the dive sites including Hin Wong Pinnacle, Hin Pee Wee, Twin Peaks, Aow Leuk and Green Rock\" \/>\n<meta name=\"twitter:image\" content=\"https:\/\/www.blackturtledive.com\/wp-content\/uploads\/2020\/11\/blackturtledive.com-best-padi-divemaster-course-koh-tao.jpg\" \/>\n<meta name=\"twitter:site\" content=\"@blackturtledive\" \/>\n<meta name=\"twitter:label1\" content=\"Gesch\u00e4tzte Lesezeit\" \/>\n\t<meta name=\"twitter:data1\" content=\"3\u00a0Minuten\" \/>\n<!-- \/ Yoast SEO Premium plugin. -->","yoast_head_json":{"title":"Persischer Teppichplattwurm Koh Tao | Schwarze Schildkr\u00f6tentaucher","description":"Persian Carpet Flatworm on Koh Tao can be found at many of the dive sites including Hin Wong Pinnacle, Hin Pee Wee, Twin Peaks, Aow Leuk and Green Rock","robots":{"index":"index","follow":"follow","max-snippet":"max-snippet:-1","max-image-preview":"max-image-preview:large","max-video-preview":"max-video-preview:-1"},"canonical":"https:\/\/www.blackturtledive.com\/de\/koh-tao-marine-life\/persian-carpet-flatworm\/","og_locale":"de_DE","og_type":"article","og_title":"Persian Carpet Flatworm Koh Tao | Black Turtle Dive","og_description":"Persian Carpet Flatworm on Koh Tao can be found at many of the dive sites including Hin Wong Pinnacle, Hin Pee Wee, Twin Peaks, Aow Leuk and Green Rock","og_url":"https:\/\/www.blackturtledive.com\/de\/koh-tao-marine-life\/persian-carpet-flatworm\/","og_site_name":"Black Turtle Dive Koh Tao","article_publisher":"https:\/\/www.facebook.com\/blackturtledive","article_modified_time":"2026-05-05T14:23:23+00:00","og_image":[{"width":1200,"height":800,"url":"https:\/\/www.blackturtledive.com\/wp-content\/uploads\/2020\/11\/blackturtledive.com-best-padi-divemaster-course-koh-tao.jpg","type":"image\/jpeg"}],"twitter_card":"summary_large_image","twitter_title":"Persian Carpet Flatworm Koh Tao | Black Turtle Dive","twitter_description":"Persian Carpet Flatworm on Koh Tao can be found at many of the dive sites including Hin Wong Pinnacle, Hin Pee Wee, Twin Peaks, Aow Leuk and Green Rock","twitter_image":"https:\/\/www.blackturtledive.com\/wp-content\/uploads\/2020\/11\/blackturtledive.com-best-padi-divemaster-course-koh-tao.jpg","twitter_site":"@blackturtledive","twitter_misc":{"Gesch\u00e4tzte Lesezeit":"3\u00a0Minuten"},"schema":{"@context":"https:\/\/schema.org","@graph":[{"@type":"WebPage","@id":"https:\/\/www.blackturtledive.com\/de\/koh-tao-marine-life\/persian-carpet-flatworm\/","url":"https:\/\/www.blackturtledive.com\/de\/koh-tao-marine-life\/persian-carpet-flatworm\/","name":"Persischer Teppichplattwurm Koh Tao | Schwarze Schildkr\u00f6tentaucher","isPartOf":{"@id":"https:\/\/www.blackturtledive.com\/de\/#website"},"primaryImageOfPage":{"@id":"https:\/\/www.blackturtledive.com\/de\/koh-tao-marine-life\/persian-carpet-flatworm\/#primaryimage"},"image":{"@id":"https:\/\/www.blackturtledive.com\/de\/koh-tao-marine-life\/persian-carpet-flatworm\/#primaryimage"},"thumbnailUrl":"https:\/\/www.blackturtledive.com\/wp-content\/uploads\/2021\/01\/blackturtledive.com-persian-carpet-flatworm-koh-tao.jpg","datePublished":"2021-01-05T14:15:14+00:00","dateModified":"2026-05-05T14:23:23+00:00","description":"Persian Carpet Flatworm on Koh Tao can be found at many of the dive sites including Hin Wong Pinnacle, Hin Pee Wee, Twin Peaks, Aow Leuk and Green Rock","breadcrumb":{"@id":"https:\/\/www.blackturtledive.com\/de\/koh-tao-marine-life\/persian-carpet-flatworm\/#breadcrumb"},"inLanguage":"de","potentialAction":[{"@type":"ReadAction","target":["https:\/\/www.blackturtledive.com\/de\/koh-tao-marine-life\/persian-carpet-flatworm\/"]}]},{"@type":"ImageObject","inLanguage":"de","@id":"https:\/\/www.blackturtledive.com\/de\/koh-tao-marine-life\/persian-carpet-flatworm\/#primaryimage","url":"https:\/\/www.blackturtledive.com\/wp-content\/uploads\/2021\/01\/blackturtledive.com-persian-carpet-flatworm-koh-tao.jpg","contentUrl":"https:\/\/www.blackturtledive.com\/wp-content\/uploads\/2021\/01\/blackturtledive.com-persian-carpet-flatworm-koh-tao.jpg","width":1000,"height":712,"caption":"Persian Carpet Flatworm Koh Tao"},{"@type":"BreadcrumbList","@id":"https:\/\/www.blackturtledive.com\/de\/koh-tao-marine-life\/persian-carpet-flatworm\/#breadcrumb","itemListElement":[{"@type":"ListItem","position":1,"name":"Home","item":"https:\/\/www.blackturtledive.com\/de\/"},{"@type":"ListItem","position":2,"name":"Koh Tao Meeresleben","item":"https:\/\/www.blackturtledive.com\/de\/koh-tao-marine-life\/"},{"@type":"ListItem","position":3,"name":"Persischer Teppich\u2011Plattwurm"}]},{"@type":"WebSite","@id":"https:\/\/www.blackturtledive.com\/de\/#website","url":"https:\/\/www.blackturtledive.com\/de\/","name":"Black Turtle Dive Koh Tao","description":"Ocean Explorers | Marine Protectors","publisher":{"@id":"https:\/\/www.blackturtledive.com\/de\/#organization"},"alternateName":"Black Turtle Dive in Thailand","potentialAction":[{"@type":"SearchAction","target":{"@type":"EntryPoint","urlTemplate":"https:\/\/www.blackturtledive.com\/de\/?s={search_term_string}"},"query-input":{"@type":"PropertyValueSpecification","valueRequired":true,"valueName":"search_term_string"}}],"inLanguage":"de"},{"@type":"Organization","@id":"https:\/\/www.blackturtledive.com\/de\/#organization","name":"Black Turtle Dive Koh Tao","alternateName":"Black Turtle Dive","url":"https:\/\/www.blackturtledive.com\/de\/","logo":{"@type":"ImageObject","inLanguage":"de","@id":"https:\/\/www.blackturtledive.com\/de\/#\/schema\/logo\/image\/","url":"https:\/\/www.blackturtledive.com\/wp-content\/uploads\/2020\/11\/cropped-blackturtledive.com-brand-logo.png","contentUrl":"https:\/\/www.blackturtledive.com\/wp-content\/uploads\/2020\/11\/cropped-blackturtledive.com-brand-logo.png","width":400,"height":400,"caption":"Black Turtle Dive Koh Tao"},"image":{"@id":"https:\/\/www.blackturtledive.com\/de\/#\/schema\/logo\/image\/"},"sameAs":["https:\/\/www.facebook.com\/blackturtledive","https:\/\/x.com\/blackturtledive","https:\/\/www.instagram.com\/blackturtledive\/","https:\/\/www.youtube.com\/blackturtledive","https:\/\/www.linkedin.com\/company\/blackturtledive\/","https:\/\/www.tumblr.com\/blackturtledive","https:\/\/www.pinterest.com\/blackturtledive\/","https:\/\/www.tiktok.com\/@blackturtledive","https:\/\/www.reddit.com\/user\/blackturtledive\/"],"description":"Black Turtle Dive is a modern and innovative 5 Star Career Development Scuba Diving Center, passionate about the ocean and through training we want to empower you to become a competent and confident scuba diver. Our diving courses equip you with the skills, knowledge and awareness necessary to explore the ocean safely, whilst becoming a passionate advocate and protector of the marine environment. If you have never dived before or are a certified diver and want to develop your skills further, our tailored, bespoke courses and programs will inspire you to become an Ocean advocate. Our scientific based Marine Conservation Internships and training programs, offer aspiring scuba divers and marine conservationists, the best marine conservation internships on Koh Tao. We currently offer students six levels of Marine Conservation Internships at our beachside location on Koh Tao in Thailand. Check out our website for more information.","email":"info@blackturtledive.com","telephone":"089 592 2134","legalName":"Black Turtle Dive Co Ltd","foundingDate":"2020-01-01","publishingPrinciples":"https:\/\/www.blackturtledive.com\/terms\/","ownershipFundingInfo":"https:\/\/www.blackturtledive.com\/terms\/","actionableFeedbackPolicy":"https:\/\/www.blackturtledive.com\/privacy-policy\/","correctionsPolicy":"https:\/\/www.blackturtledive.com\/privacy-policy\/","ethicsPolicy":"https:\/\/www.blackturtledive.com\/privacy-policy\/","diversityPolicy":"https:\/\/www.blackturtledive.com\/privacy-policy\/"}]}},"_links":{"self":[{"href":"https:\/\/www.blackturtledive.com\/de\/wp-json\/wp\/v2\/pages\/18574","targetHints":{"allow":["GET"]}}],"collection":[{"href":"https:\/\/www.blackturtledive.com\/de\/wp-json\/wp\/v2\/pages"}],"about":[{"href":"https:\/\/www.blackturtledive.com\/de\/wp-json\/wp\/v2\/types\/page"}],"author":[{"embeddable":true,"href":"https:\/\/www.blackturtledive.com\/de\/wp-json\/wp\/v2\/users\/2"}],"replies":[{"embeddable":true,"href":"https:\/\/www.blackturtledive.com\/de\/wp-json\/wp\/v2\/comments?post=18574"}],"version-history":[{"count":1,"href":"https:\/\/www.blackturtledive.com\/de\/wp-json\/wp\/v2\/pages\/18574\/revisions"}],"predecessor-version":[{"id":70826,"href":"https:\/\/www.blackturtledive.com\/de\/wp-json\/wp\/v2\/pages\/18574\/revisions\/70826"}],"up":[{"embeddable":true,"href":"https:\/\/www.blackturtledive.com\/de\/wp-json\/wp\/v2\/pages\/18647"}],"wp:featuredmedia":[{"embeddable":true,"href":"https:\/\/www.blackturtledive.com\/de\/wp-json\/wp\/v2\/media\/18220"}],"wp:attachment":[{"href":"https:\/\/www.blackturtledive.com\/de\/wp-json\/wp\/v2\/media?parent=18574"}],"curies":[{"name":"wp","href":"https:\/\/api.w.org\/{rel}","templated":true}]}}