{"id":18579,"date":"2021-01-01T01:00:36","date_gmt":"2020-12-31T18:00:36","guid":{"rendered":"https:\/\/www.blackturtledive.com\/yellow-edged-moray-eel\/"},"modified":"2026-05-05T21:23:26","modified_gmt":"2026-05-05T14:23:26","slug":"yellow-edged-moray-eel","status":"publish","type":"page","link":"https:\/\/www.blackturtledive.com\/de\/koh-tao-marine-life\/yellow-edged-moray-eel\/","title":{"rendered":"Gelbgerandete Mur\u00e4ne"},"content":{"rendered":"<div class=\"wpb-content-wrapper\"><p>[vc_row][vc_column][vc_column_text css=&#8220;&#8220;]Die Gelbrand\u2011Mur\u00e4ne (Gymnothorax flavimarginatus) ist ein gro\u00dfer, kr\u00e4ftiger Aal mit dunklem, gesprenkeltem K\u00f6rper und einem markanten gelb\u2011gr\u00fcnen Schimmer entlang der Flossenr\u00e4nder.<\/p>\n<p>Diese R\u00e4uber sind h\u00e4ufig an der HTMS Sattakut oder White Rock zu finden, wo sie ihren ausgepr\u00e4gten Geruchssinn zum Jagen nachtaktiver Beute einsetzen.<\/p>\n<p>Trotz ihres aggressiven Erscheinungsbildes beim Aufrei\u00dfen des Mauls (was tats\u00e4chlich nur ihre Atemtechnik ist) sind sie gegen\u00fcber Tauchenden im Allgemeinen scheu, sofern sie nicht provoziert werden oder ein Nest verteidigen.<\/p>\n<h3><span style=\"color: #28d4ff;\">Alles \u00fcber die Gelbrand-Mur\u00e4ne auf Koh Tao<\/span><\/h3>\n<p>Gelbrand-Mur\u00e4nen wirken f\u00fcr <a href=\"https:\/\/www.blackturtledive.com\/padi-diving-courses\/\">Taucher<\/a> zwar einsch\u00fcchternd, sind aber wie alle Mur\u00e4nen sehr scheu und verbringen den Tag meist versteckt.<\/p>\n<figure id=\"attachment_3273\" aria-describedby=\"caption-attachment-3273\" style=\"width: 1000px\" class=\"wp-caption alignnone\"><img decoding=\"async\" class=\"size-full wp-image-3273\" src=\"https:\/\/www.blackturtledive.com\/wp-content\/uploads\/2021\/01\/blackturtledive.com-durban-dancing-shrimp-koh-tao-thailand.jpg\" alt=\"Gelbrand-Mur\u00e4ne &amp; Garnele - Meeresleben\" width=\"1000\" height=\"669\" srcset=\"https:\/\/www.blackturtledive.com\/wp-content\/uploads\/2021\/01\/blackturtledive.com-durban-dancing-shrimp-koh-tao-thailand.jpg 1000w, https:\/\/www.blackturtledive.com\/wp-content\/uploads\/2021\/01\/blackturtledive.com-durban-dancing-shrimp-koh-tao-thailand-300x201.jpg 300w, https:\/\/www.blackturtledive.com\/wp-content\/uploads\/2021\/01\/blackturtledive.com-durban-dancing-shrimp-koh-tao-thailand-768x514.jpg 768w, https:\/\/www.blackturtledive.com\/wp-content\/uploads\/2021\/01\/blackturtledive.com-durban-dancing-shrimp-koh-tao-thailand-150x100.jpg 150w\" sizes=\"(max-width: 1000px) 100vw, 1000px\" \/><figcaption id=\"caption-attachment-3273\" class=\"wp-caption-text\">Gelbrand-Mur\u00e4ne &amp; Garnele &#8211; Meeresleben<\/figcaption><\/figure>\n<h3>Wo man die Gelbrand-Mur\u00e4ne auf Koh Tao findet<\/h3>\n<p>Gelbrand&#8211;Mur\u00e4nen sieht man vorwiegend an <a href=\"https:\/\/www.blackturtledive.com\/koh-tao\/\">Koh Tao<\/a> <a href=\"https:\/\/www.blackturtledive.com\/koh-tao-dive-sites\/\">Tauchpl\u00e4tzen<\/a> mit vielen Korallen oder Felsen, die Verstecke bieten.<\/p>\n<p>Vorkommen: <a href=\"https:\/\/www.blackturtledive.com\/koh-tao-dive-sites\/twins-pinnacle\/\">Twin Peaks<\/a>, <a href=\"https:\/\/www.blackturtledive.com\/koh-tao-dive-sites\/white-rock\/\">White Rock<\/a>, <a href=\"https:\/\/www.blackturtledive.com\/koh-tao-dive-sites\/mango-bay\/\">Mango Bay<\/a>, <a href=\"https:\/\/www.blackturtledive.com\/koh-tao-dive-sites\/japanese-gardens\/\">Japanese Gardens<\/a> sowie tiefere Pl\u00e4tze wie <a href=\"https:\/\/www.blackturtledive.com\/koh-tao-dive-sites\/south-west-pinnacle\/\">Southwest Pinnacle<\/a> und <a href=\"https:\/\/www.blackturtledive.com\/koh-tao-dive-sites\/sail-rock\/\">Sail Rock<\/a>.<\/p>\n<h3><span style=\"color: #28d4ff;\">Wie man die Gelbrand-Mur\u00e4ne erkennt<\/span><\/h3>\n<p>Die Gelbrand-Mur\u00e4ne wird h\u00e4ufig mit der <a href=\"https:\/\/www.blackturtledive.com\/koh-tao-marine-life\/white-eyed-moray-eel\/\">Wei\u00dfaugen-Mur\u00e4ne<\/a> verwechselt, unterscheidet sich jedoch deutlich: Sie hat eine k\u00fcrzere Schnauze und einen kompakten Kopf.<\/p>\n<p>Auff\u00e4llig sind bernsteinfarbene Augen; der Kopf ist meist violett&#8211;braun, das \u00fcbrige, schlanke K\u00f6rperband geht in ein geflecktes Gelb&#8211;Gr\u00fcn mit braunen Punkten \u00fcber.<\/p>\n<figure id=\"attachment_3340\" aria-describedby=\"caption-attachment-3340\" style=\"width: 1000px\" class=\"wp-caption alignnone\"><img decoding=\"async\" class=\"size-full wp-image-3340\" src=\"https:\/\/www.blackturtledive.com\/wp-content\/uploads\/2021\/01\/blackturtledive.com-yellow-edged-moray-eel-koh-tao.jpg\" alt=\"Gelbrand-Mur\u00e4ne Koh Tao\" width=\"1000\" height=\"667\" srcset=\"https:\/\/www.blackturtledive.com\/wp-content\/uploads\/2021\/01\/blackturtledive.com-yellow-edged-moray-eel-koh-tao.jpg 1000w, https:\/\/www.blackturtledive.com\/wp-content\/uploads\/2021\/01\/blackturtledive.com-yellow-edged-moray-eel-koh-tao-300x200.jpg 300w, https:\/\/www.blackturtledive.com\/wp-content\/uploads\/2021\/01\/blackturtledive.com-yellow-edged-moray-eel-koh-tao-768x512.jpg 768w, https:\/\/www.blackturtledive.com\/wp-content\/uploads\/2021\/01\/blackturtledive.com-yellow-edged-moray-eel-koh-tao-150x100.jpg 150w\" sizes=\"(max-width: 1000px) 100vw, 1000px\" \/><figcaption id=\"caption-attachment-3340\" class=\"wp-caption-text\">Gelbrand-Mur\u00e4ne Koh Tao<\/figcaption><\/figure>\n<h3>Ausgezeichneter Geruchssinn<\/h3>\n<p>Die Gelbrand-Mur\u00e4ne kann bis etwa 120 cm lang werden und tr\u00e4gt nahe den Kiemen einen charakteristischen schwarzen Fleck seitlich am Kopf.<\/p>\n<p>Wie die meisten Mur\u00e4nen hat auch die <span style=\"color: #28d4ff;\">Gelbrand-Mur\u00e4ne<\/span> ein schwaches Sehverm\u00f6gen, und ihr Maul liegt sehr nah an den Augen.<\/p>\n<p>Ihr Sehverm\u00f6gen ist schwach, daher kompensiert sie das durch zwei ausgepr\u00e4gte Nasen\u00f6ffnungen, mit denen sie Verletzungen oder verendete Fische gut erschn\u00fcffelt \u2014 ideal als Riff-Reiniger.<\/p>\n<h3><span style=\"color: #28d4ff;\">Merkmale &amp; Verhalten der Gelbrand-Mur\u00e4ne<\/span><\/h3>\n<p>Gelbrand-Mur\u00e4nen sind strikt Carnivor: Sie fressen Fische, <a href=\"https:\/\/www.blackturtledive.com\/koh-tao-marine-life\/cephalopods\/\">Tintenfische<\/a> und Krebstiere.<\/p>\n<p>W\u00e4hrend viele Mur\u00e4nen nachtaktiv jagen, kann die Gelbrand-Mur\u00e4ne auch tags\u00fcber aktiv sein und mit ihrem guten Geruchssinn nach Beute suchen, die Schutz am Riff sucht.<\/p>\n<p>Weibchen legen Zehntausende Eier, betreuen diese aber nicht; die Eier treiben mit Str\u00f6mungen und werden oft Beute anderer Meeresbewohner.<\/p>\n<figure id=\"attachment_3556\" aria-describedby=\"caption-attachment-3556\" style=\"width: 1000px\" class=\"wp-caption alignnone\"><img decoding=\"async\" class=\"size-full wp-image-3556\" src=\"https:\/\/www.blackturtledive.com\/wp-content\/uploads\/2021\/01\/blackturtledive.com-yellow-edged-moray-eel-koh-tao-marine-life.jpg\" alt=\"Beeindruckende Gelbrand-Mur\u00e4ne &amp; Garnele\" width=\"1000\" height=\"750\" srcset=\"https:\/\/www.blackturtledive.com\/wp-content\/uploads\/2021\/01\/blackturtledive.com-yellow-edged-moray-eel-koh-tao-marine-life.jpg 1000w, https:\/\/www.blackturtledive.com\/wp-content\/uploads\/2021\/01\/blackturtledive.com-yellow-edged-moray-eel-koh-tao-marine-life-300x225.jpg 300w, https:\/\/www.blackturtledive.com\/wp-content\/uploads\/2021\/01\/blackturtledive.com-yellow-edged-moray-eel-koh-tao-marine-life-768x576.jpg 768w, https:\/\/www.blackturtledive.com\/wp-content\/uploads\/2021\/01\/blackturtledive.com-yellow-edged-moray-eel-koh-tao-marine-life-853x640.jpg 853w, https:\/\/www.blackturtledive.com\/wp-content\/uploads\/2021\/01\/blackturtledive.com-yellow-edged-moray-eel-koh-tao-marine-life-150x113.jpg 150w\" sizes=\"(max-width: 1000px) 100vw, 1000px\" \/><figcaption id=\"caption-attachment-3556\" class=\"wp-caption-text\">Beeindruckende Gelbrand-Mur\u00e4ne &amp; Garnele<\/figcaption><\/figure>\n<h3>Interessante Fakten zur Gelbrand-Mur\u00e4ne<\/h3>\n<p>Gelbrand-Mur\u00e4nen haben wenige nat\u00fcrliche Fressfeinde; ihre schleimige Hautbeschichtung macht sie f\u00fcr Fischerei unattraktiv.<\/p>\n<p>Der Schleim erh\u00f6ht die Hydrodynamik und hilft beim Formen von <span style=\"color: #28d4ff;\">Sandh\u00f6hlen<\/span> unter Korallen und Felsen.<\/p>\n<p>Wie andere Mur\u00e4nen besitzen sie zwei Kiefer-Systeme: \u00e4u\u00dfere Kiefer mit nach hinten gerichteten, scharfen Z\u00e4hnen und das zweite, vorstellbare <span style=\"color: #28d4ff;\"><em>Pharyngeal Gebiss<\/em><\/span>.<\/p>\n<p>Beim Beutefang h\u00e4lt der \u00e4u\u00dfere Kiefer die Beute, w\u00e4hrend das Pharyngeal Gebiss vorstellt, bei\u00dft und die Beute in den Rachen zieht.[\/vc_column_text][\/vc_column][\/vc_row]<\/p>\n<\/div>","protected":false},"excerpt":{"rendered":"<p>Gelbrandmur\u00e4nen findet man auf Koh Tao in flachen Tauchgebieten wie Twins Pinnacle, White Rock, Mango Bay und Japanese Gardens oder in tieferen Tauchgebieten, wo sie sich in Felsspalten verstecken.<\/p>\n","protected":false},"author":2,"featured_media":18216,"parent":18647,"menu_order":0,"comment_status":"closed","ping_status":"closed","template":"","meta":{"_acf_changed":false,"footnotes":""},"class_list":["post-18579","page","type-page","status-publish","has-post-thumbnail","hentry"],"acf":[],"yoast_head":"<!-- This site is optimized with the Yoast SEO Premium plugin v27.6 (Yoast SEO v27.6) - https:\/\/yoast.com\/product\/yoast-seo-premium-wordpress\/ -->\n<title>Gelbrandmur\u00e4ne Koh Tao | Tauchgang mit Schwarzer Schildkr\u00f6te<\/title>\n<meta name=\"description\" content=\"Gelbrandmur\u00e4nen findet man auf Koh Tao in flachen Tauchgebieten wie Twins, White Rock, Mango Bay und Japanese Gardens oder in tieferen, in Felsspalten versteckten Gebieten.\" \/>\n<meta name=\"robots\" content=\"index, follow, max-snippet:-1, max-image-preview:large, max-video-preview:-1\" \/>\n<link rel=\"canonical\" href=\"https:\/\/www.blackturtledive.com\/de\/koh-tao-marine-life\/yellow-edged-moray-eel\/\" \/>\n<meta property=\"og:locale\" content=\"de_DE\" \/>\n<meta property=\"og:type\" content=\"article\" \/>\n<meta property=\"og:title\" content=\"Yellow Edged Moray Eel Koh Tao | Black Turtle Dive\" \/>\n<meta property=\"og:description\" content=\"Yellow Edged Moray Eels on Koh Tao are found at shallow dive sites such as Twins, White Rock, Mango Bay and Japanese Gardens or deeper sites hidden in crevices\" \/>\n<meta property=\"og:url\" content=\"https:\/\/www.blackturtledive.com\/de\/koh-tao-marine-life\/yellow-edged-moray-eel\/\" \/>\n<meta property=\"og:site_name\" content=\"Black Turtle Dive Koh Tao\" \/>\n<meta property=\"article:publisher\" content=\"https:\/\/www.facebook.com\/blackturtledive\" \/>\n<meta property=\"article:modified_time\" content=\"2026-05-05T14:23:26+00:00\" \/>\n<meta property=\"og:image\" content=\"https:\/\/www.blackturtledive.com\/wp-content\/uploads\/2020\/11\/blackturtledive.com-best-padi-divemaster-course-koh-tao.jpg\" \/>\n\t<meta property=\"og:image:width\" content=\"1200\" \/>\n\t<meta property=\"og:image:height\" content=\"800\" \/>\n\t<meta property=\"og:image:type\" content=\"image\/jpeg\" \/>\n<meta name=\"twitter:card\" content=\"summary_large_image\" \/>\n<meta name=\"twitter:title\" content=\"Yellow Edged Moray Eel Koh Tao | Black Turtle Dive\" \/>\n<meta name=\"twitter:description\" content=\"Yellow Edged Moray Eels on Koh Tao are found at shallow dive sites such as Twins, White Rock, Mango Bay and Japanese Gardens or deeper sites hidden in crevices\" \/>\n<meta name=\"twitter:image\" content=\"https:\/\/www.blackturtledive.com\/wp-content\/uploads\/2020\/11\/blackturtledive.com-best-padi-divemaster-course-koh-tao.jpg\" \/>\n<meta name=\"twitter:site\" content=\"@blackturtledive\" \/>\n<meta name=\"twitter:label1\" content=\"Gesch\u00e4tzte Lesezeit\" \/>\n\t<meta name=\"twitter:data1\" content=\"3\u00a0Minuten\" \/>\n<!-- \/ Yoast SEO Premium plugin. -->","yoast_head_json":{"title":"Gelbrandmur\u00e4ne Koh Tao | Tauchgang mit Schwarzer Schildkr\u00f6te","description":"Gelbrandmur\u00e4nen findet man auf Koh Tao in flachen Tauchgebieten wie Twins, White Rock, Mango Bay und Japanese Gardens oder in tieferen, in Felsspalten versteckten Gebieten.","robots":{"index":"index","follow":"follow","max-snippet":"max-snippet:-1","max-image-preview":"max-image-preview:large","max-video-preview":"max-video-preview:-1"},"canonical":"https:\/\/www.blackturtledive.com\/de\/koh-tao-marine-life\/yellow-edged-moray-eel\/","og_locale":"de_DE","og_type":"article","og_title":"Yellow Edged Moray Eel Koh Tao | Black Turtle Dive","og_description":"Yellow Edged Moray Eels on Koh Tao are found at shallow dive sites such as Twins, White Rock, Mango Bay and Japanese Gardens or deeper sites hidden in crevices","og_url":"https:\/\/www.blackturtledive.com\/de\/koh-tao-marine-life\/yellow-edged-moray-eel\/","og_site_name":"Black Turtle Dive Koh Tao","article_publisher":"https:\/\/www.facebook.com\/blackturtledive","article_modified_time":"2026-05-05T14:23:26+00:00","og_image":[{"width":1200,"height":800,"url":"https:\/\/www.blackturtledive.com\/wp-content\/uploads\/2020\/11\/blackturtledive.com-best-padi-divemaster-course-koh-tao.jpg","type":"image\/jpeg"}],"twitter_card":"summary_large_image","twitter_title":"Yellow Edged Moray Eel Koh Tao | Black Turtle Dive","twitter_description":"Yellow Edged Moray Eels on Koh Tao are found at shallow dive sites such as Twins, White Rock, Mango Bay and Japanese Gardens or deeper sites hidden in crevices","twitter_image":"https:\/\/www.blackturtledive.com\/wp-content\/uploads\/2020\/11\/blackturtledive.com-best-padi-divemaster-course-koh-tao.jpg","twitter_site":"@blackturtledive","twitter_misc":{"Gesch\u00e4tzte Lesezeit":"3\u00a0Minuten"},"schema":{"@context":"https:\/\/schema.org","@graph":[{"@type":"WebPage","@id":"https:\/\/www.blackturtledive.com\/de\/koh-tao-marine-life\/yellow-edged-moray-eel\/","url":"https:\/\/www.blackturtledive.com\/de\/koh-tao-marine-life\/yellow-edged-moray-eel\/","name":"Gelbrandmur\u00e4ne Koh Tao | Tauchgang mit Schwarzer Schildkr\u00f6te","isPartOf":{"@id":"https:\/\/www.blackturtledive.com\/de\/#website"},"primaryImageOfPage":{"@id":"https:\/\/www.blackturtledive.com\/de\/koh-tao-marine-life\/yellow-edged-moray-eel\/#primaryimage"},"image":{"@id":"https:\/\/www.blackturtledive.com\/de\/koh-tao-marine-life\/yellow-edged-moray-eel\/#primaryimage"},"thumbnailUrl":"https:\/\/www.blackturtledive.com\/wp-content\/uploads\/2021\/01\/blackturtledive.com-yellow-edged-moray-eel-koh-tao.jpg","datePublished":"2020-12-31T18:00:36+00:00","dateModified":"2026-05-05T14:23:26+00:00","description":"Gelbrandmur\u00e4nen findet man auf Koh Tao in flachen Tauchgebieten wie Twins, White Rock, Mango Bay und Japanese Gardens oder in tieferen, in Felsspalten versteckten Gebieten.","breadcrumb":{"@id":"https:\/\/www.blackturtledive.com\/de\/koh-tao-marine-life\/yellow-edged-moray-eel\/#breadcrumb"},"inLanguage":"de","potentialAction":[{"@type":"ReadAction","target":["https:\/\/www.blackturtledive.com\/de\/koh-tao-marine-life\/yellow-edged-moray-eel\/"]}]},{"@type":"ImageObject","inLanguage":"de","@id":"https:\/\/www.blackturtledive.com\/de\/koh-tao-marine-life\/yellow-edged-moray-eel\/#primaryimage","url":"https:\/\/www.blackturtledive.com\/wp-content\/uploads\/2021\/01\/blackturtledive.com-yellow-edged-moray-eel-koh-tao.jpg","contentUrl":"https:\/\/www.blackturtledive.com\/wp-content\/uploads\/2021\/01\/blackturtledive.com-yellow-edged-moray-eel-koh-tao.jpg","width":1000,"height":667,"caption":"Yellow Edged Moray EEL Koh Tao"},{"@type":"BreadcrumbList","@id":"https:\/\/www.blackturtledive.com\/de\/koh-tao-marine-life\/yellow-edged-moray-eel\/#breadcrumb","itemListElement":[{"@type":"ListItem","position":1,"name":"Home","item":"https:\/\/www.blackturtledive.com\/de\/"},{"@type":"ListItem","position":2,"name":"Koh Tao Meeresleben","item":"https:\/\/www.blackturtledive.com\/de\/koh-tao-marine-life\/"},{"@type":"ListItem","position":3,"name":"Gelbgerandete Mur\u00e4ne"}]},{"@type":"WebSite","@id":"https:\/\/www.blackturtledive.com\/de\/#website","url":"https:\/\/www.blackturtledive.com\/de\/","name":"Black Turtle Dive Koh Tao","description":"Ocean Explorers | Marine Protectors","publisher":{"@id":"https:\/\/www.blackturtledive.com\/de\/#organization"},"alternateName":"Black Turtle Dive in Thailand","potentialAction":[{"@type":"SearchAction","target":{"@type":"EntryPoint","urlTemplate":"https:\/\/www.blackturtledive.com\/de\/?s={search_term_string}"},"query-input":{"@type":"PropertyValueSpecification","valueRequired":true,"valueName":"search_term_string"}}],"inLanguage":"de"},{"@type":"Organization","@id":"https:\/\/www.blackturtledive.com\/de\/#organization","name":"Black Turtle Dive Koh Tao","alternateName":"Black Turtle Dive","url":"https:\/\/www.blackturtledive.com\/de\/","logo":{"@type":"ImageObject","inLanguage":"de","@id":"https:\/\/www.blackturtledive.com\/de\/#\/schema\/logo\/image\/","url":"https:\/\/www.blackturtledive.com\/wp-content\/uploads\/2020\/11\/cropped-blackturtledive.com-brand-logo.png","contentUrl":"https:\/\/www.blackturtledive.com\/wp-content\/uploads\/2020\/11\/cropped-blackturtledive.com-brand-logo.png","width":400,"height":400,"caption":"Black Turtle Dive Koh Tao"},"image":{"@id":"https:\/\/www.blackturtledive.com\/de\/#\/schema\/logo\/image\/"},"sameAs":["https:\/\/www.facebook.com\/blackturtledive","https:\/\/x.com\/blackturtledive","https:\/\/www.instagram.com\/blackturtledive\/","https:\/\/www.youtube.com\/blackturtledive","https:\/\/www.linkedin.com\/company\/blackturtledive\/","https:\/\/www.tumblr.com\/blackturtledive","https:\/\/www.pinterest.com\/blackturtledive\/","https:\/\/www.tiktok.com\/@blackturtledive","https:\/\/www.reddit.com\/user\/blackturtledive\/"],"description":"Black Turtle Dive is a modern and innovative 5 Star Career Development Scuba Diving Center, passionate about the ocean and through training we want to empower you to become a competent and confident scuba diver. Our diving courses equip you with the skills, knowledge and awareness necessary to explore the ocean safely, whilst becoming a passionate advocate and protector of the marine environment. If you have never dived before or are a certified diver and want to develop your skills further, our tailored, bespoke courses and programs will inspire you to become an Ocean advocate. Our scientific based Marine Conservation Internships and training programs, offer aspiring scuba divers and marine conservationists, the best marine conservation internships on Koh Tao. We currently offer students six levels of Marine Conservation Internships at our beachside location on Koh Tao in Thailand. Check out our website for more information.","email":"info@blackturtledive.com","telephone":"089 592 2134","legalName":"Black Turtle Dive Co Ltd","foundingDate":"2020-01-01","publishingPrinciples":"https:\/\/www.blackturtledive.com\/terms\/","ownershipFundingInfo":"https:\/\/www.blackturtledive.com\/terms\/","actionableFeedbackPolicy":"https:\/\/www.blackturtledive.com\/privacy-policy\/","correctionsPolicy":"https:\/\/www.blackturtledive.com\/privacy-policy\/","ethicsPolicy":"https:\/\/www.blackturtledive.com\/privacy-policy\/","diversityPolicy":"https:\/\/www.blackturtledive.com\/privacy-policy\/"}]}},"_links":{"self":[{"href":"https:\/\/www.blackturtledive.com\/de\/wp-json\/wp\/v2\/pages\/18579","targetHints":{"allow":["GET"]}}],"collection":[{"href":"https:\/\/www.blackturtledive.com\/de\/wp-json\/wp\/v2\/pages"}],"about":[{"href":"https:\/\/www.blackturtledive.com\/de\/wp-json\/wp\/v2\/types\/page"}],"author":[{"embeddable":true,"href":"https:\/\/www.blackturtledive.com\/de\/wp-json\/wp\/v2\/users\/2"}],"replies":[{"embeddable":true,"href":"https:\/\/www.blackturtledive.com\/de\/wp-json\/wp\/v2\/comments?post=18579"}],"version-history":[{"count":1,"href":"https:\/\/www.blackturtledive.com\/de\/wp-json\/wp\/v2\/pages\/18579\/revisions"}],"predecessor-version":[{"id":70829,"href":"https:\/\/www.blackturtledive.com\/de\/wp-json\/wp\/v2\/pages\/18579\/revisions\/70829"}],"up":[{"embeddable":true,"href":"https:\/\/www.blackturtledive.com\/de\/wp-json\/wp\/v2\/pages\/18647"}],"wp:featuredmedia":[{"embeddable":true,"href":"https:\/\/www.blackturtledive.com\/de\/wp-json\/wp\/v2\/media\/18216"}],"wp:attachment":[{"href":"https:\/\/www.blackturtledive.com\/de\/wp-json\/wp\/v2\/media?parent=18579"}],"curies":[{"name":"wp","href":"https:\/\/api.w.org\/{rel}","templated":true}]}}