{"id":18581,"date":"2021-01-01T00:56:40","date_gmt":"2020-12-31T17:56:40","guid":{"rendered":"https:\/\/www.blackturtledive.com\/tailfin-batfish\/"},"modified":"2026-05-05T21:23:28","modified_gmt":"2026-05-05T14:23:28","slug":"tailfin-batfish","status":"publish","type":"page","link":"https:\/\/www.blackturtledive.com\/de\/koh-tao-marine-life\/tailfin-batfish\/","title":{"rendered":"Schwanzflossen\u2011Fledermausfisch"},"content":{"rendered":"<div class=\"wpb-content-wrapper\"><p>[vc_row][vc_column][vc_column_text css=&#8220;&#8220;]Der Tailfin- bzw. Longfin-Batfish (Platax teira) ist ein freundlicher, neugieriger Fisch mit hohem, seitlich abgeflachtem K\u00f6rper und langen, eleganten Flossen, sodass er wie ein schwebendes Blatt wirkt.<\/p>\n<p>Batfische sind sehr gesellig und n\u00e4hern sich Taucherinnen und Tauchern oft aus Neugier; sie schw\u00e4rmen h\u00e4ufig um Bojenleinen oder Schiffswracks wie die HTMS Sattakut.<\/p>\n<p>Als Jungtiere ahmen sie treibende Bl\u00e4tter oder giftige Plattw\u00fcrmer nach, um Raubtieren in flachen Gew\u00e4ssern zu entgehen; als Erwachsene werden sie mutige, silbrig gef\u00e4rbte Bewohner der tieferen Riffe und Pinnakel rund um Koh Tao.<\/p>\n<h3><span style=\"color: #28d4ff;\">Alles \u00fcber den Schwanzflossen-Fledermausfisch auf Koh Tao<\/span><\/h3>\n<p>Schwanzflossen&#8211;Fledermausfische, auch Longfin-Batfish genannt, geh\u00f6ren zu den neugierigsten Fischen in den Gew\u00e4ssern rund um <a href=\"https:\/\/www.blackturtledive.com\/koh-tao\/\">Koh Tao<\/a>.<\/p>\n<p>Sie schwimmen gelegentlich bis an die Taucherbrille heran und folgen <a href=\"https:\/\/www.blackturtledive.com\/padi-diving-courses\/\">Tauchern<\/a> mitunter eine Zeit lang.<\/p>\n<div  data-ep-a=\"fadeIn\"  id=\"_ytid_85253\"  width=\"640\" height=\"360\"  data-origwidth=\"640\" data-origheight=\"360\"  data-relstop=\"1\" data-facadesrc=\"https:\/\/www.youtube.com\/embed\/RCjIBjmvSZM?enablejsapi=1&origin=https:\/\/www.blackturtledive.com&autoplay=0&cc_load_policy=0&cc_lang_pref=&iv_load_policy=1&loop=0&rel=0&fs=1&playsinline=0&autohide=2&theme=dark&color=red&controls=1&disablekb=0&\" class=\"__youtube_prefs__ epyt-facade  no-lazyload\" data-epautoplay=\"1\" ><img decoding=\"async\" data-spai-excluded=\"true\" class=\"epyt-facade-poster skip-lazy\" loading=\"lazy\"  alt=\"Meet Koh Tao&#039;s Unique Marine Resident: The Tailfin Batfish | BlackTurtleDive.com\"  src=\"https:\/\/i.ytimg.com\/vi\/RCjIBjmvSZM\/maxresdefault.jpg\"  \/><button class=\"epyt-facade-play\" aria-label=\"Play\"><svg data-no-lazy=\"1\" height=\"100%\" version=\"1.1\" viewBox=\"0 0 68 48\" width=\"100%\"><path class=\"ytp-large-play-button-bg\" d=\"M66.52,7.74c-0.78-2.93-2.49-5.41-5.42-6.19C55.79,.13,34,0,34,0S12.21,.13,6.9,1.55 C3.97,2.33,2.27,4.81,1.48,7.74C0.06,13.05,0,24,0,24s0.06,10.95,1.48,16.26c0.78,2.93,2.49,5.41,5.42,6.19 C12.21,47.87,34,48,34,48s21.79-0.13,27.1-1.55c2.93-0.78,4.64-3.26,5.42-6.19C67.94,34.95,68,24,68,24S67.94,13.05,66.52,7.74z\" fill=\"#f00\"><\/path><path d=\"M 45,24 27,14 27,34\" fill=\"#fff\"><\/path><\/svg><\/button><\/div><span itemprop=\"video\" itemscope itemtype=\"http:\/\/schema.org\/VideoObject\"><meta itemprop=\"embedUrl\" content=\"https:\/\/www.youtube.com\/embed\/RCjIBjmvSZM\"><meta itemprop=\"name\" content=\"Meet Koh Tao&#039;s Unique Marine Resident: The Tailfin Batfish | BlackTurtleDive.com\"><meta itemprop=\"description\" content=\"Join us on a fascinating dive in Koh Tao, where we encounter the curious and elegant Tailfin Batfish. Known for their unique appearance and friendly behavior, these batfish are a highlight for divers exploring the marine environment of Koh Tao. This video offers a close-up look at their graceful swimming and interactions, providing a glimpse into the rich underwater world of this popular diving destination. Tailfin Batfish can be found around many of the dive sites on Koh Tao, and the most common ones are White Rock, Twins Peaks, and Japanese Gardens, where you can find them swimming around. However, Chumphon Pinnacle, Sail Rock, and Junkyard Reef are home to larger shoals commonly seen together in the same location. Check out more of our marine life: https:\/\/www.blackturtledive.com\/koh-tao-marine-life\/tailfin-batfish\/ This video is about Meet Koh Tao&#039;s Unique Marine Resident: The Tailfin Batfish. But It also covers the following topics: Marine Life Exploration Scuba Diving Thailand Underwater Photography Video Title: Meet Koh Tao&#039;s Unique Marine Resident: The Tailfin Batfish | BlackTurtleDive.com \ud83d\udd14Get on a Life-Changing Underwater Adventure with Us \u2013 Your Gateway to the Ocean&#039;s Wonders! Hit Subscribe Now to Join Our Community of Ocean Advocates. https:\/\/www.youtube.com\/&#064;BlackTurtleDive\/?sub_confirmation=1 \u2705Important Links to Follow \ud83d\udd17Brand Channels \u2728Main diving courses brand: https:\/\/www.blackturtledive.com\/ \u2728PADI Dive Courses ( Pro level): https:\/\/idckohtao.com\/ \u2728Marine Conservation Internships: https:\/\/www.ecokohtao.com\/ \u2705 Stay Connected With Us. \ud83d\udc49Facebook: https:\/\/www.facebook.com\/blackturtledive \ud83d\udc49Instagram: https:\/\/www.instagram.com\/blackturtledive\/ \ud83d\udc49Threads: https:\/\/www.threads.net\/&#064;blackturtledive \ud83d\udc49Tiktok: https:\/\/www.tiktok.com\/&#064;blackturtledive \ud83d\udc49Twitter (X): https:\/\/twitter.com\/blackturtledive \ud83d\udc49Pinterest: https:\/\/www.pinterest.com\/blackturtledive\/ \ud83d\udc49Website: https:\/\/www.blackturtledive.com\/ \u2705 For Business Inquiries: media&#064;blackturtledive.com ============================= \u2705 Recommended Playlists \ud83d\udc49 Koh Tao Marine Life (Part 1) https:\/\/www.youtube.com\/watch?v=1D3Dbtrq5vI&amp;list=PLW_jU0PKLEUGS-ZQjvOB0_8q7cZZmOqCC&amp;pp=iAQB \ud83d\udc49PADI Instructor Development Course (IDC) | Black Turtle Dive, Koh Tao https:\/\/www.youtube.com\/watch?v=kXPwkxj0gyg&amp;list=PLW_jU0PKLEUEUo8dW4l2QD8ywAwK7xP1c&amp;pp=iAQB \u2705 Other Videos You Might Be Interested In Watching: \ud83d\udc49 Artificial Reefs - Marine Conservation Course in Thailand https:\/\/www.youtube.com\/watch?v=K9dld48M0qg \ud83d\udc49 PADI Open Water Course on Koh Tao in Thailand https:\/\/www.youtube.com\/watch?v=xL8WyFY9bRM \ud83d\udc49 Pink Tail Trigger Fish Koh Tao https:\/\/www.youtube.com\/watch?v=JrQtGqlxnX8 \ud83d\udc49 Ocellated Eagle Ray Koh Tao https:\/\/www.youtube.com\/watch?v=xiO-23risdc \ud83d\udc49 Yellow Boxfish Koh Tao Thailand https:\/\/www.youtube.com\/watch?v=lpzasbtGAqY ============================= \u2705 About Black Turtle Dive. As a modern and innovative Scuba Diving Center, Black Turtle Dive is passionate about the ocean, and through our training, we want to empower you to become a competent and confident scuba diver. Our diving courses equip you with the skills, knowledge, and awareness necessary to explore the ocean safely while becoming a passionate advocate and protector of the marine environment. If you have never dived before or are a certified diver and want to develop your skills further, our tailored, bespoke courses and programs will inspire you to become an Ocean advocate. Our scientific-based Marine Conservation Internships, or Reef Ecology And Conservation Training program (REACT), offer aspiring scuba divers and marine conservationists the best marine conservation internships on Koh Tao. We offer students three levels of Marine Conservation Internships at our beachside location on Koh Tao in Thailand. For Collaboration and Business inquiries, please use the contact information below: \ud83d\udce9 Email: media&#064;blackturtledive.com \ud83d\udd14Discover the Underwater World with Us: Expert Training, Unforgettable Experiences, and a Commitment to Marine Protection. Subscribe Now: https:\/\/www.youtube.com\/&#064;BlackTurtleDive\/?sub_confirmation=1 ================================= #tailfinbatfish #kohtao #scubadiving #marinelife #underwaterexploration #divingthailand \u26a0\ufe0fDISCLAIMER: We do not accept any liability for any loss or damage incurred from you acting or not acting as a result of watching any of our publications. You acknowledge that you use the information we provide at your own risk. Do your research. Copyright Notice: This video and our YouTube channel contain dialogue, music, and images that are the property of Black Turtle Dive. You are authorized to share the video link and channel and embed this video in your website or others as long as a link back to our YouTube channel is provided. \u00a9 Black Turtle Dive\"><meta itemprop=\"thumbnailUrl\" content=\"https:\/\/i.ytimg.com\/vi\/RCjIBjmvSZM\/0.jpg\"><meta itemprop=\"duration\" content=\"PT56S\"><meta itemprop=\"uploadDate\" content=\"2021-01-11T12:43:08Z\"><\/span>\n<h3>Wo man den Schwanzflossen-Fledermausfisch auf Koh Tao findet<\/h3>\n<p>Schwanzflossen-Fledermausfische kommen an vielen <a href=\"https:\/\/www.blackturtledive.com\/koh-tao-dive-sites\/\">Tauchpl\u00e4tzen<\/a> vor; am h\u00e4ufigsten sieht man sie bei <a href=\"https:\/\/www.blackturtledive.com\/koh-tao-dive-sites\/white-rock\/\">White Rock<\/a>, <a href=\"https:\/\/www.blackturtledive.com\/koh-tao-dive-sites\/twins-pinnacle\/\">Twin Peaks<\/a> und <a href=\"https:\/\/www.blackturtledive.com\/koh-tao-dive-sites\/japanese-gardens\/\">Japanese Gardens<\/a>.<\/p>\n<p>Gr\u00f6\u00dfere Schw\u00e4rme finden sich oft an <a href=\"https:\/\/www.blackturtledive.com\/koh-tao-dive-sites\/chumphon-pinnacle\/\">Chumphon Pinnacle<\/a>, <a href=\"https:\/\/www.blackturtledive.com\/koh-tao-dive-sites\/sail-rock\/\">Sail Rock<\/a> und <a href=\"https:\/\/www.blackturtledive.com\/koh-tao-dive-sites\/junkyard-reef\/\">Junkyard Reef<\/a>.<\/p>\n<h3><span style=\"color: #28d4ff;\">Wie man den Schwanzflossen-Fledermausfisch erkennt<\/span><\/h3>\n<p>Als Jungtier ist der K\u00f6rper boomerang f\u00f6rmig; sie k\u00f6nnen seitlich liegen und Plattw\u00fcrmer imitieren.<\/p>\n<p>Mit dem Erwachsenwerden wird der K\u00f6rper spatelf\u00f6rmig; ein dunkler vertikaler Streifen zieht sich mittig, ein kleinerer \u00fcber das Gesicht. Die F\u00e4rbung reicht von silbergrau bis d\u00fcster schwarz.<\/p>\n<p>Die langen, herabh\u00e4ngenden Bauchflossen sind oft leuchtend gelb und sitzen direkt unter dem Kopf.<\/p>\n<figure id=\"attachment_3515\" aria-describedby=\"caption-attachment-3515\" style=\"width: 1000px\" class=\"wp-caption alignnone\"><img decoding=\"async\" class=\"size-full wp-image-3515\" src=\"https:\/\/www.blackturtledive.com\/wp-content\/uploads\/2021\/01\/blackturtledive.com-tailfin-batfish-koh-tao-thailand.jpg\" alt=\"Schwanzflossen-Fledermausfisch - Meeresleben\" width=\"1000\" height=\"667\" srcset=\"https:\/\/www.blackturtledive.com\/wp-content\/uploads\/2021\/01\/blackturtledive.com-tailfin-batfish-koh-tao-thailand.jpg 1000w, https:\/\/www.blackturtledive.com\/wp-content\/uploads\/2021\/01\/blackturtledive.com-tailfin-batfish-koh-tao-thailand-300x200.jpg 300w, https:\/\/www.blackturtledive.com\/wp-content\/uploads\/2021\/01\/blackturtledive.com-tailfin-batfish-koh-tao-thailand-768x512.jpg 768w, https:\/\/www.blackturtledive.com\/wp-content\/uploads\/2021\/01\/blackturtledive.com-tailfin-batfish-koh-tao-thailand-150x100.jpg 150w\" sizes=\"(max-width: 1000px) 100vw, 1000px\" \/><figcaption id=\"caption-attachment-3515\" class=\"wp-caption-text\">Schwanzflossen-Fledermausfisch &#8211; Meeresleben<\/figcaption><\/figure>\n<h3>Merkmale &amp; Verhalten des Schwanzflossen-Fledermausfischs<\/h3>\n<p>Schwanzflossen-Fledermausfische sind Allesfresser: sie fressen Meeresalgen, Plankton und kleine Wirbellose.<\/p>\n<p>Als soziale Tiere bilden sie <span style=\"color: #28d4ff;\">Schw\u00e4rme<\/span> und treten in gro\u00dfer Anzahl an vielen Riffen auf \u2014 Sicherheit in der Gruppe.<\/p>\n<h3><span style=\"color: #28d4ff;\">Soziale Meerestiere<\/span><\/h3>\n<p>Sie lassen sich h\u00e4ufig von anderen Fischarten Gesellschaft leisten.<\/p>\n<p>\u00dcber Fortpflanzung und Lebensdauer ist wenig bekannt; man nimmt an, dass sie im offenen Wasser laichen und lebende Larven hervorbringen, deren juvenile Bogenform bereits nach wenigen Zentimetern sichtbar ist.<\/p>\n<figure id=\"attachment_3517\" aria-describedby=\"caption-attachment-3517\" style=\"width: 1100px\" class=\"wp-caption alignnone\"><img decoding=\"async\" class=\"size-full wp-image-3517\" src=\"https:\/\/www.blackturtledive.com\/wp-content\/uploads\/2021\/01\/blackturtledive.com-tailfin-batfish-koh-tao-marine-life.jpg\" alt=\"Schwanzflossen-Fledermausfisch - Meeresleben Koh Tao\" width=\"1100\" height=\"619\" srcset=\"https:\/\/www.blackturtledive.com\/wp-content\/uploads\/2021\/01\/blackturtledive.com-tailfin-batfish-koh-tao-marine-life.jpg 1100w, https:\/\/www.blackturtledive.com\/wp-content\/uploads\/2021\/01\/blackturtledive.com-tailfin-batfish-koh-tao-marine-life-300x169.jpg 300w, https:\/\/www.blackturtledive.com\/wp-content\/uploads\/2021\/01\/blackturtledive.com-tailfin-batfish-koh-tao-marine-life-1024x576.jpg 1024w, https:\/\/www.blackturtledive.com\/wp-content\/uploads\/2021\/01\/blackturtledive.com-tailfin-batfish-koh-tao-marine-life-768x432.jpg 768w, https:\/\/www.blackturtledive.com\/wp-content\/uploads\/2021\/01\/blackturtledive.com-tailfin-batfish-koh-tao-marine-life-150x84.jpg 150w\" sizes=\"(max-width: 1100px) 100vw, 1100px\" \/><figcaption id=\"caption-attachment-3517\" class=\"wp-caption-text\">Schwanzflossen-Fledermausfisch &#8211; Meeresleben Koh Tao<\/figcaption><\/figure>\n<h3>Interessante Fakten zum Schwanzflossen-Fledermausfisch<\/h3>\n<p>Sie k\u00f6nnen bis zu etwa 70 cm lang werden, wachsen sehr schnell und geh\u00f6ren zu den schnellst wachsenden Fischen.<\/p>\n<p>Wissenschaftler halten sie f\u00fcr vergleichsweise intelligent; sie sollen einzelne Personen wiedererkennen \u2014 gest\u00fctzt durch ihr neugieriges Verhalten gegen\u00fcber Tauchern.<\/p>\n<p>Aus Tauchersicht best\u00e4tigt sich diese Theorie durch ihr sehr neugieriges Verhalten, mit dem sie Taucherinnen und Taucher oft sehr nahe kommen.<\/p>\n<p>Auf Koh Tao gibt es Schulen, die Tauchern \u00fcber den gesamten <a href=\"https:\/\/www.blackturtledive.com\/blog\/10-interesting-facts-about-koh-tao-dive-sites\/\">Tauchgang<\/a> folgen.<\/p>\n<figure id=\"attachment_3321\" aria-describedby=\"caption-attachment-3321\" style=\"width: 1000px\" class=\"wp-caption alignnone\"><img decoding=\"async\" class=\"size-full wp-image-3321\" src=\"https:\/\/www.blackturtledive.com\/wp-content\/uploads\/2021\/01\/blackturtledive.com-tailfin-batfish-koh-tao.jpg\" alt=\"Schwanzflossen-Fledermausfisch Koh Tao\" width=\"1000\" height=\"647\" srcset=\"https:\/\/www.blackturtledive.com\/wp-content\/uploads\/2021\/01\/blackturtledive.com-tailfin-batfish-koh-tao.jpg 1000w, https:\/\/www.blackturtledive.com\/wp-content\/uploads\/2021\/01\/blackturtledive.com-tailfin-batfish-koh-tao-300x194.jpg 300w, https:\/\/www.blackturtledive.com\/wp-content\/uploads\/2021\/01\/blackturtledive.com-tailfin-batfish-koh-tao-768x497.jpg 768w, https:\/\/www.blackturtledive.com\/wp-content\/uploads\/2021\/01\/blackturtledive.com-tailfin-batfish-koh-tao-150x97.jpg 150w\" sizes=\"(max-width: 1000px) 100vw, 1000px\" \/><figcaption id=\"caption-attachment-3321\" class=\"wp-caption-text\">Schwanzflossen-Fledermausfisch Koh Tao<\/figcaption><\/figure>\n<p>[\/vc_column_text][\/vc_column][\/vc_row]<\/p>\n<\/div>","protected":false},"excerpt":{"rendered":"<p>Schwanzflossen-Fledermausfische sind an vielen Tauchpl\u00e4tzen rund um Koh Tao anzutreffen, die h\u00e4ufigsten Orte daf\u00fcr sind White Rock, Twin Peaks und Japanese Gardens.<\/p>\n","protected":false},"author":2,"featured_media":18210,"parent":18647,"menu_order":0,"comment_status":"closed","ping_status":"closed","template":"","meta":{"_acf_changed":false,"footnotes":""},"class_list":["post-18581","page","type-page","status-publish","has-post-thumbnail","hentry"],"acf":[],"yoast_head":"<!-- This site is optimized with the Yoast SEO Premium plugin v27.6 (Yoast SEO v27.6) - https:\/\/yoast.com\/product\/yoast-seo-premium-wordpress\/ -->\n<title>Schwanzflossen-Fledermausfisch Koh Tao | Tauchgang mit Schwarzer Schildkr\u00f6te<\/title>\n<meta name=\"description\" content=\"Der Schwanzflossen- oder Langflossen-Fledermausfisch (Platax teira) ist ein freundlicher, neugieriger Fisch mit einem hohen, seitlich abgeflachten K\u00f6rper und eleganten Flossen, die ihn wie ein Blatt aussehen lassen.\" \/>\n<meta name=\"robots\" content=\"index, follow, max-snippet:-1, max-image-preview:large, max-video-preview:-1\" \/>\n<link rel=\"canonical\" href=\"https:\/\/www.blackturtledive.com\/de\/koh-tao-marine-life\/tailfin-batfish\/\" \/>\n<meta property=\"og:locale\" content=\"de_DE\" \/>\n<meta property=\"og:type\" content=\"article\" \/>\n<meta property=\"og:title\" content=\"Tailfin Batfish Koh Tao | Black Turtle Dive\" \/>\n<meta property=\"og:description\" content=\"Tailfin Batfish can be found swimming around many of the dive sites on Koh Tao and the most common locations are White Rock, Twins Peaks and Japanese Gardens\" \/>\n<meta property=\"og:url\" content=\"https:\/\/www.blackturtledive.com\/de\/koh-tao-marine-life\/tailfin-batfish\/\" \/>\n<meta property=\"og:site_name\" content=\"Black Turtle Dive Koh Tao\" \/>\n<meta property=\"article:publisher\" content=\"https:\/\/www.facebook.com\/blackturtledive\" \/>\n<meta property=\"article:modified_time\" content=\"2026-05-05T14:23:28+00:00\" \/>\n<meta property=\"og:image\" content=\"https:\/\/www.blackturtledive.com\/wp-content\/uploads\/2020\/11\/blackturtledive.com-best-padi-divemaster-course-koh-tao.jpg\" \/>\n\t<meta property=\"og:image:width\" content=\"1200\" \/>\n\t<meta property=\"og:image:height\" content=\"800\" \/>\n\t<meta property=\"og:image:type\" content=\"image\/jpeg\" \/>\n<meta name=\"twitter:card\" content=\"summary_large_image\" \/>\n<meta name=\"twitter:title\" content=\"Tailfin Batfish Koh Tao | Black Turtle Dive\" \/>\n<meta name=\"twitter:description\" content=\"Tailfin Batfish can be found swimming around many of the dive sites on Koh Tao and the most common locations are White Rock, Twins Peaks and Japanese Gardens\" \/>\n<meta name=\"twitter:image\" content=\"https:\/\/www.blackturtledive.com\/wp-content\/uploads\/2020\/11\/blackturtledive.com-best-padi-divemaster-course-koh-tao.jpg\" \/>\n<meta name=\"twitter:site\" content=\"@blackturtledive\" \/>\n<meta name=\"twitter:label1\" content=\"Gesch\u00e4tzte Lesezeit\" \/>\n\t<meta name=\"twitter:data1\" content=\"3\u00a0Minuten\" \/>\n<!-- \/ Yoast SEO Premium plugin. -->","yoast_head_json":{"title":"Schwanzflossen-Fledermausfisch Koh Tao | Tauchgang mit Schwarzer Schildkr\u00f6te","description":"Der Schwanzflossen- oder Langflossen-Fledermausfisch (Platax teira) ist ein freundlicher, neugieriger Fisch mit einem hohen, seitlich abgeflachten K\u00f6rper und eleganten Flossen, die ihn wie ein Blatt aussehen lassen.","robots":{"index":"index","follow":"follow","max-snippet":"max-snippet:-1","max-image-preview":"max-image-preview:large","max-video-preview":"max-video-preview:-1"},"canonical":"https:\/\/www.blackturtledive.com\/de\/koh-tao-marine-life\/tailfin-batfish\/","og_locale":"de_DE","og_type":"article","og_title":"Tailfin Batfish Koh Tao | Black Turtle Dive","og_description":"Tailfin Batfish can be found swimming around many of the dive sites on Koh Tao and the most common locations are White Rock, Twins Peaks and Japanese Gardens","og_url":"https:\/\/www.blackturtledive.com\/de\/koh-tao-marine-life\/tailfin-batfish\/","og_site_name":"Black Turtle Dive Koh Tao","article_publisher":"https:\/\/www.facebook.com\/blackturtledive","article_modified_time":"2026-05-05T14:23:28+00:00","og_image":[{"width":1200,"height":800,"url":"https:\/\/www.blackturtledive.com\/wp-content\/uploads\/2020\/11\/blackturtledive.com-best-padi-divemaster-course-koh-tao.jpg","type":"image\/jpeg"}],"twitter_card":"summary_large_image","twitter_title":"Tailfin Batfish Koh Tao | Black Turtle Dive","twitter_description":"Tailfin Batfish can be found swimming around many of the dive sites on Koh Tao and the most common locations are White Rock, Twins Peaks and Japanese Gardens","twitter_image":"https:\/\/www.blackturtledive.com\/wp-content\/uploads\/2020\/11\/blackturtledive.com-best-padi-divemaster-course-koh-tao.jpg","twitter_site":"@blackturtledive","twitter_misc":{"Gesch\u00e4tzte Lesezeit":"3\u00a0Minuten"},"schema":{"@context":"https:\/\/schema.org","@graph":[{"@type":"WebPage","@id":"https:\/\/www.blackturtledive.com\/de\/koh-tao-marine-life\/tailfin-batfish\/","url":"https:\/\/www.blackturtledive.com\/de\/koh-tao-marine-life\/tailfin-batfish\/","name":"Schwanzflossen-Fledermausfisch Koh Tao | Tauchgang mit Schwarzer Schildkr\u00f6te","isPartOf":{"@id":"https:\/\/www.blackturtledive.com\/de\/#website"},"primaryImageOfPage":{"@id":"https:\/\/www.blackturtledive.com\/de\/koh-tao-marine-life\/tailfin-batfish\/#primaryimage"},"image":{"@id":"https:\/\/www.blackturtledive.com\/de\/koh-tao-marine-life\/tailfin-batfish\/#primaryimage"},"thumbnailUrl":"https:\/\/www.blackturtledive.com\/wp-content\/uploads\/2021\/01\/blackturtledive.com-tailfin-batfish-koh-tao.jpg","datePublished":"2020-12-31T17:56:40+00:00","dateModified":"2026-05-05T14:23:28+00:00","description":"Der Schwanzflossen- oder Langflossen-Fledermausfisch (Platax teira) ist ein freundlicher, neugieriger Fisch mit einem hohen, seitlich abgeflachten K\u00f6rper und eleganten Flossen, die ihn wie ein Blatt aussehen lassen.","breadcrumb":{"@id":"https:\/\/www.blackturtledive.com\/de\/koh-tao-marine-life\/tailfin-batfish\/#breadcrumb"},"inLanguage":"de","potentialAction":[{"@type":"ReadAction","target":["https:\/\/www.blackturtledive.com\/de\/koh-tao-marine-life\/tailfin-batfish\/"]}]},{"@type":"ImageObject","inLanguage":"de","@id":"https:\/\/www.blackturtledive.com\/de\/koh-tao-marine-life\/tailfin-batfish\/#primaryimage","url":"https:\/\/www.blackturtledive.com\/wp-content\/uploads\/2021\/01\/blackturtledive.com-tailfin-batfish-koh-tao.jpg","contentUrl":"https:\/\/www.blackturtledive.com\/wp-content\/uploads\/2021\/01\/blackturtledive.com-tailfin-batfish-koh-tao.jpg","width":1000,"height":647,"caption":"Tailfin Batfish Koh Tao"},{"@type":"BreadcrumbList","@id":"https:\/\/www.blackturtledive.com\/de\/koh-tao-marine-life\/tailfin-batfish\/#breadcrumb","itemListElement":[{"@type":"ListItem","position":1,"name":"Home","item":"https:\/\/www.blackturtledive.com\/de\/"},{"@type":"ListItem","position":2,"name":"Koh Tao Meeresleben","item":"https:\/\/www.blackturtledive.com\/de\/koh-tao-marine-life\/"},{"@type":"ListItem","position":3,"name":"Schwanzflossen\u2011Fledermausfisch"}]},{"@type":"WebSite","@id":"https:\/\/www.blackturtledive.com\/de\/#website","url":"https:\/\/www.blackturtledive.com\/de\/","name":"Black Turtle Dive Koh Tao","description":"Ocean Explorers | Marine Protectors","publisher":{"@id":"https:\/\/www.blackturtledive.com\/de\/#organization"},"alternateName":"Black Turtle Dive in Thailand","potentialAction":[{"@type":"SearchAction","target":{"@type":"EntryPoint","urlTemplate":"https:\/\/www.blackturtledive.com\/de\/?s={search_term_string}"},"query-input":{"@type":"PropertyValueSpecification","valueRequired":true,"valueName":"search_term_string"}}],"inLanguage":"de"},{"@type":"Organization","@id":"https:\/\/www.blackturtledive.com\/de\/#organization","name":"Black Turtle Dive Koh Tao","alternateName":"Black Turtle Dive","url":"https:\/\/www.blackturtledive.com\/de\/","logo":{"@type":"ImageObject","inLanguage":"de","@id":"https:\/\/www.blackturtledive.com\/de\/#\/schema\/logo\/image\/","url":"https:\/\/www.blackturtledive.com\/wp-content\/uploads\/2020\/11\/cropped-blackturtledive.com-brand-logo.png","contentUrl":"https:\/\/www.blackturtledive.com\/wp-content\/uploads\/2020\/11\/cropped-blackturtledive.com-brand-logo.png","width":400,"height":400,"caption":"Black Turtle Dive Koh Tao"},"image":{"@id":"https:\/\/www.blackturtledive.com\/de\/#\/schema\/logo\/image\/"},"sameAs":["https:\/\/www.facebook.com\/blackturtledive","https:\/\/x.com\/blackturtledive","https:\/\/www.instagram.com\/blackturtledive\/","https:\/\/www.youtube.com\/blackturtledive","https:\/\/www.linkedin.com\/company\/blackturtledive\/","https:\/\/www.tumblr.com\/blackturtledive","https:\/\/www.pinterest.com\/blackturtledive\/","https:\/\/www.tiktok.com\/@blackturtledive","https:\/\/www.reddit.com\/user\/blackturtledive\/"],"description":"Black Turtle Dive is a modern and innovative 5 Star Career Development Scuba Diving Center, passionate about the ocean and through training we want to empower you to become a competent and confident scuba diver. Our diving courses equip you with the skills, knowledge and awareness necessary to explore the ocean safely, whilst becoming a passionate advocate and protector of the marine environment. If you have never dived before or are a certified diver and want to develop your skills further, our tailored, bespoke courses and programs will inspire you to become an Ocean advocate. Our scientific based Marine Conservation Internships and training programs, offer aspiring scuba divers and marine conservationists, the best marine conservation internships on Koh Tao. We currently offer students six levels of Marine Conservation Internships at our beachside location on Koh Tao in Thailand. Check out our website for more information.","email":"info@blackturtledive.com","telephone":"089 592 2134","legalName":"Black Turtle Dive Co Ltd","foundingDate":"2020-01-01","publishingPrinciples":"https:\/\/www.blackturtledive.com\/terms\/","ownershipFundingInfo":"https:\/\/www.blackturtledive.com\/terms\/","actionableFeedbackPolicy":"https:\/\/www.blackturtledive.com\/privacy-policy\/","correctionsPolicy":"https:\/\/www.blackturtledive.com\/privacy-policy\/","ethicsPolicy":"https:\/\/www.blackturtledive.com\/privacy-policy\/","diversityPolicy":"https:\/\/www.blackturtledive.com\/privacy-policy\/"}]}},"_links":{"self":[{"href":"https:\/\/www.blackturtledive.com\/de\/wp-json\/wp\/v2\/pages\/18581","targetHints":{"allow":["GET"]}}],"collection":[{"href":"https:\/\/www.blackturtledive.com\/de\/wp-json\/wp\/v2\/pages"}],"about":[{"href":"https:\/\/www.blackturtledive.com\/de\/wp-json\/wp\/v2\/types\/page"}],"author":[{"embeddable":true,"href":"https:\/\/www.blackturtledive.com\/de\/wp-json\/wp\/v2\/users\/2"}],"replies":[{"embeddable":true,"href":"https:\/\/www.blackturtledive.com\/de\/wp-json\/wp\/v2\/comments?post=18581"}],"version-history":[{"count":1,"href":"https:\/\/www.blackturtledive.com\/de\/wp-json\/wp\/v2\/pages\/18581\/revisions"}],"predecessor-version":[{"id":70831,"href":"https:\/\/www.blackturtledive.com\/de\/wp-json\/wp\/v2\/pages\/18581\/revisions\/70831"}],"up":[{"embeddable":true,"href":"https:\/\/www.blackturtledive.com\/de\/wp-json\/wp\/v2\/pages\/18647"}],"wp:featuredmedia":[{"embeddable":true,"href":"https:\/\/www.blackturtledive.com\/de\/wp-json\/wp\/v2\/media\/18210"}],"wp:attachment":[{"href":"https:\/\/www.blackturtledive.com\/de\/wp-json\/wp\/v2\/media?parent=18581"}],"curies":[{"name":"wp","href":"https:\/\/api.w.org\/{rel}","templated":true}]}}