{"id":18582,"date":"2021-01-01T00:55:41","date_gmt":"2020-12-31T17:55:41","guid":{"rendered":"https:\/\/www.blackturtledive.com\/six-banded-angelfish\/"},"modified":"2026-05-05T21:23:31","modified_gmt":"2026-05-05T14:23:31","slug":"six-banded-angelfish","status":"publish","type":"page","link":"https:\/\/www.blackturtledive.com\/de\/koh-tao-marine-life\/six-banded-angelfish\/","title":{"rendered":"Sechsbinden\u2011Engelfisch"},"content":{"rendered":"<div class=\"wpb-content-wrapper\"><p>[vc_row][vc_column][vc_column_text css=&#8220;&#8220;]Der Sechsbinden-Kaiserfisch (Pomacanthus sexstriatus) ist ein gro\u00dfer, majest\u00e4tischer Fisch, erkennbar an seinem blassgelben K\u00f6rper, f\u00fcnf vertikalen schwarzen Binden und einem auff\u00e4lligen wei\u00dfen Streifen hinter dem Auge.<\/p>\n<p>Oft paarweise zu sehen, sind diese Kaiserfische territorial und verbringen ihre Tage damit, zwischen der komplexen Riffstruktur an Schw\u00e4mmen und Manteltieren zu weiden.<\/p>\n<p>Bekannt sind sie f\u00fcr laute Grunz\u2011 oder Klopfger\u00e4usche, die sie bei Erschrecken oder zur Verteidigung ihres Reviers von sich geben \u2014 ein einzigartiges akustisches Verhalten, das Taucherinnen und Taucher manchmal unter Wasser an Pl\u00e4tzen wie Mango Bay h\u00f6ren k\u00f6nnen.<\/p>\n<h3><span style=\"color: #28d4ff;\">Alles \u00fcber den Sechsb\u00e4ndigen Falterfisch auf Koh Tao<\/span><\/h3>\n<p>Sechsb\u00e4ndige Falterfische werden von <a href=\"https:\/\/www.blackturtledive.com\/padi-diving-courses\/\">Tauchern<\/a> und <a href=\"https:\/\/www.blackturtledive.com\/experience-programs\/snorkel-koh-tao\/\">Schnorcheln<\/a> rund um <a href=\"https:\/\/www.blackturtledive.com\/koh-tao\/\">Koh Tao<\/a> seltener gesehen als manche andere Falter Fischarten.<\/p>\n<p>Sie sind jedoch leicht zu finden, wenn man wei\u00df, wo man suchen muss, und treten oft paarweise auf.<\/p>\n<figure id=\"attachment_3507\" aria-describedby=\"caption-attachment-3507\" style=\"width: 1000px\" class=\"wp-caption alignnone\"><img decoding=\"async\" class=\"size-full wp-image-3507\" src=\"https:\/\/www.blackturtledive.com\/wp-content\/uploads\/2021\/01\/blackturtledive.com-six-banded-angelfish-koh-tao-marine-life.jpg\" alt=\"Sechsb\u00e4ndiger Falterfisch - Meeresleben Koh Tao\" width=\"1000\" height=\"660\" srcset=\"https:\/\/www.blackturtledive.com\/wp-content\/uploads\/2021\/01\/blackturtledive.com-six-banded-angelfish-koh-tao-marine-life.jpg 1000w, https:\/\/www.blackturtledive.com\/wp-content\/uploads\/2021\/01\/blackturtledive.com-six-banded-angelfish-koh-tao-marine-life-300x198.jpg 300w, https:\/\/www.blackturtledive.com\/wp-content\/uploads\/2021\/01\/blackturtledive.com-six-banded-angelfish-koh-tao-marine-life-768x507.jpg 768w, https:\/\/www.blackturtledive.com\/wp-content\/uploads\/2021\/01\/blackturtledive.com-six-banded-angelfish-koh-tao-marine-life-150x99.jpg 150w\" sizes=\"(max-width: 1000px) 100vw, 1000px\" \/><figcaption id=\"caption-attachment-3507\" class=\"wp-caption-text\">Sechsb\u00e4ndiger Falterfisch &#8211; Meeresleben Koh Tao<\/figcaption><\/figure>\n<h3>Wo man den Sechsb\u00e4ndigen Falterfisch auf Koh Tao findet<\/h3>\n<p>Sechsb\u00e4ndige Falterfische sind etwas scheu, kommen aber an <a href=\"https:\/\/www.blackturtledive.com\/koh-tao-dive-sites\/\">Tauchpl\u00e4tzen<\/a> wie <a href=\"https:\/\/www.blackturtledive.com\/koh-tao-dive-sites\/twins-pinnacle\/\">Twin Peaks<\/a>, <a href=\"https:\/\/www.blackturtledive.com\/koh-tao-dive-sites\/white-rock\/\">White Rock<\/a>, <a href=\"https:\/\/www.blackturtledive.com\/koh-tao-dive-sites\/japanese-gardens\/\">Japanese Gardens<\/a> und <a href=\"https:\/\/www.blackturtledive.com\/koh-tao-dive-sites\/laem-thian\/\">Laem Thian<\/a> vor.<\/p>\n<p>Beim Schnorcheln hat man in <a href=\"https:\/\/www.blackturtledive.com\/koh-tao-dive-sites\/mango-bay\/\">Mango Bay<\/a>, <a href=\"https:\/\/www.blackturtledive.com\/koh-tao-dive-sites\/aow-leuk\/\">Aow Leuk<\/a> oder <a href=\"https:\/\/www.blackturtledive.com\/koh-tao-dive-sites\/hin-wong-bay\/\">in Wong Bay<\/a> gute Chancen, sie im flachen Wasser zu beobachten.<\/p>\n<h3><span style=\"color: #28d4ff;\">Wie man den Sechsb\u00e4ndigen Falterfisch erkennt<\/span><\/h3>\n<p>Wie der Name sagt, hat der sechsb\u00e4ndige Falterfisch sechs (6) auff\u00e4llige vertikale Streifen an jeder K\u00f6rperseite.<\/p>\n<p>Der erste Streifen ist wei\u00df und sitzt direkt hinter dem Auge; die verbleibenden f\u00fcnf Streifen verlaufen zur Schwanzflosse und sind deutlich breiter und schwarz.<\/p>\n<p>Das Gesicht ist komplett schwarz mit einem kleinen schnabelf\u00f6rmigen Maul; die schwarze F\u00e4rbung verl\u00e4uft allm\u00e4hlich in ein gelbliches K\u00f6rperschema, auf dem lebhafte blaue Punkte verteilt sind.<\/p>\n<figure id=\"attachment_3324\" aria-describedby=\"caption-attachment-3324\" style=\"width: 1000px\" class=\"wp-caption alignnone\"><img decoding=\"async\" class=\"size-full wp-image-3324\" src=\"https:\/\/www.blackturtledive.com\/wp-content\/uploads\/2021\/01\/blackturtledive.com-6-banded-anglefish-koh-tao.jpg\" alt=\"Sechsb\u00e4ndiger Falterfisch Koh Tao\" width=\"1000\" height=\"664\" srcset=\"https:\/\/www.blackturtledive.com\/wp-content\/uploads\/2021\/01\/blackturtledive.com-6-banded-anglefish-koh-tao.jpg 1000w, https:\/\/www.blackturtledive.com\/wp-content\/uploads\/2021\/01\/blackturtledive.com-6-banded-anglefish-koh-tao-300x199.jpg 300w, https:\/\/www.blackturtledive.com\/wp-content\/uploads\/2021\/01\/blackturtledive.com-6-banded-anglefish-koh-tao-768x510.jpg 768w, https:\/\/www.blackturtledive.com\/wp-content\/uploads\/2021\/01\/blackturtledive.com-6-banded-anglefish-koh-tao-150x100.jpg 150w\" sizes=\"(max-width: 1000px) 100vw, 1000px\" \/><figcaption id=\"caption-attachment-3324\" class=\"wp-caption-text\">Sechsb\u00e4ndiger Falterfisch Koh Tao<\/figcaption><\/figure>\n<h3>Merkmale &amp; Verhalten des Sechsb\u00e4ndigen Falterfischs<\/h3>\n<p>Sechsb\u00e4ndige Falterfische sind beim Zusammentreffen mit <a href=\"https:\/\/www.blackturtledive.com\/fun-diving-koh-tao\/\">Tauchern<\/a> scheu und sehr aufmerksam; sie halten in der Regel Abstand.<\/p>\n<p>Bei Stress oder Aggression geben sie <span style=\"color: #28d4ff;\">ein knurrendes Ger\u00e4usch von sich<\/span> \u2014 ein Hinweis, dass man zu nahe ist.<\/p>\n<p>Die Ern\u00e4hrung ist omnivor: kleine Schw\u00e4mme, Weichtiere, W\u00fcrmer und gelegentlich Eier. Das hervorstehende Maul ist zum Abzupfen kleiner Schwamm St\u00fccke geeignet.<\/p>\n<figure id=\"attachment_3510\" aria-describedby=\"caption-attachment-3510\" style=\"width: 1000px\" class=\"wp-caption alignnone\"><img decoding=\"async\" class=\"size-full wp-image-3510\" src=\"https:\/\/www.blackturtledive.com\/wp-content\/uploads\/2021\/01\/blackturtledive.com-six-banded-angelfish-koh-tao.jpg\" alt=\"Sechsb\u00e4ndiger Falterfisch - Meeresleben\" width=\"1000\" height=\"600\" srcset=\"https:\/\/www.blackturtledive.com\/wp-content\/uploads\/2021\/01\/blackturtledive.com-six-banded-angelfish-koh-tao.jpg 1000w, https:\/\/www.blackturtledive.com\/wp-content\/uploads\/2021\/01\/blackturtledive.com-six-banded-angelfish-koh-tao-300x180.jpg 300w, https:\/\/www.blackturtledive.com\/wp-content\/uploads\/2021\/01\/blackturtledive.com-six-banded-angelfish-koh-tao-768x461.jpg 768w, https:\/\/www.blackturtledive.com\/wp-content\/uploads\/2021\/01\/blackturtledive.com-six-banded-angelfish-koh-tao-150x90.jpg 150w\" sizes=\"(max-width: 1000px) 100vw, 1000px\" \/><figcaption id=\"caption-attachment-3510\" class=\"wp-caption-text\">Sechsb\u00e4ndiger Falterfisch &#8211; Meeresleben<\/figcaption><\/figure>\n<h3><span style=\"color: #28d4ff;\">Interessante Fakten \u00fcber den Sechsb\u00e4ndigen Falterfisch<\/span><\/h3>\n<p>Sechsb\u00e4ndige Falterfische geh\u00f6ren zu den gr\u00f6\u00dften Falterfischen und k\u00f6nnen bis zu f\u00fcnfzig Zentimeter (50 cm) lang werden.<\/p>\n<p>Alle sechsb\u00e4ndigen Falterfische werden als Weibchen geboren und k\u00f6nnen sp\u00e4ter, wenn n\u00f6tig f\u00fcr Fortpflanzung oder \u00dcberleben, zum M\u00e4nnchen wechseln.<\/p>\n<p>Wie viele andere Falterfische bilden sie wahrscheinlich lebenslange Paarbindungen.<\/p>\n<p>Fr\u00fcher glaubte man, alle Falterfische seien verschiedene Arten von <a href=\"https:\/\/www.blackturtledive.com\/koh-tao-marine-life\/butterfly-fish\/\">Butterflyfish<\/a>, bevor sie eine eigene Kategorie erhielten.[\/vc_column_text][\/vc_column][\/vc_row]<\/p>\n<\/div>","protected":false},"excerpt":{"rendered":"<p>Die Sechsbinden-Kaiserfische auf Koh Tao sind recht scheu, k\u00f6nnen aber an vielen Tauchpl\u00e4tzen wie Twin Peaks, White Rock, Japanese Gardens und Laem Thian beobachtet werden.<\/p>\n","protected":false},"author":2,"featured_media":18262,"parent":18647,"menu_order":0,"comment_status":"closed","ping_status":"closed","template":"","meta":{"_acf_changed":false,"footnotes":""},"class_list":["post-18582","page","type-page","status-publish","has-post-thumbnail","hentry"],"acf":[],"yoast_head":"<!-- This site is optimized with the Yoast SEO Premium plugin v27.6 (Yoast SEO v27.6) - https:\/\/yoast.com\/product\/yoast-seo-premium-wordpress\/ -->\n<title>Sechsbinden-Kaiserfisch Koh Tao | Tauchgang mit Schwarzer Schildkr\u00f6te<\/title>\n<meta name=\"description\" content=\"Die Sechsbinden-Kaiserfische auf Koh Tao sind recht scheu, k\u00f6nnen aber an vielen Tauchpl\u00e4tzen wie Twin Peaks, White Rock, Japanese Gardens und Laem Thian beobachtet werden.\" \/>\n<meta name=\"robots\" content=\"index, follow, max-snippet:-1, max-image-preview:large, max-video-preview:-1\" \/>\n<link rel=\"canonical\" href=\"https:\/\/www.blackturtledive.com\/de\/koh-tao-marine-life\/six-banded-angelfish\/\" \/>\n<meta property=\"og:locale\" content=\"de_DE\" \/>\n<meta property=\"og:type\" content=\"article\" \/>\n<meta property=\"og:title\" content=\"Six Banded Angelfish Koh Tao | Black Turtle Dive\" \/>\n<meta property=\"og:description\" content=\"Six Banded Angelfish on Koh Tao are quite shy but they can be seen at many of the dive sites such as Twin Peaks, White Rock, Japanese Gardens and Laem Thian\" \/>\n<meta property=\"og:url\" content=\"https:\/\/www.blackturtledive.com\/de\/koh-tao-marine-life\/six-banded-angelfish\/\" \/>\n<meta property=\"og:site_name\" content=\"Black Turtle Dive Koh Tao\" \/>\n<meta property=\"article:publisher\" content=\"https:\/\/www.facebook.com\/blackturtledive\" \/>\n<meta property=\"article:modified_time\" content=\"2026-05-05T14:23:31+00:00\" \/>\n<meta property=\"og:image\" content=\"https:\/\/www.blackturtledive.com\/wp-content\/uploads\/2020\/11\/blackturtledive.com-best-padi-divemaster-course-koh-tao.jpg\" \/>\n\t<meta property=\"og:image:width\" content=\"1200\" \/>\n\t<meta property=\"og:image:height\" content=\"800\" \/>\n\t<meta property=\"og:image:type\" content=\"image\/jpeg\" \/>\n<meta name=\"twitter:card\" content=\"summary_large_image\" \/>\n<meta name=\"twitter:title\" content=\"Six Banded Angelfish Koh Tao | Black Turtle Dive\" \/>\n<meta name=\"twitter:description\" content=\"Six Banded Angelfish on Koh Tao are quite shy but they can be seen at many of the dive sites such as Twin Peaks, White Rock, Japanese Gardens and Laem Thian\" \/>\n<meta name=\"twitter:image\" content=\"https:\/\/www.blackturtledive.com\/wp-content\/uploads\/2020\/11\/blackturtledive.com-best-padi-divemaster-course-koh-tao.jpg\" \/>\n<meta name=\"twitter:site\" content=\"@blackturtledive\" \/>\n<meta name=\"twitter:label1\" content=\"Gesch\u00e4tzte Lesezeit\" \/>\n\t<meta name=\"twitter:data1\" content=\"3\u00a0Minuten\" \/>\n<!-- \/ Yoast SEO Premium plugin. -->","yoast_head_json":{"title":"Sechsbinden-Kaiserfisch Koh Tao | Tauchgang mit Schwarzer Schildkr\u00f6te","description":"Die Sechsbinden-Kaiserfische auf Koh Tao sind recht scheu, k\u00f6nnen aber an vielen Tauchpl\u00e4tzen wie Twin Peaks, White Rock, Japanese Gardens und Laem Thian beobachtet werden.","robots":{"index":"index","follow":"follow","max-snippet":"max-snippet:-1","max-image-preview":"max-image-preview:large","max-video-preview":"max-video-preview:-1"},"canonical":"https:\/\/www.blackturtledive.com\/de\/koh-tao-marine-life\/six-banded-angelfish\/","og_locale":"de_DE","og_type":"article","og_title":"Six Banded Angelfish Koh Tao | Black Turtle Dive","og_description":"Six Banded Angelfish on Koh Tao are quite shy but they can be seen at many of the dive sites such as Twin Peaks, White Rock, Japanese Gardens and Laem Thian","og_url":"https:\/\/www.blackturtledive.com\/de\/koh-tao-marine-life\/six-banded-angelfish\/","og_site_name":"Black Turtle Dive Koh Tao","article_publisher":"https:\/\/www.facebook.com\/blackturtledive","article_modified_time":"2026-05-05T14:23:31+00:00","og_image":[{"width":1200,"height":800,"url":"https:\/\/www.blackturtledive.com\/wp-content\/uploads\/2020\/11\/blackturtledive.com-best-padi-divemaster-course-koh-tao.jpg","type":"image\/jpeg"}],"twitter_card":"summary_large_image","twitter_title":"Six Banded Angelfish Koh Tao | Black Turtle Dive","twitter_description":"Six Banded Angelfish on Koh Tao are quite shy but they can be seen at many of the dive sites such as Twin Peaks, White Rock, Japanese Gardens and Laem Thian","twitter_image":"https:\/\/www.blackturtledive.com\/wp-content\/uploads\/2020\/11\/blackturtledive.com-best-padi-divemaster-course-koh-tao.jpg","twitter_site":"@blackturtledive","twitter_misc":{"Gesch\u00e4tzte Lesezeit":"3\u00a0Minuten"},"schema":{"@context":"https:\/\/schema.org","@graph":[{"@type":"WebPage","@id":"https:\/\/www.blackturtledive.com\/de\/koh-tao-marine-life\/six-banded-angelfish\/","url":"https:\/\/www.blackturtledive.com\/de\/koh-tao-marine-life\/six-banded-angelfish\/","name":"Sechsbinden-Kaiserfisch Koh Tao | Tauchgang mit Schwarzer Schildkr\u00f6te","isPartOf":{"@id":"https:\/\/www.blackturtledive.com\/de\/#website"},"primaryImageOfPage":{"@id":"https:\/\/www.blackturtledive.com\/de\/koh-tao-marine-life\/six-banded-angelfish\/#primaryimage"},"image":{"@id":"https:\/\/www.blackturtledive.com\/de\/koh-tao-marine-life\/six-banded-angelfish\/#primaryimage"},"thumbnailUrl":"https:\/\/www.blackturtledive.com\/wp-content\/uploads\/2021\/01\/blackturtledive.com-six-banded-angelfish-koh-tao-marine-life.jpg","datePublished":"2020-12-31T17:55:41+00:00","dateModified":"2026-05-05T14:23:31+00:00","description":"Die Sechsbinden-Kaiserfische auf Koh Tao sind recht scheu, k\u00f6nnen aber an vielen Tauchpl\u00e4tzen wie Twin Peaks, White Rock, Japanese Gardens und Laem Thian beobachtet werden.","breadcrumb":{"@id":"https:\/\/www.blackturtledive.com\/de\/koh-tao-marine-life\/six-banded-angelfish\/#breadcrumb"},"inLanguage":"de","potentialAction":[{"@type":"ReadAction","target":["https:\/\/www.blackturtledive.com\/de\/koh-tao-marine-life\/six-banded-angelfish\/"]}]},{"@type":"ImageObject","inLanguage":"de","@id":"https:\/\/www.blackturtledive.com\/de\/koh-tao-marine-life\/six-banded-angelfish\/#primaryimage","url":"https:\/\/www.blackturtledive.com\/wp-content\/uploads\/2021\/01\/blackturtledive.com-six-banded-angelfish-koh-tao-marine-life.jpg","contentUrl":"https:\/\/www.blackturtledive.com\/wp-content\/uploads\/2021\/01\/blackturtledive.com-six-banded-angelfish-koh-tao-marine-life.jpg","width":1000,"height":660,"caption":"Six Banded Angelfish - Marine Life Koh Tao"},{"@type":"BreadcrumbList","@id":"https:\/\/www.blackturtledive.com\/de\/koh-tao-marine-life\/six-banded-angelfish\/#breadcrumb","itemListElement":[{"@type":"ListItem","position":1,"name":"Home","item":"https:\/\/www.blackturtledive.com\/de\/"},{"@type":"ListItem","position":2,"name":"Koh Tao Meeresleben","item":"https:\/\/www.blackturtledive.com\/de\/koh-tao-marine-life\/"},{"@type":"ListItem","position":3,"name":"Sechsbinden\u2011Engelfisch"}]},{"@type":"WebSite","@id":"https:\/\/www.blackturtledive.com\/de\/#website","url":"https:\/\/www.blackturtledive.com\/de\/","name":"Black Turtle Dive Koh Tao","description":"Ocean Explorers | Marine Protectors","publisher":{"@id":"https:\/\/www.blackturtledive.com\/de\/#organization"},"alternateName":"Black Turtle Dive in Thailand","potentialAction":[{"@type":"SearchAction","target":{"@type":"EntryPoint","urlTemplate":"https:\/\/www.blackturtledive.com\/de\/?s={search_term_string}"},"query-input":{"@type":"PropertyValueSpecification","valueRequired":true,"valueName":"search_term_string"}}],"inLanguage":"de"},{"@type":"Organization","@id":"https:\/\/www.blackturtledive.com\/de\/#organization","name":"Black Turtle Dive Koh Tao","alternateName":"Black Turtle Dive","url":"https:\/\/www.blackturtledive.com\/de\/","logo":{"@type":"ImageObject","inLanguage":"de","@id":"https:\/\/www.blackturtledive.com\/de\/#\/schema\/logo\/image\/","url":"https:\/\/www.blackturtledive.com\/wp-content\/uploads\/2020\/11\/cropped-blackturtledive.com-brand-logo.png","contentUrl":"https:\/\/www.blackturtledive.com\/wp-content\/uploads\/2020\/11\/cropped-blackturtledive.com-brand-logo.png","width":400,"height":400,"caption":"Black Turtle Dive Koh Tao"},"image":{"@id":"https:\/\/www.blackturtledive.com\/de\/#\/schema\/logo\/image\/"},"sameAs":["https:\/\/www.facebook.com\/blackturtledive","https:\/\/x.com\/blackturtledive","https:\/\/www.instagram.com\/blackturtledive\/","https:\/\/www.youtube.com\/blackturtledive","https:\/\/www.linkedin.com\/company\/blackturtledive\/","https:\/\/www.tumblr.com\/blackturtledive","https:\/\/www.pinterest.com\/blackturtledive\/","https:\/\/www.tiktok.com\/@blackturtledive","https:\/\/www.reddit.com\/user\/blackturtledive\/"],"description":"Black Turtle Dive is a modern and innovative 5 Star Career Development Scuba Diving Center, passionate about the ocean and through training we want to empower you to become a competent and confident scuba diver. Our diving courses equip you with the skills, knowledge and awareness necessary to explore the ocean safely, whilst becoming a passionate advocate and protector of the marine environment. If you have never dived before or are a certified diver and want to develop your skills further, our tailored, bespoke courses and programs will inspire you to become an Ocean advocate. Our scientific based Marine Conservation Internships and training programs, offer aspiring scuba divers and marine conservationists, the best marine conservation internships on Koh Tao. We currently offer students six levels of Marine Conservation Internships at our beachside location on Koh Tao in Thailand. Check out our website for more information.","email":"info@blackturtledive.com","telephone":"089 592 2134","legalName":"Black Turtle Dive Co Ltd","foundingDate":"2020-01-01","publishingPrinciples":"https:\/\/www.blackturtledive.com\/terms\/","ownershipFundingInfo":"https:\/\/www.blackturtledive.com\/terms\/","actionableFeedbackPolicy":"https:\/\/www.blackturtledive.com\/privacy-policy\/","correctionsPolicy":"https:\/\/www.blackturtledive.com\/privacy-policy\/","ethicsPolicy":"https:\/\/www.blackturtledive.com\/privacy-policy\/","diversityPolicy":"https:\/\/www.blackturtledive.com\/privacy-policy\/"}]}},"_links":{"self":[{"href":"https:\/\/www.blackturtledive.com\/de\/wp-json\/wp\/v2\/pages\/18582","targetHints":{"allow":["GET"]}}],"collection":[{"href":"https:\/\/www.blackturtledive.com\/de\/wp-json\/wp\/v2\/pages"}],"about":[{"href":"https:\/\/www.blackturtledive.com\/de\/wp-json\/wp\/v2\/types\/page"}],"author":[{"embeddable":true,"href":"https:\/\/www.blackturtledive.com\/de\/wp-json\/wp\/v2\/users\/2"}],"replies":[{"embeddable":true,"href":"https:\/\/www.blackturtledive.com\/de\/wp-json\/wp\/v2\/comments?post=18582"}],"version-history":[{"count":1,"href":"https:\/\/www.blackturtledive.com\/de\/wp-json\/wp\/v2\/pages\/18582\/revisions"}],"predecessor-version":[{"id":70832,"href":"https:\/\/www.blackturtledive.com\/de\/wp-json\/wp\/v2\/pages\/18582\/revisions\/70832"}],"up":[{"embeddable":true,"href":"https:\/\/www.blackturtledive.com\/de\/wp-json\/wp\/v2\/pages\/18647"}],"wp:featuredmedia":[{"embeddable":true,"href":"https:\/\/www.blackturtledive.com\/de\/wp-json\/wp\/v2\/media\/18262"}],"wp:attachment":[{"href":"https:\/\/www.blackturtledive.com\/de\/wp-json\/wp\/v2\/media?parent=18582"}],"curies":[{"name":"wp","href":"https:\/\/api.w.org\/{rel}","templated":true}]}}