{"id":18583,"date":"2021-01-01T00:51:05","date_gmt":"2020-12-31T17:51:05","guid":{"rendered":"https:\/\/www.blackturtledive.com\/pinktail-trigger-fish\/"},"modified":"2026-05-05T21:23:32","modified_gmt":"2026-05-05T14:23:32","slug":"pinktail-trigger-fish","status":"publish","type":"page","link":"https:\/\/www.blackturtledive.com\/de\/koh-tao-marine-life\/pinktail-trigger-fish\/","title":{"rendered":"Rosenschwanz\u2011Dr\u00fcckerfisch"},"content":{"rendered":"<div class=\"wpb-content-wrapper\"><p>[vc_row][vc_column][vc_column_text css=&#8220;&#8220;]Der Pinktail-Dr\u00fcckerfisch (Melichthys vidua) ist ein auffallend eleganter Fisch mit dunklem, br\u00e4unlich\u2011schwarzem K\u00f6rper, dem leuchtend durchscheinend rosa oder wei\u00dfen R\u00fccken\u2011 und Schwanzflossen gegen\u00fcberstehen.<\/p>\n<p>Vor allem an \u00e4u\u00dferen Riffh\u00e4ngen und Pinnakeln zu finden, ist er deutlich ruhiger als seine Titan\u2011Verwandten und ern\u00e4hrt sich von einer abwechslungsreichen Kost aus Algen und kleinen Wirbellosen.<\/p>\n<p>Bei Bedrohung verkeilt er sich mit seinem Triggerstachel in engen Spalten; sein anmutiger, wellenf\u00f6rmiger Schwimmstil ist an Pl\u00e4tzen wie Shark Island ein h\u00e4ufiges, sch\u00f6nes Erlebnis f\u00fcr Taucher.<\/p>\n<h3><span style=\"color: #28d4ff;\">Alles \u00fcber den Rosa-Schwanz-Dr\u00fcckerfisch auf Koh Tao<\/span><\/h3>\n<p>Rosa-Schwanz-Dr\u00fcckerfische sind beim <a href=\"https:\/\/www.blackturtledive.com\/padi-diving-courses\/\">Tauchen<\/a> oder <a href=\"https:\/\/www.blackturtledive.com\/experience-programs\/snorkel-koh-tao\/\">Schnorcheln<\/a> rund um <a href=\"https:\/\/www.blackturtledive.com\/koh-tao\/\">Koh Tao<\/a> selten zu sehen.<\/p>\n<div  data-ep-a=\"fadeIn\"  id=\"_ytid_64061\"  width=\"640\" height=\"360\"  data-origwidth=\"640\" data-origheight=\"360\"  data-relstop=\"1\" data-facadesrc=\"https:\/\/www.youtube.com\/embed\/JrQtGqlxnX8?enablejsapi=1&origin=https:\/\/www.blackturtledive.com&autoplay=0&cc_load_policy=0&cc_lang_pref=&iv_load_policy=1&loop=0&rel=0&fs=1&playsinline=0&autohide=2&theme=dark&color=red&controls=1&disablekb=0&\" class=\"__youtube_prefs__ epyt-facade  no-lazyload\" data-epautoplay=\"1\" ><img decoding=\"async\" data-spai-excluded=\"true\" class=\"epyt-facade-poster skip-lazy\" loading=\"lazy\"  alt=\"Rare Encounter: Pink Tail Trigger Fish In Koh Tao | BlackTurtleDive.com\"  src=\"https:\/\/i.ytimg.com\/vi\/JrQtGqlxnX8\/maxresdefault.jpg\"  \/><button class=\"epyt-facade-play\" aria-label=\"Play\"><svg data-no-lazy=\"1\" height=\"100%\" version=\"1.1\" viewBox=\"0 0 68 48\" width=\"100%\"><path class=\"ytp-large-play-button-bg\" d=\"M66.52,7.74c-0.78-2.93-2.49-5.41-5.42-6.19C55.79,.13,34,0,34,0S12.21,.13,6.9,1.55 C3.97,2.33,2.27,4.81,1.48,7.74C0.06,13.05,0,24,0,24s0.06,10.95,1.48,16.26c0.78,2.93,2.49,5.41,5.42,6.19 C12.21,47.87,34,48,34,48s21.79-0.13,27.1-1.55c2.93-0.78,4.64-3.26,5.42-6.19C67.94,34.95,68,24,68,24S67.94,13.05,66.52,7.74z\" fill=\"#f00\"><\/path><path d=\"M 45,24 27,14 27,34\" fill=\"#fff\"><\/path><\/svg><\/button><\/div><span itemprop=\"video\" itemscope itemtype=\"http:\/\/schema.org\/VideoObject\"><meta itemprop=\"embedUrl\" content=\"https:\/\/www.youtube.com\/embed\/JrQtGqlxnX8\"><meta itemprop=\"name\" content=\"Rare Encounter: Pink Tail Trigger Fish In Koh Tao | BlackTurtleDive.com\"><meta itemprop=\"description\" content=\"Join Black Turtle Dive for a unique opportunity to see the Pink Tail Trigger Fish in Koh Tao, Thailand. These rare and beautiful marine animals are a highlight for scuba divers and snorkelers exploring the waters around Koh Tao. Known for their distinct pink tail, these triggerfish are typically found north of the Red Rock dive site in depths of 8-10 meters. Dive with us and experience the thrill of encountering one of Koh Tao&#039;s most elusive marine species. Check out our other marine life: https:\/\/www.blackturtledive.com\/koh-tao-marine-life\/pinktail-trigger-fish\/ This video concerns a Rare Encounter: Pink Tail Trigger Fish In Koh Tao. But It also covers the following topics: Black Turtle Dive Marine Life Rare Fish Diving Koh Tao Thailand Scuba Diving Video Title: Rare Encounter: Pink Tail Trigger Fish In Koh Tao | BlackTurtleDive.com \ud83d\udd14Get on a Life-Changing Underwater Adventure with Us \u2013 Your Gateway to the Ocean&#039;s Wonders! Hit Subscribe Now to Join Our Community of Ocean Advocates. https:\/\/www.youtube.com\/&#064;BlackTurtleDive\/?sub_confirmation=1 \u2705Important Links to Follow \ud83d\udd17Brand Channels \u2728Main diving courses brand: https:\/\/www.blackturtledive.com\/ \u2728PADI Dive Courses ( Pro level): https:\/\/idckohtao.com\/ \u2728Marine Conservation Internships: https:\/\/www.ecokohtao.com\/ \u2705 Stay Connected With Us. \ud83d\udc49Facebook: https:\/\/www.facebook.com\/blackturtledive \ud83d\udc49Instagram: https:\/\/www.instagram.com\/blackturtledive\/ \ud83d\udc49Threads: https:\/\/www.threads.net\/&#064;blackturtledive \ud83d\udc49Tiktok: https:\/\/www.tiktok.com\/&#064;blackturtledive \ud83d\udc49Twitter (X): https:\/\/twitter.com\/blackturtledive \ud83d\udc49Pinterest: https:\/\/www.pinterest.com\/blackturtledive\/ \ud83d\udc49Website: https:\/\/www.blackturtledive.com\/ \u2705 For Business Inquiries: media&#064;blackturtledive.com ============================= \u2705 Recommended Playlists \ud83d\udc49 Koh Tao Marine Life (Part 1) https:\/\/www.youtube.com\/watch?v=1D3Dbtrq5vI&amp;list=PLW_jU0PKLEUGS-ZQjvOB0_8q7cZZmOqCC&amp;pp=iAQB \ud83d\udc49PADI Instructor Development Course (IDC) | Black Turtle Dive, Koh Tao https:\/\/www.youtube.com\/watch?v=kXPwkxj0gyg&amp;list=PLW_jU0PKLEUEUo8dW4l2QD8ywAwK7xP1c&amp;pp=iAQB \u2705 Other Videos You Might Be Interested In Watching: \ud83d\udc49 Coral Watch Marine Conservation Course in Koh Tao, Thailand https:\/\/www.youtube.com\/watch?v=mM6C-QgT1z4 \ud83d\udc49 PADI Open Water Course on Koh Tao in Thailand https:\/\/www.youtube.com\/watch?v=xL8WyFY9bRM \ud83d\udc49 Ocellated Eagle Ray Koh Tao https:\/\/www.youtube.com\/watch?v=xiO-23risdc \ud83d\udc49 Tailfin Batfish Koh Tao https:\/\/www.youtube.com\/watch?v=RCjIBjmvSZM ============================= \u2705 About Black Turtle Dive. As a modern and innovative Scuba Diving Center, Black Turtle Dive is passionate about the ocean, and through our training, we want to empower you to become a competent and confident scuba diver. Our diving courses equip you with the skills, knowledge, and awareness necessary to explore the ocean safely while becoming a passionate advocate and protector of the marine environment. If you have never dived before or are a certified diver and want to develop your skills further, our tailored, bespoke courses and programs will inspire you to become an Ocean advocate. Our scientific-based Marine Conservation Internships, or Reef Ecology And Conservation Training program (REACT), offer aspiring scuba divers and marine conservationists the best marine conservation internships on Koh Tao. We offer students three levels of Marine Conservation Internships at our beachside location on Koh Tao in Thailand. For Collaboration and Business inquiries, please use the contact information below: \ud83d\udce9 Email: media&#064;blackturtledive.com \ud83d\udd14Discover the Underwater World with Us: Expert Training, Unforgettable Experiences, and a Commitment to Marine Protection. Subscribe Now: https:\/\/www.youtube.com\/&#064;BlackTurtleDive\/?sub_confirmation=1 ================================= #pinktailtriggerfish #kohtao #divingthailand #blackturtledive #scubadiving #marinelife \u26a0\ufe0fDISCLAIMER: We do not accept any liability for any loss or damage incurred from you acting or not acting as a result of watching any of our publications. You acknowledge that you use the information we provide at your own risk. Do your research. Copyright Notice: This video and our YouTube channel contain dialogue, music, and images that are the property of Black Turtle Dive. You are authorized to share the video link and channel and embed this video in your website or others as long as a link back to our YouTube channel is provided. \u00a9 Black Turtle Dive\"><meta itemprop=\"thumbnailUrl\" content=\"https:\/\/i.ytimg.com\/vi\/JrQtGqlxnX8\/0.jpg\"><meta itemprop=\"duration\" content=\"PT1M\"><meta itemprop=\"uploadDate\" content=\"2021-01-11T10:14:26Z\"><\/span>\n<h3>Wo man den Rosa-Schwanz-Dr\u00fcckerfisch auf Koh Tao findet<\/h3>\n<p>Der einzige Ort, an dem wir diese sch\u00f6nen <a href=\"https:\/\/www.blackturtledive.com\/koh-tao-marine-life\/\">Tiere<\/a> weiterhin sehen, liegt n\u00f6rdlich des Tauchplatzes <a href=\"https:\/\/www.blackturtledive.com\/koh-tao-dive-sites\/red-rock-pinnacle\/\">Red Rock<\/a> <a href=\"https:\/\/www.blackturtledive.com\/koh-tao-dive-sites\/\">Tauchplatz<\/a> in Tiefen von etwa 8\u201310 Metern.<\/p>\n<figure id=\"attachment_3482\" aria-describedby=\"caption-attachment-3482\" style=\"width: 1100px\" class=\"wp-caption alignnone\"><img decoding=\"async\" class=\"size-full wp-image-3482\" src=\"https:\/\/www.blackturtledive.com\/wp-content\/uploads\/2021\/01\/blackturtledive.com-pink-tailed-triggerfish-koh-tao-marine-life.jpg\" alt=\"Rosa-Schwanz-Dr\u00fcckerfisch Koh Tao Meeresleben\" width=\"1100\" height=\"608\" srcset=\"https:\/\/www.blackturtledive.com\/wp-content\/uploads\/2021\/01\/blackturtledive.com-pink-tailed-triggerfish-koh-tao-marine-life.jpg 1100w, https:\/\/www.blackturtledive.com\/wp-content\/uploads\/2021\/01\/blackturtledive.com-pink-tailed-triggerfish-koh-tao-marine-life-300x166.jpg 300w, https:\/\/www.blackturtledive.com\/wp-content\/uploads\/2021\/01\/blackturtledive.com-pink-tailed-triggerfish-koh-tao-marine-life-1024x566.jpg 1024w, https:\/\/www.blackturtledive.com\/wp-content\/uploads\/2021\/01\/blackturtledive.com-pink-tailed-triggerfish-koh-tao-marine-life-768x424.jpg 768w, https:\/\/www.blackturtledive.com\/wp-content\/uploads\/2021\/01\/blackturtledive.com-pink-tailed-triggerfish-koh-tao-marine-life-150x83.jpg 150w\" sizes=\"(max-width: 1100px) 100vw, 1100px\" \/><figcaption id=\"caption-attachment-3482\" class=\"wp-caption-text\">Rosa-Schwanz-Dr\u00fcckerfisch Koh Tao Meeresleben<\/figcaption><\/figure>\n<h3>Wie man den Rosa-Schwanz-Dr\u00fcckerfisch erkennt<\/h3>\n<p>Rosa-Schwanz-Dr\u00fcckerfische verdanken ihren Namen dem rosa Schwanz, der am Ansatz meist wei\u00df und an der Spitze rosa gef\u00e4rbt ist.<\/p>\n<p>Die K\u00f6rperfarbe ist meist dunkelgr\u00fcn; die Exemplare, die wir nordwestlich von Red Rock sehen, sind schwarz mit gelben Brust- und vorderen R\u00fccken-<span style=\"color: #28d4ff;\"><em>Trigger Flossen<\/em><\/span> sowie wei\u00dfer After- und weicher R\u00fcckenflosse mit schwarzer Umrandung.<\/p>\n<h3><span style=\"color: #28d4ff;\">Triggerflosse<\/span><\/h3>\n<p>Wie andere Dr\u00fcckerfische kann der <span style=\"color: #28d4ff;\">Rosa-Schwanz-Dr\u00fcckerfisch<\/span> seine vordere R\u00fcckenflosse einrasten, meist bei Bedrohung; dies gilt als Warnsignal an andere Fische (oder Taucher), Abstand zu halten.<\/p>\n<p>Rosa-Schwanz-Dr\u00fcckerfische gelten im Vergleich zu anderen Arten als m\u00e4\u00dfig aggressiv.<\/p>\n<figure id=\"attachment_3484\" aria-describedby=\"caption-attachment-3484\" style=\"width: 1100px\" class=\"wp-caption alignnone\"><img decoding=\"async\" class=\"size-full wp-image-3484\" src=\"https:\/\/www.blackturtledive.com\/wp-content\/uploads\/2021\/01\/blackturtledive.com-pink-tailed-triggerfish-koh-tao-thailand.jpg\" alt=\"Rosa-Schwanz-Dr\u00fcckerfisch - Meeresleben\" width=\"1100\" height=\"615\" srcset=\"https:\/\/www.blackturtledive.com\/wp-content\/uploads\/2021\/01\/blackturtledive.com-pink-tailed-triggerfish-koh-tao-thailand.jpg 1100w, https:\/\/www.blackturtledive.com\/wp-content\/uploads\/2021\/01\/blackturtledive.com-pink-tailed-triggerfish-koh-tao-thailand-300x168.jpg 300w, https:\/\/www.blackturtledive.com\/wp-content\/uploads\/2021\/01\/blackturtledive.com-pink-tailed-triggerfish-koh-tao-thailand-1024x573.jpg 1024w, https:\/\/www.blackturtledive.com\/wp-content\/uploads\/2021\/01\/blackturtledive.com-pink-tailed-triggerfish-koh-tao-thailand-768x429.jpg 768w, https:\/\/www.blackturtledive.com\/wp-content\/uploads\/2021\/01\/blackturtledive.com-pink-tailed-triggerfish-koh-tao-thailand-150x84.jpg 150w\" sizes=\"(max-width: 1100px) 100vw, 1100px\" \/><figcaption id=\"caption-attachment-3484\" class=\"wp-caption-text\">Rosa-Schwanz-Dr\u00fcckerfisch &#8211; Meeresleben<\/figcaption><\/figure>\n<h3>Merkmale &amp; Verhalten des Rosa-Schwanz-Dr\u00fcckerfischs<\/h3>\n<p>Rosa-Schwanz-Dr\u00fcckerfische k\u00f6nnen bis zu 40 cm lang werden; die bei Koh Tao beobachteten Tiere messen meist 20\u201330 cm.<\/p>\n<p>Sie ern\u00e4hren sich von Algen, Krabben, Garnelen, Fischen, <a href=\"https:\/\/www.blackturtledive.com\/koh-tao-marine-life\/cephalopods\/\">Oktopussen<\/a>, Schw\u00e4mmen und Detritus und werden einzeln oder in kleinen, lockeren Gruppen angetroffen.<\/p>\n<p>Sie leben an Riffstellen mit starker Str\u00f6mung und <a href=\"https:\/\/www.blackturtledive.com\/conservation\/marine-conservation-courses\/\">gesundem Korallenbewuchs<\/a> \u2014 Bedingungen, die auch am beobachteten Standort n\u00f6rdlich von Red Rock vorherrschen.<\/p>\n<h3><span style=\"color: #28d4ff;\">Interessante Fakten zum Rosa-Schwanz-Dr\u00fcckerfisch<\/span><\/h3>\n<p>Beim Schlafen klemmen sie sich mit der harten R\u00fcckenstachel-Flosse oft in eine Felsspalte oder Ritze, wodurch es f\u00fcr R\u00e4uber schwerer wird, sie herauszuziehen.<\/p>\n<figure id=\"attachment_3315\" aria-describedby=\"caption-attachment-3315\" style=\"width: 1100px\" class=\"wp-caption alignnone\"><img decoding=\"async\" class=\"size-full wp-image-3315\" src=\"https:\/\/www.blackturtledive.com\/wp-content\/uploads\/2021\/01\/blackturtledive.com-pint-tailed-triggerfish-koh-tao.jpg\" alt=\"Rosa-Schwanz-Dr\u00fcckerfisch Koh Tao\" width=\"1100\" height=\"607\" srcset=\"https:\/\/www.blackturtledive.com\/wp-content\/uploads\/2021\/01\/blackturtledive.com-pint-tailed-triggerfish-koh-tao.jpg 1100w, https:\/\/www.blackturtledive.com\/wp-content\/uploads\/2021\/01\/blackturtledive.com-pint-tailed-triggerfish-koh-tao-300x166.jpg 300w, https:\/\/www.blackturtledive.com\/wp-content\/uploads\/2021\/01\/blackturtledive.com-pint-tailed-triggerfish-koh-tao-1024x565.jpg 1024w, https:\/\/www.blackturtledive.com\/wp-content\/uploads\/2021\/01\/blackturtledive.com-pint-tailed-triggerfish-koh-tao-768x424.jpg 768w, https:\/\/www.blackturtledive.com\/wp-content\/uploads\/2021\/01\/blackturtledive.com-pint-tailed-triggerfish-koh-tao-150x83.jpg 150w\" sizes=\"(max-width: 1100px) 100vw, 1100px\" \/><figcaption id=\"caption-attachment-3315\" class=\"wp-caption-text\">Rosa-Schwanz-Dr\u00fcckerfisch Koh Tao<\/figcaption><\/figure>\n<p>[\/vc_column_text][\/vc_column][\/vc_row]<\/p>\n<\/div>","protected":false},"excerpt":{"rendered":"<p>Rosa Dr\u00fcckerfische sind auf Koh Tao in der N\u00e4he des Tauchplatzes Red Rock zu finden, aber beim Tauchen oder Schnorcheln in der lokalen Meeresumgebung sind sie selten zu sehen.<\/p>\n","protected":false},"author":2,"featured_media":18208,"parent":18647,"menu_order":0,"comment_status":"closed","ping_status":"closed","template":"","meta":{"_acf_changed":false,"footnotes":""},"class_list":["post-18583","page","type-page","status-publish","has-post-thumbnail","hentry"],"acf":[],"yoast_head":"<!-- This site is optimized with the Yoast SEO Premium plugin v27.6 (Yoast SEO v27.6) - https:\/\/yoast.com\/product\/yoast-seo-premium-wordpress\/ -->\n<title>Pink Tail Trigger Fish Koh Tao | Black Turtle Dive<\/title>\n<meta name=\"description\" content=\"Rosa Dr\u00fcckerfische sind auf Koh Tao in der N\u00e4he des Tauchplatzes Red Rock zu finden, aber beim Tauchen oder Schnorcheln in der lokalen Meeresumgebung sind sie selten zu sehen.\" \/>\n<meta name=\"robots\" content=\"index, follow, max-snippet:-1, max-image-preview:large, max-video-preview:-1\" \/>\n<link rel=\"canonical\" href=\"https:\/\/www.blackturtledive.com\/de\/koh-tao-marine-life\/pinktail-trigger-fish\/\" \/>\n<meta property=\"og:locale\" content=\"de_DE\" \/>\n<meta property=\"og:type\" content=\"article\" \/>\n<meta property=\"og:title\" content=\"Pink Tail Trigger Fish Koh Tao | Black Turtle Dive\" \/>\n<meta property=\"og:description\" content=\"Pink Tail Triggerfish on Koh Tao can be found near Red Rock dive site but are a rare sight when scuba diving or snorkeling in the local marine environment\" \/>\n<meta property=\"og:url\" content=\"https:\/\/www.blackturtledive.com\/de\/koh-tao-marine-life\/pinktail-trigger-fish\/\" \/>\n<meta property=\"og:site_name\" content=\"Black Turtle Dive Koh Tao\" \/>\n<meta property=\"article:publisher\" content=\"https:\/\/www.facebook.com\/blackturtledive\" \/>\n<meta property=\"article:modified_time\" content=\"2026-05-05T14:23:32+00:00\" \/>\n<meta property=\"og:image\" content=\"https:\/\/www.blackturtledive.com\/wp-content\/uploads\/2020\/11\/blackturtledive.com-best-padi-divemaster-course-koh-tao.jpg\" \/>\n\t<meta property=\"og:image:width\" content=\"1200\" \/>\n\t<meta property=\"og:image:height\" content=\"800\" \/>\n\t<meta property=\"og:image:type\" content=\"image\/jpeg\" \/>\n<meta name=\"twitter:card\" content=\"summary_large_image\" \/>\n<meta name=\"twitter:title\" content=\"Pink Tail Trigger Fish Koh Tao | Black Turtle Dive\" \/>\n<meta name=\"twitter:description\" content=\"Pink Tail Triggerfish on Koh Tao can be found near Red Rock dive site but are a rare sight when scuba diving or snorkeling in the local marine environment\" \/>\n<meta name=\"twitter:image\" content=\"https:\/\/www.blackturtledive.com\/wp-content\/uploads\/2020\/11\/blackturtledive.com-best-padi-divemaster-course-koh-tao.jpg\" \/>\n<meta name=\"twitter:site\" content=\"@blackturtledive\" \/>\n<meta name=\"twitter:label1\" content=\"Gesch\u00e4tzte Lesezeit\" \/>\n\t<meta name=\"twitter:data1\" content=\"3\u00a0Minuten\" \/>\n<!-- \/ Yoast SEO Premium plugin. -->","yoast_head_json":{"title":"Pink Tail Trigger Fish Koh Tao | Black Turtle Dive","description":"Rosa Dr\u00fcckerfische sind auf Koh Tao in der N\u00e4he des Tauchplatzes Red Rock zu finden, aber beim Tauchen oder Schnorcheln in der lokalen Meeresumgebung sind sie selten zu sehen.","robots":{"index":"index","follow":"follow","max-snippet":"max-snippet:-1","max-image-preview":"max-image-preview:large","max-video-preview":"max-video-preview:-1"},"canonical":"https:\/\/www.blackturtledive.com\/de\/koh-tao-marine-life\/pinktail-trigger-fish\/","og_locale":"de_DE","og_type":"article","og_title":"Pink Tail Trigger Fish Koh Tao | Black Turtle Dive","og_description":"Pink Tail Triggerfish on Koh Tao can be found near Red Rock dive site but are a rare sight when scuba diving or snorkeling in the local marine environment","og_url":"https:\/\/www.blackturtledive.com\/de\/koh-tao-marine-life\/pinktail-trigger-fish\/","og_site_name":"Black Turtle Dive Koh Tao","article_publisher":"https:\/\/www.facebook.com\/blackturtledive","article_modified_time":"2026-05-05T14:23:32+00:00","og_image":[{"width":1200,"height":800,"url":"https:\/\/www.blackturtledive.com\/wp-content\/uploads\/2020\/11\/blackturtledive.com-best-padi-divemaster-course-koh-tao.jpg","type":"image\/jpeg"}],"twitter_card":"summary_large_image","twitter_title":"Pink Tail Trigger Fish Koh Tao | Black Turtle Dive","twitter_description":"Pink Tail Triggerfish on Koh Tao can be found near Red Rock dive site but are a rare sight when scuba diving or snorkeling in the local marine environment","twitter_image":"https:\/\/www.blackturtledive.com\/wp-content\/uploads\/2020\/11\/blackturtledive.com-best-padi-divemaster-course-koh-tao.jpg","twitter_site":"@blackturtledive","twitter_misc":{"Gesch\u00e4tzte Lesezeit":"3\u00a0Minuten"},"schema":{"@context":"https:\/\/schema.org","@graph":[{"@type":"WebPage","@id":"https:\/\/www.blackturtledive.com\/de\/koh-tao-marine-life\/pinktail-trigger-fish\/","url":"https:\/\/www.blackturtledive.com\/de\/koh-tao-marine-life\/pinktail-trigger-fish\/","name":"Pink Tail Trigger Fish Koh Tao | Black Turtle Dive","isPartOf":{"@id":"https:\/\/www.blackturtledive.com\/de\/#website"},"primaryImageOfPage":{"@id":"https:\/\/www.blackturtledive.com\/de\/koh-tao-marine-life\/pinktail-trigger-fish\/#primaryimage"},"image":{"@id":"https:\/\/www.blackturtledive.com\/de\/koh-tao-marine-life\/pinktail-trigger-fish\/#primaryimage"},"thumbnailUrl":"https:\/\/www.blackturtledive.com\/wp-content\/uploads\/2021\/01\/blackturtledive.com-pint-tailed-triggerfish-koh-tao.jpg","datePublished":"2020-12-31T17:51:05+00:00","dateModified":"2026-05-05T14:23:32+00:00","description":"Rosa Dr\u00fcckerfische sind auf Koh Tao in der N\u00e4he des Tauchplatzes Red Rock zu finden, aber beim Tauchen oder Schnorcheln in der lokalen Meeresumgebung sind sie selten zu sehen.","breadcrumb":{"@id":"https:\/\/www.blackturtledive.com\/de\/koh-tao-marine-life\/pinktail-trigger-fish\/#breadcrumb"},"inLanguage":"de","potentialAction":[{"@type":"ReadAction","target":["https:\/\/www.blackturtledive.com\/de\/koh-tao-marine-life\/pinktail-trigger-fish\/"]}]},{"@type":"ImageObject","inLanguage":"de","@id":"https:\/\/www.blackturtledive.com\/de\/koh-tao-marine-life\/pinktail-trigger-fish\/#primaryimage","url":"https:\/\/www.blackturtledive.com\/wp-content\/uploads\/2021\/01\/blackturtledive.com-pint-tailed-triggerfish-koh-tao.jpg","contentUrl":"https:\/\/www.blackturtledive.com\/wp-content\/uploads\/2021\/01\/blackturtledive.com-pint-tailed-triggerfish-koh-tao.jpg","width":1100,"height":607,"caption":"Pink Tailed Triggerfish Koh Tao"},{"@type":"BreadcrumbList","@id":"https:\/\/www.blackturtledive.com\/de\/koh-tao-marine-life\/pinktail-trigger-fish\/#breadcrumb","itemListElement":[{"@type":"ListItem","position":1,"name":"Home","item":"https:\/\/www.blackturtledive.com\/de\/"},{"@type":"ListItem","position":2,"name":"Koh Tao Meeresleben","item":"https:\/\/www.blackturtledive.com\/de\/koh-tao-marine-life\/"},{"@type":"ListItem","position":3,"name":"Rosenschwanz\u2011Dr\u00fcckerfisch"}]},{"@type":"WebSite","@id":"https:\/\/www.blackturtledive.com\/de\/#website","url":"https:\/\/www.blackturtledive.com\/de\/","name":"Black Turtle Dive Koh Tao","description":"Ocean Explorers | Marine Protectors","publisher":{"@id":"https:\/\/www.blackturtledive.com\/de\/#organization"},"alternateName":"Black Turtle Dive in Thailand","potentialAction":[{"@type":"SearchAction","target":{"@type":"EntryPoint","urlTemplate":"https:\/\/www.blackturtledive.com\/de\/?s={search_term_string}"},"query-input":{"@type":"PropertyValueSpecification","valueRequired":true,"valueName":"search_term_string"}}],"inLanguage":"de"},{"@type":"Organization","@id":"https:\/\/www.blackturtledive.com\/de\/#organization","name":"Black Turtle Dive Koh Tao","alternateName":"Black Turtle Dive","url":"https:\/\/www.blackturtledive.com\/de\/","logo":{"@type":"ImageObject","inLanguage":"de","@id":"https:\/\/www.blackturtledive.com\/de\/#\/schema\/logo\/image\/","url":"https:\/\/www.blackturtledive.com\/wp-content\/uploads\/2020\/11\/cropped-blackturtledive.com-brand-logo.png","contentUrl":"https:\/\/www.blackturtledive.com\/wp-content\/uploads\/2020\/11\/cropped-blackturtledive.com-brand-logo.png","width":400,"height":400,"caption":"Black Turtle Dive Koh Tao"},"image":{"@id":"https:\/\/www.blackturtledive.com\/de\/#\/schema\/logo\/image\/"},"sameAs":["https:\/\/www.facebook.com\/blackturtledive","https:\/\/x.com\/blackturtledive","https:\/\/www.instagram.com\/blackturtledive\/","https:\/\/www.youtube.com\/blackturtledive","https:\/\/www.linkedin.com\/company\/blackturtledive\/","https:\/\/www.tumblr.com\/blackturtledive","https:\/\/www.pinterest.com\/blackturtledive\/","https:\/\/www.tiktok.com\/@blackturtledive","https:\/\/www.reddit.com\/user\/blackturtledive\/"],"description":"Black Turtle Dive is a modern and innovative 5 Star Career Development Scuba Diving Center, passionate about the ocean and through training we want to empower you to become a competent and confident scuba diver. Our diving courses equip you with the skills, knowledge and awareness necessary to explore the ocean safely, whilst becoming a passionate advocate and protector of the marine environment. If you have never dived before or are a certified diver and want to develop your skills further, our tailored, bespoke courses and programs will inspire you to become an Ocean advocate. Our scientific based Marine Conservation Internships and training programs, offer aspiring scuba divers and marine conservationists, the best marine conservation internships on Koh Tao. We currently offer students six levels of Marine Conservation Internships at our beachside location on Koh Tao in Thailand. Check out our website for more information.","email":"info@blackturtledive.com","telephone":"089 592 2134","legalName":"Black Turtle Dive Co Ltd","foundingDate":"2020-01-01","publishingPrinciples":"https:\/\/www.blackturtledive.com\/terms\/","ownershipFundingInfo":"https:\/\/www.blackturtledive.com\/terms\/","actionableFeedbackPolicy":"https:\/\/www.blackturtledive.com\/privacy-policy\/","correctionsPolicy":"https:\/\/www.blackturtledive.com\/privacy-policy\/","ethicsPolicy":"https:\/\/www.blackturtledive.com\/privacy-policy\/","diversityPolicy":"https:\/\/www.blackturtledive.com\/privacy-policy\/"}]}},"_links":{"self":[{"href":"https:\/\/www.blackturtledive.com\/de\/wp-json\/wp\/v2\/pages\/18583","targetHints":{"allow":["GET"]}}],"collection":[{"href":"https:\/\/www.blackturtledive.com\/de\/wp-json\/wp\/v2\/pages"}],"about":[{"href":"https:\/\/www.blackturtledive.com\/de\/wp-json\/wp\/v2\/types\/page"}],"author":[{"embeddable":true,"href":"https:\/\/www.blackturtledive.com\/de\/wp-json\/wp\/v2\/users\/2"}],"replies":[{"embeddable":true,"href":"https:\/\/www.blackturtledive.com\/de\/wp-json\/wp\/v2\/comments?post=18583"}],"version-history":[{"count":1,"href":"https:\/\/www.blackturtledive.com\/de\/wp-json\/wp\/v2\/pages\/18583\/revisions"}],"predecessor-version":[{"id":70833,"href":"https:\/\/www.blackturtledive.com\/de\/wp-json\/wp\/v2\/pages\/18583\/revisions\/70833"}],"up":[{"embeddable":true,"href":"https:\/\/www.blackturtledive.com\/de\/wp-json\/wp\/v2\/pages\/18647"}],"wp:featuredmedia":[{"embeddable":true,"href":"https:\/\/www.blackturtledive.com\/de\/wp-json\/wp\/v2\/media\/18208"}],"wp:attachment":[{"href":"https:\/\/www.blackturtledive.com\/de\/wp-json\/wp\/v2\/media?parent=18583"}],"curies":[{"name":"wp","href":"https:\/\/api.w.org\/{rel}","templated":true}]}}