{"id":18584,"date":"2021-01-01T00:49:48","date_gmt":"2020-12-31T17:49:48","guid":{"rendered":"https:\/\/www.blackturtledive.com\/orange-spine-unicorn-fish\/"},"modified":"2026-05-05T21:23:33","modified_gmt":"2026-05-05T14:23:33","slug":"orange-spine-unicorn-fish","status":"publish","type":"page","link":"https:\/\/www.blackturtledive.com\/de\/koh-tao-marine-life\/orange-spine-unicorn-fish\/","title":{"rendered":"Orangestachel\u2011Einhornfisch"},"content":{"rendered":"<div class=\"wpb-content-wrapper\"><p>[vc_row][vc_column][vc_column_text css=&#8220;&#8220;]Der Orangespine-Unicornfish (Naso lituratus) ist ein markanter Riffbewohner, leicht erkennbar an den leuchtend orangefarbenen Skalpellen an der Schwanzbasis und den bunten, maskenartigen Gesichtszeichnungen.<\/p>\n<p>Im Gegensatz zu anderen Vertretern der Naso-Familie besitzt diese Art kein ausgepr\u00e4gtes Stirnhorn, sondern setzt ihre Verteidigung \u00fcber die rasiermesserscharfen Schwanzstacheln ein.<\/p>\n<p>Diese Pflanzenfresser sind f\u00fcr die Gesundheit der Riffe von Koh Tao essenziell, da sie sich auf den Verzehr von blattigem braunem Makroalgen (Sargassum) spezialisieren, die sonst mit Korallen um Lebensraum konkurrieren w\u00fcrden.<\/p>\n<h3><span style=\"color: #28d4ff;\">Alles \u00fcber den Orange-Sporn-Einhornfisch auf Koh Tao<\/span><\/h3>\n<p>Orange-Sporn-Einhornfische auf <a href=\"https:\/\/www.blackturtledive.com\/koh-tao\/\">Koh Tao<\/a> sind auf Koh Tao sehr scheue Tiere; sie werden beim <a href=\"https:\/\/www.blackturtledive.com\/experience-programs\/snorkel-koh-tao\/\">Schnorcheln<\/a> h\u00e4ufiger gesehen als beim <a href=\"https:\/\/www.blackturtledive.com\/padi-diving-courses\/\">Tauchen<\/a>, da sie flaches Wasser bevorzugen.<\/p>\n<div  data-ep-a=\"fadeIn\"  id=\"_ytid_81054\"  width=\"640\" height=\"360\"  data-origwidth=\"640\" data-origheight=\"360\"  data-relstop=\"1\" data-facadesrc=\"https:\/\/www.youtube.com\/embed\/WPR-jqkCr6c?enablejsapi=1&origin=https:\/\/www.blackturtledive.com&autoplay=0&cc_load_policy=0&cc_lang_pref=&iv_load_policy=1&loop=0&rel=0&fs=1&playsinline=0&autohide=2&theme=dark&color=red&controls=1&disablekb=0&\" class=\"__youtube_prefs__ epyt-facade  no-lazyload\" data-epautoplay=\"1\" ><img decoding=\"async\" data-spai-excluded=\"true\" class=\"epyt-facade-poster skip-lazy\" loading=\"lazy\"  alt=\"Koh Tao&#039;s Hidden Gem: The Mesmerizing Orange Spine Unicorn Fish | BlackTurtleDive.com\"  src=\"https:\/\/i.ytimg.com\/vi\/WPR-jqkCr6c\/maxresdefault.jpg\"  \/><button class=\"epyt-facade-play\" aria-label=\"Play\"><svg data-no-lazy=\"1\" height=\"100%\" version=\"1.1\" viewBox=\"0 0 68 48\" width=\"100%\"><path class=\"ytp-large-play-button-bg\" d=\"M66.52,7.74c-0.78-2.93-2.49-5.41-5.42-6.19C55.79,.13,34,0,34,0S12.21,.13,6.9,1.55 C3.97,2.33,2.27,4.81,1.48,7.74C0.06,13.05,0,24,0,24s0.06,10.95,1.48,16.26c0.78,2.93,2.49,5.41,5.42,6.19 C12.21,47.87,34,48,34,48s21.79-0.13,27.1-1.55c2.93-0.78,4.64-3.26,5.42-6.19C67.94,34.95,68,24,68,24S67.94,13.05,66.52,7.74z\" fill=\"#f00\"><\/path><path d=\"M 45,24 27,14 27,34\" fill=\"#fff\"><\/path><\/svg><\/button><\/div><span itemprop=\"video\" itemscope itemtype=\"http:\/\/schema.org\/VideoObject\"><meta itemprop=\"embedUrl\" content=\"https:\/\/www.youtube.com\/embed\/WPR-jqkCr6c\"><meta itemprop=\"name\" content=\"Koh Tao&#039;s Hidden Gem: The Mesmerizing Orange Spine Unicorn Fish | BlackTurtleDive.com\"><meta itemprop=\"description\" content=\"Embark on a snorkeling adventure in Koh Tao and meet the shy and captivating Orange Spine Unicorn Fish. This video takes you to the best spots like Laem Thian, Tanote Bay, and Twins Peaks on Koh Nang Yuan Island, where these timid creatures prefer the calm, shallow waters. Check out more of our marine life: https:\/\/www.blackturtledive.com\/koh-tao-marine-life\/orange-spine-unicorn-fish\/ This video concerns Koh Tao&#039;s Hidden Gem: The Mesmerizing Orange Spine Unicorn Fish. But It also covers the following topics: Orange Spine Unicorn Fish Koh Tao Snorkeling Marine Life Thailand Video Title: Koh Tao&#039;s Hidden Gem: The Mesmerizing Orange Spine Unicorn Fish | BlackTurtleDive.com \ud83d\udd14Get on a Life-Changing Underwater Adventure with Us \u2013 Your Gateway to the Ocean&#039;s Wonders! Hit Subscribe Now to Join Our Community of Ocean Advocates. https:\/\/www.youtube.com\/&#064;BlackTurtleDive\/?sub_confirmation=1 \u2705Important Links to Follow \ud83d\udd17Brand Channels \u2728Main diving courses brand: https:\/\/www.blackturtledive.com\/ \u2728PADI Dive Courses ( Pro level): https:\/\/idckohtao.com\/ \u2728Marine Conservation Internships: https:\/\/www.ecokohtao.com\/ \u2705 Stay Connected With Us. \ud83d\udc49Facebook: https:\/\/www.facebook.com\/blackturtledive \ud83d\udc49Instagram: https:\/\/www.instagram.com\/blackturtledive\/ \ud83d\udc49Threads: https:\/\/www.threads.net\/&#064;blackturtledive \ud83d\udc49Tiktok: https:\/\/www.tiktok.com\/&#064;blackturtledive \ud83d\udc49Twitter (X): https:\/\/twitter.com\/blackturtledive \ud83d\udc49Pinterest: https:\/\/www.pinterest.com\/blackturtledive\/ \ud83d\udc49Website: https:\/\/www.blackturtledive.com\/ \u2705 For Business Inquiries: media&#064;blackturtledive.com ============================= \u2705 Recommended Playlists \ud83d\udc49 Koh Tao Marine Life (Part 1) https:\/\/www.youtube.com\/watch?v=1D3Dbtrq5vI&amp;list=PLW_jU0PKLEUGS-ZQjvOB0_8q7cZZmOqCC&amp;pp=iAQB \ud83d\udc49PADI Instructor Development Course (IDC) | Black Turtle Dive, Koh Tao https:\/\/www.youtube.com\/watch?v=kXPwkxj0gyg&amp;list=PLW_jU0PKLEUEUo8dW4l2QD8ywAwK7xP1c&amp;pp=iAQB \u2705 Other Videos You Might Be Interested In Watching: \ud83d\udc49 Coral Watch Marine Conservation Course in Koh Tao, Thailand https:\/\/www.youtube.com\/watch?v=mM6C-QgT1z4 \ud83d\udc49 PADI Open Water Course on Koh Tao in Thailand https:\/\/www.youtube.com\/watch?v=xL8WyFY9bRM \ud83d\udc49 Coral Taxonomy &amp; Identification Course | Black Turtle Dive | Koh Tao, Thailand https:\/\/www.youtube.com\/watch?v=BPf-7c_QlP4 \ud83d\udc49 Fun Diving On Koh Tao In Thailand https:\/\/www.youtube.com\/watch?v=rE8d65rzEqc \ud83d\udc49 Pink Tail Trigger Fish Koh Tao https:\/\/www.youtube.com\/watch?v=JrQtGqlxnX8 ============================= \u2705 About Black Turtle Dive. As a modern and innovative Scuba Diving Center, Black Turtle Dive is passionate about the ocean, and through our training, we want to empower you to become a competent and confident scuba diver. Our diving courses equip you with the skills, knowledge, and awareness necessary to explore the ocean safely while becoming a passionate advocate and protector of the marine environment. If you have never dived before or are a certified diver and want to develop your skills further, our tailored, bespoke courses and programs will inspire you to become an Ocean advocate. Our scientific-based Marine Conservation Internships, or Reef Ecology And Conservation Training program (REACT), offer aspiring scuba divers and marine conservationists the best marine conservation internships on Koh Tao. We offer students three levels of Marine Conservation Internships at our beachside location on Koh Tao in Thailand. For Collaboration and Business inquiries, please use the contact information below: \ud83d\udce9 Email: media&#064;blackturtledive.com \ud83d\udd14Discover the Underwater World with Us: Expert Training, Unforgettable Experiences, and a Commitment to Marine Protection. Subscribe Now: https:\/\/www.youtube.com\/&#064;BlackTurtleDive\/?sub_confirmation=1 ================================= #orangespineunicornfish #kohtao #snorkelingthailand #marinelife #tropicalfish #underwaterbeauty \u26a0\ufe0fDISCLAIMER: We do not accept any liability for any loss or damage incurred from you acting or not acting as a result of watching any of our publications. You acknowledge that you use the information we provide at your own risk. Do your research. Copyright Notice: This video and our YouTube channel contain dialogue, music, and images that are the property of Black Turtle Dive. You are authorized to share the video link and channel and embed this video in your website or others as long as a link back to our YouTube channel is provided. \u00a9 Black Turtle Dive\"><meta itemprop=\"thumbnailUrl\" content=\"https:\/\/i.ytimg.com\/vi\/WPR-jqkCr6c\/0.jpg\"><meta itemprop=\"duration\" content=\"PT1M10S\"><meta itemprop=\"uploadDate\" content=\"2021-01-28T05:02:43Z\"><\/span>\n<h3>Wo man den Orange-Sporn-Einhornfisch auf Koh Tao findet<\/h3>\n<p>Die beliebtesten Orte, um diese bunten Einhornfische zu sehen, sind flache Gew\u00e4sser bei <a href=\"https:\/\/www.blackturtledive.com\/koh-tao-dive-sites\/\">Laem Thian<\/a>, <a href=\"https:\/\/www.blackturtledive.com\/koh-tao-dive-sites\/tanote-bay\/\">Tanote Bay<\/a> und <a href=\"https:\/\/www.blackturtledive.com\/koh-tao-dive-sites\/twins-pinnacle\/\">Twin Peaks<\/a> an der Nordk\u00fcste von Koh Nang Yuan.<\/p>\n<h3><span style=\"color: #28d4ff;\">Wie man den Orange-Sporn-Einhornfisch erkennt<\/span><\/h3>\n<p>Orange-Sporn-Einhornfische haben einen ovalen, stark seitlich zusammengedr\u00fcckten K\u00f6rper, einen kleinen Mund mit orangen Lippen und einen schwarzen Streifen von der Nase bis zu den Augen.<\/p>\n<p>Manche, aber nicht alle Exemplare tragen einen hervorstehenden <span style=\"color: #28d4ff;\"><em>\u201eEinhorn\u201c-Knochenwulst<\/em><\/span> auf dem Kopf.<\/p>\n<p>Der K\u00f6rper wirkt samtig; die Schuppen sind meist br\u00e4unlich&#8211;grau.<\/p>\n<figure id=\"attachment_3312\" aria-describedby=\"caption-attachment-3312\" style=\"width: 1000px\" class=\"wp-caption alignnone\"><img decoding=\"async\" class=\"size-full wp-image-3312\" src=\"https:\/\/www.blackturtledive.com\/wp-content\/uploads\/2021\/01\/blackturtledive.com-orange-spine-unicorn-fish-koh-tao.jpg\" alt=\"Orange-Sporn-Einhornfisch\" width=\"1000\" height=\"692\" srcset=\"https:\/\/www.blackturtledive.com\/wp-content\/uploads\/2021\/01\/blackturtledive.com-orange-spine-unicorn-fish-koh-tao.jpg 1000w, https:\/\/www.blackturtledive.com\/wp-content\/uploads\/2021\/01\/blackturtledive.com-orange-spine-unicorn-fish-koh-tao-300x208.jpg 300w, https:\/\/www.blackturtledive.com\/wp-content\/uploads\/2021\/01\/blackturtledive.com-orange-spine-unicorn-fish-koh-tao-768x531.jpg 768w, https:\/\/www.blackturtledive.com\/wp-content\/uploads\/2021\/01\/blackturtledive.com-orange-spine-unicorn-fish-koh-tao-150x104.jpg 150w\" sizes=\"(max-width: 1000px) 100vw, 1000px\" \/><figcaption id=\"caption-attachment-3312\" class=\"wp-caption-text\">Orange-Sporn-Einhornfisch<\/figcaption><\/figure>\n<h3>Leuchtend orangefarbene Stacheln<\/h3>\n<p>Eine d\u00fcnne wei\u00dfe Linie verl\u00e4uft vom Kopf bis zur Schwanzflosse, dar\u00fcber folgt eine etwas dickere orangefarbene Linie.<\/p>\n<p>An beiden Seiten nahe der Schwanzwurzel, kurz vor der Schwanzflosse, sitzen zwei hervorstehende, leuchtend orangefarbene Stacheln.<\/p>\n<h3><span style=\"color: #28d4ff;\">Merkmale &amp; Verhalten des Orange-Sporn-Einhornfische<\/span><\/h3>\n<p>Orange-Sporn-Einhornfische z\u00e4hlen zu den sch\u00f6nsten <a href=\"https:\/\/www.blackturtledive.com\/padi-specialty-courses\/fish-identification\/\">Fischen<\/a> in den warmen Tropen Gew\u00e4ssern um Koh Tao.<\/p>\n<p>Beim Schnorcheln kann man sie oft anmutig schwimmen sehen; da sie scheu sind, sind sie jedoch stets in Bewegung.<\/p>\n<h3>Aktive Weideg\u00e4nger rund um das Korallenriff<\/h3>\n<p>Sie k\u00f6nnen bis zu etwa 45 cm lang werden; M\u00e4nnchen sind etwas gr\u00f6\u00dfer als Weibchen.<\/p>\n<p><span style=\"color: #28d4ff;\">Orange-Sporn-Einhornfische<\/span> sind energiegeladene Weideg\u00e4nger und fressen kontinuierlich verschiedene <a href=\"https:\/\/www.blackturtledive.com\/conservation\/marine-conservation-courses\/coral-watch-specialty\/\">Korallen Algen rund um das Riff<\/a> und helfen so, Algen Level zu regulieren, damit Korallen gedeihen k\u00f6nnen.<\/p>\n<p>Orange-Sporn-Einhornfische sind weltweit auch als <span style=\"color: #28d4ff;\">Naso-Tang<\/span> bekannt und stehen in enger Verwandtschaft zu den Doktorfischen.<\/p>\n<figure id=\"attachment_3465\" aria-describedby=\"caption-attachment-3465\" style=\"width: 1000px\" class=\"wp-caption alignnone\"><img decoding=\"async\" class=\"size-full wp-image-3465\" src=\"https:\/\/www.blackturtledive.com\/wp-content\/uploads\/2021\/01\/blackturtledive.com-orange-spine-unicorn-fish-koh-tao-marine-life.jpg\" alt=\"Orange-Sporn-Einhornfisch Koh Tao Thailand\" width=\"1000\" height=\"668\" srcset=\"https:\/\/www.blackturtledive.com\/wp-content\/uploads\/2021\/01\/blackturtledive.com-orange-spine-unicorn-fish-koh-tao-marine-life.jpg 1000w, https:\/\/www.blackturtledive.com\/wp-content\/uploads\/2021\/01\/blackturtledive.com-orange-spine-unicorn-fish-koh-tao-marine-life-300x200.jpg 300w, https:\/\/www.blackturtledive.com\/wp-content\/uploads\/2021\/01\/blackturtledive.com-orange-spine-unicorn-fish-koh-tao-marine-life-768x513.jpg 768w, https:\/\/www.blackturtledive.com\/wp-content\/uploads\/2021\/01\/blackturtledive.com-orange-spine-unicorn-fish-koh-tao-marine-life-150x100.jpg 150w\" sizes=\"(max-width: 1000px) 100vw, 1000px\" \/><figcaption id=\"caption-attachment-3465\" class=\"wp-caption-text\">Orange-Sporn-Einhornfisch Koh Tao Thailand<\/figcaption><\/figure>\n<h3><span style=\"color: #28d4ff;\">Interessante Fakten zum Orange-Sporn-Einhornfisch<\/span><\/h3>\n<p>Die tiefste dokumentierte Sichtung erfolgte knapp unter 100 Metern; das \u00e4lteste bekannte <span style=\"color: #28d4ff;\">Orange-Sporn-Einhornfisch<\/span> Exemplar wurde 45 Jahre alt.<\/p>\n<p>Es wird angenommen, dass die Stacheln nahe der Schwanzflosse nicht nur sehr scharf, sondern auch mit einer Form von Toxin versehen sind.<\/p>\n<p><span style=\"color: #28d4ff;\">Orange-Sporn-Einhornfische<\/span> wurden beim Gegeneinander Schlagen der Schw\u00e4nze beobachtet \u2014 vermutlich eine Methode zur Beilegung von Revierstreitigkeiten oder beim Wettbewerb um ein Weibchen.<\/p>\n<figure id=\"attachment_3463\" aria-describedby=\"caption-attachment-3463\" style=\"width: 1000px\" class=\"wp-caption alignnone\"><img decoding=\"async\" class=\"size-full wp-image-3463\" src=\"https:\/\/www.blackturtledive.com\/wp-content\/uploads\/2021\/01\/blackturtledive.com-orange-spine-unicorn-fish-koh-tao-thailand.jpg\" alt=\"Orange-Sporn-Einhornfisch Koh Tao\" width=\"1000\" height=\"750\" srcset=\"https:\/\/www.blackturtledive.com\/wp-content\/uploads\/2021\/01\/blackturtledive.com-orange-spine-unicorn-fish-koh-tao-thailand.jpg 1000w, https:\/\/www.blackturtledive.com\/wp-content\/uploads\/2021\/01\/blackturtledive.com-orange-spine-unicorn-fish-koh-tao-thailand-300x225.jpg 300w, https:\/\/www.blackturtledive.com\/wp-content\/uploads\/2021\/01\/blackturtledive.com-orange-spine-unicorn-fish-koh-tao-thailand-768x576.jpg 768w, https:\/\/www.blackturtledive.com\/wp-content\/uploads\/2021\/01\/blackturtledive.com-orange-spine-unicorn-fish-koh-tao-thailand-853x640.jpg 853w, https:\/\/www.blackturtledive.com\/wp-content\/uploads\/2021\/01\/blackturtledive.com-orange-spine-unicorn-fish-koh-tao-thailand-150x113.jpg 150w\" sizes=\"(max-width: 1000px) 100vw, 1000px\" \/><figcaption id=\"caption-attachment-3463\" class=\"wp-caption-text\">Orange-Sporn-Einhornfisch Koh Tao<\/figcaption><\/figure>\n<p>[\/vc_column_text][\/vc_column][\/vc_row]<\/p>\n<\/div>","protected":false},"excerpt":{"rendered":"<p>Die Orangenstachel-Einhornfische vor Koh Tao sind sehr scheu und zur\u00fcckhaltend und lassen sich eher beim Schnorcheln als beim Tauchen beobachten, da sie flaches Wasser bevorzugen.<\/p>\n","protected":false},"author":2,"featured_media":18207,"parent":18647,"menu_order":0,"comment_status":"closed","ping_status":"closed","template":"","meta":{"_acf_changed":false,"footnotes":""},"class_list":["post-18584","page","type-page","status-publish","has-post-thumbnail","hentry"],"acf":[],"yoast_head":"<!-- This site is optimized with the Yoast SEO Premium plugin v27.6 (Yoast SEO v27.6) - https:\/\/yoast.com\/product\/yoast-seo-premium-wordpress\/ -->\n<title>Orangefarbener Stachel-Einhornfisch in Koh Tao | Tauchgang mit Schwarzer Schildkr\u00f6te<\/title>\n<meta name=\"description\" content=\"Der Orangestachel-Einhornfisch (Naso lituratus) ist ein unverwechselbarer Riffbewohner, der leicht an seinen leuchtend orangefarbenen Skalpellen an der Schwanzwurzel zu erkennen ist.\" \/>\n<meta name=\"robots\" content=\"index, follow, max-snippet:-1, max-image-preview:large, max-video-preview:-1\" \/>\n<link rel=\"canonical\" href=\"https:\/\/www.blackturtledive.com\/de\/koh-tao-marine-life\/orange-spine-unicorn-fish\/\" \/>\n<meta property=\"og:locale\" content=\"de_DE\" \/>\n<meta property=\"og:type\" content=\"article\" \/>\n<meta property=\"og:title\" content=\"Orange Spine Unicorn Fish Koh Tao | Black Turtle Dive\" \/>\n<meta property=\"og:description\" content=\"Orange Spine Unicorn Fish on Koh Tao are very shy and timid and can be seen more often when snorkeling rather than scuba diving preferring shallow water\" \/>\n<meta property=\"og:url\" content=\"https:\/\/www.blackturtledive.com\/de\/koh-tao-marine-life\/orange-spine-unicorn-fish\/\" \/>\n<meta property=\"og:site_name\" content=\"Black Turtle Dive Koh Tao\" \/>\n<meta property=\"article:publisher\" content=\"https:\/\/www.facebook.com\/blackturtledive\" \/>\n<meta property=\"article:modified_time\" content=\"2026-05-05T14:23:33+00:00\" \/>\n<meta property=\"og:image\" content=\"https:\/\/www.blackturtledive.com\/wp-content\/uploads\/2020\/11\/blackturtledive.com-best-padi-divemaster-course-koh-tao.jpg\" \/>\n\t<meta property=\"og:image:width\" content=\"1200\" \/>\n\t<meta property=\"og:image:height\" content=\"800\" \/>\n\t<meta property=\"og:image:type\" content=\"image\/jpeg\" \/>\n<meta name=\"twitter:card\" content=\"summary_large_image\" \/>\n<meta name=\"twitter:title\" content=\"Orange Spine Unicorn Fish Koh Tao | Black Turtle Dive\" \/>\n<meta name=\"twitter:description\" content=\"Orange Spine Unicorn Fish on Koh Tao are very shy and timid and can be seen more often when snorkeling rather than scuba diving preferring shallow water\" \/>\n<meta name=\"twitter:image\" content=\"https:\/\/www.blackturtledive.com\/wp-content\/uploads\/2020\/11\/blackturtledive.com-best-padi-divemaster-course-koh-tao.jpg\" \/>\n<meta name=\"twitter:site\" content=\"@blackturtledive\" \/>\n<meta name=\"twitter:label1\" content=\"Gesch\u00e4tzte Lesezeit\" \/>\n\t<meta name=\"twitter:data1\" content=\"3\u00a0Minuten\" \/>\n<!-- \/ Yoast SEO Premium plugin. -->","yoast_head_json":{"title":"Orangefarbener Stachel-Einhornfisch in Koh Tao | Tauchgang mit Schwarzer Schildkr\u00f6te","description":"Der Orangestachel-Einhornfisch (Naso lituratus) ist ein unverwechselbarer Riffbewohner, der leicht an seinen leuchtend orangefarbenen Skalpellen an der Schwanzwurzel zu erkennen ist.","robots":{"index":"index","follow":"follow","max-snippet":"max-snippet:-1","max-image-preview":"max-image-preview:large","max-video-preview":"max-video-preview:-1"},"canonical":"https:\/\/www.blackturtledive.com\/de\/koh-tao-marine-life\/orange-spine-unicorn-fish\/","og_locale":"de_DE","og_type":"article","og_title":"Orange Spine Unicorn Fish Koh Tao | Black Turtle Dive","og_description":"Orange Spine Unicorn Fish on Koh Tao are very shy and timid and can be seen more often when snorkeling rather than scuba diving preferring shallow water","og_url":"https:\/\/www.blackturtledive.com\/de\/koh-tao-marine-life\/orange-spine-unicorn-fish\/","og_site_name":"Black Turtle Dive Koh Tao","article_publisher":"https:\/\/www.facebook.com\/blackturtledive","article_modified_time":"2026-05-05T14:23:33+00:00","og_image":[{"width":1200,"height":800,"url":"https:\/\/www.blackturtledive.com\/wp-content\/uploads\/2020\/11\/blackturtledive.com-best-padi-divemaster-course-koh-tao.jpg","type":"image\/jpeg"}],"twitter_card":"summary_large_image","twitter_title":"Orange Spine Unicorn Fish Koh Tao | Black Turtle Dive","twitter_description":"Orange Spine Unicorn Fish on Koh Tao are very shy and timid and can be seen more often when snorkeling rather than scuba diving preferring shallow water","twitter_image":"https:\/\/www.blackturtledive.com\/wp-content\/uploads\/2020\/11\/blackturtledive.com-best-padi-divemaster-course-koh-tao.jpg","twitter_site":"@blackturtledive","twitter_misc":{"Gesch\u00e4tzte Lesezeit":"3\u00a0Minuten"},"schema":{"@context":"https:\/\/schema.org","@graph":[{"@type":"WebPage","@id":"https:\/\/www.blackturtledive.com\/de\/koh-tao-marine-life\/orange-spine-unicorn-fish\/","url":"https:\/\/www.blackturtledive.com\/de\/koh-tao-marine-life\/orange-spine-unicorn-fish\/","name":"Orangefarbener Stachel-Einhornfisch in Koh Tao | Tauchgang mit Schwarzer Schildkr\u00f6te","isPartOf":{"@id":"https:\/\/www.blackturtledive.com\/de\/#website"},"primaryImageOfPage":{"@id":"https:\/\/www.blackturtledive.com\/de\/koh-tao-marine-life\/orange-spine-unicorn-fish\/#primaryimage"},"image":{"@id":"https:\/\/www.blackturtledive.com\/de\/koh-tao-marine-life\/orange-spine-unicorn-fish\/#primaryimage"},"thumbnailUrl":"https:\/\/www.blackturtledive.com\/wp-content\/uploads\/2021\/01\/blackturtledive.com-orange-spine-unicorn-fish-koh-tao.jpg","datePublished":"2020-12-31T17:49:48+00:00","dateModified":"2026-05-05T14:23:33+00:00","description":"Der Orangestachel-Einhornfisch (Naso lituratus) ist ein unverwechselbarer Riffbewohner, der leicht an seinen leuchtend orangefarbenen Skalpellen an der Schwanzwurzel zu erkennen ist.","breadcrumb":{"@id":"https:\/\/www.blackturtledive.com\/de\/koh-tao-marine-life\/orange-spine-unicorn-fish\/#breadcrumb"},"inLanguage":"de","potentialAction":[{"@type":"ReadAction","target":["https:\/\/www.blackturtledive.com\/de\/koh-tao-marine-life\/orange-spine-unicorn-fish\/"]}]},{"@type":"ImageObject","inLanguage":"de","@id":"https:\/\/www.blackturtledive.com\/de\/koh-tao-marine-life\/orange-spine-unicorn-fish\/#primaryimage","url":"https:\/\/www.blackturtledive.com\/wp-content\/uploads\/2021\/01\/blackturtledive.com-orange-spine-unicorn-fish-koh-tao.jpg","contentUrl":"https:\/\/www.blackturtledive.com\/wp-content\/uploads\/2021\/01\/blackturtledive.com-orange-spine-unicorn-fish-koh-tao.jpg","width":1000,"height":692,"caption":"Orange Spine Unicorn Fish"},{"@type":"BreadcrumbList","@id":"https:\/\/www.blackturtledive.com\/de\/koh-tao-marine-life\/orange-spine-unicorn-fish\/#breadcrumb","itemListElement":[{"@type":"ListItem","position":1,"name":"Home","item":"https:\/\/www.blackturtledive.com\/de\/"},{"@type":"ListItem","position":2,"name":"Koh Tao Meeresleben","item":"https:\/\/www.blackturtledive.com\/de\/koh-tao-marine-life\/"},{"@type":"ListItem","position":3,"name":"Orangestachel\u2011Einhornfisch"}]},{"@type":"WebSite","@id":"https:\/\/www.blackturtledive.com\/de\/#website","url":"https:\/\/www.blackturtledive.com\/de\/","name":"Black Turtle Dive Koh Tao","description":"Ocean Explorers | Marine Protectors","publisher":{"@id":"https:\/\/www.blackturtledive.com\/de\/#organization"},"alternateName":"Black Turtle Dive in Thailand","potentialAction":[{"@type":"SearchAction","target":{"@type":"EntryPoint","urlTemplate":"https:\/\/www.blackturtledive.com\/de\/?s={search_term_string}"},"query-input":{"@type":"PropertyValueSpecification","valueRequired":true,"valueName":"search_term_string"}}],"inLanguage":"de"},{"@type":"Organization","@id":"https:\/\/www.blackturtledive.com\/de\/#organization","name":"Black Turtle Dive Koh Tao","alternateName":"Black Turtle Dive","url":"https:\/\/www.blackturtledive.com\/de\/","logo":{"@type":"ImageObject","inLanguage":"de","@id":"https:\/\/www.blackturtledive.com\/de\/#\/schema\/logo\/image\/","url":"https:\/\/www.blackturtledive.com\/wp-content\/uploads\/2020\/11\/cropped-blackturtledive.com-brand-logo.png","contentUrl":"https:\/\/www.blackturtledive.com\/wp-content\/uploads\/2020\/11\/cropped-blackturtledive.com-brand-logo.png","width":400,"height":400,"caption":"Black Turtle Dive Koh Tao"},"image":{"@id":"https:\/\/www.blackturtledive.com\/de\/#\/schema\/logo\/image\/"},"sameAs":["https:\/\/www.facebook.com\/blackturtledive","https:\/\/x.com\/blackturtledive","https:\/\/www.instagram.com\/blackturtledive\/","https:\/\/www.youtube.com\/blackturtledive","https:\/\/www.linkedin.com\/company\/blackturtledive\/","https:\/\/www.tumblr.com\/blackturtledive","https:\/\/www.pinterest.com\/blackturtledive\/","https:\/\/www.tiktok.com\/@blackturtledive","https:\/\/www.reddit.com\/user\/blackturtledive\/"],"description":"Black Turtle Dive is a modern and innovative 5 Star Career Development Scuba Diving Center, passionate about the ocean and through training we want to empower you to become a competent and confident scuba diver. Our diving courses equip you with the skills, knowledge and awareness necessary to explore the ocean safely, whilst becoming a passionate advocate and protector of the marine environment. If you have never dived before or are a certified diver and want to develop your skills further, our tailored, bespoke courses and programs will inspire you to become an Ocean advocate. Our scientific based Marine Conservation Internships and training programs, offer aspiring scuba divers and marine conservationists, the best marine conservation internships on Koh Tao. We currently offer students six levels of Marine Conservation Internships at our beachside location on Koh Tao in Thailand. Check out our website for more information.","email":"info@blackturtledive.com","telephone":"089 592 2134","legalName":"Black Turtle Dive Co Ltd","foundingDate":"2020-01-01","publishingPrinciples":"https:\/\/www.blackturtledive.com\/terms\/","ownershipFundingInfo":"https:\/\/www.blackturtledive.com\/terms\/","actionableFeedbackPolicy":"https:\/\/www.blackturtledive.com\/privacy-policy\/","correctionsPolicy":"https:\/\/www.blackturtledive.com\/privacy-policy\/","ethicsPolicy":"https:\/\/www.blackturtledive.com\/privacy-policy\/","diversityPolicy":"https:\/\/www.blackturtledive.com\/privacy-policy\/"}]}},"_links":{"self":[{"href":"https:\/\/www.blackturtledive.com\/de\/wp-json\/wp\/v2\/pages\/18584","targetHints":{"allow":["GET"]}}],"collection":[{"href":"https:\/\/www.blackturtledive.com\/de\/wp-json\/wp\/v2\/pages"}],"about":[{"href":"https:\/\/www.blackturtledive.com\/de\/wp-json\/wp\/v2\/types\/page"}],"author":[{"embeddable":true,"href":"https:\/\/www.blackturtledive.com\/de\/wp-json\/wp\/v2\/users\/2"}],"replies":[{"embeddable":true,"href":"https:\/\/www.blackturtledive.com\/de\/wp-json\/wp\/v2\/comments?post=18584"}],"version-history":[{"count":1,"href":"https:\/\/www.blackturtledive.com\/de\/wp-json\/wp\/v2\/pages\/18584\/revisions"}],"predecessor-version":[{"id":70834,"href":"https:\/\/www.blackturtledive.com\/de\/wp-json\/wp\/v2\/pages\/18584\/revisions\/70834"}],"up":[{"embeddable":true,"href":"https:\/\/www.blackturtledive.com\/de\/wp-json\/wp\/v2\/pages\/18647"}],"wp:featuredmedia":[{"embeddable":true,"href":"https:\/\/www.blackturtledive.com\/de\/wp-json\/wp\/v2\/media\/18207"}],"wp:attachment":[{"href":"https:\/\/www.blackturtledive.com\/de\/wp-json\/wp\/v2\/media?parent=18584"}],"curies":[{"name":"wp","href":"https:\/\/api.w.org\/{rel}","templated":true}]}}