{"id":18585,"date":"2021-01-01T00:47:32","date_gmt":"2020-12-31T17:47:32","guid":{"rendered":"https:\/\/www.blackturtledive.com\/jenkins-whip-ray\/"},"modified":"2026-05-05T21:23:34","modified_gmt":"2026-05-05T14:23:34","slug":"jenkins-whip-ray","status":"publish","type":"page","link":"https:\/\/www.blackturtledive.com\/de\/koh-tao-marine-life\/jenkins-whip-ray\/","title":{"rendered":"Jenkins\u2011Peitschenrochen"},"content":{"rendered":"<div class=\"wpb-content-wrapper\"><p>[vc_row][vc_column][vc_column_text css=&#8220;&#8220;]Der Jenkins\u2011Peitschenrochen (Pateobatis jenkinsii) ist ein gro\u00dfer, gleichm\u00e4\u00dfig brauner Stechrochen, erkennbar an einer Reihe kleiner, dorniger Dentikel entlang des R\u00fcckens und einem sehr langen, peitschenartigen Schwanz.<\/p>\n<p>Diese Rochen ruhen h\u00e4ufig auf sandigem Grund oder sind teilweise vergraben in der N\u00e4he von Pinnakeln wie South West oder dem Wrack HTMS Sattakut zu finden.<\/p>\n<p>Als einer der gr\u00f6\u00dften regelm\u00e4\u00dfig auf Koh Tao anzutreffenden Rochen spielen sie eine wichtige Rolle als Bodenfresser, indem sie den Sand durchw\u00fchlen, Krebstiere aufsp\u00fcren und so zur Bel\u00fcftung des Meeresbodens beitragen.<\/p>\n<h3><span style=\"color: #28d4ff;\">Alles \u00fcber den Jenkins-Peitschen Rochen auf Koh Tao<\/span><\/h3>\n<p>Jenkins-Peitschen Rochen geh\u00f6ren zu den gr\u00f6\u00dften Stechrochen, die man auf <a href=\"https:\/\/www.blackturtledive.com\/koh-tao\/\">Koh Tao<\/a> sehen kann, und sind beim <a href=\"https:\/\/www.blackturtledive.com\/padi-diving-courses\/\">Tauchen<\/a> ein beeindruckender Anblick.<\/p>\n<p>Jenkins-Peitschen Rochen bevorzugen meist k\u00fcstennahe Bereiche, sodass man nicht weit fahren muss, um sie zu beobachten.<\/p>\n<figure id=\"attachment_3302\" aria-describedby=\"caption-attachment-3302\" style=\"width: 1000px\" class=\"wp-caption alignnone\"><img decoding=\"async\" class=\"size-full wp-image-3302\" src=\"https:\/\/www.blackturtledive.com\/wp-content\/uploads\/2021\/01\/blackturteldive.com-jenkins-whip-ray-koh-tao.jpg\" alt=\"Jenkins-Peitschenrochen Koh Tao\" width=\"1000\" height=\"667\" srcset=\"https:\/\/www.blackturtledive.com\/wp-content\/uploads\/2021\/01\/blackturteldive.com-jenkins-whip-ray-koh-tao.jpg 1000w, https:\/\/www.blackturtledive.com\/wp-content\/uploads\/2021\/01\/blackturteldive.com-jenkins-whip-ray-koh-tao-300x200.jpg 300w, https:\/\/www.blackturtledive.com\/wp-content\/uploads\/2021\/01\/blackturteldive.com-jenkins-whip-ray-koh-tao-768x512.jpg 768w, https:\/\/www.blackturtledive.com\/wp-content\/uploads\/2021\/01\/blackturteldive.com-jenkins-whip-ray-koh-tao-150x100.jpg 150w\" sizes=\"(max-width: 1000px) 100vw, 1000px\" \/><figcaption id=\"caption-attachment-3302\" class=\"wp-caption-text\">Jenkins-Peitschenrochen Koh Tao<\/figcaption><\/figure>\n<h3>Wo man den Jenkins-Peitschen Rochen auf Koh Tao findet<\/h3>\n<p>Den Jenkins-Peitschen Rochen trifft man an vielen flachen <a href=\"https:\/\/www.blackturtledive.com\/koh-tao-dive-sites\/\">Tauchpl\u00e4tzen<\/a> rund um Koh Tao \u2014 ideal f\u00fcr <a href=\"https:\/\/www.blackturtledive.com\/padi-diving-courses\/open-water-course\/\">Anf\u00e4nger<\/a> und <a href=\"https:\/\/www.blackturtledive.com\/experience-programs\/snorkel-koh-tao\/\">Schnorchler<\/a>.<\/p>\n<p>H\u00e4ufige Sichtung Pl\u00e4tze sind <a href=\"https:\/\/www.blackturtledive.com\/koh-tao-dive-sites\/aow-leuk\/\">Aow Leuk<\/a>, <a href=\"https:\/\/www.blackturtledive.com\/koh-tao-dive-sites\/tanote-bay\/\">Tanote Bay<\/a> (unter dem Katamaran), <a href=\"https:\/\/www.blackturtledive.com\/koh-tao-dive-sites\/hin-wong-bay\/\">Hin Wong Bay<\/a> und <a href=\"https:\/\/www.blackturtledive.com\/koh-tao-dive-sites\/laem-thian\/\">Laem Thian<\/a>.<\/p>\n<p>Bei Tauchg\u00e4ngen am Wrack <a href=\"https:\/\/www.blackturtledive.com\/koh-tao-dive-sites\/htms-sattakut\/\">HTMS Sattakut<\/a> sollte man den Meeresbodenbereich an beiden Seiten des Schiffs pr\u00fcfen, da sich Jenkins-Peitschen Rochen dort oft aufhalten.<\/p>\n<h3><span style=\"color: #28d4ff;\">Wie man den Jenkins-Peitschen Rochen erkennt<\/span><\/h3>\n<p>Diese Rochen haben einen rhombusf\u00f6rmigen, abgerundeten K\u00f6rper (Diskus), der bis zu zwei (2) Meter breit werden kann. Die F\u00e4rbung reicht von braun bis sandfarben; die Unterseite ist wei\u00df.<\/p>\n<p>Charakteristisch ist der sehr lange peitschenartige Schwanz mit gro\u00dfen, speerf\u00f6rmigen Stacheln, der am muskul\u00f6sen K\u00f6rper ansetzt.<\/p>\n<p>Der Diskus ist ansonsten glatt; sichtbar sind die gro\u00dfen Augen, Kiemen und nahe den Kiemen zwei Spiralen, die Wasser einziehen und \u00fcber die Kiemen leiten.<\/p>\n<figure id=\"attachment_3453\" aria-describedby=\"caption-attachment-3453\" style=\"width: 1000px\" class=\"wp-caption alignnone\"><img decoding=\"async\" class=\"size-full wp-image-3453\" src=\"https:\/\/www.blackturtledive.com\/wp-content\/uploads\/2021\/01\/blackturteldive.com-jenkins-whip-ray-koh-tao-thailand.jpg\" alt=\"Jenkins-Peitschenrochen Koh Tao\" width=\"1000\" height=\"667\" srcset=\"https:\/\/www.blackturtledive.com\/wp-content\/uploads\/2021\/01\/blackturteldive.com-jenkins-whip-ray-koh-tao-thailand.jpg 1000w, https:\/\/www.blackturtledive.com\/wp-content\/uploads\/2021\/01\/blackturteldive.com-jenkins-whip-ray-koh-tao-thailand-300x200.jpg 300w, https:\/\/www.blackturtledive.com\/wp-content\/uploads\/2021\/01\/blackturteldive.com-jenkins-whip-ray-koh-tao-thailand-768x512.jpg 768w, https:\/\/www.blackturtledive.com\/wp-content\/uploads\/2021\/01\/blackturteldive.com-jenkins-whip-ray-koh-tao-thailand-150x100.jpg 150w\" sizes=\"(max-width: 1000px) 100vw, 1000px\" \/><figcaption id=\"caption-attachment-3453\" class=\"wp-caption-text\">Jenkins-Peitschenrochen &#8211; Meeresbewohner<\/figcaption><\/figure>\n<h3>Merkmale &amp; Verhalten des Jenkins-Peitschen Rochens<\/h3>\n<p>Der Jenkins-Peitschen Rochen ist ein typischer <a href=\"https:\/\/www.blackturtledive.com\/conservation\/marine-conservation-courses\/coral-reef-conservation-diver\/\">Riff Arbeiter<\/a> und durchsucht den Sand nach Beute wie Garnelen, Krabben, kleinen Fischen und anderen Sand bewohnenden Tieren.<\/p>\n<p>Wie die meisten Stechrochen zerquetscht ein Jenkins-Peitschen Rochen die Beute mit zwei Zahnplatten im Maul statt sie zu kauen.<\/p>\n<p>Tags\u00fcber verbergen sich Jenkins-Peitschen Rochen h\u00e4ufig <span style=\"color: #28d4ff;\">unter Felsvorspr\u00fcngen<\/span> oder graben sich in den Sand ein.<\/p>\n<h3><span style=\"color: #28d4ff;\">Interessante Fakten \u00fcber den Jenkins-Peitschen Rochen<\/span><\/h3>\n<p>Die IUCN stuft den Jenkins-Peitschen Rochen als Vulnerable (gef\u00e4hrdet) ein; intensive Fischerei in S\u00fcdostasien hat zu Bestandsr\u00fcckg\u00e4ngen gef\u00fchrt.<\/p>\n<p>Obwohl die Augen oben auf dem K\u00f6rper liegen, lokalisieren sie Beute haupts\u00e4chlich \u00fcber Elektrosensoren und verharren oft reglos, um Bewegungen zu erkennen.<\/p>\n<p>\u00dcber das Fortpflanzungsverhalten ist wenig bekannt; Forscher vermuten, dass sie bis zu sechsmal pro Jahr geb\u00e4ren k\u00f6nnen und eine Lebenserwartung von bis zu 25 Jahren erreichen.[\/vc_column_text][\/vc_column][\/vc_row]<\/p>\n<\/div>","protected":false},"excerpt":{"rendered":"<p>Jenkins-Peitschenrochen geh\u00f6ren zu den gr\u00f6\u00dften Stachelrochen, die man auf Koh Tao beobachten kann, und bieten beim Tauchen an verschiedenen Tauchpl\u00e4tzen einen atemberaubenden Anblick.<\/p>\n","protected":false},"author":2,"featured_media":18204,"parent":18647,"menu_order":0,"comment_status":"closed","ping_status":"closed","template":"","meta":{"_acf_changed":false,"footnotes":""},"class_list":["post-18585","page","type-page","status-publish","has-post-thumbnail","hentry"],"acf":[],"yoast_head":"<!-- This site is optimized with the Yoast SEO Premium plugin v27.6 (Yoast SEO v27.6) - https:\/\/yoast.com\/product\/yoast-seo-premium-wordpress\/ -->\n<title>Jenkins\u2011Peitschenrochen in Koh Tao<\/title>\n<meta name=\"description\" content=\"Jenkins-Peitschenrochen geh\u00f6ren zu den gr\u00f6\u00dften Stachelrochen, die man auf Koh Tao beobachten kann, und bieten beim Tauchen an verschiedenen Tauchpl\u00e4tzen einen atemberaubenden Anblick.\" \/>\n<meta name=\"robots\" content=\"index, follow, max-snippet:-1, max-image-preview:large, max-video-preview:-1\" \/>\n<link rel=\"canonical\" href=\"https:\/\/www.blackturtledive.com\/de\/koh-tao-marine-life\/jenkins-whip-ray\/\" \/>\n<meta property=\"og:locale\" content=\"de_DE\" \/>\n<meta property=\"og:type\" content=\"article\" \/>\n<meta property=\"og:title\" content=\"Jenkins Whip Ray Koh Tao | Black Turtle Dive\" \/>\n<meta property=\"og:description\" content=\"Jenkins Whip Rays are one of the largest Sting Rays that can be seen on Koh Tao and are breathtaking to look at when scuba diving at various dive sites\" \/>\n<meta property=\"og:url\" content=\"https:\/\/www.blackturtledive.com\/de\/koh-tao-marine-life\/jenkins-whip-ray\/\" \/>\n<meta property=\"og:site_name\" content=\"Black Turtle Dive Koh Tao\" \/>\n<meta property=\"article:publisher\" content=\"https:\/\/www.facebook.com\/blackturtledive\" \/>\n<meta property=\"article:modified_time\" content=\"2026-05-05T14:23:34+00:00\" \/>\n<meta property=\"og:image\" content=\"https:\/\/www.blackturtledive.com\/wp-content\/uploads\/2020\/11\/blackturtledive.com-best-padi-divemaster-course-koh-tao.jpg\" \/>\n\t<meta property=\"og:image:width\" content=\"1200\" \/>\n\t<meta property=\"og:image:height\" content=\"800\" \/>\n\t<meta property=\"og:image:type\" content=\"image\/jpeg\" \/>\n<meta name=\"twitter:card\" content=\"summary_large_image\" \/>\n<meta name=\"twitter:title\" content=\"Jenkins Whip Ray Koh Tao | Black Turtle Dive\" \/>\n<meta name=\"twitter:description\" content=\"Jenkins Whip Rays are one of the largest Sting Rays that can be seen on Koh Tao and are breathtaking to look at when scuba diving at various dive sites\" \/>\n<meta name=\"twitter:image\" content=\"https:\/\/www.blackturtledive.com\/wp-content\/uploads\/2020\/11\/blackturtledive.com-best-padi-divemaster-course-koh-tao.jpg\" \/>\n<meta name=\"twitter:site\" content=\"@blackturtledive\" \/>\n<meta name=\"twitter:label1\" content=\"Gesch\u00e4tzte Lesezeit\" \/>\n\t<meta name=\"twitter:data1\" content=\"3\u00a0Minuten\" \/>\n<!-- \/ Yoast SEO Premium plugin. -->","yoast_head_json":{"title":"Jenkins\u2011Peitschenrochen in Koh Tao","description":"Jenkins-Peitschenrochen geh\u00f6ren zu den gr\u00f6\u00dften Stachelrochen, die man auf Koh Tao beobachten kann, und bieten beim Tauchen an verschiedenen Tauchpl\u00e4tzen einen atemberaubenden Anblick.","robots":{"index":"index","follow":"follow","max-snippet":"max-snippet:-1","max-image-preview":"max-image-preview:large","max-video-preview":"max-video-preview:-1"},"canonical":"https:\/\/www.blackturtledive.com\/de\/koh-tao-marine-life\/jenkins-whip-ray\/","og_locale":"de_DE","og_type":"article","og_title":"Jenkins Whip Ray Koh Tao | Black Turtle Dive","og_description":"Jenkins Whip Rays are one of the largest Sting Rays that can be seen on Koh Tao and are breathtaking to look at when scuba diving at various dive sites","og_url":"https:\/\/www.blackturtledive.com\/de\/koh-tao-marine-life\/jenkins-whip-ray\/","og_site_name":"Black Turtle Dive Koh Tao","article_publisher":"https:\/\/www.facebook.com\/blackturtledive","article_modified_time":"2026-05-05T14:23:34+00:00","og_image":[{"width":1200,"height":800,"url":"https:\/\/www.blackturtledive.com\/wp-content\/uploads\/2020\/11\/blackturtledive.com-best-padi-divemaster-course-koh-tao.jpg","type":"image\/jpeg"}],"twitter_card":"summary_large_image","twitter_title":"Jenkins Whip Ray Koh Tao | Black Turtle Dive","twitter_description":"Jenkins Whip Rays are one of the largest Sting Rays that can be seen on Koh Tao and are breathtaking to look at when scuba diving at various dive sites","twitter_image":"https:\/\/www.blackturtledive.com\/wp-content\/uploads\/2020\/11\/blackturtledive.com-best-padi-divemaster-course-koh-tao.jpg","twitter_site":"@blackturtledive","twitter_misc":{"Gesch\u00e4tzte Lesezeit":"3\u00a0Minuten"},"schema":{"@context":"https:\/\/schema.org","@graph":[{"@type":"WebPage","@id":"https:\/\/www.blackturtledive.com\/de\/koh-tao-marine-life\/jenkins-whip-ray\/","url":"https:\/\/www.blackturtledive.com\/de\/koh-tao-marine-life\/jenkins-whip-ray\/","name":"Jenkins\u2011Peitschenrochen in Koh Tao","isPartOf":{"@id":"https:\/\/www.blackturtledive.com\/de\/#website"},"primaryImageOfPage":{"@id":"https:\/\/www.blackturtledive.com\/de\/koh-tao-marine-life\/jenkins-whip-ray\/#primaryimage"},"image":{"@id":"https:\/\/www.blackturtledive.com\/de\/koh-tao-marine-life\/jenkins-whip-ray\/#primaryimage"},"thumbnailUrl":"https:\/\/www.blackturtledive.com\/wp-content\/uploads\/2021\/01\/blackturteldive.com-jenkins-whip-ray-koh-tao.jpg","datePublished":"2020-12-31T17:47:32+00:00","dateModified":"2026-05-05T14:23:34+00:00","description":"Jenkins-Peitschenrochen geh\u00f6ren zu den gr\u00f6\u00dften Stachelrochen, die man auf Koh Tao beobachten kann, und bieten beim Tauchen an verschiedenen Tauchpl\u00e4tzen einen atemberaubenden Anblick.","breadcrumb":{"@id":"https:\/\/www.blackturtledive.com\/de\/koh-tao-marine-life\/jenkins-whip-ray\/#breadcrumb"},"inLanguage":"de","potentialAction":[{"@type":"ReadAction","target":["https:\/\/www.blackturtledive.com\/de\/koh-tao-marine-life\/jenkins-whip-ray\/"]}]},{"@type":"ImageObject","inLanguage":"de","@id":"https:\/\/www.blackturtledive.com\/de\/koh-tao-marine-life\/jenkins-whip-ray\/#primaryimage","url":"https:\/\/www.blackturtledive.com\/wp-content\/uploads\/2021\/01\/blackturteldive.com-jenkins-whip-ray-koh-tao.jpg","contentUrl":"https:\/\/www.blackturtledive.com\/wp-content\/uploads\/2021\/01\/blackturteldive.com-jenkins-whip-ray-koh-tao.jpg","width":1000,"height":667,"caption":"Jenkins Whip Ray Koh Tao"},{"@type":"BreadcrumbList","@id":"https:\/\/www.blackturtledive.com\/de\/koh-tao-marine-life\/jenkins-whip-ray\/#breadcrumb","itemListElement":[{"@type":"ListItem","position":1,"name":"Home","item":"https:\/\/www.blackturtledive.com\/de\/"},{"@type":"ListItem","position":2,"name":"Koh Tao Meeresleben","item":"https:\/\/www.blackturtledive.com\/de\/koh-tao-marine-life\/"},{"@type":"ListItem","position":3,"name":"Jenkins\u2011Peitschenrochen"}]},{"@type":"WebSite","@id":"https:\/\/www.blackturtledive.com\/de\/#website","url":"https:\/\/www.blackturtledive.com\/de\/","name":"Black Turtle Dive Koh Tao","description":"Ocean Explorers | Marine Protectors","publisher":{"@id":"https:\/\/www.blackturtledive.com\/de\/#organization"},"alternateName":"Black Turtle Dive in Thailand","potentialAction":[{"@type":"SearchAction","target":{"@type":"EntryPoint","urlTemplate":"https:\/\/www.blackturtledive.com\/de\/?s={search_term_string}"},"query-input":{"@type":"PropertyValueSpecification","valueRequired":true,"valueName":"search_term_string"}}],"inLanguage":"de"},{"@type":"Organization","@id":"https:\/\/www.blackturtledive.com\/de\/#organization","name":"Black Turtle Dive Koh Tao","alternateName":"Black Turtle Dive","url":"https:\/\/www.blackturtledive.com\/de\/","logo":{"@type":"ImageObject","inLanguage":"de","@id":"https:\/\/www.blackturtledive.com\/de\/#\/schema\/logo\/image\/","url":"https:\/\/www.blackturtledive.com\/wp-content\/uploads\/2020\/11\/cropped-blackturtledive.com-brand-logo.png","contentUrl":"https:\/\/www.blackturtledive.com\/wp-content\/uploads\/2020\/11\/cropped-blackturtledive.com-brand-logo.png","width":400,"height":400,"caption":"Black Turtle Dive Koh Tao"},"image":{"@id":"https:\/\/www.blackturtledive.com\/de\/#\/schema\/logo\/image\/"},"sameAs":["https:\/\/www.facebook.com\/blackturtledive","https:\/\/x.com\/blackturtledive","https:\/\/www.instagram.com\/blackturtledive\/","https:\/\/www.youtube.com\/blackturtledive","https:\/\/www.linkedin.com\/company\/blackturtledive\/","https:\/\/www.tumblr.com\/blackturtledive","https:\/\/www.pinterest.com\/blackturtledive\/","https:\/\/www.tiktok.com\/@blackturtledive","https:\/\/www.reddit.com\/user\/blackturtledive\/"],"description":"Black Turtle Dive is a modern and innovative 5 Star Career Development Scuba Diving Center, passionate about the ocean and through training we want to empower you to become a competent and confident scuba diver. Our diving courses equip you with the skills, knowledge and awareness necessary to explore the ocean safely, whilst becoming a passionate advocate and protector of the marine environment. If you have never dived before or are a certified diver and want to develop your skills further, our tailored, bespoke courses and programs will inspire you to become an Ocean advocate. Our scientific based Marine Conservation Internships and training programs, offer aspiring scuba divers and marine conservationists, the best marine conservation internships on Koh Tao. We currently offer students six levels of Marine Conservation Internships at our beachside location on Koh Tao in Thailand. Check out our website for more information.","email":"info@blackturtledive.com","telephone":"089 592 2134","legalName":"Black Turtle Dive Co Ltd","foundingDate":"2020-01-01","publishingPrinciples":"https:\/\/www.blackturtledive.com\/terms\/","ownershipFundingInfo":"https:\/\/www.blackturtledive.com\/terms\/","actionableFeedbackPolicy":"https:\/\/www.blackturtledive.com\/privacy-policy\/","correctionsPolicy":"https:\/\/www.blackturtledive.com\/privacy-policy\/","ethicsPolicy":"https:\/\/www.blackturtledive.com\/privacy-policy\/","diversityPolicy":"https:\/\/www.blackturtledive.com\/privacy-policy\/"}]}},"_links":{"self":[{"href":"https:\/\/www.blackturtledive.com\/de\/wp-json\/wp\/v2\/pages\/18585","targetHints":{"allow":["GET"]}}],"collection":[{"href":"https:\/\/www.blackturtledive.com\/de\/wp-json\/wp\/v2\/pages"}],"about":[{"href":"https:\/\/www.blackturtledive.com\/de\/wp-json\/wp\/v2\/types\/page"}],"author":[{"embeddable":true,"href":"https:\/\/www.blackturtledive.com\/de\/wp-json\/wp\/v2\/users\/2"}],"replies":[{"embeddable":true,"href":"https:\/\/www.blackturtledive.com\/de\/wp-json\/wp\/v2\/comments?post=18585"}],"version-history":[{"count":1,"href":"https:\/\/www.blackturtledive.com\/de\/wp-json\/wp\/v2\/pages\/18585\/revisions"}],"predecessor-version":[{"id":70835,"href":"https:\/\/www.blackturtledive.com\/de\/wp-json\/wp\/v2\/pages\/18585\/revisions\/70835"}],"up":[{"embeddable":true,"href":"https:\/\/www.blackturtledive.com\/de\/wp-json\/wp\/v2\/pages\/18647"}],"wp:featuredmedia":[{"embeddable":true,"href":"https:\/\/www.blackturtledive.com\/de\/wp-json\/wp\/v2\/media\/18204"}],"wp:attachment":[{"href":"https:\/\/www.blackturtledive.com\/de\/wp-json\/wp\/v2\/media?parent=18585"}],"curies":[{"name":"wp","href":"https:\/\/api.w.org\/{rel}","templated":true}]}}