{"id":18588,"date":"2021-01-01T00:40:41","date_gmt":"2020-12-31T17:40:41","guid":{"rendered":"https:\/\/www.blackturtledive.com\/durban-dancing-shrimp\/"},"modified":"2026-05-05T21:23:37","modified_gmt":"2026-05-05T14:23:37","slug":"durban-dancing-shrimp","status":"publish","type":"page","link":"https:\/\/www.blackturtledive.com\/de\/koh-tao-marine-life\/durban-dancing-shrimp\/","title":{"rendered":"Durban\u2011Tanzgarnele"},"content":{"rendered":"<div class=\"wpb-content-wrapper\"><p>[vc_row][vc_column][vc_column_text css=&#8220;&#8220;]Die Durban Dancing Shrimp (Rhynchocinetes durbanensis), auch als Scharnier\u00adschnabel\u00adgarnele bekannt, ist ein kleines, lebhaft rot\u2011wei\u00df gestreiftes Krebstier, ber\u00fchmt f\u00fcr seine rhythmischen, t\u00e4nzelnden Bewegungen.<\/p>\n<p>Diese Garnelen sind gesellige Aasfresser und werden oft in gro\u00dfen Gruppen in dunklen Riffspalten oder unter \u00dcberh\u00e4ngen gefunden, wo sie als wichtige Reiniger des Riff\u00f6kosystems fungieren.<\/p>\n<p>Ihre Beliebtheit bei Makrofotografen beruht auf ihren filigranen Mustern und den gro\u00dfen, reflektierenden Augen; man trifft sie h\u00e4ufig bei Nachttauchg\u00e4ngen an Pl\u00e4tzen wie White Rock und Pottery Pinnacle.<\/p>\n<h3><span style=\"color: #28d4ff;\">Alles \u00fcber die Durban Dancing Shrimp auf Koh Tao<\/span><\/h3>\n<p>Durban Dancing Shrimp geh\u00f6rt zu den h\u00e4ufigsten, zugleich meist unbemerkten <a href=\"https:\/\/www.blackturtledive.com\/koh-tao-marine-life\/\">Meeresbewohnern<\/a> im warmen tropischen Wasser um <a href=\"https:\/\/www.blackturtledive.com\/koh-tao\/\">Koh Tao<\/a>.<\/p>\n<p>Aufgrund ihrer geringen Gr\u00f6\u00dfe und ihrer F\u00e4higkeit, sich in kleinen Ritzen zu verstecken, sind diese kleinen, sch\u00f6nen Tiere oft schwer zu entdecken.<\/p>\n<figure id=\"attachment_3271\" aria-describedby=\"caption-attachment-3271\" style=\"width: 1000px\" class=\"wp-caption alignnone\"><img decoding=\"async\" class=\"size-full wp-image-3271\" src=\"https:\/\/www.blackturtledive.com\/wp-content\/uploads\/2021\/01\/blackturtledive.com-durban-dancing-shrimp-koh-tao.jpg\" alt=\"Durban Dancing Shrimp Koh Tao\" width=\"1000\" height=\"668\" srcset=\"https:\/\/www.blackturtledive.com\/wp-content\/uploads\/2021\/01\/blackturtledive.com-durban-dancing-shrimp-koh-tao.jpg 1000w, https:\/\/www.blackturtledive.com\/wp-content\/uploads\/2021\/01\/blackturtledive.com-durban-dancing-shrimp-koh-tao-300x200.jpg 300w, https:\/\/www.blackturtledive.com\/wp-content\/uploads\/2021\/01\/blackturtledive.com-durban-dancing-shrimp-koh-tao-768x513.jpg 768w, https:\/\/www.blackturtledive.com\/wp-content\/uploads\/2021\/01\/blackturtledive.com-durban-dancing-shrimp-koh-tao-150x100.jpg 150w\" sizes=\"(max-width: 1000px) 100vw, 1000px\" \/><figcaption id=\"caption-attachment-3271\" class=\"wp-caption-text\">Durban Dancing Shrimp Koh Tao<\/figcaption><\/figure>\n<h3>Wo man die Durban Dancing Shrimp auf Koh Tao findet<\/h3>\n<p>Die Durban Dancing Shrimp sind an nahezu jedem <a href=\"https:\/\/www.blackturtledive.com\/koh-tao-dive-sites\/\">Tauch-<\/a> oder <a href=\"https:\/\/www.blackturtledive.com\/experience-programs\/snorkel-koh-tao\/\">Schnorchelplatz<\/a> mit <a href=\"https:\/\/www.blackturtledive.com\/conservation\/marine-conservation-courses\/coral-watch-specialty\/\">Korallen<\/a> oder Felsen auf Koh Tao zu finden.<\/p>\n<p>Am einfachsten sieht man sie bei <a href=\"https:\/\/www.blackturtledive.com\/padi-diving-courses\/\">Nachttauchg\u00e4ngen<\/a>: Ihre gro\u00dfen Augen reflektieren das Lampenlicht der Taucher als zwei kleine rote Punkte.<\/p>\n<h3>Wie man die Durban Dancing Shrimp erkennt<\/h3>\n<p>Durban Dancing Shrimp hat einen buckligen K\u00f6rper, der \u00fcberwiegend rot gef\u00e4rbt ist und von feinen wei\u00dfen Punkten und Linien bedeckt wird; die Augen sitzen auf roten Stielen und sind oft dunkelblau.<\/p>\n<p>Gr\u00f6\u00dfere Exemplare werden bis zu 4 cm lang; M\u00e4nnchen lassen sich an deutlich gr\u00f6\u00dferen Scheren erkennen.<\/p>\n<figure id=\"attachment_3273\" aria-describedby=\"caption-attachment-3273\" style=\"width: 1000px\" class=\"wp-caption alignnone\"><img decoding=\"async\" class=\"size-full wp-image-3273\" src=\"https:\/\/www.blackturtledive.com\/wp-content\/uploads\/2021\/01\/blackturtledive.com-durban-dancing-shrimp-koh-tao-thailand.jpg\" alt=\"Gelbrand-Mur\u00e4ne mit Durban Dancing Shrimp\" width=\"1000\" height=\"669\" srcset=\"https:\/\/www.blackturtledive.com\/wp-content\/uploads\/2021\/01\/blackturtledive.com-durban-dancing-shrimp-koh-tao-thailand.jpg 1000w, https:\/\/www.blackturtledive.com\/wp-content\/uploads\/2021\/01\/blackturtledive.com-durban-dancing-shrimp-koh-tao-thailand-300x201.jpg 300w, https:\/\/www.blackturtledive.com\/wp-content\/uploads\/2021\/01\/blackturtledive.com-durban-dancing-shrimp-koh-tao-thailand-768x514.jpg 768w, https:\/\/www.blackturtledive.com\/wp-content\/uploads\/2021\/01\/blackturtledive.com-durban-dancing-shrimp-koh-tao-thailand-150x100.jpg 150w\" sizes=\"(max-width: 1000px) 100vw, 1000px\" \/><figcaption id=\"caption-attachment-3273\" class=\"wp-caption-text\">Gelbrand-Mur\u00e4ne mit Durban Dancing Shrimp<\/figcaption><\/figure>\n<h3><span style=\"color: #28d4ff;\">Rostrum der Dancing Shrimp<\/span><\/h3>\n<p>Vorn am K\u00f6rper befindet sich ein Rostrum, das fast wie ein Schnabel wirkt.<\/p>\n<p>Bei unbewegten Tieren kann sich dieses Rostrum von Seite zu Seite bewegen und gibt den Shrimp so ihren Namen \u201eDancing Shrimp\u201c.<\/p>\n<h3>Merkmale &amp; Verhalten der Durban Dancing Shrimp<\/h3>\n<p>Die Durban Dancing Shrimp leben oft in gro\u00dfen Kolonien von mehreren Hundert Tieren und sind haupts\u00e4chlich nachts aktiv, wenn sie sich zur Nahrungssuche herauswagen.<\/p>\n<p>Tags\u00fcber verbergen sie sich in dunklen Ritzen und L\u00f6chern des Riffs; gelegentlich sind sie aber auch an den Spitzen von <a href=\"https:\/\/www.blackturtledive.com\/koh-tao-dive-sites\/twins-pinnacle\/\">Pinnacles<\/a> zu sehen, wenn sie zu einem anderen Unterschlupf wechseln.<\/p>\n<p>Weibchen k\u00f6nnen bis zu 1.700 Eier unter ihrem K\u00f6rper tragen, die sie ein bis drei Wochen lang mit sich f\u00fchren.<\/p>\n<figure id=\"attachment_3280\" aria-describedby=\"caption-attachment-3280\" style=\"width: 1000px\" class=\"wp-caption alignnone\"><img decoding=\"async\" class=\"size-full wp-image-3280\" src=\"https:\/\/www.blackturtledive.com\/wp-content\/uploads\/2021\/01\/blackturtledive.com-durban-dancing-shrimps-on-koh-tao.jpg\" alt=\"Durban Dancing Shrimp auf Koh Tao Meeresbewohner\" width=\"1000\" height=\"631\" srcset=\"https:\/\/www.blackturtledive.com\/wp-content\/uploads\/2021\/01\/blackturtledive.com-durban-dancing-shrimps-on-koh-tao.jpg 1000w, https:\/\/www.blackturtledive.com\/wp-content\/uploads\/2021\/01\/blackturtledive.com-durban-dancing-shrimps-on-koh-tao-300x189.jpg 300w, https:\/\/www.blackturtledive.com\/wp-content\/uploads\/2021\/01\/blackturtledive.com-durban-dancing-shrimps-on-koh-tao-768x485.jpg 768w, https:\/\/www.blackturtledive.com\/wp-content\/uploads\/2021\/01\/blackturtledive.com-durban-dancing-shrimps-on-koh-tao-150x95.jpg 150w\" sizes=\"(max-width: 1000px) 100vw, 1000px\" \/><figcaption id=\"caption-attachment-3280\" class=\"wp-caption-text\">Durban Dancing Shrimp auf Koh Tao Meeresbewohner<\/figcaption><\/figure>\n<h3><span style=\"color: #28d4ff;\">Interessante Fakten \u00fcber die Durban Dancing Shrimp<\/span><\/h3>\n<p>Durban Dancing Shrimp wurde dabei beobachtet, wie sie symbiotische Beziehungen mit anderen <a href=\"https:\/\/www.blackturtledive.com\/padi-specialty-courses\/fish-identification\/\">Fischarten<\/a> eingehen; ihr Verhalten hilft Fischen, Parasiten oder abgestorbene Haut zu entfernen, wof\u00fcr sie als Lohn eine Mahlzeit erhalten.<\/p>\n<p>Sie wedeln mit ihren Antennen als Signal, dass sie \u201eoffen f\u00fcr Gesch\u00e4fte\u201c sind; nahe Fische schwimmen heran und \u00f6ffnen Kiemen und Maul, damit die Shrimp reinigen k\u00f6nnen.[\/vc_column_text][\/vc_column][\/vc_row]<\/p>\n<\/div>","protected":false},"excerpt":{"rendered":"<p>Die Durban-Tanzgarnelen geh\u00f6ren zu den am h\u00e4ufigsten gesehenen, aber dennoch unbeachteten Meereslebewesen im tropischen Meer um Koh Tao und sind an den meisten Tauchpl\u00e4tzen anzutreffen.<\/p>\n","protected":false},"author":2,"featured_media":18193,"parent":18647,"menu_order":0,"comment_status":"closed","ping_status":"closed","template":"","meta":{"_acf_changed":false,"footnotes":""},"class_list":["post-18588","page","type-page","status-publish","has-post-thumbnail","hentry"],"acf":[],"yoast_head":"<!-- This site is optimized with the Yoast SEO Premium plugin v27.6 (Yoast SEO v27.6) - https:\/\/yoast.com\/product\/yoast-seo-premium-wordpress\/ -->\n<title>Durban Dancing Shrimp in Koh Tao | Black Turtle Dive<\/title>\n<meta name=\"description\" content=\"Die Durban-Tanzgarnelen geh\u00f6ren zu den am h\u00e4ufigsten gesehenen, aber dennoch unbeachteten Meereslebewesen im tropischen Meer um Koh Tao und sind an den meisten Tauchpl\u00e4tzen anzutreffen.\" \/>\n<meta name=\"robots\" content=\"index, follow, max-snippet:-1, max-image-preview:large, max-video-preview:-1\" \/>\n<link rel=\"canonical\" href=\"https:\/\/www.blackturtledive.com\/de\/koh-tao-marine-life\/durban-dancing-shrimp\/\" \/>\n<meta property=\"og:locale\" content=\"de_DE\" \/>\n<meta property=\"og:type\" content=\"article\" \/>\n<meta property=\"og:title\" content=\"Durban Dancing Shrimp Koh Tao | Black Turtle Dive\" \/>\n<meta property=\"og:description\" content=\"Durban Dancing Shrimps are one of the most seen yet unnoticed marine life species in the tropical sea around Koh Tao and can be found at most dive sites\" \/>\n<meta property=\"og:url\" content=\"https:\/\/www.blackturtledive.com\/de\/koh-tao-marine-life\/durban-dancing-shrimp\/\" \/>\n<meta property=\"og:site_name\" content=\"Black Turtle Dive Koh Tao\" \/>\n<meta property=\"article:publisher\" content=\"https:\/\/www.facebook.com\/blackturtledive\" \/>\n<meta property=\"article:modified_time\" content=\"2026-05-05T14:23:37+00:00\" \/>\n<meta property=\"og:image\" content=\"https:\/\/www.blackturtledive.com\/wp-content\/uploads\/2020\/11\/blackturtledive.com-best-padi-divemaster-course-koh-tao.jpg\" \/>\n\t<meta property=\"og:image:width\" content=\"1200\" \/>\n\t<meta property=\"og:image:height\" content=\"800\" \/>\n\t<meta property=\"og:image:type\" content=\"image\/jpeg\" \/>\n<meta name=\"twitter:card\" content=\"summary_large_image\" \/>\n<meta name=\"twitter:title\" content=\"Durban Dancing Shrimp Koh Tao | Black Turtle Dive\" \/>\n<meta name=\"twitter:description\" content=\"Durban Dancing Shrimps are one of the most seen yet unnoticed marine life species in the tropical sea around Koh Tao and can be found at most dive sites\" \/>\n<meta name=\"twitter:image\" content=\"https:\/\/www.blackturtledive.com\/wp-content\/uploads\/2020\/11\/blackturtledive.com-best-padi-divemaster-course-koh-tao.jpg\" \/>\n<meta name=\"twitter:site\" content=\"@blackturtledive\" \/>\n<meta name=\"twitter:label1\" content=\"Gesch\u00e4tzte Lesezeit\" \/>\n\t<meta name=\"twitter:data1\" content=\"3\u00a0Minuten\" \/>\n<!-- \/ Yoast SEO Premium plugin. -->","yoast_head_json":{"title":"Durban Dancing Shrimp in Koh Tao | Black Turtle Dive","description":"Die Durban-Tanzgarnelen geh\u00f6ren zu den am h\u00e4ufigsten gesehenen, aber dennoch unbeachteten Meereslebewesen im tropischen Meer um Koh Tao und sind an den meisten Tauchpl\u00e4tzen anzutreffen.","robots":{"index":"index","follow":"follow","max-snippet":"max-snippet:-1","max-image-preview":"max-image-preview:large","max-video-preview":"max-video-preview:-1"},"canonical":"https:\/\/www.blackturtledive.com\/de\/koh-tao-marine-life\/durban-dancing-shrimp\/","og_locale":"de_DE","og_type":"article","og_title":"Durban Dancing Shrimp Koh Tao | Black Turtle Dive","og_description":"Durban Dancing Shrimps are one of the most seen yet unnoticed marine life species in the tropical sea around Koh Tao and can be found at most dive sites","og_url":"https:\/\/www.blackturtledive.com\/de\/koh-tao-marine-life\/durban-dancing-shrimp\/","og_site_name":"Black Turtle Dive Koh Tao","article_publisher":"https:\/\/www.facebook.com\/blackturtledive","article_modified_time":"2026-05-05T14:23:37+00:00","og_image":[{"width":1200,"height":800,"url":"https:\/\/www.blackturtledive.com\/wp-content\/uploads\/2020\/11\/blackturtledive.com-best-padi-divemaster-course-koh-tao.jpg","type":"image\/jpeg"}],"twitter_card":"summary_large_image","twitter_title":"Durban Dancing Shrimp Koh Tao | Black Turtle Dive","twitter_description":"Durban Dancing Shrimps are one of the most seen yet unnoticed marine life species in the tropical sea around Koh Tao and can be found at most dive sites","twitter_image":"https:\/\/www.blackturtledive.com\/wp-content\/uploads\/2020\/11\/blackturtledive.com-best-padi-divemaster-course-koh-tao.jpg","twitter_site":"@blackturtledive","twitter_misc":{"Gesch\u00e4tzte Lesezeit":"3\u00a0Minuten"},"schema":{"@context":"https:\/\/schema.org","@graph":[{"@type":"WebPage","@id":"https:\/\/www.blackturtledive.com\/de\/koh-tao-marine-life\/durban-dancing-shrimp\/","url":"https:\/\/www.blackturtledive.com\/de\/koh-tao-marine-life\/durban-dancing-shrimp\/","name":"Durban Dancing Shrimp in Koh Tao | Black Turtle Dive","isPartOf":{"@id":"https:\/\/www.blackturtledive.com\/de\/#website"},"primaryImageOfPage":{"@id":"https:\/\/www.blackturtledive.com\/de\/koh-tao-marine-life\/durban-dancing-shrimp\/#primaryimage"},"image":{"@id":"https:\/\/www.blackturtledive.com\/de\/koh-tao-marine-life\/durban-dancing-shrimp\/#primaryimage"},"thumbnailUrl":"https:\/\/www.blackturtledive.com\/wp-content\/uploads\/2021\/01\/blackturtledive.com-durban-dancing-shrimp-koh-tao.jpg","datePublished":"2020-12-31T17:40:41+00:00","dateModified":"2026-05-05T14:23:37+00:00","description":"Die Durban-Tanzgarnelen geh\u00f6ren zu den am h\u00e4ufigsten gesehenen, aber dennoch unbeachteten Meereslebewesen im tropischen Meer um Koh Tao und sind an den meisten Tauchpl\u00e4tzen anzutreffen.","breadcrumb":{"@id":"https:\/\/www.blackturtledive.com\/de\/koh-tao-marine-life\/durban-dancing-shrimp\/#breadcrumb"},"inLanguage":"de","potentialAction":[{"@type":"ReadAction","target":["https:\/\/www.blackturtledive.com\/de\/koh-tao-marine-life\/durban-dancing-shrimp\/"]}]},{"@type":"ImageObject","inLanguage":"de","@id":"https:\/\/www.blackturtledive.com\/de\/koh-tao-marine-life\/durban-dancing-shrimp\/#primaryimage","url":"https:\/\/www.blackturtledive.com\/wp-content\/uploads\/2021\/01\/blackturtledive.com-durban-dancing-shrimp-koh-tao.jpg","contentUrl":"https:\/\/www.blackturtledive.com\/wp-content\/uploads\/2021\/01\/blackturtledive.com-durban-dancing-shrimp-koh-tao.jpg","width":1000,"height":668,"caption":"Durban Dancing Shrimp Koh Tao"},{"@type":"BreadcrumbList","@id":"https:\/\/www.blackturtledive.com\/de\/koh-tao-marine-life\/durban-dancing-shrimp\/#breadcrumb","itemListElement":[{"@type":"ListItem","position":1,"name":"Home","item":"https:\/\/www.blackturtledive.com\/de\/"},{"@type":"ListItem","position":2,"name":"Koh Tao Meeresleben","item":"https:\/\/www.blackturtledive.com\/de\/koh-tao-marine-life\/"},{"@type":"ListItem","position":3,"name":"Durban\u2011Tanzgarnele"}]},{"@type":"WebSite","@id":"https:\/\/www.blackturtledive.com\/de\/#website","url":"https:\/\/www.blackturtledive.com\/de\/","name":"Black Turtle Dive Koh Tao","description":"Ocean Explorers | Marine Protectors","publisher":{"@id":"https:\/\/www.blackturtledive.com\/de\/#organization"},"alternateName":"Black Turtle Dive in Thailand","potentialAction":[{"@type":"SearchAction","target":{"@type":"EntryPoint","urlTemplate":"https:\/\/www.blackturtledive.com\/de\/?s={search_term_string}"},"query-input":{"@type":"PropertyValueSpecification","valueRequired":true,"valueName":"search_term_string"}}],"inLanguage":"de"},{"@type":"Organization","@id":"https:\/\/www.blackturtledive.com\/de\/#organization","name":"Black Turtle Dive Koh Tao","alternateName":"Black Turtle Dive","url":"https:\/\/www.blackturtledive.com\/de\/","logo":{"@type":"ImageObject","inLanguage":"de","@id":"https:\/\/www.blackturtledive.com\/de\/#\/schema\/logo\/image\/","url":"https:\/\/www.blackturtledive.com\/wp-content\/uploads\/2020\/11\/cropped-blackturtledive.com-brand-logo.png","contentUrl":"https:\/\/www.blackturtledive.com\/wp-content\/uploads\/2020\/11\/cropped-blackturtledive.com-brand-logo.png","width":400,"height":400,"caption":"Black Turtle Dive Koh Tao"},"image":{"@id":"https:\/\/www.blackturtledive.com\/de\/#\/schema\/logo\/image\/"},"sameAs":["https:\/\/www.facebook.com\/blackturtledive","https:\/\/x.com\/blackturtledive","https:\/\/www.instagram.com\/blackturtledive\/","https:\/\/www.youtube.com\/blackturtledive","https:\/\/www.linkedin.com\/company\/blackturtledive\/","https:\/\/www.tumblr.com\/blackturtledive","https:\/\/www.pinterest.com\/blackturtledive\/","https:\/\/www.tiktok.com\/@blackturtledive","https:\/\/www.reddit.com\/user\/blackturtledive\/"],"description":"Black Turtle Dive is a modern and innovative 5 Star Career Development Scuba Diving Center, passionate about the ocean and through training we want to empower you to become a competent and confident scuba diver. Our diving courses equip you with the skills, knowledge and awareness necessary to explore the ocean safely, whilst becoming a passionate advocate and protector of the marine environment. If you have never dived before or are a certified diver and want to develop your skills further, our tailored, bespoke courses and programs will inspire you to become an Ocean advocate. Our scientific based Marine Conservation Internships and training programs, offer aspiring scuba divers and marine conservationists, the best marine conservation internships on Koh Tao. We currently offer students six levels of Marine Conservation Internships at our beachside location on Koh Tao in Thailand. Check out our website for more information.","email":"info@blackturtledive.com","telephone":"089 592 2134","legalName":"Black Turtle Dive Co Ltd","foundingDate":"2020-01-01","publishingPrinciples":"https:\/\/www.blackturtledive.com\/terms\/","ownershipFundingInfo":"https:\/\/www.blackturtledive.com\/terms\/","actionableFeedbackPolicy":"https:\/\/www.blackturtledive.com\/privacy-policy\/","correctionsPolicy":"https:\/\/www.blackturtledive.com\/privacy-policy\/","ethicsPolicy":"https:\/\/www.blackturtledive.com\/privacy-policy\/","diversityPolicy":"https:\/\/www.blackturtledive.com\/privacy-policy\/"}]}},"_links":{"self":[{"href":"https:\/\/www.blackturtledive.com\/de\/wp-json\/wp\/v2\/pages\/18588","targetHints":{"allow":["GET"]}}],"collection":[{"href":"https:\/\/www.blackturtledive.com\/de\/wp-json\/wp\/v2\/pages"}],"about":[{"href":"https:\/\/www.blackturtledive.com\/de\/wp-json\/wp\/v2\/types\/page"}],"author":[{"embeddable":true,"href":"https:\/\/www.blackturtledive.com\/de\/wp-json\/wp\/v2\/users\/2"}],"replies":[{"embeddable":true,"href":"https:\/\/www.blackturtledive.com\/de\/wp-json\/wp\/v2\/comments?post=18588"}],"version-history":[{"count":1,"href":"https:\/\/www.blackturtledive.com\/de\/wp-json\/wp\/v2\/pages\/18588\/revisions"}],"predecessor-version":[{"id":70838,"href":"https:\/\/www.blackturtledive.com\/de\/wp-json\/wp\/v2\/pages\/18588\/revisions\/70838"}],"up":[{"embeddable":true,"href":"https:\/\/www.blackturtledive.com\/de\/wp-json\/wp\/v2\/pages\/18647"}],"wp:featuredmedia":[{"embeddable":true,"href":"https:\/\/www.blackturtledive.com\/de\/wp-json\/wp\/v2\/media\/18193"}],"wp:attachment":[{"href":"https:\/\/www.blackturtledive.com\/de\/wp-json\/wp\/v2\/media?parent=18588"}],"curies":[{"name":"wp","href":"https:\/\/api.w.org\/{rel}","templated":true}]}}