{"id":18589,"date":"2021-01-01T00:37:14","date_gmt":"2020-12-31T17:37:14","guid":{"rendered":"https:\/\/www.blackturtledive.com\/saddleback-clownfish-sea-anemone\/"},"modified":"2026-05-05T21:23:38","modified_gmt":"2026-05-05T14:23:38","slug":"saddleback-clownfish-sea-anemone","status":"publish","type":"page","link":"https:\/\/www.blackturtledive.com\/de\/koh-tao-marine-life\/saddleback-clownfish-sea-anemone\/","title":{"rendered":"Sattel\u2011Clownfisch &#038; Seeanemone"},"content":{"rendered":"<div class=\"wpb-content-wrapper\"><p>[vc_row][vc_column][vc_column_text css=&#8220;&#8220;]Der Saddleback-Clownfisch (Amphiprion polymnus) lebt in einer klassischen symbiotischen Beziehung mit der Teppich\u2011Seeanemone und kommt haupts\u00e4chlich in den sandigen Rifffl\u00e4chen von Koh Tao vor.<\/p>\n<p>Der Fisch liefert N\u00e4hrstoffe und Schutz vor Fressfeinden, w\u00e4hrend die brennenden Tentakel der Anemone dem Clownfisch ein sicheres Refugium bieten, in dem andere Fische nicht \u00fcberleben k\u00f6nnen.<\/p>\n<p>Die ber\u00fchmte \u201eNemo\u201c-Familie am Tauchplatz Twins ist eine gesch\u00fctzte Population; wir nutzen diesen Ort, um Taucherinnen und Taucher \u00fcber Symbiose und die Bedeutung des Nicht\u2011St\u00f6rens der Wohnst\u00e4tte dieser territorialen Bewohner aufzukl\u00e4ren.<\/p>\n<h3><span style=\"color: #28d4ff;\">Alles \u00fcber Sattel-Anemonen Clownfisch und Seeanemone auf Koh Tao<\/span><\/h3>\n<p>Abgesehen davon, dass \u201eSeeanemone\u201c ein schwer auszusprechendes Wort sein kann, ist sie eine faszinierende Halb-Pflanze, Halb-Tier-Wesen.<\/p>\n<p>In Kombination mit einem Clownfisch z\u00e4hlen beide zu den sch\u00f6nsten Meeresbewohnern rund um <a href=\"https:\/\/www.blackturtledive.com\/koh-tao\/\">Koh Tao<\/a>.<\/p>\n<div  data-ep-a=\"fadeIn\"  id=\"_ytid_54531\"  width=\"640\" height=\"360\"  data-origwidth=\"640\" data-origheight=\"360\"  data-relstop=\"1\" data-facadesrc=\"https:\/\/www.youtube.com\/embed\/cmXQceka33k?enablejsapi=1&origin=https:\/\/www.blackturtledive.com&autoplay=0&cc_load_policy=0&cc_lang_pref=&iv_load_policy=1&loop=0&rel=0&fs=1&playsinline=0&autohide=2&theme=dark&color=red&controls=1&disablekb=0&\" class=\"__youtube_prefs__ epyt-facade  no-lazyload\" data-epautoplay=\"1\" ><img decoding=\"async\" data-spai-excluded=\"true\" class=\"epyt-facade-poster skip-lazy\" loading=\"lazy\"  alt=\"Saddleback Clownfish &amp; Sea Anemone: A Unique Koh Tao Symbiosis | BlackTurtleDive.com\"  src=\"https:\/\/i.ytimg.com\/vi\/cmXQceka33k\/maxresdefault.jpg\"  \/><button class=\"epyt-facade-play\" aria-label=\"Play\"><svg data-no-lazy=\"1\" height=\"100%\" version=\"1.1\" viewBox=\"0 0 68 48\" width=\"100%\"><path class=\"ytp-large-play-button-bg\" d=\"M66.52,7.74c-0.78-2.93-2.49-5.41-5.42-6.19C55.79,.13,34,0,34,0S12.21,.13,6.9,1.55 C3.97,2.33,2.27,4.81,1.48,7.74C0.06,13.05,0,24,0,24s0.06,10.95,1.48,16.26c0.78,2.93,2.49,5.41,5.42,6.19 C12.21,47.87,34,48,34,48s21.79-0.13,27.1-1.55c2.93-0.78,4.64-3.26,5.42-6.19C67.94,34.95,68,24,68,24S67.94,13.05,66.52,7.74z\" fill=\"#f00\"><\/path><path d=\"M 45,24 27,14 27,34\" fill=\"#fff\"><\/path><\/svg><\/button><\/div><span itemprop=\"video\" itemscope itemtype=\"http:\/\/schema.org\/VideoObject\"><meta itemprop=\"embedUrl\" content=\"https:\/\/www.youtube.com\/embed\/cmXQceka33k\"><meta itemprop=\"name\" content=\"Saddleback Clownfish &amp; Sea Anemone: A Unique Koh Tao Symbiosis | BlackTurtleDive.com\"><meta itemprop=\"description\" content=\"Embark on an underwater journey to Koh Tao, where the vibrant Saddleback Clownfish and their Sea Anemone partners create a mesmerizing display of marine symbiosis. This video dives into the fascinating relationship between these two species, showcasing their colorful life beneath the waves. Discover the secrets of their mutualistic bond, the challenges they face, and the beauty they bring to the underwater world of Koh Tao. Check out our other marine life: https:\/\/www.blackturtledive.com\/koh-tao-marine-life\/saddleback-clownfish-sea-anemone This video is about Saddleback Clownfish &amp; Sea Anemone: A Unique Koh Tao Symbiosis. But It also covers the following topics: Saddleback Clownfish Behavior Sea Anemone Symbiosis Koh Tao Diving Sites Video Title: Saddleback Clownfish &amp; Sea Anemone: A Unique Koh Tao Symbiosis | BlackTurtleDive.com \ud83d\udd14Get on a Life-Changing Underwater Adventure with Us \u2013 Your Gateway to the Ocean&#039;s Wonders! Hit Subscribe Now to Join Our Community of Ocean Advocates. https:\/\/www.youtube.com\/&#064;BlackTurtleDive\/?sub_confirmation=1 \u2705Important Links to Follow \ud83d\udd17Brand Channels \u2728Main diving courses brand: https:\/\/www.blackturtledive.com\/ \u2728PADI Dive Courses ( Pro level): https:\/\/idckohtao.com\/ \u2728Marine Conservation Internships: https:\/\/www.ecokohtao.com\/ \u2705 Stay Connected With Us. \ud83d\udc49Facebook: https:\/\/www.facebook.com\/blackturtledive \ud83d\udc49Instagram: https:\/\/www.instagram.com\/blackturtledive\/ \ud83d\udc49Threads: https:\/\/www.threads.net\/&#064;blackturtledive \ud83d\udc49Tiktok: https:\/\/www.tiktok.com\/&#064;blackturtledive \ud83d\udc49Twitter (X): https:\/\/twitter.com\/blackturtledive \ud83d\udc49Pinterest: https:\/\/www.pinterest.com\/blackturtledive\/ \ud83d\udc49Website: https:\/\/www.blackturtledive.com\/ \u2705 For Business Inquiries: media&#064;blackturtledive.com ============================= \u2705 Recommended Playlists \ud83d\udc49 Koh Tao Marine Life (Part 1) https:\/\/www.youtube.com\/watch?v=1D3Dbtrq5vI&amp;list=PLW_jU0PKLEUGS-ZQjvOB0_8q7cZZmOqCC&amp;pp=iAQB \ud83d\udc49PADI Instructor Development Course (IDC) | Black Turtle Dive, Koh Tao https:\/\/www.youtube.com\/watch?v=kXPwkxj0gyg&amp;list=PLW_jU0PKLEUEUo8dW4l2QD8ywAwK7xP1c&amp;pp=iAQB \u2705 Other Videos You Might Be Interested In Watching: \ud83d\udc49 Coral Watch Marine Conservation Course in Koh Tao, Thailand https:\/\/www.youtube.com\/watch?v=mM6C-QgT1z4 \ud83d\udc49 Fun Diving On Koh Tao In Thailand https:\/\/www.youtube.com\/watch?v=rE8d65rzEqc \ud83d\udc49 Whaleshark Koh Tao https:\/\/www.youtube.com\/watch?v=1D3Dbtrq5vI \ud83d\udc49 Tailfin Batfish Koh Tao https:\/\/www.youtube.com\/watch?v=RCjIBjmvSZM \ud83d\udc49 Yellow Boxfish Koh Tao Thailand https:\/\/www.youtube.com\/watch?v=lpzasbtGAqY ============================= \u2705 About Black Turtle Dive. As a modern and innovative Scuba Diving Center, Black Turtle Dive is passionate about the ocean, and through our training, we want to empower you to become a competent and confident scuba diver. Our diving courses equip you with the skills, knowledge, and awareness necessary to explore the ocean safely while becoming a passionate advocate and protector of the marine environment. If you have never dived before or are a certified diver and want to develop your skills further, our tailored, bespoke courses and programs will inspire you to become an Ocean advocate. Our scientific-based Marine Conservation Internships, or Reef Ecology And Conservation Training program (REACT), offer aspiring scuba divers and marine conservationists the best marine conservation internships on Koh Tao. We offer students three levels of Marine Conservation Internships at our beachside location on Koh Tao in Thailand. For Collaboration and Business inquiries, please use the contact information below: \ud83d\udce9 Email: media&#064;blackturtledive.com \ud83d\udd14Discover the Underwater World with Us: Expert Training, Unforgettable Experiences, and a Commitment to Marine Protection. Subscribe Now: https:\/\/www.youtube.com\/&#064;BlackTurtleDive\/?sub_confirmation=1 ================================= #saddlebackclownfish #seaanemone #kohtao #marinelife #underwaterworld #diving \u26a0\ufe0fDISCLAIMER: We do not accept any liability for any loss or damage incurred from you acting or not acting as a result of watching any of our publications. You acknowledge that you use the information we provide at your own risk. Do your research. Copyright Notice: This video and our YouTube channel contain dialogue, music, and images that are the property of Black Turtle Dive. You are authorized to share the video link and channel and embed this video in your website or others as long as a link back to our YouTube channel is provided. \u00a9 Black Turtle Dive\"><meta itemprop=\"thumbnailUrl\" content=\"https:\/\/i.ytimg.com\/vi\/cmXQceka33k\/0.jpg\"><meta itemprop=\"duration\" content=\"PT49S\"><meta itemprop=\"uploadDate\" content=\"2021-01-11T10:21:11Z\"><\/span>\n<h3>Wo man Clownfische und Seeanemonen auf Koh Tao findet<\/h3>\n<p>Auf Koh Tao sind die h\u00e4ufigsten Clownfische der Sattel-Anemonen Clownfisch und der Pink-Skunk-Clownfisch.<\/p>\n<p>Pink-Skunk-Clownfische und ihre Anemonen findet man rund um Koh Tao, besonders auf Felsen und Felsnadeln.<\/p>\n<p><a href=\"https:\/\/www.blackturtledive.com\/koh-tao-dive-sites\/twins-pinnacle\/\">Twin Peaks<\/a>, <a href=\"https:\/\/www.blackturtledive.com\/koh-tao-dive-sites\/south-west-pinnacle\/\">Southwest Pinnacle<\/a> und <a href=\"https:\/\/www.blackturtledive.com\/koh-tao-dive-sites\/chumphon-pinnacle\/\">Chumphon Pinnacle<\/a> sind damit \u00fcbers\u00e4t.<\/p>\n<p>Der Sattel-Anemonen-Clownfisch bevorzugt ruhigere, sandige Bereiche und sucht Anemonen dort eher auf.<\/p>\n<p>Aow Leuk und <a href=\"https:\/\/www.blackturtledive.com\/koh-tao-dive-sites\/junkyard-reef\/\">Junkyard Reef<\/a> sind hierf\u00fcr geeigneter \u2014 und unser lokaler Koh Tao-Promi \u201eNemo\u201c lebt am Tauchplatz Twin Peaks.<\/p>\n<figure id=\"attachment_3267\" aria-describedby=\"caption-attachment-3267\" style=\"width: 1000px\" class=\"wp-caption alignnone\"><img decoding=\"async\" class=\"size-full wp-image-3267\" src=\"https:\/\/www.blackturtledive.com\/wp-content\/uploads\/2021\/01\/blackturtledive.com-saddleback-clownfish-koh-tao-thailand.jpg\" alt=\"Sattel-Anemonenclownfisch &amp; Seeanemonenfisch\" width=\"1000\" height=\"667\" srcset=\"https:\/\/www.blackturtledive.com\/wp-content\/uploads\/2021\/01\/blackturtledive.com-saddleback-clownfish-koh-tao-thailand.jpg 1000w, https:\/\/www.blackturtledive.com\/wp-content\/uploads\/2021\/01\/blackturtledive.com-saddleback-clownfish-koh-tao-thailand-300x200.jpg 300w, https:\/\/www.blackturtledive.com\/wp-content\/uploads\/2021\/01\/blackturtledive.com-saddleback-clownfish-koh-tao-thailand-768x512.jpg 768w, https:\/\/www.blackturtledive.com\/wp-content\/uploads\/2021\/01\/blackturtledive.com-saddleback-clownfish-koh-tao-thailand-150x100.jpg 150w\" sizes=\"(max-width: 1000px) 100vw, 1000px\" \/><figcaption id=\"caption-attachment-3267\" class=\"wp-caption-text\">Clownfisch &amp; Seeanemone<\/figcaption><\/figure>\n<h3>Wie man Clownfische und Seeanemonen erkennt<\/h3>\n<p>Pink-Skunk-Clownfische haben einen pfirsich-orangen K\u00f6rper mit einem kleinen wei\u00dfen Streifen hinter den Augen.<\/p>\n<p>Ein weiterer, etwas breiterer wei\u00dfer Streifen verl\u00e4uft vom Maul bis zur Schwanzflosse entlang des R\u00fcckens.<\/p>\n<p>Sattel-Anemonenclownfische sind orange-braun gef\u00e4rbt mit wei\u00dfen Flecken auf R\u00fccken, Sattel und Schwanzspitze; au\u00dferdem haben sie einen einzelnen wei\u00dfen Streifen von der Stirn zur Brust.<\/p>\n<h3><span style=\"color: #28d4ff;\">Der Saddleback\u2011Clownfisch ist orange\u2011braun gef\u00e4rbt<\/span><\/h3>\n<p>Seeanemonen gibt es in verschiedenen Gr\u00f6\u00dfen und Farben, sind aber leicht zu erkennen.<\/p>\n<p>Eng verwandt mit Quallen und Korallen sind sie stachelige Polypen.<\/p>\n<p>Der K\u00f6rper der <span style=\"color: #28d4ff;\">Seeanemone<\/span> besteht aus einer haftenden Fu\u00dfscheibe (Pedalplatte), mit der sie sich tats\u00e4chlich bewegen kann, und mit der sie sich an Felsen oder dem Meeresboden befestigt.<\/p>\n<p>Sie hat einen zylindrischen K\u00f6rper und zahlreiche mit Gift gef\u00fcllte Tentakel, die ihren Mund in der Mitte umgeben.<\/p>\n<h3>Merkmale &amp; Verhalten von Clownfisch und Seeanemone<\/h3>\n<p>Es gibt \u00fcber 1000 Anemonenarten und mehr als 25 Clownfischarten, doch nur wenige Formen bilden die gegenseitig vorteilhafte Beziehung der <span style=\"color: #28d4ff;\"><em>Symbiose<\/em><\/span>.<\/p>\n<p>Gl\u00fccklicherweise sind f\u00fcr <a href=\"https:\/\/www.blackturtledive.com\/padi-diving-courses\/\">Taucher<\/a> rund um Koh Tao sowohl der Sattel- als auch der Pink-Skunk-Clownfisch vertreten \u2014 beide gedeihen im warmen tropischen Meer hier.<\/p>\n<p>Tats\u00e4chlich sind sie so gut aufeinander abgestimmt, dass sie stark voneinander abh\u00e4ngig sind.<\/p>\n<h3><span style=\"color: #28d4ff;\">Symbiotische Beziehung<\/span><\/h3>\n<p>Clownfische werden mit einer dicken Schleimschicht geboren, die ihnen erlaubt, unbehelligt durch die Anemone zu schwimmen, ohne von deren Tentakeln gestochen zu werden.<\/p>\n<p>Dieses <span style=\"color: #28d4ff;\"><em>giftige Refugium<\/em><\/span> bietet dem Clownfisch Schutz vor Fressfeinden.<\/p>\n<p>Im Gegenzug wird die Seeanemone vom Clownfisch gereinigt und erh\u00e4lt N\u00e4hrstoffe aus den Futterresten des Clownfischs.<\/p>\n<h3>Interessante Fakten zu Clownfisch und Seeanemone<\/h3>\n<p>Einige Seeanemonen k\u00f6nnen stechende F\u00e4den (<span style=\"color: #28d4ff;\"><em>Nematocysten<\/em><\/span>) abfeuern, um Beute zu bet\u00e4uben.<\/p>\n<p>Manche Seeanemonen verschlingen ihre Beute ganz, andere k\u00f6nnen bis zu 50 Jahre alt werden.<\/p>\n<h3><span style=\"color: #28d4ff;\">Giftige Tentakel der Seeanemone<\/span><\/h3>\n<p>J\u00fcngere Studien zeigen, dass Clownfische der Seeanemone nachts beim Gasaustausch helfen.<\/p>\n<p>Seeanemonen k\u00f6nnen nur begrenzt eigenst\u00e4ndig die Wasserbewegung \u00fcber ihren K\u00f6rper erh\u00f6hen, um <span style=\"color: #28d4ff;\">Sauerstoff aufzunehmen<\/span>.<\/p>\n<p>Durch langsames \u00d6ffnen und Schlie\u00dfen bewegt der Clownfisch sich, sucht Platz und setzt dadurch das Tentakel der Anemone in Bewegung, was deren Sauerstoffzufuhr verbessert.<\/p>\n<figure id=\"attachment_3262\" aria-describedby=\"caption-attachment-3262\" style=\"width: 1000px\" class=\"wp-caption alignnone\"><img decoding=\"async\" class=\"size-full wp-image-3262\" src=\"https:\/\/www.blackturtledive.com\/wp-content\/uploads\/2021\/01\/blackturtledive.com-saddleback-clownfish-koh-tao.jpg\" alt=\"Sattel-Anemonenclownfisch &amp; Seeanemonenfisch mit Eiern\" width=\"1000\" height=\"750\" srcset=\"https:\/\/www.blackturtledive.com\/wp-content\/uploads\/2021\/01\/blackturtledive.com-saddleback-clownfish-koh-tao.jpg 1000w, https:\/\/www.blackturtledive.com\/wp-content\/uploads\/2021\/01\/blackturtledive.com-saddleback-clownfish-koh-tao-300x225.jpg 300w, https:\/\/www.blackturtledive.com\/wp-content\/uploads\/2021\/01\/blackturtledive.com-saddleback-clownfish-koh-tao-768x576.jpg 768w, https:\/\/www.blackturtledive.com\/wp-content\/uploads\/2021\/01\/blackturtledive.com-saddleback-clownfish-koh-tao-853x640.jpg 853w, https:\/\/www.blackturtledive.com\/wp-content\/uploads\/2021\/01\/blackturtledive.com-saddleback-clownfish-koh-tao-150x113.jpg 150w\" sizes=\"(max-width: 1000px) 100vw, 1000px\" \/><figcaption id=\"caption-attachment-3262\" class=\"wp-caption-text\">Sattel-Anemonenclownfisch &amp; Seeanemonenfisch mit Eiern<\/figcaption><\/figure>\n<p>[\/vc_column_text][\/vc_column][\/vc_row]<\/p>\n<\/div>","protected":false},"excerpt":{"rendered":"<p>Der Sattelr\u00fccken-Clownfisch und die Seeanemone sind an vielen Tauchpl\u00e4tzen auf Koh Tao anzutreffen und werden h\u00e4ufig beim Schnorcheln und Tauchen in der vielf\u00e4ltigen Meeresumgebung beobachtet.<\/p>\n","protected":false},"author":2,"featured_media":18191,"parent":18647,"menu_order":0,"comment_status":"closed","ping_status":"closed","template":"","meta":{"_acf_changed":false,"footnotes":""},"class_list":["post-18589","page","type-page","status-publish","has-post-thumbnail","hentry"],"acf":[],"yoast_head":"<!-- This site is optimized with the Yoast SEO Premium plugin v27.6 (Yoast SEO v27.6) - https:\/\/yoast.com\/product\/yoast-seo-premium-wordpress\/ -->\n<title>Saddleback Clownfish &amp; Sea Anemone Koh Tao | Black Turtle Dive<\/title>\n<meta name=\"description\" content=\"Der Sattelr\u00fccken-Clownfisch und die Seeanemone sind Meereslebewesen, die an vielen Tauchpl\u00e4tzen auf Koh Tao vorkommen und beim Schnorcheln und Tauchen beobachtet werden k\u00f6nnen.\" \/>\n<meta name=\"robots\" content=\"index, follow, max-snippet:-1, max-image-preview:large, max-video-preview:-1\" \/>\n<link rel=\"canonical\" href=\"https:\/\/www.blackturtledive.com\/de\/koh-tao-marine-life\/saddleback-clownfish-sea-anemone\/\" \/>\n<meta property=\"og:locale\" content=\"de_DE\" \/>\n<meta property=\"og:type\" content=\"article\" \/>\n<meta property=\"og:title\" content=\"Saddleback Clownfish &amp; Sea Anemone Koh Tao | Black Turtle Dive\" \/>\n<meta property=\"og:description\" content=\"Saddleback Clownfish &amp; the Sea Anemone are marine life that can be found at many of the dive sites on Koh Tao and can be seen while snorkeling and scuba diving\" \/>\n<meta property=\"og:url\" content=\"https:\/\/www.blackturtledive.com\/de\/koh-tao-marine-life\/saddleback-clownfish-sea-anemone\/\" \/>\n<meta property=\"og:site_name\" content=\"Black Turtle Dive Koh Tao\" \/>\n<meta property=\"article:publisher\" content=\"https:\/\/www.facebook.com\/blackturtledive\" \/>\n<meta property=\"article:modified_time\" content=\"2026-05-05T14:23:38+00:00\" \/>\n<meta property=\"og:image\" content=\"https:\/\/www.blackturtledive.com\/wp-content\/uploads\/2020\/11\/blackturtledive.com-best-padi-divemaster-course-koh-tao.jpg\" \/>\n\t<meta property=\"og:image:width\" content=\"1200\" \/>\n\t<meta property=\"og:image:height\" content=\"800\" \/>\n\t<meta property=\"og:image:type\" content=\"image\/jpeg\" \/>\n<meta name=\"twitter:card\" content=\"summary_large_image\" \/>\n<meta name=\"twitter:title\" content=\"Saddleback Clownfish &amp; Sea Anemone Koh Tao | Black Turtle Dive\" \/>\n<meta name=\"twitter:description\" content=\"Saddleback Clownfish &amp; the Sea Anemone are marine life that can be found at many of the dive sites on Koh Tao and can be seen while snorkeling and scuba diving\" \/>\n<meta name=\"twitter:image\" content=\"https:\/\/www.blackturtledive.com\/wp-content\/uploads\/2020\/11\/blackturtledive.com-best-padi-divemaster-course-koh-tao.jpg\" \/>\n<meta name=\"twitter:site\" content=\"@blackturtledive\" \/>\n<meta name=\"twitter:label1\" content=\"Gesch\u00e4tzte Lesezeit\" \/>\n\t<meta name=\"twitter:data1\" content=\"4\u00a0Minuten\" \/>\n<!-- \/ Yoast SEO Premium plugin. -->","yoast_head_json":{"title":"Saddleback Clownfish & Sea Anemone Koh Tao | Black Turtle Dive","description":"Der Sattelr\u00fccken-Clownfisch und die Seeanemone sind Meereslebewesen, die an vielen Tauchpl\u00e4tzen auf Koh Tao vorkommen und beim Schnorcheln und Tauchen beobachtet werden k\u00f6nnen.","robots":{"index":"index","follow":"follow","max-snippet":"max-snippet:-1","max-image-preview":"max-image-preview:large","max-video-preview":"max-video-preview:-1"},"canonical":"https:\/\/www.blackturtledive.com\/de\/koh-tao-marine-life\/saddleback-clownfish-sea-anemone\/","og_locale":"de_DE","og_type":"article","og_title":"Saddleback Clownfish & Sea Anemone Koh Tao | Black Turtle Dive","og_description":"Saddleback Clownfish & the Sea Anemone are marine life that can be found at many of the dive sites on Koh Tao and can be seen while snorkeling and scuba diving","og_url":"https:\/\/www.blackturtledive.com\/de\/koh-tao-marine-life\/saddleback-clownfish-sea-anemone\/","og_site_name":"Black Turtle Dive Koh Tao","article_publisher":"https:\/\/www.facebook.com\/blackturtledive","article_modified_time":"2026-05-05T14:23:38+00:00","og_image":[{"width":1200,"height":800,"url":"https:\/\/www.blackturtledive.com\/wp-content\/uploads\/2020\/11\/blackturtledive.com-best-padi-divemaster-course-koh-tao.jpg","type":"image\/jpeg"}],"twitter_card":"summary_large_image","twitter_title":"Saddleback Clownfish & Sea Anemone Koh Tao | Black Turtle Dive","twitter_description":"Saddleback Clownfish & the Sea Anemone are marine life that can be found at many of the dive sites on Koh Tao and can be seen while snorkeling and scuba diving","twitter_image":"https:\/\/www.blackturtledive.com\/wp-content\/uploads\/2020\/11\/blackturtledive.com-best-padi-divemaster-course-koh-tao.jpg","twitter_site":"@blackturtledive","twitter_misc":{"Gesch\u00e4tzte Lesezeit":"4\u00a0Minuten"},"schema":{"@context":"https:\/\/schema.org","@graph":[{"@type":"WebPage","@id":"https:\/\/www.blackturtledive.com\/de\/koh-tao-marine-life\/saddleback-clownfish-sea-anemone\/","url":"https:\/\/www.blackturtledive.com\/de\/koh-tao-marine-life\/saddleback-clownfish-sea-anemone\/","name":"Saddleback Clownfish & Sea Anemone Koh Tao | Black Turtle Dive","isPartOf":{"@id":"https:\/\/www.blackturtledive.com\/de\/#website"},"primaryImageOfPage":{"@id":"https:\/\/www.blackturtledive.com\/de\/koh-tao-marine-life\/saddleback-clownfish-sea-anemone\/#primaryimage"},"image":{"@id":"https:\/\/www.blackturtledive.com\/de\/koh-tao-marine-life\/saddleback-clownfish-sea-anemone\/#primaryimage"},"thumbnailUrl":"https:\/\/www.blackturtledive.com\/wp-content\/uploads\/2021\/01\/blackturtledive.com-saddleback-clownfish-koh-tao.jpg","datePublished":"2020-12-31T17:37:14+00:00","dateModified":"2026-05-05T14:23:38+00:00","description":"Der Sattelr\u00fccken-Clownfisch und die Seeanemone sind Meereslebewesen, die an vielen Tauchpl\u00e4tzen auf Koh Tao vorkommen und beim Schnorcheln und Tauchen beobachtet werden k\u00f6nnen.","breadcrumb":{"@id":"https:\/\/www.blackturtledive.com\/de\/koh-tao-marine-life\/saddleback-clownfish-sea-anemone\/#breadcrumb"},"inLanguage":"de","potentialAction":[{"@type":"ReadAction","target":["https:\/\/www.blackturtledive.com\/de\/koh-tao-marine-life\/saddleback-clownfish-sea-anemone\/"]}]},{"@type":"ImageObject","inLanguage":"de","@id":"https:\/\/www.blackturtledive.com\/de\/koh-tao-marine-life\/saddleback-clownfish-sea-anemone\/#primaryimage","url":"https:\/\/www.blackturtledive.com\/wp-content\/uploads\/2021\/01\/blackturtledive.com-saddleback-clownfish-koh-tao.jpg","contentUrl":"https:\/\/www.blackturtledive.com\/wp-content\/uploads\/2021\/01\/blackturtledive.com-saddleback-clownfish-koh-tao.jpg","width":1000,"height":750,"caption":"Saddleback Clownfish & Sea Anemonefish with Eggs"},{"@type":"BreadcrumbList","@id":"https:\/\/www.blackturtledive.com\/de\/koh-tao-marine-life\/saddleback-clownfish-sea-anemone\/#breadcrumb","itemListElement":[{"@type":"ListItem","position":1,"name":"Home","item":"https:\/\/www.blackturtledive.com\/de\/"},{"@type":"ListItem","position":2,"name":"Koh Tao Meeresleben","item":"https:\/\/www.blackturtledive.com\/de\/koh-tao-marine-life\/"},{"@type":"ListItem","position":3,"name":"Sattel\u2011Clownfisch &#038; Seeanemone"}]},{"@type":"WebSite","@id":"https:\/\/www.blackturtledive.com\/de\/#website","url":"https:\/\/www.blackturtledive.com\/de\/","name":"Black Turtle Dive Koh Tao","description":"Ocean Explorers | Marine Protectors","publisher":{"@id":"https:\/\/www.blackturtledive.com\/de\/#organization"},"alternateName":"Black Turtle Dive in Thailand","potentialAction":[{"@type":"SearchAction","target":{"@type":"EntryPoint","urlTemplate":"https:\/\/www.blackturtledive.com\/de\/?s={search_term_string}"},"query-input":{"@type":"PropertyValueSpecification","valueRequired":true,"valueName":"search_term_string"}}],"inLanguage":"de"},{"@type":"Organization","@id":"https:\/\/www.blackturtledive.com\/de\/#organization","name":"Black Turtle Dive Koh Tao","alternateName":"Black Turtle Dive","url":"https:\/\/www.blackturtledive.com\/de\/","logo":{"@type":"ImageObject","inLanguage":"de","@id":"https:\/\/www.blackturtledive.com\/de\/#\/schema\/logo\/image\/","url":"https:\/\/www.blackturtledive.com\/wp-content\/uploads\/2020\/11\/cropped-blackturtledive.com-brand-logo.png","contentUrl":"https:\/\/www.blackturtledive.com\/wp-content\/uploads\/2020\/11\/cropped-blackturtledive.com-brand-logo.png","width":400,"height":400,"caption":"Black Turtle Dive Koh Tao"},"image":{"@id":"https:\/\/www.blackturtledive.com\/de\/#\/schema\/logo\/image\/"},"sameAs":["https:\/\/www.facebook.com\/blackturtledive","https:\/\/x.com\/blackturtledive","https:\/\/www.instagram.com\/blackturtledive\/","https:\/\/www.youtube.com\/blackturtledive","https:\/\/www.linkedin.com\/company\/blackturtledive\/","https:\/\/www.tumblr.com\/blackturtledive","https:\/\/www.pinterest.com\/blackturtledive\/","https:\/\/www.tiktok.com\/@blackturtledive","https:\/\/www.reddit.com\/user\/blackturtledive\/"],"description":"Black Turtle Dive is a modern and innovative 5 Star Career Development Scuba Diving Center, passionate about the ocean and through training we want to empower you to become a competent and confident scuba diver. Our diving courses equip you with the skills, knowledge and awareness necessary to explore the ocean safely, whilst becoming a passionate advocate and protector of the marine environment. If you have never dived before or are a certified diver and want to develop your skills further, our tailored, bespoke courses and programs will inspire you to become an Ocean advocate. Our scientific based Marine Conservation Internships and training programs, offer aspiring scuba divers and marine conservationists, the best marine conservation internships on Koh Tao. We currently offer students six levels of Marine Conservation Internships at our beachside location on Koh Tao in Thailand. Check out our website for more information.","email":"info@blackturtledive.com","telephone":"089 592 2134","legalName":"Black Turtle Dive Co Ltd","foundingDate":"2020-01-01","publishingPrinciples":"https:\/\/www.blackturtledive.com\/terms\/","ownershipFundingInfo":"https:\/\/www.blackturtledive.com\/terms\/","actionableFeedbackPolicy":"https:\/\/www.blackturtledive.com\/privacy-policy\/","correctionsPolicy":"https:\/\/www.blackturtledive.com\/privacy-policy\/","ethicsPolicy":"https:\/\/www.blackturtledive.com\/privacy-policy\/","diversityPolicy":"https:\/\/www.blackturtledive.com\/privacy-policy\/"}]}},"_links":{"self":[{"href":"https:\/\/www.blackturtledive.com\/de\/wp-json\/wp\/v2\/pages\/18589","targetHints":{"allow":["GET"]}}],"collection":[{"href":"https:\/\/www.blackturtledive.com\/de\/wp-json\/wp\/v2\/pages"}],"about":[{"href":"https:\/\/www.blackturtledive.com\/de\/wp-json\/wp\/v2\/types\/page"}],"author":[{"embeddable":true,"href":"https:\/\/www.blackturtledive.com\/de\/wp-json\/wp\/v2\/users\/2"}],"replies":[{"embeddable":true,"href":"https:\/\/www.blackturtledive.com\/de\/wp-json\/wp\/v2\/comments?post=18589"}],"version-history":[{"count":1,"href":"https:\/\/www.blackturtledive.com\/de\/wp-json\/wp\/v2\/pages\/18589\/revisions"}],"predecessor-version":[{"id":70839,"href":"https:\/\/www.blackturtledive.com\/de\/wp-json\/wp\/v2\/pages\/18589\/revisions\/70839"}],"up":[{"embeddable":true,"href":"https:\/\/www.blackturtledive.com\/de\/wp-json\/wp\/v2\/pages\/18647"}],"wp:featuredmedia":[{"embeddable":true,"href":"https:\/\/www.blackturtledive.com\/de\/wp-json\/wp\/v2\/media\/18191"}],"wp:attachment":[{"href":"https:\/\/www.blackturtledive.com\/de\/wp-json\/wp\/v2\/media?parent=18589"}],"curies":[{"name":"wp","href":"https:\/\/api.w.org\/{rel}","templated":true}]}}