{"id":18590,"date":"2021-01-01T00:34:39","date_gmt":"2020-12-31T17:34:39","guid":{"rendered":"https:\/\/www.blackturtledive.com\/chevron-barracuda\/"},"modified":"2026-05-05T21:23:39","modified_gmt":"2026-05-05T14:23:39","slug":"chevron-barracuda","status":"publish","type":"page","link":"https:\/\/www.blackturtledive.com\/de\/koh-tao-marine-life\/chevron-barracuda\/","title":{"rendered":"Chevron\u2011Barrakuda"},"content":{"rendered":"<div class=\"wpb-content-wrapper\"><p>[vc_row][vc_column][vc_column_text css=&#8220;&#8220;]Der Chevron\u2011Barrakuda (Sphyraena qenie) ist ein in Schulen auftretender R\u00e4uber, erkennbar an den dunklen, V\u2011f\u00f6rmigen Chevron\u2011Zeichnungen entlang seines silbernen K\u00f6rpers.<\/p>\n<p>Im Gegensatz zum einzelg\u00e4ngerischen Gro\u00dfen Barrakuda bilden diese Fische massive, wirbelnde Schw\u00e4rme an offshore Pinnakeln und nutzen die kollektive Bewegung der Schule, um sowohl R\u00e4uber als auch Beute zu verwirren.<\/p>\n<p>Eine Begegnung mit einer Barrakudaschule bei Chumphon Pinnacle oder Sail Rock z\u00e4hlt zu den cineastischsten Erlebnissen auf Koh Tao; sie sind besonders aktiv in str\u00f6mungsreichen Bereichen, in denen Sauerstoff und N\u00e4hrstoffe reichlich vorhanden sind.<\/p>\n<h3><span style=\"color: #28d4ff;\">Alles \u00fcber die Chevron-Barrakuda auf Koh Tao<\/span><\/h3>\n<p>Chevron-Barrakudas sind in ihrem nat\u00fcrlichen Lebensraum immer ein Genuss zu beobachten, besonders wenn sie in tausender Scharen schw\u00e4rmen.<\/p>\n<p>Gro\u00dfe Schulen k\u00f6nnen wie ein Tornado aussehen \u2014 gute Nachrichten f\u00fcr <a href=\"https:\/\/www.blackturtledive.com\/padi-diving-courses\/\">Taucher<\/a>, denn Chevron-Barrakudas sind eine der am h\u00e4ufigsten beobachteten Barrakuda-Arten rund um <a href=\"https:\/\/www.blackturtledive.com\/koh-tao\/\">Koh Tao<\/a>.<\/p>\n<figure id=\"attachment_3236\" aria-describedby=\"caption-attachment-3236\" style=\"width: 1000px\" class=\"wp-caption alignnone\"><img decoding=\"async\" class=\"size-full wp-image-3236\" src=\"https:\/\/www.blackturtledive.com\/wp-content\/uploads\/2021\/01\/blackturtledive.com-chevron-barracuda-koh-tao.jpg\" alt=\"Schule von Chevron-Barrakudas Koh Tao\" width=\"1000\" height=\"667\" srcset=\"https:\/\/www.blackturtledive.com\/wp-content\/uploads\/2021\/01\/blackturtledive.com-chevron-barracuda-koh-tao.jpg 1000w, https:\/\/www.blackturtledive.com\/wp-content\/uploads\/2021\/01\/blackturtledive.com-chevron-barracuda-koh-tao-300x200.jpg 300w, https:\/\/www.blackturtledive.com\/wp-content\/uploads\/2021\/01\/blackturtledive.com-chevron-barracuda-koh-tao-768x512.jpg 768w, https:\/\/www.blackturtledive.com\/wp-content\/uploads\/2021\/01\/blackturtledive.com-chevron-barracuda-koh-tao-150x100.jpg 150w\" sizes=\"(max-width: 1000px) 100vw, 1000px\" \/><figcaption id=\"caption-attachment-3236\" class=\"wp-caption-text\">Schule von Chevron-Barrakudas Koh Tao<\/figcaption><\/figure>\n<h3>Wo man die Chevron-Barrakuda auf Koh Tao findet<\/h3>\n<p>Chevron-Barrakudas sind an vielen <a href=\"https:\/\/www.blackturtledive.com\/koh-tao-dive-sites\/\">Schnorchel- und Tauchpl\u00e4tzen<\/a> rund um Koh Tao anzutreffen.<\/p>\n<p>Die besten Orte, um sie in gro\u00dfer Zahl zu sehen, sind Twin Peaks, <a href=\"https:\/\/www.blackturtledive.com\/koh-tao-dive-sites\/sail-rock\/\">Sail Rock<\/a> Pinnacle, <a href=\"https:\/\/www.blackturtledive.com\/koh-tao-dive-sites\/south-west-pinnacle\/\">Southwest Pinnacle<\/a> und <a href=\"https:\/\/www.blackturtledive.com\/koh-tao-dive-sites\/chumphon-pinnacle\/\">Chumphon Pinnacle<\/a>.<\/p>\n<h3><span style=\"color: #28d4ff;\">Wie man die Chevron-Barrakuda erkennt<\/span><\/h3>\n<p>Mit einer durchschnittlichen L\u00e4nge von 30\u201360 cm lassen sich Chevron-Barrakudas an etwa zwanzig (20) dunklen, chevron f\u00f6rmigen Markierungen entlang der K\u00f6rperseite erkennen.<\/p>\n<p>Die Markierungen reichen bis zur Schwanzflosse, die einen schwarzen Rand hat, was sie zu einer der leichtesten Barrakuda-Arten zur Identifikation macht.<\/p>\n<p>Wie <a href=\"https:\/\/www.blackturtledive.com\/koh-tao-marine-life\/\">alle Barrakudas<\/a> haben sie auff\u00e4llige, rasiermesserscharfe Z\u00e4hne; aus der N\u00e4he erkennt man einen leichten Unterbiss.<\/p>\n<h3>Rasiermesserscharfe Z\u00e4hne<\/h3>\n<p>Der K\u00f6rper ist meist dunkelblau und kann beim Schwimmen gr\u00fcnliche und graue Schimmer zeigen.<\/p>\n<p>Da sie etwas kleiner sind als manche andere Barrakuda-Arten, haben sie einige nat\u00fcrliche Fressfeinde.<\/p>\n<p>Aus diesem Grund suchen Chevron-Barrakudas h\u00e4ufig Schutz in der Gruppe und sind \u00f6fter in Schulen zu sehen als andere Barrakudas.<\/p>\n<p>Das Bild gro\u00dfer, tornado artiger Schulen macht es f\u00fcr Raubtiere schwieriger, ein einzelnes Tier auszuw\u00e4hlen.<\/p>\n<figure id=\"attachment_3241\" aria-describedby=\"caption-attachment-3241\" style=\"width: 1200px\" class=\"wp-caption alignnone\"><img decoding=\"async\" class=\"size-full wp-image-3241\" src=\"https:\/\/www.blackturtledive.com\/wp-content\/uploads\/2021\/01\/blackturtledive.com-chevron-barracuda-koh-tao-thailand.jpg\" alt=\"Chevron-Barrakuda Fisch Koh Tao\" width=\"1200\" height=\"506\" srcset=\"https:\/\/www.blackturtledive.com\/wp-content\/uploads\/2021\/01\/blackturtledive.com-chevron-barracuda-koh-tao-thailand.jpg 1200w, https:\/\/www.blackturtledive.com\/wp-content\/uploads\/2021\/01\/blackturtledive.com-chevron-barracuda-koh-tao-thailand-300x127.jpg 300w, https:\/\/www.blackturtledive.com\/wp-content\/uploads\/2021\/01\/blackturtledive.com-chevron-barracuda-koh-tao-thailand-1024x432.jpg 1024w, https:\/\/www.blackturtledive.com\/wp-content\/uploads\/2021\/01\/blackturtledive.com-chevron-barracuda-koh-tao-thailand-768x324.jpg 768w, https:\/\/www.blackturtledive.com\/wp-content\/uploads\/2021\/01\/blackturtledive.com-chevron-barracuda-koh-tao-thailand-150x63.jpg 150w\" sizes=\"(max-width: 1200px) 100vw, 1200px\" \/><figcaption id=\"caption-attachment-3241\" class=\"wp-caption-text\">Chevron-Barrakuda Fisch Koh Tao<\/figcaption><\/figure>\n<h3><span style=\"color: #28d4ff;\">Merkmale &amp; Verhalten der Chevron-Barrakuda<\/span><\/h3>\n<p>Mit so vielen Augenpaaren auf der Hut k\u00f6nnen sie einander vor nahenden R\u00e4ubern warnen, was entscheidend f\u00fcr ihr \u00dcberleben sein kann.<\/p>\n<p>Neu geschl\u00fcpfte Chevron-Barrakudas bleiben in flacheren Gew\u00e4ssern, die durch Vegetation Schutz und eine konstante Nahrungsquelle bieten, bis sie gro\u00df genug sind, ins offene Wasser zu ziehen.<\/p>\n<p>Man nimmt an, dass Barrakudas bis zu f\u00fcnfzehn (15) Jahre alt werden; das Alter l\u00e4sst sich an den Ringen ihrer Schuppen ablesen.<\/p>\n<h3>Angezogen von gl\u00e4nzenden Objekten<\/h3>\n<p>Sie werden stark von gl\u00e4nzenden Objekten angezogen und jagen h\u00e4ufig silber- oder goldfarben schimmernde Fischarten.<\/p>\n<p>Bei Nachttauchg\u00e4ngen nutzt man oft Mondlicht oder Lampenlicht, das auf kleine Fische reflektiert wird, um damit zu jagen.<\/p>\n<h3><span style=\"color: #28d4ff;\">Interessante Fakten zur Chevron-Barrakuda<\/span><\/h3>\n<p>Chevron-Barrakudas k\u00f6nnen in kurzen Sprints Geschwindigkeiten von bis zu 25 Meilen pro Stunde (\u2248 40 km\/h) erreichen, was ihnen beim Jagen und der Flucht vor R\u00e4ubern einen Vorteil verschafft.<\/p>\n<p>Forschungen legen nahe, dass Chevron-Barrakudas seit \u00fcber 50 Millionen Jahren existieren und sich zu hochintelligenten Fischen entwickelt haben.<\/p>\n<p>Leider sind Menschen die gr\u00f6\u00dfte Bedrohung: In einigen Regionen hat \u00dcberfischung, da sie als Sportfische gelten, zu Bestandsr\u00fcckg\u00e4ngen gef\u00fchrt.[\/vc_column_text][\/vc_column][\/vc_row]<\/p>\n<\/div>","protected":false},"excerpt":{"rendered":"<p>Chevron-Barrakudas lassen sich beim Schnorcheln und Tauchen an vielen Tauchpl\u00e4tzen rund um Koh Tao beobachten, und oft sieht man sie in gro\u00dfen Schw\u00e4rmen.<\/p>\n","protected":false},"author":2,"featured_media":18188,"parent":18647,"menu_order":0,"comment_status":"closed","ping_status":"closed","template":"","meta":{"_acf_changed":false,"footnotes":""},"class_list":["post-18590","page","type-page","status-publish","has-post-thumbnail","hentry"],"acf":[],"yoast_head":"<!-- This site is optimized with the Yoast SEO Premium plugin v27.6 (Yoast SEO v27.6) - https:\/\/yoast.com\/product\/yoast-seo-premium-wordpress\/ -->\n<title>Chevron Barracuda in Koh Tao | Black Turtle Dive<\/title>\n<meta name=\"description\" content=\"Chevron-Barrakudas lassen sich beim Schnorcheln und Tauchen an vielen Tauchpl\u00e4tzen rund um Koh Tao beobachten, und oft sieht man sie in gro\u00dfen Schw\u00e4rmen.\" \/>\n<meta name=\"robots\" content=\"index, follow, max-snippet:-1, max-image-preview:large, max-video-preview:-1\" \/>\n<link rel=\"canonical\" href=\"https:\/\/www.blackturtledive.com\/de\/koh-tao-marine-life\/chevron-barracuda\/\" \/>\n<meta property=\"og:locale\" content=\"de_DE\" \/>\n<meta property=\"og:type\" content=\"article\" \/>\n<meta property=\"og:title\" content=\"Chevron Barracuda Koh Tao | Black Turtle Dive\" \/>\n<meta property=\"og:description\" content=\"Chevron Barracuda can be seen at a wide range of dive sites whilst snorkeling and diving on Koh Tao and quite often they are seen schooling in huge numbers\" \/>\n<meta property=\"og:url\" content=\"https:\/\/www.blackturtledive.com\/de\/koh-tao-marine-life\/chevron-barracuda\/\" \/>\n<meta property=\"og:site_name\" content=\"Black Turtle Dive Koh Tao\" \/>\n<meta property=\"article:publisher\" content=\"https:\/\/www.facebook.com\/blackturtledive\" \/>\n<meta property=\"article:modified_time\" content=\"2026-05-05T14:23:39+00:00\" \/>\n<meta property=\"og:image\" content=\"https:\/\/www.blackturtledive.com\/wp-content\/uploads\/2020\/11\/blackturtledive.com-best-padi-divemaster-course-koh-tao.jpg\" \/>\n\t<meta property=\"og:image:width\" content=\"1200\" \/>\n\t<meta property=\"og:image:height\" content=\"800\" \/>\n\t<meta property=\"og:image:type\" content=\"image\/jpeg\" \/>\n<meta name=\"twitter:card\" content=\"summary_large_image\" \/>\n<meta name=\"twitter:title\" content=\"Chevron Barracuda Koh Tao | Black Turtle Dive\" \/>\n<meta name=\"twitter:description\" content=\"Chevron Barracuda can be seen at a wide range of dive sites whilst snorkeling and diving on Koh Tao and quite often they are seen schooling in huge numbers\" \/>\n<meta name=\"twitter:image\" content=\"https:\/\/www.blackturtledive.com\/wp-content\/uploads\/2020\/11\/blackturtledive.com-best-padi-divemaster-course-koh-tao.jpg\" \/>\n<meta name=\"twitter:site\" content=\"@blackturtledive\" \/>\n<meta name=\"twitter:label1\" content=\"Gesch\u00e4tzte Lesezeit\" \/>\n\t<meta name=\"twitter:data1\" content=\"3\u00a0Minuten\" \/>\n<!-- \/ Yoast SEO Premium plugin. -->","yoast_head_json":{"title":"Chevron Barracuda in Koh Tao | Black Turtle Dive","description":"Chevron-Barrakudas lassen sich beim Schnorcheln und Tauchen an vielen Tauchpl\u00e4tzen rund um Koh Tao beobachten, und oft sieht man sie in gro\u00dfen Schw\u00e4rmen.","robots":{"index":"index","follow":"follow","max-snippet":"max-snippet:-1","max-image-preview":"max-image-preview:large","max-video-preview":"max-video-preview:-1"},"canonical":"https:\/\/www.blackturtledive.com\/de\/koh-tao-marine-life\/chevron-barracuda\/","og_locale":"de_DE","og_type":"article","og_title":"Chevron Barracuda Koh Tao | Black Turtle Dive","og_description":"Chevron Barracuda can be seen at a wide range of dive sites whilst snorkeling and diving on Koh Tao and quite often they are seen schooling in huge numbers","og_url":"https:\/\/www.blackturtledive.com\/de\/koh-tao-marine-life\/chevron-barracuda\/","og_site_name":"Black Turtle Dive Koh Tao","article_publisher":"https:\/\/www.facebook.com\/blackturtledive","article_modified_time":"2026-05-05T14:23:39+00:00","og_image":[{"width":1200,"height":800,"url":"https:\/\/www.blackturtledive.com\/wp-content\/uploads\/2020\/11\/blackturtledive.com-best-padi-divemaster-course-koh-tao.jpg","type":"image\/jpeg"}],"twitter_card":"summary_large_image","twitter_title":"Chevron Barracuda Koh Tao | Black Turtle Dive","twitter_description":"Chevron Barracuda can be seen at a wide range of dive sites whilst snorkeling and diving on Koh Tao and quite often they are seen schooling in huge numbers","twitter_image":"https:\/\/www.blackturtledive.com\/wp-content\/uploads\/2020\/11\/blackturtledive.com-best-padi-divemaster-course-koh-tao.jpg","twitter_site":"@blackturtledive","twitter_misc":{"Gesch\u00e4tzte Lesezeit":"3\u00a0Minuten"},"schema":{"@context":"https:\/\/schema.org","@graph":[{"@type":"WebPage","@id":"https:\/\/www.blackturtledive.com\/de\/koh-tao-marine-life\/chevron-barracuda\/","url":"https:\/\/www.blackturtledive.com\/de\/koh-tao-marine-life\/chevron-barracuda\/","name":"Chevron Barracuda in Koh Tao | Black Turtle Dive","isPartOf":{"@id":"https:\/\/www.blackturtledive.com\/de\/#website"},"primaryImageOfPage":{"@id":"https:\/\/www.blackturtledive.com\/de\/koh-tao-marine-life\/chevron-barracuda\/#primaryimage"},"image":{"@id":"https:\/\/www.blackturtledive.com\/de\/koh-tao-marine-life\/chevron-barracuda\/#primaryimage"},"thumbnailUrl":"https:\/\/www.blackturtledive.com\/wp-content\/uploads\/2021\/01\/blackturtledive.com-chevron-barracuda-koh-tao.jpg","datePublished":"2020-12-31T17:34:39+00:00","dateModified":"2026-05-05T14:23:39+00:00","description":"Chevron-Barrakudas lassen sich beim Schnorcheln und Tauchen an vielen Tauchpl\u00e4tzen rund um Koh Tao beobachten, und oft sieht man sie in gro\u00dfen Schw\u00e4rmen.","breadcrumb":{"@id":"https:\/\/www.blackturtledive.com\/de\/koh-tao-marine-life\/chevron-barracuda\/#breadcrumb"},"inLanguage":"de","potentialAction":[{"@type":"ReadAction","target":["https:\/\/www.blackturtledive.com\/de\/koh-tao-marine-life\/chevron-barracuda\/"]}]},{"@type":"ImageObject","inLanguage":"de","@id":"https:\/\/www.blackturtledive.com\/de\/koh-tao-marine-life\/chevron-barracuda\/#primaryimage","url":"https:\/\/www.blackturtledive.com\/wp-content\/uploads\/2021\/01\/blackturtledive.com-chevron-barracuda-koh-tao.jpg","contentUrl":"https:\/\/www.blackturtledive.com\/wp-content\/uploads\/2021\/01\/blackturtledive.com-chevron-barracuda-koh-tao.jpg","width":1000,"height":667,"caption":"School of Chevron Barracuda Koh Tao"},{"@type":"BreadcrumbList","@id":"https:\/\/www.blackturtledive.com\/de\/koh-tao-marine-life\/chevron-barracuda\/#breadcrumb","itemListElement":[{"@type":"ListItem","position":1,"name":"Home","item":"https:\/\/www.blackturtledive.com\/de\/"},{"@type":"ListItem","position":2,"name":"Koh Tao Meeresleben","item":"https:\/\/www.blackturtledive.com\/de\/koh-tao-marine-life\/"},{"@type":"ListItem","position":3,"name":"Chevron\u2011Barrakuda"}]},{"@type":"WebSite","@id":"https:\/\/www.blackturtledive.com\/de\/#website","url":"https:\/\/www.blackturtledive.com\/de\/","name":"Black Turtle Dive Koh Tao","description":"Ocean Explorers | Marine Protectors","publisher":{"@id":"https:\/\/www.blackturtledive.com\/de\/#organization"},"alternateName":"Black Turtle Dive in Thailand","potentialAction":[{"@type":"SearchAction","target":{"@type":"EntryPoint","urlTemplate":"https:\/\/www.blackturtledive.com\/de\/?s={search_term_string}"},"query-input":{"@type":"PropertyValueSpecification","valueRequired":true,"valueName":"search_term_string"}}],"inLanguage":"de"},{"@type":"Organization","@id":"https:\/\/www.blackturtledive.com\/de\/#organization","name":"Black Turtle Dive Koh Tao","alternateName":"Black Turtle Dive","url":"https:\/\/www.blackturtledive.com\/de\/","logo":{"@type":"ImageObject","inLanguage":"de","@id":"https:\/\/www.blackturtledive.com\/de\/#\/schema\/logo\/image\/","url":"https:\/\/www.blackturtledive.com\/wp-content\/uploads\/2020\/11\/cropped-blackturtledive.com-brand-logo.png","contentUrl":"https:\/\/www.blackturtledive.com\/wp-content\/uploads\/2020\/11\/cropped-blackturtledive.com-brand-logo.png","width":400,"height":400,"caption":"Black Turtle Dive Koh Tao"},"image":{"@id":"https:\/\/www.blackturtledive.com\/de\/#\/schema\/logo\/image\/"},"sameAs":["https:\/\/www.facebook.com\/blackturtledive","https:\/\/x.com\/blackturtledive","https:\/\/www.instagram.com\/blackturtledive\/","https:\/\/www.youtube.com\/blackturtledive","https:\/\/www.linkedin.com\/company\/blackturtledive\/","https:\/\/www.tumblr.com\/blackturtledive","https:\/\/www.pinterest.com\/blackturtledive\/","https:\/\/www.tiktok.com\/@blackturtledive","https:\/\/www.reddit.com\/user\/blackturtledive\/"],"description":"Black Turtle Dive is a modern and innovative 5 Star Career Development Scuba Diving Center, passionate about the ocean and through training we want to empower you to become a competent and confident scuba diver. Our diving courses equip you with the skills, knowledge and awareness necessary to explore the ocean safely, whilst becoming a passionate advocate and protector of the marine environment. If you have never dived before or are a certified diver and want to develop your skills further, our tailored, bespoke courses and programs will inspire you to become an Ocean advocate. Our scientific based Marine Conservation Internships and training programs, offer aspiring scuba divers and marine conservationists, the best marine conservation internships on Koh Tao. We currently offer students six levels of Marine Conservation Internships at our beachside location on Koh Tao in Thailand. Check out our website for more information.","email":"info@blackturtledive.com","telephone":"089 592 2134","legalName":"Black Turtle Dive Co Ltd","foundingDate":"2020-01-01","publishingPrinciples":"https:\/\/www.blackturtledive.com\/terms\/","ownershipFundingInfo":"https:\/\/www.blackturtledive.com\/terms\/","actionableFeedbackPolicy":"https:\/\/www.blackturtledive.com\/privacy-policy\/","correctionsPolicy":"https:\/\/www.blackturtledive.com\/privacy-policy\/","ethicsPolicy":"https:\/\/www.blackturtledive.com\/privacy-policy\/","diversityPolicy":"https:\/\/www.blackturtledive.com\/privacy-policy\/"}]}},"_links":{"self":[{"href":"https:\/\/www.blackturtledive.com\/de\/wp-json\/wp\/v2\/pages\/18590","targetHints":{"allow":["GET"]}}],"collection":[{"href":"https:\/\/www.blackturtledive.com\/de\/wp-json\/wp\/v2\/pages"}],"about":[{"href":"https:\/\/www.blackturtledive.com\/de\/wp-json\/wp\/v2\/types\/page"}],"author":[{"embeddable":true,"href":"https:\/\/www.blackturtledive.com\/de\/wp-json\/wp\/v2\/users\/2"}],"replies":[{"embeddable":true,"href":"https:\/\/www.blackturtledive.com\/de\/wp-json\/wp\/v2\/comments?post=18590"}],"version-history":[{"count":1,"href":"https:\/\/www.blackturtledive.com\/de\/wp-json\/wp\/v2\/pages\/18590\/revisions"}],"predecessor-version":[{"id":70840,"href":"https:\/\/www.blackturtledive.com\/de\/wp-json\/wp\/v2\/pages\/18590\/revisions\/70840"}],"up":[{"embeddable":true,"href":"https:\/\/www.blackturtledive.com\/de\/wp-json\/wp\/v2\/pages\/18647"}],"wp:featuredmedia":[{"embeddable":true,"href":"https:\/\/www.blackturtledive.com\/de\/wp-json\/wp\/v2\/media\/18188"}],"wp:attachment":[{"href":"https:\/\/www.blackturtledive.com\/de\/wp-json\/wp\/v2\/media?parent=18590"}],"curies":[{"name":"wp","href":"https:\/\/api.w.org\/{rel}","templated":true}]}}