{"id":18592,"date":"2021-01-01T00:30:04","date_gmt":"2020-12-31T17:30:04","guid":{"rendered":"https:\/\/www.blackturtledive.com\/brown-marbled-grouper\/"},"modified":"2026-05-05T21:23:41","modified_gmt":"2026-05-05T14:23:41","slug":"brown-marbled-grouper","status":"publish","type":"page","link":"https:\/\/www.blackturtledive.com\/de\/koh-tao-marine-life\/brown-marbled-grouper\/","title":{"rendered":"Braun marmorierter Zackenbarsch"},"content":{"rendered":"<div class=\"wpb-content-wrapper\"><p>[vc_row][vc_column][vc_column_text css=&#8220;&#8220;]Der Braunmarmorierte Zackenbarsch (Epinephelus fuscoguttatus), auch Teppich-Zackenbarsch genannt, ist ein massiver Riff-R\u00e4uber mit kr\u00e4ftigem, tarnmusterigem K\u00f6rper.<\/p>\n<p>Diese einzelg\u00e4ngerischen Riesen bevorzugen tiefe Riffh\u00e4nge und Schiffswracks, wo sie als Spitzenpr\u00e4datoren das Gleichgewicht der Fischpopulationen erhalten.<\/p>\n<p>H\u00e4ufig an Pl\u00e4tzen wie der HTMS Sattakut oder Sail Rock anzutreffen, machen ihre schiere Gr\u00f6\u00dfe und ihr ruhiges Verhalten sie zu idealen Motiven f\u00fcr Taucher, die die Grundlagen der Unterwasserfotografie und der Beobachtung von Meeresleben erlernen.<\/p>\n<h3><span style=\"color: #28d4ff;\">Alles \u00fcber den Braun marmorierten Zackenbarsch auf Koh Tao<\/span><\/h3>\n<p>Der Braun marmorierte Zackenbarsch (<em><span style=\"color: #28d4ff;\">Epinephelus fuscoguttatus<\/span>)<\/em>, manchmal Tigerzackenbarsch genannt, ist ein mittelgro\u00dfer Fisch, der an <a href=\"https:\/\/www.blackturtledive.com\/conservation\/marine-conservation-courses\/coral-watch-specialty\/\">Korallenriffen<\/a> und felsigen Pinnacles lebt.<\/p>\n<p>Da er in Bodenn\u00e4he lebt, gilt der braun marmorierte Zackenbarsch als benthisches <a href=\"https:\/\/www.blackturtledive.com\/koh-tao-marine-life\/\">Meereslebewesen<\/a>.<\/p>\n<p>Der Braun marmorierte Zackenbarsch ist ein relativ h\u00e4ufiger Anblick f\u00fcr <a href=\"https:\/\/www.blackturtledive.com\/padi-diving-courses\/\">Taucher<\/a> in den warmen Gew\u00e4ssern um <a href=\"https:\/\/www.blackturtledive.com\/koh-tao\/\">Koh Tao<\/a> und wurde bei <a href=\"https:\/\/www.blackturtledive.com\/padi-specialty-courses\/\">Nachttauchg\u00e4ngen<\/a> beobachtet, wie er das Licht der Taucher Lampen zum Jagen nutzt.<\/p>\n<div  data-ep-a=\"fadeIn\"  id=\"_ytid_36874\"  width=\"640\" height=\"360\"  data-origwidth=\"640\" data-origheight=\"360\"  data-relstop=\"1\" data-facadesrc=\"https:\/\/www.youtube.com\/embed\/7uPcpWrgyD0?enablejsapi=1&origin=https:\/\/www.blackturtledive.com&autoplay=0&cc_load_policy=0&cc_lang_pref=&iv_load_policy=1&loop=0&rel=0&fs=1&playsinline=0&autohide=2&theme=dark&color=red&controls=1&disablekb=0&\" class=\"__youtube_prefs__ epyt-facade  no-lazyload\" data-epautoplay=\"1\" ><img decoding=\"async\" data-spai-excluded=\"true\" class=\"epyt-facade-poster skip-lazy\" loading=\"lazy\"  alt=\"Spotting The Brown Marbled Grouper: A Diver&#039;s Guide In Koh Tao | BlackTurtleDive.com\"  src=\"https:\/\/i.ytimg.com\/vi\/7uPcpWrgyD0\/maxresdefault.jpg\"  \/><button class=\"epyt-facade-play\" aria-label=\"Play\"><svg data-no-lazy=\"1\" height=\"100%\" version=\"1.1\" viewBox=\"0 0 68 48\" width=\"100%\"><path class=\"ytp-large-play-button-bg\" d=\"M66.52,7.74c-0.78-2.93-2.49-5.41-5.42-6.19C55.79,.13,34,0,34,0S12.21,.13,6.9,1.55 C3.97,2.33,2.27,4.81,1.48,7.74C0.06,13.05,0,24,0,24s0.06,10.95,1.48,16.26c0.78,2.93,2.49,5.41,5.42,6.19 C12.21,47.87,34,48,34,48s21.79-0.13,27.1-1.55c2.93-0.78,4.64-3.26,5.42-6.19C67.94,34.95,68,24,68,24S67.94,13.05,66.52,7.74z\" fill=\"#f00\"><\/path><path d=\"M 45,24 27,14 27,34\" fill=\"#fff\"><\/path><\/svg><\/button><\/div><span itemprop=\"video\" itemscope itemtype=\"http:\/\/schema.org\/VideoObject\"><meta itemprop=\"embedUrl\" content=\"https:\/\/www.youtube.com\/embed\/7uPcpWrgyD0\"><meta itemprop=\"name\" content=\"Spotting The Brown Marbled Grouper: A Diver&#039;s Guide In Koh Tao | BlackTurtleDive.com\"><meta itemprop=\"description\" content=\"Join us on a mesmerizing dive in Koh Tao, Thailand, as we explore the captivating world of the Brown Marbled Grouper. Known for its striking patterns and benthic lifestyle, this medium-sized fish is a common sight in the warm seas around Koh Tao. Our video showcases the grouper&#039;s natural habitat around coral reefs and rocky pinnacles, offering a glimpse into the region&#039;s diverse marine life. Check out more of our marine life: https:\/\/www.blackturtledive.com\/koh-tao-marine-life\/brown-marbled-grouper\/ This video is about Spotting The Brown Marbled Grouper: A Diver&#039;s Guide In Koh Tao. But It also covers the following topics: Tropical Fish Thailand Scuba Diving Adventure Marine Life Exploration Video Title: Spotting The Brown Marbled Grouper: A Diver&#039;s Guide In Koh Tao | BlackTurtleDive.com \ud83d\udd14Get on a Life-Changing Underwater Adventure with Us \u2013 Your Gateway to the Ocean&#039;s Wonders! Hit Subscribe Now to Join Our Community of Ocean Advocates. https:\/\/www.youtube.com\/&#064;BlackTurtleDive\/?sub_confirmation=1 \u2705Important Links to Follow \ud83d\udd17Brand Channels \u2728Main diving courses brand: https:\/\/www.blackturtledive.com\/ \u2728PADI Dive Courses ( Pro level): https:\/\/idckohtao.com\/ \u2728Marine Conservation Internships: https:\/\/www.ecokohtao.com\/ \u2705 Stay Connected With Us. \ud83d\udc49Facebook: https:\/\/www.facebook.com\/blackturtledive \ud83d\udc49Instagram: https:\/\/www.instagram.com\/blackturtledive\/ \ud83d\udc49Threads: https:\/\/www.threads.net\/&#064;blackturtledive \ud83d\udc49Tiktok: https:\/\/www.tiktok.com\/&#064;blackturtledive \ud83d\udc49Twitter (X): https:\/\/twitter.com\/blackturtledive \ud83d\udc49Pinterest: https:\/\/www.pinterest.com\/blackturtledive\/ \ud83d\udc49Website: https:\/\/www.blackturtledive.com\/ \u2705 For Business Inquiries: media&#064;blackturtledive.com ============================= \u2705 Recommended Playlists \ud83d\udc49 Koh Tao Marine Life (Part 1) https:\/\/www.youtube.com\/watch?v=1D3Dbtrq5vI&amp;list=PLW_jU0PKLEUGS-ZQjvOB0_8q7cZZmOqCC&amp;pp=iAQB \ud83d\udc49PADI Instructor Development Course (IDC) | Black Turtle Dive, Koh Tao https:\/\/www.youtube.com\/watch?v=kXPwkxj0gyg&amp;list=PLW_jU0PKLEUEUo8dW4l2QD8ywAwK7xP1c&amp;pp=iAQB \u2705 Other Videos You Might Be Interested In Watching: \ud83d\udc49 Coral Watch Marine Conservation Course in Koh Tao, Thailand https:\/\/www.youtube.com\/watch?v=mM6C-QgT1z4 \ud83d\udc49 Fun Diving On Koh Tao In Thailand https:\/\/www.youtube.com\/watch?v=rE8d65rzEqc \ud83d\udc49 Pink Tail Trigger Fish Koh Tao https:\/\/www.youtube.com\/watch?v=JrQtGqlxnX8 \ud83d\udc49 Tailfin Batfish Koh Tao https:\/\/www.youtube.com\/watch?v=RCjIBjmvSZM \ud83d\udc49 Yellow Boxfish Koh Tao Thailand https:\/\/www.youtube.com\/watch?v=lpzasbtGAqY ============================= \u2705 About Black Turtle Dive. As a modern and innovative Scuba Diving Center, Black Turtle Dive is passionate about the ocean, and through our training, we want to empower you to become a competent and confident scuba diver. Our diving courses equip you with the skills, knowledge, and awareness necessary to explore the ocean safely while becoming a passionate advocate and protector of the marine environment. If you have never dived before or are a certified diver and want to develop your skills further, our tailored, bespoke courses and programs will inspire you to become an Ocean advocate. Our scientific-based Marine Conservation Internships, or Reef Ecology And Conservation Training program (REACT), offer aspiring scuba divers and marine conservationists the best marine conservation internships on Koh Tao. We offer students three levels of Marine Conservation Internships at our beachside location on Koh Tao in Thailand. For Collaboration and Business inquiries, please use the contact information below: \ud83d\udce9 Email: media&#064;blackturtledive.com \ud83d\udd14Discover the Underwater World with Us: Expert Training, Unforgettable Experiences, and a Commitment to Marine Protection. Subscribe Now: https:\/\/www.youtube.com\/&#064;BlackTurtleDive\/?sub_confirmation=1 ================================= #brownmarbledgrouper #kohtao #divingthailand #marinelife #underwaterphotography #tropicalfish \u26a0\ufe0fDISCLAIMER: We do not accept any liability for any loss or damage incurred from you acting or not acting as a result of watching any of our publications. You acknowledge that you use the information we provide at your own risk. Do your research. Copyright Notice: This video and our YouTube channel contain dialogue, music, and images that are the property of Black Turtle Dive. You are authorized to share the video link and channel and embed this video in your website or others as long as a link back to our YouTube channel is provided. \u00a9 Black Turtle Dive\"><meta itemprop=\"thumbnailUrl\" content=\"https:\/\/i.ytimg.com\/vi\/7uPcpWrgyD0\/0.jpg\"><meta itemprop=\"duration\" content=\"PT1M58S\"><meta itemprop=\"uploadDate\" content=\"2021-01-24T08:58:04Z\"><\/span>\n<h3>Wo man den Braun marmorierten Zackenbarsch auf Koh Tao findet<\/h3>\n<p>Braun marmorierte Zackenbarsche sind an mehreren <a href=\"https:\/\/www.blackturtledive.com\/koh-tao-dive-sites\/\">beliebten Tauchpl\u00e4tzen<\/a> rund um Koh Tao zu sehen, einschlie\u00dflich tieferer Felsnadeln wie <a href=\"https:\/\/www.blackturtledive.com\/koh-tao-dive-sites\/chumphon-pinnacle\/\">Chumphon<\/a> und South West sowie flachen Riff Pl\u00e4tzen wie <a href=\"https:\/\/www.blackturtledive.com\/koh-tao-dive-sites\/white-rock\/\">White Rock<\/a>.<\/p>\n<h3><span style=\"color: #28d4ff;\">Wie man einen Braun marmorierten Zackenbarsch erkennt<\/span><\/h3>\n<p>Der braun marmorierte Zackenbarsch ist st\u00e4mmig, mittelgro\u00df, mit gro\u00dfem Maul, vielen kleinen Z\u00e4hnen vorne sowie Eckz\u00e4hnen.<\/p>\n<p>Der K\u00f6rper ist hellbraun mit gro\u00dfen, unregelm\u00e4\u00dfigen dunkelbraunen Flecken und zahlreichen kleinen dunkelbraunen Punkten.<\/p>\n<p>Die Flossen sind rund; die R\u00fcckenflosse besitzt viele kleine, gezackte Stacheln entlang ihrer L\u00e4nge.<\/p>\n<p><span style=\"color: #28d4ff;\">Braun marmorierte Zackenbarsche<\/span> erreichen etwa 120 cm, im Durchschnitt sind sie jedoch circa 50 cm lang.<\/p>\n<figure id=\"attachment_3434\" aria-describedby=\"caption-attachment-3434\" style=\"width: 1000px\" class=\"wp-caption alignnone\"><img decoding=\"async\" class=\"size-full wp-image-3434\" src=\"https:\/\/www.blackturtledive.com\/wp-content\/uploads\/2021\/01\/blackturtledive.com-brown-marbled-grouper-koh-tao-thailand.jpg\" alt=\"Braun marmorierter Zackenbarsch Koh Tao Meeresbewohner\" width=\"1000\" height=\"710\" srcset=\"https:\/\/www.blackturtledive.com\/wp-content\/uploads\/2021\/01\/blackturtledive.com-brown-marbled-grouper-koh-tao-thailand.jpg 1000w, https:\/\/www.blackturtledive.com\/wp-content\/uploads\/2021\/01\/blackturtledive.com-brown-marbled-grouper-koh-tao-thailand-300x213.jpg 300w, https:\/\/www.blackturtledive.com\/wp-content\/uploads\/2021\/01\/blackturtledive.com-brown-marbled-grouper-koh-tao-thailand-768x545.jpg 768w, https:\/\/www.blackturtledive.com\/wp-content\/uploads\/2021\/01\/blackturtledive.com-brown-marbled-grouper-koh-tao-thailand-150x107.jpg 150w\" sizes=\"(max-width: 1000px) 100vw, 1000px\" \/><figcaption id=\"caption-attachment-3434\" class=\"wp-caption-text\">Braun marmorierter Zackenbarsch Koh Tao Meeresbewohner<\/figcaption><\/figure>\n<h3>Merkmale &amp; Verhalten des Braun marmorierten Zackenbarschs<\/h3>\n<ul>\n<li>Der Braun marmorierte Zackenbarsch ist ein Lauerj\u00e4ger und ern\u00e4hrt sich haupts\u00e4chlich von Fischen, Krebstieren und <a href=\"https:\/\/www.blackturtledive.com\/koh-tao-marine-life\/cephalopods\/\">Kopff\u00fc\u00dfern<\/a>.<\/li>\n<li>Er kommt an Korallen- und Fels Riffen in Tiefen von bis zu 60 m bis hin zur Wasseroberfl\u00e4che vor.<\/li>\n<li>Der Braun marmorierte Zackenbarsch ist ein einzelg\u00e4ngerisches, relativ sesshaftes Tier, das sein klar abgegrenztes benthisches Revier sehr aggressiv verteidigt. Au\u00dferdem ist er ein Nachtj\u00e4ger.<\/li>\n<li>Der Braun marmorierte Zackenbarsch ist ein protogyner Hermaphrodit: Juvenile reifen zun\u00e4chst als Weibchen, und mit zunehmendem Alter und Gr\u00f6\u00dfe k\u00f6nnen sie sich zu M\u00e4nnchen wandeln; einige Weibchen durchlaufen diesen Geschlechtswechsel jedoch nie.<\/li>\n<li>Diese Art bildet <span style=\"color: #28d4ff;\">zeitweilige Laich-Ansammlungen<\/span>, die w\u00e4hrend der Fortpflanzungs Monate aus mehreren tausend Fischen bestehen k\u00f6nnen.<\/li>\n<li>Die Art kann bis zu 40 Jahre alt werden, was f\u00fcr einen Fisch eine lange Lebensdauer ist.<\/li>\n<\/ul>\n<figure id=\"attachment_3436\" aria-describedby=\"caption-attachment-3436\" style=\"width: 1000px\" class=\"wp-caption alignnone\"><img decoding=\"async\" class=\"size-full wp-image-3436\" src=\"https:\/\/www.blackturtledive.com\/wp-content\/uploads\/2021\/01\/blackturtledive.com-brown-marbled-grouper-koh-tao-marine-life.jpg\" alt=\"Braun marmorierter Zackenbarsch - Meeresbewohner\" width=\"1000\" height=\"667\" srcset=\"https:\/\/www.blackturtledive.com\/wp-content\/uploads\/2021\/01\/blackturtledive.com-brown-marbled-grouper-koh-tao-marine-life.jpg 1000w, https:\/\/www.blackturtledive.com\/wp-content\/uploads\/2021\/01\/blackturtledive.com-brown-marbled-grouper-koh-tao-marine-life-300x200.jpg 300w, https:\/\/www.blackturtledive.com\/wp-content\/uploads\/2021\/01\/blackturtledive.com-brown-marbled-grouper-koh-tao-marine-life-768x512.jpg 768w, https:\/\/www.blackturtledive.com\/wp-content\/uploads\/2021\/01\/blackturtledive.com-brown-marbled-grouper-koh-tao-marine-life-150x100.jpg 150w\" sizes=\"(max-width: 1000px) 100vw, 1000px\" \/><figcaption id=\"caption-attachment-3436\" class=\"wp-caption-text\">Braun marmorierter Zackenbarsch &#8211; Meeresbewohner<\/figcaption><\/figure>\n<h3><span style=\"color: #28d4ff;\">Interessante Fakten zum Braun marmorierten Zackenbarsch<\/span><\/h3>\n<p>W\u00e4hrend der Laich Ansammlungen k\u00f6nnen Braun marmorierte Zackenbarsche unterschiedliche K\u00f6rpermuster zeigen; M\u00e4nnchen hellen sich manchmal auf und nehmen andere Farbt\u00f6ne an.<\/p>\n<p>Der Braun marmorierte Zackenbarsch wird von der IUCN als <span style=\"color: #28d4ff;\"><em>Vulnerable<\/em><\/span> (gef\u00e4hrdet) eingestuft.<\/p>\n<p>Er ist im Live-Fischhandel sehr begehrt und besonders anf\u00e4llig f\u00fcr \u00dcberfischung, insbesondere w\u00e4hrend der Fortpflanzungszeiten.<\/p>\n<p>Beim Laichen an bestimmten Orten und Zeiten sind Braun marmorierte Zackenbarsche f\u00fcr Fischer besonders verwundbar, da sie dann leicht zu fangen sind.<\/p>\n<figure id=\"attachment_3434\" aria-describedby=\"caption-attachment-3434\" style=\"width: 1000px\" class=\"wp-caption alignnone\"><img decoding=\"async\" class=\"size-full wp-image-3434\" src=\"https:\/\/www.blackturtledive.com\/wp-content\/uploads\/2021\/01\/blackturtledive.com-brown-marbled-grouper-koh-tao-thailand.jpg\" alt=\"Braun marmorierter Zackenbarsch Koh Tao Meeresbewohner\" width=\"1000\" height=\"710\" srcset=\"https:\/\/www.blackturtledive.com\/wp-content\/uploads\/2021\/01\/blackturtledive.com-brown-marbled-grouper-koh-tao-thailand.jpg 1000w, https:\/\/www.blackturtledive.com\/wp-content\/uploads\/2021\/01\/blackturtledive.com-brown-marbled-grouper-koh-tao-thailand-300x213.jpg 300w, https:\/\/www.blackturtledive.com\/wp-content\/uploads\/2021\/01\/blackturtledive.com-brown-marbled-grouper-koh-tao-thailand-768x545.jpg 768w, https:\/\/www.blackturtledive.com\/wp-content\/uploads\/2021\/01\/blackturtledive.com-brown-marbled-grouper-koh-tao-thailand-150x107.jpg 150w\" sizes=\"(max-width: 1000px) 100vw, 1000px\" \/><figcaption id=\"caption-attachment-3434\" class=\"wp-caption-text\">Braun marmorierter Zackenbarsch Koh Tao Meeresbewohner<\/figcaption><\/figure>\n<p>[\/vc_column_text][\/vc_column][\/vc_row]<\/p>\n<\/div>","protected":false},"excerpt":{"rendered":"<p>Der Braune Marmor-Zackenbarsch ist ein mittelgro\u00dfer Fisch und bekannt als benthisches Meerestier, das in der N\u00e4he des Meeresbodens von Korallenriffen und Felsnadeln rund um Koh Tao zu finden ist.<\/p>\n","protected":false},"author":2,"featured_media":18241,"parent":18647,"menu_order":0,"comment_status":"closed","ping_status":"closed","template":"","meta":{"_acf_changed":false,"footnotes":""},"class_list":["post-18592","page","type-page","status-publish","has-post-thumbnail","hentry"],"acf":[],"yoast_head":"<!-- This site is optimized with the Yoast SEO Premium plugin v27.6 (Yoast SEO v27.6) - https:\/\/yoast.com\/product\/yoast-seo-premium-wordpress\/ -->\n<title>Brauner Marmor-Zackenbarsch in Koh Tao | Black Turtle Dive<\/title>\n<meta name=\"description\" content=\"Der Braune Marmor-Zackenbarsch ist ein mittelgro\u00dfer Fisch und bekannt als benthisches Meerestier, das in der N\u00e4he des Meeresbodens von Korallenriffen und Felsnadeln rund um Koh Tao vorkommt.\" \/>\n<meta name=\"robots\" content=\"index, follow, max-snippet:-1, max-image-preview:large, max-video-preview:-1\" \/>\n<link rel=\"canonical\" href=\"https:\/\/www.blackturtledive.com\/de\/koh-tao-marine-life\/brown-marbled-grouper\/\" \/>\n<meta property=\"og:locale\" content=\"de_DE\" \/>\n<meta property=\"og:type\" content=\"article\" \/>\n<meta property=\"og:title\" content=\"Brown Marbled Grouper Koh Tao | Black Turtle Dive\" \/>\n<meta property=\"og:description\" content=\"Brown marbled grouper is a medium sized fish and known as a benthic marine animal that is found near the bottom of coral reefs and pinnacles around Koh Tao\" \/>\n<meta property=\"og:url\" content=\"https:\/\/www.blackturtledive.com\/de\/koh-tao-marine-life\/brown-marbled-grouper\/\" \/>\n<meta property=\"og:site_name\" content=\"Black Turtle Dive Koh Tao\" \/>\n<meta property=\"article:publisher\" content=\"https:\/\/www.facebook.com\/blackturtledive\" \/>\n<meta property=\"article:modified_time\" content=\"2026-05-05T14:23:41+00:00\" \/>\n<meta property=\"og:image\" content=\"https:\/\/www.blackturtledive.com\/wp-content\/uploads\/2020\/11\/blackturtledive.com-best-padi-divemaster-course-koh-tao.jpg\" \/>\n\t<meta property=\"og:image:width\" content=\"1200\" \/>\n\t<meta property=\"og:image:height\" content=\"800\" \/>\n\t<meta property=\"og:image:type\" content=\"image\/jpeg\" \/>\n<meta name=\"twitter:card\" content=\"summary_large_image\" \/>\n<meta name=\"twitter:title\" content=\"Brown Marbled Grouper Koh Tao | Black Turtle Dive\" \/>\n<meta name=\"twitter:description\" content=\"Brown marbled grouper is a medium sized fish and known as a benthic marine animal that is found near the bottom of coral reefs and pinnacles around Koh Tao\" \/>\n<meta name=\"twitter:image\" content=\"https:\/\/www.blackturtledive.com\/wp-content\/uploads\/2020\/11\/blackturtledive.com-best-padi-divemaster-course-koh-tao.jpg\" \/>\n<meta name=\"twitter:site\" content=\"@blackturtledive\" \/>\n<meta name=\"twitter:label1\" content=\"Gesch\u00e4tzte Lesezeit\" \/>\n\t<meta name=\"twitter:data1\" content=\"3\u00a0Minuten\" \/>\n<!-- \/ Yoast SEO Premium plugin. -->","yoast_head_json":{"title":"Brauner Marmor-Zackenbarsch in Koh Tao | Black Turtle Dive","description":"Der Braune Marmor-Zackenbarsch ist ein mittelgro\u00dfer Fisch und bekannt als benthisches Meerestier, das in der N\u00e4he des Meeresbodens von Korallenriffen und Felsnadeln rund um Koh Tao vorkommt.","robots":{"index":"index","follow":"follow","max-snippet":"max-snippet:-1","max-image-preview":"max-image-preview:large","max-video-preview":"max-video-preview:-1"},"canonical":"https:\/\/www.blackturtledive.com\/de\/koh-tao-marine-life\/brown-marbled-grouper\/","og_locale":"de_DE","og_type":"article","og_title":"Brown Marbled Grouper Koh Tao | Black Turtle Dive","og_description":"Brown marbled grouper is a medium sized fish and known as a benthic marine animal that is found near the bottom of coral reefs and pinnacles around Koh Tao","og_url":"https:\/\/www.blackturtledive.com\/de\/koh-tao-marine-life\/brown-marbled-grouper\/","og_site_name":"Black Turtle Dive Koh Tao","article_publisher":"https:\/\/www.facebook.com\/blackturtledive","article_modified_time":"2026-05-05T14:23:41+00:00","og_image":[{"width":1200,"height":800,"url":"https:\/\/www.blackturtledive.com\/wp-content\/uploads\/2020\/11\/blackturtledive.com-best-padi-divemaster-course-koh-tao.jpg","type":"image\/jpeg"}],"twitter_card":"summary_large_image","twitter_title":"Brown Marbled Grouper Koh Tao | Black Turtle Dive","twitter_description":"Brown marbled grouper is a medium sized fish and known as a benthic marine animal that is found near the bottom of coral reefs and pinnacles around Koh Tao","twitter_image":"https:\/\/www.blackturtledive.com\/wp-content\/uploads\/2020\/11\/blackturtledive.com-best-padi-divemaster-course-koh-tao.jpg","twitter_site":"@blackturtledive","twitter_misc":{"Gesch\u00e4tzte Lesezeit":"3\u00a0Minuten"},"schema":{"@context":"https:\/\/schema.org","@graph":[{"@type":"WebPage","@id":"https:\/\/www.blackturtledive.com\/de\/koh-tao-marine-life\/brown-marbled-grouper\/","url":"https:\/\/www.blackturtledive.com\/de\/koh-tao-marine-life\/brown-marbled-grouper\/","name":"Brauner Marmor-Zackenbarsch in Koh Tao | Black Turtle Dive","isPartOf":{"@id":"https:\/\/www.blackturtledive.com\/de\/#website"},"primaryImageOfPage":{"@id":"https:\/\/www.blackturtledive.com\/de\/koh-tao-marine-life\/brown-marbled-grouper\/#primaryimage"},"image":{"@id":"https:\/\/www.blackturtledive.com\/de\/koh-tao-marine-life\/brown-marbled-grouper\/#primaryimage"},"thumbnailUrl":"https:\/\/www.blackturtledive.com\/wp-content\/uploads\/2021\/01\/blackturtledive.com-brown-marbled-grouper-koh-tao-thailand.jpg","datePublished":"2020-12-31T17:30:04+00:00","dateModified":"2026-05-05T14:23:41+00:00","description":"Der Braune Marmor-Zackenbarsch ist ein mittelgro\u00dfer Fisch und bekannt als benthisches Meerestier, das in der N\u00e4he des Meeresbodens von Korallenriffen und Felsnadeln rund um Koh Tao vorkommt.","breadcrumb":{"@id":"https:\/\/www.blackturtledive.com\/de\/koh-tao-marine-life\/brown-marbled-grouper\/#breadcrumb"},"inLanguage":"de","potentialAction":[{"@type":"ReadAction","target":["https:\/\/www.blackturtledive.com\/de\/koh-tao-marine-life\/brown-marbled-grouper\/"]}]},{"@type":"ImageObject","inLanguage":"de","@id":"https:\/\/www.blackturtledive.com\/de\/koh-tao-marine-life\/brown-marbled-grouper\/#primaryimage","url":"https:\/\/www.blackturtledive.com\/wp-content\/uploads\/2021\/01\/blackturtledive.com-brown-marbled-grouper-koh-tao-thailand.jpg","contentUrl":"https:\/\/www.blackturtledive.com\/wp-content\/uploads\/2021\/01\/blackturtledive.com-brown-marbled-grouper-koh-tao-thailand.jpg","width":1000,"height":710,"caption":"Brown Marbled Grouper Koh Tao Marine Life"},{"@type":"BreadcrumbList","@id":"https:\/\/www.blackturtledive.com\/de\/koh-tao-marine-life\/brown-marbled-grouper\/#breadcrumb","itemListElement":[{"@type":"ListItem","position":1,"name":"Home","item":"https:\/\/www.blackturtledive.com\/de\/"},{"@type":"ListItem","position":2,"name":"Koh Tao Meeresleben","item":"https:\/\/www.blackturtledive.com\/de\/koh-tao-marine-life\/"},{"@type":"ListItem","position":3,"name":"Braun marmorierter Zackenbarsch"}]},{"@type":"WebSite","@id":"https:\/\/www.blackturtledive.com\/de\/#website","url":"https:\/\/www.blackturtledive.com\/de\/","name":"Black Turtle Dive Koh Tao","description":"Ocean Explorers | Marine Protectors","publisher":{"@id":"https:\/\/www.blackturtledive.com\/de\/#organization"},"alternateName":"Black Turtle Dive in Thailand","potentialAction":[{"@type":"SearchAction","target":{"@type":"EntryPoint","urlTemplate":"https:\/\/www.blackturtledive.com\/de\/?s={search_term_string}"},"query-input":{"@type":"PropertyValueSpecification","valueRequired":true,"valueName":"search_term_string"}}],"inLanguage":"de"},{"@type":"Organization","@id":"https:\/\/www.blackturtledive.com\/de\/#organization","name":"Black Turtle Dive Koh Tao","alternateName":"Black Turtle Dive","url":"https:\/\/www.blackturtledive.com\/de\/","logo":{"@type":"ImageObject","inLanguage":"de","@id":"https:\/\/www.blackturtledive.com\/de\/#\/schema\/logo\/image\/","url":"https:\/\/www.blackturtledive.com\/wp-content\/uploads\/2020\/11\/cropped-blackturtledive.com-brand-logo.png","contentUrl":"https:\/\/www.blackturtledive.com\/wp-content\/uploads\/2020\/11\/cropped-blackturtledive.com-brand-logo.png","width":400,"height":400,"caption":"Black Turtle Dive Koh Tao"},"image":{"@id":"https:\/\/www.blackturtledive.com\/de\/#\/schema\/logo\/image\/"},"sameAs":["https:\/\/www.facebook.com\/blackturtledive","https:\/\/x.com\/blackturtledive","https:\/\/www.instagram.com\/blackturtledive\/","https:\/\/www.youtube.com\/blackturtledive","https:\/\/www.linkedin.com\/company\/blackturtledive\/","https:\/\/www.tumblr.com\/blackturtledive","https:\/\/www.pinterest.com\/blackturtledive\/","https:\/\/www.tiktok.com\/@blackturtledive","https:\/\/www.reddit.com\/user\/blackturtledive\/"],"description":"Black Turtle Dive is a modern and innovative 5 Star Career Development Scuba Diving Center, passionate about the ocean and through training we want to empower you to become a competent and confident scuba diver. Our diving courses equip you with the skills, knowledge and awareness necessary to explore the ocean safely, whilst becoming a passionate advocate and protector of the marine environment. If you have never dived before or are a certified diver and want to develop your skills further, our tailored, bespoke courses and programs will inspire you to become an Ocean advocate. Our scientific based Marine Conservation Internships and training programs, offer aspiring scuba divers and marine conservationists, the best marine conservation internships on Koh Tao. We currently offer students six levels of Marine Conservation Internships at our beachside location on Koh Tao in Thailand. Check out our website for more information.","email":"info@blackturtledive.com","telephone":"089 592 2134","legalName":"Black Turtle Dive Co Ltd","foundingDate":"2020-01-01","publishingPrinciples":"https:\/\/www.blackturtledive.com\/terms\/","ownershipFundingInfo":"https:\/\/www.blackturtledive.com\/terms\/","actionableFeedbackPolicy":"https:\/\/www.blackturtledive.com\/privacy-policy\/","correctionsPolicy":"https:\/\/www.blackturtledive.com\/privacy-policy\/","ethicsPolicy":"https:\/\/www.blackturtledive.com\/privacy-policy\/","diversityPolicy":"https:\/\/www.blackturtledive.com\/privacy-policy\/"}]}},"_links":{"self":[{"href":"https:\/\/www.blackturtledive.com\/de\/wp-json\/wp\/v2\/pages\/18592","targetHints":{"allow":["GET"]}}],"collection":[{"href":"https:\/\/www.blackturtledive.com\/de\/wp-json\/wp\/v2\/pages"}],"about":[{"href":"https:\/\/www.blackturtledive.com\/de\/wp-json\/wp\/v2\/types\/page"}],"author":[{"embeddable":true,"href":"https:\/\/www.blackturtledive.com\/de\/wp-json\/wp\/v2\/users\/2"}],"replies":[{"embeddable":true,"href":"https:\/\/www.blackturtledive.com\/de\/wp-json\/wp\/v2\/comments?post=18592"}],"version-history":[{"count":1,"href":"https:\/\/www.blackturtledive.com\/de\/wp-json\/wp\/v2\/pages\/18592\/revisions"}],"predecessor-version":[{"id":70842,"href":"https:\/\/www.blackturtledive.com\/de\/wp-json\/wp\/v2\/pages\/18592\/revisions\/70842"}],"up":[{"embeddable":true,"href":"https:\/\/www.blackturtledive.com\/de\/wp-json\/wp\/v2\/pages\/18647"}],"wp:featuredmedia":[{"embeddable":true,"href":"https:\/\/www.blackturtledive.com\/de\/wp-json\/wp\/v2\/media\/18241"}],"wp:attachment":[{"href":"https:\/\/www.blackturtledive.com\/de\/wp-json\/wp\/v2\/media?parent=18592"}],"curies":[{"name":"wp","href":"https:\/\/api.w.org\/{rel}","templated":true}]}}