{"id":18593,"date":"2021-01-01T00:21:34","date_gmt":"2020-12-31T17:21:34","guid":{"rendered":"https:\/\/www.blackturtledive.com\/blue-spotted-ribbontail-ray\/"},"modified":"2026-05-05T21:23:42","modified_gmt":"2026-05-05T14:23:42","slug":"blue-spotted-ribbontail-ray","status":"publish","type":"page","link":"https:\/\/www.blackturtledive.com\/de\/koh-tao-marine-life\/blue-spotted-ribbontail-ray\/","title":{"rendered":"Blaupunkt\u2011Streifenrochen"},"content":{"rendered":"<div class=\"wpb-content-wrapper\"><p>[vc_row][vc_column][vc_column_text css=&#8220;&#8220;]Der Blaupunkt-Schnapperrochen (Taeniura lymma) ist ein farbenpr\u00e4chtiger Bodenbewohner, erkennbar an seinen elektrischen blauen Punkten und den zwei giftigen Stacheln am Schwanzende.<\/p>\n<p>Tags\u00fcber findet man ihn h\u00e4ufig unter Korallen\u00fcberh\u00e4ngen oder eingegraben im Sand; nachts kommt er hervor, um nach Weichtieren und W\u00fcrmern zu jagen, dabei nutzt er Elektrorezeptoren.<\/p>\n<p>Diese Art ist ein Bioindikator f\u00fcr die Gesundheit der Riffe auf Koh Tao: Hohe Sichtungszahlen an Pl\u00e4tzen wie Twins und Mango Bay weisen auf ein produktives, n\u00e4hrstoffreiches Umfeld f\u00fcr Bodenbewohner hin.<\/p>\n<h3><span style=\"color: #28d4ff;\">Alles \u00fcber den Blaupunkt-B\u00e4nderschwanzrochen auf Koh Tao<\/span><\/h3>\n<p>Der Blaupunkt-B\u00e4nderschwanzrochen ist die am h\u00e4ufigsten von <a href=\"https:\/\/www.blackturtledive.com\/padi-diving-courses\/\">Tauchern<\/a> und <a href=\"https:\/\/www.blackturtledive.com\/experience-programs\/snorkel-koh-tao\/\">Schnorchlern<\/a> an den <a href=\"https:\/\/www.blackturtledive.com\/koh-tao-dive-sites\/\">Tauchpl\u00e4tzen<\/a> rund um Koh Tao beobachtete Stechrochenart.<\/p>\n<div  data-ep-a=\"fadeIn\"  id=\"_ytid_42244\"  width=\"640\" height=\"360\"  data-origwidth=\"640\" data-origheight=\"360\"  data-relstop=\"1\" data-facadesrc=\"https:\/\/www.youtube.com\/embed\/mWxY6NeuftU?enablejsapi=1&origin=https:\/\/www.blackturtledive.com&autoplay=0&cc_load_policy=0&cc_lang_pref=&iv_load_policy=1&loop=0&rel=0&fs=1&playsinline=0&autohide=2&theme=dark&color=red&controls=1&disablekb=0&\" class=\"__youtube_prefs__ epyt-facade  no-lazyload\" data-epautoplay=\"1\" ><img decoding=\"async\" data-spai-excluded=\"true\" class=\"epyt-facade-poster skip-lazy\" loading=\"lazy\"  alt=\"The Blue Spotted Ribbontail Ray: Koh Tao&#039;s Underwater Marvel | BlackTurtleDive.com\"  src=\"https:\/\/i.ytimg.com\/vi\/mWxY6NeuftU\/maxresdefault.jpg\"  \/><button class=\"epyt-facade-play\" aria-label=\"Play\"><svg data-no-lazy=\"1\" height=\"100%\" version=\"1.1\" viewBox=\"0 0 68 48\" width=\"100%\"><path class=\"ytp-large-play-button-bg\" d=\"M66.52,7.74c-0.78-2.93-2.49-5.41-5.42-6.19C55.79,.13,34,0,34,0S12.21,.13,6.9,1.55 C3.97,2.33,2.27,4.81,1.48,7.74C0.06,13.05,0,24,0,24s0.06,10.95,1.48,16.26c0.78,2.93,2.49,5.41,5.42,6.19 C12.21,47.87,34,48,34,48s21.79-0.13,27.1-1.55c2.93-0.78,4.64-3.26,5.42-6.19C67.94,34.95,68,24,68,24S67.94,13.05,66.52,7.74z\" fill=\"#f00\"><\/path><path d=\"M 45,24 27,14 27,34\" fill=\"#fff\"><\/path><\/svg><\/button><\/div><span itemprop=\"video\" itemscope itemtype=\"http:\/\/schema.org\/VideoObject\"><meta itemprop=\"embedUrl\" content=\"https:\/\/www.youtube.com\/embed\/mWxY6NeuftU\"><meta itemprop=\"name\" content=\"The Blue Spotted Ribbontail Ray: Koh Tao&#039;s Underwater Marvel | BlackTurtleDive.com\"><meta itemprop=\"description\" content=\"Join Black Turtle Dive for a unique opportunity to see the Blue Spotted Ribbontail Ray in Koh Tao, Thailand. These stunning rays are common for scuba divers and snorkelers at various dive sites around Koh Tao, including White Rock and Twins. Dive with us and experience the thrill of encountering one of Koh Tao&#039;s most beautiful marine species. Check out our other marine life: https:\/\/www.blackturtledive.com\/koh-tao-marine-life\/blue-spotted-ribbontail-ray\/ This video is about The Blue Spotted Ribbontail Ray: Koh Tao&#039;s Underwater Marvel. But It also covers the following topics: Black Turtle Dive Stingray Koh Tao Scuba Diving Thailand Stingray Diving Video Title: The Blue Spotted Ribbontail Ray: Koh Tao&#039;s Underwater Marvel | BlackTurtleDive.com \ud83d\udd14Get on a Life-Changing Underwater Adventure with Us \u2013 Your Gateway to the Ocean&#039;s Wonders! Hit Subscribe Now to Join Our Community of Ocean Advocates. https:\/\/www.youtube.com\/&#064;BlackTurtleDive\/?sub_confirmation=1 \u2705Important Links to Follow \ud83d\udd17Brand Channels \u2728Main diving courses brand: https:\/\/www.blackturtledive.com\/ \u2728PADI Dive Courses ( Pro level): https:\/\/idckohtao.com\/ \u2728Marine Conservation Internships: https:\/\/www.ecokohtao.com\/ \u2705 Stay Connected With Us. \ud83d\udc49Facebook: https:\/\/www.facebook.com\/blackturtledive \ud83d\udc49Instagram: https:\/\/www.instagram.com\/blackturtledive\/ \ud83d\udc49Threads: https:\/\/www.threads.net\/&#064;blackturtledive \ud83d\udc49Tiktok: https:\/\/www.tiktok.com\/&#064;blackturtledive \ud83d\udc49Twitter (X): https:\/\/twitter.com\/blackturtledive \ud83d\udc49Pinterest: https:\/\/www.pinterest.com\/blackturtledive\/ \ud83d\udc49Website: https:\/\/www.blackturtledive.com\/ \u2705 For Business Inquiries: media&#064;blackturtledive.com ============================= \u2705 Recommended Playlists \ud83d\udc49 Koh Tao Marine Life (Part 1) https:\/\/www.youtube.com\/watch?v=1D3Dbtrq5vI&amp;list=PLW_jU0PKLEUGS-ZQjvOB0_8q7cZZmOqCC&amp;pp=iAQB \ud83d\udc49PADI Instructor Development Course (IDC) | Black Turtle Dive, Koh Tao https:\/\/www.youtube.com\/watch?v=kXPwkxj0gyg&amp;list=PLW_jU0PKLEUEUo8dW4l2QD8ywAwK7xP1c&amp;pp=iAQB \u2705 Other Videos You Might Be Interested In Watching: \ud83d\udc49 Coral Watch Marine Conservation Course in Koh Tao, Thailand https:\/\/www.youtube.com\/watch?v=mM6C-QgT1z4 \ud83d\udc49 Fun Diving On Koh Tao In Thailand https:\/\/www.youtube.com\/watch?v=rE8d65rzEqc \ud83d\udc49 Ocellated Eagle Ray Koh Tao https:\/\/www.youtube.com\/watch?v=xiO-23risdc \ud83d\udc49 Tailfin Batfish Koh Tao https:\/\/www.youtube.com\/watch?v=RCjIBjmvSZM \ud83d\udc49 Yellow Boxfish Koh Tao Thailand https:\/\/www.youtube.com\/watch?v=lpzasbtGAqY ============================= \u2705 About Black Turtle Dive. As a modern and innovative Scuba Diving Center, Black Turtle Dive is passionate about the ocean, and through our training, we want to empower you to become a competent and confident scuba diver. Our diving courses equip you with the skills, knowledge, and awareness necessary to explore the ocean safely while becoming a passionate advocate and protector of the marine environment. If you have never dived before or are a certified diver and want to develop your skills further, our tailored, bespoke courses and programs will inspire you to become an Ocean advocate. Our scientific-based Marine Conservation Internships, or Reef Ecology And Conservation Training program (REACT), offer aspiring scuba divers and marine conservationists the best marine conservation internships on Koh Tao. We offer students three levels of Marine Conservation Internships at our beachside location on Koh Tao in Thailand. For Collaboration and Business inquiries, please use the contact information below: \ud83d\udce9 Email: media&#064;blackturtledive.com \ud83d\udd14Discover the Underwater World with Us: Expert Training, Unforgettable Experiences, and a Commitment to Marine Protection. Subscribe Now: https:\/\/www.youtube.com\/&#064;BlackTurtleDive\/?sub_confirmation=1 ================================= #bluespottedribbontailray #kohtao #divingthailand #blackturtledive #scubadiving #marinelife \u26a0\ufe0fDISCLAIMER: We do not accept any liability for any loss or damage incurred from you acting or not acting as a result of watching any of our publications. You acknowledge that you use the information we provide at your own risk. Do your research. Copyright Notice: This video and our YouTube channel contain dialogue, music, and images that are the property of Black Turtle Dive. You are authorized to share the video link and channel and embed this video in your website or others as long as a link back to our YouTube channel is provided. \u00a9 Black Turtle Dive\"><meta itemprop=\"thumbnailUrl\" content=\"https:\/\/i.ytimg.com\/vi\/mWxY6NeuftU\/0.jpg\"><meta itemprop=\"duration\" content=\"PT1M\"><meta itemprop=\"uploadDate\" content=\"2021-01-11T08:45:50Z\"><\/span>\n<h3>Wo man den Blaupunkt-B\u00e4nderschwanzrochen auf Koh Tao findet<\/h3>\n<p>Den Blaupunkt-B\u00e4nderschwanzrochen findet man an vielen <a href=\"https:\/\/www.blackturtledive.com\/blog\/10-interesting-facts-about-koh-tao-dive-sites\/\">Tauchpl\u00e4tzen<\/a> rund um <a href=\"https:\/\/www.blackturtledive.com\/koh-tao\/\">Koh Tao<\/a>, darunter White Rock, Twins, Aow Leuk Bay &amp; Mango Bay.<\/p>\n<h3><span style=\"color: #28d4ff;\">Wie man einen Blaupunkt-B\u00e4nderschwanzrochen erkennt<\/span><\/h3>\n<p>Blaupunkt-B\u00e4nderschwanzrochen haben einen gelblich-braunen bis olivgr\u00fcnen, l\u00e4nglich-ovalen K\u00f6rper (Diskus), der oben mit unterschiedlich gro\u00dfen blauen Punkten bes\u00e4t ist; die Unterseite, an der sich der Mund befindet, ist wei\u00df.<\/p>\n<p>Der Blaupunkt-B\u00e4nderschwanzrochen hat auff\u00e4llig gelb gef\u00e4rbte, aus dem K\u00f6rper hervorstehende Augen und kann die Gr\u00f6\u00dfe seiner Pupillen ver\u00e4ndern.<\/p>\n<h3>Sch\u00f6ner Blaupunkt-B\u00e4nderschwanzrochen<\/h3>\n<p>Neben den Augen sitzen zwei Spiralen, die Wasser einziehen und \u00fcber die Kiemen leiten.<\/p>\n<p>Der Schwanz setzt am Diskus an und zeigt beidseits einen markanten blauen Streifen; am Ende des Schwanzes befinden sich ein gro\u00dfer Stachel und ein mittelgro\u00dfer Stachel, die Gift enthalten.<\/p>\n<p>Ein Blaupunkt-B\u00e4nderschwanzrochen erreicht eine Spannweite von etwa 35 cm, eine Gesamtl\u00e4nge von bis zu 80 cm und wiegt typischerweise nicht mehr als 5 kg.<\/p>\n<figure id=\"attachment_2100\" aria-describedby=\"caption-attachment-2100\" style=\"width: 1200px\" class=\"wp-caption alignnone\"><img decoding=\"async\" class=\"size-full wp-image-2100\" src=\"https:\/\/www.blackturtledive.com\/wp-content\/uploads\/2020\/12\/blackturtledive.com-best-dive-sites-koh-tao-stingrays.jpg\" alt=\"Tauchpl\u00e4tze Koh Tao - Stechrochen\" width=\"1200\" height=\"672\" srcset=\"https:\/\/www.blackturtledive.com\/wp-content\/uploads\/2020\/12\/blackturtledive.com-best-dive-sites-koh-tao-stingrays.jpg 1200w, https:\/\/www.blackturtledive.com\/wp-content\/uploads\/2020\/12\/blackturtledive.com-best-dive-sites-koh-tao-stingrays-300x168.jpg 300w, https:\/\/www.blackturtledive.com\/wp-content\/uploads\/2020\/12\/blackturtledive.com-best-dive-sites-koh-tao-stingrays-1024x573.jpg 1024w, https:\/\/www.blackturtledive.com\/wp-content\/uploads\/2020\/12\/blackturtledive.com-best-dive-sites-koh-tao-stingrays-768x430.jpg 768w, https:\/\/www.blackturtledive.com\/wp-content\/uploads\/2020\/12\/blackturtledive.com-best-dive-sites-koh-tao-stingrays-150x84.jpg 150w\" sizes=\"(max-width: 1200px) 100vw, 1200px\" \/><figcaption id=\"caption-attachment-2100\" class=\"wp-caption-text\">Tauchpl\u00e4tze Koh Tao &#8211; Stechrochen<\/figcaption><\/figure>\n<h3><span style=\"color: #28d4ff;\">Merkmale &amp; Verhalten des Blaupunkt-B\u00e4nderschwanzrochens<\/span><\/h3>\n<ul>\n<li>Der Blaupunkt-B\u00e4nderschwanzrochen ist ein Nahrungssucher, der im Sand gr\u00e4bt und darin lebende Tiere wie Garnelen, Krabben, Sandw\u00fcrmer, Muscheln, Miesmuscheln und kleine Fische jagt.<\/li>\n<li><span style=\"color: #28d4ff;\">Blaupunkt-B\u00e4nderschwanzrochen<\/span> besuchen h\u00e4ufig Reinigungstationen, an denen Putzerfische vorkommen. Man findet Lippfische, Grundeln und Putzergarnelen, die Parasiten vom K\u00f6rper des Rochens entfernen und so helfen, seine Flecken sauber und sichtbar zu halten.<\/li>\n<li>Im Gegensatz zu vielen anderen Rochen vergr\u00e4bt sich der Blaupunktrochen nicht im Sand, um sich vor Fressfeinden zu verstecken. Stattdessen sorgt er daf\u00fcr, dass seine leuchtend blauen Punkte gut sichtbar sind, was potenzielle R\u00e4uber darauf hinweist, dass er t\u00f6dliche, giftige Stacheln am Schwanz besitzt, mit denen er stechen kann.<\/li>\n<li>Jeder Blaupunkt-B\u00e4nderschwanzrochen hat ein individuelles Muster aus blauen Punkten.<\/li>\n<li>Blaupunkt-B\u00e4nderschwanzrochen haben keine Z\u00e4hne; sie zerdr\u00fccken <a href=\"https:\/\/www.blackturtledive.com\/koh-tao-marine-life\/\">Meeresbewohner<\/a>-Beute im Maul zwischen zwei harten Zahnplatten.<\/li>\n<\/ul>\n<h3>Interessante Fakten \u00fcber den Blaupunkt-B\u00e4nderschwanzrochen<\/h3>\n<p>Hammerhaie ern\u00e4hren sich regelm\u00e4\u00dfig von Blaupunkt-B\u00e4nderschwanzrochen; auch Orcas wurden beobachtet, wie sie juvenile Rochen jagten.<\/p>\n<p>Blaupunkt-B\u00e4nderschwanzrochen entwickeln sich als Eier und verbleiben f\u00fcr einen Zeitraum von vier Monaten bis zu einem Jahr im K\u00f6rper der Mutter.<\/p>\n<p>Die Mutter kann bis zu sieben Jungtiere pro Wurf haben; lebende Rochen werden kurz nach dem Schlupf im Mutterleib geboren und zeigen ihre blauen Punkte bereits bei der Geburt.<\/p>\n<figure id=\"attachment_3217\" aria-describedby=\"caption-attachment-3217\" style=\"width: 1000px\" class=\"wp-caption alignnone\"><img decoding=\"async\" class=\"size-full wp-image-3217\" src=\"https:\/\/www.blackturtledive.com\/wp-content\/uploads\/2021\/01\/blackturtledive.com-blue-ribbontail-ray-koh-tao.jpg\" alt=\"Blaupunkt-B\u00e4nderschwanzrochen Koh Tao Meeresbewohner\" width=\"1000\" height=\"667\" srcset=\"https:\/\/www.blackturtledive.com\/wp-content\/uploads\/2021\/01\/blackturtledive.com-blue-ribbontail-ray-koh-tao.jpg 1000w, https:\/\/www.blackturtledive.com\/wp-content\/uploads\/2021\/01\/blackturtledive.com-blue-ribbontail-ray-koh-tao-300x200.jpg 300w, https:\/\/www.blackturtledive.com\/wp-content\/uploads\/2021\/01\/blackturtledive.com-blue-ribbontail-ray-koh-tao-768x512.jpg 768w, https:\/\/www.blackturtledive.com\/wp-content\/uploads\/2021\/01\/blackturtledive.com-blue-ribbontail-ray-koh-tao-150x100.jpg 150w\" sizes=\"(max-width: 1000px) 100vw, 1000px\" \/><figcaption id=\"caption-attachment-3217\" class=\"wp-caption-text\">Blaupunkt-B\u00e4nderschwanzrochen Koh Tao Meeresbewohner<\/figcaption><\/figure>\n<h3><span style=\"color: #28d4ff;\">Kommunikation via Elektrorezeption<\/span><\/h3>\n<p>Blaupunkt-B\u00e4nderschwanzrochen nutzen Elektrorezeption, um mit Artgenossen zu kommunizieren; sie lokalisieren damit auch Beute, indem sie subtile Temperaturunterschiede und elektrische Felder anderer im Sand lebender Tiere wahrnehmen.<\/p>\n<p>Die IUCN stuft den Blaupunkt-B\u00e4nderschwanzrochen als <span style=\"color: #28d4ff;\"><em>Near Threatened<\/em><\/span> ein. Obwohl relativ h\u00e4ufig, ist er durch Zerst\u00f6rung oder Verschlechterung von <a href=\"https:\/\/www.blackturtledive.com\/conservation\/marine-conservation-courses\/\">Korallenriffen<\/a>, Bauma\u00dfnahmen, Fischerei und den Aquarienhandel bedroht.<\/p>\n<figure id=\"attachment_3215\" aria-describedby=\"caption-attachment-3215\" style=\"width: 1000px\" class=\"wp-caption alignnone\"><img decoding=\"async\" class=\"size-full wp-image-3215\" src=\"https:\/\/www.blackturtledive.com\/wp-content\/uploads\/2021\/01\/blackturtledive.com-blue-ribbontail-ray-koh-tao-thailand.jpg\" alt=\"Blaupunkt-B\u00e4nderschwanzrochen Koh Tao\" width=\"1000\" height=\"662\" srcset=\"https:\/\/www.blackturtledive.com\/wp-content\/uploads\/2021\/01\/blackturtledive.com-blue-ribbontail-ray-koh-tao-thailand.jpg 1000w, https:\/\/www.blackturtledive.com\/wp-content\/uploads\/2021\/01\/blackturtledive.com-blue-ribbontail-ray-koh-tao-thailand-300x199.jpg 300w, https:\/\/www.blackturtledive.com\/wp-content\/uploads\/2021\/01\/blackturtledive.com-blue-ribbontail-ray-koh-tao-thailand-768x508.jpg 768w, https:\/\/www.blackturtledive.com\/wp-content\/uploads\/2021\/01\/blackturtledive.com-blue-ribbontail-ray-koh-tao-thailand-150x99.jpg 150w\" sizes=\"(max-width: 1000px) 100vw, 1000px\" \/><figcaption id=\"caption-attachment-3215\" class=\"wp-caption-text\">Blaupunkt-B\u00e4nderschwanzrochen Koh Tao<\/figcaption><\/figure>\n<p>[\/vc_column_text][\/vc_column][\/vc_row]<\/p>\n<\/div>","protected":false},"excerpt":{"rendered":"<p>Blau gefleckte Bandrochen sind die am h\u00e4ufigsten von Tauchern und Schnorchlern im warmen, tropischen Meer um Koh Tao gesichtete Stachelrochenart.<\/p>\n","protected":false},"author":2,"featured_media":18180,"parent":18647,"menu_order":0,"comment_status":"closed","ping_status":"closed","template":"","meta":{"_acf_changed":false,"footnotes":""},"class_list":["post-18593","page","type-page","status-publish","has-post-thumbnail","hentry"],"acf":[],"yoast_head":"<!-- This site is optimized with the Yoast SEO Premium plugin v27.6 (Yoast SEO v27.6) - https:\/\/yoast.com\/product\/yoast-seo-premium-wordpress\/ -->\n<title>Blau gefleckter Bandrochen Koh Tao | black Turtle Dive<\/title>\n<meta name=\"description\" content=\"Blau gefleckte Bandrochen sind die am h\u00e4ufigsten von Tauchern und Schnorchlern im warmen, tropischen Meer rund um Koh Tao gesichtete Stachelrochenart.\" \/>\n<meta name=\"robots\" content=\"index, follow, max-snippet:-1, max-image-preview:large, max-video-preview:-1\" \/>\n<link rel=\"canonical\" href=\"https:\/\/www.blackturtledive.com\/de\/koh-tao-marine-life\/blue-spotted-ribbontail-ray\/\" \/>\n<meta property=\"og:locale\" content=\"de_DE\" \/>\n<meta property=\"og:type\" content=\"article\" \/>\n<meta property=\"og:title\" content=\"Blue Spotted Ribbontail Ray Koh Tao | Black Turtle Dive\" \/>\n<meta property=\"og:description\" content=\"Blue spotted ribbontail rays are the most common species of stingray seen by scuba divers and snorkelers in the warm, tropical sea surrounding Koh Tao\" \/>\n<meta property=\"og:url\" content=\"https:\/\/www.blackturtledive.com\/de\/koh-tao-marine-life\/blue-spotted-ribbontail-ray\/\" \/>\n<meta property=\"og:site_name\" content=\"Black Turtle Dive Koh Tao\" \/>\n<meta property=\"article:publisher\" content=\"https:\/\/www.facebook.com\/blackturtledive\" \/>\n<meta property=\"article:modified_time\" content=\"2026-05-05T14:23:42+00:00\" \/>\n<meta property=\"og:image\" content=\"https:\/\/www.blackturtledive.com\/wp-content\/uploads\/2020\/11\/blackturtledive.com-best-padi-divemaster-course-koh-tao.jpg\" \/>\n\t<meta property=\"og:image:width\" content=\"1200\" \/>\n\t<meta property=\"og:image:height\" content=\"800\" \/>\n\t<meta property=\"og:image:type\" content=\"image\/jpeg\" \/>\n<meta name=\"twitter:card\" content=\"summary_large_image\" \/>\n<meta name=\"twitter:title\" content=\"Blue Spotted Ribbontail Ray Koh Tao | Black Turtle Dive\" \/>\n<meta name=\"twitter:description\" content=\"Blue spotted ribbontail rays are the most common species of stingray seen by scuba divers and snorkelers in the warm, tropical sea surrounding Koh Tao\" \/>\n<meta name=\"twitter:image\" content=\"https:\/\/www.blackturtledive.com\/wp-content\/uploads\/2020\/11\/blackturtledive.com-best-padi-divemaster-course-koh-tao.jpg\" \/>\n<meta name=\"twitter:site\" content=\"@blackturtledive\" \/>\n<meta name=\"twitter:label1\" content=\"Gesch\u00e4tzte Lesezeit\" \/>\n\t<meta name=\"twitter:data1\" content=\"4\u00a0Minuten\" \/>\n<!-- \/ Yoast SEO Premium plugin. -->","yoast_head_json":{"title":"Blau gefleckter Bandrochen Koh Tao | black Turtle Dive","description":"Blau gefleckte Bandrochen sind die am h\u00e4ufigsten von Tauchern und Schnorchlern im warmen, tropischen Meer rund um Koh Tao gesichtete Stachelrochenart.","robots":{"index":"index","follow":"follow","max-snippet":"max-snippet:-1","max-image-preview":"max-image-preview:large","max-video-preview":"max-video-preview:-1"},"canonical":"https:\/\/www.blackturtledive.com\/de\/koh-tao-marine-life\/blue-spotted-ribbontail-ray\/","og_locale":"de_DE","og_type":"article","og_title":"Blue Spotted Ribbontail Ray Koh Tao | Black Turtle Dive","og_description":"Blue spotted ribbontail rays are the most common species of stingray seen by scuba divers and snorkelers in the warm, tropical sea surrounding Koh Tao","og_url":"https:\/\/www.blackturtledive.com\/de\/koh-tao-marine-life\/blue-spotted-ribbontail-ray\/","og_site_name":"Black Turtle Dive Koh Tao","article_publisher":"https:\/\/www.facebook.com\/blackturtledive","article_modified_time":"2026-05-05T14:23:42+00:00","og_image":[{"width":1200,"height":800,"url":"https:\/\/www.blackturtledive.com\/wp-content\/uploads\/2020\/11\/blackturtledive.com-best-padi-divemaster-course-koh-tao.jpg","type":"image\/jpeg"}],"twitter_card":"summary_large_image","twitter_title":"Blue Spotted Ribbontail Ray Koh Tao | Black Turtle Dive","twitter_description":"Blue spotted ribbontail rays are the most common species of stingray seen by scuba divers and snorkelers in the warm, tropical sea surrounding Koh Tao","twitter_image":"https:\/\/www.blackturtledive.com\/wp-content\/uploads\/2020\/11\/blackturtledive.com-best-padi-divemaster-course-koh-tao.jpg","twitter_site":"@blackturtledive","twitter_misc":{"Gesch\u00e4tzte Lesezeit":"4\u00a0Minuten"},"schema":{"@context":"https:\/\/schema.org","@graph":[{"@type":"WebPage","@id":"https:\/\/www.blackturtledive.com\/de\/koh-tao-marine-life\/blue-spotted-ribbontail-ray\/","url":"https:\/\/www.blackturtledive.com\/de\/koh-tao-marine-life\/blue-spotted-ribbontail-ray\/","name":"Blau gefleckter Bandrochen Koh Tao | black Turtle Dive","isPartOf":{"@id":"https:\/\/www.blackturtledive.com\/de\/#website"},"primaryImageOfPage":{"@id":"https:\/\/www.blackturtledive.com\/de\/koh-tao-marine-life\/blue-spotted-ribbontail-ray\/#primaryimage"},"image":{"@id":"https:\/\/www.blackturtledive.com\/de\/koh-tao-marine-life\/blue-spotted-ribbontail-ray\/#primaryimage"},"thumbnailUrl":"https:\/\/www.blackturtledive.com\/wp-content\/uploads\/2021\/01\/blackturtledive.com-blue-ribbontail-ray-koh-tao-thailand.jpg","datePublished":"2020-12-31T17:21:34+00:00","dateModified":"2026-05-05T14:23:42+00:00","description":"Blau gefleckte Bandrochen sind die am h\u00e4ufigsten von Tauchern und Schnorchlern im warmen, tropischen Meer rund um Koh Tao gesichtete Stachelrochenart.","breadcrumb":{"@id":"https:\/\/www.blackturtledive.com\/de\/koh-tao-marine-life\/blue-spotted-ribbontail-ray\/#breadcrumb"},"inLanguage":"de","potentialAction":[{"@type":"ReadAction","target":["https:\/\/www.blackturtledive.com\/de\/koh-tao-marine-life\/blue-spotted-ribbontail-ray\/"]}]},{"@type":"ImageObject","inLanguage":"de","@id":"https:\/\/www.blackturtledive.com\/de\/koh-tao-marine-life\/blue-spotted-ribbontail-ray\/#primaryimage","url":"https:\/\/www.blackturtledive.com\/wp-content\/uploads\/2021\/01\/blackturtledive.com-blue-ribbontail-ray-koh-tao-thailand.jpg","contentUrl":"https:\/\/www.blackturtledive.com\/wp-content\/uploads\/2021\/01\/blackturtledive.com-blue-ribbontail-ray-koh-tao-thailand.jpg","width":1000,"height":662,"caption":"Blue Spotted Ribbontail Ray Koh Tao"},{"@type":"BreadcrumbList","@id":"https:\/\/www.blackturtledive.com\/de\/koh-tao-marine-life\/blue-spotted-ribbontail-ray\/#breadcrumb","itemListElement":[{"@type":"ListItem","position":1,"name":"Home","item":"https:\/\/www.blackturtledive.com\/de\/"},{"@type":"ListItem","position":2,"name":"Koh Tao Meeresleben","item":"https:\/\/www.blackturtledive.com\/de\/koh-tao-marine-life\/"},{"@type":"ListItem","position":3,"name":"Blaupunkt\u2011Streifenrochen"}]},{"@type":"WebSite","@id":"https:\/\/www.blackturtledive.com\/de\/#website","url":"https:\/\/www.blackturtledive.com\/de\/","name":"Black Turtle Dive Koh Tao","description":"Ocean Explorers | Marine Protectors","publisher":{"@id":"https:\/\/www.blackturtledive.com\/de\/#organization"},"alternateName":"Black Turtle Dive in Thailand","potentialAction":[{"@type":"SearchAction","target":{"@type":"EntryPoint","urlTemplate":"https:\/\/www.blackturtledive.com\/de\/?s={search_term_string}"},"query-input":{"@type":"PropertyValueSpecification","valueRequired":true,"valueName":"search_term_string"}}],"inLanguage":"de"},{"@type":"Organization","@id":"https:\/\/www.blackturtledive.com\/de\/#organization","name":"Black Turtle Dive Koh Tao","alternateName":"Black Turtle Dive","url":"https:\/\/www.blackturtledive.com\/de\/","logo":{"@type":"ImageObject","inLanguage":"de","@id":"https:\/\/www.blackturtledive.com\/de\/#\/schema\/logo\/image\/","url":"https:\/\/www.blackturtledive.com\/wp-content\/uploads\/2020\/11\/cropped-blackturtledive.com-brand-logo.png","contentUrl":"https:\/\/www.blackturtledive.com\/wp-content\/uploads\/2020\/11\/cropped-blackturtledive.com-brand-logo.png","width":400,"height":400,"caption":"Black Turtle Dive Koh Tao"},"image":{"@id":"https:\/\/www.blackturtledive.com\/de\/#\/schema\/logo\/image\/"},"sameAs":["https:\/\/www.facebook.com\/blackturtledive","https:\/\/x.com\/blackturtledive","https:\/\/www.instagram.com\/blackturtledive\/","https:\/\/www.youtube.com\/blackturtledive","https:\/\/www.linkedin.com\/company\/blackturtledive\/","https:\/\/www.tumblr.com\/blackturtledive","https:\/\/www.pinterest.com\/blackturtledive\/","https:\/\/www.tiktok.com\/@blackturtledive","https:\/\/www.reddit.com\/user\/blackturtledive\/"],"description":"Black Turtle Dive is a modern and innovative 5 Star Career Development Scuba Diving Center, passionate about the ocean and through training we want to empower you to become a competent and confident scuba diver. Our diving courses equip you with the skills, knowledge and awareness necessary to explore the ocean safely, whilst becoming a passionate advocate and protector of the marine environment. If you have never dived before or are a certified diver and want to develop your skills further, our tailored, bespoke courses and programs will inspire you to become an Ocean advocate. Our scientific based Marine Conservation Internships and training programs, offer aspiring scuba divers and marine conservationists, the best marine conservation internships on Koh Tao. We currently offer students six levels of Marine Conservation Internships at our beachside location on Koh Tao in Thailand. Check out our website for more information.","email":"info@blackturtledive.com","telephone":"089 592 2134","legalName":"Black Turtle Dive Co Ltd","foundingDate":"2020-01-01","publishingPrinciples":"https:\/\/www.blackturtledive.com\/terms\/","ownershipFundingInfo":"https:\/\/www.blackturtledive.com\/terms\/","actionableFeedbackPolicy":"https:\/\/www.blackturtledive.com\/privacy-policy\/","correctionsPolicy":"https:\/\/www.blackturtledive.com\/privacy-policy\/","ethicsPolicy":"https:\/\/www.blackturtledive.com\/privacy-policy\/","diversityPolicy":"https:\/\/www.blackturtledive.com\/privacy-policy\/"}]}},"_links":{"self":[{"href":"https:\/\/www.blackturtledive.com\/de\/wp-json\/wp\/v2\/pages\/18593","targetHints":{"allow":["GET"]}}],"collection":[{"href":"https:\/\/www.blackturtledive.com\/de\/wp-json\/wp\/v2\/pages"}],"about":[{"href":"https:\/\/www.blackturtledive.com\/de\/wp-json\/wp\/v2\/types\/page"}],"author":[{"embeddable":true,"href":"https:\/\/www.blackturtledive.com\/de\/wp-json\/wp\/v2\/users\/2"}],"replies":[{"embeddable":true,"href":"https:\/\/www.blackturtledive.com\/de\/wp-json\/wp\/v2\/comments?post=18593"}],"version-history":[{"count":1,"href":"https:\/\/www.blackturtledive.com\/de\/wp-json\/wp\/v2\/pages\/18593\/revisions"}],"predecessor-version":[{"id":70843,"href":"https:\/\/www.blackturtledive.com\/de\/wp-json\/wp\/v2\/pages\/18593\/revisions\/70843"}],"up":[{"embeddable":true,"href":"https:\/\/www.blackturtledive.com\/de\/wp-json\/wp\/v2\/pages\/18647"}],"wp:featuredmedia":[{"embeddable":true,"href":"https:\/\/www.blackturtledive.com\/de\/wp-json\/wp\/v2\/media\/18180"}],"wp:attachment":[{"href":"https:\/\/www.blackturtledive.com\/de\/wp-json\/wp\/v2\/media?parent=18593"}],"curies":[{"name":"wp","href":"https:\/\/api.w.org\/{rel}","templated":true}]}}