{"id":18594,"date":"2020-12-31T23:51:47","date_gmt":"2020-12-31T16:51:47","guid":{"rendered":"https:\/\/www.blackturtledive.com\/black-spotted-porcupine-fish\/"},"modified":"2026-05-05T21:23:43","modified_gmt":"2026-05-05T14:23:43","slug":"black-spotted-porcupine-fish","status":"publish","type":"page","link":"https:\/\/www.blackturtledive.com\/de\/koh-tao-marine-life\/black-spotted-porcupine-fish\/","title":{"rendered":"Schwarzgefleckter Igelfisch"},"content":{"rendered":"<div class=\"wpb-content-wrapper\"><p>[vc_row][vc_column][vc_column_text css=&#8220;&#8220;]Der Schwarzgefleckte Igelfisch (Diodon hystrix) ist ein langsam bewegender, kr\u00e4ftig gebauter Fisch, der mit scharfen Stacheln bedeckt ist, die flach anliegen, bis sich das Tier zum Schutz aufbl\u00e4ht.<\/p>\n<p>Er sucht tags\u00fcber Unterschlupf unter \u00dcberh\u00e4ngen und benutzt seine kr\u00e4ftigen, schnabelartigen Z\u00e4hne, um hartschalige Beute wie Seeigel, Krabben und Schnecken zu zerbrechen.<\/p>\n<p>Erkennbar an seinen gro\u00dfen, neugierigen Augen und gefleckten Flossen, findet man ihn h\u00e4ufig an Pl\u00e4tzen wie White Rock und Junkyard Reef, wo er zur Riffgesundheit beitr\u00e4gt, indem er wirbellose Best\u00e4nde kontrolliert.<\/p>\n<h3><span style=\"color: #28d4ff;\">Alles \u00fcber den Schwarzgefleckten Stachelfisch auf Koh Tao<\/span><\/h3>\n<p>Der Schwarzgefleckte Stachelfisch ist eine von achtzehn bekannten Stachelfisch-Arten und eng verwandt mit anderen Stachelfischen; er darf nicht mit dem Kugelfisch verwechselt werden.<\/p>\n<figure id=\"attachment_3196\" aria-describedby=\"caption-attachment-3196\" style=\"width: 1000px\" class=\"wp-caption alignnone\"><img decoding=\"async\" class=\"size-full wp-image-3196\" src=\"https:\/\/www.blackturtledive.com\/wp-content\/uploads\/2021\/01\/blackturtledive.com-black-spotted-porcupine-fish-koh-tao-thailand.jpg\" alt=\"Schwarzgefleckter Stachelfisch Koh Tao\" width=\"1000\" height=\"667\" srcset=\"https:\/\/www.blackturtledive.com\/wp-content\/uploads\/2021\/01\/blackturtledive.com-black-spotted-porcupine-fish-koh-tao-thailand.jpg 1000w, https:\/\/www.blackturtledive.com\/wp-content\/uploads\/2021\/01\/blackturtledive.com-black-spotted-porcupine-fish-koh-tao-thailand-300x200.jpg 300w, https:\/\/www.blackturtledive.com\/wp-content\/uploads\/2021\/01\/blackturtledive.com-black-spotted-porcupine-fish-koh-tao-thailand-768x512.jpg 768w, https:\/\/www.blackturtledive.com\/wp-content\/uploads\/2021\/01\/blackturtledive.com-black-spotted-porcupine-fish-koh-tao-thailand-150x100.jpg 150w\" sizes=\"(max-width: 1000px) 100vw, 1000px\" \/><figcaption id=\"caption-attachment-3196\" class=\"wp-caption-text\">Schwarzgefleckter Stachelfisch Koh Tao<\/figcaption><\/figure>\n<h3>Wo man den Schwarzgefleckten Stachelfisch auf Koh Tao findet<\/h3>\n<p>Den Schwarzgefleckten Stachelfisch kann man an <a href=\"https:\/\/www.blackturtledive.com\/koh-tao-dive-sites\/\">Tauchpl\u00e4tzen<\/a> wie <a href=\"https:\/\/www.blackturtledive.com\/koh-tao-dive-sites\/pottery-pinnacle\/\">Pottery Pinnacle<\/a>, Three Rocks und am h\u00e4ufigsten am <a href=\"https:\/\/www.blackturtledive.com\/koh-tao-dive-sites\/junkyard-reef\/\">Junkyard Reef<\/a> sehen.<\/p>\n<p>Das Junkyard Reef beheimatet einige st\u00e4ndige <a href=\"https:\/\/www.blackturtledive.com\/koh-tao-marine-life\/\">Bewohner<\/a>, der bekannteste tr\u00e4gt den Spitznamen \u201eSteve\u201c, da er oft <a href=\"https:\/\/www.blackturtledive.com\/padi-diving-courses\/\">Tauchern<\/a> folgt, als hielte er sich f\u00fcr Teil ihres Buddy-Teams.<\/p>\n<h3><span style=\"color: #28d4ff;\">Wie man den Schwarzgefleckten Stachelfisch erkennt<\/span><\/h3>\n<p>Diese Stachelfisch-Art hat einen gro\u00dfen torpedof\u00f6rmigen K\u00f6rper, der mit sehr robusten, hellen Stacheln bedeckt ist.<\/p>\n<p>Die K\u00f6rperfarbe reicht von hellbraun bis olivgr\u00fcn gesprenkelt, mit kleinen schwarzen Punkten \u00fcber K\u00f6rper und Flossen; die Unterseite ist meist wei\u00df.<\/p>\n<p>Alle Flossen sind stark gerundet, um schnelle, wendige Wendungen zu erm\u00f6glichen, und die gro\u00dfen schwarzen Augen treten leicht aus dem K\u00f6rper hervor.<\/p>\n<figure id=\"attachment_3198\" aria-describedby=\"caption-attachment-3198\" style=\"width: 1000px\" class=\"wp-caption alignnone\"><img decoding=\"async\" class=\"size-full wp-image-3198\" src=\"https:\/\/www.blackturtledive.com\/wp-content\/uploads\/2021\/01\/blackturtledive.com-black-spotted-porcupine-fish-koh-tao-marine-life.jpg\" alt=\"Schwarzgefleckter Stachelfisch Koh Tao Meeresbewohner\" width=\"1000\" height=\"668\" srcset=\"https:\/\/www.blackturtledive.com\/wp-content\/uploads\/2021\/01\/blackturtledive.com-black-spotted-porcupine-fish-koh-tao-marine-life.jpg 1000w, https:\/\/www.blackturtledive.com\/wp-content\/uploads\/2021\/01\/blackturtledive.com-black-spotted-porcupine-fish-koh-tao-marine-life-300x200.jpg 300w, https:\/\/www.blackturtledive.com\/wp-content\/uploads\/2021\/01\/blackturtledive.com-black-spotted-porcupine-fish-koh-tao-marine-life-768x513.jpg 768w, https:\/\/www.blackturtledive.com\/wp-content\/uploads\/2021\/01\/blackturtledive.com-black-spotted-porcupine-fish-koh-tao-marine-life-150x100.jpg 150w\" sizes=\"(max-width: 1000px) 100vw, 1000px\" \/><figcaption id=\"caption-attachment-3198\" class=\"wp-caption-text\">Schwarzgefleckter Stachelfisch Koh Tao Meeresbewohner<\/figcaption><\/figure>\n<h3>Merkmale &amp; Verhalten des Schwarzgefleckten Stachelfische<\/h3>\n<p>Wie alle Stachelfische besitzen sie einen extrem kr\u00e4ftigen Kiefer; die Z\u00e4hne im Ober- und Unterkiefer sind zu Platten verschmolzen, die eine Art Schnabel bilden.<\/p>\n<p>Dieser Schnabel hilft dem Stachelfisch, seine Nahrung zu zerdr\u00fccken. Sie sind nat\u00fcrliche Nahrungssucher und Riffarbeiter und verbringen viel Zeit damit, kleine Wirbellose wie Krabben, Schnecken und Seeigel zu suchen.<\/p>\n<h3><span style=\"color: #28d4ff;\">Beeindruckender Abwehrmechanismus<\/span><\/h3>\n<p>Stachelfische sind keine besonders starken Schwimmer und haben sich daher an ein eher langsames Leben angepasst.<\/p>\n<p>Eine beeindruckende Abwehrstrategie ist die F\u00e4higkeit, schnell Wasser aufzusaugen und so eine kugelf\u00f6rmige Gestalt anzunehmen.<\/p>\n<p>Dadurch richten sich ihre Stacheln vollst\u00e4ndig auf, was es f\u00fcr potenzielle Fressfeinde sehr schwierig und umst\u00e4ndlich macht, sie zu verschlingen.<\/p>\n<h3>Interessante Fakten \u00fcber den Schwarzgefleckten Stachelfisch<\/h3>\n<p>Wie viele andere Stachelfische stehen sie in einer h\u00e4ufigen symbiotischen Beziehung mit einer speziellen Bakterienart; die bekannteste ist Pseudoalteromonas tetraodon.<\/p>\n<p>Dieses Bakterium verursacht die Produktion von Tetrodotoxin, einem \u00e4u\u00dferst starken Neurotoxin.<\/p>\n<p>Stachelfische k\u00f6nnen jedes Auge unabh\u00e4ngig voneinander bewegen und werden oft dabei beobachtet, wie sie in einem Winkel vor Tauchern wegschwimmen, sodass immer eines der Augen die Umgebung im Blick hat.<\/p>\n<h3><span style=\"color: #28d4ff;\">Starkes Gift<\/span><\/h3>\n<p>Leider sind diese Stachelfische in der Gastronomie als Kugelfische bekannt und gelten in einigen L\u00e4ndern als Delikatesse.<\/p>\n<p>Aufgrund ihres starken Giftes m\u00fcssen einige K\u00f6che jahrelang ausgebildet werden, um eine Lizenz zur Zubereitung dieser Fische zu erhalten.<\/p>\n<p>Die speziell gefertigten Messer m\u00fcssen in einem bestimmten Winkel schneiden, um das Durchstechen der Gifts\u00e4cke und das Freisetzen des Giftes ins Fleisch zu vermeiden.<\/p>\n<p>Einer ihrer wenigen nat\u00fcrlichen Feinde sind Delfine.<\/p>\n<p>Studien zeigen, dass Delfine beobachtet wurden, wie sie mit Stachelfischen beinahe ein Unterwasser-Volleyball spielten.<\/p>\n<p>Wissenschaftler vermuten, dass die hochgradig stressige Erfahrung der Fische zur Sekretion ihres Giftes f\u00fchrt, das bei den Delfinen offenbar eine s\u00fcchtig machende Wirkung haben kann.[\/vc_column_text][\/vc_column][\/vc_row]<\/p>\n<\/div>","protected":false},"excerpt":{"rendered":"<p>Die Schwarzflecken-Igelfische auf Koh Tao geh\u00f6ren zu den achtzehn bekannten Igelfischarten und sind eng mit dem Kugelfisch verwandt, d\u00fcrfen aber nicht mit ihm verwechselt werden.<\/p>\n","protected":false},"author":2,"featured_media":18174,"parent":18647,"menu_order":0,"comment_status":"closed","ping_status":"closed","template":"","meta":{"_acf_changed":false,"footnotes":""},"class_list":["post-18594","page","type-page","status-publish","has-post-thumbnail","hentry"],"acf":[],"yoast_head":"<!-- This site is optimized with the Yoast SEO Premium plugin v27.6 (Yoast SEO v27.6) - https:\/\/yoast.com\/product\/yoast-seo-premium-wordpress\/ -->\n<title>Schwarzgefleckter Kugelfisch in Koh Tao | Black Turtle Dive<\/title>\n<meta name=\"description\" content=\"Die Schwarzflecken-Igelfische auf Koh Tao geh\u00f6ren zu den 18 bekannten Igelfischarten und sind eng mit dem Kugelfisch verwandt, d\u00fcrfen aber nicht mit ihm verwechselt werden.\" \/>\n<meta name=\"robots\" content=\"index, follow, max-snippet:-1, max-image-preview:large, max-video-preview:-1\" \/>\n<link rel=\"canonical\" href=\"https:\/\/www.blackturtledive.com\/de\/koh-tao-marine-life\/black-spotted-porcupine-fish\/\" \/>\n<meta property=\"og:locale\" content=\"de_DE\" \/>\n<meta property=\"og:type\" content=\"article\" \/>\n<meta property=\"og:title\" content=\"Black Spotted Porcupine Fish Koh Tao | Black Turtle Dive\" \/>\n<meta property=\"og:description\" content=\"Black Spotted Porcupine Fish on Koh Tao are one of 18 types of known porcupine fish and are very closely related to but not to be confused with the pufferfish\" \/>\n<meta property=\"og:url\" content=\"https:\/\/www.blackturtledive.com\/de\/koh-tao-marine-life\/black-spotted-porcupine-fish\/\" \/>\n<meta property=\"og:site_name\" content=\"Black Turtle Dive Koh Tao\" \/>\n<meta property=\"article:publisher\" content=\"https:\/\/www.facebook.com\/blackturtledive\" \/>\n<meta property=\"article:modified_time\" content=\"2026-05-05T14:23:43+00:00\" \/>\n<meta property=\"og:image\" content=\"https:\/\/www.blackturtledive.com\/wp-content\/uploads\/2020\/11\/blackturtledive.com-best-padi-divemaster-course-koh-tao.jpg\" \/>\n\t<meta property=\"og:image:width\" content=\"1200\" \/>\n\t<meta property=\"og:image:height\" content=\"800\" \/>\n\t<meta property=\"og:image:type\" content=\"image\/jpeg\" \/>\n<meta name=\"twitter:card\" content=\"summary_large_image\" \/>\n<meta name=\"twitter:title\" content=\"Black Spotted Porcupine Fish Koh Tao | Black Turtle Dive\" \/>\n<meta name=\"twitter:description\" content=\"Black Spotted Porcupine Fish on Koh Tao are one of 18 types of known porcupine fish and are very closely related to but not to be confused with the pufferfish\" \/>\n<meta name=\"twitter:image\" content=\"https:\/\/www.blackturtledive.com\/wp-content\/uploads\/2020\/11\/blackturtledive.com-best-padi-divemaster-course-koh-tao.jpg\" \/>\n<meta name=\"twitter:site\" content=\"@blackturtledive\" \/>\n<meta name=\"twitter:label1\" content=\"Gesch\u00e4tzte Lesezeit\" \/>\n\t<meta name=\"twitter:data1\" content=\"3\u00a0Minuten\" \/>\n<!-- \/ Yoast SEO Premium plugin. -->","yoast_head_json":{"title":"Schwarzgefleckter Kugelfisch in Koh Tao | Black Turtle Dive","description":"Die Schwarzflecken-Igelfische auf Koh Tao geh\u00f6ren zu den 18 bekannten Igelfischarten und sind eng mit dem Kugelfisch verwandt, d\u00fcrfen aber nicht mit ihm verwechselt werden.","robots":{"index":"index","follow":"follow","max-snippet":"max-snippet:-1","max-image-preview":"max-image-preview:large","max-video-preview":"max-video-preview:-1"},"canonical":"https:\/\/www.blackturtledive.com\/de\/koh-tao-marine-life\/black-spotted-porcupine-fish\/","og_locale":"de_DE","og_type":"article","og_title":"Black Spotted Porcupine Fish Koh Tao | Black Turtle Dive","og_description":"Black Spotted Porcupine Fish on Koh Tao are one of 18 types of known porcupine fish and are very closely related to but not to be confused with the pufferfish","og_url":"https:\/\/www.blackturtledive.com\/de\/koh-tao-marine-life\/black-spotted-porcupine-fish\/","og_site_name":"Black Turtle Dive Koh Tao","article_publisher":"https:\/\/www.facebook.com\/blackturtledive","article_modified_time":"2026-05-05T14:23:43+00:00","og_image":[{"width":1200,"height":800,"url":"https:\/\/www.blackturtledive.com\/wp-content\/uploads\/2020\/11\/blackturtledive.com-best-padi-divemaster-course-koh-tao.jpg","type":"image\/jpeg"}],"twitter_card":"summary_large_image","twitter_title":"Black Spotted Porcupine Fish Koh Tao | Black Turtle Dive","twitter_description":"Black Spotted Porcupine Fish on Koh Tao are one of 18 types of known porcupine fish and are very closely related to but not to be confused with the pufferfish","twitter_image":"https:\/\/www.blackturtledive.com\/wp-content\/uploads\/2020\/11\/blackturtledive.com-best-padi-divemaster-course-koh-tao.jpg","twitter_site":"@blackturtledive","twitter_misc":{"Gesch\u00e4tzte Lesezeit":"3\u00a0Minuten"},"schema":{"@context":"https:\/\/schema.org","@graph":[{"@type":"WebPage","@id":"https:\/\/www.blackturtledive.com\/de\/koh-tao-marine-life\/black-spotted-porcupine-fish\/","url":"https:\/\/www.blackturtledive.com\/de\/koh-tao-marine-life\/black-spotted-porcupine-fish\/","name":"Schwarzgefleckter Kugelfisch in Koh Tao | Black Turtle Dive","isPartOf":{"@id":"https:\/\/www.blackturtledive.com\/de\/#website"},"primaryImageOfPage":{"@id":"https:\/\/www.blackturtledive.com\/de\/koh-tao-marine-life\/black-spotted-porcupine-fish\/#primaryimage"},"image":{"@id":"https:\/\/www.blackturtledive.com\/de\/koh-tao-marine-life\/black-spotted-porcupine-fish\/#primaryimage"},"thumbnailUrl":"https:\/\/www.blackturtledive.com\/wp-content\/uploads\/2021\/01\/blackturtledive.com-black-spotted-porcupine-fish-koh-tao-thailand.jpg","datePublished":"2020-12-31T16:51:47+00:00","dateModified":"2026-05-05T14:23:43+00:00","description":"Die Schwarzflecken-Igelfische auf Koh Tao geh\u00f6ren zu den 18 bekannten Igelfischarten und sind eng mit dem Kugelfisch verwandt, d\u00fcrfen aber nicht mit ihm verwechselt werden.","breadcrumb":{"@id":"https:\/\/www.blackturtledive.com\/de\/koh-tao-marine-life\/black-spotted-porcupine-fish\/#breadcrumb"},"inLanguage":"de","potentialAction":[{"@type":"ReadAction","target":["https:\/\/www.blackturtledive.com\/de\/koh-tao-marine-life\/black-spotted-porcupine-fish\/"]}]},{"@type":"ImageObject","inLanguage":"de","@id":"https:\/\/www.blackturtledive.com\/de\/koh-tao-marine-life\/black-spotted-porcupine-fish\/#primaryimage","url":"https:\/\/www.blackturtledive.com\/wp-content\/uploads\/2021\/01\/blackturtledive.com-black-spotted-porcupine-fish-koh-tao-thailand.jpg","contentUrl":"https:\/\/www.blackturtledive.com\/wp-content\/uploads\/2021\/01\/blackturtledive.com-black-spotted-porcupine-fish-koh-tao-thailand.jpg","width":1000,"height":667,"caption":"Black Spotted Porcupine Fish Koh Tao"},{"@type":"BreadcrumbList","@id":"https:\/\/www.blackturtledive.com\/de\/koh-tao-marine-life\/black-spotted-porcupine-fish\/#breadcrumb","itemListElement":[{"@type":"ListItem","position":1,"name":"Home","item":"https:\/\/www.blackturtledive.com\/de\/"},{"@type":"ListItem","position":2,"name":"Koh Tao Meeresleben","item":"https:\/\/www.blackturtledive.com\/de\/koh-tao-marine-life\/"},{"@type":"ListItem","position":3,"name":"Schwarzgefleckter Igelfisch"}]},{"@type":"WebSite","@id":"https:\/\/www.blackturtledive.com\/de\/#website","url":"https:\/\/www.blackturtledive.com\/de\/","name":"Black Turtle Dive Koh Tao","description":"Ocean Explorers | Marine Protectors","publisher":{"@id":"https:\/\/www.blackturtledive.com\/de\/#organization"},"alternateName":"Black Turtle Dive in Thailand","potentialAction":[{"@type":"SearchAction","target":{"@type":"EntryPoint","urlTemplate":"https:\/\/www.blackturtledive.com\/de\/?s={search_term_string}"},"query-input":{"@type":"PropertyValueSpecification","valueRequired":true,"valueName":"search_term_string"}}],"inLanguage":"de"},{"@type":"Organization","@id":"https:\/\/www.blackturtledive.com\/de\/#organization","name":"Black Turtle Dive Koh Tao","alternateName":"Black Turtle Dive","url":"https:\/\/www.blackturtledive.com\/de\/","logo":{"@type":"ImageObject","inLanguage":"de","@id":"https:\/\/www.blackturtledive.com\/de\/#\/schema\/logo\/image\/","url":"https:\/\/www.blackturtledive.com\/wp-content\/uploads\/2020\/11\/cropped-blackturtledive.com-brand-logo.png","contentUrl":"https:\/\/www.blackturtledive.com\/wp-content\/uploads\/2020\/11\/cropped-blackturtledive.com-brand-logo.png","width":400,"height":400,"caption":"Black Turtle Dive Koh Tao"},"image":{"@id":"https:\/\/www.blackturtledive.com\/de\/#\/schema\/logo\/image\/"},"sameAs":["https:\/\/www.facebook.com\/blackturtledive","https:\/\/x.com\/blackturtledive","https:\/\/www.instagram.com\/blackturtledive\/","https:\/\/www.youtube.com\/blackturtledive","https:\/\/www.linkedin.com\/company\/blackturtledive\/","https:\/\/www.tumblr.com\/blackturtledive","https:\/\/www.pinterest.com\/blackturtledive\/","https:\/\/www.tiktok.com\/@blackturtledive","https:\/\/www.reddit.com\/user\/blackturtledive\/"],"description":"Black Turtle Dive is a modern and innovative 5 Star Career Development Scuba Diving Center, passionate about the ocean and through training we want to empower you to become a competent and confident scuba diver. Our diving courses equip you with the skills, knowledge and awareness necessary to explore the ocean safely, whilst becoming a passionate advocate and protector of the marine environment. If you have never dived before or are a certified diver and want to develop your skills further, our tailored, bespoke courses and programs will inspire you to become an Ocean advocate. Our scientific based Marine Conservation Internships and training programs, offer aspiring scuba divers and marine conservationists, the best marine conservation internships on Koh Tao. We currently offer students six levels of Marine Conservation Internships at our beachside location on Koh Tao in Thailand. Check out our website for more information.","email":"info@blackturtledive.com","telephone":"089 592 2134","legalName":"Black Turtle Dive Co Ltd","foundingDate":"2020-01-01","publishingPrinciples":"https:\/\/www.blackturtledive.com\/terms\/","ownershipFundingInfo":"https:\/\/www.blackturtledive.com\/terms\/","actionableFeedbackPolicy":"https:\/\/www.blackturtledive.com\/privacy-policy\/","correctionsPolicy":"https:\/\/www.blackturtledive.com\/privacy-policy\/","ethicsPolicy":"https:\/\/www.blackturtledive.com\/privacy-policy\/","diversityPolicy":"https:\/\/www.blackturtledive.com\/privacy-policy\/"}]}},"_links":{"self":[{"href":"https:\/\/www.blackturtledive.com\/de\/wp-json\/wp\/v2\/pages\/18594","targetHints":{"allow":["GET"]}}],"collection":[{"href":"https:\/\/www.blackturtledive.com\/de\/wp-json\/wp\/v2\/pages"}],"about":[{"href":"https:\/\/www.blackturtledive.com\/de\/wp-json\/wp\/v2\/types\/page"}],"author":[{"embeddable":true,"href":"https:\/\/www.blackturtledive.com\/de\/wp-json\/wp\/v2\/users\/2"}],"replies":[{"embeddable":true,"href":"https:\/\/www.blackturtledive.com\/de\/wp-json\/wp\/v2\/comments?post=18594"}],"version-history":[{"count":1,"href":"https:\/\/www.blackturtledive.com\/de\/wp-json\/wp\/v2\/pages\/18594\/revisions"}],"predecessor-version":[{"id":70844,"href":"https:\/\/www.blackturtledive.com\/de\/wp-json\/wp\/v2\/pages\/18594\/revisions\/70844"}],"up":[{"embeddable":true,"href":"https:\/\/www.blackturtledive.com\/de\/wp-json\/wp\/v2\/pages\/18647"}],"wp:featuredmedia":[{"embeddable":true,"href":"https:\/\/www.blackturtledive.com\/de\/wp-json\/wp\/v2\/media\/18174"}],"wp:attachment":[{"href":"https:\/\/www.blackturtledive.com\/de\/wp-json\/wp\/v2\/media?parent=18594"}],"curies":[{"name":"wp","href":"https:\/\/api.w.org\/{rel}","templated":true}]}}