{"id":18595,"date":"2020-12-31T23:47:44","date_gmt":"2020-12-31T16:47:44","guid":{"rendered":"https:\/\/www.blackturtledive.com\/bearded-scorpion-fish\/"},"modified":"2026-05-05T21:23:44","modified_gmt":"2026-05-05T14:23:44","slug":"bearded-scorpion-fish","status":"publish","type":"page","link":"https:\/\/www.blackturtledive.com\/de\/koh-tao-marine-life\/bearded-scorpion-fish\/","title":{"rendered":"B\u00e4rtiger Skorpionfisch"},"content":{"rendered":"<div class=\"wpb-content-wrapper\"><p>[vc_row][vc_column][vc_column_text css=&#8220;&#8220;]Der Bart-Skorpionfisch (Scorpaenopsis barbata) ist ein Meister passiver Tarnung und besitzt Hautlappen sowie ein gesprenkeltes Farbmuster, das die Struktur von mit Algen bewachsenen Felsen nachahmt.<\/p>\n<p>Diese Lauerj\u00e4ger bleiben stundenlang vollkommen regungslos und verschlingen vorbeiziehende Beute in Bruchteilen einer Sekunde mit ihrem breiten, m\u00e4chtigen Maul.<\/p>\n<p>Taucherinnen und Taucher sollten Vorsicht walten lassen und nahe am Riff neutrale Tarierung beibehalten, da die giftigen Dornstacheln auf dem R\u00fccken eine wirksame Verteidigungsma\u00dfnahme gegen unbeabsichtigte Ber\u00fchrungen darstellen.<\/p>\n<h3><span style=\"color: #28d4ff;\">Alles \u00fcber den Bart-Skorpionfisch auf Koh Tao<\/span><\/h3>\n<p>Der Bart-Skorpionfisch geh\u00f6rt zu den am schwersten zu entdeckenden Fischen auf <a href=\"https:\/\/www.blackturtledive.com\/koh-tao\/\">Koh Tao<\/a>, da er sich hervorragend tarnen kann.<\/p>\n<h3>Wo man den Bart-Skorpionfisch auf Koh Tao findet<\/h3>\n<p>Den Bart-Skorpionfisch kann man an vielen <a href=\"https:\/\/www.blackturtledive.com\/koh-tao-dive-sites\/\">Tauchpl\u00e4tzen<\/a> rund um Koh Tao sehen, wenn man wei\u00df, wonach man suchen muss. Die h\u00e4ufigsten Fundorte sind die Tauchpl\u00e4tze HTMS Sattakut, Japanese Gardens und White Rock.<\/p>\n<p>Hin Pee Wee ist der einfachste Ort; dort sieht man sie an der Spitze des Pinnacles auf der Westseite, und oft umrunden <a href=\"https:\/\/www.blackturtledive.com\/padi-diving-courses\/\">Taucher<\/a> die Stelle auf der Suche nach ihnen.<\/p>\n<figure id=\"attachment_3186\" aria-describedby=\"caption-attachment-3186\" style=\"width: 1000px\" class=\"wp-caption alignnone\"><img decoding=\"async\" class=\"size-full wp-image-3186\" src=\"https:\/\/www.blackturtledive.com\/wp-content\/uploads\/2021\/01\/blackturtledive.com-bearded-scorpion-fish-koh-tao.jpg\" alt=\"Bart-Skorpionfisch Koh Tao\" width=\"1000\" height=\"714\" srcset=\"https:\/\/www.blackturtledive.com\/wp-content\/uploads\/2021\/01\/blackturtledive.com-bearded-scorpion-fish-koh-tao.jpg 1000w, https:\/\/www.blackturtledive.com\/wp-content\/uploads\/2021\/01\/blackturtledive.com-bearded-scorpion-fish-koh-tao-300x214.jpg 300w, https:\/\/www.blackturtledive.com\/wp-content\/uploads\/2021\/01\/blackturtledive.com-bearded-scorpion-fish-koh-tao-768x548.jpg 768w, https:\/\/www.blackturtledive.com\/wp-content\/uploads\/2021\/01\/blackturtledive.com-bearded-scorpion-fish-koh-tao-150x107.jpg 150w\" sizes=\"(max-width: 1000px) 100vw, 1000px\" \/><figcaption id=\"caption-attachment-3186\" class=\"wp-caption-text\">Bart-Skorpionfisch Koh Tao<\/figcaption><\/figure>\n<h3><span style=\"color: #28d4ff;\">Wie man den Bart-Skorpionfisch erkennt<\/span><\/h3>\n<p>Abgesehen davon, nach einem Stein mit zwei Augen zu suchen, sind hier einige der deutlicheren Merkmale, auf die man achten sollte, um sie zu finden.<\/p>\n<p>Bart-Skorpionfische geh\u00f6ren zur gleichen <a href=\"https:\/\/www.blackturtledive.com\/koh-tao-marine-life\/\">Ordnung der Meeresbewohner<\/a> wie Steinfische (Scorpaeniformes) und besitzen beide eine erstaunliche Tarnf\u00e4higkeit.<\/p>\n<p>Der K\u00f6rper eines Bart-Skorpionfisches ist mit federartigen Flossen und stacheligen Hautlappen bedeckt, besonders im Gesichtsbereich, was ihm das Aussehen eines stacheligen Bartes verleiht.<\/p>\n<h3>Lauerj\u00e4ger<\/h3>\n<p>Bart-Skorpionfische k\u00f6nnen in der Farbe von matt gesprenkeltem Gelb oder Braun bis hin zu lebhaftem Rot oder Rosa an den Flossen variieren.<\/p>\n<p>Ob der Bart-Skorpionfisch seine Farbe im Laufe der Zeit an die Umgebung anpassen kann oder bestimmte Farbt\u00f6ne wahrnimmt, ist unbekannt.<\/p>\n<p>Auf jeden Fall sind sie hervorragend darin, sich zu tarnen und an die nat\u00fcrliche Umgebung anzupassen, wodurch sie f\u00fcr ihre Beute fast unsichtbar werden.<\/p>\n<figure id=\"attachment_3189\" aria-describedby=\"caption-attachment-3189\" style=\"width: 950px\" class=\"wp-caption alignnone\"><img decoding=\"async\" class=\"size-full wp-image-3189\" src=\"https:\/\/www.blackturtledive.com\/wp-content\/uploads\/2021\/01\/blackturtledive.com-bearded-scorpion-fish-marine-life.jpg\" alt=\"Bart-Skorpionfisch Koh Tao Thailand\" width=\"950\" height=\"678\" srcset=\"https:\/\/www.blackturtledive.com\/wp-content\/uploads\/2021\/01\/blackturtledive.com-bearded-scorpion-fish-marine-life.jpg 950w, https:\/\/www.blackturtledive.com\/wp-content\/uploads\/2021\/01\/blackturtledive.com-bearded-scorpion-fish-marine-life-300x214.jpg 300w, https:\/\/www.blackturtledive.com\/wp-content\/uploads\/2021\/01\/blackturtledive.com-bearded-scorpion-fish-marine-life-768x548.jpg 768w, https:\/\/www.blackturtledive.com\/wp-content\/uploads\/2021\/01\/blackturtledive.com-bearded-scorpion-fish-marine-life-150x107.jpg 150w\" sizes=\"(max-width: 950px) 100vw, 950px\" \/><figcaption id=\"caption-attachment-3189\" class=\"wp-caption-text\">Bart-Skorpionfisch Koh Tao Thailand<\/figcaption><\/figure>\n<h3><span style=\"color: #28d4ff;\">Merkmale &amp; Verhalten des Bart-Skorpionfisches<\/span><\/h3>\n<p>Bart-Skorpionfische besitzen Stacheln, die mit gef\u00e4hrlichem Gift gef\u00fcllt sind; wenn diese die Haut von Beutetieren (oder Menschen) durchdringen, wird das Gift injiziert und kann t\u00f6dlich sein oder beim Menschen sehr schmerzhaft sein.<\/p>\n<p>Sie sind sehr selten in Bewegung zu sehen und gelten als Lauerj\u00e4ger.<\/p>\n<p>Anstatt umherschwimmen und Energie zu verschwenden, warten sie geduldig, bis ihre Beute in Reichweite kommt.<\/p>\n<p>Das geschieht oft nachts; tags\u00fcber ruhen sie und beobachten Taucher, die vorbeischwimmen und versuchen, sie zu entdecken.<\/p>\n<h3>Giftiges Sekret<\/h3>\n<p>Ihre Nahrung besteht aus vielen Arten kleinerer Fische und Krebstiere; mit ihrem gro\u00dfen Maul erzeugen sie einen starken Sog und verschlingen ihre Beute ganz.<\/p>\n<p>Sie setzen ihr giftiges Sekret auch ein, um gr\u00f6\u00dfere Beutetiere zu bet\u00e4uben und zu fressen, nicht nur zu Verteidigungszwecken.<\/p>\n<p>Wie zu erwarten, haben sie kaum nat\u00fcrliche Fressfeinde; jedoch gelten Haie, Rochen sowie gro\u00dfe Schnapper oder Zackenbarsche als m\u00f6gliche R\u00e4uber.<\/p>\n<figure id=\"attachment_3191\" aria-describedby=\"caption-attachment-3191\" style=\"width: 1000px\" class=\"wp-caption alignnone\"><img decoding=\"async\" class=\"size-full wp-image-3191\" src=\"https:\/\/www.blackturtledive.com\/wp-content\/uploads\/2021\/01\/blackturtledive.com-bearded-scorpion-fish-koh-tao-thailand.jpg\" alt=\"Bart-Skorpionfisch Koh Tao Meeresbewohner\" width=\"1000\" height=\"667\" srcset=\"https:\/\/www.blackturtledive.com\/wp-content\/uploads\/2021\/01\/blackturtledive.com-bearded-scorpion-fish-koh-tao-thailand.jpg 1000w, https:\/\/www.blackturtledive.com\/wp-content\/uploads\/2021\/01\/blackturtledive.com-bearded-scorpion-fish-koh-tao-thailand-300x200.jpg 300w, https:\/\/www.blackturtledive.com\/wp-content\/uploads\/2021\/01\/blackturtledive.com-bearded-scorpion-fish-koh-tao-thailand-768x512.jpg 768w, https:\/\/www.blackturtledive.com\/wp-content\/uploads\/2021\/01\/blackturtledive.com-bearded-scorpion-fish-koh-tao-thailand-150x100.jpg 150w\" sizes=\"(max-width: 1000px) 100vw, 1000px\" \/><figcaption id=\"caption-attachment-3191\" class=\"wp-caption-text\">Bart-Skorpionfisch Koh Tao Meeresbewohner<\/figcaption><\/figure>\n<h3><span style=\"color: #28d4ff;\">Interessante Fakten \u00fcber den Bart-Skorpionfisch<\/span><\/h3>\n<p>Eine weibliche Bart-Skorpionfisch kann bis zu 1500 Eier auf einmal freisetzen; die Eier werden an der Oberfl\u00e4che abgelegt und vom Meeresstrom nur etwa zwei Tage lang getragen, bevor sie schl\u00fcpfen.<\/p>\n<p>Der gr\u00f6\u00dfte beobachtete Bart-Skorpionfisch war fast f\u00fcnfzig Zentimeter lang, der tiefste gefundene lebte in 800 Metern Tiefe.[\/vc_column_text][\/vc_column][\/vc_row]<\/p>\n<\/div>","protected":false},"excerpt":{"rendered":"<p>B\u00e4rtige skorpionfische geh\u00f6ren aufgrund ihrer erstaunlichen Tarnf\u00e4higkeiten zu den am schwierigsten zu findenden Fischen rund um Koh Tao und sind an vielen Tauchpl\u00e4tzen anzutreffen<\/p>\n","protected":false},"author":2,"featured_media":18171,"parent":18647,"menu_order":0,"comment_status":"closed","ping_status":"closed","template":"","meta":{"_acf_changed":false,"footnotes":""},"class_list":["post-18595","page","type-page","status-publish","has-post-thumbnail","hentry"],"acf":[],"yoast_head":"<!-- This site is optimized with the Yoast SEO Premium plugin v27.6 (Yoast SEO v27.6) - https:\/\/yoast.com\/product\/yoast-seo-premium-wordpress\/ -->\n<title>B\u00e4rtiger Skorpionfisch in Koh Tao | Black Turtle Dive<\/title>\n<meta name=\"description\" content=\"Der Bartskorpionfisch (Scorpaenopsis barbata) ist ein Meister der passiven Tarnung, der sich durch Hautlappen und ein geflecktes Farbmuster auszeichnet.\" \/>\n<meta name=\"robots\" content=\"index, follow, max-snippet:-1, max-image-preview:large, max-video-preview:-1\" \/>\n<link rel=\"canonical\" href=\"https:\/\/www.blackturtledive.com\/de\/koh-tao-marine-life\/bearded-scorpion-fish\/\" \/>\n<meta property=\"og:locale\" content=\"de_DE\" \/>\n<meta property=\"og:type\" content=\"article\" \/>\n<meta property=\"og:title\" content=\"Bearded Scorpion Fish Koh Tao | Black Turtle Dive\" \/>\n<meta property=\"og:description\" content=\"Bearded Scorpion Fish are one of the most difficult fish to find on Koh Tao with their amazing skills to disguise themselves at many of the dive sites\" \/>\n<meta property=\"og:url\" content=\"https:\/\/www.blackturtledive.com\/de\/koh-tao-marine-life\/bearded-scorpion-fish\/\" \/>\n<meta property=\"og:site_name\" content=\"Black Turtle Dive Koh Tao\" \/>\n<meta property=\"article:publisher\" content=\"https:\/\/www.facebook.com\/blackturtledive\" \/>\n<meta property=\"article:modified_time\" content=\"2026-05-05T14:23:44+00:00\" \/>\n<meta property=\"og:image\" content=\"https:\/\/www.blackturtledive.com\/wp-content\/uploads\/2020\/11\/blackturtledive.com-best-padi-divemaster-course-koh-tao.jpg\" \/>\n\t<meta property=\"og:image:width\" content=\"1200\" \/>\n\t<meta property=\"og:image:height\" content=\"800\" \/>\n\t<meta property=\"og:image:type\" content=\"image\/jpeg\" \/>\n<meta name=\"twitter:card\" content=\"summary_large_image\" \/>\n<meta name=\"twitter:title\" content=\"Bearded Scorpion Fish Koh Tao | Black Turtle Dive\" \/>\n<meta name=\"twitter:description\" content=\"Bearded Scorpion Fish are one of the most difficult fish to find on Koh Tao with their amazing skills to disguise themselves at many of the dive sites\" \/>\n<meta name=\"twitter:image\" content=\"https:\/\/www.blackturtledive.com\/wp-content\/uploads\/2020\/11\/blackturtledive.com-best-padi-divemaster-course-koh-tao.jpg\" \/>\n<meta name=\"twitter:site\" content=\"@blackturtledive\" \/>\n<meta name=\"twitter:label1\" content=\"Gesch\u00e4tzte Lesezeit\" \/>\n\t<meta name=\"twitter:data1\" content=\"4\u00a0Minuten\" \/>\n<!-- \/ Yoast SEO Premium plugin. -->","yoast_head_json":{"title":"B\u00e4rtiger Skorpionfisch in Koh Tao | Black Turtle Dive","description":"Der Bartskorpionfisch (Scorpaenopsis barbata) ist ein Meister der passiven Tarnung, der sich durch Hautlappen und ein geflecktes Farbmuster auszeichnet.","robots":{"index":"index","follow":"follow","max-snippet":"max-snippet:-1","max-image-preview":"max-image-preview:large","max-video-preview":"max-video-preview:-1"},"canonical":"https:\/\/www.blackturtledive.com\/de\/koh-tao-marine-life\/bearded-scorpion-fish\/","og_locale":"de_DE","og_type":"article","og_title":"Bearded Scorpion Fish Koh Tao | Black Turtle Dive","og_description":"Bearded Scorpion Fish are one of the most difficult fish to find on Koh Tao with their amazing skills to disguise themselves at many of the dive sites","og_url":"https:\/\/www.blackturtledive.com\/de\/koh-tao-marine-life\/bearded-scorpion-fish\/","og_site_name":"Black Turtle Dive Koh Tao","article_publisher":"https:\/\/www.facebook.com\/blackturtledive","article_modified_time":"2026-05-05T14:23:44+00:00","og_image":[{"width":1200,"height":800,"url":"https:\/\/www.blackturtledive.com\/wp-content\/uploads\/2020\/11\/blackturtledive.com-best-padi-divemaster-course-koh-tao.jpg","type":"image\/jpeg"}],"twitter_card":"summary_large_image","twitter_title":"Bearded Scorpion Fish Koh Tao | Black Turtle Dive","twitter_description":"Bearded Scorpion Fish are one of the most difficult fish to find on Koh Tao with their amazing skills to disguise themselves at many of the dive sites","twitter_image":"https:\/\/www.blackturtledive.com\/wp-content\/uploads\/2020\/11\/blackturtledive.com-best-padi-divemaster-course-koh-tao.jpg","twitter_site":"@blackturtledive","twitter_misc":{"Gesch\u00e4tzte Lesezeit":"4\u00a0Minuten"},"schema":{"@context":"https:\/\/schema.org","@graph":[{"@type":"WebPage","@id":"https:\/\/www.blackturtledive.com\/de\/koh-tao-marine-life\/bearded-scorpion-fish\/","url":"https:\/\/www.blackturtledive.com\/de\/koh-tao-marine-life\/bearded-scorpion-fish\/","name":"B\u00e4rtiger Skorpionfisch in Koh Tao | Black Turtle Dive","isPartOf":{"@id":"https:\/\/www.blackturtledive.com\/de\/#website"},"primaryImageOfPage":{"@id":"https:\/\/www.blackturtledive.com\/de\/koh-tao-marine-life\/bearded-scorpion-fish\/#primaryimage"},"image":{"@id":"https:\/\/www.blackturtledive.com\/de\/koh-tao-marine-life\/bearded-scorpion-fish\/#primaryimage"},"thumbnailUrl":"https:\/\/www.blackturtledive.com\/wp-content\/uploads\/2021\/01\/blackturtledive.com-bearded-scorpion-fish-koh-tao.jpg","datePublished":"2020-12-31T16:47:44+00:00","dateModified":"2026-05-05T14:23:44+00:00","description":"Der Bartskorpionfisch (Scorpaenopsis barbata) ist ein Meister der passiven Tarnung, der sich durch Hautlappen und ein geflecktes Farbmuster auszeichnet.","breadcrumb":{"@id":"https:\/\/www.blackturtledive.com\/de\/koh-tao-marine-life\/bearded-scorpion-fish\/#breadcrumb"},"inLanguage":"de","potentialAction":[{"@type":"ReadAction","target":["https:\/\/www.blackturtledive.com\/de\/koh-tao-marine-life\/bearded-scorpion-fish\/"]}]},{"@type":"ImageObject","inLanguage":"de","@id":"https:\/\/www.blackturtledive.com\/de\/koh-tao-marine-life\/bearded-scorpion-fish\/#primaryimage","url":"https:\/\/www.blackturtledive.com\/wp-content\/uploads\/2021\/01\/blackturtledive.com-bearded-scorpion-fish-koh-tao.jpg","contentUrl":"https:\/\/www.blackturtledive.com\/wp-content\/uploads\/2021\/01\/blackturtledive.com-bearded-scorpion-fish-koh-tao.jpg","width":1000,"height":714,"caption":"Bearded Scorpion Fish Koh Tao"},{"@type":"BreadcrumbList","@id":"https:\/\/www.blackturtledive.com\/de\/koh-tao-marine-life\/bearded-scorpion-fish\/#breadcrumb","itemListElement":[{"@type":"ListItem","position":1,"name":"Home","item":"https:\/\/www.blackturtledive.com\/de\/"},{"@type":"ListItem","position":2,"name":"Koh Tao Meeresleben","item":"https:\/\/www.blackturtledive.com\/de\/koh-tao-marine-life\/"},{"@type":"ListItem","position":3,"name":"B\u00e4rtiger Skorpionfisch"}]},{"@type":"WebSite","@id":"https:\/\/www.blackturtledive.com\/de\/#website","url":"https:\/\/www.blackturtledive.com\/de\/","name":"Black Turtle Dive Koh Tao","description":"Ocean Explorers | Marine Protectors","publisher":{"@id":"https:\/\/www.blackturtledive.com\/de\/#organization"},"alternateName":"Black Turtle Dive in Thailand","potentialAction":[{"@type":"SearchAction","target":{"@type":"EntryPoint","urlTemplate":"https:\/\/www.blackturtledive.com\/de\/?s={search_term_string}"},"query-input":{"@type":"PropertyValueSpecification","valueRequired":true,"valueName":"search_term_string"}}],"inLanguage":"de"},{"@type":"Organization","@id":"https:\/\/www.blackturtledive.com\/de\/#organization","name":"Black Turtle Dive Koh Tao","alternateName":"Black Turtle Dive","url":"https:\/\/www.blackturtledive.com\/de\/","logo":{"@type":"ImageObject","inLanguage":"de","@id":"https:\/\/www.blackturtledive.com\/de\/#\/schema\/logo\/image\/","url":"https:\/\/www.blackturtledive.com\/wp-content\/uploads\/2020\/11\/cropped-blackturtledive.com-brand-logo.png","contentUrl":"https:\/\/www.blackturtledive.com\/wp-content\/uploads\/2020\/11\/cropped-blackturtledive.com-brand-logo.png","width":400,"height":400,"caption":"Black Turtle Dive Koh Tao"},"image":{"@id":"https:\/\/www.blackturtledive.com\/de\/#\/schema\/logo\/image\/"},"sameAs":["https:\/\/www.facebook.com\/blackturtledive","https:\/\/x.com\/blackturtledive","https:\/\/www.instagram.com\/blackturtledive\/","https:\/\/www.youtube.com\/blackturtledive","https:\/\/www.linkedin.com\/company\/blackturtledive\/","https:\/\/www.tumblr.com\/blackturtledive","https:\/\/www.pinterest.com\/blackturtledive\/","https:\/\/www.tiktok.com\/@blackturtledive","https:\/\/www.reddit.com\/user\/blackturtledive\/"],"description":"Black Turtle Dive is a modern and innovative 5 Star Career Development Scuba Diving Center, passionate about the ocean and through training we want to empower you to become a competent and confident scuba diver. Our diving courses equip you with the skills, knowledge and awareness necessary to explore the ocean safely, whilst becoming a passionate advocate and protector of the marine environment. If you have never dived before or are a certified diver and want to develop your skills further, our tailored, bespoke courses and programs will inspire you to become an Ocean advocate. Our scientific based Marine Conservation Internships and training programs, offer aspiring scuba divers and marine conservationists, the best marine conservation internships on Koh Tao. We currently offer students six levels of Marine Conservation Internships at our beachside location on Koh Tao in Thailand. Check out our website for more information.","email":"info@blackturtledive.com","telephone":"089 592 2134","legalName":"Black Turtle Dive Co Ltd","foundingDate":"2020-01-01","publishingPrinciples":"https:\/\/www.blackturtledive.com\/terms\/","ownershipFundingInfo":"https:\/\/www.blackturtledive.com\/terms\/","actionableFeedbackPolicy":"https:\/\/www.blackturtledive.com\/privacy-policy\/","correctionsPolicy":"https:\/\/www.blackturtledive.com\/privacy-policy\/","ethicsPolicy":"https:\/\/www.blackturtledive.com\/privacy-policy\/","diversityPolicy":"https:\/\/www.blackturtledive.com\/privacy-policy\/"}]}},"_links":{"self":[{"href":"https:\/\/www.blackturtledive.com\/de\/wp-json\/wp\/v2\/pages\/18595","targetHints":{"allow":["GET"]}}],"collection":[{"href":"https:\/\/www.blackturtledive.com\/de\/wp-json\/wp\/v2\/pages"}],"about":[{"href":"https:\/\/www.blackturtledive.com\/de\/wp-json\/wp\/v2\/types\/page"}],"author":[{"embeddable":true,"href":"https:\/\/www.blackturtledive.com\/de\/wp-json\/wp\/v2\/users\/2"}],"replies":[{"embeddable":true,"href":"https:\/\/www.blackturtledive.com\/de\/wp-json\/wp\/v2\/comments?post=18595"}],"version-history":[{"count":1,"href":"https:\/\/www.blackturtledive.com\/de\/wp-json\/wp\/v2\/pages\/18595\/revisions"}],"predecessor-version":[{"id":70845,"href":"https:\/\/www.blackturtledive.com\/de\/wp-json\/wp\/v2\/pages\/18595\/revisions\/70845"}],"up":[{"embeddable":true,"href":"https:\/\/www.blackturtledive.com\/de\/wp-json\/wp\/v2\/pages\/18647"}],"wp:featuredmedia":[{"embeddable":true,"href":"https:\/\/www.blackturtledive.com\/de\/wp-json\/wp\/v2\/media\/18171"}],"wp:attachment":[{"href":"https:\/\/www.blackturtledive.com\/de\/wp-json\/wp\/v2\/media?parent=18595"}],"curies":[{"name":"wp","href":"https:\/\/api.w.org\/{rel}","templated":true}]}}