{"id":18597,"date":"2020-12-28T12:25:47","date_gmt":"2020-12-28T05:25:47","guid":{"rendered":"https:\/\/www.blackturtledive.com\/no-name-pinnacle\/"},"modified":"2026-05-05T21:23:45","modified_gmt":"2026-05-05T14:23:45","slug":"no-name-pinnacle","status":"publish","type":"page","link":"https:\/\/www.blackturtledive.com\/de\/koh-tao-dive-sites\/no-name-pinnacle\/","title":{"rendered":"No Name Riffpinnacle"},"content":{"rendered":"<div class=\"wpb-content-wrapper\"><p>[vc_row][vc_column][vc_column_text css=&#8220;&#8220;]No Name Pinnacle ist eine untergetauchte Granitformation in der N\u00e4he des Twins Pinnacle, gepr\u00e4gt von dichter Meeresfauna und tiefen Spalten.<\/p>\n<p>Mit Tiefen von 14 bis 30 Metern ist der Spot eine ausgezeichnete Alternative f\u00fcr erfahrene Taucher, die eine weniger \u00fcberlaufene Erfahrung in den tieferen Bereichen rund um Koh Nang Yuan suchen.<\/p>\n<p>Der Tauchplatz ist ein Paradies f\u00fcr Makrofotografen; unsere Guides finden hier h\u00e4ufig Ornament\u2011Geisterfische und seltene Nacktschnecken\u2011Arten, weshalb er bei professionellen Unterwasserfotografen besonders beliebt ist.<\/p>\n<h3><span style=\"color: #28d4ff;\">Erfahren Sie mehr \u00fcber den Tauchplatz No Name Pinnacle auf Koh Tao<\/span><\/h3>\n<p>No Name Pinnacle auf <a href=\"https:\/\/www.blackturtledive.com\/koh-tao\/\">Koh Tao<\/a> ist ein tiefer <a href=\"https:\/\/www.blackturtledive.com\/koh-tao-dive-sites\/\">Tauchplatz<\/a> direkt westlich der <a href=\"https:\/\/www.blackturtledive.com\/koh-tao-dive-sites\/twins-pinnacle\/\">Twins Pinnacles<\/a> und bietet <a href=\"https:\/\/www.blackturtledive.com\/padi-diving-courses\/\">Tauchern<\/a> ein exzellentes Drop-off mit viel <a href=\"https:\/\/www.blackturtledive.com\/koh-tao-marine-life\/\">Meeresleben<\/a>.<\/p>\n<ul>\n<li>Lage: 200 Meter westlich der Twins<\/li>\n<li>Tiefe: 14\u201330 Meter<\/li>\n<li>Art des Tauchplatzes: Granitfels-Pinnacle<\/li>\n<li>Schwierigkeitsgrad: <a href=\"https:\/\/www.blackturtledive.com\/padi-diving-courses\/advanced-open-water-course\/\">Advanced Open<\/a> Water diver<\/li>\n<li>Bedingungen: Bei Str\u00f6mung kann die Sicht schlecht sein<\/li>\n<li>Durchschnittliche Sichtweite: 2\u201310 Meter<\/li>\n<\/ul>\n<figure id=\"attachment_3655\" aria-describedby=\"caption-attachment-3655\" style=\"width: 1000px\" class=\"wp-caption alignnone\"><img decoding=\"async\" class=\"size-full wp-image-3655\" src=\"https:\/\/www.blackturtledive.com\/wp-content\/uploads\/2021\/01\/blackturtledive.com-no-name-pinnacles-dive-site-koh-tao-thailand.jpg\" alt=\"Tauchplatz No Name Pinnacle Koh Tao\" width=\"1000\" height=\"667\" srcset=\"https:\/\/www.blackturtledive.com\/wp-content\/uploads\/2021\/01\/blackturtledive.com-no-name-pinnacles-dive-site-koh-tao-thailand.jpg 1000w, https:\/\/www.blackturtledive.com\/wp-content\/uploads\/2021\/01\/blackturtledive.com-no-name-pinnacles-dive-site-koh-tao-thailand-300x200.jpg 300w, https:\/\/www.blackturtledive.com\/wp-content\/uploads\/2021\/01\/blackturtledive.com-no-name-pinnacles-dive-site-koh-tao-thailand-768x512.jpg 768w, https:\/\/www.blackturtledive.com\/wp-content\/uploads\/2021\/01\/blackturtledive.com-no-name-pinnacles-dive-site-koh-tao-thailand-150x100.jpg 150w\" sizes=\"(max-width: 1000px) 100vw, 1000px\" \/><figcaption id=\"caption-attachment-3655\" class=\"wp-caption-text\">Tauchplatz No Name Pinnacle Koh Tao<\/figcaption><\/figure>\n<h3>Koh Tao \u2013 No Name Pinnacle Tauchplatz<\/h3>\n<p>No Name Pinnacle wird von Tauchern nicht so h\u00e4ufig besucht, wie es sein k\u00f6nnte, obwohl es nur 200 Meter von den sehr beliebten Twins Pinnacles entfernt liegt.<\/p>\n<p>No Name Pinnacle ist w\u00e4hrend des <span style=\"color: #28d4ff;\">nord\u00f6stlichen Monsuns<\/span> in den sp\u00e4teren Monaten die bevorzugte Stelle f\u00fcr Tieftauchg\u00e4nge, da es der einzige teilweise gesch\u00fctzte Tief-Tauchplatz rund um Koh Tao ist.<\/p>\n<p>Im Rest des Jahres wird die Stelle selten betaucht und bietet erfahrenen Tauchern die M\u00f6glichkeit, einen Drop-off-Tauchgang zu machen und nach Erkundung von No Name in etwa f\u00fcnf Minuten quer \u00fcber den Sand nach Osten zu den Twins zu schwimmen.<\/p>\n<h3><span style=\"color: #28d4ff;\">Gro\u00dfe Granitfelsen \u2013 No Name Pinnacle<\/span><\/h3>\n<p>No Name Pinnacle besteht aus gro\u00dfen Granitfelsen mit einem gro\u00dfen Spalt zwischen den Haupt Pinnacles, der einen spannenden Swim-through bildet.<\/p>\n<p>Der Tauchplatz beginnt bei etwa 14 Metern Wassertiefe und trifft an der Ostseite bei rund 20 Metern auf Sand.<\/p>\n<p>An der Westseite setzt sich der Sand etwas tiefer fort; auf dem Weg hinaus gibt es einige kleinere Felsen Pinnacles bei etwa 25 Metern und die maximale Standtiefe erreicht etwa 30 Meter.<\/p>\n<figure id=\"attachment_3777\" aria-describedby=\"caption-attachment-3777\" style=\"width: 1100px\" class=\"wp-caption alignnone\"><img decoding=\"async\" class=\"size-full wp-image-3777\" src=\"https:\/\/www.blackturtledive.com\/wp-content\/uploads\/2021\/01\/blackturtledive.com-no-name-pinnacle-dive-site-koh-tao.jpg\" alt=\"Tauchplatz No Name Pinnacle Koh Tao - Walhai\" width=\"1100\" height=\"614\" srcset=\"https:\/\/www.blackturtledive.com\/wp-content\/uploads\/2021\/01\/blackturtledive.com-no-name-pinnacle-dive-site-koh-tao.jpg 1100w, https:\/\/www.blackturtledive.com\/wp-content\/uploads\/2021\/01\/blackturtledive.com-no-name-pinnacle-dive-site-koh-tao-300x167.jpg 300w, https:\/\/www.blackturtledive.com\/wp-content\/uploads\/2021\/01\/blackturtledive.com-no-name-pinnacle-dive-site-koh-tao-1024x572.jpg 1024w, https:\/\/www.blackturtledive.com\/wp-content\/uploads\/2021\/01\/blackturtledive.com-no-name-pinnacle-dive-site-koh-tao-768x429.jpg 768w, https:\/\/www.blackturtledive.com\/wp-content\/uploads\/2021\/01\/blackturtledive.com-no-name-pinnacle-dive-site-koh-tao-150x84.jpg 150w\" sizes=\"(max-width: 1100px) 100vw, 1100px\" \/><figcaption id=\"caption-attachment-3777\" class=\"wp-caption-text\">Tauchplatz No Name Pinnacle Koh Tao &#8211; Walhai<\/figcaption><\/figure>\n<h3>Mur\u00e4nen &amp; Jenkins-Stachelrochen<\/h3>\n<p>Es ist nicht ungew\u00f6hnlich, einen <a href=\"https:\/\/www.blackturtledive.com\/koh-tao-marine-life\/jenkins-whip-ray\/\">Jenkins-Stachelrochen<\/a> im westlichen, tieferen Bereich der Stelle im Sand ruhen zu sehen.<\/p>\n<p>Schauen Sie genau am Haupt Pinnacle nach: Dort leben Skorpionfische und <a href=\"https:\/\/www.blackturtledive.com\/koh-tao-marine-life\/white-eyed-moray-eel\/\">Mur\u00e4nen<\/a>, und Sie finden die \u00fcblichen Riffbewohner, darunter mehrere Zackenbarsch-Arten.<\/p>\n<p>No Name Pinnacle bietet eine gesunde Vielfalt an Meeresleben und aufgrund der geografischen Lage und Tiefe in der N\u00e4he von Koh Nang Yuan sehen wir gelegentlich gro\u00dfe pelagische Arten vorbeiziehen.<\/p>\n<figure id=\"attachment_3779\" aria-describedby=\"caption-attachment-3779\" style=\"width: 1100px\" class=\"wp-caption alignnone\"><img decoding=\"async\" class=\"size-full wp-image-3779\" src=\"https:\/\/www.blackturtledive.com\/wp-content\/uploads\/2021\/01\/blackturtledive.com-no-name-pinnacle-dive-site-koh-tao-yellow-margin-triggerfish.jpg\" alt=\"Tauchplatz No Name Pinnacle Koh Tao - Gelbrand-Dr\u00fcckerfisch\" width=\"1100\" height=\"619\" srcset=\"https:\/\/www.blackturtledive.com\/wp-content\/uploads\/2021\/01\/blackturtledive.com-no-name-pinnacle-dive-site-koh-tao-yellow-margin-triggerfish.jpg 1100w, https:\/\/www.blackturtledive.com\/wp-content\/uploads\/2021\/01\/blackturtledive.com-no-name-pinnacle-dive-site-koh-tao-yellow-margin-triggerfish-300x169.jpg 300w, https:\/\/www.blackturtledive.com\/wp-content\/uploads\/2021\/01\/blackturtledive.com-no-name-pinnacle-dive-site-koh-tao-yellow-margin-triggerfish-1024x576.jpg 1024w, https:\/\/www.blackturtledive.com\/wp-content\/uploads\/2021\/01\/blackturtledive.com-no-name-pinnacle-dive-site-koh-tao-yellow-margin-triggerfish-768x432.jpg 768w, https:\/\/www.blackturtledive.com\/wp-content\/uploads\/2021\/01\/blackturtledive.com-no-name-pinnacle-dive-site-koh-tao-yellow-margin-triggerfish-150x84.jpg 150w\" sizes=\"(max-width: 1100px) 100vw, 1100px\" \/><figcaption id=\"caption-attachment-3779\" class=\"wp-caption-text\">Tauchplatz No Name Pinnacle Koh Tao &#8211; Gelbrand-Dr\u00fcckerfisch<\/figcaption><\/figure>\n<h3><span style=\"color: #28d4ff;\">No Name Pinnacle \u2013 Vorbeiziehende Pelagische Arten<\/span><\/h3>\n<p>Wenn Sie um den Pinnacle herum schwimmen, blicken Sie regelm\u00e4\u00dfig in Richtung Tiefwasser: Sie k\u00f6nnten Queenfish, Narrow-Barred-Spanish-Mackerel, Cobia, Schw\u00e4rme von Rainbow Runners und im besten Fall einen Black Marlin sehen.<\/p>\n<p>Der Tauchplatz wird auch saisonal von <a href=\"https:\/\/www.blackturtledive.com\/koh-tao-marine-life\/whaleshark\/\">Walhaien<\/a> besucht; diese k\u00f6nnen vorbeiziehen oder zur\u00fcckkehren, um die von Tauchern erzeugten Blasen zu untersuchen.<\/p>\n<p>Beim <span style=\"color: #28d4ff;\">\u00dcbergang nach Osten zum Twins Pinnacle<\/span> haben Sie die Gelegenheit, den Sand abzusuchen, wo Sie Bent-Stick-Seenadeln oder gelegentlich ein Seepferdchen finden k\u00f6nnen.<\/p>\n<p>No Name Pinnacle ist ein ausgezeichneter und lohnender Tauchgang: Beginn am Drop-off mit Abstieg in tiefere Gew\u00e4sser und Abschluss in flachem Wasser am Twins Pinnacle.[\/vc_column_text][\/vc_column][\/vc_row]<\/p>\n<\/div>","protected":false},"excerpt":{"rendered":"<p>No Name Felsnadel auf Koh Tao ist ein Tieftauchplatz westlich von Twins Felsnadel und bietet Tauchern eine hervorragende Steilwandstelle, an der sie sich vor dem Tauchgang in Richtung Osten zu Twins Pinnacle bewegen k\u00f6nnen.<\/p>\n","protected":false},"author":2,"featured_media":18296,"parent":18682,"menu_order":0,"comment_status":"closed","ping_status":"closed","template":"","meta":{"_acf_changed":false,"footnotes":""},"class_list":["post-18597","page","type-page","status-publish","has-post-thumbnail","hentry"],"acf":[],"yoast_head":"<!-- This site is optimized with the Yoast SEO Premium plugin v27.6 (Yoast SEO v27.6) - https:\/\/yoast.com\/product\/yoast-seo-premium-wordpress\/ -->\n<title>No Name Pinnacle Tauchplatz Koh Tao | Black Turtle Dive<\/title>\n<meta name=\"description\" content=\"No Name Felsnadel ist eine unterseeische Granitfelsenformation in der N\u00e4he von Twins Pinnacle, die sich durch ihre hohe Dichte an Meereslebewesen und tiefe Spalten auszeichnet.\" \/>\n<meta name=\"robots\" content=\"index, follow, max-snippet:-1, max-image-preview:large, max-video-preview:-1\" \/>\n<link rel=\"canonical\" href=\"https:\/\/www.blackturtledive.com\/de\/koh-tao-dive-sites\/no-name-pinnacle\/\" \/>\n<meta property=\"og:locale\" content=\"de_DE\" \/>\n<meta property=\"og:type\" content=\"article\" \/>\n<meta property=\"og:title\" content=\"No Name Pinnacle Dive Site Koh Tao | Black Turtle Dive\" \/>\n<meta property=\"og:description\" content=\"No Name Pinnacle on Koh Tao is a deep dive site due west from Twins Pinnacles and provides scuba divers with an excellent drop off with lots of marine life\" \/>\n<meta property=\"og:url\" content=\"https:\/\/www.blackturtledive.com\/de\/koh-tao-dive-sites\/no-name-pinnacle\/\" \/>\n<meta property=\"og:site_name\" content=\"Black Turtle Dive Koh Tao\" \/>\n<meta property=\"article:publisher\" content=\"https:\/\/www.facebook.com\/blackturtledive\" \/>\n<meta property=\"article:modified_time\" content=\"2026-05-05T14:23:45+00:00\" \/>\n<meta property=\"og:image\" content=\"https:\/\/www.blackturtledive.com\/wp-content\/uploads\/2020\/11\/blackturtledive.com-best-padi-divemaster-course-koh-tao.jpg\" \/>\n\t<meta property=\"og:image:width\" content=\"1200\" \/>\n\t<meta property=\"og:image:height\" content=\"800\" \/>\n\t<meta property=\"og:image:type\" content=\"image\/jpeg\" \/>\n<meta name=\"twitter:card\" content=\"summary_large_image\" \/>\n<meta name=\"twitter:title\" content=\"No Name Pinnacle Dive Site Koh Tao | Black Turtle Dive\" \/>\n<meta name=\"twitter:description\" content=\"No Name Pinnacle on Koh Tao is a deep dive site due west from Twins Pinnacles and provides scuba divers with an excellent drop off with lots of marine life\" \/>\n<meta name=\"twitter:image\" content=\"https:\/\/www.blackturtledive.com\/wp-content\/uploads\/2020\/11\/blackturtledive.com-best-padi-divemaster-course-koh-tao.jpg\" \/>\n<meta name=\"twitter:site\" content=\"@blackturtledive\" \/>\n<meta name=\"twitter:label1\" content=\"Gesch\u00e4tzte Lesezeit\" \/>\n\t<meta name=\"twitter:data1\" content=\"4\u00a0Minuten\" \/>\n<!-- \/ Yoast SEO Premium plugin. -->","yoast_head_json":{"title":"No Name Pinnacle Tauchplatz Koh Tao | Black Turtle Dive","description":"No Name Felsnadel ist eine unterseeische Granitfelsenformation in der N\u00e4he von Twins Pinnacle, die sich durch ihre hohe Dichte an Meereslebewesen und tiefe Spalten auszeichnet.","robots":{"index":"index","follow":"follow","max-snippet":"max-snippet:-1","max-image-preview":"max-image-preview:large","max-video-preview":"max-video-preview:-1"},"canonical":"https:\/\/www.blackturtledive.com\/de\/koh-tao-dive-sites\/no-name-pinnacle\/","og_locale":"de_DE","og_type":"article","og_title":"No Name Pinnacle Dive Site Koh Tao | Black Turtle Dive","og_description":"No Name Pinnacle on Koh Tao is a deep dive site due west from Twins Pinnacles and provides scuba divers with an excellent drop off with lots of marine life","og_url":"https:\/\/www.blackturtledive.com\/de\/koh-tao-dive-sites\/no-name-pinnacle\/","og_site_name":"Black Turtle Dive Koh Tao","article_publisher":"https:\/\/www.facebook.com\/blackturtledive","article_modified_time":"2026-05-05T14:23:45+00:00","og_image":[{"width":1200,"height":800,"url":"https:\/\/www.blackturtledive.com\/wp-content\/uploads\/2020\/11\/blackturtledive.com-best-padi-divemaster-course-koh-tao.jpg","type":"image\/jpeg"}],"twitter_card":"summary_large_image","twitter_title":"No Name Pinnacle Dive Site Koh Tao | Black Turtle Dive","twitter_description":"No Name Pinnacle on Koh Tao is a deep dive site due west from Twins Pinnacles and provides scuba divers with an excellent drop off with lots of marine life","twitter_image":"https:\/\/www.blackturtledive.com\/wp-content\/uploads\/2020\/11\/blackturtledive.com-best-padi-divemaster-course-koh-tao.jpg","twitter_site":"@blackturtledive","twitter_misc":{"Gesch\u00e4tzte Lesezeit":"4\u00a0Minuten"},"schema":{"@context":"https:\/\/schema.org","@graph":[{"@type":"WebPage","@id":"https:\/\/www.blackturtledive.com\/de\/koh-tao-dive-sites\/no-name-pinnacle\/","url":"https:\/\/www.blackturtledive.com\/de\/koh-tao-dive-sites\/no-name-pinnacle\/","name":"No Name Pinnacle Tauchplatz Koh Tao | Black Turtle Dive","isPartOf":{"@id":"https:\/\/www.blackturtledive.com\/de\/#website"},"primaryImageOfPage":{"@id":"https:\/\/www.blackturtledive.com\/de\/koh-tao-dive-sites\/no-name-pinnacle\/#primaryimage"},"image":{"@id":"https:\/\/www.blackturtledive.com\/de\/koh-tao-dive-sites\/no-name-pinnacle\/#primaryimage"},"thumbnailUrl":"https:\/\/www.blackturtledive.com\/wp-content\/uploads\/2021\/01\/blackturtledive.com-no-name-pinnacles-dive-site-koh-tao-thailand.jpg","datePublished":"2020-12-28T05:25:47+00:00","dateModified":"2026-05-05T14:23:45+00:00","description":"No Name Felsnadel ist eine unterseeische Granitfelsenformation in der N\u00e4he von Twins Pinnacle, die sich durch ihre hohe Dichte an Meereslebewesen und tiefe Spalten auszeichnet.","breadcrumb":{"@id":"https:\/\/www.blackturtledive.com\/de\/koh-tao-dive-sites\/no-name-pinnacle\/#breadcrumb"},"inLanguage":"de","potentialAction":[{"@type":"ReadAction","target":["https:\/\/www.blackturtledive.com\/de\/koh-tao-dive-sites\/no-name-pinnacle\/"]}]},{"@type":"ImageObject","inLanguage":"de","@id":"https:\/\/www.blackturtledive.com\/de\/koh-tao-dive-sites\/no-name-pinnacle\/#primaryimage","url":"https:\/\/www.blackturtledive.com\/wp-content\/uploads\/2021\/01\/blackturtledive.com-no-name-pinnacles-dive-site-koh-tao-thailand.jpg","contentUrl":"https:\/\/www.blackturtledive.com\/wp-content\/uploads\/2021\/01\/blackturtledive.com-no-name-pinnacles-dive-site-koh-tao-thailand.jpg","width":1000,"height":667,"caption":"No Name Pinnacle Dive Site Koh Tao"},{"@type":"BreadcrumbList","@id":"https:\/\/www.blackturtledive.com\/de\/koh-tao-dive-sites\/no-name-pinnacle\/#breadcrumb","itemListElement":[{"@type":"ListItem","position":1,"name":"Home","item":"https:\/\/www.blackturtledive.com\/de\/"},{"@type":"ListItem","position":2,"name":"Koh Tao Tauchpl\u00e4tze","item":"https:\/\/www.blackturtledive.com\/de\/koh-tao-dive-sites\/"},{"@type":"ListItem","position":3,"name":"No Name Riffpinnacle"}]},{"@type":"WebSite","@id":"https:\/\/www.blackturtledive.com\/de\/#website","url":"https:\/\/www.blackturtledive.com\/de\/","name":"Black Turtle Dive Koh Tao","description":"Ocean Explorers | Marine Protectors","publisher":{"@id":"https:\/\/www.blackturtledive.com\/de\/#organization"},"alternateName":"Black Turtle Dive in Thailand","potentialAction":[{"@type":"SearchAction","target":{"@type":"EntryPoint","urlTemplate":"https:\/\/www.blackturtledive.com\/de\/?s={search_term_string}"},"query-input":{"@type":"PropertyValueSpecification","valueRequired":true,"valueName":"search_term_string"}}],"inLanguage":"de"},{"@type":"Organization","@id":"https:\/\/www.blackturtledive.com\/de\/#organization","name":"Black Turtle Dive Koh Tao","alternateName":"Black Turtle Dive","url":"https:\/\/www.blackturtledive.com\/de\/","logo":{"@type":"ImageObject","inLanguage":"de","@id":"https:\/\/www.blackturtledive.com\/de\/#\/schema\/logo\/image\/","url":"https:\/\/www.blackturtledive.com\/wp-content\/uploads\/2020\/11\/cropped-blackturtledive.com-brand-logo.png","contentUrl":"https:\/\/www.blackturtledive.com\/wp-content\/uploads\/2020\/11\/cropped-blackturtledive.com-brand-logo.png","width":400,"height":400,"caption":"Black Turtle Dive Koh Tao"},"image":{"@id":"https:\/\/www.blackturtledive.com\/de\/#\/schema\/logo\/image\/"},"sameAs":["https:\/\/www.facebook.com\/blackturtledive","https:\/\/x.com\/blackturtledive","https:\/\/www.instagram.com\/blackturtledive\/","https:\/\/www.youtube.com\/blackturtledive","https:\/\/www.linkedin.com\/company\/blackturtledive\/","https:\/\/www.tumblr.com\/blackturtledive","https:\/\/www.pinterest.com\/blackturtledive\/","https:\/\/www.tiktok.com\/@blackturtledive","https:\/\/www.reddit.com\/user\/blackturtledive\/"],"description":"Black Turtle Dive is a modern and innovative 5 Star Career Development Scuba Diving Center, passionate about the ocean and through training we want to empower you to become a competent and confident scuba diver. Our diving courses equip you with the skills, knowledge and awareness necessary to explore the ocean safely, whilst becoming a passionate advocate and protector of the marine environment. If you have never dived before or are a certified diver and want to develop your skills further, our tailored, bespoke courses and programs will inspire you to become an Ocean advocate. Our scientific based Marine Conservation Internships and training programs, offer aspiring scuba divers and marine conservationists, the best marine conservation internships on Koh Tao. We currently offer students six levels of Marine Conservation Internships at our beachside location on Koh Tao in Thailand. Check out our website for more information.","email":"info@blackturtledive.com","telephone":"089 592 2134","legalName":"Black Turtle Dive Co Ltd","foundingDate":"2020-01-01","publishingPrinciples":"https:\/\/www.blackturtledive.com\/terms\/","ownershipFundingInfo":"https:\/\/www.blackturtledive.com\/terms\/","actionableFeedbackPolicy":"https:\/\/www.blackturtledive.com\/privacy-policy\/","correctionsPolicy":"https:\/\/www.blackturtledive.com\/privacy-policy\/","ethicsPolicy":"https:\/\/www.blackturtledive.com\/privacy-policy\/","diversityPolicy":"https:\/\/www.blackturtledive.com\/privacy-policy\/"}]}},"_links":{"self":[{"href":"https:\/\/www.blackturtledive.com\/de\/wp-json\/wp\/v2\/pages\/18597","targetHints":{"allow":["GET"]}}],"collection":[{"href":"https:\/\/www.blackturtledive.com\/de\/wp-json\/wp\/v2\/pages"}],"about":[{"href":"https:\/\/www.blackturtledive.com\/de\/wp-json\/wp\/v2\/types\/page"}],"author":[{"embeddable":true,"href":"https:\/\/www.blackturtledive.com\/de\/wp-json\/wp\/v2\/users\/2"}],"replies":[{"embeddable":true,"href":"https:\/\/www.blackturtledive.com\/de\/wp-json\/wp\/v2\/comments?post=18597"}],"version-history":[{"count":1,"href":"https:\/\/www.blackturtledive.com\/de\/wp-json\/wp\/v2\/pages\/18597\/revisions"}],"predecessor-version":[{"id":70847,"href":"https:\/\/www.blackturtledive.com\/de\/wp-json\/wp\/v2\/pages\/18597\/revisions\/70847"}],"up":[{"embeddable":true,"href":"https:\/\/www.blackturtledive.com\/de\/wp-json\/wp\/v2\/pages\/18682"}],"wp:featuredmedia":[{"embeddable":true,"href":"https:\/\/www.blackturtledive.com\/de\/wp-json\/wp\/v2\/media\/18296"}],"wp:attachment":[{"href":"https:\/\/www.blackturtledive.com\/de\/wp-json\/wp\/v2\/media?parent=18597"}],"curies":[{"name":"wp","href":"https:\/\/api.w.org\/{rel}","templated":true}]}}