{"id":18600,"date":"2020-12-15T17:02:11","date_gmt":"2020-12-15T10:02:11","guid":{"rendered":"https:\/\/www.blackturtledive.com\/underwater-navigator-instructor\/"},"modified":"2026-05-06T14:53:24","modified_gmt":"2026-05-06T07:53:24","slug":"underwater-navigator-instructor","status":"publish","type":"page","link":"https:\/\/www.blackturtledive.com\/de\/padi-pro-level\/msdt-program\/underwater-navigator-instructor\/","title":{"rendered":"Instructor f\u00fcr Unterwasser\u2011Navigation"},"content":{"rendered":"<div class=\"wpb-content-wrapper\"><p>[vc_row][vc_column][vc_column_text css=&#8220;&#8220;]Die Underwater Navigator Instructor\u2011Specialty bef\u00e4higt Sie, Teilnehmende in pr\u00e4ziser Kompassnutzung und nat\u00fcrlichen Navigationsmethoden zu zertifizieren, um den Stress der Taucher zu reduzieren.<\/p>\n<p>Als Instructor lernen Sie, komplexe Unterwasserkurse (Quadrate, Dreiecke) anzulegen und den Sch\u00fclern beizubringen, wie sie Rifftopographie, Sandrippeln und Licht zur Orientierung und zum Zur\u00fcckfinden zum Boot nutzen.<\/p>\n<p>Die Beherrschung der Navigator\u2011Instruktion an Koh Taos vielf\u00e4ltigen Riffpl\u00e4tzen stellt sicher, dass Ihre Sch\u00fcler das Vertrauen entwickeln, sicher zu erkunden \u2014 was ihre Taucherfahrung und den Luftverbrauch deutlich verbessert.<\/p>\n<h3><span style=\"color: #28d4ff;\">Werden Sie auf Koh Tao ein Navigation Spezial Instructor<\/span><\/h3>\n<p>Es gibt viele Momente w\u00e4hrend unserer Entwicklung als Taucher, die unvergesslich sind.<\/p>\n<p>Wenige vermitteln mehr Zufriedenheit und Stolz, als das erste Mal, dass Sie eine bestimmte Strecke, ein Navigationsmuster oder den ersten erfolgreichen <a href=\"https:\/\/www.blackturtledive.com\/fun-diving-koh-tao\/\">Tauchgang mit voller Navigation<\/a> absolvieren.<\/p>\n<p>W\u00e4hrend des PADI Unterwasser-Navigator Spezialkurses lernen Sie, die Techniken zu vermitteln, die Ihre Sch\u00fcler-Taucher ben\u00f6tigen, um unter Wasser selbstbewusst und kompetent zu navigieren.<\/p>\n<p>Der PADI Unterwasser-Navigator <a href=\"https:\/\/www.blackturtledive.com\/padi-specialty-courses\/\">Spezialkurs<\/a> ist darauf ausgelegt, die F\u00e4higkeiten und Kenntnisse zu erweitern, die Ihre Sch\u00fcler bereits besitzen.<\/p>\n<h3>Lernen, den PADI Unterwasser-Navigator Spezialkurs zu unterrichten<\/h3>\n<p>Sie werden ihnen beibringen, nat\u00fcrliche Referenzen und Umweltmerkmale zu nutzen, um sich zu orientieren, und sie mit den F\u00e4higkeiten ausstatten, einen Kompass pr\u00e4zise zu verwenden.<\/p>\n<p>Die Philosophie des PADI <a href=\"https:\/\/www.blackturtledive.com\/padi-specialty-courses\/underwater-navigator-diver\/\">Unterwasser-Navigator Spezialkurses<\/a> ist es, den Spa\u00df und die Herausforderung der Unterwasser-Navigation zu betonen.<\/p>\n<p>Dar\u00fcber hinaus soll das Kursziel sein, die F\u00e4higkeiten zu entwickeln, sicher innerhalb der Grenzen des Freizeittauchens zu navigieren, ohne das empfindliche <a href=\"https:\/\/www.blackturtledive.com\/conservation\/marine-conservation-courses\/\">marine \u00d6kosystem<\/a> zu st\u00f6ren.<\/p>\n<p>Unser PADI Unterwasser-Navigator Spezial Instructor Kurs lehrt Sie, wie Sie Ihre Sch\u00fcler zu effektiven <a href=\"https:\/\/idckohtao.com\/underwater-navigation-instructor-specialty\/\" target=\"_blank\" rel=\"noopener\">Unterwasser-Navigationsf\u00e4higkeiten<\/a> anleiten.<\/p>\n<p><a class=\"fasc-button fasc-size-large fasc-type-flat\" style=\"background-color: #33809e; color: #ffffff;\" href=\"https:\/\/www.blackturtledive.com\/diving-course-prices\/\">JETZT BUCHEN<\/a><\/p>\n<h3><span style=\"color: #28d4ff;\">In unserem PADI Underwater Navigator Instructor Spezialkurs in Koh Tao enthalten:<\/span><\/h3>\n<ul>\n<li>1 Navigations-Trainingstauchgang<\/li>\n<li>Vermietung aller <a href=\"https:\/\/www.blackturtledive.com\/padi-pro-level\/msdt-program\/equipment-instructor\/\">Tauchger\u00e4te<\/a><\/li>\n<li>KOSTENLOSE Nutzung des Tauchcomputers<\/li>\n<li><a href=\"https:\/\/www.blackturtledive.com\/about-us\/\">Black Turtle Dive<\/a> Kunden- (und Umwelt-)Versprechen<\/li>\n<\/ul>\n<p>Um sich f\u00fcr einen PADI Underwater Navigator Specialty Instructorkurs anzumelden, m\u00fcssen Sie:<\/p>\n<ul>\n<li>Mindestens ein PADI <a href=\"https:\/\/www.blackturtledive.com\/padi-pro-level\/dive-instructor-course\/\">Open Water Scuba Instructor<\/a> sein oder innerhalb der letzten 12 Monate an einem IDC\/OWSI-Programm teilgenommen oder dieses abgeschlossen haben.<\/li>\n<li>IDC\/OWSI-Kandidaten k\u00f6nnen die Zertifizierung zum Spezialinstructor nur nach einer erfolgreichen IE beantragen.<\/li>\n<li>\u00dcber aktuelle Taucherfahrung verf\u00fcgen \u2013 wir empfehlen eine <a href=\"https:\/\/www.blackturtledive.com\/padi-diving-courses\/scuba-review\/\">Taucher\u00fcberpr\u00fcfung<\/a>, wenn Sie seit 12 Monaten nicht getaucht haben.<\/li>\n<li>Medizinisch tauchf\u00e4hig sein.<\/li>\n<\/ul>\n<p>Nach erfolgreichem Abschluss aller Kursanforderungen m\u00fcssen Sie den Nachweis von 10 loggierten Unterwasser-Navigations-Tauchg\u00e4ngen erbringen.<\/p>\n<p>Wir f\u00fchren den Underwater Navigation Instructor Spezialkurs an einem Freiwassertauchgang durch.<\/p>\n<p>Der Kurs besteht aus zwei Teilen:<\/p>\n<ul>\n<li>Wissensentwicklung<\/li>\n<li>Freiwassertauchgang &#8211; 1 Navigations-Trainingstauchgang<\/li>\n<\/ul>\n<p><a class=\"fasc-button fasc-size-large fasc-type-flat\" style=\"background-color: #33809e; color: #ffffff;\" href=\"https:\/\/www.blackturtledive.com\/diving-course-prices\/\">JETZT BUCHEN<\/a><\/p>\n<p>Bei <a href=\"https:\/\/www.blackturtledive.com\/de\/\">Black Turtle Dive<\/a> nehmen wir unser <a href=\"https:\/\/www.blackturtledive.com\/about-us\/our-customer-promise\/\">Kundenversprechen<\/a> sehr ernst.<\/p>\n<p>Unsere <a href=\"https:\/\/www.blackturtledive.com\/padi-pro-level\/idc-staff-instructor-course\/\">Tauchlehrer<\/a> sind hochqualifiziert und sorgen daf\u00fcr, dass Sie viel Aufmerksamkeit erhalten und in einem entspannten Umfeld in Ihrem eigenen Tempo Fortschritte machen.<\/p>\n<p>W\u00e4hrend Ihres Trainings bauen wir langsam Ihr Selbstvertrauen und Ihre F\u00e4higkeiten auf, um die notwendigen Kompetenzen zu entwickeln, um ein kompetenter PADI Underwater Navigator Instructor zu werden.<\/p>\n<h3><span style=\"color: #28d4ff;\">Koh Tao PADI Underwater Navigation Instructor Kursplan<\/span><\/h3>\n<p>Der Kursplan f\u00fcr den PADI Underwater Navigator Instructor bei Black Turtle Dive ist flexibel, wir richten uns nach Ihren pers\u00f6nlichen Bed\u00fcrfnissen und Zeitrahmen.<\/p>\n<p>Er wird h\u00e4ufig als Teil unseres Multi-Instructor-Spezialprogramms, wie z.B. dem <a href=\"https:\/\/www.blackturtledive.com\/padi-pro-level\/msdt-program\/\">MSDT-Programm<\/a>, geplant.&nbsp;<\/p>\n<p>Bitte z\u00f6gern Sie nicht, bei besonderen W\u00fcnschen per <a href=\"https:\/\/www.blackturtledive.com\/contact-us\/\">E-Mail<\/a> oder \u00fcber eine der Messenger-Apps auf dieser Seite Kontakt mit uns aufzunehmen.&nbsp;<\/p>\n<h3>Kosten f\u00fcr den PADI Underwater Navigator Instructor-Spezialkurs: 4.000 baht<\/h3>\n<h3><span style=\"color: #28d4ff;\">Kursplan<\/span><\/h3>\n<p>Tag 1:<\/p>\n<p>09.00 \u2013 11.30: Orientierung &amp; Wissensentwicklung<br \/>\n12.30 \u2013 17.00: Underwater Navigator Instructor Trainingstauchgang<\/p>\n<p>Sie sind jetzt ein zertifizierter PADI Navigation Spezialinstructor.<\/p>\n<p><a class=\"fasc-button fasc-size-large fasc-type-flat\" style=\"background-color: #33809e; color: #ffffff;\" href=\"https:\/\/www.blackturtledive.com\/diving-course-prices\/\">JETZT BUCHEN<\/a><\/p>\n<h3>PADI Underwater Navigator Spezialinstructor Kursinformationen<\/h3>\n<p>Unterwasser-Navigator Instructor Wissensentwicklung<\/p>\n<p>Der PADI Underwater Navigator <a href=\"https:\/\/www.blackturtledive.com\/padi-pro-level\/\">Specialty Instructor<\/a> Kurs besteht aus 1 Trainingstauchgang in Freiwasser.<\/p>\n<p>Der Abschnitt zur Wissensentwicklung wird vor dem Trainingstauchgang durchgef\u00fchrt.&nbsp;<\/p>\n<p>W\u00e4hrend der Wissensentwicklung m\u00fcssen Sie Folgendes abschlie\u00dfen:<\/p>\n<ul>\n<li>Eine Wissensentwicklung-Pr\u00e4sentation aus dem PADI Underwater Navigator Spezialhandbuch halten, wobei Sie eine verpasste Frage aus der Wissens\u00fcberpr\u00fcfung systematisch lehren.<\/li>\n<li>Den Zweck und die Ziele des PADI Underwater Navigator Spezialkurses \u00fcberpr\u00fcfen und verstehen.<\/li>\n<li>Die Standards und Verfahren des Navigation-Kurses aus dem PADI Specialty Course Instructor Guide \u00fcberpr\u00fcfen und erkl\u00e4ren sowie alle Anforderungen an die Ausr\u00fcstung f\u00fcr Sch\u00fcler und Instructor auflisten.<\/li>\n<li>Die Beherrschung aller Wissensentwicklungen demonstrieren.<\/li>\n<li>Beschreiben, wie alle Kursabschnitte so durchgef\u00fchrt werden, dass die Taucher die Leistungsanforderungen des Kurses erf\u00fcllen k\u00f6nnen.<\/li>\n<li>An einem Marketing- und Promotionsworkshop teilnehmen, in dem Sie Techniken erlernen, um den Navigation-Spezialkurs bei Ihren Sch\u00fclern und der allgemeinen Tauchgemeinde zu bewerben.<\/li>\n<li>An einem Preiskurs teilnehmen.<\/li>\n<\/ul>\n<h3><span style=\"color: #28d4ff;\">Unterwasser-Navigator Instructor Freiwassertauchg\u00e4nge<\/span><\/h3>\n<p>Es sind 3 Navigationstrainingstauchg\u00e4nge erforderlich, um ein PADI Underwater Navigator zu werden.<\/p>\n<p>W\u00e4hrend des Underwater Navigator Instructor-Kurses m\u00fcssen alle Leistungsanforderungen dieser 3 Tauchg\u00e4nge \u00fcber mindestens 1 Trainingstauchgang erf\u00fcllt werden.<\/p>\n<p>Vor den Tauchg\u00e4ngen m\u00fcssen Sie die \u00dcberlegungen zum <a href=\"https:\/\/www.blackturtledive.com\/padi-diving-courses\/open-water-course\/\">Freiwassertauchgang<\/a> im Navigation-Spezialkurs erkl\u00e4ren.<\/p>\n<p>W\u00e4hrend der Trainingstauchg\u00e4nge m\u00fcssen Sie:<\/p>\n<ul>\n<li><span style=\"color: #28d4ff;\">Die Beherrschung<\/span> aller Wasserskill-Leistungsanforderungen f\u00fcr den Navigation-Spezialkurs demonstrieren.<\/li>\n<li>Eine Lehrpr\u00e4sentation im Freiwasser aus dem Navigation-Spezialkurs durchf\u00fchren.<\/li>\n<li>Alle Leistungsanforderungen des Navigation-Spezialtauchgangs im Freiwasser demonstrieren.<\/li>\n<\/ul>\n<p>Nach Abschluss aller Leistungsanforderungen erhalten Sie die PADI Underwater Navigator Specialty Instructor-Zertifizierung.<\/p>\n<h3><span style=\"color: #28d4ff;\">2026 PADI Geb\u00fchren &nbsp;<\/span><\/h3>\n<p>PADI Underwater Navigator Specialty Instructor Application fee: A$145<\/p>\n<p><a class=\"fasc-button fasc-size-large fasc-type-flat\" style=\"background-color: #33809e; color: #ffffff;\" href=\"https:\/\/www.blackturtledive.com\/diving-course-prices\/\">JETZT BUCHEN<\/a><\/p>\n<h3>PADI Materialien<\/h3>\n<p>Bitte bringen Sie Ihr&nbsp;PADI Specialty Course Instructor Manual mit.<\/p>\n<p>Sie ben\u00f6tigen auch eine Kopie des PADI Instructor Manuals, das f\u00fcr alle erneuerten PADI-Mitglieder als <span style=\"color: #28d4ff;\"><em>kostenloser Download<\/em><\/span> von&nbsp;<a href=\"https:\/\/www.padi.com\/mypadi\/\" target=\"_blank\" rel=\"noopener\">www.padi.com\/mypadi<\/a> verf\u00fcgbar ist.[\/vc_column_text][\/vc_column][\/vc_row]<\/p>\n<\/div>","protected":false},"excerpt":{"rendered":"<p>Der PADI Underwater Navigator Instruktor Specialty Kurs auf Koh Tao lehrt SIE, wie Sie Tauchsch\u00fclern den Umgang mit einem Unterwasserkompass und die Navigation unter Wasser beibringen.<\/p>\n","protected":false},"author":2,"featured_media":18099,"parent":18705,"menu_order":0,"comment_status":"closed","ping_status":"closed","template":"","meta":{"_acf_changed":false,"footnotes":""},"class_list":["post-18600","page","type-page","status-publish","has-post-thumbnail","hentry"],"acf":[],"yoast_head":"<!-- This site is optimized with the Yoast SEO Premium plugin v27.6 (Yoast SEO v27.6) - https:\/\/yoast.com\/product\/yoast-seo-premium-wordpress\/ -->\n<title>PADI Unterwasser-Navigator Instruktor Kurs Koh Tao<\/title>\n<meta name=\"description\" content=\"Die Spezialisierung zum Unterwassernavigationslehrer erm\u00f6glicht es Ihnen, Sch\u00fcler in der Kompassnutzung und nat\u00fcrlichen Navigationstechniken zu zertifizieren, um den Stress der Taucher zu reduzieren.\" \/>\n<meta name=\"robots\" content=\"index, follow, max-snippet:-1, max-image-preview:large, max-video-preview:-1\" \/>\n<link rel=\"canonical\" href=\"https:\/\/www.blackturtledive.com\/de\/padi-pro-level\/msdt-program\/underwater-navigator-instructor\/\" \/>\n<meta property=\"og:locale\" content=\"de_DE\" \/>\n<meta property=\"og:type\" content=\"article\" \/>\n<meta property=\"og:title\" content=\"PADI Underwater Navigator Instructor Course Koh Tao\" \/>\n<meta property=\"og:description\" content=\"PADI Underwater Navigator Instructor Specialty course Koh Tao teaches YOU how to teach student divers how to use an underwater compass and navigate underwater\" \/>\n<meta property=\"og:url\" content=\"https:\/\/www.blackturtledive.com\/de\/padi-pro-level\/msdt-program\/underwater-navigator-instructor\/\" \/>\n<meta property=\"og:site_name\" content=\"Black Turtle Dive Koh Tao\" \/>\n<meta property=\"article:publisher\" content=\"https:\/\/www.facebook.com\/blackturtledive\" \/>\n<meta property=\"article:modified_time\" content=\"2026-05-06T07:53:24+00:00\" \/>\n<meta property=\"og:image\" content=\"https:\/\/www.blackturtledive.com\/wp-content\/uploads\/2020\/12\/blackturtledive.com-underwater-navigation-skills-koh-tao.jpeg\" \/>\n\t<meta property=\"og:image:width\" content=\"1000\" \/>\n\t<meta property=\"og:image:height\" content=\"667\" \/>\n\t<meta property=\"og:image:type\" content=\"image\/jpeg\" \/>\n<meta name=\"twitter:card\" content=\"summary_large_image\" \/>\n<meta name=\"twitter:title\" content=\"PADI Underwater Navigator Instructor Course Koh Tao\" \/>\n<meta name=\"twitter:description\" content=\"PADI Underwater Navigator Instructor Specialty course Koh Tao teaches YOU how to teach student divers how to use an underwater compass and navigate underwater\" \/>\n<meta name=\"twitter:image\" content=\"https:\/\/www.blackturtledive.com\/wp-content\/uploads\/2020\/12\/blackturtledive.com-underwater-navigation-skills-koh-tao.jpeg\" \/>\n<meta name=\"twitter:site\" content=\"@blackturtledive\" \/>\n<meta name=\"twitter:label1\" content=\"Gesch\u00e4tzte Lesezeit\" \/>\n\t<meta name=\"twitter:data1\" content=\"4\u00a0Minuten\" \/>\n<!-- \/ Yoast SEO Premium plugin. -->","yoast_head_json":{"title":"PADI Unterwasser-Navigator Instruktor Kurs Koh Tao","description":"Die Spezialisierung zum Unterwassernavigationslehrer erm\u00f6glicht es Ihnen, Sch\u00fcler in der Kompassnutzung und nat\u00fcrlichen Navigationstechniken zu zertifizieren, um den Stress der Taucher zu reduzieren.","robots":{"index":"index","follow":"follow","max-snippet":"max-snippet:-1","max-image-preview":"max-image-preview:large","max-video-preview":"max-video-preview:-1"},"canonical":"https:\/\/www.blackturtledive.com\/de\/padi-pro-level\/msdt-program\/underwater-navigator-instructor\/","og_locale":"de_DE","og_type":"article","og_title":"PADI Underwater Navigator Instructor Course Koh Tao","og_description":"PADI Underwater Navigator Instructor Specialty course Koh Tao teaches YOU how to teach student divers how to use an underwater compass and navigate underwater","og_url":"https:\/\/www.blackturtledive.com\/de\/padi-pro-level\/msdt-program\/underwater-navigator-instructor\/","og_site_name":"Black Turtle Dive Koh Tao","article_publisher":"https:\/\/www.facebook.com\/blackturtledive","article_modified_time":"2026-05-06T07:53:24+00:00","og_image":[{"width":1000,"height":667,"url":"https:\/\/www.blackturtledive.com\/wp-content\/uploads\/2020\/12\/blackturtledive.com-underwater-navigation-skills-koh-tao.jpeg","type":"image\/jpeg"}],"twitter_card":"summary_large_image","twitter_title":"PADI Underwater Navigator Instructor Course Koh Tao","twitter_description":"PADI Underwater Navigator Instructor Specialty course Koh Tao teaches YOU how to teach student divers how to use an underwater compass and navigate underwater","twitter_image":"https:\/\/www.blackturtledive.com\/wp-content\/uploads\/2020\/12\/blackturtledive.com-underwater-navigation-skills-koh-tao.jpeg","twitter_site":"@blackturtledive","twitter_misc":{"Gesch\u00e4tzte Lesezeit":"4\u00a0Minuten"},"schema":{"@context":"https:\/\/schema.org","@graph":[{"@type":"WebPage","@id":"https:\/\/www.blackturtledive.com\/de\/padi-pro-level\/msdt-program\/underwater-navigator-instructor\/","url":"https:\/\/www.blackturtledive.com\/de\/padi-pro-level\/msdt-program\/underwater-navigator-instructor\/","name":"PADI Unterwasser-Navigator Instruktor Kurs Koh Tao","isPartOf":{"@id":"https:\/\/www.blackturtledive.com\/de\/#website"},"primaryImageOfPage":{"@id":"https:\/\/www.blackturtledive.com\/de\/padi-pro-level\/msdt-program\/underwater-navigator-instructor\/#primaryimage"},"image":{"@id":"https:\/\/www.blackturtledive.com\/de\/padi-pro-level\/msdt-program\/underwater-navigator-instructor\/#primaryimage"},"thumbnailUrl":"https:\/\/www.blackturtledive.com\/wp-content\/uploads\/2020\/12\/blackturtledive.com-underwater-navigation-skills-koh-tao.jpeg","datePublished":"2020-12-15T10:02:11+00:00","dateModified":"2026-05-06T07:53:24+00:00","description":"Die Spezialisierung zum Unterwassernavigationslehrer erm\u00f6glicht es Ihnen, Sch\u00fcler in der Kompassnutzung und nat\u00fcrlichen Navigationstechniken zu zertifizieren, um den Stress der Taucher zu reduzieren.","breadcrumb":{"@id":"https:\/\/www.blackturtledive.com\/de\/padi-pro-level\/msdt-program\/underwater-navigator-instructor\/#breadcrumb"},"inLanguage":"de","potentialAction":[{"@type":"ReadAction","target":["https:\/\/www.blackturtledive.com\/de\/padi-pro-level\/msdt-program\/underwater-navigator-instructor\/"]}]},{"@type":"ImageObject","inLanguage":"de","@id":"https:\/\/www.blackturtledive.com\/de\/padi-pro-level\/msdt-program\/underwater-navigator-instructor\/#primaryimage","url":"https:\/\/www.blackturtledive.com\/wp-content\/uploads\/2020\/12\/blackturtledive.com-underwater-navigation-skills-koh-tao.jpeg","contentUrl":"https:\/\/www.blackturtledive.com\/wp-content\/uploads\/2020\/12\/blackturtledive.com-underwater-navigation-skills-koh-tao.jpeg","width":1000,"height":667,"caption":"PADI Underwater Navigator Course Koh Tao"},{"@type":"BreadcrumbList","@id":"https:\/\/www.blackturtledive.com\/de\/padi-pro-level\/msdt-program\/underwater-navigator-instructor\/#breadcrumb","itemListElement":[{"@type":"ListItem","position":1,"name":"Home","item":"https:\/\/www.blackturtledive.com\/de\/"},{"@type":"ListItem","position":2,"name":"PADI-Pro Stufe","item":"https:\/\/www.blackturtledive.com\/de\/padi-pro-level\/"},{"@type":"ListItem","position":3,"name":"MSDTProgramm","item":"https:\/\/www.blackturtledive.com\/de\/padi-pro-level\/msdt-program\/"},{"@type":"ListItem","position":4,"name":"Instructor f\u00fcr Unterwasser\u2011Navigation"}]},{"@type":"WebSite","@id":"https:\/\/www.blackturtledive.com\/de\/#website","url":"https:\/\/www.blackturtledive.com\/de\/","name":"Black Turtle Dive Koh Tao","description":"Ocean Explorers | Marine Protectors","publisher":{"@id":"https:\/\/www.blackturtledive.com\/de\/#organization"},"alternateName":"Black Turtle Dive in Thailand","potentialAction":[{"@type":"SearchAction","target":{"@type":"EntryPoint","urlTemplate":"https:\/\/www.blackturtledive.com\/de\/?s={search_term_string}"},"query-input":{"@type":"PropertyValueSpecification","valueRequired":true,"valueName":"search_term_string"}}],"inLanguage":"de"},{"@type":"Organization","@id":"https:\/\/www.blackturtledive.com\/de\/#organization","name":"Black Turtle Dive Koh Tao","alternateName":"Black Turtle Dive","url":"https:\/\/www.blackturtledive.com\/de\/","logo":{"@type":"ImageObject","inLanguage":"de","@id":"https:\/\/www.blackturtledive.com\/de\/#\/schema\/logo\/image\/","url":"https:\/\/www.blackturtledive.com\/wp-content\/uploads\/2020\/11\/cropped-blackturtledive.com-brand-logo.png","contentUrl":"https:\/\/www.blackturtledive.com\/wp-content\/uploads\/2020\/11\/cropped-blackturtledive.com-brand-logo.png","width":400,"height":400,"caption":"Black Turtle Dive Koh Tao"},"image":{"@id":"https:\/\/www.blackturtledive.com\/de\/#\/schema\/logo\/image\/"},"sameAs":["https:\/\/www.facebook.com\/blackturtledive","https:\/\/x.com\/blackturtledive","https:\/\/www.instagram.com\/blackturtledive\/","https:\/\/www.youtube.com\/blackturtledive","https:\/\/www.linkedin.com\/company\/blackturtledive\/","https:\/\/www.tumblr.com\/blackturtledive","https:\/\/www.pinterest.com\/blackturtledive\/","https:\/\/www.tiktok.com\/@blackturtledive","https:\/\/www.reddit.com\/user\/blackturtledive\/"],"description":"Black Turtle Dive is a modern and innovative 5 Star Career Development Scuba Diving Center, passionate about the ocean and through training we want to empower you to become a competent and confident scuba diver. Our diving courses equip you with the skills, knowledge and awareness necessary to explore the ocean safely, whilst becoming a passionate advocate and protector of the marine environment. If you have never dived before or are a certified diver and want to develop your skills further, our tailored, bespoke courses and programs will inspire you to become an Ocean advocate. Our scientific based Marine Conservation Internships and training programs, offer aspiring scuba divers and marine conservationists, the best marine conservation internships on Koh Tao. We currently offer students six levels of Marine Conservation Internships at our beachside location on Koh Tao in Thailand. Check out our website for more information.","email":"info@blackturtledive.com","telephone":"089 592 2134","legalName":"Black Turtle Dive Co Ltd","foundingDate":"2020-01-01","publishingPrinciples":"https:\/\/www.blackturtledive.com\/terms\/","ownershipFundingInfo":"https:\/\/www.blackturtledive.com\/terms\/","actionableFeedbackPolicy":"https:\/\/www.blackturtledive.com\/privacy-policy\/","correctionsPolicy":"https:\/\/www.blackturtledive.com\/privacy-policy\/","ethicsPolicy":"https:\/\/www.blackturtledive.com\/privacy-policy\/","diversityPolicy":"https:\/\/www.blackturtledive.com\/privacy-policy\/"}]}},"_links":{"self":[{"href":"https:\/\/www.blackturtledive.com\/de\/wp-json\/wp\/v2\/pages\/18600","targetHints":{"allow":["GET"]}}],"collection":[{"href":"https:\/\/www.blackturtledive.com\/de\/wp-json\/wp\/v2\/pages"}],"about":[{"href":"https:\/\/www.blackturtledive.com\/de\/wp-json\/wp\/v2\/types\/page"}],"author":[{"embeddable":true,"href":"https:\/\/www.blackturtledive.com\/de\/wp-json\/wp\/v2\/users\/2"}],"replies":[{"embeddable":true,"href":"https:\/\/www.blackturtledive.com\/de\/wp-json\/wp\/v2\/comments?post=18600"}],"version-history":[{"count":3,"href":"https:\/\/www.blackturtledive.com\/de\/wp-json\/wp\/v2\/pages\/18600\/revisions"}],"predecessor-version":[{"id":71453,"href":"https:\/\/www.blackturtledive.com\/de\/wp-json\/wp\/v2\/pages\/18600\/revisions\/71453"}],"up":[{"embeddable":true,"href":"https:\/\/www.blackturtledive.com\/de\/wp-json\/wp\/v2\/pages\/18705"}],"wp:featuredmedia":[{"embeddable":true,"href":"https:\/\/www.blackturtledive.com\/de\/wp-json\/wp\/v2\/media\/18099"}],"wp:attachment":[{"href":"https:\/\/www.blackturtledive.com\/de\/wp-json\/wp\/v2\/media?parent=18600"}],"curies":[{"name":"wp","href":"https:\/\/api.w.org\/{rel}","templated":true}]}}