{"id":18601,"date":"2020-12-15T16:59:57","date_gmt":"2020-12-15T09:59:57","guid":{"rendered":"https:\/\/www.blackturtledive.com\/sidemount-instructor\/"},"modified":"2026-05-06T14:46:12","modified_gmt":"2026-05-06T07:46:12","slug":"sidemount-instructor","status":"publish","type":"page","link":"https:\/\/www.blackturtledive.com\/de\/padi-pro-level\/msdt-program\/sidemount-instructor\/","title":{"rendered":"Sidemount\u2011Instruktor"},"content":{"rendered":"<div class=\"wpb-content-wrapper\"><p>[vc_row][vc_column][vc_column_text css=&#8220;&#8220;]Der Sidemount Instructor\u2011Kurs bef\u00e4higt Sie, als Tauchprofi die Konfiguration und den Einsatz seitlich getragener Flaschen f\u00fcr das Freizeittauchen zu unterrichten.<\/p>\n<p>Sie erwerben die Instructor\u2011Level\u2011Fertigkeiten in Trim und Ventil\u2011Drills, die notwendig sind, um Sch\u00fclern beizubringen, ihre Ausr\u00fcstung auszubalancieren, die Stromlinienform zu verbessern und Gasredundanz zu managen.<\/p>\n<p>Sidemount ist die am schnellsten wachsende Ausr\u00fcstungs\u2011Konfiguration in Thailand; eine Instructor\u2011Zertifizierung in dieser Disziplin steigert Ihre globalen Besch\u00e4ftigungsaussichten erheblich.<\/p>\n<h3><span style=\"color: #28d4ff;\">Werden Sie auf Koh Tao ein Sidemount Instructor<\/span><\/h3>\n<p>Sidemount-Tauchen ist kein neuer Sport. H\u00f6hlentaucher verwenden diese Ausr\u00fcstungskonfiguration schon seit vielen Jahren, und sie wurde inzwischen von der Freizeit- und technischen Taucherbranche \u00fcbernommen.<\/p>\n<p>Allerdings ist die Verbreitung in der Freizeit-Tauchgemeinschaft erst relativ k\u00fcrzlich erfolgt, und das schnelle Wachstum der Beliebtheit macht das Sidemount-Tauchen zu einer gro\u00dfartigen M\u00f6glichkeit, Ihre Taucher aktiv, interessiert und begeistert vom Sport zu halten.<\/p>\n<p>Sidemount-Tauchen bietet Tauchern eine andere Herangehensweise an die Ausr\u00fcstungsconfigurations und bringt eine neue Reihe von F\u00e4higkeiten mit sich.<\/p>\n<h3>Lernen, den PADI Sidemount Spezialkurs zu unterrichten<\/h3>\n<p>Als PADI Sidemount <a href=\"https:\/\/www.blackturtledive.com\/padi-pro-level\/\">Instructor<\/a> m\u00fcssen Sie Ihren Sch\u00fclern eine neue F\u00e4higkeit vermitteln, was den Kurs \u00e4u\u00dferst spannend macht und Ihre Taucher fokussiert h\u00e4lt. &nbsp;&nbsp;<\/p>\n<p>Im PADI Sidemount Instructor <a href=\"https:\/\/www.blackturtledive.com\/padi-specialty-courses\/\">Spezialkurs<\/a> lernen Sie, wie Sie Ihren Sch\u00fclern die Vorteile des Sidemount-Tauchens vermitteln.<\/p>\n<p>Ihnen werden die Techniken gezeigt, die wir verwenden, um den Sch\u00fclern die notwendigen F\u00e4higkeiten zu entwickeln, um Sidemount-Ausr\u00fcstung zusammenzubauen, zu konfigurieren und zu tragen.<\/p>\n<p>Der Instructor-Spezialkurs vermittelt viel mehr als nur die Ausr\u00fcstungs-Konfiguration und umfasst zus\u00e4tzliche F\u00e4higkeiten, die erforderlich sind, um Tauchg\u00e4nge ohne Stopps im Freizeit-Sidemount durchzuf\u00fchren und zu planen.<\/p>\n<p><a class=\"fasc-button fasc-size-large fasc-type-flat\" style=\"background-color: #33809e; color: #ffffff;\" href=\"https:\/\/www.blackturtledive.com\/diving-course-prices\/\">JETZT BUCHEN<\/a><\/p>\n<h3><span style=\"color: #28d4ff;\">Inklusive im Koh Tao Sidemount Instructor Spezialkurs<\/span><\/h3>\n<ul>\n<li>1 Sidemount Trainingstauchgang<\/li>\n<li>Vermietung aller <a href=\"https:\/\/www.blackturtledive.com\/padi-pro-level\/msdt-program\/equipment-instructor\/\">Tauchger\u00e4te<\/a><\/li>\n<li>KOSTENLOSE Nutzung des Tauchcomputers<\/li>\n<li><a href=\"https:\/\/www.blackturtledive.com\/about-us\/\">Black Turtle Dive<\/a> Kunden- (und Umwelt-)Versprechen<\/li>\n<\/ul>\n<p>Um sich f\u00fcr einen PADI Sidemount Instructor Spezialkurs anzumelden, m\u00fcssen Sie:<\/p>\n<ul>\n<li>Mindestens ein PADI <a href=\"https:\/\/www.blackturtledive.com\/padi-pro-level\/dive-instructor-course\/\">Open Water Scuba Instructor<\/a> sein oder innerhalb der letzten 12 Monate an einem IDC\/OWSI-Programm teilnehmen oder dieses abgeschlossen haben.<\/li>\n<li>IDC\/OWSI-Kandidaten k\u00f6nnen die Zertifizierung zum Spezialinstructor nur nach erfolgreichem Abschluss eines <a href=\"https:\/\/idckohtao.com\/padi-ie\/\" target=\"_blank\" rel=\"noopener\">PADI IE<\/a> beantragen.<\/li>\n<li>Ein <a href=\"https:\/\/www.blackturtledive.com\/padi-specialty-courses\/sidemount-diver\/\">PADI Sidemount Diver<\/a> sein.<\/li>\n<li>\u00dcber aktuelle Erfahrung im Sidemount-Tauchen verf\u00fcgen \u2013 wir empfehlen, bei l\u00e4ngerer Pause eine <span style=\"color: #28d4ff;\"><em>Sidemount-Check-Dive<\/em><\/span> durchzuf\u00fchren.<\/li>\n<li>Medizinisch tauchf\u00e4hig sein.<\/li>\n<\/ul>\n<p>Nach erfolgreichem Abschluss aller Kursanforderungen m\u00fcssen Sie den Nachweis von 10 loggierten Sidemount-Tauchg\u00e4ngen erbringen.<\/p>\n<p>Wir f\u00fchren den PADI Sidemount Instructor Spezialkurs an einem Trainingstauchgang durch.<\/p>\n<p>Der Kurs besteht aus zwei Teilen:<\/p>\n<ul>\n<li>Wissensentwicklung<\/li>\n<li>Freiwassertauchgang \u2013 1 Sidemount-Trainingstauchgang<\/li>\n<\/ul>\n<p><a class=\"fasc-button fasc-size-large fasc-type-flat\" style=\"background-color: #33809e; color: #ffffff;\" href=\"https:\/\/www.blackturtledive.com\/diving-course-prices\/\">JETZT BUCHEN<\/a><\/p>\n<p>Bei <a href=\"https:\/\/www.blackturtledive.com\/de\/\">Black Turtle Dive<\/a> nehmen wir unser <a href=\"https:\/\/www.blackturtledive.com\/about-us\/our-customer-promise\/\">Kundenversprechen<\/a> sehr ernst.<\/p>\n<p>Unsere <a href=\"https:\/\/www.blackturtledive.com\/padi-pro-level\/idc-staff-instructor-course\/\">Tauchlehrer<\/a> sind hochqualifiziert und sorgen daf\u00fcr, dass Sie viel Aufmerksamkeit erhalten und vor allem in einem entspannten Umfeld in Ihrem eigenen Tempo Fortschritte machen.<\/p>\n<p>W\u00e4hrend Ihres Trainings bauen wir langsam Ihr Selbstvertrauen und Ihre F\u00e4higkeiten auf, um die n\u00f6tigen Kompetenzen zu entwickeln, um ein kompetenter PADI Sidemount Instructor zu werden.<\/p>\n<h3>Koh Tao PADI Sidemount Instructor Kursplan<\/h3>\n<p>Der Kursplan f\u00fcr den PADI Sidemount Instructor bei Black Turtle Dive ist flexibel, wir richten uns nach Ihren pers\u00f6nlichen Bed\u00fcrfnissen und Zeitrahmen.<\/p>\n<p>Er wird h\u00e4ufig als Teil unseres Multi-Instructor-Spezialprogramms wie dem <a href=\"https:\/\/www.blackturtledive.com\/padi-pro-level\/msdt-program\/\">MSDT-Programm<\/a> geplant.&nbsp;<\/p>\n<p>Bitte z\u00f6gern Sie nicht, bei besonderen W\u00fcnschen per <a href=\"https:\/\/www.blackturtledive.com\/contact-us\/\">E-Mail<\/a> oder \u00fcber eine der Messenger-Apps auf dieser Seite Kontakt mit uns aufzunehmen.&nbsp;<\/p>\n<h3>Kosten f\u00fcr den PADI Sidemount Instructor Spezialkurs: 4.000 baht<\/h3>\n<h3><span style=\"color: #28d4ff;\">Kursplan<\/span><\/h3>\n<p>Tag 1:<\/p>\n<p>09:00-11:30: Orientierung &amp; Wissensentwicklung<\/p>\n<p>12.30 -17:00: Sidemount Instructor Trainingstauchgang<\/p>\n<p>Sie sind jetzt ein zertifizierter PADI Sidemount Spezialinstructor.<\/p>\n<p><a class=\"fasc-button fasc-size-large fasc-type-flat\" style=\"background-color: #33809e; color: #ffffff;\" href=\"https:\/\/www.blackturtledive.com\/diving-course-prices\/\">JETZT BUCHEN<\/a><\/p>\n<h3><span style=\"color: #28d4ff;\">PADI Sidemount Spezialinstructor Kursinformationen<\/span><\/h3>\n<p>Wissensentwicklung f\u00fcr Sidemount Instructor<\/p>\n<p>Der PADI Sidemount Spezialinstructor-Kurs besteht aus mindestens einem Trainingstauchgang in Freiwasser an einem Koh Tao <a href=\"https:\/\/www.blackturtledive.com\/koh-tao-dive-sites\/\">Tauchplatz<\/a>.<\/p>\n<p>Der Abschnitt zur Wissensentwicklung wird vor den <a href=\"https:\/\/www.blackturtledive.com\/padi-diving-courses\/open-water-course\/\">Freiwasser<\/a> Trainingstauchg\u00e4ngen durchgef\u00fchrt.&nbsp;<\/p>\n<p>W\u00e4hrend der Wissensentwicklung m\u00fcssen Sie Folgendes abschlie\u00dfen:<\/p>\n<ul>\n<li>Eine Wissensentwicklung-Pr\u00e4sentation aus dem PADI Sidemount Spezialhandbuch halten, wobei Sie eine verpasste Frage aus der Wissens\u00fcberpr\u00fcfung systematisch lehren.<\/li>\n<li>Den Zweck und die Ziele des PADI Sidemount Spezialkurses \u00fcberpr\u00fcfen und verstehen.<\/li>\n<li>Die Standards und Verfahren des Sidemount-Kurses aus dem PADI Specialty Course Instructor Guide \u00fcberpr\u00fcfen und erkl\u00e4ren sowie alle Anforderungen an die Ausr\u00fcstung f\u00fcr Sch\u00fcler und Instructor auflisten.<\/li>\n<li>Die Beherrschung aller Wissensentwicklungen demonstrieren.<\/li>\n<li>Beschreiben, wie alle Kursabschnitte so durchgef\u00fchrt werden, dass die Taucher die Leistungsanforderungen des Kurses erf\u00fcllen k\u00f6nnen.<\/li>\n<li>An einem Marketing- und Promotionsworkshop teilnehmen, um Techniken zu erlernen, den Sidemount specialty diver course bei Sch\u00fclern und der Tauchgemeinde zu bewerben.<\/li>\n<li>An einem Preiskurs teilnehmen.<\/li>\n<\/ul>\n<h3><span style=\"color: #28d4ff;\">Sidemount Instructor Freiwassertauchg\u00e4nge<\/span><\/h3>\n<p>Es sind 3 Sidemount-Trainingstauchg\u00e4nge erforderlich, um ein Sidemount-Spezialtaucher zu werden.<\/p>\n<p>W\u00e4hrend des Sidemount-Spezialinstructor-Kurses m\u00fcssen alle Leistungsanforderungen dieser 3 Tauchg\u00e4nge \u00fcber mindestens 1 Trainingstauchgang erf\u00fcllt werden.<\/p>\n<p>Vor den Tauchg\u00e4ngen m\u00fcssen Sie die \u00dcberlegungen zum Freiwassertraining im Sidemount Spezialkurs erkl\u00e4ren.<\/p>\n<p>W\u00e4hrend der Trainingstauchg\u00e4nge m\u00fcssen Sie:<\/p>\n<ul>\n<li>Die Beherrschung aller Wasserfertigkeiten f\u00fcr den Sidemount Spezialkurs demonstrieren.<\/li>\n<li>Eine Lehrpr\u00e4sentation im Freiwasser aus dem Sidemount Spezialkurs durchf\u00fchren.<\/li>\n<li>Alle Leistungsanforderungen des Sidemount Taucher Spezialkurses im Freiwasser demonstrieren.<\/li>\n<\/ul>\n<p>Nach Abschluss aller Leistungsanforderungen erhalten Sie die PADI Sidemount Specialty Instructor-Zertifizierung.<\/p>\n<h3><span style=\"color: #28d4ff;\">2026 PADI Fees &nbsp;<\/span><\/h3>\n<p>PADI Sidemount Specialty Instructor Application fee: A$145<\/p>\n<p><a class=\"fasc-button fasc-size-large fasc-type-flat\" style=\"background-color: #33809e; color: #ffffff;\" href=\"https:\/\/www.blackturtledive.com\/diving-course-prices\/\">JETZT BUCHEN<\/a><\/p>\n<h3>PADI Materialien<\/h3>\n<p>Bitte bringen Sie Ihr&nbsp;PADI Specialty Course Instructor Manual mit.<\/p>\n<p>Sie ben\u00f6tigen auch eine Kopie des PADI Instructor Manual, das f\u00fcr alle erneuerten PADI-Mitglieder kostenlos unter&nbsp;<a href=\"https:\/\/www.padi.com\/mypadi\/\" target=\"_blank\" rel=\"noopener\">www.padi.com\/mypadi<\/a> zum Download verf\u00fcgbar ist.[\/vc_column_text][\/vc_column][\/vc_row]<\/p>\n<\/div>","protected":false},"excerpt":{"rendered":"<p>Der PADI Sidemount Diver Instruktor Specialty Kurs auf Koh Tao lehrt DICH, wie du Tauchsch\u00fclern die vielen Vorteile des Tauchens mit Sidemount-Konfiguration vermitteln kannst.<\/p>\n","protected":false},"author":2,"featured_media":17960,"parent":18705,"menu_order":0,"comment_status":"closed","ping_status":"closed","template":"","meta":{"_acf_changed":false,"footnotes":""},"class_list":["post-18601","page","type-page","status-publish","has-post-thumbnail","hentry"],"acf":[],"yoast_head":"<!-- This site is optimized with the Yoast SEO Premium plugin v27.6 (Yoast SEO v27.6) - https:\/\/yoast.com\/product\/yoast-seo-premium-wordpress\/ -->\n<title>PADI Sidemount Instruktor Spezialkurs Koh tao<\/title>\n<meta name=\"description\" content=\"Der Sidemount-Instruktorenkurs zertifiziert Fachleute, die den Aufbau und die Verwendung von seitlich angebrachten Tauchflaschen f\u00fcr das Sporttauchen unterrichten k\u00f6nnen.\" \/>\n<meta name=\"robots\" content=\"index, follow, max-snippet:-1, max-image-preview:large, max-video-preview:-1\" \/>\n<link rel=\"canonical\" href=\"https:\/\/www.blackturtledive.com\/de\/padi-pro-level\/msdt-program\/sidemount-instructor\/\" \/>\n<meta property=\"og:locale\" content=\"de_DE\" \/>\n<meta property=\"og:type\" content=\"article\" \/>\n<meta property=\"og:title\" content=\"PADI Sidemount Diver Instructor Specialty Course Koh Tao\" \/>\n<meta property=\"og:description\" content=\"PADI Sidemount Diver Instructor Specialty course Koh Tao teaches YOU how to teach student divers about the many benefits of diving with Sidemount configuration\" \/>\n<meta property=\"og:url\" content=\"https:\/\/www.blackturtledive.com\/de\/padi-pro-level\/msdt-program\/sidemount-instructor\/\" \/>\n<meta property=\"og:site_name\" content=\"Black Turtle Dive Koh Tao\" \/>\n<meta property=\"article:publisher\" content=\"https:\/\/www.facebook.com\/blackturtledive\" \/>\n<meta property=\"article:modified_time\" content=\"2026-05-06T07:46:12+00:00\" \/>\n<meta property=\"og:image\" content=\"https:\/\/www.blackturtledive.com\/wp-content\/uploads\/2020\/11\/blackturtledive.com-padi-sidemount-diver-specialty-course-koh-tao-thailand.jpg\" \/>\n\t<meta property=\"og:image:width\" content=\"1000\" \/>\n\t<meta property=\"og:image:height\" content=\"750\" \/>\n\t<meta property=\"og:image:type\" content=\"image\/jpeg\" \/>\n<meta name=\"twitter:card\" content=\"summary_large_image\" \/>\n<meta name=\"twitter:title\" content=\"PADI Sidemount Diver Instructor Specialty Course Koh Tao\" \/>\n<meta name=\"twitter:description\" content=\"PADI Sidemount Diver Instructor Specialty course Koh Tao teaches YOU how to teach student divers about the many benefits of diving with Sidemount configuration\" \/>\n<meta name=\"twitter:image\" content=\"https:\/\/www.blackturtledive.com\/wp-content\/uploads\/2020\/11\/blackturtledive.com-padi-sidemount-diver-specialty-course-koh-tao-thailand.jpg\" \/>\n<meta name=\"twitter:site\" content=\"@blackturtledive\" \/>\n<meta name=\"twitter:label1\" content=\"Gesch\u00e4tzte Lesezeit\" \/>\n\t<meta name=\"twitter:data1\" content=\"4\u00a0Minuten\" \/>\n<!-- \/ Yoast SEO Premium plugin. -->","yoast_head_json":{"title":"PADI Sidemount Instruktor Spezialkurs Koh tao","description":"Der Sidemount-Instruktorenkurs zertifiziert Fachleute, die den Aufbau und die Verwendung von seitlich angebrachten Tauchflaschen f\u00fcr das Sporttauchen unterrichten k\u00f6nnen.","robots":{"index":"index","follow":"follow","max-snippet":"max-snippet:-1","max-image-preview":"max-image-preview:large","max-video-preview":"max-video-preview:-1"},"canonical":"https:\/\/www.blackturtledive.com\/de\/padi-pro-level\/msdt-program\/sidemount-instructor\/","og_locale":"de_DE","og_type":"article","og_title":"PADI Sidemount Diver Instructor Specialty Course Koh Tao","og_description":"PADI Sidemount Diver Instructor Specialty course Koh Tao teaches YOU how to teach student divers about the many benefits of diving with Sidemount configuration","og_url":"https:\/\/www.blackturtledive.com\/de\/padi-pro-level\/msdt-program\/sidemount-instructor\/","og_site_name":"Black Turtle Dive Koh Tao","article_publisher":"https:\/\/www.facebook.com\/blackturtledive","article_modified_time":"2026-05-06T07:46:12+00:00","og_image":[{"width":1000,"height":750,"url":"https:\/\/www.blackturtledive.com\/wp-content\/uploads\/2020\/11\/blackturtledive.com-padi-sidemount-diver-specialty-course-koh-tao-thailand.jpg","type":"image\/jpeg"}],"twitter_card":"summary_large_image","twitter_title":"PADI Sidemount Diver Instructor Specialty Course Koh Tao","twitter_description":"PADI Sidemount Diver Instructor Specialty course Koh Tao teaches YOU how to teach student divers about the many benefits of diving with Sidemount configuration","twitter_image":"https:\/\/www.blackturtledive.com\/wp-content\/uploads\/2020\/11\/blackturtledive.com-padi-sidemount-diver-specialty-course-koh-tao-thailand.jpg","twitter_site":"@blackturtledive","twitter_misc":{"Gesch\u00e4tzte Lesezeit":"4\u00a0Minuten"},"schema":{"@context":"https:\/\/schema.org","@graph":[{"@type":"WebPage","@id":"https:\/\/www.blackturtledive.com\/de\/padi-pro-level\/msdt-program\/sidemount-instructor\/","url":"https:\/\/www.blackturtledive.com\/de\/padi-pro-level\/msdt-program\/sidemount-instructor\/","name":"PADI Sidemount Instruktor Spezialkurs Koh tao","isPartOf":{"@id":"https:\/\/www.blackturtledive.com\/de\/#website"},"primaryImageOfPage":{"@id":"https:\/\/www.blackturtledive.com\/de\/padi-pro-level\/msdt-program\/sidemount-instructor\/#primaryimage"},"image":{"@id":"https:\/\/www.blackturtledive.com\/de\/padi-pro-level\/msdt-program\/sidemount-instructor\/#primaryimage"},"thumbnailUrl":"https:\/\/www.blackturtledive.com\/wp-content\/uploads\/2020\/11\/blackturtledive.com-padi-sidemount-diver-specialty-course-koh-tao-thailand.jpg","datePublished":"2020-12-15T09:59:57+00:00","dateModified":"2026-05-06T07:46:12+00:00","description":"Der Sidemount-Instruktorenkurs zertifiziert Fachleute, die den Aufbau und die Verwendung von seitlich angebrachten Tauchflaschen f\u00fcr das Sporttauchen unterrichten k\u00f6nnen.","breadcrumb":{"@id":"https:\/\/www.blackturtledive.com\/de\/padi-pro-level\/msdt-program\/sidemount-instructor\/#breadcrumb"},"inLanguage":"de","potentialAction":[{"@type":"ReadAction","target":["https:\/\/www.blackturtledive.com\/de\/padi-pro-level\/msdt-program\/sidemount-instructor\/"]}]},{"@type":"ImageObject","inLanguage":"de","@id":"https:\/\/www.blackturtledive.com\/de\/padi-pro-level\/msdt-program\/sidemount-instructor\/#primaryimage","url":"https:\/\/www.blackturtledive.com\/wp-content\/uploads\/2020\/11\/blackturtledive.com-padi-sidemount-diver-specialty-course-koh-tao-thailand.jpg","contentUrl":"https:\/\/www.blackturtledive.com\/wp-content\/uploads\/2020\/11\/blackturtledive.com-padi-sidemount-diver-specialty-course-koh-tao-thailand.jpg","width":1000,"height":750,"caption":"PADI Sidemount Diver Specialty course Koh Tao Thailand"},{"@type":"BreadcrumbList","@id":"https:\/\/www.blackturtledive.com\/de\/padi-pro-level\/msdt-program\/sidemount-instructor\/#breadcrumb","itemListElement":[{"@type":"ListItem","position":1,"name":"Home","item":"https:\/\/www.blackturtledive.com\/de\/"},{"@type":"ListItem","position":2,"name":"PADI-Pro Stufe","item":"https:\/\/www.blackturtledive.com\/de\/padi-pro-level\/"},{"@type":"ListItem","position":3,"name":"MSDTProgramm","item":"https:\/\/www.blackturtledive.com\/de\/padi-pro-level\/msdt-program\/"},{"@type":"ListItem","position":4,"name":"Sidemount\u2011Instruktor"}]},{"@type":"WebSite","@id":"https:\/\/www.blackturtledive.com\/de\/#website","url":"https:\/\/www.blackturtledive.com\/de\/","name":"Black Turtle Dive Koh Tao","description":"Ocean Explorers | Marine Protectors","publisher":{"@id":"https:\/\/www.blackturtledive.com\/de\/#organization"},"alternateName":"Black Turtle Dive in Thailand","potentialAction":[{"@type":"SearchAction","target":{"@type":"EntryPoint","urlTemplate":"https:\/\/www.blackturtledive.com\/de\/?s={search_term_string}"},"query-input":{"@type":"PropertyValueSpecification","valueRequired":true,"valueName":"search_term_string"}}],"inLanguage":"de"},{"@type":"Organization","@id":"https:\/\/www.blackturtledive.com\/de\/#organization","name":"Black Turtle Dive Koh Tao","alternateName":"Black Turtle Dive","url":"https:\/\/www.blackturtledive.com\/de\/","logo":{"@type":"ImageObject","inLanguage":"de","@id":"https:\/\/www.blackturtledive.com\/de\/#\/schema\/logo\/image\/","url":"https:\/\/www.blackturtledive.com\/wp-content\/uploads\/2020\/11\/cropped-blackturtledive.com-brand-logo.png","contentUrl":"https:\/\/www.blackturtledive.com\/wp-content\/uploads\/2020\/11\/cropped-blackturtledive.com-brand-logo.png","width":400,"height":400,"caption":"Black Turtle Dive Koh Tao"},"image":{"@id":"https:\/\/www.blackturtledive.com\/de\/#\/schema\/logo\/image\/"},"sameAs":["https:\/\/www.facebook.com\/blackturtledive","https:\/\/x.com\/blackturtledive","https:\/\/www.instagram.com\/blackturtledive\/","https:\/\/www.youtube.com\/blackturtledive","https:\/\/www.linkedin.com\/company\/blackturtledive\/","https:\/\/www.tumblr.com\/blackturtledive","https:\/\/www.pinterest.com\/blackturtledive\/","https:\/\/www.tiktok.com\/@blackturtledive","https:\/\/www.reddit.com\/user\/blackturtledive\/"],"description":"Black Turtle Dive is a modern and innovative 5 Star Career Development Scuba Diving Center, passionate about the ocean and through training we want to empower you to become a competent and confident scuba diver. Our diving courses equip you with the skills, knowledge and awareness necessary to explore the ocean safely, whilst becoming a passionate advocate and protector of the marine environment. If you have never dived before or are a certified diver and want to develop your skills further, our tailored, bespoke courses and programs will inspire you to become an Ocean advocate. Our scientific based Marine Conservation Internships and training programs, offer aspiring scuba divers and marine conservationists, the best marine conservation internships on Koh Tao. We currently offer students six levels of Marine Conservation Internships at our beachside location on Koh Tao in Thailand. Check out our website for more information.","email":"info@blackturtledive.com","telephone":"089 592 2134","legalName":"Black Turtle Dive Co Ltd","foundingDate":"2020-01-01","publishingPrinciples":"https:\/\/www.blackturtledive.com\/terms\/","ownershipFundingInfo":"https:\/\/www.blackturtledive.com\/terms\/","actionableFeedbackPolicy":"https:\/\/www.blackturtledive.com\/privacy-policy\/","correctionsPolicy":"https:\/\/www.blackturtledive.com\/privacy-policy\/","ethicsPolicy":"https:\/\/www.blackturtledive.com\/privacy-policy\/","diversityPolicy":"https:\/\/www.blackturtledive.com\/privacy-policy\/"}]}},"_links":{"self":[{"href":"https:\/\/www.blackturtledive.com\/de\/wp-json\/wp\/v2\/pages\/18601","targetHints":{"allow":["GET"]}}],"collection":[{"href":"https:\/\/www.blackturtledive.com\/de\/wp-json\/wp\/v2\/pages"}],"about":[{"href":"https:\/\/www.blackturtledive.com\/de\/wp-json\/wp\/v2\/types\/page"}],"author":[{"embeddable":true,"href":"https:\/\/www.blackturtledive.com\/de\/wp-json\/wp\/v2\/users\/2"}],"replies":[{"embeddable":true,"href":"https:\/\/www.blackturtledive.com\/de\/wp-json\/wp\/v2\/comments?post=18601"}],"version-history":[{"count":2,"href":"https:\/\/www.blackturtledive.com\/de\/wp-json\/wp\/v2\/pages\/18601\/revisions"}],"predecessor-version":[{"id":71442,"href":"https:\/\/www.blackturtledive.com\/de\/wp-json\/wp\/v2\/pages\/18601\/revisions\/71442"}],"up":[{"embeddable":true,"href":"https:\/\/www.blackturtledive.com\/de\/wp-json\/wp\/v2\/pages\/18705"}],"wp:featuredmedia":[{"embeddable":true,"href":"https:\/\/www.blackturtledive.com\/de\/wp-json\/wp\/v2\/media\/17960"}],"wp:attachment":[{"href":"https:\/\/www.blackturtledive.com\/de\/wp-json\/wp\/v2\/media?parent=18601"}],"curies":[{"name":"wp","href":"https:\/\/api.w.org\/{rel}","templated":true}]}}