{"id":18602,"date":"2020-12-15T16:55:50","date_gmt":"2020-12-15T09:55:50","guid":{"rendered":"https:\/\/www.blackturtledive.com\/self-reliant-instructor\/"},"modified":"2026-05-06T14:43:07","modified_gmt":"2026-05-06T07:43:07","slug":"self-reliant-instructor","status":"publish","type":"page","link":"https:\/\/www.blackturtledive.com\/de\/padi-pro-level\/msdt-program\/self-reliant-instructor\/","title":{"rendered":"Self\u2011Reliant\u2011Instruktor"},"content":{"rendered":"<div class=\"wpb-content-wrapper\"><p>[vc_row][vc_column][vc_column_text css=&#8220;&#8220;]Die Self\u2011Reliant Diver Instructor\u2011Auszeichnung bef\u00e4higt Sie, erfahrene Taucher in den Fertigkeiten und der Mentalit\u00e4t zu unterrichten, die erforderlich sind, um eigenst\u00e4ndig oder als zuverl\u00e4ssigerer Buddy zu tauchen.<\/p>\n<p>Sie lernen, die Reife und technischen F\u00e4higkeiten von Sch\u00fclern zu beurteilen, mit Schwerpunkt auf Gasmanagement\u2011Berechnungen (SAC\u2011Raten), dem Einsatz redundanter Ausr\u00fcstung und Selbstrettungs\u2011Szenarien.<\/p>\n<p>Diese Instructor\u2011Auszeichnung ist besonders gefragt f\u00fcr die Ausbildung von Unterwasserfotografen und Technical\u2011Diving\u2011Kandidaten auf Koh Tao, die ein h\u00f6heres Ma\u00df an Autonomie unter Wasser ben\u00f6tigen.<\/p>\n<h3><span style=\"color: #28d4ff;\">Werden Sie auf Koh Tao ein Self Reliant Instructor<\/span><\/h3>\n<p>Mit zunehmender Erfahrung folgen Taucher oft ihren pers\u00f6nlichen Interessen. Eines der beliebtesten Interessen unter Tauchern ist die Unterwasserfotografie.<\/p>\n<p>Unterwasserfotografen und <a href=\"https:\/\/www.thefunkyturtle.com\/diving-courses\/underwater-videography-course\/\" target=\"_blank\" rel=\"noopener\">-videografen<\/a> ben\u00f6tigen oft mehr Unabh\u00e4ngigkeit von anderen Tauchern, um dieses besondere Bild zu bekommen, das sie vielleicht nicht machen k\u00f6nnten, wenn sie im Buddy-Team oder in einer gr\u00f6\u00dferen Gruppe sind.<\/p>\n<p>Ebenso bevorzugen viele der <a href=\"https:\/\/www.blackturtledive.com\/conservation\/marine-conservation-courses\/coral-reef-conservation-diver\/\">Natursch\u00fctzer<\/a>, die an <a href=\"https:\/\/www.blackturtledive.com\/conservation\/marine-conservation-courses\/\">Meeresnaturschutzprojekten<\/a> arbeiten, etwas mehr Unabh\u00e4ngigkeit, ebenso wie <a href=\"https:\/\/www.blackturtledive.com\/padi-specialty-courses\/wreck-diver\/\">Wracktauchg\u00e4nge<\/a>, bei denen man in Wracks eindringt und diese erkundet.<\/p>\n<h3>Unterrichten Sie den PADI Self Reliant Instructor Spezialkurs auf Koh Tao<\/h3>\n<p>Indem Sie ein PADI Self Reliant Specialty Instructor werden, k\u00f6nnen Sie Ihre Sch\u00fcler-Taucher genau dann unterrichten, wenn sie den n\u00e4chsten Schritt machen m\u00f6chten.<\/p>\n<p>Als PADI Self Reliant Instructor I lehren Sie Ihre Sch\u00fcler, Selbstst\u00e4ndigkeit und Unabh\u00e4ngigkeit beim Tauchen zu entwickeln.<\/p>\n<p>Sie lernen auch, <a href=\"https:\/\/www.blackturtledive.com\/padi-diving-courses\/advanced-open-water-course\/\">erfahrenen Tauchern<\/a> die F\u00e4higkeiten beizubringen, dives ohne Buddy zu planen, zu organisieren und durchzuf\u00fchren.<\/p>\n<p>Weitere Themen, die Sie w\u00e4hrend dieses <a href=\"https:\/\/www.blackturtledive.com\/padi-diving-courses\/\">Kurses<\/a> lernen, sind die potenziellen Risiken des Einsam-Tauchens und wie man diese Risiken managen kann, den Wert von Ausr\u00fcstungsredundanz und welche Back-up-Ausr\u00fcstung notwendig ist.<\/p>\n<p><a class=\"fasc-button fasc-size-large fasc-type-flat\" style=\"background-color: #33809e; color: #ffffff;\" href=\"https:\/\/www.blackturtledive.com\/diving-course-prices\/\">JETZT BUCHEN<\/a><\/p>\n<h3><span style=\"color: #28d4ff;\">Inklusive im Koh Tao Selbstst\u00e4ndiger Diver Instructor Spezialkurs<\/span><\/h3>\n<ul>\n<li>1 Freiwassertrainingstauchgang<\/li>\n<li>Vermietung aller <a href=\"https:\/\/www.blackturtledive.com\/padi-pro-level\/msdt-program\/equipment-instructor\/\">Tauchausr\u00fcstungen<\/a><\/li>\n<li>KOSTENLOSE Nutzung des Tauchcomputers<\/li>\n<li><a href=\"https:\/\/www.blackturtledive.com\/de\/\">Black Turtle Dive<\/a> Kunden- (und Umwelt-)Versprechen<\/li>\n<\/ul>\n<p>Um sich f\u00fcr einen PADI Self Reliant Diver Spezialkurs anzumelden, m\u00fcssen Sie:<\/p>\n<ul>\n<li>Ein PADI Open Water Scuba Instructor im Lehrstatus sein.<\/li>\n<li>Mindestens 25 Taucher zertifiziert haben.<\/li>\n<li>Entweder ein PADI Self-Reliant Diver oder PADI TecRec Diver sein oder eine entsprechende Qualifikation einer anderen Organisation besitzen.<\/li>\n<li>\u00dcber aktuelle Taucherfahrung verf\u00fcgen \u2013 wir empfehlen eine <a href=\"https:\/\/www.blackturtledive.com\/padi-diving-courses\/scuba-review\/\">Taucher\u00fcberpr\u00fcfung<\/a>, wenn Sie seit 12 Monaten nicht getaucht haben.<\/li>\n<li>Medizinisch tauchf\u00e4hig sein.<\/li>\n<\/ul>\n<p>Nach erfolgreichem Abschluss aller Kursanforderungen m\u00fcssen Sie den Nachweis von 20 selbstst\u00e4ndigen Tauchg\u00e4ngen erbringen (Tauchg\u00e4nge mit redundanter Ausr\u00fcstung und Anwendung von Techniken der Selbstst\u00e4ndigkeit).<\/p>\n<h3>1-Tages PADI Self Reliant Instructor Spezialkurs<\/h3>\n<p>Der Kurs besteht aus zwei Teilen:<\/p>\n<ul>\n<li>Wissensentwicklung<\/li>\n<li>Freiwassertauchgang &#8211; 1 Self Reliant Diver Trainingstauchgang<\/li>\n<\/ul>\n<p><a class=\"fasc-button fasc-size-large fasc-type-flat\" style=\"background-color: #33809e; color: #ffffff;\" href=\"https:\/\/www.blackturtledive.com\/diving-course-prices\/\">JETZT BUCHEN<\/a><\/p>\n<p>Bei <a href=\"https:\/\/www.blackturtledive.com\/about-us\/\">Black Turtle Dive<\/a> nehmen wir unser<a href=\"https:\/\/www.blackturtledive.com\/about-us\/our-customer-promise\/\"> Kundenversprechen<\/a> sehr ernst.<\/p>\n<p>Unsere <a href=\"https:\/\/www.blackturtledive.com\/padi-pro-level\/idc-staff-instructor-course\/\">Tauchlehrer<\/a> sind hochqualifiziert und sorgen daf\u00fcr, dass Sie viel Aufmerksamkeit erhalten und vor allem in einem entspannten Umfeld in Ihrem eigenen Tempo Fortschritte machen.<\/p>\n<p>W\u00e4hrend Ihres Trainings bauen wir langsam Ihr Selbstvertrauen und Ihre F\u00e4higkeiten auf, um die notwendigen Kompetenzen zu entwickeln, um ein kompetenter PADI Self Reliant Instructor zu werden.<\/p>\n<h3><span style=\"color: #28d4ff;\">Koh Tao PADI Self Reliant Instructor Kursplan<\/span><\/h3>\n<p>Der Kursplan f\u00fcr den PADI Self Reliant Instructor bei Black Turtle Dive ist flexibel, wir richten uns nach Ihren pers\u00f6nlichen Bed\u00fcrfnissen und Zeitrahmen.<\/p>\n<p>Er wird h\u00e4ufig als Teil unseres Multi-Instructor-Spezialprogramms wie dem <a href=\"https:\/\/www.blackturtledive.com\/padi-pro-level\/msdt-program\/\">MSDT-Programm<\/a> geplant.&nbsp;<\/p>\n<p>Bitte z\u00f6gern Sie nicht, uns bei besonderen W\u00fcnschen per <a href=\"https:\/\/www.blackturtledive.com\/contact-us\/\">E-Mail<\/a> oder \u00fcber eine der Messenger-Apps auf dieser Seite zu kontaktieren.&nbsp;<\/p>\n<h3>PADI Self Reliant Instructor Specialty Course Cost: 4.000 baht<\/h3>\n<h3><span style=\"color: #28d4ff;\">Kursplan<\/span><\/h3>\n<p>Tag 1:<\/p>\n<p>09.00 \u2013 11.30: Orientierung &amp; Wissensentwicklung<br \/>\n12.30 \u2013 17.00: Self Reliant Instructor Trainingstauchgang<\/p>\n<p>Sie sind jetzt ein zertifizierter PADI Self Reliant Specialty Instructor.<\/p>\n<p><a class=\"fasc-button fasc-size-large fasc-type-flat\" style=\"background-color: #33809e; color: #ffffff;\" href=\"https:\/\/www.blackturtledive.com\/diving-course-prices\/\">JETZT BUCHEN<\/a><\/p>\n<h3>PADI Self Reliant Diver Spezialinstructor Kursinformationen<\/h3>\n<p>Wissensentwicklung f\u00fcr Self Reliant Instructor<\/p>\n<p>Der PADI Self Reliant Diver Spezialinstructor-Kurs besteht aus einem Trainingstauchgang, der an einem <a href=\"https:\/\/www.blackturtledive.com\/koh-tao-dive-sites\/\">Tauchplatz<\/a> rund um <a href=\"https:\/\/www.blackturtledive.com\/koh-tao\/\">Koh Tao<\/a> durchgef\u00fchrt wird.<\/p>\n<p>Es gibt auch einen Bereich zur Wissensentwicklung, der vor den Trainingstauchg\u00e4ngen stattfindet.&nbsp;<\/p>\n<p>W\u00e4hrend der Wissensentwicklung m\u00fcssen Sie Folgendes abschlie\u00dfen:<\/p>\n<ul>\n<li>Eine Wissensentwicklung-Pr\u00e4sentation aus dem PADI Self Reliant Spezialhandbuch halten, indem Sie eine verpasste Frage aus der Wissens\u00fcberpr\u00fcfung systematisch lehren.<\/li>\n<li>Den Zweck und die Ziele des PADI Self Reliant Spezialkurses \u00fcberpr\u00fcfen und verstehen.<\/li>\n<li>Die Standards und Verfahren f\u00fcr den Self Reliant Diver Kurs aus dem PADI Specialty Course Instructor Guide \u00fcberpr\u00fcfen und erkl\u00e4ren sowie alle Anforderungen an die Ausr\u00fcstung f\u00fcr Sch\u00fcler und Instructor auflisten.<\/li>\n<li>Die Beherrschung aller Wissensentwicklungen demonstrieren.<\/li>\n<li>Beschreiben, wie alle Kursabschnitte so durchgef\u00fchrt werden, dass die Taucher die Leistungsanforderungen des Kurses erf\u00fcllen k\u00f6nnen.<\/li>\n<li>An einem Marketing- und Promotionsworkshop teilnehmen, in dem Sie Techniken lernen, um den Self-Reliant Spezialkurs f\u00fcr Taucher Ihren Sch\u00fclern und der allgemeinen Tauchgemeinde zu empfehlen.<\/li>\n<li>An einem Preiskurs teilnehmen.<\/li>\n<\/ul>\n<h3><span style=\"color: #28d4ff;\">Self Reliant Instructor Freiwassertauchg\u00e4nge<\/span><\/h3>\n<p>Es sind 3 Self Reliant Trainingstauchg\u00e4nge erforderlich, um ein zertifizierter Self-Reliant Diver zu werden.<\/p>\n<p>W\u00e4hrend des Self-Reliant Instructor-Spezialkurses m\u00fcssen Sie alle Leistungsanforderungen dieser 3 Tauchg\u00e4nge innerhalb eines Minimums von 1 Trainingstauchgangs erf\u00fcllen.<\/p>\n<p>Vor den Tauchg\u00e4ngen m\u00fcssen Sie die \u00dcberlegungen zum Freiwassertraining im Self-Reliant Spezialkurs erkl\u00e4ren.<\/p>\n<p>W\u00e4hrend der Freiwassertauchg\u00e4nge m\u00fcssen Sie:<\/p>\n<ul>\n<li>Die Beherrschung aller Wasserfertigkeiten f\u00fcr den Self-Reliant Spezialkurs demonstrieren.<\/li>\n<li>Eine Lehrpr\u00e4sentation im Freiwasser aus dem Self-Reliant Spezialkurs durchf\u00fchren.<\/li>\n<li>Alle Leistungsanforderungen f\u00fcr den Self-Reliant Diver im Freiwasser demonstrieren.<\/li>\n<\/ul>\n<p>Nach Abschluss aller Leistungsanforderungen erhalten Sie die PADI Self Reliant Diver Spezialzertifizierung.<\/p>\n<h3><span style=\"color: #28d4ff;\">2026 PADI Fees &nbsp;<\/span><\/h3>\n<p>PADI Self Reliant Specialty Instructor Application fee: A$145<\/p>\n<p><a class=\"fasc-button fasc-size-large fasc-type-flat\" style=\"background-color: #33809e; color: #ffffff;\" href=\"https:\/\/www.blackturtledive.com\/diving-course-prices\/\">JETZT BUCHEN<\/a><\/p>\n<h3>PADI Materialien<\/h3>\n<p>Bitte bringen Sie Ihr&nbsp;PADI Specialty Course Instructor Manual mit.<\/p>\n<p>Sie ben\u00f6tigen auch eine Kopie des PADI Instructor Manual, das f\u00fcr alle erneuerten PADI-Mitglieder kostenlos unter&nbsp;<a href=\"https:\/\/www.padi.com\/mypadi\/\" target=\"_blank\" rel=\"noopener\">www.padi.com\/mypadi<\/a> heruntergeladen werden kann.[\/vc_column_text][\/vc_column][\/vc_row]<\/p>\n<\/div>","protected":false},"excerpt":{"rendered":"<p>Der PADI Self Reliant Diver Instruktor Spezialkurs auf Koh Tao vermittelt Ihnen, wie Sie Tauchsch\u00fcler sicher im Alleintauchen unterrichten und eine Spezialzertifizierung erwerben k\u00f6nnen.<\/p>\n","protected":false},"author":2,"featured_media":17955,"parent":18705,"menu_order":0,"comment_status":"closed","ping_status":"closed","template":"","meta":{"_acf_changed":false,"footnotes":""},"class_list":["post-18602","page","type-page","status-publish","has-post-thumbnail","hentry"],"acf":[],"yoast_head":"<!-- This site is optimized with the Yoast SEO Premium plugin v27.6 (Yoast SEO v27.6) - https:\/\/yoast.com\/product\/yoast-seo-premium-wordpress\/ -->\n<title>PADI Self Reliant Instrukor Spezialkurs Koh Tao<\/title>\n<meta name=\"description\" content=\"Die Qualifikation zum Tauchlehrer f\u00fcr selbstst\u00e4ndiges Tauchen berechtigt Sie dazu, erfahrenen Tauchern die F\u00e4higkeiten und die Denkweise zu vermitteln, die f\u00fcr das selbstst\u00e4ndige Tauchen erforderlich sind.\" \/>\n<meta name=\"robots\" content=\"index, follow, max-snippet:-1, max-image-preview:large, max-video-preview:-1\" \/>\n<link rel=\"canonical\" href=\"https:\/\/www.blackturtledive.com\/de\/padi-pro-level\/msdt-program\/self-reliant-instructor\/\" \/>\n<meta property=\"og:locale\" content=\"de_DE\" \/>\n<meta property=\"og:type\" content=\"article\" \/>\n<meta property=\"og:title\" content=\"PADI Self-Reliant Diver Instructor Specialty Course Koh Tao\" \/>\n<meta property=\"og:description\" content=\"PADI Self Reliant Diver Instructor specialty course Koh Tao teaches YOU how to teach student divers to dive solo safely and gain a specialty certification\" \/>\n<meta property=\"og:url\" content=\"https:\/\/www.blackturtledive.com\/de\/padi-pro-level\/msdt-program\/self-reliant-instructor\/\" \/>\n<meta property=\"og:site_name\" content=\"Black Turtle Dive Koh Tao\" \/>\n<meta property=\"article:publisher\" content=\"https:\/\/www.facebook.com\/blackturtledive\" \/>\n<meta property=\"article:modified_time\" content=\"2026-05-06T07:43:07+00:00\" \/>\n<meta property=\"og:image\" content=\"https:\/\/www.blackturtledive.com\/wp-content\/uploads\/2020\/11\/blackturtledive.com-padi-sidemount-diver-specialty-course-koh-tao.jpg\" \/>\n\t<meta property=\"og:image:width\" content=\"1100\" \/>\n\t<meta property=\"og:image:height\" content=\"733\" \/>\n\t<meta property=\"og:image:type\" content=\"image\/jpeg\" \/>\n<meta name=\"twitter:card\" content=\"summary_large_image\" \/>\n<meta name=\"twitter:title\" content=\"PADI Self-Reliant Diver Instructor Specialty Course Koh Tao\" \/>\n<meta name=\"twitter:description\" content=\"PADI Self Reliant Diver Instructor specialty course Koh Tao teaches YOU how to teach student divers to dive solo safely and gain a specialty certification\" \/>\n<meta name=\"twitter:image\" content=\"https:\/\/www.blackturtledive.com\/wp-content\/uploads\/2020\/11\/blackturtledive.com-padi-sidemount-diver-specialty-course-koh-tao.jpg\" \/>\n<meta name=\"twitter:site\" content=\"@blackturtledive\" \/>\n<meta name=\"twitter:label1\" content=\"Gesch\u00e4tzte Lesezeit\" \/>\n\t<meta name=\"twitter:data1\" content=\"4\u00a0Minuten\" \/>\n<!-- \/ Yoast SEO Premium plugin. -->","yoast_head_json":{"title":"PADI Self Reliant Instrukor Spezialkurs Koh Tao","description":"Die Qualifikation zum Tauchlehrer f\u00fcr selbstst\u00e4ndiges Tauchen berechtigt Sie dazu, erfahrenen Tauchern die F\u00e4higkeiten und die Denkweise zu vermitteln, die f\u00fcr das selbstst\u00e4ndige Tauchen erforderlich sind.","robots":{"index":"index","follow":"follow","max-snippet":"max-snippet:-1","max-image-preview":"max-image-preview:large","max-video-preview":"max-video-preview:-1"},"canonical":"https:\/\/www.blackturtledive.com\/de\/padi-pro-level\/msdt-program\/self-reliant-instructor\/","og_locale":"de_DE","og_type":"article","og_title":"PADI Self-Reliant Diver Instructor Specialty Course Koh Tao","og_description":"PADI Self Reliant Diver Instructor specialty course Koh Tao teaches YOU how to teach student divers to dive solo safely and gain a specialty certification","og_url":"https:\/\/www.blackturtledive.com\/de\/padi-pro-level\/msdt-program\/self-reliant-instructor\/","og_site_name":"Black Turtle Dive Koh Tao","article_publisher":"https:\/\/www.facebook.com\/blackturtledive","article_modified_time":"2026-05-06T07:43:07+00:00","og_image":[{"width":1100,"height":733,"url":"https:\/\/www.blackturtledive.com\/wp-content\/uploads\/2020\/11\/blackturtledive.com-padi-sidemount-diver-specialty-course-koh-tao.jpg","type":"image\/jpeg"}],"twitter_card":"summary_large_image","twitter_title":"PADI Self-Reliant Diver Instructor Specialty Course Koh Tao","twitter_description":"PADI Self Reliant Diver Instructor specialty course Koh Tao teaches YOU how to teach student divers to dive solo safely and gain a specialty certification","twitter_image":"https:\/\/www.blackturtledive.com\/wp-content\/uploads\/2020\/11\/blackturtledive.com-padi-sidemount-diver-specialty-course-koh-tao.jpg","twitter_site":"@blackturtledive","twitter_misc":{"Gesch\u00e4tzte Lesezeit":"4\u00a0Minuten"},"schema":{"@context":"https:\/\/schema.org","@graph":[{"@type":"WebPage","@id":"https:\/\/www.blackturtledive.com\/de\/padi-pro-level\/msdt-program\/self-reliant-instructor\/","url":"https:\/\/www.blackturtledive.com\/de\/padi-pro-level\/msdt-program\/self-reliant-instructor\/","name":"PADI Self Reliant Instrukor Spezialkurs Koh Tao","isPartOf":{"@id":"https:\/\/www.blackturtledive.com\/de\/#website"},"primaryImageOfPage":{"@id":"https:\/\/www.blackturtledive.com\/de\/padi-pro-level\/msdt-program\/self-reliant-instructor\/#primaryimage"},"image":{"@id":"https:\/\/www.blackturtledive.com\/de\/padi-pro-level\/msdt-program\/self-reliant-instructor\/#primaryimage"},"thumbnailUrl":"https:\/\/www.blackturtledive.com\/wp-content\/uploads\/2020\/11\/blackturtledive.com-padi-sidemount-diver-specialty-course-koh-tao.jpg","datePublished":"2020-12-15T09:55:50+00:00","dateModified":"2026-05-06T07:43:07+00:00","description":"Die Qualifikation zum Tauchlehrer f\u00fcr selbstst\u00e4ndiges Tauchen berechtigt Sie dazu, erfahrenen Tauchern die F\u00e4higkeiten und die Denkweise zu vermitteln, die f\u00fcr das selbstst\u00e4ndige Tauchen erforderlich sind.","breadcrumb":{"@id":"https:\/\/www.blackturtledive.com\/de\/padi-pro-level\/msdt-program\/self-reliant-instructor\/#breadcrumb"},"inLanguage":"de","potentialAction":[{"@type":"ReadAction","target":["https:\/\/www.blackturtledive.com\/de\/padi-pro-level\/msdt-program\/self-reliant-instructor\/"]}]},{"@type":"ImageObject","inLanguage":"de","@id":"https:\/\/www.blackturtledive.com\/de\/padi-pro-level\/msdt-program\/self-reliant-instructor\/#primaryimage","url":"https:\/\/www.blackturtledive.com\/wp-content\/uploads\/2020\/11\/blackturtledive.com-padi-sidemount-diver-specialty-course-koh-tao.jpg","contentUrl":"https:\/\/www.blackturtledive.com\/wp-content\/uploads\/2020\/11\/blackturtledive.com-padi-sidemount-diver-specialty-course-koh-tao.jpg","width":1100,"height":733,"caption":"PADI Self Reliant Diver Specialty Course Koh Tao"},{"@type":"BreadcrumbList","@id":"https:\/\/www.blackturtledive.com\/de\/padi-pro-level\/msdt-program\/self-reliant-instructor\/#breadcrumb","itemListElement":[{"@type":"ListItem","position":1,"name":"Home","item":"https:\/\/www.blackturtledive.com\/de\/"},{"@type":"ListItem","position":2,"name":"PADI-Pro Stufe","item":"https:\/\/www.blackturtledive.com\/de\/padi-pro-level\/"},{"@type":"ListItem","position":3,"name":"MSDTProgramm","item":"https:\/\/www.blackturtledive.com\/de\/padi-pro-level\/msdt-program\/"},{"@type":"ListItem","position":4,"name":"Self\u2011Reliant\u2011Instruktor"}]},{"@type":"WebSite","@id":"https:\/\/www.blackturtledive.com\/de\/#website","url":"https:\/\/www.blackturtledive.com\/de\/","name":"Black Turtle Dive Koh Tao","description":"Ocean Explorers | Marine Protectors","publisher":{"@id":"https:\/\/www.blackturtledive.com\/de\/#organization"},"alternateName":"Black Turtle Dive in Thailand","potentialAction":[{"@type":"SearchAction","target":{"@type":"EntryPoint","urlTemplate":"https:\/\/www.blackturtledive.com\/de\/?s={search_term_string}"},"query-input":{"@type":"PropertyValueSpecification","valueRequired":true,"valueName":"search_term_string"}}],"inLanguage":"de"},{"@type":"Organization","@id":"https:\/\/www.blackturtledive.com\/de\/#organization","name":"Black Turtle Dive Koh Tao","alternateName":"Black Turtle Dive","url":"https:\/\/www.blackturtledive.com\/de\/","logo":{"@type":"ImageObject","inLanguage":"de","@id":"https:\/\/www.blackturtledive.com\/de\/#\/schema\/logo\/image\/","url":"https:\/\/www.blackturtledive.com\/wp-content\/uploads\/2020\/11\/cropped-blackturtledive.com-brand-logo.png","contentUrl":"https:\/\/www.blackturtledive.com\/wp-content\/uploads\/2020\/11\/cropped-blackturtledive.com-brand-logo.png","width":400,"height":400,"caption":"Black Turtle Dive Koh Tao"},"image":{"@id":"https:\/\/www.blackturtledive.com\/de\/#\/schema\/logo\/image\/"},"sameAs":["https:\/\/www.facebook.com\/blackturtledive","https:\/\/x.com\/blackturtledive","https:\/\/www.instagram.com\/blackturtledive\/","https:\/\/www.youtube.com\/blackturtledive","https:\/\/www.linkedin.com\/company\/blackturtledive\/","https:\/\/www.tumblr.com\/blackturtledive","https:\/\/www.pinterest.com\/blackturtledive\/","https:\/\/www.tiktok.com\/@blackturtledive","https:\/\/www.reddit.com\/user\/blackturtledive\/"],"description":"Black Turtle Dive is a modern and innovative 5 Star Career Development Scuba Diving Center, passionate about the ocean and through training we want to empower you to become a competent and confident scuba diver. Our diving courses equip you with the skills, knowledge and awareness necessary to explore the ocean safely, whilst becoming a passionate advocate and protector of the marine environment. If you have never dived before or are a certified diver and want to develop your skills further, our tailored, bespoke courses and programs will inspire you to become an Ocean advocate. Our scientific based Marine Conservation Internships and training programs, offer aspiring scuba divers and marine conservationists, the best marine conservation internships on Koh Tao. We currently offer students six levels of Marine Conservation Internships at our beachside location on Koh Tao in Thailand. Check out our website for more information.","email":"info@blackturtledive.com","telephone":"089 592 2134","legalName":"Black Turtle Dive Co Ltd","foundingDate":"2020-01-01","publishingPrinciples":"https:\/\/www.blackturtledive.com\/terms\/","ownershipFundingInfo":"https:\/\/www.blackturtledive.com\/terms\/","actionableFeedbackPolicy":"https:\/\/www.blackturtledive.com\/privacy-policy\/","correctionsPolicy":"https:\/\/www.blackturtledive.com\/privacy-policy\/","ethicsPolicy":"https:\/\/www.blackturtledive.com\/privacy-policy\/","diversityPolicy":"https:\/\/www.blackturtledive.com\/privacy-policy\/"}]}},"_links":{"self":[{"href":"https:\/\/www.blackturtledive.com\/de\/wp-json\/wp\/v2\/pages\/18602","targetHints":{"allow":["GET"]}}],"collection":[{"href":"https:\/\/www.blackturtledive.com\/de\/wp-json\/wp\/v2\/pages"}],"about":[{"href":"https:\/\/www.blackturtledive.com\/de\/wp-json\/wp\/v2\/types\/page"}],"author":[{"embeddable":true,"href":"https:\/\/www.blackturtledive.com\/de\/wp-json\/wp\/v2\/users\/2"}],"replies":[{"embeddable":true,"href":"https:\/\/www.blackturtledive.com\/de\/wp-json\/wp\/v2\/comments?post=18602"}],"version-history":[{"count":2,"href":"https:\/\/www.blackturtledive.com\/de\/wp-json\/wp\/v2\/pages\/18602\/revisions"}],"predecessor-version":[{"id":71438,"href":"https:\/\/www.blackturtledive.com\/de\/wp-json\/wp\/v2\/pages\/18602\/revisions\/71438"}],"up":[{"embeddable":true,"href":"https:\/\/www.blackturtledive.com\/de\/wp-json\/wp\/v2\/pages\/18705"}],"wp:featuredmedia":[{"embeddable":true,"href":"https:\/\/www.blackturtledive.com\/de\/wp-json\/wp\/v2\/media\/17955"}],"wp:attachment":[{"href":"https:\/\/www.blackturtledive.com\/de\/wp-json\/wp\/v2\/media?parent=18602"}],"curies":[{"name":"wp","href":"https:\/\/api.w.org\/{rel}","templated":true}]}}