{"id":18603,"date":"2020-12-15T16:52:43","date_gmt":"2020-12-15T09:52:43","guid":{"rendered":"https:\/\/www.blackturtledive.com\/search-recovery-instructor\/"},"modified":"2026-05-06T14:38:14","modified_gmt":"2026-05-06T07:38:14","slug":"search-recovery-instructor","status":"publish","type":"page","link":"https:\/\/www.blackturtledive.com\/de\/padi-pro-level\/msdt-program\/search-recovery-instructor\/","title":{"rendered":"Suchen &#038; Bergen Instruktor"},"content":{"rendered":"<div class=\"wpb-content-wrapper\"><p>[vc_row][vc_column][vc_column_text css=&#8220;&#8220;]Die Search &amp; Recovery Instructor\u2011Specialty bef\u00e4higt Sie, die komplexen physikalischen Grundlagen und Anschlag\u2011\/Rigging\u2011Techniken zu unterrichten, die zum Auffinden und Heben von versenkten Gegenst\u00e4nden erforderlich sind.<\/p>\n<p>Als Instructor erlernen Sie, die Sicherheit der Teilnehmenden beim Einsatz von Hebes\u00e4cken und Leinen zu gew\u00e4hrleisten, mit Schwerpunkt auf Knoten\u2011 und Anschlagtechniken sowie systematischen Suchmustern (U\u2011Muster, Kreis\u2011 und expandierendes Quadrat\u2011Muster).<\/p>\n<p>Dies ist eine der physisch und mental anspruchsvollsten Specialties zum Unterrichten; die Beherrschung dieser Fertigkeiten an unserem CDC stellt sicher, dass Sie auch in stark belasteten Einsatzsituationen souver\u00e4n agieren k\u00f6nnen.<\/p>\n<h3><span style=\"color: #28d4ff;\">Werden Sie SucheN &amp; Bergung Spezialinstructor auf Koh Tao<\/span><\/h3>\n<p>Taucher sind aus einer Vielzahl von Gr\u00fcnden zumTauchen angezogen und haben ein breites Spektrum an Interessen.<\/p>\n<p>Die <a href=\"https:\/\/www.blackturtledive.com\/de\/padi-diving-courses\/advanced-open-water-course\/\">abenteuerlustigeren<\/a> Taucher sind oft begeistert von den praktischen Herausforderungen, die das Tauchen mit sich bringen kann.<\/p>\n<p>Eine solche Herausforderung tritt auf, wenn etwas Unterwasser verloren gegangen ist und lokalisiert sowie geborgen werden muss.<\/p>\n<p>Daf\u00fcr ist ein organisierter Plan erforderlich, um das Objekt von einem Bereich des Meeresbodens zu <em><span style=\"color: #28d4ff;\">suchen und zu bergen<\/span><\/em>.<\/p>\n<h3>Lernen, den PADI Suchen &amp; Bergung Spezialkurs zu unterrichten<\/h3>\n<p>Als <a href=\"https:\/\/www.blackturtledive.com\/padi-pro-level\/\">PADI Instructor<\/a> m\u00fcssen Sie Vorbildf\u00e4higkeiten besitzen, um einen erfolgreichen Such- und Bergungstauchgang zu planen und durchzuf\u00fchren.<\/p>\n<p>Als PADI Ausbilder ben\u00f6tigen Sie au\u00dferdem die F\u00e4higkeit, das Wissen und die F\u00e4higkeiten an Ihre Sch\u00fcler-Taucher weiterzugeben, die an aufgabenorientiertem und manchmal herausforderndem Training interessiert sind.<\/p>\n<p>Unser PADI <span style=\"color: #28d4ff;\"><em>Suche &amp; Bergung Instructor Spezialkurs<\/em><\/span> gibt Ihnen das Vertrauen, das Wissen und die F\u00e4higkeiten, die erforderlich sind, um Sch\u00fcler-Taucher zu lehren, wie man Such- und Bergungstauchg\u00e4nge organisiert, plant und daran teilnimmt.<\/p>\n<p>Der Suche &amp; Bergung Kurs lehrt Taucher, wie man Suchmuster durchf\u00fchrt und Hebevorrichtungen verwendet, um Objekte unterschiedlicher Gr\u00f6\u00dfe in verschiedenen Suchgebieten zu suchen und zu bergen.<\/p>\n<p><a class=\"fasc-button fasc-size-large fasc-type-flat\" style=\"background-color: #33809e; color: #ffffff;\" href=\"https:\/\/www.blackturtledive.com\/diving-course-prices\/\">JETZT BUCHEN<\/a><\/p>\n<h3><span style=\"color: #28d4ff;\">Inklusive im Koh Tao Suche &amp; Bergung Instructor Spezialkurs<\/span><\/h3>\n<ul>\n<li>2 Suche &amp; Bergung Trainingstauchg\u00e4nge<\/li>\n<li>Vermietung aller <a href=\"https:\/\/www.blackturtledive.com\/padi-pro-level\/msdt-program\/equipment-instructor\/\">Tauchausr\u00fcstungen<\/a>, einschlie\u00dflich spezieller Ausr\u00fcstungen<\/li>\n<li>KOSTENLOSE Nutzung des Tauchcomputers<\/li>\n<li><a href=\"https:\/\/www.blackturtledive.com\/about-us\/\">Black Turtle Dive<\/a> Kunden- (und Umwelt-)Versprechen<\/li>\n<\/ul>\n<p>Um sich f\u00fcr einen PADI Suche &amp; Bergung Instructor Spezialkurs anzumelden, m\u00fcssen Sie:<\/p>\n<ul>\n<li>Mindestens ein PADI <a href=\"https:\/\/www.blackturtledive.com\/padi-pro-level\/dive-instructor-course\/\">Open Water Scuba Instructor<\/a> sein oder derzeit an einem IDC\/OWSI-Programm teilnehmen oder dieses innerhalb der letzten 12 Monate abgeschlossen haben.<\/li>\n<li>IDC\/OWSI-Kandidaten k\u00f6nnen sich f\u00fcr die Spezialinstructor-Zertifizierung nur nach erfolgreichem Abschluss eines PADI IE bewerben.<\/li>\n<li>\u00dcber aktuelle Taucherfahrung verf\u00fcgen \u2013 wir empfehlen, eine <a href=\"https:\/\/www.blackturtledive.com\/padi-diving-courses\/scuba-review\/\">Taucher\u00fcberpr\u00fcfung<\/a> durchzuf\u00fchren, wenn Sie seit 12 Monaten nicht getaucht haben.<\/li>\n<li>Medizinisch fit zum Tauchen sein.<\/li>\n<\/ul>\n<p>Nach erfolgreichem Abschluss aller Kursanforderungen m\u00fcssen Sie den Nachweis von 10 loggierten Suche &amp; Bergung Freiwassertauchg\u00e4ngen erbringen.<\/p>\n<h3>1-Tages PADI Suche &amp; Bergung Instructor Spezialkurs<\/h3>\n<p>Der Kurs besteht aus zwei Teilen:<\/p>\n<ul>\n<li>Wissensentwicklung<\/li>\n<li>Freiwassertraining &#8211; 2 Suche &amp; Bergung Trainingstauchg\u00e4nge<\/li>\n<\/ul>\n<p><a class=\"fasc-button fasc-size-large fasc-type-flat\" style=\"background-color: #33809e; color: #ffffff;\" href=\"https:\/\/www.blackturtledive.com\/diving-course-prices\/\">JETZT BUCHEN<\/a><\/p>\n<p>Bei <a href=\"https:\/\/www.blackturtledive.com\/de\/\">Black Turtle Dive<\/a> nehmen wir unser <a href=\"https:\/\/www.blackturtledive.com\/about-us\/our-customer-promise\/\">Kundenversprechen<\/a> sehr ernst.<\/p>\n<p>Unsere <a href=\"https:\/\/www.blackturtledive.com\/padi-pro-level\/idc-staff-instructor-course\/\">Ausbilder<\/a> sind hochqualifiziert und sorgen daf\u00fcr, dass Sie viel Aufmerksamkeit erhalten und vor allem in einem entspannten Umfeld in Ihrem eigenen Tempo Fortschritte machen.<\/p>\n<p>W\u00e4hrend Ihres Trainings werden wir langsam Ihr Vertrauen und Ihre F\u00e4higkeiten aufbauen, w\u00e4hrend Sie die notwendigen Kenntnisse entwickeln, um ein kompetenter PADI Suche &amp; Bergung Instructor zu werden.<\/p>\n<h3><span style=\"color: #28d4ff;\">Koh Tao Suche &amp; Bergung Instructor-Kursplan<\/span><\/h3>\n<p>Der Zeitplan f\u00fcr den Suche &amp; Bergung Instructor-Spezialkurs bei Black Turtle Dive ist flexibel, und wir k\u00f6nnen uns nach Ihren pers\u00f6nlichen Bed\u00fcrfnissen und Zeitrahmen richten.<\/p>\n<p>Er wird oft als Teil unseres Multi-Instructor-Spezialprogramms wie dem <a href=\"https:\/\/www.blackturtledive.com\/padi-pro-level\/msdt-program\/\">MSDT-Programm<\/a> geplant.&nbsp;<\/p>\n<p>Bitte z\u00f6gern Sie nicht, wenn Sie spezielle Anfragen haben, entweder per <a href=\"https:\/\/www.blackturtledive.com\/contact-us\/\">E-Mail<\/a> oder \u00fcber eine der Messenger-Apps auf dieser Seite.&nbsp;<\/p>\n<h3>Kosten f\u00fcr den PADI Suche &amp; Bergung Instructor-Spezialkurs: 4.000 baht<\/h3>\n<h3><span style=\"color: #28d4ff;\">Kursplan<\/span><\/h3>\n<p>Tag 1:<\/p>\n<p>09.00 \u2013 11.30: Orientierung &amp; Wissensentwicklung<br \/>\n12.30 \u2013 17.00: Suche &amp; Bergung Instructor Trainingstauchg\u00e4nge 1 &amp; 2 &nbsp;<\/p>\n<p>Sie sind jetzt ein zertifizierter PADI Suche &amp; Bergung Spezialinstructor.<\/p>\n<p><a class=\"fasc-button fasc-size-large fasc-type-flat\" style=\"background-color: #33809e; color: #ffffff;\" href=\"https:\/\/www.blackturtledive.com\/diving-course-prices\/\">JETZT BUCHEN<\/a><\/p>\n<h3>PADI Suche &amp; Bergung Spezialinstructor-Kursinformationen<\/h3>\n<p>Wissensentwicklung f\u00fcr Suche &amp; Bergung<\/p>\n<p>Der PADI Suche &amp; Bergung Spezialinstructor-Kurs besteht aus 2 Trainingstauchg\u00e4ngen.<\/p>\n<p>Es gibt auch einen Bereich zur Wissensentwicklung, der durchgef\u00fchrt wird, bevor wir die Trainingstauchg\u00e4nge machen.&nbsp;<\/p>\n<p>Im Bereich Wissensentwicklung m\u00fcssen Sie Folgendes abschlie\u00dfen:<\/p>\n<ul>\n<li>Eine Wissensentwicklung-Pr\u00e4sentation aus dem PADI Suche &amp; Bergung Spezialhandbuch halten, indem Sie eine verpasste Frage aus der Wissens\u00fcberpr\u00fcfung systematisch lehren.<\/li>\n<li>Den Zweck und die Ziele des PADI Suche &amp; Bergung Spezialkurses \u00fcberpr\u00fcfen und verstehen.<\/li>\n<li>Die Standards und Verfahren des Suche &amp; Bergung Kurses aus dem PADI Specialty Course Instructor Guide \u00fcberpr\u00fcfen und erkl\u00e4ren sowie alle Anforderungen an die Ausr\u00fcstung f\u00fcr Sch\u00fcler und Instructor auflisten.<\/li>\n<li>Die Beherrschung aller Wissensentwicklungen demonstrieren.<\/li>\n<li>Beschreiben, wie man alle Kursabschnitte so durchf\u00fchrt, dass die Taucher die Leistungsanforderungen des <a href=\"https:\/\/www.blackturtledive.com\/padi-diving-courses\/\">Kurses<\/a> erf\u00fcllen k\u00f6nnen.<\/li>\n<li>An einem Marketing- und Promotionsworkshop teilnehmen, in dem Sie Techniken lernen, um den Spezialkurs f\u00fcr Suche &amp; Bergung Ihren Sch\u00fclern und der allgemeinen Tauch\u00f6ffentlichkeit zu empfehlen.<\/li>\n<li>An einem Pre-workshop teilnehmen.<\/li>\n<\/ul>\n<h3><span style=\"color: #28d4ff;\">Suchen &amp; Bergung Freiwassertrainingstauchg\u00e4nge<\/span><\/h3>\n<p>Es sind 4 Suche &amp; Bergung Trainingstauchg\u00e4nge erforderlich, um ein Suche &amp; Bergung Taucher zu werden. &nbsp;<\/p>\n<p>Im Rahmen des Suche &amp; Bergung Instructor-Kurses m\u00fcssen Sie alle Leistungsanforderungen dieser 4 Tauchg\u00e4nge \u00fcber mindestens 2 Trainingstauchg\u00e4nge erf\u00fcllen.<\/p>\n<p>Vor den Tauchg\u00e4ngen m\u00fcssen Sie die \u00dcberlegungen zum Freiwassertraining im Suche &amp; Bergung Spezialkurs erkl\u00e4ren.<\/p>\n<p>W\u00e4hrend der Freiwassertauchg\u00e4nge m\u00fcssen Sie:<\/p>\n<ul>\n<li>Die Beherrschung aller Fertigkeitsanforderungen f\u00fcr das Wasser f\u00fcr den Suche &amp; Bergung Spezialkurs demonstrieren.<\/li>\n<li>Eine Lehrpr\u00e4sentation im Freiwasser aus dem Suche &amp; Bergung Spezialkurs durchf\u00fchren.<\/li>\n<li>Alle Leistungsanforderungen f\u00fcr den <a href=\"https:\/\/www.blackturtledive.com\/padi-specialty-courses\/search-recovery-diver\/\">Suche &amp; Bergung Taucher Spezialkurs<\/a> im Freiwasser demonstrieren.<\/li>\n<\/ul>\n<p>Nach Abschluss aller Leistungsanforderungen erhalten Sie die PADI Suche &amp; Bergung Spezialinstructor-Zertifizierung.<\/p>\n<h3><span style=\"color: #28d4ff;\">2026 PADI Geb\u00fchren &nbsp;<\/span><\/h3>\n<p>Antragsgeb\u00fchr f\u00fcr PADI Suche &amp; Bergung Spezialinstructor: A$145<\/p>\n<p><a class=\"fasc-button fasc-size-large fasc-type-flat\" style=\"background-color: #33809e; color: #ffffff;\" href=\"https:\/\/www.blackturtledive.com\/diving-course-prices\/\">JETZT BUCHEN<\/a><\/p>\n<h3>PADI Materialien<\/h3>\n<p>Bitte bringen Sie Ihr&nbsp;PADI Specialty Course Instructor Manual mit.<\/p>\n<p>Sie ben\u00f6tigen auch eine Kopie des PADI Instructor Manuals, das f\u00fcr alle erneuerten PADI-Mitglieder kostenlos unter&nbsp;<a href=\"https:\/\/www.padi.com\/mypadi\/\" target=\"_blank\" rel=\"noopener\">www.padi.com\/mypadi<\/a> heruntergeladen werden kann.[\/vc_column_text][\/vc_column][\/vc_row]<\/p>\n<\/div>","protected":false},"excerpt":{"rendered":"<p>Der PADI Search &#038; Recovery Instruktor Specialty Kurs auf Koh Tao lehrt DICH, wie du Tauchsch\u00fclern verschiedene Suchmuster beibringst und wann du sie anwendest.<\/p>\n","protected":false},"author":2,"featured_media":18098,"parent":18705,"menu_order":0,"comment_status":"closed","ping_status":"closed","template":"","meta":{"_acf_changed":false,"footnotes":""},"class_list":["post-18603","page","type-page","status-publish","has-post-thumbnail","hentry"],"acf":[],"yoast_head":"<!-- This site is optimized with the Yoast SEO Premium plugin v27.6 (Yoast SEO v27.6) - https:\/\/yoast.com\/product\/yoast-seo-premium-wordpress\/ -->\n<title>PADI Suchen &amp; Bergung Instruktor Spezialkurs Koh Tao<\/title>\n<meta name=\"description\" content=\"Die Spezialisierung zum Such- und Bergungsausbilder erm\u00f6glicht es Ihnen, die komplexen physikalischen und technischen Fertigkeiten zu lehren, die erforderlich sind, um versunkene Objekte zu lokalisieren und zu bergen.\" \/>\n<meta name=\"robots\" content=\"index, follow, max-snippet:-1, max-image-preview:large, max-video-preview:-1\" \/>\n<link rel=\"canonical\" href=\"https:\/\/www.blackturtledive.com\/de\/padi-pro-level\/msdt-program\/search-recovery-instructor\/\" \/>\n<meta property=\"og:locale\" content=\"de_DE\" \/>\n<meta property=\"og:type\" content=\"article\" \/>\n<meta property=\"og:title\" content=\"PADI Search &amp; Recovery Instructor Specialty Course Koh Tao\" \/>\n<meta property=\"og:description\" content=\"PADI Search &amp; Recovery Instructor Specialty course Koh Tao teaches YOU how to teach students divers about different search patterns and when to use them\" \/>\n<meta property=\"og:url\" content=\"https:\/\/www.blackturtledive.com\/de\/padi-pro-level\/msdt-program\/search-recovery-instructor\/\" \/>\n<meta property=\"og:site_name\" content=\"Black Turtle Dive Koh Tao\" \/>\n<meta property=\"article:publisher\" content=\"https:\/\/www.facebook.com\/blackturtledive\" \/>\n<meta property=\"article:modified_time\" content=\"2026-05-06T07:38:14+00:00\" \/>\n<meta property=\"og:image\" content=\"https:\/\/www.blackturtledive.com\/wp-content\/uploads\/2020\/12\/blackturtledive.com-search-and-recovery-dive-Koh-Tao-lift-bag-.jpg\" \/>\n\t<meta property=\"og:image:width\" content=\"1000\" \/>\n\t<meta property=\"og:image:height\" content=\"840\" \/>\n\t<meta property=\"og:image:type\" content=\"image\/jpeg\" \/>\n<meta name=\"twitter:card\" content=\"summary_large_image\" \/>\n<meta name=\"twitter:title\" content=\"PADI Search &amp; Recovery Instructor Specialty Course Koh Tao\" \/>\n<meta name=\"twitter:description\" content=\"PADI Search &amp; Recovery Instructor Specialty course Koh Tao teaches YOU how to teach students divers about different search patterns and when to use them\" \/>\n<meta name=\"twitter:image\" content=\"https:\/\/www.blackturtledive.com\/wp-content\/uploads\/2020\/12\/blackturtledive.com-search-and-recovery-dive-Koh-Tao-lift-bag-.jpg\" \/>\n<meta name=\"twitter:site\" content=\"@blackturtledive\" \/>\n<meta name=\"twitter:label1\" content=\"Gesch\u00e4tzte Lesezeit\" \/>\n\t<meta name=\"twitter:data1\" content=\"4\u00a0Minuten\" \/>\n<!-- \/ Yoast SEO Premium plugin. -->","yoast_head_json":{"title":"PADI Suchen & Bergung Instruktor Spezialkurs Koh Tao","description":"Die Spezialisierung zum Such- und Bergungsausbilder erm\u00f6glicht es Ihnen, die komplexen physikalischen und technischen Fertigkeiten zu lehren, die erforderlich sind, um versunkene Objekte zu lokalisieren und zu bergen.","robots":{"index":"index","follow":"follow","max-snippet":"max-snippet:-1","max-image-preview":"max-image-preview:large","max-video-preview":"max-video-preview:-1"},"canonical":"https:\/\/www.blackturtledive.com\/de\/padi-pro-level\/msdt-program\/search-recovery-instructor\/","og_locale":"de_DE","og_type":"article","og_title":"PADI Search & Recovery Instructor Specialty Course Koh Tao","og_description":"PADI Search & Recovery Instructor Specialty course Koh Tao teaches YOU how to teach students divers about different search patterns and when to use them","og_url":"https:\/\/www.blackturtledive.com\/de\/padi-pro-level\/msdt-program\/search-recovery-instructor\/","og_site_name":"Black Turtle Dive Koh Tao","article_publisher":"https:\/\/www.facebook.com\/blackturtledive","article_modified_time":"2026-05-06T07:38:14+00:00","og_image":[{"width":1000,"height":840,"url":"https:\/\/www.blackturtledive.com\/wp-content\/uploads\/2020\/12\/blackturtledive.com-search-and-recovery-dive-Koh-Tao-lift-bag-.jpg","type":"image\/jpeg"}],"twitter_card":"summary_large_image","twitter_title":"PADI Search & Recovery Instructor Specialty Course Koh Tao","twitter_description":"PADI Search & Recovery Instructor Specialty course Koh Tao teaches YOU how to teach students divers about different search patterns and when to use them","twitter_image":"https:\/\/www.blackturtledive.com\/wp-content\/uploads\/2020\/12\/blackturtledive.com-search-and-recovery-dive-Koh-Tao-lift-bag-.jpg","twitter_site":"@blackturtledive","twitter_misc":{"Gesch\u00e4tzte Lesezeit":"4\u00a0Minuten"},"schema":{"@context":"https:\/\/schema.org","@graph":[{"@type":"WebPage","@id":"https:\/\/www.blackturtledive.com\/de\/padi-pro-level\/msdt-program\/search-recovery-instructor\/","url":"https:\/\/www.blackturtledive.com\/de\/padi-pro-level\/msdt-program\/search-recovery-instructor\/","name":"PADI Suchen & Bergung Instruktor Spezialkurs Koh Tao","isPartOf":{"@id":"https:\/\/www.blackturtledive.com\/de\/#website"},"primaryImageOfPage":{"@id":"https:\/\/www.blackturtledive.com\/de\/padi-pro-level\/msdt-program\/search-recovery-instructor\/#primaryimage"},"image":{"@id":"https:\/\/www.blackturtledive.com\/de\/padi-pro-level\/msdt-program\/search-recovery-instructor\/#primaryimage"},"thumbnailUrl":"https:\/\/www.blackturtledive.com\/wp-content\/uploads\/2020\/12\/blackturtledive.com-search-and-recovery-dive-Koh-Tao-lift-bag-.jpg","datePublished":"2020-12-15T09:52:43+00:00","dateModified":"2026-05-06T07:38:14+00:00","description":"Die Spezialisierung zum Such- und Bergungsausbilder erm\u00f6glicht es Ihnen, die komplexen physikalischen und technischen Fertigkeiten zu lehren, die erforderlich sind, um versunkene Objekte zu lokalisieren und zu bergen.","breadcrumb":{"@id":"https:\/\/www.blackturtledive.com\/de\/padi-pro-level\/msdt-program\/search-recovery-instructor\/#breadcrumb"},"inLanguage":"de","potentialAction":[{"@type":"ReadAction","target":["https:\/\/www.blackturtledive.com\/de\/padi-pro-level\/msdt-program\/search-recovery-instructor\/"]}]},{"@type":"ImageObject","inLanguage":"de","@id":"https:\/\/www.blackturtledive.com\/de\/padi-pro-level\/msdt-program\/search-recovery-instructor\/#primaryimage","url":"https:\/\/www.blackturtledive.com\/wp-content\/uploads\/2020\/12\/blackturtledive.com-search-and-recovery-dive-Koh-Tao-lift-bag-.jpg","contentUrl":"https:\/\/www.blackturtledive.com\/wp-content\/uploads\/2020\/12\/blackturtledive.com-search-and-recovery-dive-Koh-Tao-lift-bag-.jpg","width":1000,"height":840,"caption":"PADI Search & Recovery Specialty Course Koh Tao"},{"@type":"BreadcrumbList","@id":"https:\/\/www.blackturtledive.com\/de\/padi-pro-level\/msdt-program\/search-recovery-instructor\/#breadcrumb","itemListElement":[{"@type":"ListItem","position":1,"name":"Home","item":"https:\/\/www.blackturtledive.com\/de\/"},{"@type":"ListItem","position":2,"name":"PADI-Pro Stufe","item":"https:\/\/www.blackturtledive.com\/de\/padi-pro-level\/"},{"@type":"ListItem","position":3,"name":"MSDTProgramm","item":"https:\/\/www.blackturtledive.com\/de\/padi-pro-level\/msdt-program\/"},{"@type":"ListItem","position":4,"name":"Suchen &#038; Bergen Instruktor"}]},{"@type":"WebSite","@id":"https:\/\/www.blackturtledive.com\/de\/#website","url":"https:\/\/www.blackturtledive.com\/de\/","name":"Black Turtle Dive Koh Tao","description":"Ocean Explorers | Marine Protectors","publisher":{"@id":"https:\/\/www.blackturtledive.com\/de\/#organization"},"alternateName":"Black Turtle Dive in Thailand","potentialAction":[{"@type":"SearchAction","target":{"@type":"EntryPoint","urlTemplate":"https:\/\/www.blackturtledive.com\/de\/?s={search_term_string}"},"query-input":{"@type":"PropertyValueSpecification","valueRequired":true,"valueName":"search_term_string"}}],"inLanguage":"de"},{"@type":"Organization","@id":"https:\/\/www.blackturtledive.com\/de\/#organization","name":"Black Turtle Dive Koh Tao","alternateName":"Black Turtle Dive","url":"https:\/\/www.blackturtledive.com\/de\/","logo":{"@type":"ImageObject","inLanguage":"de","@id":"https:\/\/www.blackturtledive.com\/de\/#\/schema\/logo\/image\/","url":"https:\/\/www.blackturtledive.com\/wp-content\/uploads\/2020\/11\/cropped-blackturtledive.com-brand-logo.png","contentUrl":"https:\/\/www.blackturtledive.com\/wp-content\/uploads\/2020\/11\/cropped-blackturtledive.com-brand-logo.png","width":400,"height":400,"caption":"Black Turtle Dive Koh Tao"},"image":{"@id":"https:\/\/www.blackturtledive.com\/de\/#\/schema\/logo\/image\/"},"sameAs":["https:\/\/www.facebook.com\/blackturtledive","https:\/\/x.com\/blackturtledive","https:\/\/www.instagram.com\/blackturtledive\/","https:\/\/www.youtube.com\/blackturtledive","https:\/\/www.linkedin.com\/company\/blackturtledive\/","https:\/\/www.tumblr.com\/blackturtledive","https:\/\/www.pinterest.com\/blackturtledive\/","https:\/\/www.tiktok.com\/@blackturtledive","https:\/\/www.reddit.com\/user\/blackturtledive\/"],"description":"Black Turtle Dive is a modern and innovative 5 Star Career Development Scuba Diving Center, passionate about the ocean and through training we want to empower you to become a competent and confident scuba diver. Our diving courses equip you with the skills, knowledge and awareness necessary to explore the ocean safely, whilst becoming a passionate advocate and protector of the marine environment. If you have never dived before or are a certified diver and want to develop your skills further, our tailored, bespoke courses and programs will inspire you to become an Ocean advocate. Our scientific based Marine Conservation Internships and training programs, offer aspiring scuba divers and marine conservationists, the best marine conservation internships on Koh Tao. We currently offer students six levels of Marine Conservation Internships at our beachside location on Koh Tao in Thailand. Check out our website for more information.","email":"info@blackturtledive.com","telephone":"089 592 2134","legalName":"Black Turtle Dive Co Ltd","foundingDate":"2020-01-01","publishingPrinciples":"https:\/\/www.blackturtledive.com\/terms\/","ownershipFundingInfo":"https:\/\/www.blackturtledive.com\/terms\/","actionableFeedbackPolicy":"https:\/\/www.blackturtledive.com\/privacy-policy\/","correctionsPolicy":"https:\/\/www.blackturtledive.com\/privacy-policy\/","ethicsPolicy":"https:\/\/www.blackturtledive.com\/privacy-policy\/","diversityPolicy":"https:\/\/www.blackturtledive.com\/privacy-policy\/"}]}},"_links":{"self":[{"href":"https:\/\/www.blackturtledive.com\/de\/wp-json\/wp\/v2\/pages\/18603","targetHints":{"allow":["GET"]}}],"collection":[{"href":"https:\/\/www.blackturtledive.com\/de\/wp-json\/wp\/v2\/pages"}],"about":[{"href":"https:\/\/www.blackturtledive.com\/de\/wp-json\/wp\/v2\/types\/page"}],"author":[{"embeddable":true,"href":"https:\/\/www.blackturtledive.com\/de\/wp-json\/wp\/v2\/users\/2"}],"replies":[{"embeddable":true,"href":"https:\/\/www.blackturtledive.com\/de\/wp-json\/wp\/v2\/comments?post=18603"}],"version-history":[{"count":2,"href":"https:\/\/www.blackturtledive.com\/de\/wp-json\/wp\/v2\/pages\/18603\/revisions"}],"predecessor-version":[{"id":71433,"href":"https:\/\/www.blackturtledive.com\/de\/wp-json\/wp\/v2\/pages\/18603\/revisions\/71433"}],"up":[{"embeddable":true,"href":"https:\/\/www.blackturtledive.com\/de\/wp-json\/wp\/v2\/pages\/18705"}],"wp:featuredmedia":[{"embeddable":true,"href":"https:\/\/www.blackturtledive.com\/de\/wp-json\/wp\/v2\/media\/18098"}],"wp:attachment":[{"href":"https:\/\/www.blackturtledive.com\/de\/wp-json\/wp\/v2\/media?parent=18603"}],"curies":[{"name":"wp","href":"https:\/\/api.w.org\/{rel}","templated":true}]}}