{"id":18604,"date":"2020-12-15T16:45:31","date_gmt":"2020-12-15T09:45:31","guid":{"rendered":"https:\/\/www.blackturtledive.com\/emergency-oxygen-provider-instructor\/"},"modified":"2026-05-06T07:04:31","modified_gmt":"2026-05-06T00:04:31","slug":"emergency-oxygen-provider-instructor","status":"publish","type":"page","link":"https:\/\/www.blackturtledive.com\/de\/padi-pro-level\/msdt-program\/emergency-oxygen-provider-instructor\/","title":{"rendered":"Instruktor f\u00fcr Notfall\u2011Sauerstoffversorgung"},"content":{"rendered":"<div class=\"wpb-content-wrapper\"><p>[vc_row][vc_column][vc_column_text css=&#8220;&#8220;]Der Emergency Oxygen Provider Instructor\u2011Kurs bef\u00e4higt Sie, die prim\u00e4re Erste\u2011Hilfe\u2011Behandlung bei Dekompressionskrankheit und anderen tauchbezogenen Lungenverletzungen zu unterrichten.<\/p>\n<p>Sie lernen, den Aufbau und die Handhabung von Demand\u2011Ventilen und Konstantfluss\u2011Systemen zu demonstrieren, sodass sowohl Taucher als auch Nicht\u2011Taucher vorbereitet sind, in einem medizinischen Notfall zu handeln.<\/p>\n<p>Da es sich um eine nicht\u2011tauchbezogene Specialty handelt, k\u00f6nnen Sie Ihr Lehrangebot auf Bootsbesatzungen und Angeh\u00f6rige ausweiten und so eine Sicherheitskultur in der Koh\u2011Tao\u2011Community st\u00e4rken.<\/p>\n<h3><span style=\"color: #28d4ff;\">Lernen, den Notfall O2 Anbieter-Kurs auf Koh Tao zu unterrichten<\/span><\/h3>\n<p>Die Bereitstellung von <a href=\"https:\/\/www.blackturtledive.com\/padi-diving-courses\/emergency-first-response-course\/\">Erste-Hilfe-Behandlungen<\/a> zusammen mit der Verabreichung von Notfallsauerstoff ist h\u00e4ufig erforderlich, um viele Verletzungen und Krankheiten zu behandeln, die den Sauerstofftransport zu Blut oder Gewebe beeintr\u00e4chtigen.<\/p>\n<p>F\u00fcr Taucher ist Sauerstoff die prim\u00e4re Erste-Hilfe-Ma\u00dfnahme und sollte Tauchern verabreicht werden, die an einer nahen Ertrinkung oder einer Dekompressionskrankheit leiden.<\/p>\n<p>Die Bereitstellung von <em><span style=\"color: #28d4ff;\">Notfallsauerstoff<\/span><\/em> ist eine g\u00e4ngige Praxis zur Behandlung verletzter Taucher, da sie den von Sauerstoff unterversorgten Geweben Sauerstoff zuf\u00fchrt und zur Reduzierung von Blasen beitr\u00e4gt.<\/p>\n<h3>Unterrichten Sie den O2 Anbieter-Kurs an Sch\u00fcler-Tauchern<\/h3>\n<p>Der PADI Notfall Sauerstoffanbieter <a href=\"https:\/\/www.blackturtledive.com\/padi-pro-level\/\">Instructor Spezialkurs<\/a> lehrt Sie, wie Sie den PADI <a href=\"https:\/\/www.blackturtledive.com\/padi-specialty-courses\/emergency-oxygen-provider\/\">Notfall Sauerstoffanbieter<\/a> Spezialkurs an Sch\u00fcler-Taucher unterrichten k\u00f6nnen.<\/p>\n<p>Das Ziel des Kurses ist es, alle zertifizierten Taucher und jeden, der in der Lage ist zu helfen, wie zum Beispiel Bootskapit\u00e4ne, Guides oder Rettungsschwimmer, im richtigen Umgang und der Anwendung von Notfallsauerstoff zu schulen.<\/p>\n<p>Dieser Einsteiger-Notfallsauerstoffkurs ist eine gro\u00dfartige Erg\u00e4nzung zu den <a href=\"https:\/\/www.blackturtledive.com\/padi-diving-courses\/rescue-diver-course\/\">Rettungs<\/a>&#8211; und <a href=\"https:\/\/www.blackturtledive.com\/padi-pro-level\/divemaster-course\/\">Divemaster<\/a>-Ausbildung Ihrer Sch\u00fcler und schult unerfahrene Taucher in der Erkennung von Tauchkrankheiten, die mit Notfallsauerstoff behandelt werden k\u00f6nnen.<\/p>\n<p><a class=\"fasc-button fasc-size-large fasc-type-flat\" style=\"background-color: #33809e; color: #ffffff;\" href=\"https:\/\/www.blackturtledive.com\/diving-course-prices\/\">JETZT BUCHEN<\/a><\/p>\n<h3><span style=\"color: #28d4ff;\">Inklusive im Koh Tao Notfall Sauerstoffanbieter Instructor Spezialkurs<\/span><\/h3>\n<ul>\n<li>Alle speziellen Ausr\u00fcstungen, die f\u00fcr den Kurs ben\u00f6tigt werden<\/li>\n<li><a href=\"https:\/\/www.blackturtledive.com\/about-us\/\">Black Turtle Dive<\/a> Kunden- (und Umwelt-)Versprechen<\/li>\n<\/ul>\n<p>Um sich f\u00fcr einen PADI Notfall O2 Anbieter Instructor Spezialkurs anzumelden, m\u00fcssen Sie:<\/p>\n<ul>\n<li>Mindestens ein <a href=\"https:\/\/www.blackturtledive.com\/scuba-diving-internship\/divemaster-internship\/\">PADI Divemaster<\/a> sein.<\/li>\n<\/ul>\n<h3>1-Tages Notfall O2 Anbieter Instructor Spezialkurs<\/h3>\n<p>Der Kurs besteht aus zwei Teilen:<\/p>\n<ul>\n<li>Wissensentwicklung<\/li>\n<li>Praktische Anwendungssitzungen<\/li>\n<\/ul>\n<p><a class=\"fasc-button fasc-size-large fasc-type-flat\" style=\"background-color: #33809e; color: #ffffff;\" href=\"https:\/\/www.blackturtledive.com\/diving-course-prices\/\">JETZT BUCHEN<\/a><\/p>\n<p>Bei <a href=\"https:\/\/www.blackturtledive.com\/de\/\">Black Turtle Dive<\/a> nehmen wir unser <a href=\"https:\/\/www.blackturtledive.com\/about-us\/our-customer-promise\/\">Kundenversprechen<\/a> sehr ernst.<\/p>\n<p>Unsere <a href=\"https:\/\/www.blackturtledive.com\/padi-pro-level\/idc-staff-instructor-course\/\">Tauchlehrer<\/a> sind hochqualifiziert und sorgen daf\u00fcr, dass Sie viel Aufmerksamkeit erhalten und vor allem in einem entspannten Umfeld in Ihrem eigenen Tempo Fortschritte machen.<\/p>\n<p>W\u00e4hrend Ihres Trainings werden wir langsam Ihr Vertrauen und Ihre F\u00e4higkeiten aufbauen, w\u00e4hrend Sie die notwendigen Kenntnisse entwickeln, um ein kompetenter Notfall Sauerstoffanbieter Instructor zu werden.<\/p>\n<h3><span style=\"color: #28d4ff;\">Koh Tao Notfall Sauerstoffanbieter Instructor-Kursplan<\/span><\/h3>\n<p>Der Zeitplan f\u00fcr den Notfall Sauerstoffanbieter Instructor-Spezialkurs bei Black Turtle Dive ist flexibel, und wir k\u00f6nnen uns nach Ihren pers\u00f6nlichen Bed\u00fcrfnissen und Zeitrahmen richten.<\/p>\n<p>Er wird oft als Teil unseres Multi-Instructor-Spezialprogramms wie dem <a href=\"https:\/\/www.blackturtledive.com\/padi-pro-level\/msdt-program\/\">MSDT-Programm<\/a> geplant.<\/p>\n<p>Bitte z\u00f6gern Sie nicht, wenn Sie spezielle Anfragen haben, entweder per <a href=\"https:\/\/www.blackturtledive.com\/contact-us\/\">E-Mail<\/a> oder \u00fcber eine der Messenger-Apps auf dieser Seite.&nbsp;<\/p>\n<h3>PADI Emergency O2 Provider Instructor\u2011Kurskosten:4.000 Baht<\/h3>\n<h3><span style=\"color: #28d4ff;\">Kursplan<\/span><\/h3>\n<p>Tag 1:<\/p>\n<p>09.00 \u2013 11.30: Orientierung &amp; Wissensentwicklung<\/p>\n<p>12.30 \u2013 14:00: &nbsp;Praktische Anwendung des Notfall Sauerstoffanbieters<\/p>\n<p>Sie sind jetzt ein zertifizierter PADI Notfall Sauerstoffanbieter Spezialinstructor.<\/p>\n<p><a class=\"fasc-button fasc-size-large fasc-type-flat\" style=\"background-color: #33809e; color: #ffffff;\" href=\"https:\/\/www.blackturtledive.com\/diving-course-prices\/\">JETZT BUCHEN<\/a><\/p>\n<h3>Informationen zum Notfall Sauerstoffanbieter Spezialkurs<\/h3>\n<p>Wissensentwicklung f\u00fcr Notfall O2 Anbieter<\/p>\n<p>Der Notfall Sauerstoffanbieter Spezialinstructor-Kurs besteht aus einem Abschnitt zur Wissensentwicklung und praktischen Bewertungen mit Fertigkeitspr\u00e4sentationen.<\/p>\n<p>Im Bereich Wissensentwicklung m\u00fcssen Sie Folgendes abschlie\u00dfen:<\/p>\n<ul>\n<li>Eine Wissensentwicklung-Pr\u00e4sentation aus dem Handbuch des Notfall Sauerstoffanbieter Spezialkurses halten, indem Sie eine verpasste Frage aus der Wissens\u00fcberpr\u00fcfung systematisch lehren.<\/li>\n<li>Den Zweck und die Ziele des PADI Notfall Sauerstoffanbieter-Kurses \u00fcberpr\u00fcfen und verstehen.<\/li>\n<li>Die Standards und Verfahren des Notfall Sauerstoffanbieter Spezialkurses aus dem PADI Specialty Course Instructor Guide \u00fcberpr\u00fcfen und erkl\u00e4ren sowie alle Anforderungen an die Ausr\u00fcstung f\u00fcr Sch\u00fcler und Instructor auflisten.<\/li>\n<li>Die Beherrschung aller Wissensentwicklungen demonstrieren.<\/li>\n<li>Beschreiben, wie man alle Kursabschnitte so durchf\u00fchrt, dass die Taucher die Leistungsanforderungen des Kurses erf\u00fcllen k\u00f6nnen.<\/li>\n<li>An einem Marketing- und Promotionsworkshop teilnehmen, in dem Sie Techniken lernen, um den Notfall Sauerstoffanbieter Spezialkurs Ihren Sch\u00fclern und der allgemeinen Tauch\u00f6ffentlichkeit zu empfehlen.<\/li>\n<li>An einem Pre-workshop teilnehmen.<\/li>\n<\/ul>\n<h3><span style=\"color: #28d4ff;\">Fertigkeitenentwicklung f\u00fcr Notfall O2 Anbieter<\/span><\/h3>\n<p>Es gibt vier zwingend erforderliche Fertigkeiten, die Sie abschlie\u00dfen m\u00fcssen, und eine optionale Fertigkeit:<\/p>\n<ul>\n<li>Die Beherrschung aller Leistungsanforderungen der Fertigkeiten des Notfall Sauerstoffanbieter-Kurses auf dem Niveau einer Vorbilddemonstration f\u00fcr Ausbilder demonstrieren.<\/li>\n<li>Eine der Fertigkeiten in einem lehrenden Demonstrations- und Pr\u00e4sentationsstil pr\u00e4sentieren.<\/li>\n<\/ul>\n<p>Nach Abschluss aller Leistungsanforderungen erhalten Sie die PADI Notfall Sauerstoffanbieter Instructor Spezialzertifizierung.<\/p>\n<h3><span style=\"color: #28d4ff;\">PADI\u2011Geb\u00fchren 2026 &nbsp;<\/span><\/h3>\n<p>PADI Emergency Oxygen Provider Specialty Instructor \u2013 Antragsgeb\u00fchr: A$145<\/p>\n<p><a class=\"fasc-button fasc-size-large fasc-type-flat\" style=\"background-color: #33809e; color: #ffffff;\" href=\"https:\/\/www.blackturtledive.com\/diving-course-prices\/\">JETZT BUCHEN<\/a><\/p>\n<h3>PADI Materialien<\/h3>\n<p>Bitte bringen Sie Ihr&nbsp;PADI Specialty Course Instructor Manual mit.<\/p>\n<p>Sie ben\u00f6tigen auch eine Kopie des PADI Instructor Manuals, das f\u00fcr alle erneuerten PADI-Mitglieder kostenlos unter&nbsp;<a href=\"https:\/\/www.padi.com\/mypadi\/\" target=\"_blank\" rel=\"noopener\">www.padi.com\/mypadi<\/a> heruntergeladen werden kann.[\/vc_column_text][\/vc_column][\/vc_row]<\/p>\n<\/div>","protected":false},"excerpt":{"rendered":"<p>Der PADI Emergency Oxygen Provider Instruckor Kurs auf Koh Tao lehrt SIE, wie Sie Tauchsch\u00fclern beibringen, wie man im Notfall Sauerstoff verabreicht.<\/p>\n","protected":false},"author":2,"featured_media":18104,"parent":18705,"menu_order":0,"comment_status":"closed","ping_status":"closed","template":"","meta":{"_acf_changed":false,"footnotes":""},"class_list":["post-18604","page","type-page","status-publish","has-post-thumbnail","hentry"],"acf":[],"yoast_head":"<!-- This site is optimized with the Yoast SEO Premium plugin v27.6 (Yoast SEO v27.6) - https:\/\/yoast.com\/product\/yoast-seo-premium-wordpress\/ -->\n<title>PADI Notfall O2 Instruktor Spezialkurs Koh Tao<\/title>\n<meta name=\"description\" content=\"Der PADI Emergency Oxygen Provider Instructor Kurs auf Koh Tao lehrt SIE, wie Sie Tauchsch\u00fclern beibringen, wie man im Notfall Sauerstoff verabreicht.\" \/>\n<meta name=\"robots\" content=\"index, follow, max-snippet:-1, max-image-preview:large, max-video-preview:-1\" \/>\n<link rel=\"canonical\" href=\"https:\/\/www.blackturtledive.com\/de\/padi-pro-level\/msdt-program\/emergency-oxygen-provider-instructor\/\" \/>\n<meta property=\"og:locale\" content=\"de_DE\" \/>\n<meta property=\"og:type\" content=\"article\" \/>\n<meta property=\"og:title\" content=\"PADI Emergency Oxygen Provider Instructor Course Koh Tao\" \/>\n<meta property=\"og:description\" content=\"PADI Emergency Oxygen Provider Instructor Course Koh Tao teaches YOU how to teach student divers how to provide emergency oxygen when treating a diver\" \/>\n<meta property=\"og:url\" content=\"https:\/\/www.blackturtledive.com\/de\/padi-pro-level\/msdt-program\/emergency-oxygen-provider-instructor\/\" \/>\n<meta property=\"og:site_name\" content=\"Black Turtle Dive Koh Tao\" \/>\n<meta property=\"article:publisher\" content=\"https:\/\/www.facebook.com\/blackturtledive\" \/>\n<meta property=\"article:modified_time\" content=\"2026-05-06T00:04:31+00:00\" \/>\n<meta property=\"og:image\" content=\"https:\/\/www.blackturtledive.com\/wp-content\/uploads\/2020\/11\/blackturtledive.com-02-provider-specialty-course-koht-tao.jpg\" \/>\n\t<meta property=\"og:image:width\" content=\"1100\" \/>\n\t<meta property=\"og:image:height\" content=\"649\" \/>\n\t<meta property=\"og:image:type\" content=\"image\/jpeg\" \/>\n<meta name=\"twitter:card\" content=\"summary_large_image\" \/>\n<meta name=\"twitter:title\" content=\"PADI Emergency Oxygen Provider Instructor Course Koh Tao\" \/>\n<meta name=\"twitter:description\" content=\"PADI Emergency Oxygen Provider Instructor Course Koh Tao teaches YOU how to teach student divers how to provide emergency oxygen when treating a diver\" \/>\n<meta name=\"twitter:image\" content=\"https:\/\/www.blackturtledive.com\/wp-content\/uploads\/2020\/11\/blackturtledive.com-02-provider-specialty-course-koht-tao.jpg\" \/>\n<meta name=\"twitter:site\" content=\"@blackturtledive\" \/>\n<meta name=\"twitter:label1\" content=\"Gesch\u00e4tzte Lesezeit\" \/>\n\t<meta name=\"twitter:data1\" content=\"4\u00a0Minuten\" \/>\n<!-- \/ Yoast SEO Premium plugin. -->","yoast_head_json":{"title":"PADI Notfall O2 Instruktor Spezialkurs Koh Tao","description":"Der PADI Emergency Oxygen Provider Instructor Kurs auf Koh Tao lehrt SIE, wie Sie Tauchsch\u00fclern beibringen, wie man im Notfall Sauerstoff verabreicht.","robots":{"index":"index","follow":"follow","max-snippet":"max-snippet:-1","max-image-preview":"max-image-preview:large","max-video-preview":"max-video-preview:-1"},"canonical":"https:\/\/www.blackturtledive.com\/de\/padi-pro-level\/msdt-program\/emergency-oxygen-provider-instructor\/","og_locale":"de_DE","og_type":"article","og_title":"PADI Emergency Oxygen Provider Instructor Course Koh Tao","og_description":"PADI Emergency Oxygen Provider Instructor Course Koh Tao teaches YOU how to teach student divers how to provide emergency oxygen when treating a diver","og_url":"https:\/\/www.blackturtledive.com\/de\/padi-pro-level\/msdt-program\/emergency-oxygen-provider-instructor\/","og_site_name":"Black Turtle Dive Koh Tao","article_publisher":"https:\/\/www.facebook.com\/blackturtledive","article_modified_time":"2026-05-06T00:04:31+00:00","og_image":[{"width":1100,"height":649,"url":"https:\/\/www.blackturtledive.com\/wp-content\/uploads\/2020\/11\/blackturtledive.com-02-provider-specialty-course-koht-tao.jpg","type":"image\/jpeg"}],"twitter_card":"summary_large_image","twitter_title":"PADI Emergency Oxygen Provider Instructor Course Koh Tao","twitter_description":"PADI Emergency Oxygen Provider Instructor Course Koh Tao teaches YOU how to teach student divers how to provide emergency oxygen when treating a diver","twitter_image":"https:\/\/www.blackturtledive.com\/wp-content\/uploads\/2020\/11\/blackturtledive.com-02-provider-specialty-course-koht-tao.jpg","twitter_site":"@blackturtledive","twitter_misc":{"Gesch\u00e4tzte Lesezeit":"4\u00a0Minuten"},"schema":{"@context":"https:\/\/schema.org","@graph":[{"@type":"WebPage","@id":"https:\/\/www.blackturtledive.com\/de\/padi-pro-level\/msdt-program\/emergency-oxygen-provider-instructor\/","url":"https:\/\/www.blackturtledive.com\/de\/padi-pro-level\/msdt-program\/emergency-oxygen-provider-instructor\/","name":"PADI Notfall O2 Instruktor Spezialkurs Koh Tao","isPartOf":{"@id":"https:\/\/www.blackturtledive.com\/de\/#website"},"primaryImageOfPage":{"@id":"https:\/\/www.blackturtledive.com\/de\/padi-pro-level\/msdt-program\/emergency-oxygen-provider-instructor\/#primaryimage"},"image":{"@id":"https:\/\/www.blackturtledive.com\/de\/padi-pro-level\/msdt-program\/emergency-oxygen-provider-instructor\/#primaryimage"},"thumbnailUrl":"https:\/\/www.blackturtledive.com\/wp-content\/uploads\/2020\/12\/blackturtledive.com-padi-emergency-oxygen-provider-course-koh-tao.jpg","datePublished":"2020-12-15T09:45:31+00:00","dateModified":"2026-05-06T00:04:31+00:00","description":"Der PADI Emergency Oxygen Provider Instructor Kurs auf Koh Tao lehrt SIE, wie Sie Tauchsch\u00fclern beibringen, wie man im Notfall Sauerstoff verabreicht.","breadcrumb":{"@id":"https:\/\/www.blackturtledive.com\/de\/padi-pro-level\/msdt-program\/emergency-oxygen-provider-instructor\/#breadcrumb"},"inLanguage":"de","potentialAction":[{"@type":"ReadAction","target":["https:\/\/www.blackturtledive.com\/de\/padi-pro-level\/msdt-program\/emergency-oxygen-provider-instructor\/"]}]},{"@type":"ImageObject","inLanguage":"de","@id":"https:\/\/www.blackturtledive.com\/de\/padi-pro-level\/msdt-program\/emergency-oxygen-provider-instructor\/#primaryimage","url":"https:\/\/www.blackturtledive.com\/wp-content\/uploads\/2020\/12\/blackturtledive.com-padi-emergency-oxygen-provider-course-koh-tao.jpg","contentUrl":"https:\/\/www.blackturtledive.com\/wp-content\/uploads\/2020\/12\/blackturtledive.com-padi-emergency-oxygen-provider-course-koh-tao.jpg","width":1000,"height":750,"caption":"PADI Emergency Oxygen Provider Course Koh Tao"},{"@type":"BreadcrumbList","@id":"https:\/\/www.blackturtledive.com\/de\/padi-pro-level\/msdt-program\/emergency-oxygen-provider-instructor\/#breadcrumb","itemListElement":[{"@type":"ListItem","position":1,"name":"Home","item":"https:\/\/www.blackturtledive.com\/de\/"},{"@type":"ListItem","position":2,"name":"PADI-Pro Stufe","item":"https:\/\/www.blackturtledive.com\/de\/padi-pro-level\/"},{"@type":"ListItem","position":3,"name":"MSDTProgramm","item":"https:\/\/www.blackturtledive.com\/de\/padi-pro-level\/msdt-program\/"},{"@type":"ListItem","position":4,"name":"Instruktor f\u00fcr Notfall\u2011Sauerstoffversorgung"}]},{"@type":"WebSite","@id":"https:\/\/www.blackturtledive.com\/de\/#website","url":"https:\/\/www.blackturtledive.com\/de\/","name":"Black Turtle Dive Koh Tao","description":"Ocean Explorers | Marine Protectors","publisher":{"@id":"https:\/\/www.blackturtledive.com\/de\/#organization"},"alternateName":"Black Turtle Dive in Thailand","potentialAction":[{"@type":"SearchAction","target":{"@type":"EntryPoint","urlTemplate":"https:\/\/www.blackturtledive.com\/de\/?s={search_term_string}"},"query-input":{"@type":"PropertyValueSpecification","valueRequired":true,"valueName":"search_term_string"}}],"inLanguage":"de"},{"@type":"Organization","@id":"https:\/\/www.blackturtledive.com\/de\/#organization","name":"Black Turtle Dive Koh Tao","alternateName":"Black Turtle Dive","url":"https:\/\/www.blackturtledive.com\/de\/","logo":{"@type":"ImageObject","inLanguage":"de","@id":"https:\/\/www.blackturtledive.com\/de\/#\/schema\/logo\/image\/","url":"https:\/\/www.blackturtledive.com\/wp-content\/uploads\/2020\/11\/cropped-blackturtledive.com-brand-logo.png","contentUrl":"https:\/\/www.blackturtledive.com\/wp-content\/uploads\/2020\/11\/cropped-blackturtledive.com-brand-logo.png","width":400,"height":400,"caption":"Black Turtle Dive Koh Tao"},"image":{"@id":"https:\/\/www.blackturtledive.com\/de\/#\/schema\/logo\/image\/"},"sameAs":["https:\/\/www.facebook.com\/blackturtledive","https:\/\/x.com\/blackturtledive","https:\/\/www.instagram.com\/blackturtledive\/","https:\/\/www.youtube.com\/blackturtledive","https:\/\/www.linkedin.com\/company\/blackturtledive\/","https:\/\/www.tumblr.com\/blackturtledive","https:\/\/www.pinterest.com\/blackturtledive\/","https:\/\/www.tiktok.com\/@blackturtledive","https:\/\/www.reddit.com\/user\/blackturtledive\/"],"description":"Black Turtle Dive is a modern and innovative 5 Star Career Development Scuba Diving Center, passionate about the ocean and through training we want to empower you to become a competent and confident scuba diver. Our diving courses equip you with the skills, knowledge and awareness necessary to explore the ocean safely, whilst becoming a passionate advocate and protector of the marine environment. If you have never dived before or are a certified diver and want to develop your skills further, our tailored, bespoke courses and programs will inspire you to become an Ocean advocate. Our scientific based Marine Conservation Internships and training programs, offer aspiring scuba divers and marine conservationists, the best marine conservation internships on Koh Tao. We currently offer students six levels of Marine Conservation Internships at our beachside location on Koh Tao in Thailand. Check out our website for more information.","email":"info@blackturtledive.com","telephone":"089 592 2134","legalName":"Black Turtle Dive Co Ltd","foundingDate":"2020-01-01","publishingPrinciples":"https:\/\/www.blackturtledive.com\/terms\/","ownershipFundingInfo":"https:\/\/www.blackturtledive.com\/terms\/","actionableFeedbackPolicy":"https:\/\/www.blackturtledive.com\/privacy-policy\/","correctionsPolicy":"https:\/\/www.blackturtledive.com\/privacy-policy\/","ethicsPolicy":"https:\/\/www.blackturtledive.com\/privacy-policy\/","diversityPolicy":"https:\/\/www.blackturtledive.com\/privacy-policy\/"}]}},"_links":{"self":[{"href":"https:\/\/www.blackturtledive.com\/de\/wp-json\/wp\/v2\/pages\/18604","targetHints":{"allow":["GET"]}}],"collection":[{"href":"https:\/\/www.blackturtledive.com\/de\/wp-json\/wp\/v2\/pages"}],"about":[{"href":"https:\/\/www.blackturtledive.com\/de\/wp-json\/wp\/v2\/types\/page"}],"author":[{"embeddable":true,"href":"https:\/\/www.blackturtledive.com\/de\/wp-json\/wp\/v2\/users\/2"}],"replies":[{"embeddable":true,"href":"https:\/\/www.blackturtledive.com\/de\/wp-json\/wp\/v2\/comments?post=18604"}],"version-history":[{"count":2,"href":"https:\/\/www.blackturtledive.com\/de\/wp-json\/wp\/v2\/pages\/18604\/revisions"}],"predecessor-version":[{"id":71388,"href":"https:\/\/www.blackturtledive.com\/de\/wp-json\/wp\/v2\/pages\/18604\/revisions\/71388"}],"up":[{"embeddable":true,"href":"https:\/\/www.blackturtledive.com\/de\/wp-json\/wp\/v2\/pages\/18705"}],"wp:featuredmedia":[{"embeddable":true,"href":"https:\/\/www.blackturtledive.com\/de\/wp-json\/wp\/v2\/media\/18104"}],"wp:attachment":[{"href":"https:\/\/www.blackturtledive.com\/de\/wp-json\/wp\/v2\/media?parent=18604"}],"curies":[{"name":"wp","href":"https:\/\/api.w.org\/{rel}","templated":true}]}}