{"id":18605,"date":"2020-12-15T16:43:41","date_gmt":"2020-12-15T09:43:41","guid":{"rendered":"https:\/\/www.blackturtledive.com\/night-diving-instructor\/"},"modified":"2026-05-06T07:10:38","modified_gmt":"2026-05-06T00:10:38","slug":"night-diving-instructor","status":"publish","type":"page","link":"https:\/\/www.blackturtledive.com\/de\/padi-pro-level\/msdt-program\/night-diving-instructor\/","title":{"rendered":"Nachtauchen Instruktor"},"content":{"rendered":"<div class=\"wpb-content-wrapper\"><p>[vc_row][vc_column][vc_column_text css=&#8220;&#8220;]Die Night Diver Instructor\u2011Specialty bef\u00e4higt Sie, Sch\u00fcler in den speziellen Kommunikations\u2011, Navigations\u2011 und Sicherheitsprotokollen f\u00fcr Tauchg\u00e4nge bei Dunkelheit zu f\u00fchren und auszubilden.<\/p>\n<p>Das Training konzentriert sich auf das Management von Stress\/Angst bei Sch\u00fclern, Lampen\u2011 und Lichttechnik sowie das Beobachten nachtaktiver Verhaltensweisen von R\u00e4ubern rund um Koh Tao, wie gro\u00dfen Barrakudas und Mur\u00e4nen.<\/p>\n<p>Die Beherrschung der Logistik f\u00fcr Nacht\u00adtauch\u2011Instruktionen ist f\u00fcr jeden Profi in Thailand unerl\u00e4sslich, da dies zu den beliebtesten Specialties reisender Taucher geh\u00f6rt.<\/p>\n<h3><span style=\"color: #28d4ff;\">Werden Sie Nacht-Tauch-Instruktor auf Koh Tao<\/span><\/h3>\n<p>Nachttauchen ist eine faszinierende Erfahrung f\u00fcr Sporttaucher, die die Gelegenheit bietet, eine ganz andere <a href=\"https:\/\/www.blackturtledive.com\/koh-tao-marine-life\/\">Meeresumwelt<\/a> an Ihrem Lieblings-<a href=\"https:\/\/www.blackturtledive.com\/koh-tao-dive-sites\/\">Tauchplatz<\/a> zu erleben.<\/p>\n<p><a href=\"https:\/\/www.blackturtledive.com\/conservation\/marine-conservation-courses\/coral-reef-conservation-diver\/\">Korallenriffe<\/a> sind nachts lebhaft und voller Leben, ein Krach aus Knacken, Quietschen, Knistern und Reiben, und sie sehen unter dem Schein Ihrer Taschenlampe auff\u00e4llig bunt aus, wenn die Bedingungen g\u00fcnstig sind.<\/p>\n<p>Nachttauchen bietet neugierigen Sporttauchern auch ein nat\u00fcrliches Ph\u00e4nomen namens Biolumineszenz.<\/p>\n<p>Tags\u00fcber sind bunte Rifftigerfische und andere pflanzenfressende Meereslebewesen am aktivsten, jedoch schlafen pflanzenfressende Tiere, sobald die Sonne untergeht, und werden durch nachtaktive Raubtiere ersetzt.<\/p>\n<h3>Lernen Sie, unseren PADI Nacht-Tauchkurs zu unterrichten<\/h3>\n<p>So wie Sie von der Aussicht, nachts zu tauchen, fasziniert und begeistert waren, werden auch Ihre Sch\u00fcler sein.<\/p>\n<p>Sobald Sch\u00fclertaucher es zum ersten Mal w\u00e4hrend ihres <a href=\"https:\/\/www.blackturtledive.com\/padi-diving-courses\/advanced-open-water-course\/\">Advanced Open Water<\/a> Kurses erlebt haben, werden sie sich auf den <a href=\"https:\/\/www.blackturtledive.com\/padi-specialty-courses\/night-diver\/\">Nacht-Tauchkurs<\/a> freuen.<\/p>\n<p>W\u00e4hrend des PADI Nacht-Tauch-Instruktor Kurses lernen Sie, wie Sie die richtigen Techniken unterrichten, um sicher nachts zu tauchen und zu <a href=\"https:\/\/www.blackturtledive.com\/padi-specialty-courses\/underwater-navigator-diver\/\">navigieren<\/a>, w\u00e4hrend Sie vermeiden, empfindliche Meereslebewesen zu st\u00f6ren.<\/p>\n<p>Die Philosophie des Nacht-Tauch-Specialty Kurses konzentriert sich darauf, <span style=\"color: #28d4ff;\"><em>im Dunkeln<\/em><\/span> Dinge zu sehen, die Sie tags\u00fcber \u00fcbersehen oder die anders erscheinen.<\/p>\n<p><a class=\"fasc-button fasc-size-large fasc-type-flat\" style=\"background-color: #33809e; color: #ffffff;\" href=\"https:\/\/www.blackturtledive.com\/diving-course-prices\/\">JETZT BUCHEN<\/a><\/p>\n<h3><span style=\"color: #28d4ff;\">Im Koh Tao Nacht-Tauch-Instruktor Specialty Kurs enthalten:<\/span><\/h3>\n<ul>\n<li>1 Nacht-Freiwassertauchgang<\/li>\n<li>Miete aller <a href=\"https:\/\/www.blackturtledive.com\/padi-specialty-courses\/equipment-specialist\/\">Tauchausr\u00fcstung<\/a><\/li>\n<li>KOSTENLOSE Nutzung des Tauchcomputers<\/li>\n<li><a href=\"https:\/\/www.blackturtledive.com\/about-us\/\">Black Turtle Dive<\/a> Kunden- (und Umwelt-) Versprechen<\/li>\n<\/ul>\n<p>Um sich f\u00fcr einen PADI Nachttaucher-Spezialkurs anzumelden, m\u00fcssen Sie:<\/p>\n<ul>\n<li>Mindestens ein PADI <a href=\"https:\/\/www.blackturtledive.com\/padi-pro-level\/dive-instructor-course\/\">Open Water Scuba Instructor<\/a> oder derzeit Teilnehmer oder bereits Absolvent eines IDC\/OWSI-Programms innerhalb der letzten 12 Monate sein.<\/li>\n<li>IDC\/OWSI-Kandidaten k\u00f6nnen sich f\u00fcr die Spezialinstructor-Zertifizierung nur nach erfolgreichem Abschluss eines IE bewerben.<\/li>\n<li>\u00dcber aktuelle Taucherfahrung verf\u00fcgen \u2013 wir empfehlen, eine <a href=\"https:\/\/www.blackturtledive.com\/padi-diving-courses\/scuba-review\/\">Taucher\u00fcberpr\u00fcfung<\/a> durchzuf\u00fchren, wenn Sie seit 12 Monaten nicht getaucht haben.<\/li>\n<li><a href=\"https:\/\/www.blackturtledive.com\/wp-content\/uploads\/2020\/11\/blackturtledive.com-PADI-Diver-student-Medical-Form.pdf\" target=\"_blank\" rel=\"noopener\">Medizinisch fit<\/a> zum Tauchen sein<\/li>\n<\/ul>\n<p>Nach erfolgreichem Abschluss aller Kursanforderungen m\u00fcssen Sie den Nachweis von 10 loggierten Nachttauchg\u00e4ngen erbringen.<\/p>\n<h3>1-Tages PADI Nachttaucher-Instructor-Spezialkurs<\/h3>\n<p>Der Kurs besteht aus zwei Teilen:<\/p>\n<ul>\n<li>Wissensentwicklung<\/li>\n<li>Freiwassertauchtraining &#8211; 1 Nachttauchgang im Freiwasser<\/li>\n<\/ul>\n<p><a class=\"fasc-button fasc-size-large fasc-type-flat\" style=\"background-color: #33809e; color: #ffffff;\" href=\"https:\/\/www.blackturtledive.com\/diving-course-prices\/\">JETZT BUCHEN<\/a><\/p>\n<p>Bei <a href=\"https:\/\/www.blackturtledive.com\/de\/\">Black Turtle Dive<\/a> nehmen wir unser <a href=\"https:\/\/www.blackturtledive.com\/about-us\/our-customer-promise\/\">Kundenversprechen<\/a> sehr ernst.<\/p>\n<p>Unsere <a href=\"https:\/\/www.blackturtledive.com\/padi-pro-level\/idc-staff-instructor-course\/\">Ausbilder<\/a> sind hochqualifiziert und sorgen daf\u00fcr, dass Sie viel Aufmerksamkeit erhalten und vor allem in einem entspannten Umfeld in Ihrem eigenen Tempo Fortschritte machen.<\/p>\n<p>W\u00e4hrend Ihres Trainings werden wir langsam Ihr Vertrauen und Ihre F\u00e4higkeiten aufbauen, w\u00e4hrend Sie die notwendigen Kenntnisse entwickeln, um ein kompetenter PADI Nachttaucher-Instructor zu werden.<\/p>\n<h3><span style=\"color: #28d4ff;\">Koh Tao Nachttaucher-Instructor-Kursplan<\/span><\/h3>\n<p>Der Zeitplan f\u00fcr den PADI Nachttaucher-Instructor-Spezialkurs bei Black Turtle Dive ist flexibel, und wir k\u00f6nnen uns nach Ihren pers\u00f6nlichen Bed\u00fcrfnissen und Zeitrahmen richten.<\/p>\n<p>Er wird oft als Teil unseres Multi-Instructor-Spezialprogramms wie dem <a href=\"https:\/\/www.blackturtledive.com\/padi-pro-level\/msdt-program\/\">MSDT-Programm<\/a> geplant.&nbsp;<\/p>\n<p>Bitte z\u00f6gern Sie nicht, wenn Sie spezielle Anfragen haben, entweder per <a href=\"https:\/\/www.blackturtledive.com\/contact-us\/\">E-Mail<\/a> oder \u00fcber eine der Messenger-Apps auf dieser Seite.&nbsp;<\/p>\n<h3>PADI Night Diver Instructor Specialty \u2014 Kurskosten: 4.000 Baht<\/h3>\n<h3><span style=\"color: #28d4ff;\">Kursplan<\/span><\/h3>\n<p>Tag 1:<\/p>\n<p>15.00 \u2013 17.30: Orientierung &amp; Wissensentwicklung<br \/>\n17.30 \u2013 20.00: Nachttaucher-Instructor Freiwassertrainingstauchgang<\/p>\n<p>Sie sind jetzt ein zertifizierter PADI Nachttaucher-Spezialinstructor.<\/p>\n<p><a class=\"fasc-button fasc-size-large fasc-type-flat\" style=\"background-color: #33809e; color: #ffffff;\" href=\"https:\/\/www.blackturtledive.com\/diving-course-prices\/\">JETZT BUCHEN<\/a><\/p>\n<h3>PADI Nachttaucher-Spezialinstructor-Kursinformationen<\/h3>\n<p>Wissensentwicklung f\u00fcr Nachttaucher-Instructor<\/p>\n<p>Der PADI Nachttaucher-Spezialinstructor-Kurs besteht aus einem <a href=\"https:\/\/www.blackturtledive.com\/padi-diving-courses\/\">Freiwassertrainings-Tauchgang<\/a>, der nach Sonnenuntergang durchgef\u00fchrt wird.<\/p>\n<p>Es gibt auch einen Bereich zur Wissensentwicklung, der durchgef\u00fchrt wird, bevor wir den Trainingstauchgang machen.&nbsp;<\/p>\n<p>Im Bereich Wissensentwicklung m\u00fcssen Sie Folgendes abschlie\u00dfen:<\/p>\n<ul>\n<li>Eine Wissensentwicklung-Pr\u00e4sentation aus dem PADI Nachttaucher-Spezialhandbuch halten, indem Sie eine verpasste Frage aus der Wissens\u00fcberpr\u00fcfung systematisch lehren.<\/li>\n<li>Den Zweck und die Ziele des PADI Nachttaucher-Spezialkurses \u00fcberpr\u00fcfen und verstehen.<\/li>\n<li>Die Standards und Verfahren des Nachttaucher-Kurses aus dem PADI Specialty Course Instructor Guide \u00fcberpr\u00fcfen und erkl\u00e4ren und alle Anforderungen an die Ausr\u00fcstung f\u00fcr Sch\u00fcler und Instructor auflisten.<\/li>\n<li>Die Beherrschung aller Wissensentwicklung demonstrieren.<\/li>\n<li>Beschreiben, wie man alle Kursabschnitte so durchf\u00fchrt, dass die Taucher die Leistungsanforderungen des Kurses erf\u00fcllen k\u00f6nnen.<\/li>\n<li>An einem Marketing- und Promotionsworkshop teilnehmen, in dem Sie Techniken lernen, um den Nachttaucherspezialkurs Ihren Sch\u00fclern und der allgemeinen Tauch\u00f6ffentlichkeit zu empfehlen.<\/li>\n<li>An einem Pre-workshop teilnehmen.<\/li>\n<\/ul>\n<h3><span style=\"color: #28d4ff;\">Nachttaucher-Instructor Freiwassertrainingstauchgang<\/span><\/h3>\n<p>Es sind 3 Nachttauchg\u00e4nge im studentischen Nachttaucher-Spezialkurs zu absolvieren.<\/p>\n<p>Im Nachttaucher-Instructor-Spezialkurs m\u00fcssen Sie alle Leistungsanforderungen dieser 3 Tauchg\u00e4nge \u00fcber mindestens 1 Trainingstauchgang erf\u00fcllen.<\/p>\n<p>Vor den Tauchg\u00e4ngen m\u00fcssen Sie die \u00dcberlegungen zum Freiwassertraining im Nachttaucher-Spezialkurs erkl\u00e4ren.<\/p>\n<p>W\u00e4hrend der Trainingstauchg\u00e4nge m\u00fcssen Sie:<\/p>\n<ul>\n<li>Die Beherrschung aller Wasserfertigkeiten f\u00fcr die Leistungsanforderungen des Nachttaucherspezialkurses demonstrieren.<\/li>\n<li>Eine Lehrpr\u00e4sentation im Freiwasser aus dem Nachttaucherspezialkurs durchf\u00fchren.<\/li>\n<li>Alle Leistungsanforderungen f\u00fcr den Nachttaucherspezialkurs im Freiwasser demonstrieren.<\/li>\n<\/ul>\n<p>Nach Abschluss aller Leistungsanforderungen erhalten Sie die PADI Nachttaucher-Spezialinstructor-Zertifizierung.<\/p>\n<h3><span style=\"color: #28d4ff;\">PADI\u2011Geb\u00fchren 2026<\/span><\/h3>\n<p>PADI Night Specialty Instructor \u2014 Antragsgeb\u00fchr: A$145<\/p>\n<p><a class=\"fasc-button fasc-size-large fasc-type-flat\" style=\"background-color: #33809e; color: #ffffff;\" href=\"https:\/\/www.blackturtledive.com\/diving-course-prices\/\">JETZT BUCHEN<\/a><\/p>\n<h3>PADI Materialien<\/h3>\n<p>Bitte bringen Sie Ihr&nbsp;PADI Specialty Course Instructor Manual mit<\/p>\n<p>Sie ben\u00f6tigen auch eine Kopie des PADI Instructor Manuals, das f\u00fcr alle erneuerten PADI-Mitglieder als<span style=\"color: #28d4ff;\"><em> kostenloser Download<\/em><\/span> unter&nbsp;<a href=\"https:\/\/www.padi.com\/mypadi\/\" target=\"_blank\" rel=\"noopener\">www.padi.com\/mypadi<\/a> heruntergeladen werden kann.[\/vc_column_text][\/vc_column][\/vc_row]<\/p>\n<\/div>","protected":false},"excerpt":{"rendered":"<p>Der PADI Night Diver Instruktor Specialty Kurs auf Koh Tao lehrt DICH, wie du Tauchsch\u00fclern beibringst, die Geheimnisse der Unterwasserwelt bei Nacht zu entdecken.<\/p>\n","protected":false},"author":2,"featured_media":17956,"parent":18705,"menu_order":0,"comment_status":"closed","ping_status":"closed","template":"","meta":{"_acf_changed":false,"footnotes":""},"class_list":["post-18605","page","type-page","status-publish","has-post-thumbnail","hentry"],"acf":[],"yoast_head":"<!-- This site is optimized with the Yoast SEO Premium plugin v27.6 (Yoast SEO v27.6) - https:\/\/yoast.com\/product\/yoast-seo-premium-wordpress\/ -->\n<title>PADI Nacht-Tauch-Instruktor Spezial Kurs Koh Tao<\/title>\n<meta name=\"description\" content=\"Die Spezialisierung zum Nachttaucherlehrer qualifiziert Sie, Sch\u00fcler in den speziellen Kommunikations-, Navigations- und Sicherheitsprotokollen anzuleiten und zu unterrichten.\" \/>\n<meta name=\"robots\" content=\"index, follow, max-snippet:-1, max-image-preview:large, max-video-preview:-1\" \/>\n<link rel=\"canonical\" href=\"https:\/\/www.blackturtledive.com\/de\/padi-pro-level\/msdt-program\/night-diving-instructor\/\" \/>\n<meta property=\"og:locale\" content=\"de_DE\" \/>\n<meta property=\"og:type\" content=\"article\" \/>\n<meta property=\"og:title\" content=\"PADI Night Diver Instructor Specialty Course Koh Tao\" \/>\n<meta property=\"og:description\" content=\"PADI Night Diver Instructor Specialty course Koh Tao teaches YOU how to teach student divers how to explore the mystery of the underwater world at night\" \/>\n<meta property=\"og:url\" content=\"https:\/\/www.blackturtledive.com\/de\/padi-pro-level\/msdt-program\/night-diving-instructor\/\" \/>\n<meta property=\"og:site_name\" content=\"Black Turtle Dive Koh Tao\" \/>\n<meta property=\"article:publisher\" content=\"https:\/\/www.facebook.com\/blackturtledive\" \/>\n<meta property=\"article:modified_time\" content=\"2026-05-06T00:10:38+00:00\" \/>\n<meta property=\"og:image\" content=\"https:\/\/www.blackturtledive.com\/wp-content\/uploads\/2020\/11\/blackturtledive.com-padi-night-diver-specialty-course-koh-tao.jpg\" \/>\n\t<meta property=\"og:image:width\" content=\"1100\" \/>\n\t<meta property=\"og:image:height\" content=\"734\" \/>\n\t<meta property=\"og:image:type\" content=\"image\/jpeg\" \/>\n<meta name=\"twitter:card\" content=\"summary_large_image\" \/>\n<meta name=\"twitter:title\" content=\"PADI Night Diver Instructor Specialty Course Koh Tao\" \/>\n<meta name=\"twitter:description\" content=\"PADI Night Diver Instructor Specialty course Koh Tao teaches YOU how to teach student divers how to explore the mystery of the underwater world at night\" \/>\n<meta name=\"twitter:image\" content=\"https:\/\/www.blackturtledive.com\/wp-content\/uploads\/2020\/11\/blackturtledive.com-padi-night-diver-specialty-course-koh-tao.jpg\" \/>\n<meta name=\"twitter:site\" content=\"@blackturtledive\" \/>\n<meta name=\"twitter:label1\" content=\"Gesch\u00e4tzte Lesezeit\" \/>\n\t<meta name=\"twitter:data1\" content=\"4\u00a0Minuten\" \/>\n<!-- \/ Yoast SEO Premium plugin. -->","yoast_head_json":{"title":"PADI Nacht-Tauch-Instruktor Spezial Kurs Koh Tao","description":"Die Spezialisierung zum Nachttaucherlehrer qualifiziert Sie, Sch\u00fcler in den speziellen Kommunikations-, Navigations- und Sicherheitsprotokollen anzuleiten und zu unterrichten.","robots":{"index":"index","follow":"follow","max-snippet":"max-snippet:-1","max-image-preview":"max-image-preview:large","max-video-preview":"max-video-preview:-1"},"canonical":"https:\/\/www.blackturtledive.com\/de\/padi-pro-level\/msdt-program\/night-diving-instructor\/","og_locale":"de_DE","og_type":"article","og_title":"PADI Night Diver Instructor Specialty Course Koh Tao","og_description":"PADI Night Diver Instructor Specialty course Koh Tao teaches YOU how to teach student divers how to explore the mystery of the underwater world at night","og_url":"https:\/\/www.blackturtledive.com\/de\/padi-pro-level\/msdt-program\/night-diving-instructor\/","og_site_name":"Black Turtle Dive Koh Tao","article_publisher":"https:\/\/www.facebook.com\/blackturtledive","article_modified_time":"2026-05-06T00:10:38+00:00","og_image":[{"width":1100,"height":734,"url":"https:\/\/www.blackturtledive.com\/wp-content\/uploads\/2020\/11\/blackturtledive.com-padi-night-diver-specialty-course-koh-tao.jpg","type":"image\/jpeg"}],"twitter_card":"summary_large_image","twitter_title":"PADI Night Diver Instructor Specialty Course Koh Tao","twitter_description":"PADI Night Diver Instructor Specialty course Koh Tao teaches YOU how to teach student divers how to explore the mystery of the underwater world at night","twitter_image":"https:\/\/www.blackturtledive.com\/wp-content\/uploads\/2020\/11\/blackturtledive.com-padi-night-diver-specialty-course-koh-tao.jpg","twitter_site":"@blackturtledive","twitter_misc":{"Gesch\u00e4tzte Lesezeit":"4\u00a0Minuten"},"schema":{"@context":"https:\/\/schema.org","@graph":[{"@type":"WebPage","@id":"https:\/\/www.blackturtledive.com\/de\/padi-pro-level\/msdt-program\/night-diving-instructor\/","url":"https:\/\/www.blackturtledive.com\/de\/padi-pro-level\/msdt-program\/night-diving-instructor\/","name":"PADI Nacht-Tauch-Instruktor Spezial Kurs Koh Tao","isPartOf":{"@id":"https:\/\/www.blackturtledive.com\/de\/#website"},"primaryImageOfPage":{"@id":"https:\/\/www.blackturtledive.com\/de\/padi-pro-level\/msdt-program\/night-diving-instructor\/#primaryimage"},"image":{"@id":"https:\/\/www.blackturtledive.com\/de\/padi-pro-level\/msdt-program\/night-diving-instructor\/#primaryimage"},"thumbnailUrl":"https:\/\/www.blackturtledive.com\/wp-content\/uploads\/2020\/11\/blackturtledive.com-padi-night-diver-specialty-course-koh-tao.jpg","datePublished":"2020-12-15T09:43:41+00:00","dateModified":"2026-05-06T00:10:38+00:00","description":"Die Spezialisierung zum Nachttaucherlehrer qualifiziert Sie, Sch\u00fcler in den speziellen Kommunikations-, Navigations- und Sicherheitsprotokollen anzuleiten und zu unterrichten.","breadcrumb":{"@id":"https:\/\/www.blackturtledive.com\/de\/padi-pro-level\/msdt-program\/night-diving-instructor\/#breadcrumb"},"inLanguage":"de","potentialAction":[{"@type":"ReadAction","target":["https:\/\/www.blackturtledive.com\/de\/padi-pro-level\/msdt-program\/night-diving-instructor\/"]}]},{"@type":"ImageObject","inLanguage":"de","@id":"https:\/\/www.blackturtledive.com\/de\/padi-pro-level\/msdt-program\/night-diving-instructor\/#primaryimage","url":"https:\/\/www.blackturtledive.com\/wp-content\/uploads\/2020\/11\/blackturtledive.com-padi-night-diver-specialty-course-koh-tao.jpg","contentUrl":"https:\/\/www.blackturtledive.com\/wp-content\/uploads\/2020\/11\/blackturtledive.com-padi-night-diver-specialty-course-koh-tao.jpg","width":1100,"height":734,"caption":"PADI Night Diver Specialty course Koh Tao"},{"@type":"BreadcrumbList","@id":"https:\/\/www.blackturtledive.com\/de\/padi-pro-level\/msdt-program\/night-diving-instructor\/#breadcrumb","itemListElement":[{"@type":"ListItem","position":1,"name":"Home","item":"https:\/\/www.blackturtledive.com\/de\/"},{"@type":"ListItem","position":2,"name":"PADI-Pro Stufe","item":"https:\/\/www.blackturtledive.com\/de\/padi-pro-level\/"},{"@type":"ListItem","position":3,"name":"MSDTProgramm","item":"https:\/\/www.blackturtledive.com\/de\/padi-pro-level\/msdt-program\/"},{"@type":"ListItem","position":4,"name":"Nachtauchen Instruktor"}]},{"@type":"WebSite","@id":"https:\/\/www.blackturtledive.com\/de\/#website","url":"https:\/\/www.blackturtledive.com\/de\/","name":"Black Turtle Dive Koh Tao","description":"Ocean Explorers | Marine Protectors","publisher":{"@id":"https:\/\/www.blackturtledive.com\/de\/#organization"},"alternateName":"Black Turtle Dive in Thailand","potentialAction":[{"@type":"SearchAction","target":{"@type":"EntryPoint","urlTemplate":"https:\/\/www.blackturtledive.com\/de\/?s={search_term_string}"},"query-input":{"@type":"PropertyValueSpecification","valueRequired":true,"valueName":"search_term_string"}}],"inLanguage":"de"},{"@type":"Organization","@id":"https:\/\/www.blackturtledive.com\/de\/#organization","name":"Black Turtle Dive Koh Tao","alternateName":"Black Turtle Dive","url":"https:\/\/www.blackturtledive.com\/de\/","logo":{"@type":"ImageObject","inLanguage":"de","@id":"https:\/\/www.blackturtledive.com\/de\/#\/schema\/logo\/image\/","url":"https:\/\/www.blackturtledive.com\/wp-content\/uploads\/2020\/11\/cropped-blackturtledive.com-brand-logo.png","contentUrl":"https:\/\/www.blackturtledive.com\/wp-content\/uploads\/2020\/11\/cropped-blackturtledive.com-brand-logo.png","width":400,"height":400,"caption":"Black Turtle Dive Koh Tao"},"image":{"@id":"https:\/\/www.blackturtledive.com\/de\/#\/schema\/logo\/image\/"},"sameAs":["https:\/\/www.facebook.com\/blackturtledive","https:\/\/x.com\/blackturtledive","https:\/\/www.instagram.com\/blackturtledive\/","https:\/\/www.youtube.com\/blackturtledive","https:\/\/www.linkedin.com\/company\/blackturtledive\/","https:\/\/www.tumblr.com\/blackturtledive","https:\/\/www.pinterest.com\/blackturtledive\/","https:\/\/www.tiktok.com\/@blackturtledive","https:\/\/www.reddit.com\/user\/blackturtledive\/"],"description":"Black Turtle Dive is a modern and innovative 5 Star Career Development Scuba Diving Center, passionate about the ocean and through training we want to empower you to become a competent and confident scuba diver. Our diving courses equip you with the skills, knowledge and awareness necessary to explore the ocean safely, whilst becoming a passionate advocate and protector of the marine environment. If you have never dived before or are a certified diver and want to develop your skills further, our tailored, bespoke courses and programs will inspire you to become an Ocean advocate. Our scientific based Marine Conservation Internships and training programs, offer aspiring scuba divers and marine conservationists, the best marine conservation internships on Koh Tao. We currently offer students six levels of Marine Conservation Internships at our beachside location on Koh Tao in Thailand. Check out our website for more information.","email":"info@blackturtledive.com","telephone":"089 592 2134","legalName":"Black Turtle Dive Co Ltd","foundingDate":"2020-01-01","publishingPrinciples":"https:\/\/www.blackturtledive.com\/terms\/","ownershipFundingInfo":"https:\/\/www.blackturtledive.com\/terms\/","actionableFeedbackPolicy":"https:\/\/www.blackturtledive.com\/privacy-policy\/","correctionsPolicy":"https:\/\/www.blackturtledive.com\/privacy-policy\/","ethicsPolicy":"https:\/\/www.blackturtledive.com\/privacy-policy\/","diversityPolicy":"https:\/\/www.blackturtledive.com\/privacy-policy\/"}]}},"_links":{"self":[{"href":"https:\/\/www.blackturtledive.com\/de\/wp-json\/wp\/v2\/pages\/18605","targetHints":{"allow":["GET"]}}],"collection":[{"href":"https:\/\/www.blackturtledive.com\/de\/wp-json\/wp\/v2\/pages"}],"about":[{"href":"https:\/\/www.blackturtledive.com\/de\/wp-json\/wp\/v2\/types\/page"}],"author":[{"embeddable":true,"href":"https:\/\/www.blackturtledive.com\/de\/wp-json\/wp\/v2\/users\/2"}],"replies":[{"embeddable":true,"href":"https:\/\/www.blackturtledive.com\/de\/wp-json\/wp\/v2\/comments?post=18605"}],"version-history":[{"count":2,"href":"https:\/\/www.blackturtledive.com\/de\/wp-json\/wp\/v2\/pages\/18605\/revisions"}],"predecessor-version":[{"id":71399,"href":"https:\/\/www.blackturtledive.com\/de\/wp-json\/wp\/v2\/pages\/18605\/revisions\/71399"}],"up":[{"embeddable":true,"href":"https:\/\/www.blackturtledive.com\/de\/wp-json\/wp\/v2\/pages\/18705"}],"wp:featuredmedia":[{"embeddable":true,"href":"https:\/\/www.blackturtledive.com\/de\/wp-json\/wp\/v2\/media\/17956"}],"wp:attachment":[{"href":"https:\/\/www.blackturtledive.com\/de\/wp-json\/wp\/v2\/media?parent=18605"}],"curies":[{"name":"wp","href":"https:\/\/api.w.org\/{rel}","templated":true}]}}