{"id":18606,"date":"2020-12-15T16:41:40","date_gmt":"2020-12-15T09:41:40","guid":{"rendered":"https:\/\/www.blackturtledive.com\/underwater-naturalist-instructor\/"},"modified":"2026-05-06T14:50:55","modified_gmt":"2026-05-06T07:50:55","slug":"underwater-naturalist-instructor","status":"publish","type":"page","link":"https:\/\/www.blackturtledive.com\/de\/padi-pro-level\/msdt-program\/underwater-naturalist-instructor\/","title":{"rendered":"Instruktor f\u00fcr Unterwasser\u2011Naturkunde"},"content":{"rendered":"<div class=\"wpb-content-wrapper\"><p>[vc_row][vc_column][vc_column_text css=&#8220;&#8220;]Das Underwater Naturalist Instructor\u2011Rating bef\u00e4higt PADI\u2011Professionals, Taucher in den komplexen \u00f6kologischen Zusammenh\u00e4ngen und Symbiosen von Korallenriffen zu unterrichten.<\/p>\n<p>Sie lernen, Teilnehmenden beizubringen, weiter als lediglich \u201esch\u00f6ne Fische\u201c zu schauen und R\u00e4uber\u2011Beute\u2011Dynamiken, Riffgeologie sowie die entscheidende Rolle wirbelloser Tiere f\u00fcr die Gesundheit der Ozeane zu verstehen.<\/p>\n<p>Bei Black Turtle Dive integrieren wir lokale PADI AWARE\u2011Protokolle in diese Instructor\u2011Ausbildung, sodass Sie Ihre Sch\u00fcler zu umweltverantwortlichen Eco\u2011Divers ausbilden k\u00f6nnen.<\/p>\n<h3><span style=\"color: #28d4ff;\">Werden Sie Unterwasser-Naturwissenschaftler Specialty Instructor auf Koh Tao<\/span><\/h3>\n<p>Der beliebteste Grund, warum Menschen das <a href=\"https:\/\/www.blackturtledive.com\/blog\/start-your-padi-diving-course-with-e-learning\/\">Tauchen erlernen<\/a>, ist die unglaubliche Vielfalt des marinen Lebens und der <a href=\"https:\/\/www.blackturtledive.com\/conservation\/marine-conservation-courses\/coral-reef-conservation-diver\/\">Korallenriffe<\/a> zu erleben.<\/p>\n<p>Dieses erstaunliche \u00d6kosystem weist eine unglaubliche Biodiversit\u00e4t auf und wird oft als der <em><span style=\"color: #28d4ff;\">Regenwald des Ozeans<\/span><\/em> bezeichnet, da es 25 % des <a href=\"https:\/\/www.blackturtledive.com\/koh-tao-marine-life\/\">marinen Lebens<\/a> weltweit unterst\u00fctzt, w\u00e4hrend es lediglich 0,1 % des Planeten abdeckt.<\/p>\n<p>Als <a href=\"https:\/\/www.blackturtledive.com\/padi-pro-level\/\">PADI Instructor<\/a> m\u00fcssen wir verstehen, wie <a href=\"https:\/\/www.blackturtledive.com\/marine-conservation-internships\/\">Korallenriffe funktionieren<\/a>, damit wir unseren Sch\u00fclertauchern diese unglaubliche Unterwasserumgebung n\u00e4herbringen k\u00f6nnen.<\/p>\n<p>Wir m\u00fcssen auch verstehen, wie unterschiedliche Meereslebewesen mit Korallenriffen interagieren und wie wir als Sporttaucher mit dieser spektakul\u00e4ren Welt umgehen sollten.<\/p>\n<h3>Lernen Sie, unseren PADI Unterwasser-Naturwissenschaftler Specialty Kurs zu unterrichten<\/h3>\n<p>Der PADI Unterwasser-Naturwissenschaftler Instruktor Specialty Kurs wird Ihnen genau beibringen, wie Sie dies auf spannende und aufschlussreiche Weise tun k\u00f6nnen.<\/p>\n<p>Unser Instructor Specialty Kurs vermittelt Ihnen das zus\u00e4tzliche Wissen und die F\u00e4higkeiten, die notwendig sind, um Ihren Sch\u00fclern mehr beizubringen und sie dazu zu ermutigen, leidenschaftliche <a href=\"https:\/\/www.blackturtledive.com\/padi-specialty-courses\/underwater-naturalist\/\">Unterwasser-Naturwissenschaftler<\/a> zu werden.&nbsp;<\/p>\n<p>Der PADI Unterwasser-Naturwissenschaftler Specialty Kurs ist darauf ausgelegt, Sch\u00fclertauchern beizubringen, wie sie mit Meereslebewesen und dem Korallenriff interagieren k\u00f6nnen.<\/p>\n<p>Sie werden Ihren Sch\u00fclern beibringen, die aquatischen \u00d6kosysteme wissenschaftlich zu betrachten, w\u00e4hrend sie grundlegende Meeresorganismen, <a href=\"https:\/\/www.blackturtledive.com\/padi-specialty-courses\/fish-identification\/\">Fischgruppen<\/a> und Identifikationen lernen.<\/p>\n<p><a class=\"fasc-button fasc-size-large fasc-type-flat\" style=\"background-color: #33809e; color: #ffffff;\" href=\"https:\/\/www.blackturtledive.com\/diving-course-prices\/\">JETZT BUCHEN<\/a><\/p>\n<h3><span style=\"color: #28d4ff;\">PADI Tauchlehrer Unterwasser-Naturwissenschaftler Specialty Kurs<\/span><\/h3>\n<p>Sie werden auch \u00fcber die Beziehungen zwischen diesen Organismen und der <a href=\"https:\/\/www.blackturtledive.com\/conservation\/marine-conservation-courses\/\">marinen Umwelt<\/a> lernen.&nbsp;&nbsp;&nbsp;<\/p>\n<p>Die Philosophie des <a href=\"https:\/\/www.blackturtledive.com\/padi-specialty-courses\/\">Specialty Kurses<\/a> besteht darin, verantwortungsvolle Interaktionen mit der lebenden Umwelt zu demonstrieren, indem wissenschaftliches Wissen und hervorragende <a href=\"https:\/\/www.blackturtledive.com\/padi-specialty-courses\/peak-performance-buoyancy\/\">Auftriebstechniken<\/a> angewendet werden.<\/p>\n<p>Dar\u00fcber hinaus lernen die Sch\u00fcler, ein Vorbild f\u00fcr Naturschutzbewusstsein bei der Planung, Organisation und Durchf\u00fchrung von Tauchg\u00e4ngen innerhalb der Freizeiteinschr\u00e4nkungen zu sein und umweltfreundliche Tauchtechniken zu demonstrieren.<\/p>\n<h3>Im Koh Tao Unterwasser-Naturwissenschaftler Instruktor Specialty Kurs enthalten:<\/h3>\n<ul>\n<li>1 <a href=\"https:\/\/www.blackturtledive.com\/padi-diving-courses\/open-water-course\/\">Freiwassertauchgang<\/a><\/li>\n<li>Miete aller Tauchausr\u00fcstung einschlie\u00dflich spezieller Ausr\u00fcstung<\/li>\n<li>KOSTENLOSE Nutzung des Tauchcomputers<\/li>\n<li><a href=\"https:\/\/www.blackturtledive.com\/about-us\/\">Black Turtle Dive<\/a> Kunden- (und <a href=\"https:\/\/www.blackturtledive.com\/wp-content\/uploads\/2020\/12\/blackturtledive.com-our-Environmental-Diving-Pledge.pdf\" target=\"_blank\" rel=\"noopener\">Umwelt<\/a>-) Versprechen<\/li>\n<\/ul>\n<p>Um sich f\u00fcr einen Unterwasser-Naturwissenschaftler Instruktor Specialty Kurs anzumelden, m\u00fcssen Sie:<\/p>\n<ul>\n<li>Ein PADI <a href=\"https:\/\/www.blackturtledive.com\/padi-pro-level\/dive-instructor-course\/\">Open Water Scuba Instructor<\/a> sein oder derzeit an einem IDC\/OWSI-Programm teilnehmen oder dieses innerhalb der letzten 12 Monate abgeschlossen haben.<\/li>\n<li>IDC\/OWSI-Kandidaten d\u00fcrfen sich nur nach erfolgreichem Abschluss einer IE um eine Specialty Instructor-Zertifizierung bewerben.<\/li>\n<li>\u00dcber aktuelle Taucherfahrung verf\u00fcgen \u2013 wir empfehlen, eine <a href=\"https:\/\/www.blackturtledive.com\/padi-diving-courses\/scuba-review\/\">Tauch\u00fcberpr\u00fcfung<\/a> durchzuf\u00fchren, wenn Sie seit 12 Monaten nicht getaucht sind.<\/li>\n<li><a href=\"https:\/\/www.blackturtledive.com\/wp-content\/uploads\/2020\/11\/blackturtledive.com-PADI-Diver-student-Medical-Form.pdf\" target=\"_blank\" rel=\"noopener\">\u00c4rztlich fit<\/a> zum Tauchen sein.<\/li>\n<\/ul>\n<p>Nach erfolgreichem Abschluss aller Kursanforderungen m\u00fcssen Sie einen Nachweis \u00fcber 10 geloggte Unterwasser-Naturwissenschaftler-Tauchg\u00e4nge erbringen.<\/p>\n<h3><span style=\"color: #28d4ff;\">1-t\u00e4giger PADI Unterwasser-Naturwissenschaftler Instruktor Specialty Kurs<\/span><\/h3>\n<p>Der Kurs besteht aus zwei Abschnitten:<\/p>\n<ul>\n<li>Wissensentwicklung<\/li>\n<li>Freiwassertauchen &#8211; 1 Unterwasser-Naturwissenschaftler Freiwassertauchgang<\/li>\n<\/ul>\n<p><a class=\"fasc-button fasc-size-large fasc-type-flat\" style=\"background-color: #33809e; color: #ffffff;\" href=\"https:\/\/www.blackturtledive.com\/diving-course-prices\/\">JETZT BUCHEN<\/a><\/p>\n<p>Bei <a href=\"https:\/\/www.blackturtledive.com\/de\/\">Black Turtle Dive<\/a> nehmen wir unser <a href=\"https:\/\/www.blackturtledive.com\/about-us\/our-customer-promise\/\">Kundenversprechen<\/a> sehr ernst.<\/p>\n<p>Unsere <a href=\"https:\/\/www.blackturtledive.com\/padi-pro-level\/idc-staff-instructor-course\/\">Tauchlehrer<\/a> sind hochqualifiziert und stellen sicher, dass Sie viel Aufmerksamkeit erhalten und vor allem in einer entspannten Umgebung in Ihrem eigenen Tempo Fortschritte machen.<\/p>\n<p>W\u00e4hrend Ihres Trainings werden wir Ihr Vertrauen und Ihre F\u00e4higkeiten langsam aufbauen, w\u00e4hrend Sie die notwendigen F\u00e4higkeiten entwickeln, um ein kompetenter Unterwasser-Naturwissenschaftler Instruktor zu werden.<\/p>\n<h3>Zeitplan f\u00fcr den Koh Tao Unterwasser-Naturwissenschaftler Instruktor Specialty Kurs<\/h3>\n<p>Der Zeitplan f\u00fcr den Unterwasser-Naturwissenschaftler Instruktor Specialty Kurs bei Black Turtle Dive ist flexibel und wir k\u00f6nnen ihn an Ihre pers\u00f6nlichen Bed\u00fcrfnisse und Zeitrahmen anpassen.<\/p>\n<p>Dieser Kurs wird oft als Teil unseres Multi-Instructor Specialty Programms wie dem <a href=\"https:\/\/www.blackturtledive.com\/padi-pro-level\/msdt-program\/\">MSDT-Programm<\/a> geplant.&nbsp;<\/p>\n<p>Bitte z\u00f6gern Sie nicht, uns bei speziellen W\u00fcnschen entweder per <a href=\"https:\/\/www.blackturtledive.com\/contact-us\/\">E-Mail<\/a> oder \u00fcber eine der Messenger-Apps auf dieser Seite zu kontaktieren.&nbsp;<\/p>\n<h3>PADI Underwater Naturalist Instructor\u2011Kurskosten: 4.000 Baht<\/h3>\n<p><a class=\"fasc-button fasc-size-large fasc-type-flat\" style=\"background-color: #33809e; color: #ffffff;\" href=\"https:\/\/www.blackturtledive.com\/diving-course-prices\/\">JETZT BUCHEN<\/a><\/p>\n<h3><span style=\"color: #28d4ff;\">Kurszeitplan<\/span><\/h3>\n<p>Tag 1:<\/p>\n<p>09.00 \u2013 11.30: Orientierung &amp; Wissensentwicklung<br \/>\n12.30 \u2013 17.00: Unterwasser-Naturwissenschaftler Instruktor Trainingstauchgang &nbsp;<\/p>\n<p>Sie sind jetzt zertifizierter PADI Unterwasser-Naturwissenschaftler Specialty Instructor.<\/p>\n<h3>PADI Unterwasser-Naturwissenschaftler Specialty Instruktor Kursinformationen<\/h3>\n<p><span style=\"color: #28d4ff;\">Wissensentwicklung zum Unterwasser-Naturwissenschaftler Instruktor<\/span><\/p>\n<p>Der PADI Unterwasser-Naturwissenschaftler Specialty Instruktor Kurs besteht aus 1 Freiwassertauchgang.<\/p>\n<p>Es gibt auch einen Wissensentwicklungsabschnitt, der vor den Freiwassertauchg\u00e4ngen durchgef\u00fchrt wird.&nbsp;<\/p>\n<p>W\u00e4hrend des Wissensentwicklungsabschnitts m\u00fcssen Sie Folgendes abschlie\u00dfen:<\/p>\n<ul>\n<li>F\u00fchren Sie eine Wissenspr\u00e4sentation aus dem PADI Unterwasser-Naturwissenschaftler Specialty Handbuch durch, indem Sie eine verpasste Frage aus der Wissens\u00fcberpr\u00fcfung lehrplanm\u00e4\u00dfig erkl\u00e4ren.<\/li>\n<li>\u00dcberpr\u00fcfen und verstehen Sie den Zweck und die Ziele des PADI Unterwasser-Naturwissenschaftler Specialty Kurses.<\/li>\n<li>\u00dcberpr\u00fcfen und erkl\u00e4ren Sie die Standards und Verfahren des PADI Unterwasser-Naturwissenschaftler Kurses aus dem PADI Specialty Course Instructor Guide und listen Sie alle Anforderungen an die Ausr\u00fcstung von Sch\u00fclern und Ausbildern auf.<\/li>\n<li>Demonstrieren Sie die Beherrschung aller Wissensentwicklungen.<\/li>\n<li>Beschreiben Sie, wie Sie alle Kurssegmente auf eine Weise durchf\u00fchren k\u00f6nnen, die es den Tauchern erm\u00f6glicht, die Leistungsanforderungen des Kurses zu erf\u00fcllen.<\/li>\n<li>Teilnehmen an einem Marketing- und Werbe-Workshop, in dem Sie Techniken erlernen, um den PADI Unterwasser-Naturwissenschaftler Specialty Diver Kurs Ihren Sch\u00fclern und der allgemeinen Tauch\u00f6ffentlichkeit zu f\u00f6rdern.<\/li>\n<li>Teilnehmen an einem Preis-Workshop.<\/li>\n<\/ul>\n<p><a class=\"fasc-button fasc-size-large fasc-type-flat\" style=\"background-color: #33809e; color: #ffffff;\" href=\"https:\/\/www.blackturtledive.com\/diving-course-prices\/\">JETZT BUCHEN<\/a><\/p>\n<h3><span style=\"color: #28d4ff;\">Unterwasser-Naturwissenschaftler Instruktor Freiwassertauchg\u00e4nge<\/span><\/h3>\n<p>Es sind 2 Unterwasser-Naturwissenschaftler Trainingstauchg\u00e4nge erforderlich, um ein Sch\u00fclertaucher im Unterwasser-Naturwissenschaftler Specialty Diver Kurs zu werden.<\/p>\n<p>W\u00e4hrend des Unterwasser-Naturwissenschaftler Instruktor Kurses m\u00fcssen Sie alle Leistungsanforderungen dieser 2 Tauchg\u00e4nge \u00fcber mindestens 1 Trainingstauchgang erf\u00fcllen.<\/p>\n<p>Vor den Tauchg\u00e4ngen m\u00fcssen Sie die \u00dcberlegungen des Freiwassertauchgangs des Unterwasser-Naturwissenschaftler Specialty Diver Kurses erkl\u00e4ren.<\/p>\n<p>W\u00e4hrend der Freiwassertauchg\u00e4nge m\u00fcssen Sie:<\/p>\n<ul>\n<li>die Beherrschung aller Leistungsanforderungen an Wassertauchf\u00e4higkeiten f\u00fcr den Unterwasser-Naturwissenschaftler Specialty Diver Kurs demonstrieren.<\/li>\n<li>eine Freiwasserschulungspr\u00e4sentation aus dem Unterwasser-Naturwissenschaftler Specialty Diver Kurs durchf\u00fchren.<\/li>\n<li>alle Leistungsanforderungen f\u00fcr den Unterwasser-Naturwissenschaftler Specialty Diver im Freiwassertauchgang demonstrieren.<\/li>\n<\/ul>\n<p>Herzlichen Gl\u00fcckwunsch. Sie sind jetzt PADI Unterwasser-Naturwissenschaftler Specialty Instructor<\/p>\n<h3><span style=\"color: #28d4ff;\">PADI\u2011Geb\u00fchren 2026<\/span><\/h3>\n<p>PADI Underwater Naturalist Specialty Instructor \u2013 Antragsgeb\u00fchr: A$145<\/p>\n<p><a class=\"fasc-button fasc-size-large fasc-type-flat\" style=\"background-color: #33809e; color: #ffffff;\" href=\"https:\/\/www.blackturtledive.com\/diving-course-prices\/\">JETZT BUCHEN<\/a><\/p>\n<h3>PADI Materialien<\/h3>\n<p>Bitte bringen Sie Ihr&nbsp;PADI Specialty Course Instructor Handbuch mit.<\/p>\n<p>Sie ben\u00f6tigen au\u00dferdem eine Kopie des PADI Instructor Handbuchs, das kostenlos f\u00fcr alle erneuerten PADI Mitglieder zum Download auf&nbsp;<a href=\"https:\/\/www.padi.com\/mypadi\/\" target=\"_blank\" rel=\"noopener\">www.padi.com\/mypadi<\/a> verf\u00fcgbar ist.[\/vc_column_text][\/vc_column][\/vc_row]<\/p>\n<\/div>","protected":false},"excerpt":{"rendered":"<p>Der PADI Underwater Naturalist Instructor Specialty Diver Kurs auf Koh Tao vermittelt Ihnen, wie Sie Tauchsch\u00fclern verschiedene Arten von Meereslebewesen und deren Klassifizierung n\u00e4herbringen.<\/p>\n","protected":false},"author":2,"featured_media":18100,"parent":18705,"menu_order":0,"comment_status":"closed","ping_status":"closed","template":"","meta":{"_acf_changed":false,"footnotes":""},"class_list":["post-18606","page","type-page","status-publish","has-post-thumbnail","hentry"],"acf":[],"yoast_head":"<!-- This site is optimized with the Yoast SEO Premium plugin v27.6 (Yoast SEO v27.6) - https:\/\/yoast.com\/product\/yoast-seo-premium-wordpress\/ -->\n<title>PADI Unterwasser-Naturwissenschaftler Instruktor Kurs Koh Tao<\/title>\n<meta name=\"description\" content=\"Die Qualifikation zum Unterwasser-Naturforscher-Ausbilder erm\u00f6glicht es PADI-Profis, Taucher in komplexen \u00f6kologischen Beziehungen und Symbiosen zu zertifizieren.\" \/>\n<meta name=\"robots\" content=\"index, follow, max-snippet:-1, max-image-preview:large, max-video-preview:-1\" \/>\n<link rel=\"canonical\" href=\"https:\/\/www.blackturtledive.com\/de\/padi-pro-level\/msdt-program\/underwater-naturalist-instructor\/\" \/>\n<meta property=\"og:locale\" content=\"de_DE\" \/>\n<meta property=\"og:type\" content=\"article\" \/>\n<meta property=\"og:title\" content=\"PADI Underwater Naturalist Instructor Course Koh Tao\" \/>\n<meta property=\"og:description\" content=\"PADI Underwater Naturalist Instructor Specialty Diver course Koh Tao teaches YOU how to teach student divers about different types of aquatic life\" \/>\n<meta property=\"og:url\" content=\"https:\/\/www.blackturtledive.com\/de\/padi-pro-level\/msdt-program\/underwater-naturalist-instructor\/\" \/>\n<meta property=\"og:site_name\" content=\"Black Turtle Dive Koh Tao\" \/>\n<meta property=\"article:publisher\" content=\"https:\/\/www.facebook.com\/blackturtledive\" \/>\n<meta property=\"article:modified_time\" content=\"2026-05-06T07:50:55+00:00\" \/>\n<meta property=\"og:image\" content=\"https:\/\/www.blackturtledive.com\/wp-content\/uploads\/2020\/12\/blackturtledive.com-underwater-naturalist-diver-koh-tao.jpg\" \/>\n\t<meta property=\"og:image:width\" content=\"1000\" \/>\n\t<meta property=\"og:image:height\" content=\"667\" \/>\n\t<meta property=\"og:image:type\" content=\"image\/jpeg\" \/>\n<meta name=\"twitter:card\" content=\"summary_large_image\" \/>\n<meta name=\"twitter:title\" content=\"PADI Underwater Naturalist Instructor Course Koh Tao\" \/>\n<meta name=\"twitter:description\" content=\"PADI Underwater Naturalist Instructor Specialty Diver course Koh Tao teaches YOU how to teach student divers about different types of aquatic life\" \/>\n<meta name=\"twitter:image\" content=\"https:\/\/www.blackturtledive.com\/wp-content\/uploads\/2020\/12\/blackturtledive.com-underwater-naturalist-diver-koh-tao.jpg\" \/>\n<meta name=\"twitter:site\" content=\"@blackturtledive\" \/>\n<meta name=\"twitter:label1\" content=\"Gesch\u00e4tzte Lesezeit\" \/>\n\t<meta name=\"twitter:data1\" content=\"5\u00a0Minuten\" \/>\n<!-- \/ Yoast SEO Premium plugin. -->","yoast_head_json":{"title":"PADI Unterwasser-Naturwissenschaftler Instruktor Kurs Koh Tao","description":"Die Qualifikation zum Unterwasser-Naturforscher-Ausbilder erm\u00f6glicht es PADI-Profis, Taucher in komplexen \u00f6kologischen Beziehungen und Symbiosen zu zertifizieren.","robots":{"index":"index","follow":"follow","max-snippet":"max-snippet:-1","max-image-preview":"max-image-preview:large","max-video-preview":"max-video-preview:-1"},"canonical":"https:\/\/www.blackturtledive.com\/de\/padi-pro-level\/msdt-program\/underwater-naturalist-instructor\/","og_locale":"de_DE","og_type":"article","og_title":"PADI Underwater Naturalist Instructor Course Koh Tao","og_description":"PADI Underwater Naturalist Instructor Specialty Diver course Koh Tao teaches YOU how to teach student divers about different types of aquatic life","og_url":"https:\/\/www.blackturtledive.com\/de\/padi-pro-level\/msdt-program\/underwater-naturalist-instructor\/","og_site_name":"Black Turtle Dive Koh Tao","article_publisher":"https:\/\/www.facebook.com\/blackturtledive","article_modified_time":"2026-05-06T07:50:55+00:00","og_image":[{"width":1000,"height":667,"url":"https:\/\/www.blackturtledive.com\/wp-content\/uploads\/2020\/12\/blackturtledive.com-underwater-naturalist-diver-koh-tao.jpg","type":"image\/jpeg"}],"twitter_card":"summary_large_image","twitter_title":"PADI Underwater Naturalist Instructor Course Koh Tao","twitter_description":"PADI Underwater Naturalist Instructor Specialty Diver course Koh Tao teaches YOU how to teach student divers about different types of aquatic life","twitter_image":"https:\/\/www.blackturtledive.com\/wp-content\/uploads\/2020\/12\/blackturtledive.com-underwater-naturalist-diver-koh-tao.jpg","twitter_site":"@blackturtledive","twitter_misc":{"Gesch\u00e4tzte Lesezeit":"5\u00a0Minuten"},"schema":{"@context":"https:\/\/schema.org","@graph":[{"@type":"WebPage","@id":"https:\/\/www.blackturtledive.com\/de\/padi-pro-level\/msdt-program\/underwater-naturalist-instructor\/","url":"https:\/\/www.blackturtledive.com\/de\/padi-pro-level\/msdt-program\/underwater-naturalist-instructor\/","name":"PADI Unterwasser-Naturwissenschaftler Instruktor Kurs Koh Tao","isPartOf":{"@id":"https:\/\/www.blackturtledive.com\/de\/#website"},"primaryImageOfPage":{"@id":"https:\/\/www.blackturtledive.com\/de\/padi-pro-level\/msdt-program\/underwater-naturalist-instructor\/#primaryimage"},"image":{"@id":"https:\/\/www.blackturtledive.com\/de\/padi-pro-level\/msdt-program\/underwater-naturalist-instructor\/#primaryimage"},"thumbnailUrl":"https:\/\/www.blackturtledive.com\/wp-content\/uploads\/2020\/12\/blackturtledive.com-underwater-naturalist-diver-koh-tao.jpg","datePublished":"2020-12-15T09:41:40+00:00","dateModified":"2026-05-06T07:50:55+00:00","description":"Die Qualifikation zum Unterwasser-Naturforscher-Ausbilder erm\u00f6glicht es PADI-Profis, Taucher in komplexen \u00f6kologischen Beziehungen und Symbiosen zu zertifizieren.","breadcrumb":{"@id":"https:\/\/www.blackturtledive.com\/de\/padi-pro-level\/msdt-program\/underwater-naturalist-instructor\/#breadcrumb"},"inLanguage":"de","potentialAction":[{"@type":"ReadAction","target":["https:\/\/www.blackturtledive.com\/de\/padi-pro-level\/msdt-program\/underwater-naturalist-instructor\/"]}]},{"@type":"ImageObject","inLanguage":"de","@id":"https:\/\/www.blackturtledive.com\/de\/padi-pro-level\/msdt-program\/underwater-naturalist-instructor\/#primaryimage","url":"https:\/\/www.blackturtledive.com\/wp-content\/uploads\/2020\/12\/blackturtledive.com-underwater-naturalist-diver-koh-tao.jpg","contentUrl":"https:\/\/www.blackturtledive.com\/wp-content\/uploads\/2020\/12\/blackturtledive.com-underwater-naturalist-diver-koh-tao.jpg","width":1000,"height":667,"caption":"PADI Underwater Naturalist Specialty Course Koh Tao"},{"@type":"BreadcrumbList","@id":"https:\/\/www.blackturtledive.com\/de\/padi-pro-level\/msdt-program\/underwater-naturalist-instructor\/#breadcrumb","itemListElement":[{"@type":"ListItem","position":1,"name":"Home","item":"https:\/\/www.blackturtledive.com\/de\/"},{"@type":"ListItem","position":2,"name":"PADI-Pro Stufe","item":"https:\/\/www.blackturtledive.com\/de\/padi-pro-level\/"},{"@type":"ListItem","position":3,"name":"MSDTProgramm","item":"https:\/\/www.blackturtledive.com\/de\/padi-pro-level\/msdt-program\/"},{"@type":"ListItem","position":4,"name":"Instruktor f\u00fcr Unterwasser\u2011Naturkunde"}]},{"@type":"WebSite","@id":"https:\/\/www.blackturtledive.com\/de\/#website","url":"https:\/\/www.blackturtledive.com\/de\/","name":"Black Turtle Dive Koh Tao","description":"Ocean Explorers | Marine Protectors","publisher":{"@id":"https:\/\/www.blackturtledive.com\/de\/#organization"},"alternateName":"Black Turtle Dive in Thailand","potentialAction":[{"@type":"SearchAction","target":{"@type":"EntryPoint","urlTemplate":"https:\/\/www.blackturtledive.com\/de\/?s={search_term_string}"},"query-input":{"@type":"PropertyValueSpecification","valueRequired":true,"valueName":"search_term_string"}}],"inLanguage":"de"},{"@type":"Organization","@id":"https:\/\/www.blackturtledive.com\/de\/#organization","name":"Black Turtle Dive Koh Tao","alternateName":"Black Turtle Dive","url":"https:\/\/www.blackturtledive.com\/de\/","logo":{"@type":"ImageObject","inLanguage":"de","@id":"https:\/\/www.blackturtledive.com\/de\/#\/schema\/logo\/image\/","url":"https:\/\/www.blackturtledive.com\/wp-content\/uploads\/2020\/11\/cropped-blackturtledive.com-brand-logo.png","contentUrl":"https:\/\/www.blackturtledive.com\/wp-content\/uploads\/2020\/11\/cropped-blackturtledive.com-brand-logo.png","width":400,"height":400,"caption":"Black Turtle Dive Koh Tao"},"image":{"@id":"https:\/\/www.blackturtledive.com\/de\/#\/schema\/logo\/image\/"},"sameAs":["https:\/\/www.facebook.com\/blackturtledive","https:\/\/x.com\/blackturtledive","https:\/\/www.instagram.com\/blackturtledive\/","https:\/\/www.youtube.com\/blackturtledive","https:\/\/www.linkedin.com\/company\/blackturtledive\/","https:\/\/www.tumblr.com\/blackturtledive","https:\/\/www.pinterest.com\/blackturtledive\/","https:\/\/www.tiktok.com\/@blackturtledive","https:\/\/www.reddit.com\/user\/blackturtledive\/"],"description":"Black Turtle Dive is a modern and innovative 5 Star Career Development Scuba Diving Center, passionate about the ocean and through training we want to empower you to become a competent and confident scuba diver. Our diving courses equip you with the skills, knowledge and awareness necessary to explore the ocean safely, whilst becoming a passionate advocate and protector of the marine environment. If you have never dived before or are a certified diver and want to develop your skills further, our tailored, bespoke courses and programs will inspire you to become an Ocean advocate. Our scientific based Marine Conservation Internships and training programs, offer aspiring scuba divers and marine conservationists, the best marine conservation internships on Koh Tao. We currently offer students six levels of Marine Conservation Internships at our beachside location on Koh Tao in Thailand. Check out our website for more information.","email":"info@blackturtledive.com","telephone":"089 592 2134","legalName":"Black Turtle Dive Co Ltd","foundingDate":"2020-01-01","publishingPrinciples":"https:\/\/www.blackturtledive.com\/terms\/","ownershipFundingInfo":"https:\/\/www.blackturtledive.com\/terms\/","actionableFeedbackPolicy":"https:\/\/www.blackturtledive.com\/privacy-policy\/","correctionsPolicy":"https:\/\/www.blackturtledive.com\/privacy-policy\/","ethicsPolicy":"https:\/\/www.blackturtledive.com\/privacy-policy\/","diversityPolicy":"https:\/\/www.blackturtledive.com\/privacy-policy\/"}]}},"_links":{"self":[{"href":"https:\/\/www.blackturtledive.com\/de\/wp-json\/wp\/v2\/pages\/18606","targetHints":{"allow":["GET"]}}],"collection":[{"href":"https:\/\/www.blackturtledive.com\/de\/wp-json\/wp\/v2\/pages"}],"about":[{"href":"https:\/\/www.blackturtledive.com\/de\/wp-json\/wp\/v2\/types\/page"}],"author":[{"embeddable":true,"href":"https:\/\/www.blackturtledive.com\/de\/wp-json\/wp\/v2\/users\/2"}],"replies":[{"embeddable":true,"href":"https:\/\/www.blackturtledive.com\/de\/wp-json\/wp\/v2\/comments?post=18606"}],"version-history":[{"count":2,"href":"https:\/\/www.blackturtledive.com\/de\/wp-json\/wp\/v2\/pages\/18606\/revisions"}],"predecessor-version":[{"id":71447,"href":"https:\/\/www.blackturtledive.com\/de\/wp-json\/wp\/v2\/pages\/18606\/revisions\/71447"}],"up":[{"embeddable":true,"href":"https:\/\/www.blackturtledive.com\/de\/wp-json\/wp\/v2\/pages\/18705"}],"wp:featuredmedia":[{"embeddable":true,"href":"https:\/\/www.blackturtledive.com\/de\/wp-json\/wp\/v2\/media\/18100"}],"wp:attachment":[{"href":"https:\/\/www.blackturtledive.com\/de\/wp-json\/wp\/v2\/media?parent=18606"}],"curies":[{"name":"wp","href":"https:\/\/api.w.org\/{rel}","templated":true}]}}