{"id":18607,"date":"2020-12-15T16:32:36","date_gmt":"2020-12-15T09:32:36","guid":{"rendered":"https:\/\/www.blackturtledive.com\/aware-fish-id-instructor\/"},"modified":"2026-05-06T06:51:54","modified_gmt":"2026-05-05T23:51:54","slug":"aware-fish-id-instructor","status":"publish","type":"page","link":"https:\/\/www.blackturtledive.com\/de\/padi-pro-level\/msdt-program\/aware-fish-id-instructor\/","title":{"rendered":"AWARE Fish ID\u2011Instruktor"},"content":{"rendered":"<div class=\"wpb-content-wrapper\"><p>[vc_row][vc_column][vc_column_text css=&#8220;&#8220;]Der AWARE Fish Identification Instructor-Specialty-Kurs qualifiziert PADI-Professionals darin, Sch\u00fcler anzuleiten, Rifffischarten anhand von K\u00f6rperform und Verhalten zu kategorisieren und zu identifizieren.<\/p>\n<p>Als Instructor erlernen Sie die PADI AWARE-Lehrmethodik mit Schwerpunkt auf Information Gain \u2014 also die Weiterentwicklung der Teilnehmenden vom reinen Beobachter hin zu aktiven Citizen-Science-Mitgliedern.<\/p>\n<p>Unter Nutzung der mehr als 25 h\u00e4ufig vorkommenden Fischfamilien in den Gew\u00e4ssern von Koh Tao lernen Sie, lehrreiche Tauchg\u00e4nge zu f\u00fchren, die das Taucherbewusstsein st\u00e4rken und das lokale Biodiversit\u00e4ts-Monitoring unterst\u00fctzen.<\/p>\n<h3><span style=\"color: #28d4ff;\">Werden Sie PADI Fish ID Specialty Instructor auf Koh Tao<\/span><\/h3>\n<p>Eine der h\u00e4ufigsten Fragen, die Ihnen von Ihren Sch\u00fclertauchern gestellt wird, ist: \u201e<span style=\"color: #28d4ff;\">Was ist das f\u00fcr ein Fisch<\/span>?\u201c<\/p>\n<p>Als Vorbild f\u00fcr <a href=\"https:\/\/www.blackturtledive.com\/padi-pro-level\/\">Tauchprofis<\/a> und PADI Instructor m\u00f6chten Sie in der Lage sein, die Fragen Ihrer Sch\u00fcler zu beantworten.<\/p>\n<p>Sie m\u00f6chten auch sicherstellen, dass Ihre Taucher \u00fcber die <a href=\"https:\/\/www.blackturtledive.com\/koh-tao-marine-life\/\">Meereslebewesen<\/a>, die sie beobachten, informiert sind.<\/p>\n<p>Je mehr sie \u00fcber das, was sie sehen, wissen, desto mehr Freude werden sie daran haben und desto mehr werden sie sich f\u00fcr die <a href=\"https:\/\/www.blackturtledive.com\/conservation\/marine-conservation-courses\/\">Meeresumwelt<\/a> und die Bedrohungen, denen sie ausgesetzt ist, interessieren.<\/p>\n<h3>Lernen Sie, den <span style=\"color: #28d4ff;\">AWARE Fish ID<\/span> Specialty Kurs an Taucher zu unterrichten<\/h3>\n<p>W\u00e4hrend des AWARE Fish Identification Instructor Specialty Kurses zeigen wir Ihnen, wie Sie Ihren Sch\u00fclertauchern die h\u00e4ufigsten Familien und Arten von Fischen beibringen, die in den Koh Tao <a href=\"https:\/\/www.blackturtledive.com\/conservation\/marine-conservation-courses\/coral-reef-conservation-diver\/\">Korallenriffen<\/a> zu finden sind.<\/p>\n<p>Sie werden lernen, grundlegende<a href=\"https:\/\/www.blackturtledive.com\/padi-specialty-courses\/fish-identification\/\"> Fischidentifikation<\/a>, wissenschaftliche Erhebungstechniken zu unterrichten und Ihre Taucher mit <a href=\"https:\/\/www.blackturtledive.com\/conservation\/marine-conservation-courses\/project-aware-specialty\/\">Project AWARE<\/a> sowie verschiedenen anderen Naturschutz- und Forschungsma\u00dfnahmen, an denen wir auf <a href=\"https:\/\/www.blackturtledive.com\/koh-tao\/\">Koh Tao<\/a> beteiligt sind, vertraut zu machen.<\/p>\n<p>Eines der Kursziele des AWARE Fish Identification <a href=\"https:\/\/www.blackturtledive.com\/padi-specialty-courses\/\">Specialty Kurses<\/a> ist es, Taucher zu leidenschaftlichen Natursch\u00fctzern und aktiven Bef\u00fcrwortern der Meeresumwelt zu ermutigen.<\/p>\n<p><a class=\"fasc-button fasc-size-large fasc-type-flat\" style=\"background-color: #33809e; color: #ffffff;\" href=\"https:\/\/www.blackturtledive.com\/diving-course-prices\/\">JETZT BUCHEN<\/a><\/p>\n<h3>Im Koh Tao Fish Identification Instructor Specialty Kurs enthalten:<\/h3>\n<ul>\n<li>1 Freiwassertauchgang<\/li>\n<li>Miete aller <a href=\"https:\/\/www.blackturtledive.com\/padi-specialty-courses\/equipment-specialist\/\">Tauchausr\u00fcstung<\/a> einschlie\u00dflich spezieller Ausr\u00fcstung<\/li>\n<li>KOSTENLOSE Nutzung des Tauchcomputers<\/li>\n<li><a href=\"https:\/\/www.blackturtledive.com\/about-us\/\">Black Turtle Dive<\/a> Kunden- (und Umwelt-) Versprechen<\/li>\n<\/ul>\n<p>Um sich f\u00fcr einen AWARE Fish Identification Instructor Specialty Kurs anzumelden, m\u00fcssen Sie:<\/p>\n<ul>\n<li>Ein PADI <a href=\"https:\/\/www.blackturtledive.com\/padi-pro-level\/dive-instructor-course\/\">Open Water Scuba Instructor<\/a> sein oder derzeit an einem IDC\/OWSI-Programm teilnehmen oder dieses innerhalb der letzten 12 Monate abgeschlossen haben.<\/li>\n<li>IDC\/OWSI-Kandidaten d\u00fcrfen sich nur nach erfolgreichem Abschluss einer IE um eine Specialty Instructor-Zertifizierung bewerben.<\/li>\n<li>\u00dcber aktuelle Taucherfahrung verf\u00fcgen \u2013 wir empfehlen, eine <a href=\"https:\/\/www.blackturtledive.com\/padi-diving-courses\/scuba-review\/\">Tauch\u00fcberpr\u00fcfung<\/a> durchzuf\u00fchren, wenn Sie seit 12 Monaten nicht getaucht sind.<\/li>\n<li><a href=\"https:\/\/www.blackturtledive.com\/wp-content\/uploads\/2020\/11\/blackturtledive.com-PADI-Diver-student-Medical-Form.pdf\" target=\"_blank\" rel=\"noopener\">Medizinisch tauchtauglich<\/a> sein.<\/li>\n<\/ul>\n<p>Nach erfolgreichem Abschluss aller Kursanforderungen m\u00fcssen Sie einen Nachweis \u00fcber 10 geloggte Fischidentifikationstauchg\u00e4nge erbringen.<\/p>\n<h3><span style=\"color: #28d4ff;\">1-t\u00e4giger PADI AWARE Fish Identification Instructor Specialty Kurs<\/span><\/h3>\n<p>Der Kurs besteht aus zwei Abschnitten:<\/p>\n<ul>\n<li>Wissensentwicklung<\/li>\n<li>Freiwassertauchen &#8211; 1 Fischidentifikationstrainingstauchgang<\/li>\n<\/ul>\n<p><a class=\"fasc-button fasc-size-large fasc-type-flat\" style=\"background-color: #33809e; color: #ffffff;\" href=\"https:\/\/www.blackturtledive.com\/diving-course-prices\/\">JETZT BUCHEN<\/a><\/p>\n<p>Bei<a href=\"https:\/\/www.blackturtledive.com\/de\/\"> Black Turtle Dive<\/a> nehmen wir unser <a href=\"https:\/\/www.blackturtledive.com\/about-us\/our-customer-promise\/\">Kundenversprechen<\/a> sehr ernst.<\/p>\n<p>Unsere <a href=\"https:\/\/www.blackturtledive.com\/padi-pro-level\/idc-staff-instructor-course\/\">Tauchlehrer<\/a> sind hochqualifiziert und stellen sicher, dass Sie viel Aufmerksamkeit erhalten und vor allem in einer entspannten Umgebung in Ihrem eigenen Tempo Fortschritte machen.<\/p>\n<p>W\u00e4hrend Ihres Trainings werden wir Ihr Vertrauen und Ihre F\u00e4higkeiten langsam aufbauen, w\u00e4hrend Sie die notwendigen F\u00e4higkeiten entwickeln, um ein kompetenter <em><span style=\"color: #28d4ff;\">AWARE Fish Identification Instructor<\/span><\/em> zu werden.<\/p>\n<h3>Zeitplan f\u00fcr den Koh Tao Fish Identification Instructor Kurs<\/h3>\n<p>Der Zeitplan f\u00fcr den AWARE Fish Identification Instructor Specialty Kurs bei Black Turtle Dive ist flexibel und wir k\u00f6nnen ihn an Ihre pers\u00f6nlichen Bed\u00fcrfnisse und Zeitrahmen anpassen.<\/p>\n<p>Dieser Kurs wird oft als Teil eines Multi-Instructor Specialty Programms wie unserem <a href=\"https:\/\/www.blackturtledive.com\/padi-pro-level\/msdt-program\/\">MSDT-Programm<\/a> geplant.&nbsp;<\/p>\n<p>Bitte z\u00f6gern Sie nicht, uns bei speziellen W\u00fcnschen entweder per <a href=\"https:\/\/www.blackturtledive.com\/contact-us\/\">E-Mail<\/a> oder \u00fcber eine der Messenger-Apps auf dieser Seite zu kontaktieren.&nbsp;<\/p>\n<h3>Kosten f\u00fcr den PADI Fish Identification Instructor Specialty Kurs: 4.000 baht<\/h3>\n<h3><span style=\"color: #28d4ff;\">Kurszeitplan<\/span><\/h3>\n<p>Tag 1:<\/p>\n<p>09.00 \u2013 11.30: Orientierung &amp; Wissensentwicklung<br \/>\n12.30 \u2013 17.00: Fischidentifikation Instructor Trainingstauchgang &nbsp;<\/p>\n<p>Sie sind jetzt ein zertifizierter AWARE Fish Identification Specialty Instructor.<\/p>\n<p><a class=\"fasc-button fasc-size-large fasc-type-flat\" style=\"background-color: #33809e; color: #ffffff;\" href=\"https:\/\/www.blackturtledive.com\/diving-course-prices\/\">JETZT BUCHEN<\/a><\/p>\n<h3>PADI AWARE Fish Identification Specialty Instructor Kursinformationen<\/h3>\n<p>Wissensentwicklung zur AWARE Fish ID<\/p>\n<p>Der AWARE Fish Identification Specialty Instructor Kurs besteht aus 1 Trainingstauchgang<\/p>\n<p>Es gibt auch einen Wissensentwicklungsabschnitt, der vor dem Trainingstauchgang durchgef\u00fchrt wird.&nbsp;<\/p>\n<p>W\u00e4hrend des Wissensentwicklungsabschnitts m\u00fcssen Sie Folgendes abschlie\u00dfen:<\/p>\n<ul>\n<li>F\u00fchren Sie eine Wissenspr\u00e4sentation aus dem AWARE Fish Identification Specialty Handbuch durch, indem Sie eine verpasste Frage aus der Wissens\u00fcberpr\u00fcfung lehrplanm\u00e4\u00dfig erkl\u00e4ren.<\/li>\n<li>\u00dcberpr\u00fcfen und verstehen Sie den Zweck und die Ziele des PADI Fish Identification Specialty Kurses.<\/li>\n<li>\u00dcberpr\u00fcfen und erkl\u00e4ren Sie die Standards und Verfahren des AWARE Fish Identification Kurses aus dem PADI Specialty Course Instructor Guide und listen Sie alle Anforderungen an die Ausr\u00fcstung von Sch\u00fclern und Ausbildern auf.<\/li>\n<li>Demonstrieren Sie die Beherrschung aller Wissensentwicklungen.<\/li>\n<li>Beschreiben Sie, wie Sie alle Kurssegmente auf eine Weise durchf\u00fchren k\u00f6nnen, die es den Tauchern erm\u00f6glicht, die Leistungsanforderungen des Kurses zu erf\u00fcllen.<\/li>\n<li>Teilnehmen an einem Marketing- und Werbe-Workshop, in dem Sie Techniken erlernen, um den AWARE Fish Identification Specialty Diver Kurs Ihren Sch\u00fclern und der allgemeinen Tauch\u00f6ffentlichkeit zu f\u00f6rdern.<\/li>\n<li>Teilnehmen an einem Preis-Workshop.<\/li>\n<\/ul>\n<h3><span style=\"color: #28d4ff;\">AWARE Fish ID Open-Water-Trainingstauchg\u00e4nge<\/span><\/h3>\n<p>Zur Zertifizierung als Fish Identification-Diver sind 2 Fish Identification-Trainingstauchg\u00e4nge erforderlich.<\/p>\n<p>Im Instructor-Kurs m\u00fcssen Sie alle Leistungsanforderungen dieser 2 Tauchg\u00e4nge erf\u00fcllen; mindestens 1 <a href=\"https:\/\/www.blackturtledive.com\/padi-diving-courses\/open-water-course\/\">Open-Water<\/a>-Trainingstauchgang zur Demonstration ist vorgeschrieben.<\/p>\n<p>Vor den Tauchg\u00e4ngen m\u00fcssen Sie die Open-Water-Trainingsaspekte des PADI Fish Identification Specialty-Kurses erl\u00e4utern.<\/p>\n<p>W\u00e4hrend der Open-Water-Trainingstauchg\u00e4nge m\u00fcssen Sie:<\/p>\n<ul>\n<li>die <span style=\"color: #28d4ff;\"><em>Wasserfertigkeits-Leistungsanforderungen<\/em><\/span> der <span style=\"color: #28d4ff;\"><em>Fish Identification Specialty<\/em><\/span> demonstrieren,<\/li>\n<li>eine Open-Water-Lehrpr\u00e4sentation aus dem Fish Identification Specialty-Kurs durchf\u00fchren, und<\/li>\n<li>alle Open-Water-Leistungsanforderungen der Fish Identification Specialty erf\u00fcllen.<\/li>\n<\/ul>\n<p>Nach erfolgreichem Abschluss: Herzlichen Gl\u00fcckwunsch \u2014 Sie sind nun AWARE Fish Identification Specialty Instructor.<\/p>\n<h3><span style=\"color: #28d4ff;\">PADI-Geb\u00fchren 2026 &nbsp;<\/span><\/h3>\n<p>AWARE Fish Identification Specialty Instructor \u2013 Antragsgeb\u00fchr: AUD$145<\/p>\n<p><a class=\"fasc-button fasc-size-large fasc-type-flat\" style=\"background-color: #33809e; color: #ffffff;\" href=\"https:\/\/www.blackturtledive.com\/diving-course-prices\/\">JETZT BUCHEN<\/a><\/p>\n<h3>Unterlagen &amp; Materialien<\/h3>\n<p>PADI-Materialien laut Vorgabe.<\/p>\n<p>Bitte bringen Sie Ihr PADI Specialty Course Instructor Manual mit.<\/p>\n<p>Sie ben\u00f6tigen zudem eine Kopie des PADI Instructor Manual, die f\u00fcr erneuerte PADI-Mitglieder als <span style=\"color: #28d4ff;\"><em>kostenloser Download<\/em><\/span> unter&nbsp;<a href=\"https:\/\/www.padi.com\/mypadi\/\" target=\"_blank\" rel=\"noopener\">www.padi.com\/mypadi<\/a> verf\u00fcgbar ist.[\/vc_column_text][\/vc_column][\/vc_row]<\/p>\n<\/div>","protected":false},"excerpt":{"rendered":"<p>Der PADI AWARE Fish ID Instruktor Spezialkurs auf Koh Tao lehrt SIE, wie Sie Tauchsch\u00fclern beibringen, Fische und die Familien, zu denen sie geh\u00f6ren, zu erkennen.<\/p>\n","protected":false},"author":2,"featured_media":17958,"parent":18705,"menu_order":0,"comment_status":"closed","ping_status":"closed","template":"","meta":{"_acf_changed":false,"footnotes":""},"class_list":["post-18607","page","type-page","status-publish","has-post-thumbnail","hentry"],"acf":[],"yoast_head":"<!-- This site is optimized with the Yoast SEO Premium plugin v27.6 (Yoast SEO v27.6) - https:\/\/yoast.com\/product\/yoast-seo-premium-wordpress\/ -->\n<title>AWARE Fish ID\u2011Instruktor - Black Turtle Dive Koh Tao<\/title>\n<meta name=\"description\" content=\"Die AWARE-Spezialisierung zum Fischbestimmungslehrer schult Fachkr\u00e4fte darin, Sch\u00fclern beizubringen, wie man Riff-Fischarten kategorisiert und identifiziert.\" \/>\n<meta name=\"robots\" content=\"index, follow, max-snippet:-1, max-image-preview:large, max-video-preview:-1\" \/>\n<link rel=\"canonical\" href=\"https:\/\/www.blackturtledive.com\/de\/padi-pro-level\/msdt-program\/aware-fish-id-instructor\/\" \/>\n<meta property=\"og:locale\" content=\"de_DE\" \/>\n<meta property=\"og:type\" content=\"article\" \/>\n<meta property=\"og:title\" content=\"PADI AWARE Fish ID Instructor Specialty Course Koh Tao\" \/>\n<meta property=\"og:description\" content=\"PADI AWARE Fish ID Instructor specialty course on Koh Tao teaches YOU how to teach student divers how to recognise Fish and the families they belong to\" \/>\n<meta property=\"og:url\" content=\"https:\/\/www.blackturtledive.com\/de\/padi-pro-level\/msdt-program\/aware-fish-id-instructor\/\" \/>\n<meta property=\"og:site_name\" content=\"Black Turtle Dive Koh Tao\" \/>\n<meta property=\"article:publisher\" content=\"https:\/\/www.facebook.com\/blackturtledive\" \/>\n<meta property=\"article:modified_time\" content=\"2026-05-05T23:51:54+00:00\" \/>\n<meta property=\"og:image\" content=\"https:\/\/www.blackturtledive.com\/wp-content\/uploads\/2020\/11\/blackturtledive.com-aware-fish-identification-specialty-course-koh-tao.jpg\" \/>\n\t<meta property=\"og:image:width\" content=\"1100\" \/>\n\t<meta property=\"og:image:height\" content=\"733\" \/>\n\t<meta property=\"og:image:type\" content=\"image\/jpeg\" \/>\n<meta name=\"twitter:card\" content=\"summary_large_image\" \/>\n<meta name=\"twitter:title\" content=\"PADI AWARE Fish ID Instructor Specialty Course Koh Tao\" \/>\n<meta name=\"twitter:description\" content=\"PADI AWARE Fish ID Instructor specialty course on Koh Tao teaches YOU how to teach student divers how to recognise Fish and the families they belong to\" \/>\n<meta name=\"twitter:image\" content=\"https:\/\/www.blackturtledive.com\/wp-content\/uploads\/2020\/11\/blackturtledive.com-aware-fish-identification-specialty-course-koh-tao.jpg\" \/>\n<meta name=\"twitter:site\" content=\"@blackturtledive\" \/>\n<meta name=\"twitter:label1\" content=\"Gesch\u00e4tzte Lesezeit\" \/>\n\t<meta name=\"twitter:data1\" content=\"5\u00a0Minuten\" \/>\n<!-- \/ Yoast SEO Premium plugin. -->","yoast_head_json":{"title":"AWARE Fish ID\u2011Instruktor - Black Turtle Dive Koh Tao","description":"Die AWARE-Spezialisierung zum Fischbestimmungslehrer schult Fachkr\u00e4fte darin, Sch\u00fclern beizubringen, wie man Riff-Fischarten kategorisiert und identifiziert.","robots":{"index":"index","follow":"follow","max-snippet":"max-snippet:-1","max-image-preview":"max-image-preview:large","max-video-preview":"max-video-preview:-1"},"canonical":"https:\/\/www.blackturtledive.com\/de\/padi-pro-level\/msdt-program\/aware-fish-id-instructor\/","og_locale":"de_DE","og_type":"article","og_title":"PADI AWARE Fish ID Instructor Specialty Course Koh Tao","og_description":"PADI AWARE Fish ID Instructor specialty course on Koh Tao teaches YOU how to teach student divers how to recognise Fish and the families they belong to","og_url":"https:\/\/www.blackturtledive.com\/de\/padi-pro-level\/msdt-program\/aware-fish-id-instructor\/","og_site_name":"Black Turtle Dive Koh Tao","article_publisher":"https:\/\/www.facebook.com\/blackturtledive","article_modified_time":"2026-05-05T23:51:54+00:00","og_image":[{"width":1100,"height":733,"url":"https:\/\/www.blackturtledive.com\/wp-content\/uploads\/2020\/11\/blackturtledive.com-aware-fish-identification-specialty-course-koh-tao.jpg","type":"image\/jpeg"}],"twitter_card":"summary_large_image","twitter_title":"PADI AWARE Fish ID Instructor Specialty Course Koh Tao","twitter_description":"PADI AWARE Fish ID Instructor specialty course on Koh Tao teaches YOU how to teach student divers how to recognise Fish and the families they belong to","twitter_image":"https:\/\/www.blackturtledive.com\/wp-content\/uploads\/2020\/11\/blackturtledive.com-aware-fish-identification-specialty-course-koh-tao.jpg","twitter_site":"@blackturtledive","twitter_misc":{"Gesch\u00e4tzte Lesezeit":"5\u00a0Minuten"},"schema":{"@context":"https:\/\/schema.org","@graph":[{"@type":"WebPage","@id":"https:\/\/www.blackturtledive.com\/de\/padi-pro-level\/msdt-program\/aware-fish-id-instructor\/","url":"https:\/\/www.blackturtledive.com\/de\/padi-pro-level\/msdt-program\/aware-fish-id-instructor\/","name":"AWARE Fish ID\u2011Instruktor - Black Turtle Dive Koh Tao","isPartOf":{"@id":"https:\/\/www.blackturtledive.com\/de\/#website"},"primaryImageOfPage":{"@id":"https:\/\/www.blackturtledive.com\/de\/padi-pro-level\/msdt-program\/aware-fish-id-instructor\/#primaryimage"},"image":{"@id":"https:\/\/www.blackturtledive.com\/de\/padi-pro-level\/msdt-program\/aware-fish-id-instructor\/#primaryimage"},"thumbnailUrl":"https:\/\/www.blackturtledive.com\/wp-content\/uploads\/2020\/11\/blackturtledive.com-aware-fish-identification-specialty-course-koh-tao.jpg","datePublished":"2020-12-15T09:32:36+00:00","dateModified":"2026-05-05T23:51:54+00:00","description":"Die AWARE-Spezialisierung zum Fischbestimmungslehrer schult Fachkr\u00e4fte darin, Sch\u00fclern beizubringen, wie man Riff-Fischarten kategorisiert und identifiziert.","breadcrumb":{"@id":"https:\/\/www.blackturtledive.com\/de\/padi-pro-level\/msdt-program\/aware-fish-id-instructor\/#breadcrumb"},"inLanguage":"de","potentialAction":[{"@type":"ReadAction","target":["https:\/\/www.blackturtledive.com\/de\/padi-pro-level\/msdt-program\/aware-fish-id-instructor\/"]}]},{"@type":"ImageObject","inLanguage":"de","@id":"https:\/\/www.blackturtledive.com\/de\/padi-pro-level\/msdt-program\/aware-fish-id-instructor\/#primaryimage","url":"https:\/\/www.blackturtledive.com\/wp-content\/uploads\/2020\/11\/blackturtledive.com-aware-fish-identification-specialty-course-koh-tao.jpg","contentUrl":"https:\/\/www.blackturtledive.com\/wp-content\/uploads\/2020\/11\/blackturtledive.com-aware-fish-identification-specialty-course-koh-tao.jpg","width":1100,"height":733,"caption":"AWARE Fish Identification Specialty course Koh Tao"},{"@type":"BreadcrumbList","@id":"https:\/\/www.blackturtledive.com\/de\/padi-pro-level\/msdt-program\/aware-fish-id-instructor\/#breadcrumb","itemListElement":[{"@type":"ListItem","position":1,"name":"Home","item":"https:\/\/www.blackturtledive.com\/de\/"},{"@type":"ListItem","position":2,"name":"PADI-Pro Stufe","item":"https:\/\/www.blackturtledive.com\/de\/padi-pro-level\/"},{"@type":"ListItem","position":3,"name":"MSDTProgramm","item":"https:\/\/www.blackturtledive.com\/de\/padi-pro-level\/msdt-program\/"},{"@type":"ListItem","position":4,"name":"AWARE Fish ID\u2011Instruktor"}]},{"@type":"WebSite","@id":"https:\/\/www.blackturtledive.com\/de\/#website","url":"https:\/\/www.blackturtledive.com\/de\/","name":"Black Turtle Dive Koh Tao","description":"Ocean Explorers | Marine Protectors","publisher":{"@id":"https:\/\/www.blackturtledive.com\/de\/#organization"},"alternateName":"Black Turtle Dive in Thailand","potentialAction":[{"@type":"SearchAction","target":{"@type":"EntryPoint","urlTemplate":"https:\/\/www.blackturtledive.com\/de\/?s={search_term_string}"},"query-input":{"@type":"PropertyValueSpecification","valueRequired":true,"valueName":"search_term_string"}}],"inLanguage":"de"},{"@type":"Organization","@id":"https:\/\/www.blackturtledive.com\/de\/#organization","name":"Black Turtle Dive Koh Tao","alternateName":"Black Turtle Dive","url":"https:\/\/www.blackturtledive.com\/de\/","logo":{"@type":"ImageObject","inLanguage":"de","@id":"https:\/\/www.blackturtledive.com\/de\/#\/schema\/logo\/image\/","url":"https:\/\/www.blackturtledive.com\/wp-content\/uploads\/2020\/11\/cropped-blackturtledive.com-brand-logo.png","contentUrl":"https:\/\/www.blackturtledive.com\/wp-content\/uploads\/2020\/11\/cropped-blackturtledive.com-brand-logo.png","width":400,"height":400,"caption":"Black Turtle Dive Koh Tao"},"image":{"@id":"https:\/\/www.blackturtledive.com\/de\/#\/schema\/logo\/image\/"},"sameAs":["https:\/\/www.facebook.com\/blackturtledive","https:\/\/x.com\/blackturtledive","https:\/\/www.instagram.com\/blackturtledive\/","https:\/\/www.youtube.com\/blackturtledive","https:\/\/www.linkedin.com\/company\/blackturtledive\/","https:\/\/www.tumblr.com\/blackturtledive","https:\/\/www.pinterest.com\/blackturtledive\/","https:\/\/www.tiktok.com\/@blackturtledive","https:\/\/www.reddit.com\/user\/blackturtledive\/"],"description":"Black Turtle Dive is a modern and innovative 5 Star Career Development Scuba Diving Center, passionate about the ocean and through training we want to empower you to become a competent and confident scuba diver. Our diving courses equip you with the skills, knowledge and awareness necessary to explore the ocean safely, whilst becoming a passionate advocate and protector of the marine environment. If you have never dived before or are a certified diver and want to develop your skills further, our tailored, bespoke courses and programs will inspire you to become an Ocean advocate. Our scientific based Marine Conservation Internships and training programs, offer aspiring scuba divers and marine conservationists, the best marine conservation internships on Koh Tao. We currently offer students six levels of Marine Conservation Internships at our beachside location on Koh Tao in Thailand. Check out our website for more information.","email":"info@blackturtledive.com","telephone":"089 592 2134","legalName":"Black Turtle Dive Co Ltd","foundingDate":"2020-01-01","publishingPrinciples":"https:\/\/www.blackturtledive.com\/terms\/","ownershipFundingInfo":"https:\/\/www.blackturtledive.com\/terms\/","actionableFeedbackPolicy":"https:\/\/www.blackturtledive.com\/privacy-policy\/","correctionsPolicy":"https:\/\/www.blackturtledive.com\/privacy-policy\/","ethicsPolicy":"https:\/\/www.blackturtledive.com\/privacy-policy\/","diversityPolicy":"https:\/\/www.blackturtledive.com\/privacy-policy\/"}]}},"_links":{"self":[{"href":"https:\/\/www.blackturtledive.com\/de\/wp-json\/wp\/v2\/pages\/18607","targetHints":{"allow":["GET"]}}],"collection":[{"href":"https:\/\/www.blackturtledive.com\/de\/wp-json\/wp\/v2\/pages"}],"about":[{"href":"https:\/\/www.blackturtledive.com\/de\/wp-json\/wp\/v2\/types\/page"}],"author":[{"embeddable":true,"href":"https:\/\/www.blackturtledive.com\/de\/wp-json\/wp\/v2\/users\/2"}],"replies":[{"embeddable":true,"href":"https:\/\/www.blackturtledive.com\/de\/wp-json\/wp\/v2\/comments?post=18607"}],"version-history":[{"count":3,"href":"https:\/\/www.blackturtledive.com\/de\/wp-json\/wp\/v2\/pages\/18607\/revisions"}],"predecessor-version":[{"id":71371,"href":"https:\/\/www.blackturtledive.com\/de\/wp-json\/wp\/v2\/pages\/18607\/revisions\/71371"}],"up":[{"embeddable":true,"href":"https:\/\/www.blackturtledive.com\/de\/wp-json\/wp\/v2\/pages\/18705"}],"wp:featuredmedia":[{"embeddable":true,"href":"https:\/\/www.blackturtledive.com\/de\/wp-json\/wp\/v2\/media\/17958"}],"wp:attachment":[{"href":"https:\/\/www.blackturtledive.com\/de\/wp-json\/wp\/v2\/media?parent=18607"}],"curies":[{"name":"wp","href":"https:\/\/api.w.org\/{rel}","templated":true}]}}