{"id":18608,"date":"2020-12-15T16:30:36","date_gmt":"2020-12-15T09:30:36","guid":{"rendered":"https:\/\/www.blackturtledive.com\/equipment-instructor\/"},"modified":"2026-05-06T07:07:16","modified_gmt":"2026-05-06T00:07:16","slug":"equipment-instructor","status":"publish","type":"page","link":"https:\/\/www.blackturtledive.com\/de\/padi-pro-level\/msdt-program\/equipment-instructor\/","title":{"rendered":"Ausr\u00fcstungs\u2011Instruktor"},"content":{"rendered":"<div class=\"wpb-content-wrapper\"><p>[vc_row][vc_column][vc_column_text css=&#8220;&#8220;]Der PADI Deep Instructor Specialty bef\u00e4higt PADI-Professionals, Taucher bis zur Freizeitgrenze von 40 Metern zu zertifizieren, und vermittelt die fortgeschrittene Physik sowie Physiologie des Tieftauchens.<\/p>\n<p>Dieser Kurs bereitet Instruktoren darauf vor, die Risiken von Stickstoffnarkose und gesteigertem Luftverbrauch in der Tiefe zu managen und Sch\u00fcler in einer Umgebungen mit hohem Risiko zu betreuen.<\/p>\n<p>Training an Koh Taos tiefen Pinnacles stellt sicher, dass Sie Sch\u00fclern das Planen von Notdekompressionsma\u00dfnahmen und das effektive \u00dcberwachen von Gasreserven an den Grenzen des Freizeittauchens beibringen k\u00f6nnen.<\/p>\n<h3><span style=\"color: #28d4ff;\">Werde PADI Tiefstaucher Spezialausbilder auf Koh Tao<\/span><\/h3>\n<p>Du erinnerst dich wahrscheinlich an das erste Mal, als du das Bed\u00fcrfnis versp\u00fcrt hast, tiefer zu tauchen, als es deine Open Water-Zertifizierung zulie\u00df.<\/p>\n<p>Das Tauchen \u00fcber das maximale Tiefenlimit von 18 Metern des <a href=\"https:\/\/www.blackturtledive.com\/padi-diving-courses\/open-water-course\/\">Open Water Kurses<\/a> hinaus erm\u00f6glicht es dir, aufregende neue <a href=\"https:\/\/www.blackturtledive.com\/koh-tao-dive-sites\/\">Tauchpl\u00e4tze<\/a> wie tiefere Teile von <a href=\"https:\/\/www.blackturtledive.com\/conservation\/marine-conservation-courses\/coral-reef-conservation-diver\/\">Korallenriffen<\/a>, <a href=\"https:\/\/www.blackturtledive.com\/koh-tao-dive-sites\/htms-sattakut\/\">Schiffwracks<\/a>, Felsspitzen und W\u00e4nde zu erkunden.<\/p>\n<p>Taucher sind neugierige und abenteuerlustige Menschen, und es ist nur nat\u00fcrlich, dass es eine Zeit kommt, in der wir <a href=\"https:\/\/www.blackturtledive.com\/blog\/10-interesting-facts-about-koh-tao-dive-sites\/\">tiefergelegene Tauchpl\u00e4tze<\/a> erkunden m\u00f6chten, um etwas zu erleben, das ein<a href=\"https:\/\/www.blackturtledive.com\/koh-tao-dive-sites\/mango-bay\/\"> flacher Tauchplatz<\/a> nicht bieten kann.<\/p>\n<p>Ein PADI <a href=\"https:\/\/www.blackturtledive.com\/padi-pro-level\/\">Tauchlehrer<\/a> wird wissen, dass diese Erwartung und Aufregung des Unbekannten f\u00fcr seine <a href=\"https:\/\/www.blackturtledive.com\/experience-programs\/padi-discover-scuba-diving\/\">Sch\u00fcler<\/a> nicht anders ist.<\/p>\n<h3>Lerne, den PADI Tiefstaucher Spezialkurs an Sch\u00fcler zu unterrichten<\/h3>\n<p>PADI Ausbilder sind Lehrer, die leidenschaftlich f\u00fcr den Ozean sind, und es ist nur nat\u00fcrlich, dass Sch\u00fcler die M\u00f6glichkeit haben, ihr Potenzial zu erkunden und innerhalb der Grenzen des Freizeit-<a href=\"https:\/\/www.blackturtledive.com\/padi-diving-courses\/\">tauchens<\/a> tiefer zu tauchen.<\/p>\n<p>Unser PADI Tiefstaucher Spezialausbilder Kurs vermittelt dir das notwendige Wissen und die F\u00e4higkeiten, um den <a href=\"https:\/\/www.blackturtledive.com\/padi-specialty-courses\/deep-diver\/\">PADI Tiefstaucher Spezialkurs<\/a> an studentische Taucher zu unterrichten, der einer der beliebtesten PADI <a href=\"https:\/\/www.blackturtledive.com\/padi-specialty-courses\/\">Spezialkurse<\/a> ist.<\/p>\n<p>W\u00e4hrend des PADI Tiefstaucher Ausbilderkurses lernst du, wie du Taucher im Umgang mit der notwendigen Ausr\u00fcstung zur Unterst\u00fctzung von Tiefwassertauchaktivit\u00e4ten anleiten und korrekte Protokolle f\u00fcr Tiefstaucher unter Ber\u00fccksichtigung von Zeit- und Tiefenlimits f\u00f6rdern kannst.<\/p>\n<p>Unsere <span style=\"color: #28d4ff;\">Tiefstaucher<\/span> Ausbilder Spezialkurs <span style=\"color: #28d4ff;\"><em>Philosophie<\/em><\/span> konzentriert sich darauf, <em>kluge Entscheidungen f\u00fcr ein stressfreies Tiefen Taucherlebnis zu treffen, wobei der Schwerpunkt auf Sicherheit liegt.<\/em><\/p>\n<p><a class=\"fasc-button fasc-size-large fasc-type-flat\" style=\"background-color: #33809e; color: #ffffff;\" href=\"https:\/\/www.blackturtledive.com\/diving-course-prices\/\">JETZT BUCHEN<\/a><\/p>\n<h3><span style=\"color: #28d4ff;\">Im Inbegriff des Koh Tao Deep Diver Instructor Specialty-Kurses<\/span><\/h3>\n<ul>\n<li>2 Open-Water-Deep-Trainingstauchg\u00e4nge<\/li>\n<li>Leihgabe s\u00e4mtlicher <a href=\"https:\/\/www.blackturtledive.com\/padi-pro-level\/msdt-program\/equipment-instructor\/\">Tauchausr\u00fcstung<\/a><\/li>\n<li>KOSTENLOSE Nutzung eines Tauchcomputers<\/li>\n<li><a href=\"https:\/\/www.blackturtledive.com\/about-us\/\">Black Turtle Dive<\/a> Kunden- (und Umwelt-) Versprechen<\/li>\n<\/ul>\n<h3>Zulassungsvoraussetzungen f\u00fcr den PADI Deep Diver Specialty-Kurs<\/h3>\n<ul>\n<li>Mindestens PADI <a href=\"https:\/\/www.blackturtledive.com\/padi-pro-level\/dive-instructor-course\/\">Open Water Scuba Instructor<\/a> sein oder derzeit an einem IDC\/OWSI-Programm teilnehmen bzw. dieses innerhalb der letzten 12 Monate abgeschlossen haben.<\/li>\n<li>IDC\/OWSI-Kandidaten k\u00f6nnen die Specialty-Instructor-Zertifizierung erst nach erfolgreichem Abschluss einer <a href=\"https:\/\/idckohtao.com\/padi-ie\/\" target=\"_blank\" rel=\"noopener\">PADI IE<\/a> beantragen.<\/li>\n<li>Aktuelle Taucherfahrung \u2013 wir empfehlen eine <a href=\"https:\/\/www.blackturtledive.com\/padi-diving-courses\/scuba-review\/\">Auffrischung<\/a>, wenn Sie seit 12 Monaten nicht getaucht haben.<\/li>\n<li><a href=\"https:\/\/www.blackturtledive.com\/wp-content\/uploads\/2020\/11\/blackturtledive.com-PADI-Diver-student-Medical-Form.pdf\" target=\"_blank\" rel=\"noopener\">Medizinisch tauchtauglich<\/a> sein.<\/li>\n<\/ul>\n<p>Nach erfolgreichem Abschluss aller Kursanforderungen m\u00fcssen Sie den Nachweis \u00fcber 10 geloggte Open-Water-Tauchg\u00e4nge unter 18 Metern erbringen.<\/p>\n<h3>1-t\u00e4giger PADI Deep Diver Instructor Specialty-Kurs<\/h3>\n<p>Der Kurs besteht aus zwei Abschnitten:<\/p>\n<ul>\n<li>Wissensvermittlung<\/li>\n<li>Open-Water-Training \u2013 2 Deep-Diver-Trainingstauchg\u00e4nge<\/li>\n<\/ul>\n<p><a class=\"fasc-button fasc-size-large fasc-type-flat\" style=\"background-color: #33809e; color: #ffffff;\" href=\"https:\/\/www.blackturtledive.com\/diving-course-prices\/\">JETZT BUCHEN<\/a><\/p>\n<p>Bei <a href=\"https:\/\/www.blackturtledive.com\/about-us\/our-customer-promise\/\">Black Turtle Dive<\/a> nehmen wir unser Kundenversprechen sehr ernst. Alle Kurse werden mit maximal 4 Sch\u00fclern pro PADI-Instructor durchgef\u00fchrt.<\/p>\n<p>Unsere <a href=\"https:\/\/www.blackturtledive.com\/padi-pro-level\/idc-staff-instructor-course\/\">Tauchlehrer<\/a> sind hochqualifiziert und sorgen daf\u00fcr, dass Sie viel Aufmerksamkeit erhalten und vor allem in Ihrem eigenen Tempo in entspannter Umgebung Fortschritte machen.<\/p>\n<p>W\u00e4hrend Ihrer Ausbildung bauen wir schrittweise Ihr Vertrauen und Ihre F\u00e4higkeiten auf, damit Sie die Fertigkeiten entwickeln, um ein kompetenter PADI Deep Diver Instructor zu werden.<\/p>\n<h3><span style=\"color: #28d4ff;\">Zeitplan des Koh Tao PADI Deep Diver Instructor Kurses<\/span><\/h3>\n<p>Der Zeitplan des PADI Deep Diver Instructor Specialty-Kurses bei <a href=\"https:\/\/www.blackturtledive.com\/de\/\">Black Turtle Dive<\/a> ist flexibel und kann an Ihre pers\u00f6nlichen Bed\u00fcrfnisse und Zeitrahmen angepasst werden.<\/p>\n<p>Er wird h\u00e4ufig als Teil eines Multi-Instructor-Specialty-Programms wie unserem <a href=\"https:\/\/www.blackturtledive.com\/padi-pro-level\/msdt-program\/\">MSDT-Programm<\/a> angeboten.&nbsp;<\/p>\n<p>Bei Sonderw\u00fcnschen kontaktieren Sie uns gern per <a href=\"https:\/\/www.blackturtledive.com\/contact-us\/\">E-Mail<\/a> oder \u00fcber eine der Messenger-Apps auf dieser Seite.<\/p>\n<h3>PADI Deep Diver Instructor Specialty-Kurskosten: 4.000 Baht<\/h3>\n<p>Tag 1:<\/p>\n<p>09.00 \u2013 11.30: Orientierung &amp; Wissensvermittlung<br \/>\n12.30 \u2013 17.00: Deep-Diver-Instructor-Trainingstauchg\u00e4nge 1 &amp; 2 &nbsp;<\/p>\n<p>Sie sind jetzt zertifizierter PADI Deep Specialty Instructor.<\/p>\n<p><a class=\"fasc-button fasc-size-large fasc-type-flat\" style=\"background-color: #33809e; color: #ffffff;\" href=\"https:\/\/www.blackturtledive.com\/diving-course-prices\/\">JETZT BUCHEN<\/a><\/p>\n<h3>PADI Deep Diver Specialty Instructor Kursinformationen<\/h3>\n<p><span style=\"color: #28d4ff;\">Deep Diver Specialty Wissensentwicklung<\/span><\/p>\n<p>Der PADI Deep Diver Specialty Instructor Kurs besteht aus 2 Trainings-Tauchg\u00e4ngen an tieferen Tauchpl\u00e4tzen rund um <a href=\"https:\/\/www.blackturtledive.com\/koh-tao\/\">Koh Tao<\/a>.<\/p>\n<p>Es gibt auch einen Wissensentwicklungsabschnitt, der vor den Trainings-Tauchg\u00e4ngen durchgef\u00fchrt wird.&nbsp;<\/p>\n<p>W\u00e4hrend des Wissensentwicklungsabschnitts m\u00fcssen Sie Folgendes abschlie\u00dfen:<\/p>\n<ul>\n<li>F\u00fchren Sie eine Wissenspr\u00e4sentation aus dem PADI Deep Diver Specialty Handbuch durch, indem Sie eine verpasste Frage aus der Wissens\u00fcberpr\u00fcfung lehrplanm\u00e4\u00dfig erkl\u00e4ren.<\/li>\n<li>\u00dcberpr\u00fcfen und verstehen Sie den Zweck und die Ziele des PADI Deep Diver Specialty Kurses.<\/li>\n<li>\u00dcberpr\u00fcfen und erkl\u00e4ren Sie die Standards und Verfahren des Deep Diver Kurses aus dem PADI Specialty Course Instructor Guide und listen Sie alle Anforderungen an die Ausr\u00fcstung von Sch\u00fclern und Ausbildern auf.<\/li>\n<li>Demonstrieren Sie die Beherrschung aller Wissensentwicklungen.<\/li>\n<li>Beschreiben Sie, wie Sie alle Kurssegmente auf eine Weise durchf\u00fchren k\u00f6nnen, die es den Tauchern erm\u00f6glicht, die Leistungsanforderungen des Kurses zu erf\u00fcllen.<\/li>\n<li>Teilnehmen an einem Marketing- und Werbe-Workshop, in dem Sie Techniken erlernen, um die Deep Specialty Diver Kurse Ihren Sch\u00fclern und der \u00d6ffentlichkeit zu f\u00f6rdern.<\/li>\n<li>Teilnehmen an einem Preis-Workshop.<\/li>\n<\/ul>\n<h3><span style=\"color: #28d4ff;\">Deep Diver Specialty Freiwassertauchg\u00e4nge<\/span><\/h3>\n<p>Es gibt 4 Deep Freiwassertauchg\u00e4nge, die abgeschlossen werden m\u00fcssen, um als zertifizierter PADI Deep Diver anerkannt zu werden.<\/p>\n<p>W\u00e4hrend des Deep Specialty Instructor Kurses m\u00fcssen Sie alle Leistungsanforderungen dieser 4 Tauchg\u00e4nge \u00fcber mindestens 2 Trainings-Tauchg\u00e4nge abschlie\u00dfen.<\/p>\n<p>Vor den Tauchg\u00e4ngen m\u00fcssen Sie die \u00dcberlegungen zum Freiwassertauchgang des Specialty Diver Kurses erkl\u00e4ren.<\/p>\n<p>W\u00e4hrend der Trainings-Tauchg\u00e4nge m\u00fcssen Sie:<\/p>\n<ul>\n<li>die Beherrschung aller Leistungsanforderungen an Wassertauchf\u00e4higkeiten f\u00fcr den Deep Specialty Diver Kurs demonstrieren.<\/li>\n<li>eine Freiwasserschulungspr\u00e4sentation aus dem Deep Diver Specialty Diver Kurs durchf\u00fchren.<\/li>\n<li>alle Leistungsanforderungen f\u00fcr den Deep Diver Specialty Diver Freiwassertauchgang demonstrieren.<\/li>\n<\/ul>\n<p>Nach Abschluss aller Leistungsanforderungen erhalten Sie eine Zertifizierung als PADI Deep Diver Specialty Instructor.<\/p>\n<h3>2026 PADI Fees &nbsp;<\/h3>\n<p>PADI Deep Specialty Instructor Antragsgeb\u00fchr: A$145<\/p>\n<p><a class=\"fasc-button fasc-size-large fasc-type-flat\" style=\"background-color: #33809e; color: #ffffff;\" href=\"https:\/\/www.blackturtledive.com\/diving-course-prices\/\">JETZT BUCHEN<\/a><\/p>\n<h3>PADI-Unterlagen<\/h3>\n<p>Bitte bringen Sie Ihr&nbsp;<span style=\"color: #28d4ff;\">PADI Specialty Course Instructor Handbuch<\/span> mit.<\/p>\n<p>Sie ben\u00f6tigen ebenfalls eine Kopie des PADI Instructor Handbuchs, das kostenlos f\u00fcr alle erneuerten PADI Mitglieder zum Download auf&nbsp;<a href=\"https:\/\/www.padi.com\/mypadi\/\" target=\"_blank\" rel=\"noopener\">www.padi.com\/mypadi<\/a> verf\u00fcgbar ist[\/vc_column_text][\/vc_column][\/vc_row]<\/p>\n<\/div>","protected":false},"excerpt":{"rendered":"<p>Der PADI Equipment Specialty Instrucktor Kurs auf Koh Tao lehrt SIE, wie Sie Sch\u00fclern Wissen und praktische Fertigkeiten im Umgang mit Tauchausr\u00fcstung vermitteln.<\/p>\n","protected":false},"author":2,"featured_media":18101,"parent":18705,"menu_order":0,"comment_status":"closed","ping_status":"closed","template":"","meta":{"_acf_changed":false,"footnotes":""},"class_list":["post-18608","page","type-page","status-publish","has-post-thumbnail","hentry"],"acf":[],"yoast_head":"<!-- This site is optimized with the Yoast SEO Premium plugin v27.6 (Yoast SEO v27.6) - https:\/\/yoast.com\/product\/yoast-seo-premium-wordpress\/ -->\n<title>AWARE Fish ID\u2011Instruktor Kurs Koh Tao<\/title>\n<meta name=\"description\" content=\"Die PADI Equipment Specialist Instructor-Zertifizierung berechtigt Fachleute zur Durchf\u00fchrung von Trockenworkshops zu Tauchausr\u00fcstungstheorie, Reparaturen im Feld und Wartung.\" \/>\n<meta name=\"robots\" content=\"index, follow, max-snippet:-1, max-image-preview:large, max-video-preview:-1\" \/>\n<link rel=\"canonical\" href=\"https:\/\/www.blackturtledive.com\/de\/padi-pro-level\/msdt-program\/equipment-instructor\/\" \/>\n<meta property=\"og:locale\" content=\"de_DE\" \/>\n<meta property=\"og:type\" content=\"article\" \/>\n<meta property=\"og:title\" content=\"\u00a0PADI Equipment Specialty Instructor Course Koh Tao\" \/>\n<meta property=\"og:description\" content=\"PADI Equipment Specialty Instructor course Koh Tao teaches YOU how to teach students knowledge development and practical skill development on scuba equipment\" \/>\n<meta property=\"og:url\" content=\"https:\/\/www.blackturtledive.com\/de\/padi-pro-level\/msdt-program\/equipment-instructor\/\" \/>\n<meta property=\"og:site_name\" content=\"Black Turtle Dive Koh Tao\" \/>\n<meta property=\"article:publisher\" content=\"https:\/\/www.facebook.com\/blackturtledive\" \/>\n<meta property=\"article:modified_time\" content=\"2026-05-06T00:07:16+00:00\" \/>\n<meta property=\"og:image\" content=\"https:\/\/www.blackturtledive.com\/wp-content\/uploads\/2020\/12\/blackturtledive.com-equipment-specialty-course-koh-tao.jpg\" \/>\n\t<meta property=\"og:image:width\" content=\"1000\" \/>\n\t<meta property=\"og:image:height\" content=\"662\" \/>\n\t<meta property=\"og:image:type\" content=\"image\/jpeg\" \/>\n<meta name=\"twitter:card\" content=\"summary_large_image\" \/>\n<meta name=\"twitter:title\" content=\"\u00a0PADI Equipment Specialty Instructor Course Koh Tao\" \/>\n<meta name=\"twitter:description\" content=\"PADI Equipment Specialty Instructor course Koh Tao teaches YOU how to teach students knowledge development and practical skill development on scuba equipment\" \/>\n<meta name=\"twitter:image\" content=\"https:\/\/www.blackturtledive.com\/wp-content\/uploads\/2020\/12\/blackturtledive.com-equipment-specialty-course-koh-tao.jpg\" \/>\n<meta name=\"twitter:site\" content=\"@blackturtledive\" \/>\n<meta name=\"twitter:label1\" content=\"Gesch\u00e4tzte Lesezeit\" \/>\n\t<meta name=\"twitter:data1\" content=\"5\u00a0Minuten\" \/>\n<!-- \/ Yoast SEO Premium plugin. -->","yoast_head_json":{"title":"AWARE Fish ID\u2011Instruktor Kurs Koh Tao","description":"Die PADI Equipment Specialist Instructor-Zertifizierung berechtigt Fachleute zur Durchf\u00fchrung von Trockenworkshops zu Tauchausr\u00fcstungstheorie, Reparaturen im Feld und Wartung.","robots":{"index":"index","follow":"follow","max-snippet":"max-snippet:-1","max-image-preview":"max-image-preview:large","max-video-preview":"max-video-preview:-1"},"canonical":"https:\/\/www.blackturtledive.com\/de\/padi-pro-level\/msdt-program\/equipment-instructor\/","og_locale":"de_DE","og_type":"article","og_title":"\u00a0PADI Equipment Specialty Instructor Course Koh Tao","og_description":"PADI Equipment Specialty Instructor course Koh Tao teaches YOU how to teach students knowledge development and practical skill development on scuba equipment","og_url":"https:\/\/www.blackturtledive.com\/de\/padi-pro-level\/msdt-program\/equipment-instructor\/","og_site_name":"Black Turtle Dive Koh Tao","article_publisher":"https:\/\/www.facebook.com\/blackturtledive","article_modified_time":"2026-05-06T00:07:16+00:00","og_image":[{"width":1000,"height":662,"url":"https:\/\/www.blackturtledive.com\/wp-content\/uploads\/2020\/12\/blackturtledive.com-equipment-specialty-course-koh-tao.jpg","type":"image\/jpeg"}],"twitter_card":"summary_large_image","twitter_title":"\u00a0PADI Equipment Specialty Instructor Course Koh Tao","twitter_description":"PADI Equipment Specialty Instructor course Koh Tao teaches YOU how to teach students knowledge development and practical skill development on scuba equipment","twitter_image":"https:\/\/www.blackturtledive.com\/wp-content\/uploads\/2020\/12\/blackturtledive.com-equipment-specialty-course-koh-tao.jpg","twitter_site":"@blackturtledive","twitter_misc":{"Gesch\u00e4tzte Lesezeit":"5\u00a0Minuten"},"schema":{"@context":"https:\/\/schema.org","@graph":[{"@type":"WebPage","@id":"https:\/\/www.blackturtledive.com\/de\/padi-pro-level\/msdt-program\/equipment-instructor\/","url":"https:\/\/www.blackturtledive.com\/de\/padi-pro-level\/msdt-program\/equipment-instructor\/","name":"AWARE Fish ID\u2011Instruktor Kurs Koh Tao","isPartOf":{"@id":"https:\/\/www.blackturtledive.com\/de\/#website"},"primaryImageOfPage":{"@id":"https:\/\/www.blackturtledive.com\/de\/padi-pro-level\/msdt-program\/equipment-instructor\/#primaryimage"},"image":{"@id":"https:\/\/www.blackturtledive.com\/de\/padi-pro-level\/msdt-program\/equipment-instructor\/#primaryimage"},"thumbnailUrl":"https:\/\/www.blackturtledive.com\/wp-content\/uploads\/2020\/12\/blackturtledive.com-equipment-specialty-course-koh-tao.jpg","datePublished":"2020-12-15T09:30:36+00:00","dateModified":"2026-05-06T00:07:16+00:00","description":"Die PADI Equipment Specialist Instructor-Zertifizierung berechtigt Fachleute zur Durchf\u00fchrung von Trockenworkshops zu Tauchausr\u00fcstungstheorie, Reparaturen im Feld und Wartung.","breadcrumb":{"@id":"https:\/\/www.blackturtledive.com\/de\/padi-pro-level\/msdt-program\/equipment-instructor\/#breadcrumb"},"inLanguage":"de","potentialAction":[{"@type":"ReadAction","target":["https:\/\/www.blackturtledive.com\/de\/padi-pro-level\/msdt-program\/equipment-instructor\/"]}]},{"@type":"ImageObject","inLanguage":"de","@id":"https:\/\/www.blackturtledive.com\/de\/padi-pro-level\/msdt-program\/equipment-instructor\/#primaryimage","url":"https:\/\/www.blackturtledive.com\/wp-content\/uploads\/2020\/12\/blackturtledive.com-equipment-specialty-course-koh-tao.jpg","contentUrl":"https:\/\/www.blackturtledive.com\/wp-content\/uploads\/2020\/12\/blackturtledive.com-equipment-specialty-course-koh-tao.jpg","width":1000,"height":662,"caption":"PADI Equipment Specialty Course Koh Tao"},{"@type":"BreadcrumbList","@id":"https:\/\/www.blackturtledive.com\/de\/padi-pro-level\/msdt-program\/equipment-instructor\/#breadcrumb","itemListElement":[{"@type":"ListItem","position":1,"name":"Home","item":"https:\/\/www.blackturtledive.com\/de\/"},{"@type":"ListItem","position":2,"name":"PADI-Pro Stufe","item":"https:\/\/www.blackturtledive.com\/de\/padi-pro-level\/"},{"@type":"ListItem","position":3,"name":"MSDTProgramm","item":"https:\/\/www.blackturtledive.com\/de\/padi-pro-level\/msdt-program\/"},{"@type":"ListItem","position":4,"name":"Ausr\u00fcstungs\u2011Instruktor"}]},{"@type":"WebSite","@id":"https:\/\/www.blackturtledive.com\/de\/#website","url":"https:\/\/www.blackturtledive.com\/de\/","name":"Black Turtle Dive Koh Tao","description":"Ocean Explorers | Marine Protectors","publisher":{"@id":"https:\/\/www.blackturtledive.com\/de\/#organization"},"alternateName":"Black Turtle Dive in Thailand","potentialAction":[{"@type":"SearchAction","target":{"@type":"EntryPoint","urlTemplate":"https:\/\/www.blackturtledive.com\/de\/?s={search_term_string}"},"query-input":{"@type":"PropertyValueSpecification","valueRequired":true,"valueName":"search_term_string"}}],"inLanguage":"de"},{"@type":"Organization","@id":"https:\/\/www.blackturtledive.com\/de\/#organization","name":"Black Turtle Dive Koh Tao","alternateName":"Black Turtle Dive","url":"https:\/\/www.blackturtledive.com\/de\/","logo":{"@type":"ImageObject","inLanguage":"de","@id":"https:\/\/www.blackturtledive.com\/de\/#\/schema\/logo\/image\/","url":"https:\/\/www.blackturtledive.com\/wp-content\/uploads\/2020\/11\/cropped-blackturtledive.com-brand-logo.png","contentUrl":"https:\/\/www.blackturtledive.com\/wp-content\/uploads\/2020\/11\/cropped-blackturtledive.com-brand-logo.png","width":400,"height":400,"caption":"Black Turtle Dive Koh Tao"},"image":{"@id":"https:\/\/www.blackturtledive.com\/de\/#\/schema\/logo\/image\/"},"sameAs":["https:\/\/www.facebook.com\/blackturtledive","https:\/\/x.com\/blackturtledive","https:\/\/www.instagram.com\/blackturtledive\/","https:\/\/www.youtube.com\/blackturtledive","https:\/\/www.linkedin.com\/company\/blackturtledive\/","https:\/\/www.tumblr.com\/blackturtledive","https:\/\/www.pinterest.com\/blackturtledive\/","https:\/\/www.tiktok.com\/@blackturtledive","https:\/\/www.reddit.com\/user\/blackturtledive\/"],"description":"Black Turtle Dive is a modern and innovative 5 Star Career Development Scuba Diving Center, passionate about the ocean and through training we want to empower you to become a competent and confident scuba diver. Our diving courses equip you with the skills, knowledge and awareness necessary to explore the ocean safely, whilst becoming a passionate advocate and protector of the marine environment. If you have never dived before or are a certified diver and want to develop your skills further, our tailored, bespoke courses and programs will inspire you to become an Ocean advocate. Our scientific based Marine Conservation Internships and training programs, offer aspiring scuba divers and marine conservationists, the best marine conservation internships on Koh Tao. We currently offer students six levels of Marine Conservation Internships at our beachside location on Koh Tao in Thailand. Check out our website for more information.","email":"info@blackturtledive.com","telephone":"089 592 2134","legalName":"Black Turtle Dive Co Ltd","foundingDate":"2020-01-01","publishingPrinciples":"https:\/\/www.blackturtledive.com\/terms\/","ownershipFundingInfo":"https:\/\/www.blackturtledive.com\/terms\/","actionableFeedbackPolicy":"https:\/\/www.blackturtledive.com\/privacy-policy\/","correctionsPolicy":"https:\/\/www.blackturtledive.com\/privacy-policy\/","ethicsPolicy":"https:\/\/www.blackturtledive.com\/privacy-policy\/","diversityPolicy":"https:\/\/www.blackturtledive.com\/privacy-policy\/"}]}},"_links":{"self":[{"href":"https:\/\/www.blackturtledive.com\/de\/wp-json\/wp\/v2\/pages\/18608","targetHints":{"allow":["GET"]}}],"collection":[{"href":"https:\/\/www.blackturtledive.com\/de\/wp-json\/wp\/v2\/pages"}],"about":[{"href":"https:\/\/www.blackturtledive.com\/de\/wp-json\/wp\/v2\/types\/page"}],"author":[{"embeddable":true,"href":"https:\/\/www.blackturtledive.com\/de\/wp-json\/wp\/v2\/users\/2"}],"replies":[{"embeddable":true,"href":"https:\/\/www.blackturtledive.com\/de\/wp-json\/wp\/v2\/comments?post=18608"}],"version-history":[{"count":2,"href":"https:\/\/www.blackturtledive.com\/de\/wp-json\/wp\/v2\/pages\/18608\/revisions"}],"predecessor-version":[{"id":71394,"href":"https:\/\/www.blackturtledive.com\/de\/wp-json\/wp\/v2\/pages\/18608\/revisions\/71394"}],"up":[{"embeddable":true,"href":"https:\/\/www.blackturtledive.com\/de\/wp-json\/wp\/v2\/pages\/18705"}],"wp:featuredmedia":[{"embeddable":true,"href":"https:\/\/www.blackturtledive.com\/de\/wp-json\/wp\/v2\/media\/18101"}],"wp:attachment":[{"href":"https:\/\/www.blackturtledive.com\/de\/wp-json\/wp\/v2\/media?parent=18608"}],"curies":[{"name":"wp","href":"https:\/\/api.w.org\/{rel}","templated":true}]}}