{"id":18609,"date":"2020-12-15T16:28:41","date_gmt":"2020-12-15T09:28:41","guid":{"rendered":"https:\/\/www.blackturtledive.com\/dpv-instructor\/"},"modified":"2026-05-06T07:00:27","modified_gmt":"2026-05-06T00:00:27","slug":"dpv-instructor","status":"publish","type":"page","link":"https:\/\/www.blackturtledive.com\/de\/padi-pro-level\/msdt-program\/dpv-instructor\/","title":{"rendered":"DPV\u2011Instruktor"},"content":{"rendered":"<div class=\"wpb-content-wrapper\"><p>[vc_row][vc_column][vc_column_text css=&#8220;&#8220;]Der PADI Diver Propulsion Vehicle (DPV) Instructor-Kurs qualifiziert PADI-Professionals dazu, Sch\u00fcler im sicheren Betrieb, in der Wartung und im Man\u00f6vrieren von Unterwasser-Scootern zu unterrichten.<\/p>\n<p>Instruktoren lernen, die Sicherheit der Sch\u00fcler beim Scooten zu gew\u00e4hrleisten, mit Schwerpunkt auf Auf- und Abstiegskontrolle, Batterielogistik und Notbergungs-\/Abschleppverfahren in den wechselnden Str\u00f6mungen von Koh Tao.<\/p>\n<p>Das Vermitteln von DPV-Fertigkeiten bei Black Turtle Dive erm\u00f6glicht Ihnen, Sch\u00fcler in hochmobilen Tauchtechniken zu zertifizieren \u2014 eine gefragte F\u00e4higkeit bei Unterwasserfotografen und Technical-Tauchern, die gr\u00f6\u00dfere Riffbereiche pro Tauchgang abdecken m\u00f6chten.<\/p>\n<h3><span style=\"color: #28d4ff;\">Werden Sie PADI Diver Propulsion Vehicle Instructor<\/span><\/h3>\n<p>Unterwassertreter sind eine gro\u00dfartige M\u00f6glichkeit, sich an gr\u00f6\u00dferen <a href=\"https:\/\/www.blackturtledive.com\/koh-tao-dive-sites\/\">Tauchpl\u00e4tzen<\/a> fortzubewegen, da sie Ihnen erm\u00f6glichen, <a href=\"https:\/\/www.blackturtledive.com\/blog\/10-interesting-facts-about-koh-tao-dive-sites\/\">mehr vom Tauchplatz zu sehen<\/a>, w\u00e4hrend Sie minimal Energie und Luft verbrauchen.<\/p>\n<p>Sie machen auch viel Spa\u00df, und der <a href=\"https:\/\/www.blackturtledive.com\/padi-specialty-courses\/dpv-diver\/\">DPV Specialty Kurs<\/a> l\u00e4sst sich leicht an Ihre <a href=\"https:\/\/www.blackturtledive.com\/blog\/start-your-padi-diving-course-with-e-learning\/\">Sch\u00fclertaucher<\/a> vermarkten.<\/p>\n<p>Im PADI Diver Propulsion Vehicle Instructor Specialty Kurs lernen Sie, wie Sie Ihren Sch\u00fclern beibringen, wie man ein Diver Propulsion Vehicle verwendet.<\/p>\n<p>Der Instructor-Kurs umfasst Lernmodule zu DPV-Wartung, Transport und DPV-Tauchplanung und -sicherheit.<\/p>\n<h3>Lernen Sie, wie man Sch\u00fclertaucher in der Verwendung von DPV Unterwassertrettern unterrichtet.<\/h3>\n<p>Sie werden Ihren Sch\u00fclern auch die richtigen Steuerungstechniken beim Tauchen mit einem DPV beibringen, nicht nur zu ihrer Sicherheit, sondern auch um zu verhindern, dass das empfindliche <a href=\"https:\/\/www.blackturtledive.com\/conservation\/marine-conservation-courses\/\">marine \u00d6kosystem<\/a> besch\u00e4digt wird.<\/p>\n<p>Sie werden Ihre Sch\u00fcler auch darin beraten, wie man sicher mit <a href=\"https:\/\/www.blackturtledive.com\/koh-tao-marine-life\/\">Meereslebewesen<\/a> interagiert, wenn man mit einem DPV taucht.<\/p>\n<p>Die Philosophie des PADI Diver Propulsion Vehicle Specialty Kurses besteht darin, das Abenteuer zu verl\u00e4ngern: weiter gehen, l\u00e4nger bleiben und mehr bei all Ihren Tauchg\u00e4ngen mit einem Unterwasserantriebssystem sehen.<\/p>\n<p>Der einzige Nachteil beim <a href=\"https:\/\/www.blackturtledive.com\/padi-diving-courses\/\">Lernen, wie man taucht<\/a> mit einem DPV ist, dass Ihre Sch\u00fcler, wenn sie anfangen, sie zu benutzen, nicht mehr aufh\u00f6ren wollen.<\/p>\n<p><a class=\"fasc-button fasc-size-large fasc-type-flat\" style=\"background-color: #33809e; color: #ffffff;\" href=\"https:\/\/www.blackturtledive.com\/diving-course-prices\/\">JETZT BUCHEN<\/a><\/p>\n<h3><span style=\"color: #28d4ff;\">Im PADI Diver Propulsion Vehicle Instructor Specialty Kurs enthalten:<\/span><\/h3>\n<ul>\n<li>1 DPV Trainingstauchgang<\/li>\n<li>Miete aller <a href=\"https:\/\/www.blackturtledive.com\/padi-specialty-courses\/equipment-specialist\/\">Tauchausr\u00fcstung<\/a> (DPV-Verleih ausgenommen)<\/li>\n<li>KOSTENLOSE Nutzung des Tauchcomputers<\/li>\n<li><a href=\"https:\/\/www.blackturtledive.com\/about-us\/\">Black Turtle Dive<\/a> Kunden- (und <a href=\"https:\/\/www.blackturtledive.com\/wp-content\/uploads\/2020\/12\/blackturtledive.com-our-Environmental-Diving-Pledge.pdf\" target=\"_blank\" rel=\"noopener\">Umwelt<\/a>-) Versprechen<\/li>\n<\/ul>\n<p>Um sich f\u00fcr einen PADI Diver Propulsion Vehicle Instructor Specialty Kurs anzumelden, m\u00fcssen Sie:<\/p>\n<ul>\n<li>Ein PADI <a href=\"https:\/\/www.blackturtledive.com\/padi-pro-level\/dive-instructor-course\/\">Open Water Scuba Instructor<\/a> sein oder derzeit an einem IDC\/OWSI-Programm teilnehmen oder dieses innerhalb der letzten 12 Monate abgeschlossen haben.<\/li>\n<li>IDC\/OWSI-Kandidaten d\u00fcrfen sich nur nach erfolgreichem Abschluss einer IE um eine Specialty Instructor-Zertifizierung bewerben.<\/li>\n<li>\u00dcber aktuelle Taucherfahrung verf\u00fcgen \u2013 wir empfehlen, eine <a href=\"https:\/\/www.blackturtledive.com\/padi-diving-courses\/scuba-review\/\">Tauch\u00fcberpr\u00fcfung<\/a> durchzuf\u00fchren, wenn Sie seit 12 Monaten nicht getaucht sind.<\/li>\n<li>\u00c4rztlich fit zum Tauchen sein.<\/li>\n<\/ul>\n<p>Nach erfolgreichem Abschluss aller Kursanforderungen m\u00fcssen Sie einen Nachweis \u00fcber 10 geloggte Tauchtouren mit einem Diver Propulsion Vehicle erbringen.<\/p>\n<h3>1-t\u00e4giger PADI Diver Propulsion Vehicle Instructor Specialty Kurs<\/h3>\n<p>Der Kurs besteht aus 3 Abschnitten:<\/p>\n<ul>\n<li>Wissensentwicklung<\/li>\n<li>Praktische Anwendungssitzungen<\/li>\n<li>Freiwassertauchen &#8211; 1 Tauchgang mit einem Diver Propulsion Vehicle<\/li>\n<\/ul>\n<p><a class=\"fasc-button fasc-size-large fasc-type-flat\" style=\"background-color: #33809e; color: #ffffff;\" href=\"https:\/\/www.blackturtledive.com\/diving-course-prices\/\">JETZT BUCHEN<\/a><\/p>\n<p>Bei <a href=\"https:\/\/www.blackturtledive.com\/de\/\">Black Turtle Dive<\/a> nehmen wir unser <a href=\"https:\/\/www.blackturtledive.com\/about-us\/our-customer-promise\/\">Kundenversprechen<\/a> sehr ernst. Alle Kurse werden mit maximal 4 Sch\u00fclern pro <a href=\"https:\/\/www.blackturtledive.com\/padi-pro-level\/\">PADI-Instructor<\/a> durchgef\u00fchrt.<\/p>\n<p>Unsere <a href=\"https:\/\/www.blackturtledive.com\/padi-pro-level\/idc-staff-instructor-course\/\">Tauchlehrer<\/a> sind hochqualifiziert und stellen sicher, dass Sie viel Aufmerksamkeit erhalten und vor allem in einer entspannten Umgebung in Ihrem eigenen Tempo Fortschritte machen.<\/p>\n<p>W\u00e4hrend Ihres Trainings werden wir Ihr Vertrauen und Ihre F\u00e4higkeiten langsam aufbauen, w\u00e4hrend Sie die notwendigen F\u00e4higkeiten entwickeln, um ein kompetenter Diver Propulsion Vehicle Instructor zu werden.<\/p>\n<h3><span style=\"color: #28d4ff;\">Zeitplan f\u00fcr den Diver Propulsion Vehicle Instructor Kurs auf Koh Tao<\/span><\/h3>\n<p>Der Zeitplan f\u00fcr den Diver Propulsion Vehicle Instructor Specialty Kurs bei Black Turtle Dive ist flexibel und wir k\u00f6nnen ihn an Ihre pers\u00f6nlichen Bed\u00fcrfnisse und Zeitrahmen anpassen.<\/p>\n<p>Er wird oft als Teil eines Multi-Instructor Specialty Programms wie unserem <a href=\"https:\/\/www.blackturtledive.com\/padi-pro-level\/msdt-program\/\">MSDT-Programm<\/a> geplant.&nbsp;<\/p>\n<p>Bitte z\u00f6gern Sie nicht, uns bei speziellen W\u00fcnschen entweder per <a href=\"https:\/\/www.blackturtledive.com\/contact-us\/\">E-Mail<\/a> oder \u00fcber eine der Messenger-Apps auf dieser Seite zu kontaktieren.&nbsp;<\/p>\n<h3>PADI DPV Instructor Specialty-Kurskosten: 4.000 Baht<\/h3>\n<h3><span style=\"color: #28d4ff;\">Kurszeitplan<\/span><\/h3>\n<p>Tag 1:<\/p>\n<p>09.00 \u2013 11.30: Orientierung &amp; Wissensentwicklung<br \/>\n12.30 \u2013 17.00: Tauchgang mit dem Diver Propulsion Vehicle<\/p>\n<p>Sie sind jetzt ein zertifizierter Diver Propulsion Vehicle Specialty Instructor.<\/p>\n<p><a class=\"fasc-button fasc-size-large fasc-type-flat\" style=\"background-color: #33809e; color: #ffffff;\" href=\"https:\/\/www.blackturtledive.com\/diving-course-prices\/\">JETZT BUCHEN<\/a><\/p>\n<h3>PADI Diver Propulsion Vehicle Specialty Instructor Kursinformationen<\/h3>\n<p><span style=\"color: #28d4ff;\">DPV Instructor Kurs Wissensentwicklung<\/span><\/p>\n<p>Der PADI Diver Propulsion Vehicle Specialty Instructor Kurs besteht aus 1 <a href=\"https:\/\/www.blackturtledive.com\/padi-diving-courses\/open-water-course\/\">Freiwassertauchgang<\/a>.<\/p>\n<p>Es gibt auch einen Wissensentwicklungsabschnitt, der vor den Trainings-Tauchg\u00e4ngen durchgef\u00fchrt wird.&nbsp;<\/p>\n<p>W\u00e4hrend des Wissensentwicklungsabschnitts m\u00fcssen Sie Folgendes abschlie\u00dfen:<\/p>\n<ul>\n<li>F\u00fchren Sie eine Wissenspr\u00e4sentation aus dem PADI Diver Propulsion Vehicle Specialty Handbuch durch, indem Sie eine verpasste Frage aus der Wissens\u00fcberpr\u00fcfung lehrplanm\u00e4\u00dfig erkl\u00e4ren.<\/li>\n<li>\u00dcberpr\u00fcfen und verstehen Sie den Zweck und die Ziele des PADI Diver Propulsion Vehicle Specialty Kurses.<\/li>\n<li>\u00dcberpr\u00fcfen und erkl\u00e4ren Sie die Standards und Verfahren des PADI Diver Propulsion Vehicle Kurses aus dem PADI Specialty Course Instructor Guide und listen Sie alle Anforderungen an die Ausr\u00fcstung von Sch\u00fclern und Ausbildern auf.<\/li>\n<li>Demonstrieren Sie die Beherrschung aller Wissensentwicklungen.<\/li>\n<li>Beschreiben Sie, wie Sie alle Kurssegmente auf eine Weise durchf\u00fchren k\u00f6nnen, die es den Tauchern erm\u00f6glicht, die Leistungsanforderungen des Kurses zu erf\u00fcllen.<\/li>\n<li>Teilnehmen an einem Marketing- und Werbe-Workshop, in dem Sie Techniken erlernen, um den PADI Diver Propulsion Vehicle Specialty Diver Kurs Ihren Sch\u00fclern und der allgemeinen Tauch\u00f6ffentlichkeit zu f\u00f6rdern.<\/li>\n<li>Teilnehmen an einem Preis-Workshop.<\/li>\n<\/ul>\n<h3><span style=\"color: #28d4ff;\">DPV Instructor Kurs Freiwassertauchg\u00e4nge<\/span><\/h3>\n<p>Der Diver Propulsion Vehicle Instructor Kurs besteht aus 1 Trainingstauchgang.<\/p>\n<p>Um ein Diver Propulsion Vehicle Diver zu werden, m\u00fcssen 2 Diver Propulsion Vehicle Trainingstauchg\u00e4nge abgeschlossen werden.<\/p>\n<p>W\u00e4hrend des Diver Propulsion Vehicle Instructor Kurses m\u00fcssen Sie alle Leistungsanforderungen dieser 2 Tauchg\u00e4nge \u00fcber mindestens 1 Trainingstauchgang erf\u00fcllen.<\/p>\n<p>Vor dem Tauchgang m\u00fcssen Sie die \u00dcberlegungen zum PADI Diver Propulsion Vehicle Specialty Diver Kurs <a href=\"https:\/\/www.blackturtledive.com\/fun-diving-koh-tao\/\">Freiwassertraining<\/a> erkl\u00e4ren.<\/p>\n<p>W\u00e4hrend des Freiwassertauchgangs m\u00fcssen Sie:<\/p>\n<ul>\n<li>die Beherrschung aller Leistungsanforderungen an F\u00e4higkeiten f\u00fcr den Diver Propulsion Vehicle Specialty Diver Kurs demonstrieren.<\/li>\n<li>eine Freiwasserschulungspr\u00e4sentation aus dem Diver Propulsion Vehicle Specialty Diver Kurs durchf\u00fchren.<\/li>\n<li>alle Leistungsanforderungen f\u00fcr den Diver Propulsion Vehicle Specialty Diver Freiwassertauchgang demonstrieren.<\/li>\n<\/ul>\n<p>Nach Abschluss aller Leistungsanforderungen erhalten Sie die Zertifizierung als PADI <em><span style=\"color: #28d4ff;\">Diver Propulsion Vehicle Specialty Instructor<\/span><\/em>.<\/p>\n<h3><span style=\"color: #28d4ff;\">PADI-Geb\u00fchren 2026 &nbsp;<\/span><\/h3>\n<p>Antragsgeb\u00fchr f\u00fcr PADI Diver Propulsion Vehicle Specialty Instructor: A$145<\/p>\n<p><a class=\"fasc-button fasc-size-large fasc-type-flat\" style=\"background-color: #33809e; color: #ffffff;\" href=\"https:\/\/www.blackturtledive.com\/diving-course-prices\/\">JETZT BUCHEN<\/a><\/p>\n<h3>PADI Materialien<\/h3>\n<p>Bitte bringen Sie Ihr&nbsp;PADI Specialty Course Instructor Handbuch mit.<\/p>\n<p>Sie ben\u00f6tigen ebenfalls eine Kopie des PADI Instructor Handbuchs, das kostenlos f\u00fcr alle erneuerten PADI Mitglieder zum Download auf&nbsp;<a href=\"https:\/\/www.padi.com\/mypadi\/\" target=\"_blank\" rel=\"noopener\">www.padi.com\/mypadi<\/a> verf\u00fcgbar ist.[\/vc_column_text][\/vc_column][\/vc_row]<\/p>\n<\/div>","protected":false},"excerpt":{"rendered":"<p>Der PADI-Spezialkurs \u201eDiver Propulsion Vehicle Instruktor\u201c auf Koh Tao lehrt SIE, wie Sie Tauchsch\u00fclern den Umgang mit einem Unterwasser-Scooter, bekannt als DPV (Diver Propulsion Vehicle), beibringen.<\/p>\n","protected":false},"author":2,"featured_media":18096,"parent":18705,"menu_order":0,"comment_status":"closed","ping_status":"closed","template":"","meta":{"_acf_changed":false,"footnotes":""},"class_list":["post-18609","page","type-page","status-publish","has-post-thumbnail","hentry"],"acf":[],"yoast_head":"<!-- This site is optimized with the Yoast SEO Premium plugin v27.6 (Yoast SEO v27.6) - https:\/\/yoast.com\/product\/yoast-seo-premium-wordpress\/ -->\n<title>DPV\u2011Instruktor Kurs Koh Tao<\/title>\n<meta name=\"description\" content=\"Der PADI-Spezialkurs \u201eDiver Propulsion Vehicle Instructor\u201c auf Koh Tao lehrt SIE, wie Sie Tauchsch\u00fclern den Umgang mit einem Unterwasser-Scooter, bekannt als DPV (Diver Propulsion Vehicle), beibringen.\" \/>\n<meta name=\"robots\" content=\"index, follow, max-snippet:-1, max-image-preview:large, max-video-preview:-1\" \/>\n<link rel=\"canonical\" href=\"https:\/\/www.blackturtledive.com\/de\/padi-pro-level\/msdt-program\/dpv-instructor\/\" \/>\n<meta property=\"og:locale\" content=\"de_DE\" \/>\n<meta property=\"og:type\" content=\"article\" \/>\n<meta property=\"og:title\" content=\"PADI Diver Propulsion Vehicle Instructor Course Koh Tao\" \/>\n<meta property=\"og:description\" content=\"PADI Diver Propulsion Vehicle Instructor Specialty Course Koh Tao teaches YOU how to teach student divers how to use an underwater scooter known as a DPV\" \/>\n<meta property=\"og:url\" content=\"https:\/\/www.blackturtledive.com\/de\/padi-pro-level\/msdt-program\/dpv-instructor\/\" \/>\n<meta property=\"og:site_name\" content=\"Black Turtle Dive Koh Tao\" \/>\n<meta property=\"article:publisher\" content=\"https:\/\/www.facebook.com\/blackturtledive\" \/>\n<meta property=\"article:modified_time\" content=\"2026-05-06T00:00:27+00:00\" \/>\n<meta property=\"og:image\" content=\"https:\/\/www.blackturtledive.com\/wp-content\/uploads\/2020\/12\/blackturtledive.com-dpv-diver-specialty-koh-tao.jpg\" \/>\n\t<meta property=\"og:image:width\" content=\"1000\" \/>\n\t<meta property=\"og:image:height\" content=\"687\" \/>\n\t<meta property=\"og:image:type\" content=\"image\/jpeg\" \/>\n<meta name=\"twitter:card\" content=\"summary_large_image\" \/>\n<meta name=\"twitter:title\" content=\"PADI Diver Propulsion Vehicle Instructor Course Koh Tao\" \/>\n<meta name=\"twitter:description\" content=\"PADI Diver Propulsion Vehicle Instructor Specialty Course Koh Tao teaches YOU how to teach student divers how to use an underwater scooter known as a DPV\" \/>\n<meta name=\"twitter:image\" content=\"https:\/\/www.blackturtledive.com\/wp-content\/uploads\/2020\/12\/blackturtledive.com-dpv-diver-specialty-koh-tao.jpg\" \/>\n<meta name=\"twitter:site\" content=\"@blackturtledive\" \/>\n<meta name=\"twitter:label1\" content=\"Gesch\u00e4tzte Lesezeit\" \/>\n\t<meta name=\"twitter:data1\" content=\"5\u00a0Minuten\" \/>\n<!-- \/ Yoast SEO Premium plugin. -->","yoast_head_json":{"title":"DPV\u2011Instruktor Kurs Koh Tao","description":"Der PADI-Spezialkurs \u201eDiver Propulsion Vehicle Instructor\u201c auf Koh Tao lehrt SIE, wie Sie Tauchsch\u00fclern den Umgang mit einem Unterwasser-Scooter, bekannt als DPV (Diver Propulsion Vehicle), beibringen.","robots":{"index":"index","follow":"follow","max-snippet":"max-snippet:-1","max-image-preview":"max-image-preview:large","max-video-preview":"max-video-preview:-1"},"canonical":"https:\/\/www.blackturtledive.com\/de\/padi-pro-level\/msdt-program\/dpv-instructor\/","og_locale":"de_DE","og_type":"article","og_title":"PADI Diver Propulsion Vehicle Instructor Course Koh Tao","og_description":"PADI Diver Propulsion Vehicle Instructor Specialty Course Koh Tao teaches YOU how to teach student divers how to use an underwater scooter known as a DPV","og_url":"https:\/\/www.blackturtledive.com\/de\/padi-pro-level\/msdt-program\/dpv-instructor\/","og_site_name":"Black Turtle Dive Koh Tao","article_publisher":"https:\/\/www.facebook.com\/blackturtledive","article_modified_time":"2026-05-06T00:00:27+00:00","og_image":[{"width":1000,"height":687,"url":"https:\/\/www.blackturtledive.com\/wp-content\/uploads\/2020\/12\/blackturtledive.com-dpv-diver-specialty-koh-tao.jpg","type":"image\/jpeg"}],"twitter_card":"summary_large_image","twitter_title":"PADI Diver Propulsion Vehicle Instructor Course Koh Tao","twitter_description":"PADI Diver Propulsion Vehicle Instructor Specialty Course Koh Tao teaches YOU how to teach student divers how to use an underwater scooter known as a DPV","twitter_image":"https:\/\/www.blackturtledive.com\/wp-content\/uploads\/2020\/12\/blackturtledive.com-dpv-diver-specialty-koh-tao.jpg","twitter_site":"@blackturtledive","twitter_misc":{"Gesch\u00e4tzte Lesezeit":"5\u00a0Minuten"},"schema":{"@context":"https:\/\/schema.org","@graph":[{"@type":"WebPage","@id":"https:\/\/www.blackturtledive.com\/de\/padi-pro-level\/msdt-program\/dpv-instructor\/","url":"https:\/\/www.blackturtledive.com\/de\/padi-pro-level\/msdt-program\/dpv-instructor\/","name":"DPV\u2011Instruktor Kurs Koh Tao","isPartOf":{"@id":"https:\/\/www.blackturtledive.com\/de\/#website"},"primaryImageOfPage":{"@id":"https:\/\/www.blackturtledive.com\/de\/padi-pro-level\/msdt-program\/dpv-instructor\/#primaryimage"},"image":{"@id":"https:\/\/www.blackturtledive.com\/de\/padi-pro-level\/msdt-program\/dpv-instructor\/#primaryimage"},"thumbnailUrl":"https:\/\/www.blackturtledive.com\/wp-content\/uploads\/2020\/12\/blackturtledive.com-dpv-diver-specialty-koh-tao.jpg","datePublished":"2020-12-15T09:28:41+00:00","dateModified":"2026-05-06T00:00:27+00:00","description":"Der PADI-Spezialkurs \u201eDiver Propulsion Vehicle Instructor\u201c auf Koh Tao lehrt SIE, wie Sie Tauchsch\u00fclern den Umgang mit einem Unterwasser-Scooter, bekannt als DPV (Diver Propulsion Vehicle), beibringen.","breadcrumb":{"@id":"https:\/\/www.blackturtledive.com\/de\/padi-pro-level\/msdt-program\/dpv-instructor\/#breadcrumb"},"inLanguage":"de","potentialAction":[{"@type":"ReadAction","target":["https:\/\/www.blackturtledive.com\/de\/padi-pro-level\/msdt-program\/dpv-instructor\/"]}]},{"@type":"ImageObject","inLanguage":"de","@id":"https:\/\/www.blackturtledive.com\/de\/padi-pro-level\/msdt-program\/dpv-instructor\/#primaryimage","url":"https:\/\/www.blackturtledive.com\/wp-content\/uploads\/2020\/12\/blackturtledive.com-dpv-diver-specialty-koh-tao.jpg","contentUrl":"https:\/\/www.blackturtledive.com\/wp-content\/uploads\/2020\/12\/blackturtledive.com-dpv-diver-specialty-koh-tao.jpg","width":1000,"height":687,"caption":"PADI DPV Specialty Diver Koh Tao"},{"@type":"BreadcrumbList","@id":"https:\/\/www.blackturtledive.com\/de\/padi-pro-level\/msdt-program\/dpv-instructor\/#breadcrumb","itemListElement":[{"@type":"ListItem","position":1,"name":"Home","item":"https:\/\/www.blackturtledive.com\/de\/"},{"@type":"ListItem","position":2,"name":"PADI-Pro Stufe","item":"https:\/\/www.blackturtledive.com\/de\/padi-pro-level\/"},{"@type":"ListItem","position":3,"name":"MSDTProgramm","item":"https:\/\/www.blackturtledive.com\/de\/padi-pro-level\/msdt-program\/"},{"@type":"ListItem","position":4,"name":"DPV\u2011Instruktor"}]},{"@type":"WebSite","@id":"https:\/\/www.blackturtledive.com\/de\/#website","url":"https:\/\/www.blackturtledive.com\/de\/","name":"Black Turtle Dive Koh Tao","description":"Ocean Explorers | Marine Protectors","publisher":{"@id":"https:\/\/www.blackturtledive.com\/de\/#organization"},"alternateName":"Black Turtle Dive in Thailand","potentialAction":[{"@type":"SearchAction","target":{"@type":"EntryPoint","urlTemplate":"https:\/\/www.blackturtledive.com\/de\/?s={search_term_string}"},"query-input":{"@type":"PropertyValueSpecification","valueRequired":true,"valueName":"search_term_string"}}],"inLanguage":"de"},{"@type":"Organization","@id":"https:\/\/www.blackturtledive.com\/de\/#organization","name":"Black Turtle Dive Koh Tao","alternateName":"Black Turtle Dive","url":"https:\/\/www.blackturtledive.com\/de\/","logo":{"@type":"ImageObject","inLanguage":"de","@id":"https:\/\/www.blackturtledive.com\/de\/#\/schema\/logo\/image\/","url":"https:\/\/www.blackturtledive.com\/wp-content\/uploads\/2020\/11\/cropped-blackturtledive.com-brand-logo.png","contentUrl":"https:\/\/www.blackturtledive.com\/wp-content\/uploads\/2020\/11\/cropped-blackturtledive.com-brand-logo.png","width":400,"height":400,"caption":"Black Turtle Dive Koh Tao"},"image":{"@id":"https:\/\/www.blackturtledive.com\/de\/#\/schema\/logo\/image\/"},"sameAs":["https:\/\/www.facebook.com\/blackturtledive","https:\/\/x.com\/blackturtledive","https:\/\/www.instagram.com\/blackturtledive\/","https:\/\/www.youtube.com\/blackturtledive","https:\/\/www.linkedin.com\/company\/blackturtledive\/","https:\/\/www.tumblr.com\/blackturtledive","https:\/\/www.pinterest.com\/blackturtledive\/","https:\/\/www.tiktok.com\/@blackturtledive","https:\/\/www.reddit.com\/user\/blackturtledive\/"],"description":"Black Turtle Dive is a modern and innovative 5 Star Career Development Scuba Diving Center, passionate about the ocean and through training we want to empower you to become a competent and confident scuba diver. Our diving courses equip you with the skills, knowledge and awareness necessary to explore the ocean safely, whilst becoming a passionate advocate and protector of the marine environment. If you have never dived before or are a certified diver and want to develop your skills further, our tailored, bespoke courses and programs will inspire you to become an Ocean advocate. Our scientific based Marine Conservation Internships and training programs, offer aspiring scuba divers and marine conservationists, the best marine conservation internships on Koh Tao. We currently offer students six levels of Marine Conservation Internships at our beachside location on Koh Tao in Thailand. Check out our website for more information.","email":"info@blackturtledive.com","telephone":"089 592 2134","legalName":"Black Turtle Dive Co Ltd","foundingDate":"2020-01-01","publishingPrinciples":"https:\/\/www.blackturtledive.com\/terms\/","ownershipFundingInfo":"https:\/\/www.blackturtledive.com\/terms\/","actionableFeedbackPolicy":"https:\/\/www.blackturtledive.com\/privacy-policy\/","correctionsPolicy":"https:\/\/www.blackturtledive.com\/privacy-policy\/","ethicsPolicy":"https:\/\/www.blackturtledive.com\/privacy-policy\/","diversityPolicy":"https:\/\/www.blackturtledive.com\/privacy-policy\/"}]}},"_links":{"self":[{"href":"https:\/\/www.blackturtledive.com\/de\/wp-json\/wp\/v2\/pages\/18609","targetHints":{"allow":["GET"]}}],"collection":[{"href":"https:\/\/www.blackturtledive.com\/de\/wp-json\/wp\/v2\/pages"}],"about":[{"href":"https:\/\/www.blackturtledive.com\/de\/wp-json\/wp\/v2\/types\/page"}],"author":[{"embeddable":true,"href":"https:\/\/www.blackturtledive.com\/de\/wp-json\/wp\/v2\/users\/2"}],"replies":[{"embeddable":true,"href":"https:\/\/www.blackturtledive.com\/de\/wp-json\/wp\/v2\/comments?post=18609"}],"version-history":[{"count":2,"href":"https:\/\/www.blackturtledive.com\/de\/wp-json\/wp\/v2\/pages\/18609\/revisions"}],"predecessor-version":[{"id":71383,"href":"https:\/\/www.blackturtledive.com\/de\/wp-json\/wp\/v2\/pages\/18609\/revisions\/71383"}],"up":[{"embeddable":true,"href":"https:\/\/www.blackturtledive.com\/de\/wp-json\/wp\/v2\/pages\/18705"}],"wp:featuredmedia":[{"embeddable":true,"href":"https:\/\/www.blackturtledive.com\/de\/wp-json\/wp\/v2\/media\/18096"}],"wp:attachment":[{"href":"https:\/\/www.blackturtledive.com\/de\/wp-json\/wp\/v2\/media?parent=18609"}],"curies":[{"name":"wp","href":"https:\/\/api.w.org\/{rel}","templated":true}]}}