{"id":18610,"date":"2020-12-15T15:57:29","date_gmt":"2020-12-15T08:57:29","guid":{"rendered":"https:\/\/www.blackturtledive.com\/boat-instructor\/"},"modified":"2026-05-06T06:55:14","modified_gmt":"2026-05-05T23:55:14","slug":"boat-instructor","status":"publish","type":"page","link":"https:\/\/www.blackturtledive.com\/de\/padi-pro-level\/msdt-program\/boat-instructor\/","title":{"rendered":"Boot Instruktor"},"content":{"rendered":"<div class=\"wpb-content-wrapper\"><p>[vc_row][vc_column][vc_column_text css=&#8220;&#8220;]Die Spezialisierung \u201eBoat Instructor\u201c bef\u00e4higt PADI-Profis, Tauchsch\u00fclern die komplexen Sicherheitsvorschriften, Fachbegriffe und logistischen Aspekte des Tauchens von verschiedenen Wasserfahrzeugen aus zu vermitteln.<\/p>\n<p>Tauchlehrer lernen, wie sie die Gruppendynamik auf einem Boot steuern, Notfallsignale vermitteln und sichere Ein- und Ausstiegstechniken unter verschiedenen Meeresbedingungen demonstrieren.<\/p>\n<p>Da das Tauchen auf Koh Tao meist von speziell daf\u00fcr gebauten Tauchbooten aus erfolgt, ist diese Qualifikation f\u00fcr neue Tauchlehrer \u00e4u\u00dferst praktisch und stellt sicher, dass sie sowohl die Sch\u00fcler als auch die Logistik an Bord in einem professionellen Umfeld effizient managen k\u00f6nnen.<\/p>\n<h3><span style=\"color: #28d4ff;\">Werden Sie Boots-Tauchlehrer Spezialist auf Koh Tao<\/span><\/h3>\n<p>Unser Spezialkurs f\u00fcr Tauchlehrer erm\u00f6glicht es Ihnen, ein strukturiertes Programm \u00fcber 2 Tauchg\u00e4nge zu unterrichten, um Ihre Sch\u00fclertaucher \u00fcber das <a href=\"https:\/\/www.blackturtledive.com\/padi-specialty-courses\/boat-diver\/\">Boots-Tauchen<\/a> zu orientieren und zu schulen.<\/p>\n<p>Einige der besten Tauchpl\u00e4tze der Welt sind nur mit einem Tauchboot zug\u00e4nglich und als Sporttaucher werden wir alle irgendwann in unserem Taucherleben von einem <a href=\"https:\/\/www.blackturtledive.com\/fun-diving-koh-tao\/\">Boot aus tauchen<\/a>.<\/p>\n<p>Die Philosophie des PADI Boots-Taucherspezialkurses konzentriert sich auf den Komfort und die Leichtigkeit des Tauchens von einem Boot.<\/p>\n<p>Der PADI Boots-Tauchlehrer-Spezialkurs bereitet Sie als <a href=\"https:\/\/www.blackturtledive.com\/padi-pro-level\/dive-instructor-course\/\">Tauchlehrer<\/a> darauf vor, Sch\u00fclertaucher \u00fcber die Vorteile des Boots-Tauchens aufzukl\u00e4ren.<\/p>\n<p>Sie lernen, wie man Bootsterminologie, Arten von Tauchbooten, grundlegende Regeln, Sicherheitsausr\u00fcstung f\u00fcr das Bootstauchen, Verfahren und Etikette beim Bootstauchen sowie <em><span style=\"color: #28d4ff;\">grundlegende Hinweise zur Bootsicherheit<\/span><\/em> lehrt.<\/p>\n<p><a class=\"fasc-button fasc-size-large fasc-type-flat\" style=\"background-color: #33809e; color: #ffffff;\" href=\"https:\/\/www.blackturtledive.com\/diving-course-prices\/\">JETZT BUCHEN<\/a><\/p>\n<h3>Im PADI Boat Diver Instructor Specialty-Kurs auf Koh Tao enthalten<\/h3>\n<ul>\n<li>1 Trainings-Tauchgang vom Boot aus<\/li>\n<li>Miete aller <a href=\"https:\/\/www.blackturtledive.com\/padi-pro-level\/msdt-program\/equipment-instructor\/\">Tauchausr\u00fcstung<\/a>, einschlie\u00dflich spezieller Ausr\u00fcstung<\/li>\n<li>KOSTENLOSE Nutzung des Tauchcomputers<\/li>\n<li><a href=\"https:\/\/www.blackturtledive.com\/about-us\/\">Black Turtle Dive<\/a> Kundenversprechen (und Umweltversprechen)<\/li>\n<\/ul>\n<p>Um sich f\u00fcr einen PADI Boat Diver Instructor Specialty-Kurs anzumelden, musst du:<\/p>\n<ul>\n<li>Mindestens ein PADI Open Water Scuba Instructor sein oder derzeit an einem IDC\/OWSI-Programm teilnehmen oder dieses innerhalb der letzten 12 Monate abgeschlossen haben.<\/li>\n<\/ul>\n<p>IDC\/OWSI-Kandidaten k\u00f6nnen nur nach erfolgreichem Abschluss einer IE einen Antrag auf Speziallehrer-Zertifizierung stellen.<\/p>\n<ul>\n<li>\u00dcber recente Taucherfahrung verf\u00fcgen \u2013 wir empfehlen, eine <a href=\"https:\/\/www.blackturtledive.com\/padi-diving-courses\/scuba-review\/\">Tauch\u00fcberpr\u00fcfung<\/a> durchzuf\u00fchren, wenn Sie seit 12 Monaten nicht mehr getaucht sind.<\/li>\n<li>Medizinsch fit sein, um zu tauchen.<\/li>\n<\/ul>\n<p>Nach erfolgreichem Abschluss aller Kursanforderungen m\u00fcssen Sie einen Nachweis \u00fcber 10 dokumentierte Bootstauchg\u00e4nge erbringen.<\/p>\n<h3><span style=\"color: #28d4ff;\">1-t\u00e4giger PADI Boat Diver Instructor Specialty-Kurs<\/span><\/h3>\n<p>Der Kurs besteht aus zwei Teilen:<\/p>\n<ul>\n<li>Theorieunterricht<\/li>\n<li>Open-Water-Training \u2013 2 Bootstauchg\u00e4nge<\/li>\n<\/ul>\n<p><a class=\"fasc-button fasc-size-large fasc-type-flat\" style=\"background-color: #33809e; color: #ffffff;\" href=\"https:\/\/www.blackturtledive.com\/diving-course-prices\/\">JETZT BUCHEN<\/a><\/p>\n<p>Bei Black Turtle Dive nehmen wir unser Kundenversprechen sehr ernst.<\/p>\n<p>Unsere Tauchlehrer sind hochqualifiziert und werden sicherstellen, dass Sie viel Aufmerksamkeit erhalten und vor allem in einer entspannten Umgebung in Ihrem eigenen Tempo Fortschritte machen.<\/p>\n<p>W\u00e4hrend Ihres Trainings werden wir langsam Ihr Selbstvertrauen und Ihre F\u00e4higkeiten aufbauen, w\u00e4hrend Sie die notwendigen F\u00e4higkeiten entwickeln, um ein kompetenter PADI Boots-Tauchlehrer zu werden.<\/p>\n<h3>Kursplan f\u00fcr den PADI Boots-Tauchlehrer-Spezialkurs auf Koh Tao<\/h3>\n<p>Der Kursplan f\u00fcr den PADI Boots-Tauchlehrer-Spezialkurs bei <a href=\"https:\/\/www.blackturtledive.com\/\">Black Turtle Dive<\/a> ist flexibel, und wir k\u00f6nnen uns nach Ihren pers\u00f6nlichen Bed\u00fcrfnissen und Ihrem Zeitrahmen richten.<\/p>\n<p>Er wird oft als Teil eines Multi-Tauchlehrer-Spezialprogramms wie unserem <a href=\"https:\/\/www.blackturtledive.com\/padi-pro-level\/msdt-program\/\">MSDT-Programm<\/a> geplant.&nbsp;<\/p>\n<p>Bitte z\u00f6gern Sie nicht, uns bei speziellen Anfragen entweder per <a href=\"https:\/\/www.blackturtledive.com\/contact-us\/\">E-Mail<\/a> oder \u00fcber eine der Messenger-Apps auf dieser Seite zu kontaktieren.&nbsp;<\/p>\n<h3>Kosten f\u00fcr den PADI Boat Diver Instructor Specialty Kurs: 4.000 Baht<\/h3>\n<h3><span style=\"color: #28d4ff;\">Kursplan<\/span><\/h3>\n<p>Tag 1:<\/p>\n<p>09.00 \u2013 11.30: Orientierung &amp; Wissensentwicklung<br \/>\n12.30 \u2013 17.00: PADI Boots-Tauchlehrer Ausbildungs-Tauchgang &nbsp;<\/p>\n<p>Sie sind jetzt ein zertifizierter PADI Boots-Tauchlehrer.<\/p>\n<p><a class=\"fasc-button fasc-size-large fasc-type-flat\" style=\"background-color: #33809e; color: #ffffff;\" href=\"https:\/\/www.blackturtledive.com\/diving-course-prices\/\">JETZT BUCHEN<\/a><\/p>\n<h3>PADI Bootstaucher Ausbilder Spezialkurs Informationen<\/h3>\n<p>Wissenserweiterung<\/p>\n<p>Der PADI Bootstaucher Ausbilder Spezialkurs besteht aus 1 <a href=\"https:\/\/www.blackturtledive.com\/padi-diving-courses\/open-water-course\/\">Freiwassertauchgang<\/a>.<\/p>\n<p>Es gibt auch einen Abschnitt zur Wissenserweiterung, der normalerweise vor den Trainingstauchg\u00e4ngen durchgef\u00fchrt wird.&nbsp;<\/p>\n<p>W\u00e4hrend des Abschnitts zur Wissenserweiterung m\u00fcssen Sie Folgendes abschlie\u00dfen:<\/p>\n<ul>\n<li>Eine Pr\u00e4sentation zur Wissenserweiterung aus dem PADI Bootstaucher Spezialhandbuch halten, indem Sie eine verpasste Frage aus der Wissens\u00fcberpr\u00fcfung pr\u00e4skriptiv unterrichten.<\/li>\n<li>Den Zweck und die Ziele des PADI Bootstaucher Spezialkurses \u00fcberpr\u00fcfen und verstehen.<\/li>\n<li>Die Standards und Verfahren des PADI Bootstaucherkurses aus dem PADI <em><span style=\"color: #28d4ff;\">Spezialkurs-Ausbilderhandbuch<\/span><\/em> \u00fcberpr\u00fcfen und erkl\u00e4ren und alle Anforderungen an die Ausr\u00fcstung von Sch\u00fclern und Ausbildern auflisten.<\/li>\n<li>Beherrschung aller Wissensentwicklung demonstrieren.<\/li>\n<li>Beschreiben, wie alle Kurssegmente durchgef\u00fchrt werden, um zu gew\u00e4hrleisten, dass die Taucher die Leistungsanforderungen des Kurses erf\u00fcllen.<\/li>\n<li>An einem Marketing- und Promotionsworkshop teilnehmen, in dem Sie Techniken lernen, um den PADI Bootstaucher Spezialkurs f\u00fcr Ihre Sch\u00fcler und die allgemeine Tauchgemeinschaft zu bewerben.<\/li>\n<li>An einem Preworkshop teilnehmen.<\/li>\n<\/ul>\n<h3><span style=\"color: #28d4ff;\">Koh Tao Freiwassertauchg\u00e4nge<\/span><\/h3>\n<p>Es gibt 2 Bootstaucher-Trainingstauchg\u00e4nge, die Sie abschlie\u00dfen m\u00fcssen, um PADI Bootstaucher zu werden.<\/p>\n<p>W\u00e4hrend des PADI Bootstaucher Ausbilder Spezialkurses m\u00fcssen Sie alle Leistungsanforderungen dieser 2 Tauchg\u00e4nge \u00fcber mindestens 1 Trainingstauchgang erf\u00fcllen.<\/p>\n<p>Vor den Tauchg\u00e4ngen m\u00fcssen Sie die Freiwasser-Trainings\u00fcberlegungen des PADI Bootstaucher Spezialkurses erkl\u00e4ren.<\/p>\n<p>W\u00e4hrend der Trainingstauchg\u00e4nge m\u00fcssen Sie:<\/p>\n<ul>\n<li>Beherrschung aller Leistungsanforderungen f\u00fcr Wasserfertigkeiten des PADI Bootstaucher Spezialkurses demonstrieren.<\/li>\n<li>Eine Freiwasser-Lehrpr\u00e4sentation aus dem PADI Bootstaucher Spezialkurs durchf\u00fchren.<\/li>\n<li>Beherrschung aller Freiwasser-Leistungsanforderungen des PADI Bootstaucher Spezialkurses demonstrieren.<\/li>\n<\/ul>\n<p>Herzlichen Gl\u00fcckwunsch. Sie sind jetzt PADI Bootstaucher Spezialausbilder.<\/p>\n<h3><span style=\"color: #28d4ff;\">2026 PADI Fees<\/span><\/h3>\n<p>Antragsgeb\u00fchr f\u00fcr den PADI Bootstaucher Spezialausbilder: 145 A$<\/p>\n<p><a class=\"fasc-button fasc-size-large fasc-type-flat\" style=\"background-color: #33809e; color: #ffffff;\" href=\"https:\/\/www.blackturtledive.com\/diving-course-prices\/\">JETZT BUCHEN<\/a><\/p>\n<h3>PADI Materialien<\/h3>\n<p>Bitte bringen Sie Ihr&nbsp;PADI Spezialkurs-Ausbilderhandbuch mit.<\/p>\n<p>Sie ben\u00f6tigen auch eine Kopie des PADI Ausbilderhandbuchs, das f\u00fcr alle erneuerten PADI-Mitglieder kostenlos von&nbsp;<a href=\"https:\/\/www.padi.com\/mypadi\/\" target=\"_blank\" rel=\"noopener\">www.padi.com\/mypadi<\/a> heruntergeladen werden kann.<\/p>\n<p>&nbsp;[\/vc_column_text][\/vc_column][\/vc_row]<\/p>\n<\/div>","protected":false},"excerpt":{"rendered":"<p>Der PADI Boat Diver Instruktor Spezialkurs auf Koh Tao lehrt SIE, wie Sie Taucher in das Tauchen vom Boot aus einf\u00fchren, einschlie\u00dflich Ein- und Ausstieg sowie Bootsterminologie.<\/p>\n","protected":false},"author":2,"featured_media":18081,"parent":18705,"menu_order":0,"comment_status":"closed","ping_status":"closed","template":"","meta":{"_acf_changed":false,"footnotes":""},"class_list":["post-18610","page","type-page","status-publish","has-post-thumbnail","hentry"],"acf":[],"yoast_head":"<!-- This site is optimized with the Yoast SEO Premium plugin v27.6 (Yoast SEO v27.6) - https:\/\/yoast.com\/product\/yoast-seo-premium-wordpress\/ -->\n<title>DPV\u2011Instruktor Kurs Koh Tao<\/title>\n<meta name=\"description\" content=\"Die Spezialisierung zum Bootstauchlehrer qualifiziert PADI-Profis, Sch\u00fclern die komplexen Sicherheitsprotokolle, die Terminologie und die Logistik des Tauchens vom Boot aus beizubringen.\" \/>\n<meta name=\"robots\" content=\"index, follow, max-snippet:-1, max-image-preview:large, max-video-preview:-1\" \/>\n<link rel=\"canonical\" href=\"https:\/\/www.blackturtledive.com\/de\/padi-pro-level\/msdt-program\/boat-instructor\/\" \/>\n<meta property=\"og:locale\" content=\"de_DE\" \/>\n<meta property=\"og:type\" content=\"article\" \/>\n<meta property=\"og:title\" content=\"PADI Boat Diver Instructor Specialty Course Koh Tao\" \/>\n<meta property=\"og:description\" content=\"PADI Boat Diver Instructor specialty course Koh Tao teaches YOU how to teach divers to learn about diving off a boat including entry, exits and boat terminology\" \/>\n<meta property=\"og:url\" content=\"https:\/\/www.blackturtledive.com\/de\/padi-pro-level\/msdt-program\/boat-instructor\/\" \/>\n<meta property=\"og:site_name\" content=\"Black Turtle Dive Koh Tao\" \/>\n<meta property=\"article:publisher\" content=\"https:\/\/www.facebook.com\/blackturtledive\" \/>\n<meta property=\"article:modified_time\" content=\"2026-05-05T23:55:14+00:00\" \/>\n<meta property=\"og:image\" content=\"https:\/\/www.blackturtledive.com\/wp-content\/uploads\/2020\/12\/blackturtledive.com-padi-boat-diver-specialty-course-koh-tao-thailand.jpg\" \/>\n\t<meta property=\"og:image:width\" content=\"1000\" \/>\n\t<meta property=\"og:image:height\" content=\"667\" \/>\n\t<meta property=\"og:image:type\" content=\"image\/jpeg\" \/>\n<meta name=\"twitter:card\" content=\"summary_large_image\" \/>\n<meta name=\"twitter:title\" content=\"PADI Boat Diver Instructor Specialty Course Koh Tao\" \/>\n<meta name=\"twitter:description\" content=\"PADI Boat Diver Instructor specialty course Koh Tao teaches YOU how to teach divers to learn about diving off a boat including entry, exits and boat terminology\" \/>\n<meta name=\"twitter:image\" content=\"https:\/\/www.blackturtledive.com\/wp-content\/uploads\/2020\/12\/blackturtledive.com-padi-boat-diver-specialty-course-koh-tao-thailand.jpg\" \/>\n<meta name=\"twitter:site\" content=\"@blackturtledive\" \/>\n<meta name=\"twitter:label1\" content=\"Gesch\u00e4tzte Lesezeit\" \/>\n\t<meta name=\"twitter:data1\" content=\"4\u00a0Minuten\" \/>\n<!-- \/ Yoast SEO Premium plugin. -->","yoast_head_json":{"title":"DPV\u2011Instruktor Kurs Koh Tao","description":"Die Spezialisierung zum Bootstauchlehrer qualifiziert PADI-Profis, Sch\u00fclern die komplexen Sicherheitsprotokolle, die Terminologie und die Logistik des Tauchens vom Boot aus beizubringen.","robots":{"index":"index","follow":"follow","max-snippet":"max-snippet:-1","max-image-preview":"max-image-preview:large","max-video-preview":"max-video-preview:-1"},"canonical":"https:\/\/www.blackturtledive.com\/de\/padi-pro-level\/msdt-program\/boat-instructor\/","og_locale":"de_DE","og_type":"article","og_title":"PADI Boat Diver Instructor Specialty Course Koh Tao","og_description":"PADI Boat Diver Instructor specialty course Koh Tao teaches YOU how to teach divers to learn about diving off a boat including entry, exits and boat terminology","og_url":"https:\/\/www.blackturtledive.com\/de\/padi-pro-level\/msdt-program\/boat-instructor\/","og_site_name":"Black Turtle Dive Koh Tao","article_publisher":"https:\/\/www.facebook.com\/blackturtledive","article_modified_time":"2026-05-05T23:55:14+00:00","og_image":[{"width":1000,"height":667,"url":"https:\/\/www.blackturtledive.com\/wp-content\/uploads\/2020\/12\/blackturtledive.com-padi-boat-diver-specialty-course-koh-tao-thailand.jpg","type":"image\/jpeg"}],"twitter_card":"summary_large_image","twitter_title":"PADI Boat Diver Instructor Specialty Course Koh Tao","twitter_description":"PADI Boat Diver Instructor specialty course Koh Tao teaches YOU how to teach divers to learn about diving off a boat including entry, exits and boat terminology","twitter_image":"https:\/\/www.blackturtledive.com\/wp-content\/uploads\/2020\/12\/blackturtledive.com-padi-boat-diver-specialty-course-koh-tao-thailand.jpg","twitter_site":"@blackturtledive","twitter_misc":{"Gesch\u00e4tzte Lesezeit":"4\u00a0Minuten"},"schema":{"@context":"https:\/\/schema.org","@graph":[{"@type":"WebPage","@id":"https:\/\/www.blackturtledive.com\/de\/padi-pro-level\/msdt-program\/boat-instructor\/","url":"https:\/\/www.blackturtledive.com\/de\/padi-pro-level\/msdt-program\/boat-instructor\/","name":"DPV\u2011Instruktor Kurs Koh Tao","isPartOf":{"@id":"https:\/\/www.blackturtledive.com\/de\/#website"},"primaryImageOfPage":{"@id":"https:\/\/www.blackturtledive.com\/de\/padi-pro-level\/msdt-program\/boat-instructor\/#primaryimage"},"image":{"@id":"https:\/\/www.blackturtledive.com\/de\/padi-pro-level\/msdt-program\/boat-instructor\/#primaryimage"},"thumbnailUrl":"https:\/\/www.blackturtledive.com\/wp-content\/uploads\/2020\/12\/blackturtledive.com-padi-boat-diver-specialty-course-koh-tao-thailand.jpg","datePublished":"2020-12-15T08:57:29+00:00","dateModified":"2026-05-05T23:55:14+00:00","description":"Die Spezialisierung zum Bootstauchlehrer qualifiziert PADI-Profis, Sch\u00fclern die komplexen Sicherheitsprotokolle, die Terminologie und die Logistik des Tauchens vom Boot aus beizubringen.","breadcrumb":{"@id":"https:\/\/www.blackturtledive.com\/de\/padi-pro-level\/msdt-program\/boat-instructor\/#breadcrumb"},"inLanguage":"de","potentialAction":[{"@type":"ReadAction","target":["https:\/\/www.blackturtledive.com\/de\/padi-pro-level\/msdt-program\/boat-instructor\/"]}]},{"@type":"ImageObject","inLanguage":"de","@id":"https:\/\/www.blackturtledive.com\/de\/padi-pro-level\/msdt-program\/boat-instructor\/#primaryimage","url":"https:\/\/www.blackturtledive.com\/wp-content\/uploads\/2020\/12\/blackturtledive.com-padi-boat-diver-specialty-course-koh-tao-thailand.jpg","contentUrl":"https:\/\/www.blackturtledive.com\/wp-content\/uploads\/2020\/12\/blackturtledive.com-padi-boat-diver-specialty-course-koh-tao-thailand.jpg","width":1000,"height":667,"caption":"PADI Boat Diver Specialty Course Koh Tao"},{"@type":"BreadcrumbList","@id":"https:\/\/www.blackturtledive.com\/de\/padi-pro-level\/msdt-program\/boat-instructor\/#breadcrumb","itemListElement":[{"@type":"ListItem","position":1,"name":"Home","item":"https:\/\/www.blackturtledive.com\/de\/"},{"@type":"ListItem","position":2,"name":"PADI-Pro Stufe","item":"https:\/\/www.blackturtledive.com\/de\/padi-pro-level\/"},{"@type":"ListItem","position":3,"name":"MSDTProgramm","item":"https:\/\/www.blackturtledive.com\/de\/padi-pro-level\/msdt-program\/"},{"@type":"ListItem","position":4,"name":"Boot Instruktor"}]},{"@type":"WebSite","@id":"https:\/\/www.blackturtledive.com\/de\/#website","url":"https:\/\/www.blackturtledive.com\/de\/","name":"Black Turtle Dive Koh Tao","description":"Ocean Explorers | Marine Protectors","publisher":{"@id":"https:\/\/www.blackturtledive.com\/de\/#organization"},"alternateName":"Black Turtle Dive in Thailand","potentialAction":[{"@type":"SearchAction","target":{"@type":"EntryPoint","urlTemplate":"https:\/\/www.blackturtledive.com\/de\/?s={search_term_string}"},"query-input":{"@type":"PropertyValueSpecification","valueRequired":true,"valueName":"search_term_string"}}],"inLanguage":"de"},{"@type":"Organization","@id":"https:\/\/www.blackturtledive.com\/de\/#organization","name":"Black Turtle Dive Koh Tao","alternateName":"Black Turtle Dive","url":"https:\/\/www.blackturtledive.com\/de\/","logo":{"@type":"ImageObject","inLanguage":"de","@id":"https:\/\/www.blackturtledive.com\/de\/#\/schema\/logo\/image\/","url":"https:\/\/www.blackturtledive.com\/wp-content\/uploads\/2020\/11\/cropped-blackturtledive.com-brand-logo.png","contentUrl":"https:\/\/www.blackturtledive.com\/wp-content\/uploads\/2020\/11\/cropped-blackturtledive.com-brand-logo.png","width":400,"height":400,"caption":"Black Turtle Dive Koh Tao"},"image":{"@id":"https:\/\/www.blackturtledive.com\/de\/#\/schema\/logo\/image\/"},"sameAs":["https:\/\/www.facebook.com\/blackturtledive","https:\/\/x.com\/blackturtledive","https:\/\/www.instagram.com\/blackturtledive\/","https:\/\/www.youtube.com\/blackturtledive","https:\/\/www.linkedin.com\/company\/blackturtledive\/","https:\/\/www.tumblr.com\/blackturtledive","https:\/\/www.pinterest.com\/blackturtledive\/","https:\/\/www.tiktok.com\/@blackturtledive","https:\/\/www.reddit.com\/user\/blackturtledive\/"],"description":"Black Turtle Dive is a modern and innovative 5 Star Career Development Scuba Diving Center, passionate about the ocean and through training we want to empower you to become a competent and confident scuba diver. Our diving courses equip you with the skills, knowledge and awareness necessary to explore the ocean safely, whilst becoming a passionate advocate and protector of the marine environment. If you have never dived before or are a certified diver and want to develop your skills further, our tailored, bespoke courses and programs will inspire you to become an Ocean advocate. Our scientific based Marine Conservation Internships and training programs, offer aspiring scuba divers and marine conservationists, the best marine conservation internships on Koh Tao. We currently offer students six levels of Marine Conservation Internships at our beachside location on Koh Tao in Thailand. Check out our website for more information.","email":"info@blackturtledive.com","telephone":"089 592 2134","legalName":"Black Turtle Dive Co Ltd","foundingDate":"2020-01-01","publishingPrinciples":"https:\/\/www.blackturtledive.com\/terms\/","ownershipFundingInfo":"https:\/\/www.blackturtledive.com\/terms\/","actionableFeedbackPolicy":"https:\/\/www.blackturtledive.com\/privacy-policy\/","correctionsPolicy":"https:\/\/www.blackturtledive.com\/privacy-policy\/","ethicsPolicy":"https:\/\/www.blackturtledive.com\/privacy-policy\/","diversityPolicy":"https:\/\/www.blackturtledive.com\/privacy-policy\/"}]}},"_links":{"self":[{"href":"https:\/\/www.blackturtledive.com\/de\/wp-json\/wp\/v2\/pages\/18610","targetHints":{"allow":["GET"]}}],"collection":[{"href":"https:\/\/www.blackturtledive.com\/de\/wp-json\/wp\/v2\/pages"}],"about":[{"href":"https:\/\/www.blackturtledive.com\/de\/wp-json\/wp\/v2\/types\/page"}],"author":[{"embeddable":true,"href":"https:\/\/www.blackturtledive.com\/de\/wp-json\/wp\/v2\/users\/2"}],"replies":[{"embeddable":true,"href":"https:\/\/www.blackturtledive.com\/de\/wp-json\/wp\/v2\/comments?post=18610"}],"version-history":[{"count":2,"href":"https:\/\/www.blackturtledive.com\/de\/wp-json\/wp\/v2\/pages\/18610\/revisions"}],"predecessor-version":[{"id":71376,"href":"https:\/\/www.blackturtledive.com\/de\/wp-json\/wp\/v2\/pages\/18610\/revisions\/71376"}],"up":[{"embeddable":true,"href":"https:\/\/www.blackturtledive.com\/de\/wp-json\/wp\/v2\/pages\/18705"}],"wp:featuredmedia":[{"embeddable":true,"href":"https:\/\/www.blackturtledive.com\/de\/wp-json\/wp\/v2\/media\/18081"}],"wp:attachment":[{"href":"https:\/\/www.blackturtledive.com\/de\/wp-json\/wp\/v2\/media?parent=18610"}],"curies":[{"name":"wp","href":"https:\/\/api.w.org\/{rel}","templated":true}]}}