{"id":18627,"date":"2020-11-04T22:42:31","date_gmt":"2020-11-04T15:42:31","guid":{"rendered":"https:\/\/www.blackturtledive.com\/crocodile-fish\/"},"modified":"2026-05-05T21:24:04","modified_gmt":"2026-05-05T14:24:04","slug":"crocodile-fish","status":"publish","type":"page","link":"https:\/\/www.blackturtledive.com\/de\/koh-tao-marine-life\/crocodile-fish\/","title":{"rendered":"Krokodilfisch"},"content":{"rendered":"<div class=\"wpb-content-wrapper\"><p>[vc_row][vc_column][vc_column_text css=&#8220;&#8220;]Der Krokodilfisch (Papilloculiceps longiceps) ist ein Meister der Tarnung mit einem flachen, gesprenkelten K\u00f6rper und fransenartigen Augenlappen, die die Textur von Sand und Ger\u00f6ll nachahmen.<\/p>\n<p>An Stellen wie Japanese Gardens und Mango Bay liegt er reglos auf dem Meeresboden und verl\u00e4sst sich auf seine Tarnung, um kleine Fische und Krebstiere zu \u00fcberfallen, die zu nahe kommen.<\/p>\n<p>Ein wichtiges Merkmal, auf das Sie achten sollten, ist der Lappen \u00fcber den Augen\u2014eine verzweigte, astartige Struktur, die die Kontur der Iris aufl\u00f6st und ihn f\u00fcr R\u00e4uber und Beute nahezu unsichtbar macht.<\/p>\n<h3><span style=\"color: #28d4ff;\">Alles \u00fcber den Krokodilfisch auf Koh Tao<\/span><\/h3>\n<p>Krokodilfische verbringen ihre Zeit am Meeresboden und beobachten dabei <a href=\"https:\/\/www.blackturtledive.com\/padi-diving-courses\/\">Taucher<\/a>, die sich ihrer Anwesenheit nicht bewusst sind.<\/p>\n<p>Wenn Sie das Gl\u00fcck haben, einen zu sehen, werden Sie feststellen, dass er buchst\u00e4blich offen vor Ihren Augen getarnt ist.<\/p>\n<div  data-ep-a=\"fadeIn\"  id=\"_ytid_31748\"  width=\"640\" height=\"360\"  data-origwidth=\"640\" data-origheight=\"360\"  data-relstop=\"1\" data-facadesrc=\"https:\/\/www.youtube.com\/embed\/n7BHOSqdNEo?enablejsapi=1&origin=https:\/\/www.blackturtledive.com&autoplay=0&cc_load_policy=0&cc_lang_pref=&iv_load_policy=1&loop=0&rel=0&fs=1&playsinline=0&autohide=2&theme=dark&color=red&controls=1&disablekb=0&\" class=\"__youtube_prefs__ epyt-facade  no-lazyload\" data-epautoplay=\"1\" ><img decoding=\"async\" data-spai-excluded=\"true\" class=\"epyt-facade-poster skip-lazy\" loading=\"lazy\"  alt=\"Crocodile Fish Of Koh Tao: A Rare Encounter Beneath The Waves | BlackTurtleDive.com\"  src=\"https:\/\/i.ytimg.com\/vi\/n7BHOSqdNEo\/maxresdefault.jpg\"  \/><button class=\"epyt-facade-play\" aria-label=\"Play\"><svg data-no-lazy=\"1\" height=\"100%\" version=\"1.1\" viewBox=\"0 0 68 48\" width=\"100%\"><path class=\"ytp-large-play-button-bg\" d=\"M66.52,7.74c-0.78-2.93-2.49-5.41-5.42-6.19C55.79,.13,34,0,34,0S12.21,.13,6.9,1.55 C3.97,2.33,2.27,4.81,1.48,7.74C0.06,13.05,0,24,0,24s0.06,10.95,1.48,16.26c0.78,2.93,2.49,5.41,5.42,6.19 C12.21,47.87,34,48,34,48s21.79-0.13,27.1-1.55c2.93-0.78,4.64-3.26,5.42-6.19C67.94,34.95,68,24,68,24S67.94,13.05,66.52,7.74z\" fill=\"#f00\"><\/path><path d=\"M 45,24 27,14 27,34\" fill=\"#fff\"><\/path><\/svg><\/button><\/div><span itemprop=\"video\" itemscope itemtype=\"http:\/\/schema.org\/VideoObject\"><meta itemprop=\"embedUrl\" content=\"https:\/\/www.youtube.com\/embed\/n7BHOSqdNEo\"><meta itemprop=\"name\" content=\"Crocodile Fish Of Koh Tao: A Rare Encounter Beneath The Waves | BlackTurtleDive.com\"><meta itemprop=\"description\" content=\"Embark on an underwater adventure in Koh Tao and discover the fascinating Crocodile Fish, known for their unique appearance and elusive nature. This video takes you on a journey to the ocean floor, where these intriguing creatures dwell, often hiding in plain sight. Witness their incredible camouflage abilities and learn about their behavior in the rich marine ecosystem of Koh Tao. Check out more of our marine life: https:\/\/www.blackturtledive.com\/koh-tao-marine-life\/crocodile-fish\/ This video is about Crocodile Fish Of Koh Tao: A Rare Encounter Beneath The Waves. But It also covers the following topics: Marine Life Exploration Scuba Diving Thailand Underwater Photography Video Title: Crocodile Fish Of Koh Tao: A Rare Encounter Beneath The Waves | BlackTurtleDive.com \ud83d\udd14Get on a Life-Changing Underwater Adventure with Us \u2013 Your Gateway to the Ocean&#039;s Wonders! Hit Subscribe Now to Join Our Community of Ocean Advocates. https:\/\/www.youtube.com\/&#064;BlackTurtleDive\/?sub_confirmation=1 \u2705Important Links to Follow \ud83d\udd17Brand Channels \u2728Main diving courses brand: https:\/\/www.blackturtledive.com\/ \u2728PADI Dive Courses ( Pro level): https:\/\/idckohtao.com\/ \u2728Marine Conservation Internships: https:\/\/www.ecokohtao.com\/ \u2705 Stay Connected With Us. \ud83d\udc49Facebook: https:\/\/www.facebook.com\/blackturtledive \ud83d\udc49Instagram: https:\/\/www.instagram.com\/blackturtledive\/ \ud83d\udc49Threads: https:\/\/www.threads.net\/&#064;blackturtledive \ud83d\udc49Tiktok: https:\/\/www.tiktok.com\/&#064;blackturtledive \ud83d\udc49Twitter (X): https:\/\/twitter.com\/blackturtledive \ud83d\udc49Pinterest: https:\/\/www.pinterest.com\/blackturtledive\/ \ud83d\udc49Website: https:\/\/www.blackturtledive.com\/ \u2705 For Business Inquiries: media&#064;blackturtledive.com ============================= \u2705 Recommended Playlists \ud83d\udc49 Koh Tao Marine Life (Part 1) https:\/\/www.youtube.com\/watch?v=1D3Dbtrq5vI&amp;list=PLW_jU0PKLEUGS-ZQjvOB0_8q7cZZmOqCC&amp;pp=iAQB \ud83d\udc49PADI Instructor Development Course (IDC) | Black Turtle Dive, Koh Tao https:\/\/www.youtube.com\/watch?v=kXPwkxj0gyg&amp;list=PLW_jU0PKLEUEUo8dW4l2QD8ywAwK7xP1c&amp;pp=iAQB \u2705 Other Videos You Might Be Interested In Watching: \ud83d\udc49 Coral Watch Marine Conservation Course in Koh Tao, Thailand https:\/\/www.youtube.com\/watch?v=mM6C-QgT1z4 \ud83d\udc49 Artificial Reefs - Marine Conservation Course in Thailand https:\/\/www.youtube.com\/watch?v=K9dld48M0qg \ud83d\udc49 Pink Tail Trigger Fish Koh Tao https:\/\/www.youtube.com\/watch?v=JrQtGqlxnX8 \ud83d\udc49 Ocellated Eagle Ray Koh Tao https:\/\/www.youtube.com\/watch?v=xiO-23risdc \ud83d\udc49 Tailfin Batfish Koh Tao https:\/\/www.youtube.com\/watch?v=RCjIBjmvSZM ============================= \u2705 About Black Turtle Dive. As a modern and innovative Scuba Diving Center, Black Turtle Dive is passionate about the ocean, and through our training, we want to empower you to become a competent and confident scuba diver. Our diving courses equip you with the skills, knowledge, and awareness necessary to explore the ocean safely while becoming a passionate advocate and protector of the marine environment. If you have never dived before or are a certified diver and want to develop your skills further, our tailored, bespoke courses and programs will inspire you to become an Ocean advocate. Our scientific-based Marine Conservation Internships, or Reef Ecology And Conservation Training program (REACT), offer aspiring scuba divers and marine conservationists the best marine conservation internships on Koh Tao. We offer students three levels of Marine Conservation Internships at our beachside location on Koh Tao in Thailand. For Collaboration and Business inquiries, please use the contact information below: \ud83d\udce9 Email: media&#064;blackturtledive.com \ud83d\udd14Discover the Underwater World with Us: Expert Training, Unforgettable Experiences, and a Commitment to Marine Protection. Subscribe Now: https:\/\/www.youtube.com\/&#064;BlackTurtleDive\/?sub_confirmation=1 ================================= #crocodilefish #kohtao #scubadiving #marinelife #underwaterexploration #divingthailand \u26a0\ufe0fDISCLAIMER: We do not accept any liability for any loss or damage incurred from you acting or not acting as a result of watching any of our publications. You acknowledge that you use the information we provide at your own risk. Do your research. Copyright Notice: This video and our YouTube channel contain dialogue, music, and images that are the property of Black Turtle Dive. You are authorized to share the video link and channel and embed this video in your website or others as long as a link back to our YouTube channel is provided. \u00a9 Black Turtle Dive\"><meta itemprop=\"thumbnailUrl\" content=\"https:\/\/i.ytimg.com\/vi\/n7BHOSqdNEo\/0.jpg\"><meta itemprop=\"duration\" content=\"PT1M1S\"><meta itemprop=\"uploadDate\" content=\"2021-01-11T13:22:13Z\"><\/span>\n<h3>Wo man den Krokodilfisch auf Koh Tao findet<\/h3>\n<p>Krokodilfische sind an vielen flachen <a href=\"https:\/\/www.blackturtledive.com\/koh-tao-dive-sites\/\">Tauchpl\u00e4tzen<\/a> rund um <a href=\"https:\/\/www.blackturtledive.com\/koh-tao\/\">Koh Tao<\/a> anzutreffen; <a href=\"https:\/\/www.blackturtledive.com\/koh-tao-dive-sites\/twins-pinnacle\/\">Twin Peaks<\/a> und <a href=\"https:\/\/www.blackturtledive.com\/koh-tao-dive-sites\/white-rock\/\">White Rock<\/a> geh\u00f6ren zu den h\u00e4ufig besuchten Stellen, an denen man sie finden kann.<\/p>\n<h3><span style=\"color: #28d4ff;\">Wie man den Krokodilfisch erkennt<\/span><\/h3>\n<p>Da sie nah mit <a href=\"https:\/\/www.blackturtledive.com\/koh-tao-marine-life\/bearded-scorpion-fish\/\">Skorpionfischen<\/a> verwandt sind, haben Krokodilfische ein jurassisches Aussehen mit einem gefleckten Rosenmuster in Gr\u00fcn- und Braunt\u00f6nen \u00fcber dem ganzen K\u00f6rper.<\/p>\n<p>Die Brustflossen k\u00f6nnen seitlich flach aufgestellt werden, um m\u00f6glichst platt auf dem Sandmeer Boden zu liegen.<\/p>\n<p>Die Augen des Krokodilfisches weisen dieselbe Farbe und Musterung wie der K\u00f6rper auf; zudem befindet sich auf dem oberen Augenlid ein kleines Tentakel, was sie noch schwerer erkennbar macht.<\/p>\n<h3>Flacher Kiefer mit Unterbiss<\/h3>\n<p>Wie der Name schon sagt, ist ein auff\u00e4lliges Merkmal der flache, kiefernartige Mund, \u00e4hnlich dem eines Krokodils.<\/p>\n<p>Der Unterkiefer ist etwas gr\u00f6\u00dfer, wodurch ein Unterbiss entsteht; bei n\u00e4herem Hinsehen sind die Z\u00e4hne erkennbar.<\/p>\n<figure id=\"attachment_3429\" aria-describedby=\"caption-attachment-3429\" style=\"width: 950px\" class=\"wp-caption alignnone\"><img decoding=\"async\" class=\"size-full wp-image-3429\" src=\"https:\/\/www.blackturtledive.com\/wp-content\/uploads\/2021\/01\/blackturtledive.com-crocodile-fish-koh-tao.jpg\" alt=\"Krokodilfisch - Meeresbewohner R\u00e4uber\" width=\"950\" height=\"678\" srcset=\"https:\/\/www.blackturtledive.com\/wp-content\/uploads\/2021\/01\/blackturtledive.com-crocodile-fish-koh-tao.jpg 950w, https:\/\/www.blackturtledive.com\/wp-content\/uploads\/2021\/01\/blackturtledive.com-crocodile-fish-koh-tao-300x214.jpg 300w, https:\/\/www.blackturtledive.com\/wp-content\/uploads\/2021\/01\/blackturtledive.com-crocodile-fish-koh-tao-768x548.jpg 768w, https:\/\/www.blackturtledive.com\/wp-content\/uploads\/2021\/01\/blackturtledive.com-crocodile-fish-koh-tao-150x107.jpg 150w\" sizes=\"(max-width: 950px) 100vw, 950px\" \/><figcaption id=\"caption-attachment-3429\" class=\"wp-caption-text\">Krokodilfisch &#8211; Meeresbewohner R\u00e4uber<\/figcaption><\/figure>\n<h3><span style=\"color: #28d4ff;\">Merkmale &amp; Verhalten des Krokodilfisches<\/span><\/h3>\n<p>Der Krokodilfisch ist ein <span style=\"color: #28d4ff;\">Meister der Tarnung<\/span> und bleibt reglos in sandigen oder kiesigen Bereichen in Bodenn\u00e4he liegen.<\/p>\n<p>Jede abwechslungsreiche Topographie ist ideal f\u00fcr den Krokodilfisch, da sie perfekt zur K\u00f6rperf\u00e4rbung passt.<\/p>\n<p>Krokodilfische w\u00e4hlen oft einen Platz <a href=\"https:\/\/www.blackturtledive.com\/conservation\/marine-conservation-courses\/coral-reef-conservation-diver\/\">in der N\u00e4he von Korallen<\/a> oder Felsen, wo Nahrung vorhanden ist und sie sich gut in den Hintergrund einf\u00fcgen k\u00f6nnen.<\/p>\n<h3>Lauerj\u00e4ger<\/h3>\n<p>Sie sind \u00e4u\u00dferst geduldige J\u00e4ger und liegen auf Beute lauern; schwimmt ein kleiner Fisch dar\u00fcber, schlagen sie mit einer schnellen, aufw\u00e4rts gerichteten <span style=\"color: #28d4ff;\">Schnappbewegung zu<\/span>.<\/p>\n<p>Die Schlaggeschwindigkeit ist au\u00dferordentlich hoch, und der ausgepr\u00e4gte Unterbiss hilft, die Beute nach unten zu ziehen, w\u00e4hrend die rasiermesserscharfen Z\u00e4hne ein Entkommen verhindern.<\/p>\n<p>Ihre Nahrung ist anpassungsf\u00e4hig \u2014 sie fressen so gut wie alles, was in ihr Maul passt.<\/p>\n<figure id=\"attachment_3431\" aria-describedby=\"caption-attachment-3431\" style=\"width: 1000px\" class=\"wp-caption alignnone\"><img decoding=\"async\" class=\"size-full wp-image-3431\" src=\"https:\/\/www.blackturtledive.com\/wp-content\/uploads\/2021\/01\/blackturtledive.com-crocodile-fish-marine-life-koh-tao.jpg\" alt=\"Krokodilfisch - Koh Tao Meeresbewohner R\u00e4uber\" width=\"1000\" height=\"632\" srcset=\"https:\/\/www.blackturtledive.com\/wp-content\/uploads\/2021\/01\/blackturtledive.com-crocodile-fish-marine-life-koh-tao.jpg 1000w, https:\/\/www.blackturtledive.com\/wp-content\/uploads\/2021\/01\/blackturtledive.com-crocodile-fish-marine-life-koh-tao-300x190.jpg 300w, https:\/\/www.blackturtledive.com\/wp-content\/uploads\/2021\/01\/blackturtledive.com-crocodile-fish-marine-life-koh-tao-768x485.jpg 768w, https:\/\/www.blackturtledive.com\/wp-content\/uploads\/2021\/01\/blackturtledive.com-crocodile-fish-marine-life-koh-tao-150x95.jpg 150w\" sizes=\"(max-width: 1000px) 100vw, 1000px\" \/><figcaption id=\"caption-attachment-3431\" class=\"wp-caption-text\">Krokodilfisch &#8211; Koh Tao Meeresbewohner R\u00e4uber<\/figcaption><\/figure>\n<h3><span style=\"color: #28d4ff;\">Interessante Fakten \u00fcber den Krokodilfisch<\/span><\/h3>\n<p>Die meisten bodenlebenden, flachen Fische sind wegen ihrer hervortretenden Augen erkennbar; der Krokodilfisch verdeckt die Augenh\u00f6hlen mit Hautlappen, den sogenannten Lappeten.<\/p>\n<p>Krokodilfische sind recht gro\u00dfe <a href=\"https:\/\/www.blackturtledive.com\/koh-tao-marine-life\/\">Meeresbewohner<\/a> und k\u00f6nnen bis zu 50 cm lang werden; sie sind sehr selbstsicher in ihrer Tarnf\u00e4higkeit.<\/p>\n<h3>Meister der Tarnung<\/h3>\n<p>N\u00e4hert sich ein Taucher, bleiben sie reglos und stellen manchmal die R\u00fcckenflosse auf \u2014 eine Geste im Sinne von <span style=\"color: #28d4ff;\"><em>Du hast mich vielleicht gesehen, aber ich habe dich zuerst gesehen<\/em><\/span>.<\/p>\n<p>Juvenile Krokodilfische sind vollst\u00e4ndig schwarz und halten sich in sehr flachen, felsigen Gew\u00e4ssern auf, bis sie reifen und ihre tarnende F\u00e4rbung ausbilden.<\/p>\n<figure id=\"attachment_3380\" aria-describedby=\"caption-attachment-3380\" style=\"width: 1000px\" class=\"wp-caption alignnone\"><img decoding=\"async\" class=\"size-full wp-image-3380\" src=\"https:\/\/www.blackturtledive.com\/wp-content\/uploads\/2021\/01\/blackturtledive.com-crocodile-fish-koh-tao-thailand.jpg\" alt=\"Krokodilfisch - Meeresbewohner\" width=\"1000\" height=\"650\" srcset=\"https:\/\/www.blackturtledive.com\/wp-content\/uploads\/2021\/01\/blackturtledive.com-crocodile-fish-koh-tao-thailand.jpg 1000w, https:\/\/www.blackturtledive.com\/wp-content\/uploads\/2021\/01\/blackturtledive.com-crocodile-fish-koh-tao-thailand-300x195.jpg 300w, https:\/\/www.blackturtledive.com\/wp-content\/uploads\/2021\/01\/blackturtledive.com-crocodile-fish-koh-tao-thailand-768x499.jpg 768w, https:\/\/www.blackturtledive.com\/wp-content\/uploads\/2021\/01\/blackturtledive.com-crocodile-fish-koh-tao-thailand-150x98.jpg 150w\" sizes=\"(max-width: 1000px) 100vw, 1000px\" \/><figcaption id=\"caption-attachment-3380\" class=\"wp-caption-text\">Krokodilfisch &#8211; Meeresbewohner<\/figcaption><\/figure>\n<p>[\/vc_column_text][\/vc_column][\/vc_row]<\/p>\n<\/div>","protected":false},"excerpt":{"rendered":"<p>Die Krokodilfische vor Koh Tao sind Lauerj\u00e4ger, die ihre Zeit am Meeresboden verbringen und Taucher beobachten, die ihre Anwesenheit nicht bemerken.<\/p>\n","protected":false},"author":2,"featured_media":18222,"parent":18647,"menu_order":0,"comment_status":"closed","ping_status":"closed","template":"","meta":{"_acf_changed":false,"footnotes":""},"class_list":["post-18627","page","type-page","status-publish","has-post-thumbnail","hentry"],"acf":[],"yoast_head":"<!-- This site is optimized with the Yoast SEO Premium plugin v27.6 (Yoast SEO v27.6) - https:\/\/yoast.com\/product\/yoast-seo-premium-wordpress\/ -->\n<title>Krokodilfisch Koh Tao | Black Turtle<\/title>\n<meta name=\"description\" content=\"Die Krokodilfische vor Koh Tao sind Lauerj\u00e4ger, die ihre Zeit am Meeresboden verbringen und Taucher beobachten, die ihre Anwesenheit nicht bemerken.\" \/>\n<meta name=\"robots\" content=\"index, follow, max-snippet:-1, max-image-preview:large, max-video-preview:-1\" \/>\n<link rel=\"canonical\" href=\"https:\/\/www.blackturtledive.com\/de\/koh-tao-marine-life\/crocodile-fish\/\" \/>\n<meta property=\"og:locale\" content=\"de_DE\" \/>\n<meta property=\"og:type\" content=\"article\" \/>\n<meta property=\"og:title\" content=\"Crocodile Fish Koh Tao | Black Turtle Dive\" \/>\n<meta property=\"og:description\" content=\"Crocodile Fish on Koh Tao are ambush predators who spend their time on the Ocean floor watching scuba divers who are oblivious to their presence\" \/>\n<meta property=\"og:url\" content=\"https:\/\/www.blackturtledive.com\/de\/koh-tao-marine-life\/crocodile-fish\/\" \/>\n<meta property=\"og:site_name\" content=\"Black Turtle Dive Koh Tao\" \/>\n<meta property=\"article:publisher\" content=\"https:\/\/www.facebook.com\/blackturtledive\" \/>\n<meta property=\"article:modified_time\" content=\"2026-05-05T14:24:04+00:00\" \/>\n<meta property=\"og:image\" content=\"https:\/\/www.blackturtledive.com\/wp-content\/uploads\/2020\/11\/blackturtledive.com-best-padi-divemaster-course-koh-tao.jpg\" \/>\n\t<meta property=\"og:image:width\" content=\"1200\" \/>\n\t<meta property=\"og:image:height\" content=\"800\" \/>\n\t<meta property=\"og:image:type\" content=\"image\/jpeg\" \/>\n<meta name=\"twitter:card\" content=\"summary_large_image\" \/>\n<meta name=\"twitter:title\" content=\"Crocodile Fish Koh Tao | Black Turtle Dive\" \/>\n<meta name=\"twitter:description\" content=\"Crocodile Fish on Koh Tao are ambush predators who spend their time on the Ocean floor watching scuba divers who are oblivious to their presence\" \/>\n<meta name=\"twitter:image\" content=\"https:\/\/www.blackturtledive.com\/wp-content\/uploads\/2020\/11\/blackturtledive.com-best-padi-divemaster-course-koh-tao.jpg\" \/>\n<meta name=\"twitter:site\" content=\"@blackturtledive\" \/>\n<meta name=\"twitter:label1\" content=\"Gesch\u00e4tzte Lesezeit\" \/>\n\t<meta name=\"twitter:data1\" content=\"4\u00a0Minuten\" \/>\n<!-- \/ Yoast SEO Premium plugin. -->","yoast_head_json":{"title":"Krokodilfisch Koh Tao | Black Turtle","description":"Die Krokodilfische vor Koh Tao sind Lauerj\u00e4ger, die ihre Zeit am Meeresboden verbringen und Taucher beobachten, die ihre Anwesenheit nicht bemerken.","robots":{"index":"index","follow":"follow","max-snippet":"max-snippet:-1","max-image-preview":"max-image-preview:large","max-video-preview":"max-video-preview:-1"},"canonical":"https:\/\/www.blackturtledive.com\/de\/koh-tao-marine-life\/crocodile-fish\/","og_locale":"de_DE","og_type":"article","og_title":"Crocodile Fish Koh Tao | Black Turtle Dive","og_description":"Crocodile Fish on Koh Tao are ambush predators who spend their time on the Ocean floor watching scuba divers who are oblivious to their presence","og_url":"https:\/\/www.blackturtledive.com\/de\/koh-tao-marine-life\/crocodile-fish\/","og_site_name":"Black Turtle Dive Koh Tao","article_publisher":"https:\/\/www.facebook.com\/blackturtledive","article_modified_time":"2026-05-05T14:24:04+00:00","og_image":[{"width":1200,"height":800,"url":"https:\/\/www.blackturtledive.com\/wp-content\/uploads\/2020\/11\/blackturtledive.com-best-padi-divemaster-course-koh-tao.jpg","type":"image\/jpeg"}],"twitter_card":"summary_large_image","twitter_title":"Crocodile Fish Koh Tao | Black Turtle Dive","twitter_description":"Crocodile Fish on Koh Tao are ambush predators who spend their time on the Ocean floor watching scuba divers who are oblivious to their presence","twitter_image":"https:\/\/www.blackturtledive.com\/wp-content\/uploads\/2020\/11\/blackturtledive.com-best-padi-divemaster-course-koh-tao.jpg","twitter_site":"@blackturtledive","twitter_misc":{"Gesch\u00e4tzte Lesezeit":"4\u00a0Minuten"},"schema":{"@context":"https:\/\/schema.org","@graph":[{"@type":"WebPage","@id":"https:\/\/www.blackturtledive.com\/de\/koh-tao-marine-life\/crocodile-fish\/","url":"https:\/\/www.blackturtledive.com\/de\/koh-tao-marine-life\/crocodile-fish\/","name":"Krokodilfisch Koh Tao | Black Turtle","isPartOf":{"@id":"https:\/\/www.blackturtledive.com\/de\/#website"},"primaryImageOfPage":{"@id":"https:\/\/www.blackturtledive.com\/de\/koh-tao-marine-life\/crocodile-fish\/#primaryimage"},"image":{"@id":"https:\/\/www.blackturtledive.com\/de\/koh-tao-marine-life\/crocodile-fish\/#primaryimage"},"thumbnailUrl":"https:\/\/www.blackturtledive.com\/wp-content\/uploads\/2021\/01\/blackturtledive.com-crocodile-fish-koh-tao-thailand.jpg","datePublished":"2020-11-04T15:42:31+00:00","dateModified":"2026-05-05T14:24:04+00:00","description":"Die Krokodilfische vor Koh Tao sind Lauerj\u00e4ger, die ihre Zeit am Meeresboden verbringen und Taucher beobachten, die ihre Anwesenheit nicht bemerken.","breadcrumb":{"@id":"https:\/\/www.blackturtledive.com\/de\/koh-tao-marine-life\/crocodile-fish\/#breadcrumb"},"inLanguage":"de","potentialAction":[{"@type":"ReadAction","target":["https:\/\/www.blackturtledive.com\/de\/koh-tao-marine-life\/crocodile-fish\/"]}]},{"@type":"ImageObject","inLanguage":"de","@id":"https:\/\/www.blackturtledive.com\/de\/koh-tao-marine-life\/crocodile-fish\/#primaryimage","url":"https:\/\/www.blackturtledive.com\/wp-content\/uploads\/2021\/01\/blackturtledive.com-crocodile-fish-koh-tao-thailand.jpg","contentUrl":"https:\/\/www.blackturtledive.com\/wp-content\/uploads\/2021\/01\/blackturtledive.com-crocodile-fish-koh-tao-thailand.jpg","width":1000,"height":650,"caption":"Crocodile Fish - Marine Life"},{"@type":"BreadcrumbList","@id":"https:\/\/www.blackturtledive.com\/de\/koh-tao-marine-life\/crocodile-fish\/#breadcrumb","itemListElement":[{"@type":"ListItem","position":1,"name":"Home","item":"https:\/\/www.blackturtledive.com\/de\/"},{"@type":"ListItem","position":2,"name":"Koh Tao Meeresleben","item":"https:\/\/www.blackturtledive.com\/de\/koh-tao-marine-life\/"},{"@type":"ListItem","position":3,"name":"Krokodilfisch"}]},{"@type":"WebSite","@id":"https:\/\/www.blackturtledive.com\/de\/#website","url":"https:\/\/www.blackturtledive.com\/de\/","name":"Black Turtle Dive Koh Tao","description":"Ocean Explorers | Marine Protectors","publisher":{"@id":"https:\/\/www.blackturtledive.com\/de\/#organization"},"alternateName":"Black Turtle Dive in Thailand","potentialAction":[{"@type":"SearchAction","target":{"@type":"EntryPoint","urlTemplate":"https:\/\/www.blackturtledive.com\/de\/?s={search_term_string}"},"query-input":{"@type":"PropertyValueSpecification","valueRequired":true,"valueName":"search_term_string"}}],"inLanguage":"de"},{"@type":"Organization","@id":"https:\/\/www.blackturtledive.com\/de\/#organization","name":"Black Turtle Dive Koh Tao","alternateName":"Black Turtle Dive","url":"https:\/\/www.blackturtledive.com\/de\/","logo":{"@type":"ImageObject","inLanguage":"de","@id":"https:\/\/www.blackturtledive.com\/de\/#\/schema\/logo\/image\/","url":"https:\/\/www.blackturtledive.com\/wp-content\/uploads\/2020\/11\/cropped-blackturtledive.com-brand-logo.png","contentUrl":"https:\/\/www.blackturtledive.com\/wp-content\/uploads\/2020\/11\/cropped-blackturtledive.com-brand-logo.png","width":400,"height":400,"caption":"Black Turtle Dive Koh Tao"},"image":{"@id":"https:\/\/www.blackturtledive.com\/de\/#\/schema\/logo\/image\/"},"sameAs":["https:\/\/www.facebook.com\/blackturtledive","https:\/\/x.com\/blackturtledive","https:\/\/www.instagram.com\/blackturtledive\/","https:\/\/www.youtube.com\/blackturtledive","https:\/\/www.linkedin.com\/company\/blackturtledive\/","https:\/\/www.tumblr.com\/blackturtledive","https:\/\/www.pinterest.com\/blackturtledive\/","https:\/\/www.tiktok.com\/@blackturtledive","https:\/\/www.reddit.com\/user\/blackturtledive\/"],"description":"Black Turtle Dive is a modern and innovative 5 Star Career Development Scuba Diving Center, passionate about the ocean and through training we want to empower you to become a competent and confident scuba diver. Our diving courses equip you with the skills, knowledge and awareness necessary to explore the ocean safely, whilst becoming a passionate advocate and protector of the marine environment. If you have never dived before or are a certified diver and want to develop your skills further, our tailored, bespoke courses and programs will inspire you to become an Ocean advocate. Our scientific based Marine Conservation Internships and training programs, offer aspiring scuba divers and marine conservationists, the best marine conservation internships on Koh Tao. We currently offer students six levels of Marine Conservation Internships at our beachside location on Koh Tao in Thailand. Check out our website for more information.","email":"info@blackturtledive.com","telephone":"089 592 2134","legalName":"Black Turtle Dive Co Ltd","foundingDate":"2020-01-01","publishingPrinciples":"https:\/\/www.blackturtledive.com\/terms\/","ownershipFundingInfo":"https:\/\/www.blackturtledive.com\/terms\/","actionableFeedbackPolicy":"https:\/\/www.blackturtledive.com\/privacy-policy\/","correctionsPolicy":"https:\/\/www.blackturtledive.com\/privacy-policy\/","ethicsPolicy":"https:\/\/www.blackturtledive.com\/privacy-policy\/","diversityPolicy":"https:\/\/www.blackturtledive.com\/privacy-policy\/"}]}},"_links":{"self":[{"href":"https:\/\/www.blackturtledive.com\/de\/wp-json\/wp\/v2\/pages\/18627","targetHints":{"allow":["GET"]}}],"collection":[{"href":"https:\/\/www.blackturtledive.com\/de\/wp-json\/wp\/v2\/pages"}],"about":[{"href":"https:\/\/www.blackturtledive.com\/de\/wp-json\/wp\/v2\/types\/page"}],"author":[{"embeddable":true,"href":"https:\/\/www.blackturtledive.com\/de\/wp-json\/wp\/v2\/users\/2"}],"replies":[{"embeddable":true,"href":"https:\/\/www.blackturtledive.com\/de\/wp-json\/wp\/v2\/comments?post=18627"}],"version-history":[{"count":1,"href":"https:\/\/www.blackturtledive.com\/de\/wp-json\/wp\/v2\/pages\/18627\/revisions"}],"predecessor-version":[{"id":70864,"href":"https:\/\/www.blackturtledive.com\/de\/wp-json\/wp\/v2\/pages\/18627\/revisions\/70864"}],"up":[{"embeddable":true,"href":"https:\/\/www.blackturtledive.com\/de\/wp-json\/wp\/v2\/pages\/18647"}],"wp:featuredmedia":[{"embeddable":true,"href":"https:\/\/www.blackturtledive.com\/de\/wp-json\/wp\/v2\/media\/18222"}],"wp:attachment":[{"href":"https:\/\/www.blackturtledive.com\/de\/wp-json\/wp\/v2\/media?parent=18627"}],"curies":[{"name":"wp","href":"https:\/\/api.w.org\/{rel}","templated":true}]}}