{"id":18628,"date":"2020-11-04T18:38:25","date_gmt":"2020-11-04T11:38:25","guid":{"rendered":"https:\/\/www.blackturtledive.com\/our-location\/"},"modified":"2026-05-05T21:24:05","modified_gmt":"2026-05-05T14:24:05","slug":"our-location","status":"publish","type":"page","link":"https:\/\/www.blackturtledive.com\/de\/about-us\/our-location\/","title":{"rendered":"Unser Standort"},"content":{"rendered":"<div class=\"wpb-content-wrapper\"><p>[vc_row][vc_column][vc_column_text css=&#8220;&#8220;]Black Turtle Dive befindet sich zentral in Mae Haad, dem Hauptpier und Tor zu Koh Tao, Thailand, nur einen kurzen Spaziergang von den F\u00e4hranlegestellen entfernt.<\/p>\n<p>Unsere Anlage dient als praktischer Knotenpunkt f\u00fcr Ausbildung und Abfahrten und bietet einfachen Zugang zu den besten Tauchpl\u00e4tzen der Insel, lokalen Einrichtungen und Unterk\u00fcnften am Strand.<\/p>\n<p>Durch die Lage im Zentrum der marinen Aktivit\u00e4ten der Insel k\u00f6nnen wir effiziente Bootlogistik anbieten und einen nahtlosen \u00dcbergang vom Buoyancy\u2011Lab im Pool zum Ozean gew\u00e4hrleisten.<\/p>\n<h3><span style=\"color: #28d4ff;\">Pr\u00fcfen Sie unsere Standortkarte, um uns zu finden (nahe der Pier)<\/span><\/h3>\n<p><a href=\"https:\/\/www.blackturtledive.com\/de\/\">Black Turtle Dive<\/a> ist bei Ankunft auf Koh Tao sehr leicht zu finden. Unser Check-in-B\u00fcro befindet sich nur wenige Minuten vom Hauptf\u00e4hranleger entfernt.<\/p>\n<p>Wie die meisten Unternehmen auf Koh Tao haben wir unseren Check-in-Prozess und den Standort unserer Rezeption an die aktuelle internationale Reisesituation angepasst.<\/p>\n<p>Unsere Service- und Ausbildungsstandards haben sich <em><span style=\"color: #28d4ff;\">nicht ge\u00e4ndert<\/span><\/em>. Im Rahmen unseres <a href=\"https:\/\/www.blackturtledive.com\/about-us\/our-customer-promise\/\">Kundenversprechens<\/a> m\u00f6chten wir Ihre Erwartungen erf\u00fcllen und unser Versprechen einhalten.<\/p>\n<figure id=\"attachment_19488\" aria-describedby=\"caption-attachment-19488\" style=\"width: 1248px\" class=\"wp-caption alignnone\"><img decoding=\"async\" class=\"wp-image-19488 size-full\" src=\"https:\/\/www.blackturtledive.com\/wp-content\/uploads\/2022\/12\/blackturtledive.com-map-new-location-mae-haad-koh-tao.png\" alt=\"map-new-location-mae-haad-koh-tao\" width=\"1248\" height=\"670\" srcset=\"https:\/\/www.blackturtledive.com\/wp-content\/uploads\/2022\/12\/blackturtledive.com-map-new-location-mae-haad-koh-tao.png 1248w, https:\/\/www.blackturtledive.com\/wp-content\/uploads\/2022\/12\/blackturtledive.com-map-new-location-mae-haad-koh-tao-1024x550.png 1024w, https:\/\/www.blackturtledive.com\/wp-content\/uploads\/2022\/12\/blackturtledive.com-map-new-location-mae-haad-koh-tao-768x412.png 768w, https:\/\/www.blackturtledive.com\/wp-content\/uploads\/2022\/12\/blackturtledive.com-map-new-location-mae-haad-koh-tao-150x81.png 150w\" sizes=\"(max-width: 1248px) 100vw, 1248px\" \/><figcaption id=\"caption-attachment-19488\" class=\"wp-caption-text\">Lage in Mae Haad, Koh Tao<\/figcaption><\/figure>\n<h3>B\u00fcros in Mae Haad, Koh Tao<\/h3>\n<p>Unsere <a href=\"https:\/\/www.blackturtledive.com\/experience-programs\/\">Experience-Programme<\/a>, PADI-<a href=\"https:\/\/www.blackturtledive.com\/padi-diving-courses\/\">Tauchkurse<\/a>, <a href=\"https:\/\/www.blackturtledive.com\/scuba-diving-internship\/divemaster-internship\/\">Divemaster<\/a>-, <a href=\"https:\/\/www.blackturtledive.com\/scuba-diving-internship\/diving-instructor-internship\/\">Tauchlehrer<\/a>&#8211; und <a href=\"https:\/\/www.blackturtledive.com\/marine-conservation-internships\/\">Conservation-Praktika<\/a> bieten Ihnen ein au\u00dfergew\u00f6hnliches Lernerlebnis.<\/p>\n<p>Unsere Tauchausbildungsprogramme haben sich in den letzten 20 Jahren weiterentwickelt und unser Kernteam von <a href=\"https:\/\/idckohtao.com\/\" target=\"_blank\" rel=\"noopener\">Tauchprofis<\/a> ist individuell auf Ihre Bed\u00fcrfnisse abgestimmt, unabh\u00e4ngig von Ihrem derzeitigen Ausbildungsstand.<\/p>\n<p>Sie k\u00f6nnen uns jederzeit direkt \u00fcber unsere Social-Plattformen kontaktieren, ein <a href=\"https:\/\/www.blackturtledive.com\/contact-us\/\">Formular<\/a> auf der Website ausf\u00fcllen oder uns eine E-Mail senden, um die neuesten <a href=\"https:\/\/www.blackturtledive.com\/blog\/start-your-padi-diving-course-with-e-learning\/\">Reise-<\/a> und <a href=\"https:\/\/www.blackturtledive.com\/koh-tao\/visas\/\">Visainformationen<\/a> zu erfahren.<\/p>\n<h3><span style=\"color: #28d4ff;\">Abholung am Pier<\/span><\/h3>\n<p>Wir k\u00f6nnen Sie am <a href=\"https:\/\/www.blackturtledive.com\/koh-tao\/how-to-get-to-koh-tao\/\">Pier<\/a> empfangen, wenn Ihr Boot ankommt, und Sie entweder zur <a href=\"https:\/\/www.anandavilla.com\/\" target=\"_blank\" rel=\"noopener\">Rezeption<\/a> begleiten oder beim Gep\u00e4ck mit einem Fahrzeug unterst\u00fctzen.<\/p>\n<p>Egal, ob Sie Kurzzeitgast sind und mit dem PADI <a href=\"https:\/\/www.blackturtledive.com\/padi-diving-courses\/open-water-course\/\">Open Water Kurs<\/a> beginnen oder Langzeitgast, der eines unserer erweiterten <a href=\"https:\/\/www.blackturtledive.com\/scuba-diving-internship\/\">Scuba-Diving-Internships<\/a> startet \u2013 der anf\u00e4ngliche Check-in-Prozess ist derselbe.<\/p>\n<p>Nat\u00fcrlich sorgen wir daf\u00fcr, dass Sie bei Ihrer ersten Ankunft (oder als Wiederkehrer) herzlich empfangen werden und sich als Teil der Black Turtle Dive-Familie willkommen f\u00fchlen.<\/p>\n<figure id=\"attachment_2751\" aria-describedby=\"caption-attachment-2751\" style=\"width: 1000px\" class=\"wp-caption alignnone\"><img decoding=\"async\" class=\"wp-image-2751 size-full\" src=\"https:\/\/www.blackturtledive.com\/wp-content\/uploads\/2020\/12\/blackturtledive.com-ananda-villa-beach-hotel-koh-tao-thailand.jpg\" alt=\"Strandnahe Unterkunft Koh Tao\" width=\"1000\" height=\"668\" srcset=\"https:\/\/www.blackturtledive.com\/wp-content\/uploads\/2020\/12\/blackturtledive.com-ananda-villa-beach-hotel-koh-tao-thailand.jpg 1000w, https:\/\/www.blackturtledive.com\/wp-content\/uploads\/2020\/12\/blackturtledive.com-ananda-villa-beach-hotel-koh-tao-thailand-300x200.jpg 300w, https:\/\/www.blackturtledive.com\/wp-content\/uploads\/2020\/12\/blackturtledive.com-ananda-villa-beach-hotel-koh-tao-thailand-768x513.jpg 768w, https:\/\/www.blackturtledive.com\/wp-content\/uploads\/2020\/12\/blackturtledive.com-ananda-villa-beach-hotel-koh-tao-thailand-150x100.jpg 150w\" sizes=\"(max-width: 1000px) 100vw, 1000px\" \/><figcaption id=\"caption-attachment-2751\" class=\"wp-caption-text\">Strandnahe Unterkunft auf Koh Tao<\/figcaption><\/figure>\n<h3>Check-in zu Ihrer Unterkunft<\/h3>\n<p>Unser Check-in-Ablauf ist sehr einfach; unsere Priorit\u00e4t ist, dass Sie Ihre Unterkunft erreichen, die erforderlichen Unterlagen ausf\u00fcllen und wir Ihre Reiseroute besprechen, damit wir mit Ihrer Ausbildung beginnen k\u00f6nnen.<\/p>\n<p>Mae Haad ist ein idealer Standort f\u00fcr Ihren Aufenthalt auf <a href=\"https:\/\/www.blackturtledive.com\/koh-tao\/activities-things-to-do\/\">Koh Tao<\/a>, da es nahe am Hauptf\u00e4hranleger, den <a href=\"https:\/\/www.blackturtledive.com\/koh-tao\/banks\/\">Banken der Hauptstra\u00dfe<\/a>, dem Postamt, \u00f6rtlichen Lebensmittelgesch\u00e4ften, Apotheken und sogar dem <a href=\"https:\/\/www.blackturtledive.com\/koh-tao\/medical-services\/\">Krankenhaus von Koh Tao<\/a> liegt.<\/p>\n<p>Mae Haad Village bietet au\u00dferdem zwei <a href=\"https:\/\/www.blackturtledive.com\/koh-tao\/beaches\/\">wei\u00dfe Sandstr\u00e4nde<\/a> beidseits des F\u00e4hranlegers, ges\u00e4umt von Palmen, die nach Westen hinausragen und spektakul\u00e4re <a href=\"https:\/\/www.blackturtledive.com\/koh-tao\/weather\/\">Koh Tao-Sonnenunterg\u00e4nge<\/a> bieten.<\/p>\n<figure id=\"attachment_2749\" aria-describedby=\"caption-attachment-2749\" style=\"width: 1300px\" class=\"wp-caption alignnone\"><img decoding=\"async\" class=\"wp-image-2749 size-full\" src=\"https:\/\/www.blackturtledive.com\/wp-content\/uploads\/2020\/12\/blackturtledive.com-mae-haad-beach-koh-tao.jpg\" alt=\"Mae Haad Beach Nord - Koh Tao\" width=\"1300\" height=\"731\" srcset=\"https:\/\/www.blackturtledive.com\/wp-content\/uploads\/2020\/12\/blackturtledive.com-mae-haad-beach-koh-tao.jpg 1300w, https:\/\/www.blackturtledive.com\/wp-content\/uploads\/2020\/12\/blackturtledive.com-mae-haad-beach-koh-tao-300x169.jpg 300w, https:\/\/www.blackturtledive.com\/wp-content\/uploads\/2020\/12\/blackturtledive.com-mae-haad-beach-koh-tao-1024x576.jpg 1024w, https:\/\/www.blackturtledive.com\/wp-content\/uploads\/2020\/12\/blackturtledive.com-mae-haad-beach-koh-tao-768x432.jpg 768w, https:\/\/www.blackturtledive.com\/wp-content\/uploads\/2020\/12\/blackturtledive.com-mae-haad-beach-koh-tao-150x84.jpg 150w\" sizes=\"(max-width: 1300px) 100vw, 1300px\" \/><figcaption id=\"caption-attachment-2749\" class=\"wp-caption-text\">Mae Haad Beach Nord &#8211; Koh Tao<\/figcaption><\/figure>\n<h3><span style=\"color: #28d4ff;\">Wei\u00dfe Sandstr\u00e4nde in Mae Haad<\/span><\/h3>\n<p>Entlang der idyllischen Str\u00e4nde finden Sie Restaurants mit Meerblick, Caf\u00e9s und eine Auswahl an Strandunterk\u00fcnften.<\/p>\n<p>Black Turtle Dive bietet Kunden eine Auswahl an Unterk\u00fcnften, von Garten-Bungalows mit Ventilator, nur 50 Meter vom Strand entfernt, bis zu Superior-Zimmern mit Klimaanlage direkt neben dem Strand.<\/p>\n<p>Koh Tao verf\u00fcgt \u00fcber eine gro\u00dfe Auswahl an <a href=\"https:\/\/www.blackturtledive.com\/koh-tao\/accommodation\/\">Unterk\u00fcnften<\/a> rund um die Insel, von Chalok Baan Kao bis Sairee Beach an der Ost- und Nordk\u00fcste.<\/p>\n<p>Gern beraten wir Sie, wenn Sie in einer anderen Inselregion \u00fcbernachten m\u00f6chten; in den meisten F\u00e4llen k\u00f6nnen Sie au\u00dferdem <a href=\"https:\/\/www.thefunkyturtle.com\/lifestyle\/activities\/koh-tao-scooter-rental\/\" target=\"_blank\" rel=\"noopener\">einen unserer Roller mieten<\/a>, um an Ihrem Tauchkurs teilzunehmen.<\/p>\n<figure id=\"attachment_2747\" aria-describedby=\"caption-attachment-2747\" style=\"width: 1100px\" class=\"wp-caption alignnone\"><img decoding=\"async\" class=\"wp-image-2747 size-full\" src=\"https:\/\/www.blackturtledive.com\/wp-content\/uploads\/2020\/12\/blackturtledive.com-beach-restaurant-koh-tao.jpg\" alt=\"Black Turtle Dive Strandrestaurants Koh Tao\" width=\"1100\" height=\"576\" srcset=\"https:\/\/www.blackturtledive.com\/wp-content\/uploads\/2020\/12\/blackturtledive.com-beach-restaurant-koh-tao.jpg 1100w, https:\/\/www.blackturtledive.com\/wp-content\/uploads\/2020\/12\/blackturtledive.com-beach-restaurant-koh-tao-300x157.jpg 300w, https:\/\/www.blackturtledive.com\/wp-content\/uploads\/2020\/12\/blackturtledive.com-beach-restaurant-koh-tao-1024x536.jpg 1024w, https:\/\/www.blackturtledive.com\/wp-content\/uploads\/2020\/12\/blackturtledive.com-beach-restaurant-koh-tao-768x402.jpg 768w, https:\/\/www.blackturtledive.com\/wp-content\/uploads\/2020\/12\/blackturtledive.com-beach-restaurant-koh-tao-150x79.jpg 150w\" sizes=\"(max-width: 1100px) 100vw, 1100px\" \/><figcaption id=\"caption-attachment-2747\" class=\"wp-caption-text\">Black Turtle Dive Strandrestaurants Koh Tao<\/figcaption><\/figure>\n<h3>Strandrestaurants in Mae Haad<\/h3>\n<p>Unsere Lage in Mae Haad bietet Ihnen zwei Restaurants vor Ort mit einer gro\u00dfen Auswahl an internationaler und lokaler thail\u00e4ndischer K\u00fcche.<\/p>\n<p>Im Pranees Kitchen <a href=\"https:\/\/www.anandavilla.com\/pranee-kitchen\/\" target=\"_blank\" rel=\"noopener\">Thai Restaurant<\/a> finden Sie m\u00f6glicherweise das beste Pad Thai Thailands, und im <a href=\"https:\/\/www.breezekohtao.com\/\" target=\"_blank\" rel=\"noopener\">Breeze Koh Tao<\/a> bieten wir ein vielf\u00e4ltiges und beliebtes Angebot internationaler Gerichte.<\/p>\n<p>Unsere Lage in Mae Haad ist ideal f\u00fcr Kurz- und Langzeitg\u00e4ste und ein perfekter Ausgangspunkt f\u00fcr Ihre Reise als Taucher oder als Besucher, der unsere Experience-Programme ausprobieren und <a href=\"https:\/\/www.blackturtledive.com\/koh-tao\/viewpoints\/\">Koh Tao erkunden<\/a> m\u00f6chte.<\/p>\n<p>Bitte <span style=\"color: #28d4ff;\"><em>schicken Sie uns eine Nachricht<\/em><\/span>, wenn Sie vor Ihrer Anreise Fragen haben oder unsicher sind, wie Sie uns finden. Wir freuen uns darauf, Sie auf unserer Insel willkommen zu hei\u00dfen.<\/p>\n<p><a class=\"fasc-button fasc-size-large fasc-type-flat\" style=\"background-color: #33809e; color: #ffffff;\" href=\"https:\/\/www.blackturtledive.com\/contact-us\/\">KONTAKT<\/a>[\/vc_column_text][\/vc_column][\/vc_row]<\/p>\n<\/div>","protected":false},"excerpt":{"rendered":"<p>Black Turtle Dive ist bei der Ankunft auf Koh Tao sehr leicht zu finden, und das B\u00fcro, in dem Sie einchecken m\u00fcssen, liegt nur wenige Minuten vom Hauptf\u00e4hranleger entfernt.<\/p>\n","protected":false},"author":2,"featured_media":19490,"parent":18745,"menu_order":0,"comment_status":"closed","ping_status":"closed","template":"","meta":{"_acf_changed":false,"footnotes":""},"class_list":["post-18628","page","type-page","status-publish","has-post-thumbnail","hentry"],"acf":[],"yoast_head":"<!-- This site is optimized with the Yoast SEO Premium plugin v27.6 (Yoast SEO v27.6) - https:\/\/yoast.com\/product\/yoast-seo-premium-wordpress\/ -->\n<title>Standort in Mae Haad, Koh Tao | Black Turtle Dive<\/title>\n<meta name=\"description\" content=\"Black Turtle Dive liegt zentral in Mae Haad, dem Haupthafen und Tor nach Koh Tao, Thailand, nur wenige Gehminuten von den wichtigsten F\u00e4hranlegern entfernt.\" \/>\n<meta name=\"robots\" content=\"index, follow, max-snippet:-1, max-image-preview:large, max-video-preview:-1\" \/>\n<link rel=\"canonical\" href=\"https:\/\/www.blackturtledive.com\/de\/about-us\/our-location\/\" \/>\n<meta property=\"og:locale\" content=\"de_DE\" \/>\n<meta property=\"og:type\" content=\"article\" \/>\n<meta property=\"og:title\" content=\"Our Location Koh Tao | Black Turtle Dive\" \/>\n<meta property=\"og:description\" content=\"Our location is very easy to find when you arrive on Koh Tao and the office you need to check in at, is conveniently located just a few minutes from the main ferry pier.\" \/>\n<meta property=\"og:url\" content=\"https:\/\/www.blackturtledive.com\/de\/about-us\/our-location\/\" \/>\n<meta property=\"og:site_name\" content=\"Black Turtle Dive Koh Tao\" \/>\n<meta property=\"article:publisher\" content=\"https:\/\/www.facebook.com\/blackturtledive\" \/>\n<meta property=\"article:modified_time\" content=\"2026-05-05T14:24:05+00:00\" \/>\n<meta property=\"og:image\" content=\"https:\/\/www.blackturtledive.com\/wp-content\/uploads\/2020\/12\/blackturtledive.com-map-location-mae-haad-koh-tao.jpg\" \/>\n\t<meta property=\"og:image:width\" content=\"1000\" \/>\n\t<meta property=\"og:image:height\" content=\"537\" \/>\n\t<meta property=\"og:image:type\" content=\"image\/jpeg\" \/>\n<meta name=\"twitter:card\" content=\"summary_large_image\" \/>\n<meta name=\"twitter:title\" content=\"Our Location Koh Tao | Black Turtle Dive\" \/>\n<meta name=\"twitter:description\" content=\"Our location is very easy to find when you arrive on Koh Tao and the office you need to check in at, is conveniently located just a few minutes from the main ferry pier.\" \/>\n<meta name=\"twitter:image\" content=\"https:\/\/www.blackturtledive.com\/wp-content\/uploads\/2020\/12\/blackturtledive.com-map-location-mae-haad-koh-tao.jpg\" \/>\n<meta name=\"twitter:site\" content=\"@blackturtledive\" \/>\n<meta name=\"twitter:label1\" content=\"Gesch\u00e4tzte Lesezeit\" \/>\n\t<meta name=\"twitter:data1\" content=\"4\u00a0Minuten\" \/>\n<!-- \/ Yoast SEO Premium plugin. -->","yoast_head_json":{"title":"Standort in Mae Haad, Koh Tao | Black Turtle Dive","description":"Black Turtle Dive liegt zentral in Mae Haad, dem Haupthafen und Tor nach Koh Tao, Thailand, nur wenige Gehminuten von den wichtigsten F\u00e4hranlegern entfernt.","robots":{"index":"index","follow":"follow","max-snippet":"max-snippet:-1","max-image-preview":"max-image-preview:large","max-video-preview":"max-video-preview:-1"},"canonical":"https:\/\/www.blackturtledive.com\/de\/about-us\/our-location\/","og_locale":"de_DE","og_type":"article","og_title":"Our Location Koh Tao | Black Turtle Dive","og_description":"Our location is very easy to find when you arrive on Koh Tao and the office you need to check in at, is conveniently located just a few minutes from the main ferry pier.","og_url":"https:\/\/www.blackturtledive.com\/de\/about-us\/our-location\/","og_site_name":"Black Turtle Dive Koh Tao","article_publisher":"https:\/\/www.facebook.com\/blackturtledive","article_modified_time":"2026-05-05T14:24:05+00:00","og_image":[{"width":1000,"height":537,"url":"https:\/\/www.blackturtledive.com\/wp-content\/uploads\/2020\/12\/blackturtledive.com-map-location-mae-haad-koh-tao.jpg","type":"image\/jpeg"}],"twitter_card":"summary_large_image","twitter_title":"Our Location Koh Tao | Black Turtle Dive","twitter_description":"Our location is very easy to find when you arrive on Koh Tao and the office you need to check in at, is conveniently located just a few minutes from the main ferry pier.","twitter_image":"https:\/\/www.blackturtledive.com\/wp-content\/uploads\/2020\/12\/blackturtledive.com-map-location-mae-haad-koh-tao.jpg","twitter_site":"@blackturtledive","twitter_misc":{"Gesch\u00e4tzte Lesezeit":"4\u00a0Minuten"},"schema":{"@context":"https:\/\/schema.org","@graph":[{"@type":"WebPage","@id":"https:\/\/www.blackturtledive.com\/de\/about-us\/our-location\/","url":"https:\/\/www.blackturtledive.com\/de\/about-us\/our-location\/","name":"Standort in Mae Haad, Koh Tao | Black Turtle Dive","isPartOf":{"@id":"https:\/\/www.blackturtledive.com\/de\/#website"},"primaryImageOfPage":{"@id":"https:\/\/www.blackturtledive.com\/de\/about-us\/our-location\/#primaryimage"},"image":{"@id":"https:\/\/www.blackturtledive.com\/de\/about-us\/our-location\/#primaryimage"},"thumbnailUrl":"https:\/\/www.blackturtledive.com\/wp-content\/uploads\/2022\/12\/blackturtledive.com-map-new-location-mae-haad-koh-tao.png","datePublished":"2020-11-04T11:38:25+00:00","dateModified":"2026-05-05T14:24:05+00:00","description":"Black Turtle Dive liegt zentral in Mae Haad, dem Haupthafen und Tor nach Koh Tao, Thailand, nur wenige Gehminuten von den wichtigsten F\u00e4hranlegern entfernt.","breadcrumb":{"@id":"https:\/\/www.blackturtledive.com\/de\/about-us\/our-location\/#breadcrumb"},"inLanguage":"de","potentialAction":[{"@type":"ReadAction","target":["https:\/\/www.blackturtledive.com\/de\/about-us\/our-location\/"]}]},{"@type":"ImageObject","inLanguage":"de","@id":"https:\/\/www.blackturtledive.com\/de\/about-us\/our-location\/#primaryimage","url":"https:\/\/www.blackturtledive.com\/wp-content\/uploads\/2022\/12\/blackturtledive.com-map-new-location-mae-haad-koh-tao.png","contentUrl":"https:\/\/www.blackturtledive.com\/wp-content\/uploads\/2022\/12\/blackturtledive.com-map-new-location-mae-haad-koh-tao.png","width":1248,"height":670,"caption":"Location in Mae Haad, Koh Tao"},{"@type":"BreadcrumbList","@id":"https:\/\/www.blackturtledive.com\/de\/about-us\/our-location\/#breadcrumb","itemListElement":[{"@type":"ListItem","position":1,"name":"Home","item":"https:\/\/www.blackturtledive.com\/de\/"},{"@type":"ListItem","position":2,"name":"\u00dcber Black Turtle Dive","item":"https:\/\/www.blackturtledive.com\/de\/about-us\/"},{"@type":"ListItem","position":3,"name":"Unser Standort"}]},{"@type":"WebSite","@id":"https:\/\/www.blackturtledive.com\/de\/#website","url":"https:\/\/www.blackturtledive.com\/de\/","name":"Black Turtle Dive Koh Tao","description":"Ocean Explorers | Marine Protectors","publisher":{"@id":"https:\/\/www.blackturtledive.com\/de\/#organization"},"alternateName":"Black Turtle Dive in Thailand","potentialAction":[{"@type":"SearchAction","target":{"@type":"EntryPoint","urlTemplate":"https:\/\/www.blackturtledive.com\/de\/?s={search_term_string}"},"query-input":{"@type":"PropertyValueSpecification","valueRequired":true,"valueName":"search_term_string"}}],"inLanguage":"de"},{"@type":"Organization","@id":"https:\/\/www.blackturtledive.com\/de\/#organization","name":"Black Turtle Dive Koh Tao","alternateName":"Black Turtle Dive","url":"https:\/\/www.blackturtledive.com\/de\/","logo":{"@type":"ImageObject","inLanguage":"de","@id":"https:\/\/www.blackturtledive.com\/de\/#\/schema\/logo\/image\/","url":"https:\/\/www.blackturtledive.com\/wp-content\/uploads\/2020\/11\/cropped-blackturtledive.com-brand-logo.png","contentUrl":"https:\/\/www.blackturtledive.com\/wp-content\/uploads\/2020\/11\/cropped-blackturtledive.com-brand-logo.png","width":400,"height":400,"caption":"Black Turtle Dive Koh Tao"},"image":{"@id":"https:\/\/www.blackturtledive.com\/de\/#\/schema\/logo\/image\/"},"sameAs":["https:\/\/www.facebook.com\/blackturtledive","https:\/\/x.com\/blackturtledive","https:\/\/www.instagram.com\/blackturtledive\/","https:\/\/www.youtube.com\/blackturtledive","https:\/\/www.linkedin.com\/company\/blackturtledive\/","https:\/\/www.tumblr.com\/blackturtledive","https:\/\/www.pinterest.com\/blackturtledive\/","https:\/\/www.tiktok.com\/@blackturtledive","https:\/\/www.reddit.com\/user\/blackturtledive\/"],"description":"Black Turtle Dive is a modern and innovative 5 Star Career Development Scuba Diving Center, passionate about the ocean and through training we want to empower you to become a competent and confident scuba diver. Our diving courses equip you with the skills, knowledge and awareness necessary to explore the ocean safely, whilst becoming a passionate advocate and protector of the marine environment. If you have never dived before or are a certified diver and want to develop your skills further, our tailored, bespoke courses and programs will inspire you to become an Ocean advocate. Our scientific based Marine Conservation Internships and training programs, offer aspiring scuba divers and marine conservationists, the best marine conservation internships on Koh Tao. We currently offer students six levels of Marine Conservation Internships at our beachside location on Koh Tao in Thailand. Check out our website for more information.","email":"info@blackturtledive.com","telephone":"089 592 2134","legalName":"Black Turtle Dive Co Ltd","foundingDate":"2020-01-01","publishingPrinciples":"https:\/\/www.blackturtledive.com\/terms\/","ownershipFundingInfo":"https:\/\/www.blackturtledive.com\/terms\/","actionableFeedbackPolicy":"https:\/\/www.blackturtledive.com\/privacy-policy\/","correctionsPolicy":"https:\/\/www.blackturtledive.com\/privacy-policy\/","ethicsPolicy":"https:\/\/www.blackturtledive.com\/privacy-policy\/","diversityPolicy":"https:\/\/www.blackturtledive.com\/privacy-policy\/"}]}},"_links":{"self":[{"href":"https:\/\/www.blackturtledive.com\/de\/wp-json\/wp\/v2\/pages\/18628","targetHints":{"allow":["GET"]}}],"collection":[{"href":"https:\/\/www.blackturtledive.com\/de\/wp-json\/wp\/v2\/pages"}],"about":[{"href":"https:\/\/www.blackturtledive.com\/de\/wp-json\/wp\/v2\/types\/page"}],"author":[{"embeddable":true,"href":"https:\/\/www.blackturtledive.com\/de\/wp-json\/wp\/v2\/users\/2"}],"replies":[{"embeddable":true,"href":"https:\/\/www.blackturtledive.com\/de\/wp-json\/wp\/v2\/comments?post=18628"}],"version-history":[{"count":1,"href":"https:\/\/www.blackturtledive.com\/de\/wp-json\/wp\/v2\/pages\/18628\/revisions"}],"predecessor-version":[{"id":70865,"href":"https:\/\/www.blackturtledive.com\/de\/wp-json\/wp\/v2\/pages\/18628\/revisions\/70865"}],"up":[{"embeddable":true,"href":"https:\/\/www.blackturtledive.com\/de\/wp-json\/wp\/v2\/pages\/18745"}],"wp:featuredmedia":[{"embeddable":true,"href":"https:\/\/www.blackturtledive.com\/de\/wp-json\/wp\/v2\/media\/19490"}],"wp:attachment":[{"href":"https:\/\/www.blackturtledive.com\/de\/wp-json\/wp\/v2\/media?parent=18628"}],"curies":[{"name":"wp","href":"https:\/\/api.w.org\/{rel}","templated":true}]}}