{"id":18631,"date":"2020-09-19T23:42:18","date_gmt":"2020-09-19T16:42:18","guid":{"rendered":"https:\/\/www.blackturtledive.com\/red-lion-fish\/"},"modified":"2026-05-05T21:24:07","modified_gmt":"2026-05-05T14:24:07","slug":"red-lion-fish","status":"publish","type":"page","link":"https:\/\/www.blackturtledive.com\/de\/koh-tao-marine-life\/red-lion-fish\/","title":{"rendered":"Feuerfisch"},"content":{"rendered":"<div class=\"wpb-content-wrapper\"><p>[vc_row][vc_column][vc_column_text css=&#8220;&#8220;]Der Rotfeuerfisch (Pterois volitans) ist ein beeindruckender, aber giftiger R\u00e4uber, gekennzeichnet durch seine f\u00e4cherartigen Brustflossen und langen, giftigen R\u00fcckenstacheln.<\/p>\n<p>Oft in der N\u00e4he von Spalten oder Wracks wie der HTMS Sattakut schwebend anzutreffen, nutzen sie ihre prunkvollen Flossen, um kleine Fische in die Enge zu treiben, bevor sie diese mit einem blitzschnellen Schlag ganz verschlingen.<\/p>\n<p>Obwohl sie im Atlantik eine invasive Art sind, geh\u00f6ren sie im Indo\u2011Pazifik, einschlie\u00dflich Koh Tao, nat\u00fcrlicherweise zum \u00d6kosystem und fungieren dort als wichtige n\u00e4chtliche J\u00e4ger am Riff.<\/p>\n<h3><span style=\"color: #28d4ff;\">Alles \u00fcber den Rotfeuerfisch auf Koh Tao<\/span><\/h3>\n<p>Rotfeuerfische gelten als eine der anpassungsf\u00e4higsten <a href=\"https:\/\/www.blackturtledive.com\/koh-tao-marine-life\/\">Fischarten im Ozean<\/a>; in Regionen wie dem Great Barrier Reef werden sie aktiv gejagt, um ihre wachsende Population einzud\u00e4mmen.<\/p>\n<p>Da Rotfeuerfische kaum nat\u00fcrliche Feinde haben, k\u00f6nnen sie im Laufe der Zeit ganze Best\u00e4nde einer <a href=\"https:\/\/www.blackturtledive.com\/padi-specialty-courses\/fish-identification\/\">Fischart<\/a> an einem <a href=\"https:\/\/www.blackturtledive.com\/conservation\/marine-conservation-courses\/coral-reef-conservation-diver\/\">Korallenriff<\/a> dezimieren.<\/p>\n<p>Rund um <a href=\"https:\/\/www.blackturtledive.com\/koh-tao\/\">Koh Tao<\/a> sind Rotfeuerfische nicht \u00fcberm\u00e4\u00dfig zahlreich, werden aber von <a href=\"https:\/\/www.blackturtledive.com\/padi-diving-courses\/\">Tauchern<\/a> an verschiedenen <a href=\"https:\/\/www.blackturtledive.com\/koh-tao-dive-sites\/\">Tauchpl\u00e4tzen<\/a> gesichtet.<\/p>\n<div  data-ep-a=\"fadeIn\"  id=\"_ytid_29787\"  width=\"640\" height=\"360\"  data-origwidth=\"640\" data-origheight=\"360\"  data-relstop=\"1\" data-facadesrc=\"https:\/\/www.youtube.com\/embed\/F1X75BWAduA?enablejsapi=1&origin=https:\/\/www.blackturtledive.com&autoplay=0&cc_load_policy=0&cc_lang_pref=&iv_load_policy=1&loop=0&rel=0&fs=1&playsinline=0&autohide=2&theme=dark&color=red&controls=1&disablekb=0&\" class=\"__youtube_prefs__ epyt-facade  no-lazyload\" data-epautoplay=\"1\" ><img decoding=\"async\" data-spai-excluded=\"true\" class=\"epyt-facade-poster skip-lazy\" loading=\"lazy\"  alt=\"Venomous Red Lionfish: The Hidden Gem Of Koh Tao&#039;s Diving Spots | BlackTurtleDive.com\"  src=\"https:\/\/i.ytimg.com\/vi\/F1X75BWAduA\/maxresdefault.jpg\"  \/><button class=\"epyt-facade-play\" aria-label=\"Play\"><svg data-no-lazy=\"1\" height=\"100%\" version=\"1.1\" viewBox=\"0 0 68 48\" width=\"100%\"><path class=\"ytp-large-play-button-bg\" d=\"M66.52,7.74c-0.78-2.93-2.49-5.41-5.42-6.19C55.79,.13,34,0,34,0S12.21,.13,6.9,1.55 C3.97,2.33,2.27,4.81,1.48,7.74C0.06,13.05,0,24,0,24s0.06,10.95,1.48,16.26c0.78,2.93,2.49,5.41,5.42,6.19 C12.21,47.87,34,48,34,48s21.79-0.13,27.1-1.55c2.93-0.78,4.64-3.26,5.42-6.19C67.94,34.95,68,24,68,24S67.94,13.05,66.52,7.74z\" fill=\"#f00\"><\/path><path d=\"M 45,24 27,14 27,34\" fill=\"#fff\"><\/path><\/svg><\/button><\/div><span itemprop=\"video\" itemscope itemtype=\"http:\/\/schema.org\/VideoObject\"><meta itemprop=\"embedUrl\" content=\"https:\/\/www.youtube.com\/embed\/F1X75BWAduA\"><meta itemprop=\"name\" content=\"Venomous Red Lionfish: The Hidden Gem Of Koh Tao&#039;s Diving Spots | BlackTurtleDive.com\"><meta itemprop=\"description\" content=\"Join us on a captivating dive in Koh Tao, Thailand, as we explore the intriguing world of the Red Lionfish. Known for their striking appearance and adaptability, these fish are vital to the ocean&#039;s ecosystem. In this video, we delve into the challenges posed by their rising population and the importance of sustainable marine practices. Witness the Red Lionfish in their natural habitat around Koh Tao&#039;s diverse dive sites, and learn about our efforts to maintain a balanced marine environment. Check out more of our Marine life on Koh Tao: https:\/\/www.blackturtledive.com\/koh-tao-marine-life\/red-lion-fish\/ This video concerns Venomous Red Lionfish: The Hidden Gem Of Koh Tao&#039;s Diving Spots. But It also covers the following topics: Spotting Red Lionfish In Koh Tao Best Dives To See Red Lionfish Koh Tao Diving Experiences Video Title: Venomous Red Lionfish: The Hidden Gem Of Koh Tao&#039;s Diving Spots | BlackTurtleDive.com \ud83d\udd14Get on a Life-Changing Underwater Adventure with Us \u2013 Your Gateway to the Ocean&#039;s Wonders! Hit Subscribe Now to Join Our Community of Ocean Advocates. https:\/\/www.youtube.com\/&#064;BlackTurtleDive\/?sub_confirmation=1 \u2705Important Links to Follow \ud83d\udd17Brand Channels \u2728Main diving courses brand: https:\/\/www.blackturtledive.com\/ \u2728PADI Dive Courses ( Pro level): https:\/\/idckohtao.com\/ \u2728Marine Conservation Internships: https:\/\/www.ecokohtao.com\/ \u2705 Stay Connected With Us. \ud83d\udc49Facebook: https:\/\/www.facebook.com\/blackturtledive \ud83d\udc49Instagram: https:\/\/www.instagram.com\/blackturtledive\/ \ud83d\udc49Threads: https:\/\/www.threads.net\/&#064;blackturtledive \ud83d\udc49Tiktok: https:\/\/www.tiktok.com\/&#064;blackturtledive \ud83d\udc49Twitter (X): https:\/\/twitter.com\/blackturtledive \ud83d\udc49Pinterest: https:\/\/www.pinterest.com\/blackturtledive\/ \ud83d\udc49Website: https:\/\/www.blackturtledive.com\/ \u2705 For Business Inquiries: media&#064;blackturtledive.com ============================= \u2705 Recommended Playlists \ud83d\udc49 Koh Tao Marine Life (Part 1) https:\/\/www.youtube.com\/watch?v=1D3Dbtrq5vI&amp;list=PLW_jU0PKLEUGS-ZQjvOB0_8q7cZZmOqCC&amp;pp=iAQB \ud83d\udc49PADI Instructor Development Course (IDC) | Black Turtle Dive, Koh Tao https:\/\/www.youtube.com\/watch?v=kXPwkxj0gyg&amp;list=PLW_jU0PKLEUEUo8dW4l2QD8ywAwK7xP1c&amp;pp=iAQB \u2705 Other Videos You Might Be Interested In Watching: \ud83d\udc49 Coral Watch Marine Conservation Course in Koh Tao, Thailand https:\/\/www.youtube.com\/watch?v=mM6C-QgT1z4 \ud83d\udc49 Fun Diving On Koh Tao In Thailand https:\/\/www.youtube.com\/watch?v=rE8d65rzEqc \ud83d\udc49 Whaleshark Koh Tao https:\/\/www.youtube.com\/watch?v=1D3Dbtrq5vI \ud83d\udc49 Pink Tail Trigger Fish Koh Tao https:\/\/www.youtube.com\/watch?v=JrQtGqlxnX8 \ud83d\udc49 Tailfin Batfish Koh Tao https:\/\/www.youtube.com\/watch?v=RCjIBjmvSZM ============================= \u2705 About Black Turtle Dive. As a modern and innovative Scuba Diving Center, Black Turtle Dive is passionate about the ocean, and through our training, we want to empower you to become a competent and confident scuba diver. Our diving courses equip you with the skills, knowledge, and awareness necessary to explore the ocean safely while becoming a passionate advocate and protector of the marine environment. If you have never dived before or are a certified diver and want to develop your skills further, our tailored, bespoke courses and programs will inspire you to become an Ocean advocate. Our scientific-based Marine Conservation Internships, or Reef Ecology And Conservation Training program (REACT), offer aspiring scuba divers and marine conservationists the best marine conservation internships on Koh Tao. We offer students three levels of Marine Conservation Internships at our beachside location on Koh Tao in Thailand. For Collaboration and Business inquiries, please use the contact information below: \ud83d\udce9 Email: media&#064;blackturtledive.com \ud83d\udd14Discover the Underwater World with Us: Expert Training, Unforgettable Experiences, and a Commitment to Marine Protection. Subscribe Now: https:\/\/www.youtube.com\/&#064;BlackTurtleDive\/?sub_confirmation=1 ================================= #redlionfish #kohtao #divingthailand #marineconservation #oceanecosystem #scubadiving \u26a0\ufe0fDISCLAIMER: We do not accept any liability for any loss or damage incurred from you acting or not acting as a result of watching any of our publications. You acknowledge that you use the information we provide at your own risk. Do your research. Copyright Notice: This video and our YouTube channel contain dialogue, music, and images that are the property of Black Turtle Dive. You are authorized to share the video link and channel and embed this video in your website or others as long as a link back to our YouTube channel is provided. \u00a9 Black Turtle Dive\"><meta itemprop=\"thumbnailUrl\" content=\"https:\/\/i.ytimg.com\/vi\/F1X75BWAduA\/0.jpg\"><meta itemprop=\"duration\" content=\"PT1M\"><meta itemprop=\"uploadDate\" content=\"2021-01-24T08:49:06Z\"><\/span>\n<h3>Wo man den Rotfeuerfisch auf Koh Tao findet<\/h3>\n<p>Rotfeuerfische kommen an <a href=\"https:\/\/www.blackturtledive.com\/koh-tao-dive-sites\/chumphon-pinnacle\/\">Chumphon Pinnacle<\/a>, <a href=\"https:\/\/www.blackturtledive.com\/koh-tao-dive-sites\/htms-sattakut\/\">HTMS Sattakut<\/a> und <a href=\"https:\/\/www.blackturtledive.com\/koh-tao-dive-sites\/junkyard-reef\/\">Junkyard Reef<\/a> sowie gelegentlich an Pl\u00e4tzen wie <a href=\"https:\/\/www.blackturtledive.com\/koh-tao-dive-sites\/aow-leuk\/\">Aow Leuk<\/a> und <a href=\"https:\/\/www.blackturtledive.com\/koh-tao-dive-sites\/green-rock\/\">Green Rock<\/a> vor.<\/p>\n<h3><span style=\"color: #28d4ff;\">Wie man den Rotfeuerfisch erkennt<\/span><\/h3>\n<p>Ausgewachsene Rotfeuerfische fallen sofort ins Auge und werden bis zu etwa 30 cm lang.<\/p>\n<p>Sie wirken t\u00e4nzerisch in Haltung und Bewegung; die K\u00f6rperfarbe ist kastanienbraun bis rotbraun mit wei\u00dfen B\u00e4ndern \u00fcber dem ganzen K\u00f6rper.<\/p>\n<p>Besonders auff\u00e4llig sind bis zu 18 <span style=\"color: #28d4ff;\">f\u00e4cherf\u00f6rmige Brustflossen<\/span>, getrennt durch R\u00fcckenstachel.<\/p>\n<figure id=\"attachment_3318\" aria-describedby=\"caption-attachment-3318\" style=\"width: 1000px\" class=\"wp-caption alignnone\"><img decoding=\"async\" class=\"size-full wp-image-3318\" src=\"https:\/\/www.blackturtledive.com\/wp-content\/uploads\/2021\/01\/blackturtledive.com-lion-fish-koh-tao.jpg\" alt=\"Rotfeuerfisch - Koh Tao Meeresleben\" width=\"1000\" height=\"665\" srcset=\"https:\/\/www.blackturtledive.com\/wp-content\/uploads\/2021\/01\/blackturtledive.com-lion-fish-koh-tao.jpg 1000w, https:\/\/www.blackturtledive.com\/wp-content\/uploads\/2021\/01\/blackturtledive.com-lion-fish-koh-tao-300x200.jpg 300w, https:\/\/www.blackturtledive.com\/wp-content\/uploads\/2021\/01\/blackturtledive.com-lion-fish-koh-tao-768x511.jpg 768w, https:\/\/www.blackturtledive.com\/wp-content\/uploads\/2021\/01\/blackturtledive.com-lion-fish-koh-tao-150x100.jpg 150w\" sizes=\"(max-width: 1000px) 100vw, 1000px\" \/><figcaption id=\"caption-attachment-3318\" class=\"wp-caption-text\">Rotfeuerfisch &#8211; Koh Tao Meeresleben<\/figcaption><\/figure>\n<h3>Giftige R\u00fcckenstacheln<\/h3>\n<p>Die R\u00fcckenstacheln sind giftig und dienen der Selbstverteidigung, nicht der Jagd.<\/p>\n<p><span style=\"color: #28d4ff;\">Rotfeuerfische<\/span> fressen praktisch alles, was in ihren Mund passt, oft Beute bis zu einem Drittel ihrer K\u00f6rpergr\u00f6\u00dfe.<\/p>\n<p>Sie k\u00f6nnen ihren Magen bis zu etwa 30-fach vergr\u00f6\u00dfern und Beute mit einem Bissen schlucken.<\/p>\n<h3><span style=\"color: #28d4ff;\">Merkmale &amp; Verhalten des Rotfeuerfischs<\/span><\/h3>\n<p>Rotfeuerfische z\u00e4hlen zu den invasiven Arten weltweit und machen etwa 93 % der invasiven Populationen aus.<\/p>\n<p>Sie sind extrem anpassungsf\u00e4hig und tolerieren starke Temperatur\u00e4nderungen, wodurch sie viele Meeresgebiete besiedeln k\u00f6nnen.<\/p>\n<p>Beobachtete Tiefen reichen bis zu 300 m, was ihre \u00dcberlebensf\u00e4higkeit unterstreicht.<\/p>\n<figure id=\"attachment_3498\" aria-describedby=\"caption-attachment-3498\" style=\"width: 1000px\" class=\"wp-caption alignnone\"><img decoding=\"async\" class=\"size-full wp-image-3498\" src=\"https:\/\/www.blackturtledive.com\/wp-content\/uploads\/2021\/01\/blackturtledive.com-lion-fish-koh-tao-marine-life.jpg\" alt=\"Rotfeuerfisch - Koh Tao Meeresleben\" width=\"1000\" height=\"646\" srcset=\"https:\/\/www.blackturtledive.com\/wp-content\/uploads\/2021\/01\/blackturtledive.com-lion-fish-koh-tao-marine-life.jpg 1000w, https:\/\/www.blackturtledive.com\/wp-content\/uploads\/2021\/01\/blackturtledive.com-lion-fish-koh-tao-marine-life-300x194.jpg 300w, https:\/\/www.blackturtledive.com\/wp-content\/uploads\/2021\/01\/blackturtledive.com-lion-fish-koh-tao-marine-life-768x496.jpg 768w, https:\/\/www.blackturtledive.com\/wp-content\/uploads\/2021\/01\/blackturtledive.com-lion-fish-koh-tao-marine-life-150x97.jpg 150w\" sizes=\"(max-width: 1000px) 100vw, 1000px\" \/><figcaption id=\"caption-attachment-3498\" class=\"wp-caption-text\">Rotfeuerfisch &#8211; Koh Tao Meeresleben<\/figcaption><\/figure>\n<h3>Invasive Art<\/h3>\n<p>Als nat\u00fcrliche Fressfeinde gelten Haie, Aale, <a href=\"https:\/\/www.blackturtledive.com\/koh-tao-marine-life\/malabar-grouper\/\">Zackenbarsche<\/a> und gro\u00dfe Schnapper.<\/p>\n<p>Rotfeuerfische \u00fcberstehen Nahrungsengp\u00e4sse bemerkenswert: Sie k\u00f6nnen bis zu drei Monate ohne Nahrung auskommen und dabei nur etwa 10 % ihres K\u00f6rpergewichts verlieren.<\/p>\n<p>Studien zeigen zudem gelegentliche Kannibalismus-Tendenzen; im Nahrungsmangel <span style=\"color: #28d4ff;\">fressen sie kleinere Artgenossen<\/span>.<\/p>\n<h3><span style=\"color: #28d4ff;\">Interessante Fakten zum Rotfeuerfisch<\/span><\/h3>\n<p>Ein Weibchen kann alle paar Tage bis zu 30.000 Eier ablegen; die Eier werden in einem von der Mutter abgegebenen Ei-S\u00e4ckchen freigesetzt, das chemischen Schutz gegen Fressfeinde bietet.<\/p>\n<p>Pro Jahr kann ein Weibchen theoretisch bis zu zwei Millionen (2.000.000) Eier produzieren.<\/p>\n<figure id=\"attachment_3496\" aria-describedby=\"caption-attachment-3496\" style=\"width: 1000px\" class=\"wp-caption alignnone\"><img decoding=\"async\" class=\"size-full wp-image-3496\" src=\"https:\/\/www.blackturtledive.com\/wp-content\/uploads\/2021\/01\/blackturtledive.com-lion-fish-koh-tao-thailand.jpg\" alt=\"Rotfeuerfisch - Meeresleben\" width=\"1000\" height=\"717\" srcset=\"https:\/\/www.blackturtledive.com\/wp-content\/uploads\/2021\/01\/blackturtledive.com-lion-fish-koh-tao-thailand.jpg 1000w, https:\/\/www.blackturtledive.com\/wp-content\/uploads\/2021\/01\/blackturtledive.com-lion-fish-koh-tao-thailand-300x215.jpg 300w, https:\/\/www.blackturtledive.com\/wp-content\/uploads\/2021\/01\/blackturtledive.com-lion-fish-koh-tao-thailand-768x551.jpg 768w, https:\/\/www.blackturtledive.com\/wp-content\/uploads\/2021\/01\/blackturtledive.com-lion-fish-koh-tao-thailand-150x108.jpg 150w\" sizes=\"(max-width: 1000px) 100vw, 1000px\" \/><figcaption id=\"caption-attachment-3496\" class=\"wp-caption-text\">Rotfeuerfisch &#8211; Meeresleben<\/figcaption><\/figure>\n<p>[\/vc_column_text][\/vc_column][\/vc_row]<\/p>\n<\/div>","protected":false},"excerpt":{"rendered":"<p>Rotfeuerfische sind um Koh Tao nicht so h\u00e4ufig, k\u00f6nnen aber von Tauchern an verschiedenen Tauchpl\u00e4tzen wie HTMS Sattakut, Chumphon und Junkyard Reef beobachtet werden.<\/p>\n","protected":false},"author":2,"featured_media":18209,"parent":18647,"menu_order":0,"comment_status":"closed","ping_status":"closed","template":"","meta":{"_acf_changed":false,"footnotes":""},"class_list":["post-18631","page","type-page","status-publish","has-post-thumbnail","hentry"],"acf":[],"yoast_head":"<!-- This site is optimized with the Yoast SEO Premium plugin v27.6 (Yoast SEO v27.6) - https:\/\/yoast.com\/product\/yoast-seo-premium-wordpress\/ -->\n<title>Feuerfisch Koh Tao | Black Turtle Dive<\/title>\n<meta name=\"description\" content=\"Rotfeuerfische sind um Koh Tao nicht so h\u00e4ufig, k\u00f6nnen aber von Tauchern an verschiedenen Tauchpl\u00e4tzen wie HTMS Sattakut, Chumphon und Junkyard Reef beobachtet werden.\" \/>\n<meta name=\"robots\" content=\"index, follow, max-snippet:-1, max-image-preview:large, max-video-preview:-1\" \/>\n<link rel=\"canonical\" href=\"https:\/\/www.blackturtledive.com\/de\/koh-tao-marine-life\/red-lion-fish\/\" \/>\n<meta property=\"og:locale\" content=\"de_DE\" \/>\n<meta property=\"og:type\" content=\"article\" \/>\n<meta property=\"og:title\" content=\"Red Lion Fish Koh Tao | Black Turtle Dive\" \/>\n<meta property=\"og:description\" content=\"Red Lionfish are not as abundant around Koh Tao but they can be seen by scuba divers at various dive sites including HTMS Sattakut, Chumphon and Junkyard Reef\" \/>\n<meta property=\"og:url\" content=\"https:\/\/www.blackturtledive.com\/de\/koh-tao-marine-life\/red-lion-fish\/\" \/>\n<meta property=\"og:site_name\" content=\"Black Turtle Dive Koh Tao\" \/>\n<meta property=\"article:publisher\" content=\"https:\/\/www.facebook.com\/blackturtledive\" \/>\n<meta property=\"article:modified_time\" content=\"2026-05-05T14:24:07+00:00\" \/>\n<meta property=\"og:image\" content=\"https:\/\/www.blackturtledive.com\/wp-content\/uploads\/2020\/11\/blackturtledive.com-best-padi-divemaster-course-koh-tao.jpg\" \/>\n\t<meta property=\"og:image:width\" content=\"1200\" \/>\n\t<meta property=\"og:image:height\" content=\"800\" \/>\n\t<meta property=\"og:image:type\" content=\"image\/jpeg\" \/>\n<meta name=\"twitter:card\" content=\"summary_large_image\" \/>\n<meta name=\"twitter:title\" content=\"Red Lion Fish Koh Tao | Black Turtle Dive\" \/>\n<meta name=\"twitter:description\" content=\"Red Lionfish are not as abundant around Koh Tao but they can be seen by scuba divers at various dive sites including HTMS Sattakut, Chumphon and Junkyard Reef\" \/>\n<meta name=\"twitter:image\" content=\"https:\/\/www.blackturtledive.com\/wp-content\/uploads\/2020\/11\/blackturtledive.com-best-padi-divemaster-course-koh-tao.jpg\" \/>\n<meta name=\"twitter:site\" content=\"@blackturtledive\" \/>\n<meta name=\"twitter:label1\" content=\"Gesch\u00e4tzte Lesezeit\" \/>\n\t<meta name=\"twitter:data1\" content=\"3\u00a0Minuten\" \/>\n<!-- \/ Yoast SEO Premium plugin. -->","yoast_head_json":{"title":"Feuerfisch Koh Tao | Black Turtle Dive","description":"Rotfeuerfische sind um Koh Tao nicht so h\u00e4ufig, k\u00f6nnen aber von Tauchern an verschiedenen Tauchpl\u00e4tzen wie HTMS Sattakut, Chumphon und Junkyard Reef beobachtet werden.","robots":{"index":"index","follow":"follow","max-snippet":"max-snippet:-1","max-image-preview":"max-image-preview:large","max-video-preview":"max-video-preview:-1"},"canonical":"https:\/\/www.blackturtledive.com\/de\/koh-tao-marine-life\/red-lion-fish\/","og_locale":"de_DE","og_type":"article","og_title":"Red Lion Fish Koh Tao | Black Turtle Dive","og_description":"Red Lionfish are not as abundant around Koh Tao but they can be seen by scuba divers at various dive sites including HTMS Sattakut, Chumphon and Junkyard Reef","og_url":"https:\/\/www.blackturtledive.com\/de\/koh-tao-marine-life\/red-lion-fish\/","og_site_name":"Black Turtle Dive Koh Tao","article_publisher":"https:\/\/www.facebook.com\/blackturtledive","article_modified_time":"2026-05-05T14:24:07+00:00","og_image":[{"width":1200,"height":800,"url":"https:\/\/www.blackturtledive.com\/wp-content\/uploads\/2020\/11\/blackturtledive.com-best-padi-divemaster-course-koh-tao.jpg","type":"image\/jpeg"}],"twitter_card":"summary_large_image","twitter_title":"Red Lion Fish Koh Tao | Black Turtle Dive","twitter_description":"Red Lionfish are not as abundant around Koh Tao but they can be seen by scuba divers at various dive sites including HTMS Sattakut, Chumphon and Junkyard Reef","twitter_image":"https:\/\/www.blackturtledive.com\/wp-content\/uploads\/2020\/11\/blackturtledive.com-best-padi-divemaster-course-koh-tao.jpg","twitter_site":"@blackturtledive","twitter_misc":{"Gesch\u00e4tzte Lesezeit":"3\u00a0Minuten"},"schema":{"@context":"https:\/\/schema.org","@graph":[{"@type":"WebPage","@id":"https:\/\/www.blackturtledive.com\/de\/koh-tao-marine-life\/red-lion-fish\/","url":"https:\/\/www.blackturtledive.com\/de\/koh-tao-marine-life\/red-lion-fish\/","name":"Feuerfisch Koh Tao | Black Turtle Dive","isPartOf":{"@id":"https:\/\/www.blackturtledive.com\/de\/#website"},"primaryImageOfPage":{"@id":"https:\/\/www.blackturtledive.com\/de\/koh-tao-marine-life\/red-lion-fish\/#primaryimage"},"image":{"@id":"https:\/\/www.blackturtledive.com\/de\/koh-tao-marine-life\/red-lion-fish\/#primaryimage"},"thumbnailUrl":"https:\/\/www.blackturtledive.com\/wp-content\/uploads\/2021\/01\/blackturtledive.com-lion-fish-koh-tao.jpg","datePublished":"2020-09-19T16:42:18+00:00","dateModified":"2026-05-05T14:24:07+00:00","description":"Rotfeuerfische sind um Koh Tao nicht so h\u00e4ufig, k\u00f6nnen aber von Tauchern an verschiedenen Tauchpl\u00e4tzen wie HTMS Sattakut, Chumphon und Junkyard Reef beobachtet werden.","breadcrumb":{"@id":"https:\/\/www.blackturtledive.com\/de\/koh-tao-marine-life\/red-lion-fish\/#breadcrumb"},"inLanguage":"de","potentialAction":[{"@type":"ReadAction","target":["https:\/\/www.blackturtledive.com\/de\/koh-tao-marine-life\/red-lion-fish\/"]}]},{"@type":"ImageObject","inLanguage":"de","@id":"https:\/\/www.blackturtledive.com\/de\/koh-tao-marine-life\/red-lion-fish\/#primaryimage","url":"https:\/\/www.blackturtledive.com\/wp-content\/uploads\/2021\/01\/blackturtledive.com-lion-fish-koh-tao.jpg","contentUrl":"https:\/\/www.blackturtledive.com\/wp-content\/uploads\/2021\/01\/blackturtledive.com-lion-fish-koh-tao.jpg","width":1000,"height":665,"caption":"Red Lion Fish - Koh Tao Marine Life"},{"@type":"BreadcrumbList","@id":"https:\/\/www.blackturtledive.com\/de\/koh-tao-marine-life\/red-lion-fish\/#breadcrumb","itemListElement":[{"@type":"ListItem","position":1,"name":"Home","item":"https:\/\/www.blackturtledive.com\/de\/"},{"@type":"ListItem","position":2,"name":"Koh Tao Meeresleben","item":"https:\/\/www.blackturtledive.com\/de\/koh-tao-marine-life\/"},{"@type":"ListItem","position":3,"name":"Feuerfisch"}]},{"@type":"WebSite","@id":"https:\/\/www.blackturtledive.com\/de\/#website","url":"https:\/\/www.blackturtledive.com\/de\/","name":"Black Turtle Dive Koh Tao","description":"Ocean Explorers | Marine Protectors","publisher":{"@id":"https:\/\/www.blackturtledive.com\/de\/#organization"},"alternateName":"Black Turtle Dive in Thailand","potentialAction":[{"@type":"SearchAction","target":{"@type":"EntryPoint","urlTemplate":"https:\/\/www.blackturtledive.com\/de\/?s={search_term_string}"},"query-input":{"@type":"PropertyValueSpecification","valueRequired":true,"valueName":"search_term_string"}}],"inLanguage":"de"},{"@type":"Organization","@id":"https:\/\/www.blackturtledive.com\/de\/#organization","name":"Black Turtle Dive Koh Tao","alternateName":"Black Turtle Dive","url":"https:\/\/www.blackturtledive.com\/de\/","logo":{"@type":"ImageObject","inLanguage":"de","@id":"https:\/\/www.blackturtledive.com\/de\/#\/schema\/logo\/image\/","url":"https:\/\/www.blackturtledive.com\/wp-content\/uploads\/2020\/11\/cropped-blackturtledive.com-brand-logo.png","contentUrl":"https:\/\/www.blackturtledive.com\/wp-content\/uploads\/2020\/11\/cropped-blackturtledive.com-brand-logo.png","width":400,"height":400,"caption":"Black Turtle Dive Koh Tao"},"image":{"@id":"https:\/\/www.blackturtledive.com\/de\/#\/schema\/logo\/image\/"},"sameAs":["https:\/\/www.facebook.com\/blackturtledive","https:\/\/x.com\/blackturtledive","https:\/\/www.instagram.com\/blackturtledive\/","https:\/\/www.youtube.com\/blackturtledive","https:\/\/www.linkedin.com\/company\/blackturtledive\/","https:\/\/www.tumblr.com\/blackturtledive","https:\/\/www.pinterest.com\/blackturtledive\/","https:\/\/www.tiktok.com\/@blackturtledive","https:\/\/www.reddit.com\/user\/blackturtledive\/"],"description":"Black Turtle Dive is a modern and innovative 5 Star Career Development Scuba Diving Center, passionate about the ocean and through training we want to empower you to become a competent and confident scuba diver. Our diving courses equip you with the skills, knowledge and awareness necessary to explore the ocean safely, whilst becoming a passionate advocate and protector of the marine environment. If you have never dived before or are a certified diver and want to develop your skills further, our tailored, bespoke courses and programs will inspire you to become an Ocean advocate. Our scientific based Marine Conservation Internships and training programs, offer aspiring scuba divers and marine conservationists, the best marine conservation internships on Koh Tao. We currently offer students six levels of Marine Conservation Internships at our beachside location on Koh Tao in Thailand. Check out our website for more information.","email":"info@blackturtledive.com","telephone":"089 592 2134","legalName":"Black Turtle Dive Co Ltd","foundingDate":"2020-01-01","publishingPrinciples":"https:\/\/www.blackturtledive.com\/terms\/","ownershipFundingInfo":"https:\/\/www.blackturtledive.com\/terms\/","actionableFeedbackPolicy":"https:\/\/www.blackturtledive.com\/privacy-policy\/","correctionsPolicy":"https:\/\/www.blackturtledive.com\/privacy-policy\/","ethicsPolicy":"https:\/\/www.blackturtledive.com\/privacy-policy\/","diversityPolicy":"https:\/\/www.blackturtledive.com\/privacy-policy\/"}]}},"_links":{"self":[{"href":"https:\/\/www.blackturtledive.com\/de\/wp-json\/wp\/v2\/pages\/18631","targetHints":{"allow":["GET"]}}],"collection":[{"href":"https:\/\/www.blackturtledive.com\/de\/wp-json\/wp\/v2\/pages"}],"about":[{"href":"https:\/\/www.blackturtledive.com\/de\/wp-json\/wp\/v2\/types\/page"}],"author":[{"embeddable":true,"href":"https:\/\/www.blackturtledive.com\/de\/wp-json\/wp\/v2\/users\/2"}],"replies":[{"embeddable":true,"href":"https:\/\/www.blackturtledive.com\/de\/wp-json\/wp\/v2\/comments?post=18631"}],"version-history":[{"count":1,"href":"https:\/\/www.blackturtledive.com\/de\/wp-json\/wp\/v2\/pages\/18631\/revisions"}],"predecessor-version":[{"id":70868,"href":"https:\/\/www.blackturtledive.com\/de\/wp-json\/wp\/v2\/pages\/18631\/revisions\/70868"}],"up":[{"embeddable":true,"href":"https:\/\/www.blackturtledive.com\/de\/wp-json\/wp\/v2\/pages\/18647"}],"wp:featuredmedia":[{"embeddable":true,"href":"https:\/\/www.blackturtledive.com\/de\/wp-json\/wp\/v2\/media\/18209"}],"wp:attachment":[{"href":"https:\/\/www.blackturtledive.com\/de\/wp-json\/wp\/v2\/media?parent=18631"}],"curies":[{"name":"wp","href":"https:\/\/api.w.org\/{rel}","templated":true}]}}