{"id":18632,"date":"2020-09-19T23:41:55","date_gmt":"2020-09-19T16:41:55","guid":{"rendered":"https:\/\/www.blackturtledive.com\/grooved-razorfish\/"},"modified":"2026-05-05T21:24:08","modified_gmt":"2026-05-05T14:24:08","slug":"grooved-razorfish","status":"publish","type":"page","link":"https:\/\/www.blackturtledive.com\/de\/koh-tao-marine-life\/grooved-razorfish\/","title":{"rendered":"Rillenrasierfisch"},"content":{"rendered":"<div class=\"wpb-content-wrapper\"><p>[vc_row][vc_column][vc_column_text css=&#8220;&#8220;]Der Riffmesserfisch (Centriscus scutatus), auch Garnelenfisch genannt, ist ein einzigartiger, klingenf\u00f6rmiger Fisch, der synchron in vertikaler, mit dem Kopf nach unten gerichteter Haltung schwimmt.<\/p>\n<p>Typischerweise in kleinen Schulen \u00fcber sandigen B\u00f6den oder in der N\u00e4he von Gorgonien an Pl\u00e4tzen wie Twins oder Junkyard Reef zu finden, nutzen sie ihre d\u00fcnnen K\u00f6rper, um Seegrasbl\u00e4tter oder Korallen\u00e4ste zu imitieren.<\/p>\n<p>Ihre starre, durchscheinende K\u00f6rperpanzerung bietet einen cleveren Schutz vor R\u00e4ubern; das Beobachten einer perfekt synchronen Schule von Messerfischen geh\u00f6rt zu den faszinierendsten Motiven f\u00fcr Makrofotografen auf Koh Tao.<\/p>\n<h3><span style=\"color: #28d4ff;\">Alles \u00fcber den Rillen-S\u00e4belzahnfisch auf Koh Tao<\/span><\/h3>\n<p>Rillen-S\u00e4belzahnfische kommen an tieferen <a href=\"https:\/\/www.blackturtledive.com\/koh-tao-dive-sites\/\">Tauchpl\u00e4tzen<\/a> rund um <a href=\"https:\/\/www.blackturtledive.com\/koh-tao\/\">Koh Tao<\/a> vor. Mit messerscharfer Pr\u00e4zision schwimmen sie oft in vertikaler Haltung und auch kopf\u00fcber.<\/p>\n<div  data-ep-a=\"fadeIn\"  id=\"_ytid_25426\"  width=\"640\" height=\"360\"  data-origwidth=\"640\" data-origheight=\"360\"  data-relstop=\"1\" data-facadesrc=\"https:\/\/www.youtube.com\/embed\/3hL14H8R5dE?enablejsapi=1&origin=https:\/\/www.blackturtledive.com&autoplay=0&cc_load_policy=0&cc_lang_pref=&iv_load_policy=1&loop=0&rel=0&fs=1&playsinline=0&autohide=2&theme=dark&color=red&controls=1&disablekb=0&\" class=\"__youtube_prefs__ epyt-facade  no-lazyload\" data-epautoplay=\"1\" ><img decoding=\"async\" data-spai-excluded=\"true\" class=\"epyt-facade-poster skip-lazy\" loading=\"lazy\"  alt=\"The Grooved Razorfish: Koh Tao&#039;s Underwater Marvel | BlackTurtleDive.com\"  src=\"https:\/\/i.ytimg.com\/vi\/3hL14H8R5dE\/maxresdefault.jpg\"  \/><button class=\"epyt-facade-play\" aria-label=\"Play\"><svg data-no-lazy=\"1\" height=\"100%\" version=\"1.1\" viewBox=\"0 0 68 48\" width=\"100%\"><path class=\"ytp-large-play-button-bg\" d=\"M66.52,7.74c-0.78-2.93-2.49-5.41-5.42-6.19C55.79,.13,34,0,34,0S12.21,.13,6.9,1.55 C3.97,2.33,2.27,4.81,1.48,7.74C0.06,13.05,0,24,0,24s0.06,10.95,1.48,16.26c0.78,2.93,2.49,5.41,5.42,6.19 C12.21,47.87,34,48,34,48s21.79-0.13,27.1-1.55c2.93-0.78,4.64-3.26,5.42-6.19C67.94,34.95,68,24,68,24S67.94,13.05,66.52,7.74z\" fill=\"#f00\"><\/path><path d=\"M 45,24 27,14 27,34\" fill=\"#fff\"><\/path><\/svg><\/button><\/div><span itemprop=\"video\" itemscope itemtype=\"http:\/\/schema.org\/VideoObject\"><meta itemprop=\"embedUrl\" content=\"https:\/\/www.youtube.com\/embed\/3hL14H8R5dE\"><meta itemprop=\"name\" content=\"The Grooved Razorfish: Koh Tao&#039;s Underwater Marvel | BlackTurtleDive.com\"><meta itemprop=\"description\" content=\"Embark on an underwater journey in Koh Tao, Thailand, and meet the fascinating Grooved Razorfish. These unique marine creatures, known for their ability to swim vertically and even upside down, are a rare sight in the ocean&#039;s depths. Our video takes you to the deeper dive sites around Koh Tao, where you can witness these elusive fish in their natural habitat. Check out more of our marine life: https:\/\/www.blackturtledive.com\/koh-tao-marine-life\/grooved-razorfish\/ This video is about The Grooved Razorfish: Koh Tao&#039;s Underwater Marvel. But It also covers the following topics: Underwater Exploration Scuba Diving Thailand Marine Life Discovery Video Title: The Grooved Razorfish: Koh Tao&#039;s Underwater Marvel | BlackTurtleDive.com \ud83d\udd14Get on a Life-Changing Underwater Adventure with Us \u2013 Your Gateway to the Ocean&#039;s Wonders! Hit Subscribe Now to Join Our Community of Ocean Advocates. https:\/\/www.youtube.com\/&#064;BlackTurtleDive\/?sub_confirmation=1 \u2705Important Links to Follow \ud83d\udd17Brand Channels \u2728Main diving courses brand: https:\/\/www.blackturtledive.com\/ \u2728PADI Dive Courses ( Pro level): https:\/\/idckohtao.com\/ \u2728Marine Conservation Internships: https:\/\/www.ecokohtao.com\/ \u2705 Stay Connected With Us. \ud83d\udc49Facebook: https:\/\/www.facebook.com\/blackturtledive \ud83d\udc49Instagram: https:\/\/www.instagram.com\/blackturtledive\/ \ud83d\udc49Threads: https:\/\/www.threads.net\/&#064;blackturtledive \ud83d\udc49Tiktok: https:\/\/www.tiktok.com\/&#064;blackturtledive \ud83d\udc49Twitter (X): https:\/\/twitter.com\/blackturtledive \ud83d\udc49Pinterest: https:\/\/www.pinterest.com\/blackturtledive\/ \ud83d\udc49Website: https:\/\/www.blackturtledive.com\/ \u2705 For Business Inquiries: media&#064;blackturtledive.com ============================= \u2705 Recommended Playlists \ud83d\udc49 Koh Tao Marine Life (Part 1) https:\/\/www.youtube.com\/watch?v=1D3Dbtrq5vI&amp;list=PLW_jU0PKLEUGS-ZQjvOB0_8q7cZZmOqCC&amp;pp=iAQB \ud83d\udc49PADI Instructor Development Course (IDC) | Black Turtle Dive, Koh Tao https:\/\/www.youtube.com\/watch?v=kXPwkxj0gyg&amp;list=PLW_jU0PKLEUEUo8dW4l2QD8ywAwK7xP1c&amp;pp=iAQB \u2705 Other Videos You Might Be Interested In Watching: \ud83d\udc49 Artificial Reefs - Marine Conservation Course in Thailand https:\/\/www.youtube.com\/watch?v=K9dld48M0qg \ud83d\udc49 Pink Tail Trigger Fish Koh Tao https:\/\/www.youtube.com\/watch?v=JrQtGqlxnX8 \ud83d\udc49 Ocellated Eagle Ray Koh Tao https:\/\/www.youtube.com\/watch?v=xiO-23risdc \ud83d\udc49 Tailfin Batfish Koh Tao https:\/\/www.youtube.com\/watch?v=RCjIBjmvSZM \ud83d\udc49 Yellow Boxfish Koh Tao Thailand https:\/\/www.youtube.com\/watch?v=lpzasbtGAqY ============================= \u2705 About Black Turtle Dive. As a modern and innovative Scuba Diving Center, Black Turtle Dive is passionate about the ocean, and through our training, we want to empower you to become a competent and confident scuba diver. Our diving courses equip you with the skills, knowledge, and awareness necessary to explore the ocean safely while becoming a passionate advocate and protector of the marine environment. If you have never dived before or are a certified diver and want to develop your skills further, our tailored, bespoke courses and programs will inspire you to become an Ocean advocate. Our scientific-based Marine Conservation Internships, or Reef Ecology And Conservation Training program (REACT), offer aspiring scuba divers and marine conservationists the best marine conservation internships on Koh Tao. We offer students three levels of Marine Conservation Internships at our beachside location on Koh Tao in Thailand. For Collaboration and Business inquiries, please use the contact information below: \ud83d\udce9 Email: media&#064;blackturtledive.com \ud83d\udd14Discover the Underwater World with Us: Expert Training, Unforgettable Experiences, and a Commitment to Marine Protection. Subscribe Now: https:\/\/www.youtube.com\/&#064;BlackTurtleDive\/?sub_confirmation=1 ================================= #groovedrazorfish #kohtao #divingthailand #marinelife #underwaterexploration #tropicalfish \u26a0\ufe0fDISCLAIMER: We do not accept any liability for any loss or damage incurred from you acting or not acting as a result of watching any of our publications. You acknowledge that you use the information we provide at your own risk. Do your research. Copyright Notice: This video and our YouTube channel contain dialogue, music, and images that are the property of Black Turtle Dive. You are authorized to share the video link and channel and embed this video in your website or others as long as a link back to our YouTube channel is provided. \u00a9 Black Turtle Dive\"><meta itemprop=\"thumbnailUrl\" content=\"https:\/\/i.ytimg.com\/vi\/3hL14H8R5dE\/0.jpg\"><meta itemprop=\"duration\" content=\"PT1M9S\"><meta itemprop=\"uploadDate\" content=\"2021-01-24T09:08:29Z\"><\/span>\n<h3>Wo man den Rillen-S\u00e4belzahnfisch auf Koh Tao findet<\/h3>\n<p>Rillen-S\u00e4belzahnfische sind schwer zu entdecken; die besten Chancen hat man dicht \u00fcber dem Meeresgrund an <a href=\"https:\/\/www.blackturtledive.com\/blog\/10-interesting-facts-about-koh-tao-dive-sites\/\">Tauchpl\u00e4tzen<\/a> wie <a href=\"https:\/\/www.blackturtledive.com\/koh-tao-dive-sites\/chumphon-pinnacle\/\">Chumphon<\/a>, <a href=\"https:\/\/www.blackturtledive.com\/koh-tao-dive-sites\/south-west-pinnacle\/\">Southwest<\/a> und <a href=\"https:\/\/www.blackturtledive.com\/koh-tao-dive-sites\/sail-rock\/\">Sail Rock<\/a>.<\/p>\n<p>Sie treten meist in Gruppen auf und schwimmen wenige Zentimeter \u00fcber dem Boden in weniger dicht besiedelten Bereichen eines Tauchplatzes.<\/p>\n<h3><span style=\"color: #28d4ff;\">Wie man den Rillen-S\u00e4belzahnfisch erkennt<\/span><\/h3>\n<p>Obwohl schwer zu finden, sind sie leicht zu erkennen: Sie k\u00f6nnen synchron, vertikal oder invertiert schwimmen.<\/p>\n<p>Der K\u00f6rper ist stark seitlich abgeflacht, oft mit einem kastanienbraunen Streifen in der Mitte.<\/p>\n<figure id=\"attachment_3385\" aria-describedby=\"caption-attachment-3385\" style=\"width: 1000px\" class=\"wp-caption alignnone\"><img decoding=\"async\" class=\"size-full wp-image-3385\" src=\"https:\/\/www.blackturtledive.com\/wp-content\/uploads\/2021\/01\/blackturtledive.com-razorfish-koh-tao.jpg\" alt=\"Rillen-S\u00e4belzahnfisch Koh Tao\" width=\"1000\" height=\"704\" srcset=\"https:\/\/www.blackturtledive.com\/wp-content\/uploads\/2021\/01\/blackturtledive.com-razorfish-koh-tao.jpg 1000w, https:\/\/www.blackturtledive.com\/wp-content\/uploads\/2021\/01\/blackturtledive.com-razorfish-koh-tao-300x211.jpg 300w, https:\/\/www.blackturtledive.com\/wp-content\/uploads\/2021\/01\/blackturtledive.com-razorfish-koh-tao-768x541.jpg 768w, https:\/\/www.blackturtledive.com\/wp-content\/uploads\/2021\/01\/blackturtledive.com-razorfish-koh-tao-150x106.jpg 150w\" sizes=\"(max-width: 1000px) 100vw, 1000px\" \/><figcaption id=\"caption-attachment-3385\" class=\"wp-caption-text\">Rillen-S\u00e4belzahnfisch Koh Tao<\/figcaption><\/figure>\n<h3>Reihen verschmolzener Knochenplatten<\/h3>\n<p>Der Name r\u00fchrt von einer Reihe von verkalkten, miteinander verwachsenen Knochenplatten entlang des Bauches, die wie eine Rasierklinge wirken.<\/p>\n<p>Die Augen sitzen vorne am Kopf, \u00fcber dem langen schnauzen artigen Maul.<\/p>\n<p>Durch den extrem d\u00fcnnen K\u00f6rper und die Augenposition verf\u00fcgen sie \u00fcber nahezu <span style=\"color: #28d4ff;\">360-Grad-Sicht<\/span>.<\/p>\n<h3><span style=\"color: #28d4ff;\">Merkmale &amp; Verhalten des Rillen-S\u00e4belzahnfischs<\/span><\/h3>\n<p>Zur Lebenserwartung und vielen Verhaltensaspekten dieser Art gibt es nur wenig Daten, doch bekannt ist: Sie beherrschen neutrale Auftragslage und perfekte Trimmlage.<\/p>\n<p>Rillen-S\u00e4belzahnfische <span style=\"color: #28d4ff;\"><em>Auftrieb und Trimmlage<\/em><\/span> m\u00f6gen vielleicht nicht das sein, was wir gewohnt sind, aber sie sind die ultimativen Meister der neutralen Tarierung und <span style=\"color: #28d4ff;\"><em>perfekten Trimmlage<\/em><\/span>.<\/p>\n<p>Sie sind so d\u00fcnn, dass man sie beim Fressen oft sch\u00fctzend zwischen den Stacheln von Seeigeln schweben sieht.<\/p>\n<figure id=\"attachment_3492\" aria-describedby=\"caption-attachment-3492\" style=\"width: 1000px\" class=\"wp-caption alignnone\"><img decoding=\"async\" class=\"size-full wp-image-3492\" src=\"https:\/\/www.blackturtledive.com\/wp-content\/uploads\/2021\/01\/blackturtledive.com-razorfish-koh-tao-thailand.jpg\" alt=\"Rillen-S\u00e4belzahnfisch - Meeresleben\" width=\"1000\" height=\"664\" srcset=\"https:\/\/www.blackturtledive.com\/wp-content\/uploads\/2021\/01\/blackturtledive.com-razorfish-koh-tao-thailand.jpg 1000w, https:\/\/www.blackturtledive.com\/wp-content\/uploads\/2021\/01\/blackturtledive.com-razorfish-koh-tao-thailand-300x199.jpg 300w, https:\/\/www.blackturtledive.com\/wp-content\/uploads\/2021\/01\/blackturtledive.com-razorfish-koh-tao-thailand-768x510.jpg 768w, https:\/\/www.blackturtledive.com\/wp-content\/uploads\/2021\/01\/blackturtledive.com-razorfish-koh-tao-thailand-150x100.jpg 150w\" sizes=\"(max-width: 1000px) 100vw, 1000px\" \/><figcaption id=\"caption-attachment-3492\" class=\"wp-caption-text\">Rillen-S\u00e4belzahnfisch &#8211; Meeresleben<\/figcaption><\/figure>\n<h3>Interessante Art von Fisch<\/h3>\n<p>Rillen-S\u00e4belzahnfische bleiben h\u00e4ufig dicht zusammen in Schulen und k\u00f6nnen in Gruppen von bis zu etwa 50 Individuen auftreten.<\/p>\n<p>Mit zunehmendem Alter scheinen sie weniger nat\u00fcrliche Fressfeinde zu haben \u2014 Gr\u00fcnde daf\u00fcr sind ihre Tarnung und die geringe N\u00e4hrwertangabe durch die verwachsenen Platten.<\/p>\n<h3><span style=\"color: #28d4ff;\">Interessante Fakten zum Rillen-S\u00e4belzahnfisch<\/span><\/h3>\n<p>Die Art ist nah mit Seenadeln und Seepferdchen verwandt und ern\u00e4hrt sich von winzigen Krebstieren und Zooplankton.<\/p>\n<p><span style=\"color: #28d4ff;\">Rillen-S\u00e4belzahnfische<\/span> k\u00f6nnen bei Bedarf kurze, schnelle horizontale Sprints zu Entkommen machen.<\/p>\n<p>Junge, schwarmbildende Rillen-S\u00e4belzahnfische findet man meist in der Oberfl\u00e4chenschicht; mit dem Heranreifen ziehen sie in dunklere, tiefere Bereiche.<\/p>\n<figure id=\"attachment_3490\" aria-describedby=\"caption-attachment-3490\" style=\"width: 1000px\" class=\"wp-caption alignnone\"><img decoding=\"async\" class=\"size-full wp-image-3490\" src=\"https:\/\/www.blackturtledive.com\/wp-content\/uploads\/2021\/01\/blackturtledive.com-grooved-razorfish-koh-tao-marine-life.jpg\" alt=\"Rillen-S\u00e4belzahnfisch Koh Tao Meeresleben\" width=\"1000\" height=\"658\" srcset=\"https:\/\/www.blackturtledive.com\/wp-content\/uploads\/2021\/01\/blackturtledive.com-grooved-razorfish-koh-tao-marine-life.jpg 1000w, https:\/\/www.blackturtledive.com\/wp-content\/uploads\/2021\/01\/blackturtledive.com-grooved-razorfish-koh-tao-marine-life-300x197.jpg 300w, https:\/\/www.blackturtledive.com\/wp-content\/uploads\/2021\/01\/blackturtledive.com-grooved-razorfish-koh-tao-marine-life-768x505.jpg 768w, https:\/\/www.blackturtledive.com\/wp-content\/uploads\/2021\/01\/blackturtledive.com-grooved-razorfish-koh-tao-marine-life-150x99.jpg 150w\" sizes=\"(max-width: 1000px) 100vw, 1000px\" \/><figcaption id=\"caption-attachment-3490\" class=\"wp-caption-text\">Rillen-S\u00e4belzahnfisch Koh Tao Meeresleben<\/figcaption><\/figure>\n<p>[\/vc_column_text][\/vc_column][\/vc_row]<\/p>\n<\/div>","protected":false},"excerpt":{"rendered":"<p>Gerillte Rasiermesserfische findet man an tieferen Tauchpl\u00e4tzen rund um Koh Tao, und sie schaffen es mit rasiermesserscharfer Pr\u00e4zision, sowohl vertikal als auch kopf\u00fcber zu schwimmen.<\/p>\n","protected":false},"author":2,"featured_media":18256,"parent":18647,"menu_order":0,"comment_status":"closed","ping_status":"closed","template":"","meta":{"_acf_changed":false,"footnotes":""},"class_list":["post-18632","page","type-page","status-publish","has-post-thumbnail","hentry"],"acf":[],"yoast_head":"<!-- This site is optimized with the Yoast SEO Premium plugin v27.6 (Yoast SEO v27.6) - https:\/\/yoast.com\/product\/yoast-seo-premium-wordpress\/ -->\n<title>Rillenrasierfisch Koh Tao | Black Turtle Dive<\/title>\n<meta name=\"description\" content=\"Gerillte Rasiermesserfische findet man an tieferen Tauchpl\u00e4tzen rund um Koh Tao, und sie schaffen es mit rasiermesserscharfer Pr\u00e4zision, sowohl vertikal als auch kopf\u00fcber zu schwimmen.\" \/>\n<meta name=\"robots\" content=\"index, follow, max-snippet:-1, max-image-preview:large, max-video-preview:-1\" \/>\n<link rel=\"canonical\" href=\"https:\/\/www.blackturtledive.com\/de\/koh-tao-marine-life\/grooved-razorfish\/\" \/>\n<meta property=\"og:locale\" content=\"de_DE\" \/>\n<meta property=\"og:type\" content=\"article\" \/>\n<meta property=\"og:title\" content=\"Grooved Razorfish Koh Tao | Black Turtle Dive\" \/>\n<meta property=\"og:description\" content=\"Grooved Razorfish are found at deeper dive sites around Koh Tao and with razor sharp precision they manage to swim in a vertical position and also upside down\" \/>\n<meta property=\"og:url\" content=\"https:\/\/www.blackturtledive.com\/de\/koh-tao-marine-life\/grooved-razorfish\/\" \/>\n<meta property=\"og:site_name\" content=\"Black Turtle Dive Koh Tao\" \/>\n<meta property=\"article:publisher\" content=\"https:\/\/www.facebook.com\/blackturtledive\" \/>\n<meta property=\"article:modified_time\" content=\"2026-05-05T14:24:08+00:00\" \/>\n<meta property=\"og:image\" content=\"https:\/\/www.blackturtledive.com\/wp-content\/uploads\/2020\/11\/blackturtledive.com-best-padi-divemaster-course-koh-tao.jpg\" \/>\n\t<meta property=\"og:image:width\" content=\"1200\" \/>\n\t<meta property=\"og:image:height\" content=\"800\" \/>\n\t<meta property=\"og:image:type\" content=\"image\/jpeg\" \/>\n<meta name=\"twitter:card\" content=\"summary_large_image\" \/>\n<meta name=\"twitter:title\" content=\"Grooved Razorfish Koh Tao | Black Turtle Dive\" \/>\n<meta name=\"twitter:description\" content=\"Grooved Razorfish are found at deeper dive sites around Koh Tao and with razor sharp precision they manage to swim in a vertical position and also upside down\" \/>\n<meta name=\"twitter:image\" content=\"https:\/\/www.blackturtledive.com\/wp-content\/uploads\/2020\/11\/blackturtledive.com-best-padi-divemaster-course-koh-tao.jpg\" \/>\n<meta name=\"twitter:site\" content=\"@blackturtledive\" \/>\n<meta name=\"twitter:label1\" content=\"Gesch\u00e4tzte Lesezeit\" \/>\n\t<meta name=\"twitter:data1\" content=\"3\u00a0Minuten\" \/>\n<!-- \/ Yoast SEO Premium plugin. -->","yoast_head_json":{"title":"Rillenrasierfisch Koh Tao | Black Turtle Dive","description":"Gerillte Rasiermesserfische findet man an tieferen Tauchpl\u00e4tzen rund um Koh Tao, und sie schaffen es mit rasiermesserscharfer Pr\u00e4zision, sowohl vertikal als auch kopf\u00fcber zu schwimmen.","robots":{"index":"index","follow":"follow","max-snippet":"max-snippet:-1","max-image-preview":"max-image-preview:large","max-video-preview":"max-video-preview:-1"},"canonical":"https:\/\/www.blackturtledive.com\/de\/koh-tao-marine-life\/grooved-razorfish\/","og_locale":"de_DE","og_type":"article","og_title":"Grooved Razorfish Koh Tao | Black Turtle Dive","og_description":"Grooved Razorfish are found at deeper dive sites around Koh Tao and with razor sharp precision they manage to swim in a vertical position and also upside down","og_url":"https:\/\/www.blackturtledive.com\/de\/koh-tao-marine-life\/grooved-razorfish\/","og_site_name":"Black Turtle Dive Koh Tao","article_publisher":"https:\/\/www.facebook.com\/blackturtledive","article_modified_time":"2026-05-05T14:24:08+00:00","og_image":[{"width":1200,"height":800,"url":"https:\/\/www.blackturtledive.com\/wp-content\/uploads\/2020\/11\/blackturtledive.com-best-padi-divemaster-course-koh-tao.jpg","type":"image\/jpeg"}],"twitter_card":"summary_large_image","twitter_title":"Grooved Razorfish Koh Tao | Black Turtle Dive","twitter_description":"Grooved Razorfish are found at deeper dive sites around Koh Tao and with razor sharp precision they manage to swim in a vertical position and also upside down","twitter_image":"https:\/\/www.blackturtledive.com\/wp-content\/uploads\/2020\/11\/blackturtledive.com-best-padi-divemaster-course-koh-tao.jpg","twitter_site":"@blackturtledive","twitter_misc":{"Gesch\u00e4tzte Lesezeit":"3\u00a0Minuten"},"schema":{"@context":"https:\/\/schema.org","@graph":[{"@type":"WebPage","@id":"https:\/\/www.blackturtledive.com\/de\/koh-tao-marine-life\/grooved-razorfish\/","url":"https:\/\/www.blackturtledive.com\/de\/koh-tao-marine-life\/grooved-razorfish\/","name":"Rillenrasierfisch Koh Tao | Black Turtle Dive","isPartOf":{"@id":"https:\/\/www.blackturtledive.com\/de\/#website"},"primaryImageOfPage":{"@id":"https:\/\/www.blackturtledive.com\/de\/koh-tao-marine-life\/grooved-razorfish\/#primaryimage"},"image":{"@id":"https:\/\/www.blackturtledive.com\/de\/koh-tao-marine-life\/grooved-razorfish\/#primaryimage"},"thumbnailUrl":"https:\/\/www.blackturtledive.com\/wp-content\/uploads\/2021\/01\/blackturtledive.com-grooved-razorfish-koh-tao-marine-life.jpg","datePublished":"2020-09-19T16:41:55+00:00","dateModified":"2026-05-05T14:24:08+00:00","description":"Gerillte Rasiermesserfische findet man an tieferen Tauchpl\u00e4tzen rund um Koh Tao, und sie schaffen es mit rasiermesserscharfer Pr\u00e4zision, sowohl vertikal als auch kopf\u00fcber zu schwimmen.","breadcrumb":{"@id":"https:\/\/www.blackturtledive.com\/de\/koh-tao-marine-life\/grooved-razorfish\/#breadcrumb"},"inLanguage":"de","potentialAction":[{"@type":"ReadAction","target":["https:\/\/www.blackturtledive.com\/de\/koh-tao-marine-life\/grooved-razorfish\/"]}]},{"@type":"ImageObject","inLanguage":"de","@id":"https:\/\/www.blackturtledive.com\/de\/koh-tao-marine-life\/grooved-razorfish\/#primaryimage","url":"https:\/\/www.blackturtledive.com\/wp-content\/uploads\/2021\/01\/blackturtledive.com-grooved-razorfish-koh-tao-marine-life.jpg","contentUrl":"https:\/\/www.blackturtledive.com\/wp-content\/uploads\/2021\/01\/blackturtledive.com-grooved-razorfish-koh-tao-marine-life.jpg","width":1000,"height":658,"caption":"Grooved Razor Fish Koh Tao Marine Life"},{"@type":"BreadcrumbList","@id":"https:\/\/www.blackturtledive.com\/de\/koh-tao-marine-life\/grooved-razorfish\/#breadcrumb","itemListElement":[{"@type":"ListItem","position":1,"name":"Home","item":"https:\/\/www.blackturtledive.com\/de\/"},{"@type":"ListItem","position":2,"name":"Koh Tao Meeresleben","item":"https:\/\/www.blackturtledive.com\/de\/koh-tao-marine-life\/"},{"@type":"ListItem","position":3,"name":"Rillenrasierfisch"}]},{"@type":"WebSite","@id":"https:\/\/www.blackturtledive.com\/de\/#website","url":"https:\/\/www.blackturtledive.com\/de\/","name":"Black Turtle Dive Koh Tao","description":"Ocean Explorers | Marine Protectors","publisher":{"@id":"https:\/\/www.blackturtledive.com\/de\/#organization"},"alternateName":"Black Turtle Dive in Thailand","potentialAction":[{"@type":"SearchAction","target":{"@type":"EntryPoint","urlTemplate":"https:\/\/www.blackturtledive.com\/de\/?s={search_term_string}"},"query-input":{"@type":"PropertyValueSpecification","valueRequired":true,"valueName":"search_term_string"}}],"inLanguage":"de"},{"@type":"Organization","@id":"https:\/\/www.blackturtledive.com\/de\/#organization","name":"Black Turtle Dive Koh Tao","alternateName":"Black Turtle Dive","url":"https:\/\/www.blackturtledive.com\/de\/","logo":{"@type":"ImageObject","inLanguage":"de","@id":"https:\/\/www.blackturtledive.com\/de\/#\/schema\/logo\/image\/","url":"https:\/\/www.blackturtledive.com\/wp-content\/uploads\/2020\/11\/cropped-blackturtledive.com-brand-logo.png","contentUrl":"https:\/\/www.blackturtledive.com\/wp-content\/uploads\/2020\/11\/cropped-blackturtledive.com-brand-logo.png","width":400,"height":400,"caption":"Black Turtle Dive Koh Tao"},"image":{"@id":"https:\/\/www.blackturtledive.com\/de\/#\/schema\/logo\/image\/"},"sameAs":["https:\/\/www.facebook.com\/blackturtledive","https:\/\/x.com\/blackturtledive","https:\/\/www.instagram.com\/blackturtledive\/","https:\/\/www.youtube.com\/blackturtledive","https:\/\/www.linkedin.com\/company\/blackturtledive\/","https:\/\/www.tumblr.com\/blackturtledive","https:\/\/www.pinterest.com\/blackturtledive\/","https:\/\/www.tiktok.com\/@blackturtledive","https:\/\/www.reddit.com\/user\/blackturtledive\/"],"description":"Black Turtle Dive is a modern and innovative 5 Star Career Development Scuba Diving Center, passionate about the ocean and through training we want to empower you to become a competent and confident scuba diver. Our diving courses equip you with the skills, knowledge and awareness necessary to explore the ocean safely, whilst becoming a passionate advocate and protector of the marine environment. If you have never dived before or are a certified diver and want to develop your skills further, our tailored, bespoke courses and programs will inspire you to become an Ocean advocate. Our scientific based Marine Conservation Internships and training programs, offer aspiring scuba divers and marine conservationists, the best marine conservation internships on Koh Tao. We currently offer students six levels of Marine Conservation Internships at our beachside location on Koh Tao in Thailand. Check out our website for more information.","email":"info@blackturtledive.com","telephone":"089 592 2134","legalName":"Black Turtle Dive Co Ltd","foundingDate":"2020-01-01","publishingPrinciples":"https:\/\/www.blackturtledive.com\/terms\/","ownershipFundingInfo":"https:\/\/www.blackturtledive.com\/terms\/","actionableFeedbackPolicy":"https:\/\/www.blackturtledive.com\/privacy-policy\/","correctionsPolicy":"https:\/\/www.blackturtledive.com\/privacy-policy\/","ethicsPolicy":"https:\/\/www.blackturtledive.com\/privacy-policy\/","diversityPolicy":"https:\/\/www.blackturtledive.com\/privacy-policy\/"}]}},"_links":{"self":[{"href":"https:\/\/www.blackturtledive.com\/de\/wp-json\/wp\/v2\/pages\/18632","targetHints":{"allow":["GET"]}}],"collection":[{"href":"https:\/\/www.blackturtledive.com\/de\/wp-json\/wp\/v2\/pages"}],"about":[{"href":"https:\/\/www.blackturtledive.com\/de\/wp-json\/wp\/v2\/types\/page"}],"author":[{"embeddable":true,"href":"https:\/\/www.blackturtledive.com\/de\/wp-json\/wp\/v2\/users\/2"}],"replies":[{"embeddable":true,"href":"https:\/\/www.blackturtledive.com\/de\/wp-json\/wp\/v2\/comments?post=18632"}],"version-history":[{"count":1,"href":"https:\/\/www.blackturtledive.com\/de\/wp-json\/wp\/v2\/pages\/18632\/revisions"}],"predecessor-version":[{"id":70869,"href":"https:\/\/www.blackturtledive.com\/de\/wp-json\/wp\/v2\/pages\/18632\/revisions\/70869"}],"up":[{"embeddable":true,"href":"https:\/\/www.blackturtledive.com\/de\/wp-json\/wp\/v2\/pages\/18647"}],"wp:featuredmedia":[{"embeddable":true,"href":"https:\/\/www.blackturtledive.com\/de\/wp-json\/wp\/v2\/media\/18256"}],"wp:attachment":[{"href":"https:\/\/www.blackturtledive.com\/de\/wp-json\/wp\/v2\/media?parent=18632"}],"curies":[{"name":"wp","href":"https:\/\/api.w.org\/{rel}","templated":true}]}}