{"id":18635,"date":"2020-09-19T23:40:13","date_gmt":"2020-09-19T16:40:13","guid":{"rendered":"https:\/\/www.blackturtledive.com\/parrot-fish\/"},"modified":"2026-05-05T21:24:10","modified_gmt":"2026-05-05T14:24:10","slug":"parrot-fish","status":"publish","type":"page","link":"https:\/\/www.blackturtledive.com\/de\/koh-tao-marine-life\/parrot-fish\/","title":{"rendered":"Papageifisch"},"content":{"rendered":"<div class=\"wpb-content-wrapper\"><p>[vc_row][vc_column][vc_column_text css=&#8220;&#8220;]Papageienfische sind essenzielle Riffherbivoren, leicht zu erkennen an ihrem vogel\u00e4hnlichen Schnabel und den leuchtenden, kaleidoskopischen Farben ihrer Schuppen.<\/p>\n<p>Durch das Abweiden von Algen, die das Riff sonst ersticken w\u00fcrden, erzeugen sie den feinen wei\u00dfen Sand an Koh Taos Str\u00e4nden \u2014 ein einzelner Papageienfisch kann Hunderte Kilogramm Sand pro Jahr produzieren.<\/p>\n<p>Nachts sondern einige Papageienfischarten einen transparenten Schleimkokon ab, um ihren Geruch vor nachtaktiven R\u00e4ubern wie Mur\u00e4nen zu verbergen, eine einzigartige \u00dcberlebensstrategie, die bei Nachttauchg\u00e4ngen h\u00e4ufig beobachtet wird.<\/p>\n<h3><span style=\"color: #28d4ff;\">Alles \u00fcber Papageienfische auf Koh Tao<\/span><\/h3>\n<p>Papageienfische auf <a href=\"https:\/\/www.blackturtledive.com\/koh-tao\/\">Koh Tao<\/a> geh\u00f6ren zu den farbenpr\u00e4chtigsten und am h\u00e4ufigsten sichtbaren <a href=\"https:\/\/www.blackturtledive.com\/koh-tao-marine-life\/\">Meeresbewohnern<\/a> auf Koh Tao. Sie sind Riff Weidetiere und verbringen etwa 90 % ihres Tages damit, Algen vom Riff zu fressen und so das Riff sauber zu halten.<\/p>\n<p>Dieses <a href=\"https:\/\/www.blackturtledive.com\/conservation\/marine-conservation-courses\/coral-reef-conservation-diver\/\">Weideverhalten<\/a> f\u00f6rdert das Korallenwachstum und unterst\u00fctzt das gesamte Riff \u00d6kosystem, weshalb Papageienfische zu den wichtigsten Arten am Riff z\u00e4hlen.<\/p>\n<figure id=\"attachment_3469\" aria-describedby=\"caption-attachment-3469\" style=\"width: 1000px\" class=\"wp-caption alignnone\"><img decoding=\"async\" class=\"size-full wp-image-3469\" src=\"https:\/\/www.blackturtledive.com\/wp-content\/uploads\/2021\/01\/blackturtledive.com-parrotfish-koh-tao-marine-life.jpg\" alt=\"Papageienfisch Koh Tao Meeresbewohner\" width=\"1000\" height=\"667\" srcset=\"https:\/\/www.blackturtledive.com\/wp-content\/uploads\/2021\/01\/blackturtledive.com-parrotfish-koh-tao-marine-life.jpg 1000w, https:\/\/www.blackturtledive.com\/wp-content\/uploads\/2021\/01\/blackturtledive.com-parrotfish-koh-tao-marine-life-300x200.jpg 300w, https:\/\/www.blackturtledive.com\/wp-content\/uploads\/2021\/01\/blackturtledive.com-parrotfish-koh-tao-marine-life-768x512.jpg 768w, https:\/\/www.blackturtledive.com\/wp-content\/uploads\/2021\/01\/blackturtledive.com-parrotfish-koh-tao-marine-life-150x100.jpg 150w\" sizes=\"(max-width: 1000px) 100vw, 1000px\" \/><figcaption id=\"caption-attachment-3469\" class=\"wp-caption-text\">Papageienfisch Koh Tao Meeresbewohner<\/figcaption><\/figure>\n<h3>Wo man Papageienfische auf Koh Tao findet<\/h3>\n<p>Papageienfische sind an nahezu allen <a href=\"https:\/\/www.blackturtledive.com\/koh-tao-dive-sites\/\">Tauchpl\u00e4tzen<\/a> auf Koh Tao und an vielen flachen Stellen beim <a href=\"https:\/\/www.blackturtledive.com\/experience-programs\/snorkel-koh-tao\/\">Schnorcheln<\/a> zu sehen \u2014 ein gutes Zeichen f\u00fcr einen gesunden <a href=\"https:\/\/www.blackturtledive.com\/conservation\/marine-conservation-courses\/coral-watch-specialty\/\">Korallenriff<\/a>.<\/p>\n<p>Gro\u00dfe Gruppen trifft man oft am <a href=\"https:\/\/www.blackturtledive.com\/koh-tao-dive-sites\/twins-pinnacle\/\">Twins Pinnacle<\/a> (insbesondere an der Flachstelle) sowie an flachen Riffen wie <a href=\"https:\/\/www.blackturtledive.com\/koh-tao-dive-sites\/tanote-bay\/\">Tanote Bay<\/a>, <a href=\"https:\/\/www.blackturtledive.com\/koh-tao-dive-sites\/aow-leuk\/\">Aow Leuk<\/a> und <a href=\"https:\/\/www.blackturtledive.com\/koh-tao-dive-sites\/mango-bay\/\">Mango Bay<\/a>.<\/p>\n<p>Es ist nicht ungew\u00f6hnlich, gro\u00dfe soziale Versammlungen von Papageienfischen zu beobachten, die gemeinsam von Griffbereich zu Griffbereich ziehen und grasen.<\/p>\n<figure id=\"attachment_3383\" aria-describedby=\"caption-attachment-3383\" style=\"width: 1000px\" class=\"wp-caption alignnone\"><img decoding=\"async\" class=\"size-full wp-image-3383\" src=\"https:\/\/www.blackturtledive.com\/wp-content\/uploads\/2021\/01\/blackturtledive.com-parrotfish-koh-tao-thailand.jpg\" alt=\"Papageienfisch Koh Tao\" width=\"1000\" height=\"666\" srcset=\"https:\/\/www.blackturtledive.com\/wp-content\/uploads\/2021\/01\/blackturtledive.com-parrotfish-koh-tao-thailand.jpg 1000w, https:\/\/www.blackturtledive.com\/wp-content\/uploads\/2021\/01\/blackturtledive.com-parrotfish-koh-tao-thailand-300x200.jpg 300w, https:\/\/www.blackturtledive.com\/wp-content\/uploads\/2021\/01\/blackturtledive.com-parrotfish-koh-tao-thailand-768x511.jpg 768w, https:\/\/www.blackturtledive.com\/wp-content\/uploads\/2021\/01\/blackturtledive.com-parrotfish-koh-tao-thailand-150x100.jpg 150w\" sizes=\"(max-width: 1000px) 100vw, 1000px\" \/><figcaption id=\"caption-attachment-3383\" class=\"wp-caption-text\">Papageienfisch Koh Tao<\/figcaption><\/figure>\n<h3><span style=\"color: #28d4ff;\">Wie man Papageienfische erkennt<\/span><\/h3>\n<p>Papageienfische haben kr\u00e4ftige, massige K\u00f6rper mit gro\u00dfen Schuppen; die F\u00e4rbung reicht h\u00e4ufig von t\u00fcrkis blau \u00fcber gr\u00fcn bis hin zu vollst\u00e4ndigen Regenbogen F\u00e4rbungen.<\/p>\n<p>Ihren Namen verdanken sie den zwei vorderen Z\u00e4hnen, die zu einem <span style=\"color: #28d4ff;\">schnabel artigen Gebiss<\/span> verschmolzen sind und an einen Papageienschnabel erinnern.<\/p>\n<p>Im Rachen besitzen sie ein zweites Zahnsystem (<em><span style=\"color: #28d4ff;\">Pharyngeal Z\u00e4hne<\/span><\/em>), mit dem verschlucktes Korallengestein und Krebstiere zerkleinert und gemahlen werden.<\/p>\n<p>Gro\u00dfe Schulen von Papageifischen arbeiten oft in Eintracht wie eine \u201eaquatische Herde\u201c; sie sind sehr sozial und schwimmen h\u00e4ufig nahe an <a href=\"https:\/\/www.blackturtledive.com\/padi-diving-courses\/\">Tauchern<\/a> und Schnorchlern vorbei, w\u00e4hrend sie ihre Riff Arbeit verrichten.<\/p>\n<h3>Merkmale &amp; Verhalten der Papageienfische<\/h3>\n<p>Papageienfische \u00e4hneln ihren Verwandten, den <span style=\"color: #28d4ff;\">Lippfischen (Warten)<\/span>, und bewegen sich oft mit den Brustflossen statt prim\u00e4r mit dem Schwanz.<\/p>\n<p>Sie sind Allesfresser; die Nahrung besteht haupts\u00e4chlich aus Algen und Korallenpolypen, zus\u00e4tzlich werden gelegentlich Krebstiere gefressen.<\/p>\n<h3><span style=\"color: #28d4ff;\">Papageienfische sind omnivor.<\/span><\/h3>\n<p>Die Lebenserwartung betr\u00e4gt bis zu etwa 14 Jahre; die K\u00f6rperl\u00e4nge kann bis etwa 1 Meter erreichen.<\/p>\n<p><span style=\"color: #28d4ff;\">Papageienfische leben sozial in Harems<\/span> mit einem dominanten M\u00e4nnchen (\u201eSuper-Male&#8220;). Stirbt das dominante M\u00e4nnchen, kann sich ein Weibchen sexuell umwandeln und seine Rolle \u00fcbernehmen.<\/p>\n<p>Wenn dieses Superm\u00e4nnchen stirbt, wandelt sich eines der Weibchen und \u00fcbernimmt die Rolle des dominanten M\u00e4nnchens.<\/p>\n<figure id=\"attachment_3471\" aria-describedby=\"caption-attachment-3471\" style=\"width: 1100px\" class=\"wp-caption alignnone\"><img decoding=\"async\" class=\"size-full wp-image-3471\" src=\"https:\/\/www.blackturtledive.com\/wp-content\/uploads\/2021\/01\/blackturtledive.com-parrotfish-marine-life-koh-tao.jpg\" alt=\"Bunter Papageienfisch Koh Tao\" width=\"1100\" height=\"619\" srcset=\"https:\/\/www.blackturtledive.com\/wp-content\/uploads\/2021\/01\/blackturtledive.com-parrotfish-marine-life-koh-tao.jpg 1100w, https:\/\/www.blackturtledive.com\/wp-content\/uploads\/2021\/01\/blackturtledive.com-parrotfish-marine-life-koh-tao-300x169.jpg 300w, https:\/\/www.blackturtledive.com\/wp-content\/uploads\/2021\/01\/blackturtledive.com-parrotfish-marine-life-koh-tao-1024x576.jpg 1024w, https:\/\/www.blackturtledive.com\/wp-content\/uploads\/2021\/01\/blackturtledive.com-parrotfish-marine-life-koh-tao-768x432.jpg 768w, https:\/\/www.blackturtledive.com\/wp-content\/uploads\/2021\/01\/blackturtledive.com-parrotfish-marine-life-koh-tao-150x84.jpg 150w\" sizes=\"(max-width: 1100px) 100vw, 1100px\" \/><figcaption id=\"caption-attachment-3471\" class=\"wp-caption-text\">Bunter Papageienfisch Koh Tao<\/figcaption><\/figure>\n<h3>Interessante Fakten \u00fcber Papageienfische<\/h3>\n<p>Durch das Zerkauen von Korallen produzieren Papageienfische Sand: zerkautes Korallen Material wird als Sand ausgeschieden \u2014 ein einzelner Papageienfisch kann so bis zu etwa 1 Tonne Sand pro Jahr erzeugen.<\/p>\n<p>Korallen werden zerkleinert und als Sandpartikel ausgeschieden; ein einzelner Papageienfisch kann so bis zu einer Tonne Sand pro Jahr produzieren.<\/p>\n<p>Ihre Z\u00e4hne bestehen aus <span style=\"color: #28d4ff;\">Fluorapatit<\/span>, einem der <em><span style=\"color: #28d4ff;\">h\u00e4rtesten Minerale<\/span><\/em> und h\u00e4rter als Gold, Kupfer oder Silber.<\/p>\n<h3><span style=\"color: #28d4ff;\">Sandpartikel und Papageienfische.<\/span><\/h3>\n<p>Papageienfische k\u00f6nnen eine schleimige Blase aus dem Mund aufbauen, die als Schlafzimmer dient.<\/p>\n<p>Wissenschaftler untersuchen, ob diese Blase den Geruch maskiert, vor n\u00e4chtlichen R\u00e4ubern sch\u00fctzt oder als Alarm-Mechanismus beim Platzen fungiert.[\/vc_column_text][\/vc_column][\/vc_row]<\/p>\n<\/div>","protected":false},"excerpt":{"rendered":"<p>Die Papageifische auf Koh Tao geh\u00f6ren zu den farbenpr\u00e4chtigsten und am h\u00e4ufigsten anzutreffenden Meereslebewesen. Sie ern\u00e4hren sich von den Riffen und verbringen 90 % ihres Tages mit dem Fressen von Algen.<\/p>\n","protected":false},"author":2,"featured_media":18223,"parent":18647,"menu_order":0,"comment_status":"closed","ping_status":"closed","template":"","meta":{"_acf_changed":false,"footnotes":""},"class_list":["post-18635","page","type-page","status-publish","has-post-thumbnail","hentry"],"acf":[],"yoast_head":"<!-- This site is optimized with the Yoast SEO Premium plugin v27.6 (Yoast SEO v27.6) - https:\/\/yoast.com\/product\/yoast-seo-premium-wordpress\/ -->\n<title>Papageifisch Koh Tao | Black Turtle Dive<\/title>\n<meta name=\"description\" content=\"Papageifische sind unverzichtbare Pflanzenfresser im Riff und leicht an ihrem vogel\u00e4hnlichen Schnabel und den leuchtenden, kaleidoskopartigen Farben ihrer Schuppen zu erkennen.\" \/>\n<meta name=\"robots\" content=\"index, follow, max-snippet:-1, max-image-preview:large, max-video-preview:-1\" \/>\n<link rel=\"canonical\" href=\"https:\/\/www.blackturtledive.com\/de\/koh-tao-marine-life\/parrot-fish\/\" \/>\n<meta property=\"og:locale\" content=\"de_DE\" \/>\n<meta property=\"og:type\" content=\"article\" \/>\n<meta property=\"og:title\" content=\"Parrot Fish Koh Tao | Black Turtle Dive\" \/>\n<meta property=\"og:description\" content=\"Parrot Fish on Koh Tao are one of the most colourful and commonly seen marine life species and they are a reef grazer that spends 90% of their day eating algae\" \/>\n<meta property=\"og:url\" content=\"https:\/\/www.blackturtledive.com\/de\/koh-tao-marine-life\/parrot-fish\/\" \/>\n<meta property=\"og:site_name\" content=\"Black Turtle Dive Koh Tao\" \/>\n<meta property=\"article:publisher\" content=\"https:\/\/www.facebook.com\/blackturtledive\" \/>\n<meta property=\"article:modified_time\" content=\"2026-05-05T14:24:10+00:00\" \/>\n<meta property=\"og:image\" content=\"https:\/\/www.blackturtledive.com\/wp-content\/uploads\/2020\/11\/blackturtledive.com-best-padi-divemaster-course-koh-tao.jpg\" \/>\n\t<meta property=\"og:image:width\" content=\"1200\" \/>\n\t<meta property=\"og:image:height\" content=\"800\" \/>\n\t<meta property=\"og:image:type\" content=\"image\/jpeg\" \/>\n<meta name=\"twitter:card\" content=\"summary_large_image\" \/>\n<meta name=\"twitter:title\" content=\"Parrot Fish Koh Tao | Black Turtle Dive\" \/>\n<meta name=\"twitter:description\" content=\"Parrot Fish on Koh Tao are one of the most colourful and commonly seen marine life species and they are a reef grazer that spends 90% of their day eating algae\" \/>\n<meta name=\"twitter:image\" content=\"https:\/\/www.blackturtledive.com\/wp-content\/uploads\/2020\/11\/blackturtledive.com-best-padi-divemaster-course-koh-tao.jpg\" \/>\n<meta name=\"twitter:site\" content=\"@blackturtledive\" \/>\n<meta name=\"twitter:label1\" content=\"Gesch\u00e4tzte Lesezeit\" \/>\n\t<meta name=\"twitter:data1\" content=\"4\u00a0Minuten\" \/>\n<!-- \/ Yoast SEO Premium plugin. -->","yoast_head_json":{"title":"Papageifisch Koh Tao | Black Turtle Dive","description":"Papageifische sind unverzichtbare Pflanzenfresser im Riff und leicht an ihrem vogel\u00e4hnlichen Schnabel und den leuchtenden, kaleidoskopartigen Farben ihrer Schuppen zu erkennen.","robots":{"index":"index","follow":"follow","max-snippet":"max-snippet:-1","max-image-preview":"max-image-preview:large","max-video-preview":"max-video-preview:-1"},"canonical":"https:\/\/www.blackturtledive.com\/de\/koh-tao-marine-life\/parrot-fish\/","og_locale":"de_DE","og_type":"article","og_title":"Parrot Fish Koh Tao | Black Turtle Dive","og_description":"Parrot Fish on Koh Tao are one of the most colourful and commonly seen marine life species and they are a reef grazer that spends 90% of their day eating algae","og_url":"https:\/\/www.blackturtledive.com\/de\/koh-tao-marine-life\/parrot-fish\/","og_site_name":"Black Turtle Dive Koh Tao","article_publisher":"https:\/\/www.facebook.com\/blackturtledive","article_modified_time":"2026-05-05T14:24:10+00:00","og_image":[{"width":1200,"height":800,"url":"https:\/\/www.blackturtledive.com\/wp-content\/uploads\/2020\/11\/blackturtledive.com-best-padi-divemaster-course-koh-tao.jpg","type":"image\/jpeg"}],"twitter_card":"summary_large_image","twitter_title":"Parrot Fish Koh Tao | Black Turtle Dive","twitter_description":"Parrot Fish on Koh Tao are one of the most colourful and commonly seen marine life species and they are a reef grazer that spends 90% of their day eating algae","twitter_image":"https:\/\/www.blackturtledive.com\/wp-content\/uploads\/2020\/11\/blackturtledive.com-best-padi-divemaster-course-koh-tao.jpg","twitter_site":"@blackturtledive","twitter_misc":{"Gesch\u00e4tzte Lesezeit":"4\u00a0Minuten"},"schema":{"@context":"https:\/\/schema.org","@graph":[{"@type":"WebPage","@id":"https:\/\/www.blackturtledive.com\/de\/koh-tao-marine-life\/parrot-fish\/","url":"https:\/\/www.blackturtledive.com\/de\/koh-tao-marine-life\/parrot-fish\/","name":"Papageifisch Koh Tao | Black Turtle Dive","isPartOf":{"@id":"https:\/\/www.blackturtledive.com\/de\/#website"},"primaryImageOfPage":{"@id":"https:\/\/www.blackturtledive.com\/de\/koh-tao-marine-life\/parrot-fish\/#primaryimage"},"image":{"@id":"https:\/\/www.blackturtledive.com\/de\/koh-tao-marine-life\/parrot-fish\/#primaryimage"},"thumbnailUrl":"https:\/\/www.blackturtledive.com\/wp-content\/uploads\/2021\/01\/blackturtledive.com-parrotfish-koh-tao-thailand.jpg","datePublished":"2020-09-19T16:40:13+00:00","dateModified":"2026-05-05T14:24:10+00:00","description":"Papageifische sind unverzichtbare Pflanzenfresser im Riff und leicht an ihrem vogel\u00e4hnlichen Schnabel und den leuchtenden, kaleidoskopartigen Farben ihrer Schuppen zu erkennen.","breadcrumb":{"@id":"https:\/\/www.blackturtledive.com\/de\/koh-tao-marine-life\/parrot-fish\/#breadcrumb"},"inLanguage":"de","potentialAction":[{"@type":"ReadAction","target":["https:\/\/www.blackturtledive.com\/de\/koh-tao-marine-life\/parrot-fish\/"]}]},{"@type":"ImageObject","inLanguage":"de","@id":"https:\/\/www.blackturtledive.com\/de\/koh-tao-marine-life\/parrot-fish\/#primaryimage","url":"https:\/\/www.blackturtledive.com\/wp-content\/uploads\/2021\/01\/blackturtledive.com-parrotfish-koh-tao-thailand.jpg","contentUrl":"https:\/\/www.blackturtledive.com\/wp-content\/uploads\/2021\/01\/blackturtledive.com-parrotfish-koh-tao-thailand.jpg","width":1000,"height":666,"caption":"Parrot Fish Koh Tao"},{"@type":"BreadcrumbList","@id":"https:\/\/www.blackturtledive.com\/de\/koh-tao-marine-life\/parrot-fish\/#breadcrumb","itemListElement":[{"@type":"ListItem","position":1,"name":"Home","item":"https:\/\/www.blackturtledive.com\/de\/"},{"@type":"ListItem","position":2,"name":"Koh Tao Meeresleben","item":"https:\/\/www.blackturtledive.com\/de\/koh-tao-marine-life\/"},{"@type":"ListItem","position":3,"name":"Papageifisch"}]},{"@type":"WebSite","@id":"https:\/\/www.blackturtledive.com\/de\/#website","url":"https:\/\/www.blackturtledive.com\/de\/","name":"Black Turtle Dive Koh Tao","description":"Ocean Explorers | Marine Protectors","publisher":{"@id":"https:\/\/www.blackturtledive.com\/de\/#organization"},"alternateName":"Black Turtle Dive in Thailand","potentialAction":[{"@type":"SearchAction","target":{"@type":"EntryPoint","urlTemplate":"https:\/\/www.blackturtledive.com\/de\/?s={search_term_string}"},"query-input":{"@type":"PropertyValueSpecification","valueRequired":true,"valueName":"search_term_string"}}],"inLanguage":"de"},{"@type":"Organization","@id":"https:\/\/www.blackturtledive.com\/de\/#organization","name":"Black Turtle Dive Koh Tao","alternateName":"Black Turtle Dive","url":"https:\/\/www.blackturtledive.com\/de\/","logo":{"@type":"ImageObject","inLanguage":"de","@id":"https:\/\/www.blackturtledive.com\/de\/#\/schema\/logo\/image\/","url":"https:\/\/www.blackturtledive.com\/wp-content\/uploads\/2020\/11\/cropped-blackturtledive.com-brand-logo.png","contentUrl":"https:\/\/www.blackturtledive.com\/wp-content\/uploads\/2020\/11\/cropped-blackturtledive.com-brand-logo.png","width":400,"height":400,"caption":"Black Turtle Dive Koh Tao"},"image":{"@id":"https:\/\/www.blackturtledive.com\/de\/#\/schema\/logo\/image\/"},"sameAs":["https:\/\/www.facebook.com\/blackturtledive","https:\/\/x.com\/blackturtledive","https:\/\/www.instagram.com\/blackturtledive\/","https:\/\/www.youtube.com\/blackturtledive","https:\/\/www.linkedin.com\/company\/blackturtledive\/","https:\/\/www.tumblr.com\/blackturtledive","https:\/\/www.pinterest.com\/blackturtledive\/","https:\/\/www.tiktok.com\/@blackturtledive","https:\/\/www.reddit.com\/user\/blackturtledive\/"],"description":"Black Turtle Dive is a modern and innovative 5 Star Career Development Scuba Diving Center, passionate about the ocean and through training we want to empower you to become a competent and confident scuba diver. Our diving courses equip you with the skills, knowledge and awareness necessary to explore the ocean safely, whilst becoming a passionate advocate and protector of the marine environment. If you have never dived before or are a certified diver and want to develop your skills further, our tailored, bespoke courses and programs will inspire you to become an Ocean advocate. Our scientific based Marine Conservation Internships and training programs, offer aspiring scuba divers and marine conservationists, the best marine conservation internships on Koh Tao. We currently offer students six levels of Marine Conservation Internships at our beachside location on Koh Tao in Thailand. Check out our website for more information.","email":"info@blackturtledive.com","telephone":"089 592 2134","legalName":"Black Turtle Dive Co Ltd","foundingDate":"2020-01-01","publishingPrinciples":"https:\/\/www.blackturtledive.com\/terms\/","ownershipFundingInfo":"https:\/\/www.blackturtledive.com\/terms\/","actionableFeedbackPolicy":"https:\/\/www.blackturtledive.com\/privacy-policy\/","correctionsPolicy":"https:\/\/www.blackturtledive.com\/privacy-policy\/","ethicsPolicy":"https:\/\/www.blackturtledive.com\/privacy-policy\/","diversityPolicy":"https:\/\/www.blackturtledive.com\/privacy-policy\/"}]}},"_links":{"self":[{"href":"https:\/\/www.blackturtledive.com\/de\/wp-json\/wp\/v2\/pages\/18635","targetHints":{"allow":["GET"]}}],"collection":[{"href":"https:\/\/www.blackturtledive.com\/de\/wp-json\/wp\/v2\/pages"}],"about":[{"href":"https:\/\/www.blackturtledive.com\/de\/wp-json\/wp\/v2\/types\/page"}],"author":[{"embeddable":true,"href":"https:\/\/www.blackturtledive.com\/de\/wp-json\/wp\/v2\/users\/2"}],"replies":[{"embeddable":true,"href":"https:\/\/www.blackturtledive.com\/de\/wp-json\/wp\/v2\/comments?post=18635"}],"version-history":[{"count":1,"href":"https:\/\/www.blackturtledive.com\/de\/wp-json\/wp\/v2\/pages\/18635\/revisions"}],"predecessor-version":[{"id":70872,"href":"https:\/\/www.blackturtledive.com\/de\/wp-json\/wp\/v2\/pages\/18635\/revisions\/70872"}],"up":[{"embeddable":true,"href":"https:\/\/www.blackturtledive.com\/de\/wp-json\/wp\/v2\/pages\/18647"}],"wp:featuredmedia":[{"embeddable":true,"href":"https:\/\/www.blackturtledive.com\/de\/wp-json\/wp\/v2\/media\/18223"}],"wp:attachment":[{"href":"https:\/\/www.blackturtledive.com\/de\/wp-json\/wp\/v2\/media?parent=18635"}],"curies":[{"name":"wp","href":"https:\/\/api.w.org\/{rel}","templated":true}]}}