{"id":18636,"date":"2020-09-19T23:33:12","date_gmt":"2020-09-19T16:33:12","guid":{"rendered":"https:\/\/www.blackturtledive.com\/scribbled-file-fish\/"},"modified":"2026-05-05T21:24:11","modified_gmt":"2026-05-05T14:24:11","slug":"scribbled-file-fish","status":"publish","type":"page","link":"https:\/\/www.blackturtledive.com\/de\/koh-tao-marine-life\/scribbled-file-fish\/","title":{"rendered":"Gekritzelfeilenfisch"},"content":{"rendered":"<div class=\"wpb-content-wrapper\"><p>[vc_row][vc_column][vc_column_text css=&#8220;&#8220;]Der Scribbled Filefish (Aluterus scriptus) ist ein Meister der Tarnung mit einem abgeflachten K\u00f6rper, bedeckt von neonblauen Punkten und gekritzelten schwarzen Linien, die ihm helfen, im Korallenhintergrund zu verschwinden.<\/p>\n<p>Man findet ihn oft nahe der Oberfl\u00e4che oder in der N\u00e4he von Bojenleinen; mit seinem kleinen Maul frisst er stechende Quallen, Algen und kleine Krebstiere.<\/p>\n<p>Ein wichtiges Erkennungsmerkmal ist seine F\u00e4higkeit, die Farbintensit\u00e4t nahezu sofort je nach Umgebung oder Stressniveau zu ver\u00e4ndern \u2014 ein faszinierendes Schauspiel aktiver biologischer Tarnung f\u00fcr Taucher.<\/p>\n<h3><span style=\"color: #28d4ff;\">Alles \u00fcber den Gekritzelten Leierfisch auf Koh Tao<\/span><\/h3>\n<p>Gekritzelte Leierfische ziehen rund um <a href=\"https:\/\/www.blackturtledive.com\/koh-tao\/\">Koh Tao<\/a> unter Wasser oft viel Aufmerksamkeit von Fotografen auf sich \u2014 und das zu Recht.<\/p>\n<p>Auch als Scrawled Filefish bekannt, wirken sie ausgesprochen fremdartig und sind bei <a href=\"https:\/\/www.blackturtledive.com\/padi-diving-courses\/\">Tauchern<\/a> sehr beliebt.<\/p>\n<div  data-ep-a=\"fadeIn\"  id=\"_ytid_43389\"  width=\"640\" height=\"360\"  data-origwidth=\"640\" data-origheight=\"360\"  data-relstop=\"1\" data-facadesrc=\"https:\/\/www.youtube.com\/embed\/ETqJyx56jUQ?enablejsapi=1&origin=https:\/\/www.blackturtledive.com&autoplay=0&cc_load_policy=0&cc_lang_pref=&iv_load_policy=1&loop=0&rel=0&fs=1&playsinline=0&autohide=2&theme=dark&color=red&controls=1&disablekb=0&\" class=\"__youtube_prefs__ epyt-facade  no-lazyload\" data-epautoplay=\"1\" ><img decoding=\"async\" data-spai-excluded=\"true\" class=\"epyt-facade-poster skip-lazy\" loading=\"lazy\"  alt=\"Mysterious Scribbled Filefish: A Koh Tao Underwater Marvel | BlackTurtleDive.com\"  src=\"https:\/\/i.ytimg.com\/vi\/ETqJyx56jUQ\/maxresdefault.jpg\"  \/><button class=\"epyt-facade-play\" aria-label=\"Play\"><svg data-no-lazy=\"1\" height=\"100%\" version=\"1.1\" viewBox=\"0 0 68 48\" width=\"100%\"><path class=\"ytp-large-play-button-bg\" d=\"M66.52,7.74c-0.78-2.93-2.49-5.41-5.42-6.19C55.79,.13,34,0,34,0S12.21,.13,6.9,1.55 C3.97,2.33,2.27,4.81,1.48,7.74C0.06,13.05,0,24,0,24s0.06,10.95,1.48,16.26c0.78,2.93,2.49,5.41,5.42,6.19 C12.21,47.87,34,48,34,48s21.79-0.13,27.1-1.55c2.93-0.78,4.64-3.26,5.42-6.19C67.94,34.95,68,24,68,24S67.94,13.05,66.52,7.74z\" fill=\"#f00\"><\/path><path d=\"M 45,24 27,14 27,34\" fill=\"#fff\"><\/path><\/svg><\/button><\/div><span itemprop=\"video\" itemscope itemtype=\"http:\/\/schema.org\/VideoObject\"><meta itemprop=\"embedUrl\" content=\"https:\/\/www.youtube.com\/embed\/ETqJyx56jUQ\"><meta itemprop=\"name\" content=\"Mysterious Scribbled Filefish: A Koh Tao Underwater Marvel | BlackTurtleDive.com\"><meta itemprop=\"description\" content=\"Dive into the mesmerizing waters of Koh Tao, Thailand, and meet the enigmatic Scribbled Filefish, a true underwater marvel. This video captures the unique beauty and alien-like appearance of the Scribbled Filefish, a favorite among divers and underwater photographers. Discover why Koh Tao&#039;s dive sites, especially White Rock, are the perfect backdrop for observing these fascinating creatures in their natural habitat. Check out our marine life: https:\/\/www.blackturtledive.com\/koh-tao-marine-life\/scribbled-file-fish\/ This video is about Mysterious Scribbled Filefish: A Koh Tao Underwater Marvel. But It also covers the following topics: Scribbled Filefish Secrets Koh Tao Diving Spots Underwater Photography Tips Video Title: Mysterious Scribbled Filefish: A Koh Tao Underwater Marvel | BlackTurtleDive.com \ud83d\udd14Get on a Life-Changing Underwater Adventure with Us \u2013 Your Gateway to the Ocean&#039;s Wonders! Hit Subscribe Now to Join Our Community of Ocean Advocates. https:\/\/www.youtube.com\/&#064;BlackTurtleDive\/?sub_confirmation=1 \u2705Important Links to Follow \ud83d\udd17Brand Channels \u2728Main diving courses brand: https:\/\/www.blackturtledive.com\/ \u2728PADI Dive Courses ( Pro level): https:\/\/idckohtao.com\/ \u2728Marine Conservation Internships: https:\/\/www.ecokohtao.com\/ \u2705 Stay Connected With Us. \ud83d\udc49Facebook: https:\/\/www.facebook.com\/blackturtledive \ud83d\udc49Instagram: https:\/\/www.instagram.com\/blackturtledive\/ \ud83d\udc49Threads: https:\/\/www.threads.net\/&#064;blackturtledive \ud83d\udc49Tiktok: https:\/\/www.tiktok.com\/&#064;blackturtledive \ud83d\udc49Twitter (X): https:\/\/twitter.com\/blackturtledive \ud83d\udc49Pinterest: https:\/\/www.pinterest.com\/blackturtledive\/ \ud83d\udc49Website: https:\/\/www.blackturtledive.com\/ \u2705 For Business Inquiries: media&#064;blackturtledive.com ============================= \u2705 Recommended Playlists \ud83d\udc49 Koh Tao Marine Life (Part 1) https:\/\/www.youtube.com\/watch?v=1D3Dbtrq5vI&amp;list=PLW_jU0PKLEUGS-ZQjvOB0_8q7cZZmOqCC&amp;pp=iAQB \ud83d\udc49PADI Instructor Development Course (IDC) | Black Turtle Dive, Koh Tao https:\/\/www.youtube.com\/watch?v=kXPwkxj0gyg&amp;list=PLW_jU0PKLEUEUo8dW4l2QD8ywAwK7xP1c&amp;pp=iAQB \u2705 Other Videos You Might Be Interested In Watching: \ud83d\udc49 Coral Taxonomy &amp; Identification Course | Black Turtle Dive | Koh Tao, Thailand https:\/\/www.youtube.com\/watch?v=BPf-7c_QlP4 \ud83d\udc49 Fun Diving On Koh Tao In Thailand https:\/\/www.youtube.com\/watch?v=rE8d65rzEqc \ud83d\udc49 Whaleshark Koh Tao https:\/\/www.youtube.com\/watch?v=1D3Dbtrq5vI \ud83d\udc49 Pink Tail Trigger Fish Koh Tao https:\/\/www.youtube.com\/watch?v=JrQtGqlxnX8 \ud83d\udc49 Ocellated Eagle Ray Koh Tao https:\/\/www.youtube.com\/watch?v=xiO-23risdc ============================= \u2705 About Black Turtle Dive. As a modern and innovative Scuba Diving Center, Black Turtle Dive is passionate about the ocean, and through our training, we want to empower you to become a competent and confident scuba diver. Our diving courses equip you with the skills, knowledge, and awareness necessary to explore the ocean safely while becoming a passionate advocate and protector of the marine environment. If you have never dived before or are a certified diver and want to develop your skills further, our tailored, bespoke courses and programs will inspire you to become an Ocean advocate. Our scientific-based Marine Conservation Internships, or Reef Ecology And Conservation Training program (REACT), offer aspiring scuba divers and marine conservationists the best marine conservation internships on Koh Tao. We offer students three levels of Marine Conservation Internships at our beachside location on Koh Tao in Thailand. For Collaboration and Business inquiries, please use the contact information below: \ud83d\udce9 Email: media&#064;blackturtledive.com \ud83d\udd14Discover the Underwater World with Us: Expert Training, Unforgettable Experiences, and a Commitment to Marine Protection. Subscribe Now: https:\/\/www.youtube.com\/&#064;BlackTurtleDive\/?sub_confirmation=1 ================================= #scribbledfilefish #kohtao #divingthailand #underwaterworld #marinelife #scubadiving \u26a0\ufe0fDISCLAIMER: We do not accept any liability for any loss or damage incurred from you acting or not acting as a result of watching any of our publications. You acknowledge that you use the information we provide at your own risk. Do your research. Copyright Notice: This video and our YouTube channel contain dialogue, music, and images that are the property of Black Turtle Dive. You are authorized to share the video link and channel and embed this video in your website or others as long as a link back to our YouTube channel is provided. \u00a9 Black Turtle Dive\"><meta itemprop=\"thumbnailUrl\" content=\"https:\/\/i.ytimg.com\/vi\/ETqJyx56jUQ\/0.jpg\"><meta itemprop=\"duration\" content=\"PT56S\"><meta itemprop=\"uploadDate\" content=\"2021-01-25T08:37:27Z\"><\/span>\n<h3>Wo man den Gekritzelten Leierfisch auf Koh Tao findet<\/h3>\n<p>Gekritzelte Leierfische sind an vielen flachen <a href=\"https:\/\/www.blackturtledive.com\/koh-tao-dive-sites\/\">Tauchpl\u00e4tzen<\/a> rund um Koh Tao zu sehen; <a href=\"https:\/\/www.blackturtledive.com\/koh-tao-dive-sites\/white-rock\/\">White Rock<\/a> geh\u00f6rt zu den h\u00e4ufigsten Fundorten.<\/p>\n<p>Beim <a href=\"https:\/\/www.blackturtledive.com\/experience-programs\/snorkel-koh-tao\/\">Schnorcheln<\/a> hat man an <a href=\"https:\/\/www.blackturtledive.com\/koh-tao-dive-sites\/aow-leuk\/\">Aow Leuk<\/a> oder <a href=\"https:\/\/www.blackturtledive.com\/koh-tao-dive-sites\/mango-bay\/\">Mango Bay<\/a> an der K\u00fcste gute Chancen, ihnen zu begegnen.<\/p>\n<h3><span style=\"color: #28d4ff;\">Wie man den Gekritzelten Leierfisch erkennt<\/span><\/h3>\n<p>Gekritzelte Leierfische sind f\u00fcr ihre F\u00e4higkeit bekannt, schnell ihre Farbe der Umgebung anzupassen.<\/p>\n<p>Unabh\u00e4ngig von der Farbe sind sie dennoch sehr auff\u00e4llig.<\/p>\n<figure id=\"attachment_3389\" aria-describedby=\"caption-attachment-3389\" style=\"width: 1000px\" class=\"wp-caption alignnone\"><img decoding=\"async\" class=\"size-full wp-image-3389\" src=\"https:\/\/www.blackturtledive.com\/wp-content\/uploads\/2021\/01\/blackturtledive.com-scribbled-filefish-koh-tao.jpg\" alt=\"Gekritzelter Leierfisch Koh Tao\" width=\"1000\" height=\"667\" srcset=\"https:\/\/www.blackturtledive.com\/wp-content\/uploads\/2021\/01\/blackturtledive.com-scribbled-filefish-koh-tao.jpg 1000w, https:\/\/www.blackturtledive.com\/wp-content\/uploads\/2021\/01\/blackturtledive.com-scribbled-filefish-koh-tao-300x200.jpg 300w, https:\/\/www.blackturtledive.com\/wp-content\/uploads\/2021\/01\/blackturtledive.com-scribbled-filefish-koh-tao-768x512.jpg 768w, https:\/\/www.blackturtledive.com\/wp-content\/uploads\/2021\/01\/blackturtledive.com-scribbled-filefish-koh-tao-150x100.jpg 150w\" sizes=\"(max-width: 1000px) 100vw, 1000px\" \/><figcaption id=\"caption-attachment-3389\" class=\"wp-caption-text\">Gekritzelter Leierfisch Koh Tao<\/figcaption><\/figure>\n<h3>Colorful Scribbled Filefish<\/h3>\n<p>Die Schuppen sind rau, der K\u00f6rper stark seitlich zusammengedr\u00fcckt und schlank \u2014 daher der Name Leierfisch.<\/p>\n<p>Der K\u00f6rper verj\u00fcngt sich zum Ende hin; die gro\u00dfe, eingerollte Schwanzflosse erinnert an einen Besen (<span style=\"color: #28d4ff;\"><em>broom tail filefish<\/em><\/span>).<\/p>\n<p>Der Mund ist sehr klein mit leicht nach oben gebogenen Lippen, ideal zum Zupfen von Schw\u00e4mmen oder kleinen Beutetieren aus dem Sand.<\/p>\n<h3><span style=\"color: #28d4ff;\">Merkmale &amp; Verhalten des Gekritzelten Leierfische<\/span><\/h3>\n<p>Die Farbgebung reicht von braun bis gelb, erg\u00e4nzt durch zuf\u00e4llige Punkte und geschwungene Linien, die von leuchtendem Blau bis Dunkelbraun variieren k\u00f6nnen.<\/p>\n<p>Die Nahrung ist vielf\u00e4ltig: Algen, Tunicaten, Anemonen \u2014 und besonders gern fressen sie Quallen.<\/p>\n<p>Sie fressen tags\u00fcber und nachts und schwimmen oft langsam in Kopf-abw\u00e4rts&#8211;Position, bedingt durch den Winkel ihres Mauls.<\/p>\n<figure id=\"attachment_3504\" aria-describedby=\"caption-attachment-3504\" style=\"width: 1000px\" class=\"wp-caption alignnone\"><img decoding=\"async\" class=\"size-full wp-image-3504\" src=\"https:\/\/www.blackturtledive.com\/wp-content\/uploads\/2021\/01\/blackturtledive.com-scribbled-filefish-koh-tao-marine-life.jpg\" alt=\"Gekritzelter Leierfisch - Meeresleben\" width=\"1000\" height=\"700\" srcset=\"https:\/\/www.blackturtledive.com\/wp-content\/uploads\/2021\/01\/blackturtledive.com-scribbled-filefish-koh-tao-marine-life.jpg 1000w, https:\/\/www.blackturtledive.com\/wp-content\/uploads\/2021\/01\/blackturtledive.com-scribbled-filefish-koh-tao-marine-life-300x210.jpg 300w, https:\/\/www.blackturtledive.com\/wp-content\/uploads\/2021\/01\/blackturtledive.com-scribbled-filefish-koh-tao-marine-life-768x538.jpg 768w, https:\/\/www.blackturtledive.com\/wp-content\/uploads\/2021\/01\/blackturtledive.com-scribbled-filefish-koh-tao-marine-life-386x270.jpg 386w, https:\/\/www.blackturtledive.com\/wp-content\/uploads\/2021\/01\/blackturtledive.com-scribbled-filefish-koh-tao-marine-life-150x105.jpg 150w\" sizes=\"(max-width: 1000px) 100vw, 1000px\" \/><figcaption id=\"caption-attachment-3504\" class=\"wp-caption-text\">Gekritzelter Leierfisch &#8211; Meeresleben<\/figcaption><\/figure>\n<h3>Interessante Fakten \u00fcber den Gekritzelten Leierfisch<\/h3>\n<p>Diese Filefish-Art ist die gr\u00f6\u00dfte ihrer Familie und steht taxonomisch nah bei den <a href=\"https:\/\/www.blackturtledive.com\/koh-tao-marine-life\/titan-triggerfish\/\">Dr\u00fcckerfischen<\/a>.<\/p>\n<p>Bei n\u00e4herem Hinsehen erkennt man \u00fcber dem Kopf eine einrastbare Trigger&#8211;Stachelspitze.<\/p>\n<p>Sie haben au\u00dferdem eine <span style=\"color: #28d4ff;\">zweite Trigger-Flosse<\/span> unter dem Kiefer. Damit klemmen sie sich in Ritzen ein \u2014 zum Schlafen oder zum Schutz gegen R\u00e4uber.<\/p>\n<p>Wegen ihrer auff\u00e4lligen Farben werden sie gelegentlich f\u00fcr Aquarien gefangen, \u00fcberdauern jedoch meist nicht gut in Gefangenschaft.<\/p>\n<figure id=\"attachment_3502\" aria-describedby=\"caption-attachment-3502\" style=\"width: 1000px\" class=\"wp-caption alignnone\"><img decoding=\"async\" class=\"size-full wp-image-3502\" src=\"https:\/\/www.blackturtledive.com\/wp-content\/uploads\/2021\/01\/blackturtledive.com-scribbled-filefish-koh-tao-thailand.jpg\" alt=\"Gekritzelter Leierfisch Koh Tao Meeresleben\" width=\"1000\" height=\"667\" srcset=\"https:\/\/www.blackturtledive.com\/wp-content\/uploads\/2021\/01\/blackturtledive.com-scribbled-filefish-koh-tao-thailand.jpg 1000w, https:\/\/www.blackturtledive.com\/wp-content\/uploads\/2021\/01\/blackturtledive.com-scribbled-filefish-koh-tao-thailand-300x200.jpg 300w, https:\/\/www.blackturtledive.com\/wp-content\/uploads\/2021\/01\/blackturtledive.com-scribbled-filefish-koh-tao-thailand-768x512.jpg 768w, https:\/\/www.blackturtledive.com\/wp-content\/uploads\/2021\/01\/blackturtledive.com-scribbled-filefish-koh-tao-thailand-150x100.jpg 150w\" sizes=\"(max-width: 1000px) 100vw, 1000px\" \/><figcaption id=\"caption-attachment-3502\" class=\"wp-caption-text\">Gekritzelter Leierfisch Koh Tao Meeresleben<\/figcaption><\/figure>\n<p>[\/vc_column_text][\/vc_column][\/vc_row]<\/p>\n<\/div>","protected":false},"excerpt":{"rendered":"<p>Gekritzelte Feilenfische k\u00f6nnen an vielen der flachen Tauchpl\u00e4tze rund um Koh Tao beobachtet werden, wobei White Rock einer der h\u00e4ufigsten Orte daf\u00fcr ist.<\/p>\n","protected":false},"author":2,"featured_media":18225,"parent":18647,"menu_order":0,"comment_status":"closed","ping_status":"closed","template":"","meta":{"_acf_changed":false,"footnotes":""},"class_list":["post-18636","page","type-page","status-publish","has-post-thumbnail","hentry"],"acf":[],"yoast_head":"<!-- This site is optimized with the Yoast SEO Premium plugin v27.6 (Yoast SEO v27.6) - https:\/\/yoast.com\/product\/yoast-seo-premium-wordpress\/ -->\n<title>Gekritzelfeilenfisch Koh Tao | Black Turtle Dive<\/title>\n<meta name=\"description\" content=\"Gekritzelte Feilenfische k\u00f6nnen von Tauchern an vielen flachen Tauchpl\u00e4tzen rund um Koh Tao beobachtet werden, wobei White Rock einer der h\u00e4ufigsten Orte daf\u00fcr ist.\" \/>\n<meta name=\"robots\" content=\"index, follow, max-snippet:-1, max-image-preview:large, max-video-preview:-1\" \/>\n<link rel=\"canonical\" href=\"https:\/\/www.blackturtledive.com\/de\/koh-tao-marine-life\/scribbled-file-fish\/\" \/>\n<meta property=\"og:locale\" content=\"de_DE\" \/>\n<meta property=\"og:type\" content=\"article\" \/>\n<meta property=\"og:title\" content=\"Scribbled File Fish Koh Tao | Black Turtle Dive\" \/>\n<meta property=\"og:description\" content=\"Scribbled filefish can be seen by scuba divers at many of the shallow dive sites around Koh Tao with White Rock being one of the most common locations\" \/>\n<meta property=\"og:url\" content=\"https:\/\/www.blackturtledive.com\/de\/koh-tao-marine-life\/scribbled-file-fish\/\" \/>\n<meta property=\"og:site_name\" content=\"Black Turtle Dive Koh Tao\" \/>\n<meta property=\"article:publisher\" content=\"https:\/\/www.facebook.com\/blackturtledive\" \/>\n<meta property=\"article:modified_time\" content=\"2026-05-05T14:24:11+00:00\" \/>\n<meta property=\"og:image\" content=\"https:\/\/www.blackturtledive.com\/wp-content\/uploads\/2020\/11\/blackturtledive.com-best-padi-divemaster-course-koh-tao.jpg\" \/>\n\t<meta property=\"og:image:width\" content=\"1200\" \/>\n\t<meta property=\"og:image:height\" content=\"800\" \/>\n\t<meta property=\"og:image:type\" content=\"image\/jpeg\" \/>\n<meta name=\"twitter:card\" content=\"summary_large_image\" \/>\n<meta name=\"twitter:title\" content=\"Scribbled File Fish Koh Tao | Black Turtle Dive\" \/>\n<meta name=\"twitter:description\" content=\"Scribbled filefish can be seen by scuba divers at many of the shallow dive sites around Koh Tao with White Rock being one of the most common locations\" \/>\n<meta name=\"twitter:image\" content=\"https:\/\/www.blackturtledive.com\/wp-content\/uploads\/2020\/11\/blackturtledive.com-best-padi-divemaster-course-koh-tao.jpg\" \/>\n<meta name=\"twitter:site\" content=\"@blackturtledive\" \/>\n<meta name=\"twitter:label1\" content=\"Gesch\u00e4tzte Lesezeit\" \/>\n\t<meta name=\"twitter:data1\" content=\"3\u00a0Minuten\" \/>\n<!-- \/ Yoast SEO Premium plugin. -->","yoast_head_json":{"title":"Gekritzelfeilenfisch Koh Tao | Black Turtle Dive","description":"Gekritzelte Feilenfische k\u00f6nnen von Tauchern an vielen flachen Tauchpl\u00e4tzen rund um Koh Tao beobachtet werden, wobei White Rock einer der h\u00e4ufigsten Orte daf\u00fcr ist.","robots":{"index":"index","follow":"follow","max-snippet":"max-snippet:-1","max-image-preview":"max-image-preview:large","max-video-preview":"max-video-preview:-1"},"canonical":"https:\/\/www.blackturtledive.com\/de\/koh-tao-marine-life\/scribbled-file-fish\/","og_locale":"de_DE","og_type":"article","og_title":"Scribbled File Fish Koh Tao | Black Turtle Dive","og_description":"Scribbled filefish can be seen by scuba divers at many of the shallow dive sites around Koh Tao with White Rock being one of the most common locations","og_url":"https:\/\/www.blackturtledive.com\/de\/koh-tao-marine-life\/scribbled-file-fish\/","og_site_name":"Black Turtle Dive Koh Tao","article_publisher":"https:\/\/www.facebook.com\/blackturtledive","article_modified_time":"2026-05-05T14:24:11+00:00","og_image":[{"width":1200,"height":800,"url":"https:\/\/www.blackturtledive.com\/wp-content\/uploads\/2020\/11\/blackturtledive.com-best-padi-divemaster-course-koh-tao.jpg","type":"image\/jpeg"}],"twitter_card":"summary_large_image","twitter_title":"Scribbled File Fish Koh Tao | Black Turtle Dive","twitter_description":"Scribbled filefish can be seen by scuba divers at many of the shallow dive sites around Koh Tao with White Rock being one of the most common locations","twitter_image":"https:\/\/www.blackturtledive.com\/wp-content\/uploads\/2020\/11\/blackturtledive.com-best-padi-divemaster-course-koh-tao.jpg","twitter_site":"@blackturtledive","twitter_misc":{"Gesch\u00e4tzte Lesezeit":"3\u00a0Minuten"},"schema":{"@context":"https:\/\/schema.org","@graph":[{"@type":"WebPage","@id":"https:\/\/www.blackturtledive.com\/de\/koh-tao-marine-life\/scribbled-file-fish\/","url":"https:\/\/www.blackturtledive.com\/de\/koh-tao-marine-life\/scribbled-file-fish\/","name":"Gekritzelfeilenfisch Koh Tao | Black Turtle Dive","isPartOf":{"@id":"https:\/\/www.blackturtledive.com\/de\/#website"},"primaryImageOfPage":{"@id":"https:\/\/www.blackturtledive.com\/de\/koh-tao-marine-life\/scribbled-file-fish\/#primaryimage"},"image":{"@id":"https:\/\/www.blackturtledive.com\/de\/koh-tao-marine-life\/scribbled-file-fish\/#primaryimage"},"thumbnailUrl":"https:\/\/www.blackturtledive.com\/wp-content\/uploads\/2021\/01\/blackturtledive.com-scribbled-filefish-koh-tao.jpg","datePublished":"2020-09-19T16:33:12+00:00","dateModified":"2026-05-05T14:24:11+00:00","description":"Gekritzelte Feilenfische k\u00f6nnen von Tauchern an vielen flachen Tauchpl\u00e4tzen rund um Koh Tao beobachtet werden, wobei White Rock einer der h\u00e4ufigsten Orte daf\u00fcr ist.","breadcrumb":{"@id":"https:\/\/www.blackturtledive.com\/de\/koh-tao-marine-life\/scribbled-file-fish\/#breadcrumb"},"inLanguage":"de","potentialAction":[{"@type":"ReadAction","target":["https:\/\/www.blackturtledive.com\/de\/koh-tao-marine-life\/scribbled-file-fish\/"]}]},{"@type":"ImageObject","inLanguage":"de","@id":"https:\/\/www.blackturtledive.com\/de\/koh-tao-marine-life\/scribbled-file-fish\/#primaryimage","url":"https:\/\/www.blackturtledive.com\/wp-content\/uploads\/2021\/01\/blackturtledive.com-scribbled-filefish-koh-tao.jpg","contentUrl":"https:\/\/www.blackturtledive.com\/wp-content\/uploads\/2021\/01\/blackturtledive.com-scribbled-filefish-koh-tao.jpg","width":1000,"height":667,"caption":"Scribbled File fish Koh Tao"},{"@type":"BreadcrumbList","@id":"https:\/\/www.blackturtledive.com\/de\/koh-tao-marine-life\/scribbled-file-fish\/#breadcrumb","itemListElement":[{"@type":"ListItem","position":1,"name":"Home","item":"https:\/\/www.blackturtledive.com\/de\/"},{"@type":"ListItem","position":2,"name":"Koh Tao Meeresleben","item":"https:\/\/www.blackturtledive.com\/de\/koh-tao-marine-life\/"},{"@type":"ListItem","position":3,"name":"Gekritzelfeilenfisch"}]},{"@type":"WebSite","@id":"https:\/\/www.blackturtledive.com\/de\/#website","url":"https:\/\/www.blackturtledive.com\/de\/","name":"Black Turtle Dive Koh Tao","description":"Ocean Explorers | Marine Protectors","publisher":{"@id":"https:\/\/www.blackturtledive.com\/de\/#organization"},"alternateName":"Black Turtle Dive in Thailand","potentialAction":[{"@type":"SearchAction","target":{"@type":"EntryPoint","urlTemplate":"https:\/\/www.blackturtledive.com\/de\/?s={search_term_string}"},"query-input":{"@type":"PropertyValueSpecification","valueRequired":true,"valueName":"search_term_string"}}],"inLanguage":"de"},{"@type":"Organization","@id":"https:\/\/www.blackturtledive.com\/de\/#organization","name":"Black Turtle Dive Koh Tao","alternateName":"Black Turtle Dive","url":"https:\/\/www.blackturtledive.com\/de\/","logo":{"@type":"ImageObject","inLanguage":"de","@id":"https:\/\/www.blackturtledive.com\/de\/#\/schema\/logo\/image\/","url":"https:\/\/www.blackturtledive.com\/wp-content\/uploads\/2020\/11\/cropped-blackturtledive.com-brand-logo.png","contentUrl":"https:\/\/www.blackturtledive.com\/wp-content\/uploads\/2020\/11\/cropped-blackturtledive.com-brand-logo.png","width":400,"height":400,"caption":"Black Turtle Dive Koh Tao"},"image":{"@id":"https:\/\/www.blackturtledive.com\/de\/#\/schema\/logo\/image\/"},"sameAs":["https:\/\/www.facebook.com\/blackturtledive","https:\/\/x.com\/blackturtledive","https:\/\/www.instagram.com\/blackturtledive\/","https:\/\/www.youtube.com\/blackturtledive","https:\/\/www.linkedin.com\/company\/blackturtledive\/","https:\/\/www.tumblr.com\/blackturtledive","https:\/\/www.pinterest.com\/blackturtledive\/","https:\/\/www.tiktok.com\/@blackturtledive","https:\/\/www.reddit.com\/user\/blackturtledive\/"],"description":"Black Turtle Dive is a modern and innovative 5 Star Career Development Scuba Diving Center, passionate about the ocean and through training we want to empower you to become a competent and confident scuba diver. Our diving courses equip you with the skills, knowledge and awareness necessary to explore the ocean safely, whilst becoming a passionate advocate and protector of the marine environment. If you have never dived before or are a certified diver and want to develop your skills further, our tailored, bespoke courses and programs will inspire you to become an Ocean advocate. Our scientific based Marine Conservation Internships and training programs, offer aspiring scuba divers and marine conservationists, the best marine conservation internships on Koh Tao. We currently offer students six levels of Marine Conservation Internships at our beachside location on Koh Tao in Thailand. Check out our website for more information.","email":"info@blackturtledive.com","telephone":"089 592 2134","legalName":"Black Turtle Dive Co Ltd","foundingDate":"2020-01-01","publishingPrinciples":"https:\/\/www.blackturtledive.com\/terms\/","ownershipFundingInfo":"https:\/\/www.blackturtledive.com\/terms\/","actionableFeedbackPolicy":"https:\/\/www.blackturtledive.com\/privacy-policy\/","correctionsPolicy":"https:\/\/www.blackturtledive.com\/privacy-policy\/","ethicsPolicy":"https:\/\/www.blackturtledive.com\/privacy-policy\/","diversityPolicy":"https:\/\/www.blackturtledive.com\/privacy-policy\/"}]}},"_links":{"self":[{"href":"https:\/\/www.blackturtledive.com\/de\/wp-json\/wp\/v2\/pages\/18636","targetHints":{"allow":["GET"]}}],"collection":[{"href":"https:\/\/www.blackturtledive.com\/de\/wp-json\/wp\/v2\/pages"}],"about":[{"href":"https:\/\/www.blackturtledive.com\/de\/wp-json\/wp\/v2\/types\/page"}],"author":[{"embeddable":true,"href":"https:\/\/www.blackturtledive.com\/de\/wp-json\/wp\/v2\/users\/2"}],"replies":[{"embeddable":true,"href":"https:\/\/www.blackturtledive.com\/de\/wp-json\/wp\/v2\/comments?post=18636"}],"version-history":[{"count":1,"href":"https:\/\/www.blackturtledive.com\/de\/wp-json\/wp\/v2\/pages\/18636\/revisions"}],"predecessor-version":[{"id":70873,"href":"https:\/\/www.blackturtledive.com\/de\/wp-json\/wp\/v2\/pages\/18636\/revisions\/70873"}],"up":[{"embeddable":true,"href":"https:\/\/www.blackturtledive.com\/de\/wp-json\/wp\/v2\/pages\/18647"}],"wp:featuredmedia":[{"embeddable":true,"href":"https:\/\/www.blackturtledive.com\/de\/wp-json\/wp\/v2\/media\/18225"}],"wp:attachment":[{"href":"https:\/\/www.blackturtledive.com\/de\/wp-json\/wp\/v2\/media?parent=18636"}],"curies":[{"name":"wp","href":"https:\/\/api.w.org\/{rel}","templated":true}]}}