{"id":18638,"date":"2020-09-19T23:30:54","date_gmt":"2020-09-19T16:30:54","guid":{"rendered":"https:\/\/www.blackturtledive.com\/blue-ringed-angelfish\/"},"modified":"2026-05-05T21:24:14","modified_gmt":"2026-05-05T14:24:14","slug":"blue-ringed-angelfish","status":"publish","type":"page","link":"https:\/\/www.blackturtledive.com\/de\/koh-tao-marine-life\/blue-ringed-angelfish\/","title":{"rendered":"Blauringkaiserfisch"},"content":{"rendered":"<div class=\"wpb-content-wrapper\"><p>[vc_row][vc_column][vc_column_text css=&#8220;&#8220;]Der Blauring-Kaiserfisch (Pomacanthus annularis) ist einer der auff\u00e4lligsten Fische im Golf von Thailand und leicht an seinen elektrischen, gebogenen blauen Streifen und dem orange-braunen K\u00f6rper zu erkennen.<\/p>\n<p>Er ist vor allem an Riffen mit \u00fcppigem Korallenbewuchs wie Mango Bay zu finden, ern\u00e4hrt sich von Schw\u00e4mmen und Manteltieren und schwimmt oft paarweise durch die Riffstruktur.<\/p>\n<p>Trotz seines farbenpr\u00e4chtigen Adulten-Aussehens sehen Jungtiere ganz anders aus: Sie haben dunkle K\u00f6rper mit vertikalen wei\u00dfen und blauen Streifen, die ihnen helfen, sich in den Schatten des Riffs zu tarnen.<\/p>\n<h3><span style=\"color: #28d4ff;\">Alles \u00fcber den Blue-Ring-Falterfisch auf Koh Tao<\/span><\/h3>\n<p>Der Blue-Ring-Falterfisch ist auffallend sch\u00f6n und kommt regelm\u00e4\u00dfig an den zahlreichen <a href=\"https:\/\/www.blackturtledive.com\/conservation\/marine-conservation-courses\/coral-reef-conservation-diver\/\">Korallenriffen<\/a> von <a href=\"https:\/\/www.blackturtledive.com\/koh-tao\/\">Koh Tao<\/a> vor.<\/p>\n<p>Er ist oft in vielen flachen Buchten zu finden und bietet somit gute Gelegenheiten, ihn beim <a href=\"https:\/\/www.blackturtledive.com\/experience-programs\/snorkel-koh-tao\/\">Schnorcheln<\/a> oder <a href=\"https:\/\/www.blackturtledive.com\/padi-diving-courses\/\">Tauchen<\/a> zu sehen.<\/p>\n<div  data-ep-a=\"fadeIn\"  id=\"_ytid_20606\"  width=\"640\" height=\"360\"  data-origwidth=\"640\" data-origheight=\"360\"  data-relstop=\"1\" data-facadesrc=\"https:\/\/www.youtube.com\/embed\/jNc3-SU6NV8?enablejsapi=1&origin=https:\/\/www.blackturtledive.com&autoplay=0&cc_load_policy=0&cc_lang_pref=&iv_load_policy=1&loop=0&rel=0&fs=1&playsinline=0&autohide=2&theme=dark&color=red&controls=1&disablekb=0&\" class=\"__youtube_prefs__ epyt-facade  no-lazyload\" data-epautoplay=\"1\" ><img decoding=\"async\" data-spai-excluded=\"true\" class=\"epyt-facade-poster skip-lazy\" loading=\"lazy\"  alt=\"Koh Tao&#039;s Underwater Marvel: Anemone Fish In Their Natural Habitat | BlackTurtleDive.com\"  src=\"https:\/\/i.ytimg.com\/vi\/jNc3-SU6NV8\/maxresdefault.jpg\"  \/><button class=\"epyt-facade-play\" aria-label=\"Play\"><svg data-no-lazy=\"1\" height=\"100%\" version=\"1.1\" viewBox=\"0 0 68 48\" width=\"100%\"><path class=\"ytp-large-play-button-bg\" d=\"M66.52,7.74c-0.78-2.93-2.49-5.41-5.42-6.19C55.79,.13,34,0,34,0S12.21,.13,6.9,1.55 C3.97,2.33,2.27,4.81,1.48,7.74C0.06,13.05,0,24,0,24s0.06,10.95,1.48,16.26c0.78,2.93,2.49,5.41,5.42,6.19 C12.21,47.87,34,48,34,48s21.79-0.13,27.1-1.55c2.93-0.78,4.64-3.26,5.42-6.19C67.94,34.95,68,24,68,24S67.94,13.05,66.52,7.74z\" fill=\"#f00\"><\/path><path d=\"M 45,24 27,14 27,34\" fill=\"#fff\"><\/path><\/svg><\/button><\/div><span itemprop=\"video\" itemscope itemtype=\"http:\/\/schema.org\/VideoObject\"><meta itemprop=\"embedUrl\" content=\"https:\/\/www.youtube.com\/embed\/jNc3-SU6NV8\"><meta itemprop=\"name\" content=\"Koh Tao&#039;s Underwater Marvel: Anemone Fish In Their Natural Habitat | BlackTurtleDive.com\"><meta itemprop=\"description\" content=\"Join us on a breathtaking dive in Koh Tao, where the vibrant Anemone Fish, also known as the Pink Skunk Clownfish, captivates divers with their playful antics and colorful presence. This video showcases these fascinating creatures in their stunning anemone homes, highlighting the symbiotic relationship that thrives within the coral reefs of Koh Tao. Check out our other marine life: https:\/\/www.blackturtledive.com\/koh-tao-marine-life\/ This video concerns Koh Tao&#039;s Underwater Marvel: Anemone Fish In Their Natural Habitat. But It also covers the following topics: Anemone Fish Koh Tao Marine Life Photography Scuba Diving Thailand Video Title: Koh Tao&#039;s Underwater Marvel: Anemone Fish In Their Natural Habitat | BlackTurtleDive.com \ud83d\udd14Get on a Life-Changing Underwater Adventure with Us \u2013 Your Gateway to the Ocean&#039;s Wonders! Hit Subscribe Now to Join Our Community of Ocean Advocates. https:\/\/www.youtube.com\/&#064;BlackTurtleDive\/?sub_confirmation=1 \u2705Important Links to Follow \ud83d\udd17Brand Channels \u2728Main diving courses brand: https:\/\/www.blackturtledive.com\/ \u2728PADI Dive Courses ( Pro level): https:\/\/idckohtao.com\/ \u2728Marine Conservation Internships: https:\/\/www.ecokohtao.com\/ \u2705 Stay Connected With Us. \ud83d\udc49Facebook: https:\/\/www.facebook.com\/blackturtledive \ud83d\udc49Instagram: https:\/\/www.instagram.com\/blackturtledive\/ \ud83d\udc49Threads: https:\/\/www.threads.net\/&#064;blackturtledive \ud83d\udc49Tiktok: https:\/\/www.tiktok.com\/&#064;blackturtledive \ud83d\udc49Twitter (X): https:\/\/twitter.com\/blackturtledive \ud83d\udc49Pinterest: https:\/\/www.pinterest.com\/blackturtledive\/ \ud83d\udc49Website: https:\/\/www.blackturtledive.com\/ \u2705 For Business Inquiries: media&#064;blackturtledive.com ============================= \u2705 Recommended Playlists \ud83d\udc49 Koh Tao Marine Life (Part 1) https:\/\/www.youtube.com\/watch?v=1D3Dbtrq5vI&amp;list=PLW_jU0PKLEUGS-ZQjvOB0_8q7cZZmOqCC&amp;pp=iAQB \ud83d\udc49PADI Instructor Development Course (IDC) | Black Turtle Dive, Koh Tao https:\/\/www.youtube.com\/watch?v=kXPwkxj0gyg&amp;list=PLW_jU0PKLEUEUo8dW4l2QD8ywAwK7xP1c&amp;pp=iAQB \u2705 Other Videos You Might Be Interested In Watching: \ud83d\udc49 Coral Watch Marine Conservation Course in Koh Tao, Thailand https:\/\/www.youtube.com\/watch?v=mM6C-QgT1z4 \ud83d\udc49 Artificial Reefs - Marine Conservation Course in Thailand https:\/\/www.youtube.com\/watch?v=K9dld48M0qg \ud83d\udc49 Whaleshark Koh Tao https:\/\/www.youtube.com\/watch?v=1D3Dbtrq5vI \ud83d\udc49 Ocellated Eagle Ray Koh Tao https:\/\/www.youtube.com\/watch?v=xiO-23risdc \ud83d\udc49 Tailfin Batfish Koh Tao https:\/\/www.youtube.com\/watch?v=RCjIBjmvSZM ============================= \u2705 About Black Turtle Dive. As a modern and innovative Scuba Diving Center, Black Turtle Dive is passionate about the ocean, and through our training, we want to empower you to become a competent and confident scuba diver. Our diving courses equip you with the skills, knowledge, and awareness necessary to explore the ocean safely while becoming a passionate advocate and protector of the marine environment. If you have never dived before or are a certified diver and want to develop your skills further, our tailored, bespoke courses and programs will inspire you to become an Ocean advocate. Our scientific-based Marine Conservation Internships, or Reef Ecology And Conservation Training program (REACT), offer aspiring scuba divers and marine conservationists the best marine conservation internships on Koh Tao. We offer students three levels of Marine Conservation Internships at our beachside location on Koh Tao in Thailand. For Collaboration and Business inquiries, please use the contact information below: \ud83d\udce9 Email: media&#064;blackturtledive.com \ud83d\udd14Discover the Underwater World with Us: Expert Training, Unforgettable Experiences, and a Commitment to Marine Protection. Subscribe Now: https:\/\/www.youtube.com\/&#064;BlackTurtleDive\/?sub_confirmation=1 ================================= #anemonefish #kohtao #scubadiving #marinelife #underwaterbeauty #tropicalfish \u26a0\ufe0fDISCLAIMER: We do not accept any liability for any loss or damage incurred from you acting or not acting as a result of watching any of our publications. You acknowledge that you use the information we provide at your own risk. Do your research. Copyright Notice: This video and our YouTube channel contain dialogue, music, and images that are the property of Black Turtle Dive. You are authorized to share the video link and channel and embed this video in your website or others as long as a link back to our YouTube channel is provided. \u00a9 Black Turtle Dive\"><meta itemprop=\"thumbnailUrl\" content=\"https:\/\/i.ytimg.com\/vi\/jNc3-SU6NV8\/0.jpg\"><meta itemprop=\"duration\" content=\"PT1M\"><meta itemprop=\"uploadDate\" content=\"2021-01-11T11:19:00Z\"><\/span>\n<h3>Wo man den Blue-Ring-Falterfisch auf Koh Tao findet<\/h3>\n<p>Den Blue-Ring-Falterfisch findet man an nahezu jedem <a href=\"https:\/\/www.blackturtledive.com\/koh-tao-dive-sites\/\">Tauchplatz<\/a> auf Koh Tao.<\/p>\n<p>Aufgrund seiner Toleranz gegen\u00fcber tr\u00fcbem Wasser schwimmt er oft in der N\u00e4he von Stegen, w\u00e4hrend man auf das Ablegen des Tauch- oder Schnorchel Boots wartet.<\/p>\n<figure id=\"attachment_3210\" aria-describedby=\"caption-attachment-3210\" style=\"width: 1000px\" class=\"wp-caption alignnone\"><img decoding=\"async\" class=\"size-full wp-image-3210\" src=\"https:\/\/www.blackturtledive.com\/wp-content\/uploads\/2021\/01\/blackturtledive.com-pai-of-blue-ringed-angelfish-koh-tao.jpg\" alt=\"Blue-Ring-Falterfisch Beste Koh Tao Meeresbewohner\" width=\"1000\" height=\"667\" srcset=\"https:\/\/www.blackturtledive.com\/wp-content\/uploads\/2021\/01\/blackturtledive.com-pai-of-blue-ringed-angelfish-koh-tao.jpg 1000w, https:\/\/www.blackturtledive.com\/wp-content\/uploads\/2021\/01\/blackturtledive.com-pai-of-blue-ringed-angelfish-koh-tao-300x200.jpg 300w, https:\/\/www.blackturtledive.com\/wp-content\/uploads\/2021\/01\/blackturtledive.com-pai-of-blue-ringed-angelfish-koh-tao-768x512.jpg 768w, https:\/\/www.blackturtledive.com\/wp-content\/uploads\/2021\/01\/blackturtledive.com-pai-of-blue-ringed-angelfish-koh-tao-150x100.jpg 150w\" sizes=\"(max-width: 1000px) 100vw, 1000px\" \/><figcaption id=\"caption-attachment-3210\" class=\"wp-caption-text\">Blue-Ring-Falterfisch Beste Koh Tao Meeresbewohner<\/figcaption><\/figure>\n<h3><span style=\"color: #28d4ff;\">Wie man den Blue-Ring-Falterfisch erkennt<\/span><\/h3>\n<p>Der Blue-Ring-Falterfisch tr\u00e4gt ein lebhaftes blaues Muster aus aufw\u00e4rts gebogenen B\u00e4ndern auf braun-goldenem Grund; sein Name leitet sich vom blauen Ring an der Seite seiner Kiemen\u00f6ffnung ab.<\/p>\n<p>Blue-Ring-Falterfische paaren sich lebenslang in Paaren oder Harems; daher sieht man sie h\u00e4ufig zu zweit oder in kleinen Gruppen zusammen \u00fcber die Korallenriffe schwimmen.<\/p>\n<figure id=\"attachment_3212\" aria-describedby=\"caption-attachment-3212\" style=\"width: 1000px\" class=\"wp-caption alignnone\"><img decoding=\"async\" class=\"size-full wp-image-3212\" src=\"https:\/\/www.blackturtledive.com\/wp-content\/uploads\/2021\/01\/blackturtledive.com-blue-ringed-angelfish-koh-tao-marine-environment.jpg\" alt=\"Blue-Ring-Falterfisch Beste Koh Tao Meeresumgebung\" width=\"1000\" height=\"667\" srcset=\"https:\/\/www.blackturtledive.com\/wp-content\/uploads\/2021\/01\/blackturtledive.com-blue-ringed-angelfish-koh-tao-marine-environment.jpg 1000w, https:\/\/www.blackturtledive.com\/wp-content\/uploads\/2021\/01\/blackturtledive.com-blue-ringed-angelfish-koh-tao-marine-environment-300x200.jpg 300w, https:\/\/www.blackturtledive.com\/wp-content\/uploads\/2021\/01\/blackturtledive.com-blue-ringed-angelfish-koh-tao-marine-environment-768x512.jpg 768w, https:\/\/www.blackturtledive.com\/wp-content\/uploads\/2021\/01\/blackturtledive.com-blue-ringed-angelfish-koh-tao-marine-environment-150x100.jpg 150w\" sizes=\"(max-width: 1000px) 100vw, 1000px\" \/><figcaption id=\"caption-attachment-3212\" class=\"wp-caption-text\">Blue-Ring-Falterfisch Koh Tao Meeresumgebung<\/figcaption><\/figure>\n<h3>Merkmale &amp; Verhalten des Blue-Ring-Falterfisches<\/h3>\n<p>Untersuchungen zeigen, dass sich Paare oder Gruppen nach l\u00e4ngerer Trennung in einem Tanzritual wieder begr\u00fc\u00dfen: Sie drehen sich vom Kopf bis zur Schwanzspitze.<\/p>\n<p>Es wird angenommen, dass sie die einzige Doktorfisch-Art sind, die beim Erregt- oder Stresszustand ein grunzendes Ger\u00e4usch von sich gibt.<\/p>\n<p>Ihre Nahrung besteht haupts\u00e4chlich aus Zooplankton, Manteltieren (Tunicaten), Algen und verschiedenen Schw\u00e4mmen; sie bevorzugen flache Riffe mit einem reichhaltigen Nahrungsangebot.<\/p>\n<h3><span style=\"color: #28d4ff;\">Interessante Fakten \u00fcber den Blue-Ring-Falterfisch<\/span><\/h3>\n<p>Alle Falterfische werden als Weibchen geboren; mit dem Wachstum und der Reife verwandeln sich einige von ihnen zu M\u00e4nnchen.<\/p>\n<p>Junge Blue-Ring-Falterfische sind tats\u00e4chlich schwarz mit vertikalen blauen und wei\u00dfen Streifen.<\/p>\n<p>Es wird angenommen, dass der Blue-Ring-Falterfisch bis zu f\u00fcnfundzwanzig Jahre oder sogar l\u00e4nger leben kann.<\/p>\n<figure id=\"attachment_3206\" aria-describedby=\"caption-attachment-3206\" style=\"width: 1000px\" class=\"wp-caption alignnone\"><img decoding=\"async\" class=\"size-full wp-image-3206\" src=\"https:\/\/www.blackturtledive.com\/wp-content\/uploads\/2021\/01\/blackturtledive.com-blue-ringed-angelfish-koh-tao.jpg\" alt=\"Blue-Ring-Falterfisch Koh Tao Meeresbewohner\" width=\"1000\" height=\"667\" srcset=\"https:\/\/www.blackturtledive.com\/wp-content\/uploads\/2021\/01\/blackturtledive.com-blue-ringed-angelfish-koh-tao.jpg 1000w, https:\/\/www.blackturtledive.com\/wp-content\/uploads\/2021\/01\/blackturtledive.com-blue-ringed-angelfish-koh-tao-300x200.jpg 300w, https:\/\/www.blackturtledive.com\/wp-content\/uploads\/2021\/01\/blackturtledive.com-blue-ringed-angelfish-koh-tao-768x512.jpg 768w, https:\/\/www.blackturtledive.com\/wp-content\/uploads\/2021\/01\/blackturtledive.com-blue-ringed-angelfish-koh-tao-150x100.jpg 150w\" sizes=\"(max-width: 1000px) 100vw, 1000px\" \/><figcaption id=\"caption-attachment-3206\" class=\"wp-caption-text\">Blue-Ring-Falterfisch Koh Tao Meeresbewohner<\/figcaption><\/figure>\n<p>[\/vc_column_text][\/vc_column][\/vc_row]<\/p>\n<\/div>","protected":false},"excerpt":{"rendered":"<p>Blaugeringelte Kaiserfische sind von auffallender Sch\u00f6nheit und werden regelm\u00e4\u00dfig in den vielen Korallenriffen von Koh Tao in zahlreichen flachen Buchten gefunden und von Schnorchlern und Tauchern beobachtet.<\/p>\n","protected":false},"author":2,"featured_media":18177,"parent":18647,"menu_order":0,"comment_status":"closed","ping_status":"closed","template":"","meta":{"_acf_changed":false,"footnotes":""},"class_list":["post-18638","page","type-page","status-publish","has-post-thumbnail","hentry"],"acf":[],"yoast_head":"<!-- This site is optimized with the Yoast SEO Premium plugin v27.6 (Yoast SEO v27.6) - https:\/\/yoast.com\/product\/yoast-seo-premium-wordpress\/ -->\n<title>Blauringkaiserfisch Koh Tao Black Turtle Dive<\/title>\n<meta name=\"description\" content=\"Blaugeringelte Kaiserfische sind von auffallender Sch\u00f6nheit und leben in den flachen Buchten rund um die Korallenriffe von Koh Tao, wo sie von Schnorchlern und Tauchern beobachtet werden k\u00f6nnen.\" \/>\n<meta name=\"robots\" content=\"index, follow, max-snippet:-1, max-image-preview:large, max-video-preview:-1\" \/>\n<link rel=\"canonical\" href=\"https:\/\/www.blackturtledive.com\/de\/koh-tao-marine-life\/blue-ringed-angelfish\/\" \/>\n<meta property=\"og:locale\" content=\"de_DE\" \/>\n<meta property=\"og:type\" content=\"article\" \/>\n<meta property=\"og:title\" content=\"Blue Ringed Angelfish Koh Tao | Black Turtle Dive\" \/>\n<meta property=\"og:description\" content=\"Blue Ringed Angelfish are strikingly beautiful and are found around the Coral reefs of Koh Tao in the shallow bays and seen by snorkelers and scuba divers\" \/>\n<meta property=\"og:url\" content=\"https:\/\/www.blackturtledive.com\/de\/koh-tao-marine-life\/blue-ringed-angelfish\/\" \/>\n<meta property=\"og:site_name\" content=\"Black Turtle Dive Koh Tao\" \/>\n<meta property=\"article:publisher\" content=\"https:\/\/www.facebook.com\/blackturtledive\" \/>\n<meta property=\"article:modified_time\" content=\"2026-05-05T14:24:14+00:00\" \/>\n<meta property=\"og:image\" content=\"https:\/\/www.blackturtledive.com\/wp-content\/uploads\/2020\/11\/blackturtledive.com-best-padi-divemaster-course-koh-tao.jpg\" \/>\n\t<meta property=\"og:image:width\" content=\"1200\" \/>\n\t<meta property=\"og:image:height\" content=\"800\" \/>\n\t<meta property=\"og:image:type\" content=\"image\/jpeg\" \/>\n<meta name=\"twitter:card\" content=\"summary_large_image\" \/>\n<meta name=\"twitter:title\" content=\"Blue Ringed Angelfish Koh Tao | Black Turtle Dive\" \/>\n<meta name=\"twitter:description\" content=\"Blue Ringed Angelfish are strikingly beautiful and are found around the Coral reefs of Koh Tao in the shallow bays and seen by snorkelers and scuba divers\" \/>\n<meta name=\"twitter:image\" content=\"https:\/\/www.blackturtledive.com\/wp-content\/uploads\/2020\/11\/blackturtledive.com-best-padi-divemaster-course-koh-tao.jpg\" \/>\n<meta name=\"twitter:site\" content=\"@blackturtledive\" \/>\n<meta name=\"twitter:label1\" content=\"Gesch\u00e4tzte Lesezeit\" \/>\n\t<meta name=\"twitter:data1\" content=\"3\u00a0Minuten\" \/>\n<!-- \/ Yoast SEO Premium plugin. -->","yoast_head_json":{"title":"Blauringkaiserfisch Koh Tao Black Turtle Dive","description":"Blaugeringelte Kaiserfische sind von auffallender Sch\u00f6nheit und leben in den flachen Buchten rund um die Korallenriffe von Koh Tao, wo sie von Schnorchlern und Tauchern beobachtet werden k\u00f6nnen.","robots":{"index":"index","follow":"follow","max-snippet":"max-snippet:-1","max-image-preview":"max-image-preview:large","max-video-preview":"max-video-preview:-1"},"canonical":"https:\/\/www.blackturtledive.com\/de\/koh-tao-marine-life\/blue-ringed-angelfish\/","og_locale":"de_DE","og_type":"article","og_title":"Blue Ringed Angelfish Koh Tao | Black Turtle Dive","og_description":"Blue Ringed Angelfish are strikingly beautiful and are found around the Coral reefs of Koh Tao in the shallow bays and seen by snorkelers and scuba divers","og_url":"https:\/\/www.blackturtledive.com\/de\/koh-tao-marine-life\/blue-ringed-angelfish\/","og_site_name":"Black Turtle Dive Koh Tao","article_publisher":"https:\/\/www.facebook.com\/blackturtledive","article_modified_time":"2026-05-05T14:24:14+00:00","og_image":[{"width":1200,"height":800,"url":"https:\/\/www.blackturtledive.com\/wp-content\/uploads\/2020\/11\/blackturtledive.com-best-padi-divemaster-course-koh-tao.jpg","type":"image\/jpeg"}],"twitter_card":"summary_large_image","twitter_title":"Blue Ringed Angelfish Koh Tao | Black Turtle Dive","twitter_description":"Blue Ringed Angelfish are strikingly beautiful and are found around the Coral reefs of Koh Tao in the shallow bays and seen by snorkelers and scuba divers","twitter_image":"https:\/\/www.blackturtledive.com\/wp-content\/uploads\/2020\/11\/blackturtledive.com-best-padi-divemaster-course-koh-tao.jpg","twitter_site":"@blackturtledive","twitter_misc":{"Gesch\u00e4tzte Lesezeit":"3\u00a0Minuten"},"schema":{"@context":"https:\/\/schema.org","@graph":[{"@type":"WebPage","@id":"https:\/\/www.blackturtledive.com\/de\/koh-tao-marine-life\/blue-ringed-angelfish\/","url":"https:\/\/www.blackturtledive.com\/de\/koh-tao-marine-life\/blue-ringed-angelfish\/","name":"Blauringkaiserfisch Koh Tao Black Turtle Dive","isPartOf":{"@id":"https:\/\/www.blackturtledive.com\/de\/#website"},"primaryImageOfPage":{"@id":"https:\/\/www.blackturtledive.com\/de\/koh-tao-marine-life\/blue-ringed-angelfish\/#primaryimage"},"image":{"@id":"https:\/\/www.blackturtledive.com\/de\/koh-tao-marine-life\/blue-ringed-angelfish\/#primaryimage"},"thumbnailUrl":"https:\/\/www.blackturtledive.com\/wp-content\/uploads\/2021\/01\/blackturtledive.com-blue-ringed-angelfish-koh-tao.jpg","datePublished":"2020-09-19T16:30:54+00:00","dateModified":"2026-05-05T14:24:14+00:00","description":"Blaugeringelte Kaiserfische sind von auffallender Sch\u00f6nheit und leben in den flachen Buchten rund um die Korallenriffe von Koh Tao, wo sie von Schnorchlern und Tauchern beobachtet werden k\u00f6nnen.","breadcrumb":{"@id":"https:\/\/www.blackturtledive.com\/de\/koh-tao-marine-life\/blue-ringed-angelfish\/#breadcrumb"},"inLanguage":"de","potentialAction":[{"@type":"ReadAction","target":["https:\/\/www.blackturtledive.com\/de\/koh-tao-marine-life\/blue-ringed-angelfish\/"]}]},{"@type":"ImageObject","inLanguage":"de","@id":"https:\/\/www.blackturtledive.com\/de\/koh-tao-marine-life\/blue-ringed-angelfish\/#primaryimage","url":"https:\/\/www.blackturtledive.com\/wp-content\/uploads\/2021\/01\/blackturtledive.com-blue-ringed-angelfish-koh-tao.jpg","contentUrl":"https:\/\/www.blackturtledive.com\/wp-content\/uploads\/2021\/01\/blackturtledive.com-blue-ringed-angelfish-koh-tao.jpg","width":1000,"height":667,"caption":"Blue Ringed Angelfish Koh Tao Marine Life"},{"@type":"BreadcrumbList","@id":"https:\/\/www.blackturtledive.com\/de\/koh-tao-marine-life\/blue-ringed-angelfish\/#breadcrumb","itemListElement":[{"@type":"ListItem","position":1,"name":"Home","item":"https:\/\/www.blackturtledive.com\/de\/"},{"@type":"ListItem","position":2,"name":"Koh Tao Meeresleben","item":"https:\/\/www.blackturtledive.com\/de\/koh-tao-marine-life\/"},{"@type":"ListItem","position":3,"name":"Blauringkaiserfisch"}]},{"@type":"WebSite","@id":"https:\/\/www.blackturtledive.com\/de\/#website","url":"https:\/\/www.blackturtledive.com\/de\/","name":"Black Turtle Dive Koh Tao","description":"Ocean Explorers | Marine Protectors","publisher":{"@id":"https:\/\/www.blackturtledive.com\/de\/#organization"},"alternateName":"Black Turtle Dive in Thailand","potentialAction":[{"@type":"SearchAction","target":{"@type":"EntryPoint","urlTemplate":"https:\/\/www.blackturtledive.com\/de\/?s={search_term_string}"},"query-input":{"@type":"PropertyValueSpecification","valueRequired":true,"valueName":"search_term_string"}}],"inLanguage":"de"},{"@type":"Organization","@id":"https:\/\/www.blackturtledive.com\/de\/#organization","name":"Black Turtle Dive Koh Tao","alternateName":"Black Turtle Dive","url":"https:\/\/www.blackturtledive.com\/de\/","logo":{"@type":"ImageObject","inLanguage":"de","@id":"https:\/\/www.blackturtledive.com\/de\/#\/schema\/logo\/image\/","url":"https:\/\/www.blackturtledive.com\/wp-content\/uploads\/2020\/11\/cropped-blackturtledive.com-brand-logo.png","contentUrl":"https:\/\/www.blackturtledive.com\/wp-content\/uploads\/2020\/11\/cropped-blackturtledive.com-brand-logo.png","width":400,"height":400,"caption":"Black Turtle Dive Koh Tao"},"image":{"@id":"https:\/\/www.blackturtledive.com\/de\/#\/schema\/logo\/image\/"},"sameAs":["https:\/\/www.facebook.com\/blackturtledive","https:\/\/x.com\/blackturtledive","https:\/\/www.instagram.com\/blackturtledive\/","https:\/\/www.youtube.com\/blackturtledive","https:\/\/www.linkedin.com\/company\/blackturtledive\/","https:\/\/www.tumblr.com\/blackturtledive","https:\/\/www.pinterest.com\/blackturtledive\/","https:\/\/www.tiktok.com\/@blackturtledive","https:\/\/www.reddit.com\/user\/blackturtledive\/"],"description":"Black Turtle Dive is a modern and innovative 5 Star Career Development Scuba Diving Center, passionate about the ocean and through training we want to empower you to become a competent and confident scuba diver. Our diving courses equip you with the skills, knowledge and awareness necessary to explore the ocean safely, whilst becoming a passionate advocate and protector of the marine environment. If you have never dived before or are a certified diver and want to develop your skills further, our tailored, bespoke courses and programs will inspire you to become an Ocean advocate. Our scientific based Marine Conservation Internships and training programs, offer aspiring scuba divers and marine conservationists, the best marine conservation internships on Koh Tao. We currently offer students six levels of Marine Conservation Internships at our beachside location on Koh Tao in Thailand. Check out our website for more information.","email":"info@blackturtledive.com","telephone":"089 592 2134","legalName":"Black Turtle Dive Co Ltd","foundingDate":"2020-01-01","publishingPrinciples":"https:\/\/www.blackturtledive.com\/terms\/","ownershipFundingInfo":"https:\/\/www.blackturtledive.com\/terms\/","actionableFeedbackPolicy":"https:\/\/www.blackturtledive.com\/privacy-policy\/","correctionsPolicy":"https:\/\/www.blackturtledive.com\/privacy-policy\/","ethicsPolicy":"https:\/\/www.blackturtledive.com\/privacy-policy\/","diversityPolicy":"https:\/\/www.blackturtledive.com\/privacy-policy\/"}]}},"_links":{"self":[{"href":"https:\/\/www.blackturtledive.com\/de\/wp-json\/wp\/v2\/pages\/18638","targetHints":{"allow":["GET"]}}],"collection":[{"href":"https:\/\/www.blackturtledive.com\/de\/wp-json\/wp\/v2\/pages"}],"about":[{"href":"https:\/\/www.blackturtledive.com\/de\/wp-json\/wp\/v2\/types\/page"}],"author":[{"embeddable":true,"href":"https:\/\/www.blackturtledive.com\/de\/wp-json\/wp\/v2\/users\/2"}],"replies":[{"embeddable":true,"href":"https:\/\/www.blackturtledive.com\/de\/wp-json\/wp\/v2\/comments?post=18638"}],"version-history":[{"count":1,"href":"https:\/\/www.blackturtledive.com\/de\/wp-json\/wp\/v2\/pages\/18638\/revisions"}],"predecessor-version":[{"id":70875,"href":"https:\/\/www.blackturtledive.com\/de\/wp-json\/wp\/v2\/pages\/18638\/revisions\/70875"}],"up":[{"embeddable":true,"href":"https:\/\/www.blackturtledive.com\/de\/wp-json\/wp\/v2\/pages\/18647"}],"wp:featuredmedia":[{"embeddable":true,"href":"https:\/\/www.blackturtledive.com\/de\/wp-json\/wp\/v2\/media\/18177"}],"wp:attachment":[{"href":"https:\/\/www.blackturtledive.com\/de\/wp-json\/wp\/v2\/media?parent=18638"}],"curies":[{"name":"wp","href":"https:\/\/api.w.org\/{rel}","templated":true}]}}