{"id":18639,"date":"2020-09-19T23:29:56","date_gmt":"2020-09-19T16:29:56","guid":{"rendered":"https:\/\/www.blackturtledive.com\/malabar-grouper\/"},"modified":"2026-05-05T21:24:15","modified_gmt":"2026-05-05T14:24:15","slug":"malabar-grouper","status":"publish","type":"page","link":"https:\/\/www.blackturtledive.com\/de\/koh-tao-marine-life\/malabar-grouper\/","title":{"rendered":"Malabarzackenbarsch"},"content":{"rendered":"<div class=\"wpb-content-wrapper\"><p>[vc_row][vc_column][vc_column_text css=&#8220;&#8220;]Der Malabar-Zackenbarsch (Epinephelus malabaricus) ist ein gro\u00dfer, langsam bewegender Riffr\u00e4uber mit einem gesprenkelten braunen K\u00f6rper und einer Wachstumsf\u00e4higkeit von bis zu zwei Metern L\u00e4nge.<\/p>\n<p>Diese sanften Riesen lauern h\u00e4ufig in dunklen Ecken des Wracks HTMS Sattakut oder unter gro\u00dfen Felsbl\u00f6cken am South West Pinnacle und warten darauf, ahnungslose Fische aufzusaugen.<\/p>\n<p>Zackenbarsche sind protogyne, das hei\u00dft, sie k\u00f6nnen ihr Geschlecht von weiblich zu m\u00e4nnlich wechseln, w\u00e4hrend sie wachsen, wodurch die Dominanz gro\u00dfer M\u00e4nnchen im \u00d6kosystem von Koh Tao erhalten bleibt.<\/p>\n<h3><span style=\"color: #28d4ff;\">Alles \u00fcber den Malabar-Zackenbarsch auf Koh Tao<\/span><\/h3>\n<p>Malabar-Zackenbarsche auf <a href=\"https:\/\/www.blackturtledive.com\/koh-tao\/\">Koh Tao<\/a> sind auf Koh Tao zu den gr\u00f6\u00dften und am h\u00e4ufigsten gesehenen Fischen im<a href=\"https:\/\/www.blackturtledive.com\/koh-tao-marine-life\/\"> lokalen Meeresraum<\/a> zu z\u00e4hlen; sie gelten als ruhige und gelassene Riffbewohner.<\/p>\n<p>Malabar-Zackenbarsche werden von<a href=\"https:\/\/www.blackturtledive.com\/padi-diving-courses\/\"> Tauchern<\/a> fast bei jedem Tauchgang an den tieferen Felsnadeln <a href=\"https:\/\/www.blackturtledive.com\/koh-tao-dive-sites\/\">angetroffen<\/a>.<\/p>\n<figure id=\"attachment_3305\" aria-describedby=\"caption-attachment-3305\" style=\"width: 1000px\" class=\"wp-caption alignnone\"><img decoding=\"async\" class=\"size-full wp-image-3305\" src=\"https:\/\/www.blackturtledive.com\/wp-content\/uploads\/2021\/01\/blackturtledive.com-malabar-grouper-koh-tao.jpg\" alt=\"Gro\u00dfer Malabar-Zackenbarsch Koh Tao\" width=\"1000\" height=\"667\" srcset=\"https:\/\/www.blackturtledive.com\/wp-content\/uploads\/2021\/01\/blackturtledive.com-malabar-grouper-koh-tao.jpg 1000w, https:\/\/www.blackturtledive.com\/wp-content\/uploads\/2021\/01\/blackturtledive.com-malabar-grouper-koh-tao-300x200.jpg 300w, https:\/\/www.blackturtledive.com\/wp-content\/uploads\/2021\/01\/blackturtledive.com-malabar-grouper-koh-tao-768x512.jpg 768w, https:\/\/www.blackturtledive.com\/wp-content\/uploads\/2021\/01\/blackturtledive.com-malabar-grouper-koh-tao-150x100.jpg 150w\" sizes=\"(max-width: 1000px) 100vw, 1000px\" \/><figcaption id=\"caption-attachment-3305\" class=\"wp-caption-text\">Gro\u00dfer Malabar-Zackenbarsch Koh Tao<\/figcaption><\/figure>\n<h3>Wo man den Malabar-Zackenbarsch auf Koh Tao findet<\/h3>\n<p>Malabar-Zackenbarsche sind auf Koh Tao weit verbreitet; am h\u00e4ufigsten sieht man sie an tieferen <a href=\"https:\/\/www.blackturtledive.com\/blog\/10-interesting-facts-about-koh-tao-dive-sites\/\">Tauchpl\u00e4tzen<\/a> wie <a href=\"https:\/\/www.blackturtledive.com\/koh-tao-dive-sites\/sail-rock\/\">Sail Rock<\/a>, <a href=\"https:\/\/www.blackturtledive.com\/koh-tao-dive-sites\/chumphon-pinnacle\/\">Chumphon Pinnacle<\/a> und <a href=\"https:\/\/www.blackturtledive.com\/koh-tao-dive-sites\/south-west-pinnacle\/\">Southwest Pinnacle<\/a>.<\/p>\n<h3><span style=\"color: #28d4ff;\">Wie man den Malabar-Zackenbarsch erkennt<\/span><\/h3>\n<p>Malabar-Zackenbarsche k\u00f6nnen bis zu 230 cm lang und bis zu 150 kg schwer werden \u2014 ihre kolossale Gr\u00f6\u00dfe sticht hervor.<\/p>\n<p>Der K\u00f6rper ist hell graubraun mit mehreren dunkelbraunen, zuf\u00e4llig verteilten Flecken.<\/p>\n<p>\u00c4ltere Tiere zeigen eine Mischung aus braunen und grauen B\u00e4ndern am K\u00f6rper; j\u00fcngere <span style=\"color: #28d4ff;\">Malabar-Zackenbarsche<\/span> sind noch \u00fcberwiegend braun.<\/p>\n<figure id=\"attachment_3458\" aria-describedby=\"caption-attachment-3458\" style=\"width: 1000px\" class=\"wp-caption alignnone\"><img decoding=\"async\" class=\"size-full wp-image-3458\" src=\"https:\/\/www.blackturtledive.com\/wp-content\/uploads\/2021\/01\/blackturtledive.com-malabar-groupers-koh-tao-thailand.jpg\" alt=\"Malabar-Zackenbarsch - Meeresbewohner Koh Tao\" width=\"1000\" height=\"681\" srcset=\"https:\/\/www.blackturtledive.com\/wp-content\/uploads\/2021\/01\/blackturtledive.com-malabar-groupers-koh-tao-thailand.jpg 1000w, https:\/\/www.blackturtledive.com\/wp-content\/uploads\/2021\/01\/blackturtledive.com-malabar-groupers-koh-tao-thailand-300x204.jpg 300w, https:\/\/www.blackturtledive.com\/wp-content\/uploads\/2021\/01\/blackturtledive.com-malabar-groupers-koh-tao-thailand-768x523.jpg 768w, https:\/\/www.blackturtledive.com\/wp-content\/uploads\/2021\/01\/blackturtledive.com-malabar-groupers-koh-tao-thailand-150x102.jpg 150w\" sizes=\"(max-width: 1000px) 100vw, 1000px\" \/><figcaption id=\"caption-attachment-3458\" class=\"wp-caption-text\">Malabar-Zackenbarsch &#8211; Meeresbewohner Koh Tao<\/figcaption><\/figure>\n<h3>Merkmale &amp; Verhalten des Malabar-Zackenbarschs<\/h3>\n<p>Malabar-Zackenbarsche sind, wie viele Zackenbarsche, einzelg\u00e4ngerische Fleischfresser. Sie jagen bevorzugt in der D\u00e4mmerung in Bodenn\u00e4he.<\/p>\n<p>Bei ihrer langsamen Fortbewegung <span style=\"color: #28d4ff;\">haben sie einen sehr schnellen Angriff<\/span>: Sie \u00f6ffnen das gro\u00dfe Maul ruckartig, erzeugen starken Sog und saugen Beute komplett ein.<\/p>\n<figure id=\"attachment_3309\" aria-describedby=\"caption-attachment-3309\" style=\"width: 1000px\" class=\"wp-caption alignnone\"><img decoding=\"async\" class=\"size-full wp-image-3309\" src=\"https:\/\/www.blackturtledive.com\/wp-content\/uploads\/2021\/01\/blackturtledive.com-malabar-grouper-koh-tao-thailand.jpg\" alt=\"Malabar-Zackenbarsch Koh Tao Meeresbewohner\" width=\"1000\" height=\"667\" srcset=\"https:\/\/www.blackturtledive.com\/wp-content\/uploads\/2021\/01\/blackturtledive.com-malabar-grouper-koh-tao-thailand.jpg 1000w, https:\/\/www.blackturtledive.com\/wp-content\/uploads\/2021\/01\/blackturtledive.com-malabar-grouper-koh-tao-thailand-300x200.jpg 300w, https:\/\/www.blackturtledive.com\/wp-content\/uploads\/2021\/01\/blackturtledive.com-malabar-grouper-koh-tao-thailand-768x512.jpg 768w, https:\/\/www.blackturtledive.com\/wp-content\/uploads\/2021\/01\/blackturtledive.com-malabar-grouper-koh-tao-thailand-150x100.jpg 150w\" sizes=\"(max-width: 1000px) 100vw, 1000px\" \/><figcaption id=\"caption-attachment-3309\" class=\"wp-caption-text\">Malabar-Zackenbarsch Koh Tao Meeresbewohner<\/figcaption><\/figure>\n<h3><span style=\"color: #28d4ff;\">Interessante Fakten zum Malabar-Zackenbarsch<\/span><\/h3>\n<p>Der Malabar-Zackenbarsch ist ein protogyner Hermaphrodit \u2014 er wird als Weibchen geboren und kann im Laufe des Lebens zum M\u00e4nnchen wechseln.<\/p>\n<p>Es wird angenommen, dass die Fortpflanzung mit den Mondphasen synchronisiert ist.<\/p>\n<p>Die Anzahl der Flecken am K\u00f6rper nimmt mit dem Alter zu und dient so als einfache Altersbestimmung.[\/vc_column_text][\/vc_column][\/vc_row]<\/p>\n<\/div>","protected":false},"excerpt":{"rendered":"<p>Die Malabar-Zackenbarsche vor Koh Tao geh\u00f6ren zu den gr\u00f6\u00dften und am h\u00e4ufigsten anzutreffenden Fischen im lokalen Meeresgebiet und z\u00e4hlen zu den entspanntesten und sanftm\u00fctigsten Arten rund um das Korallenriff.<\/p>\n","protected":false},"author":2,"featured_media":18206,"parent":18647,"menu_order":0,"comment_status":"closed","ping_status":"closed","template":"","meta":{"_acf_changed":false,"footnotes":""},"class_list":["post-18639","page","type-page","status-publish","has-post-thumbnail","hentry"],"acf":[],"yoast_head":"<!-- This site is optimized with the Yoast SEO Premium plugin v27.6 (Yoast SEO v27.6) - https:\/\/yoast.com\/product\/yoast-seo-premium-wordpress\/ -->\n<title>Malabarzackenbarsch Koh Tao | Black Turtle Dive<\/title>\n<meta name=\"description\" content=\"Der Malabar-Zackenbarsch (Epinephelus malabaricus) ist ein gro\u00dfer, langsam schwimmender Riffbewohner mit einem gefleckten braunen K\u00f6rper und kann bis zu zwei Meter lang werden.\" \/>\n<meta name=\"robots\" content=\"index, follow, max-snippet:-1, max-image-preview:large, max-video-preview:-1\" \/>\n<link rel=\"canonical\" href=\"https:\/\/www.blackturtledive.com\/de\/koh-tao-marine-life\/malabar-grouper\/\" \/>\n<meta property=\"og:locale\" content=\"de_DE\" \/>\n<meta property=\"og:type\" content=\"article\" \/>\n<meta property=\"og:title\" content=\"Malabar Grouper Koh Tao | Black Turtle Dive\" \/>\n<meta property=\"og:description\" content=\"Malabar Groupers on Koh Tao are seen by scuba divers on almost every dive when visiting the deeper rock pinnacle dive sites in the local marine environment\" \/>\n<meta property=\"og:url\" content=\"https:\/\/www.blackturtledive.com\/de\/koh-tao-marine-life\/malabar-grouper\/\" \/>\n<meta property=\"og:site_name\" content=\"Black Turtle Dive Koh Tao\" \/>\n<meta property=\"article:publisher\" content=\"https:\/\/www.facebook.com\/blackturtledive\" \/>\n<meta property=\"article:modified_time\" content=\"2026-05-05T14:24:15+00:00\" \/>\n<meta property=\"og:image\" content=\"https:\/\/www.blackturtledive.com\/wp-content\/uploads\/2020\/11\/blackturtledive.com-best-padi-divemaster-course-koh-tao.jpg\" \/>\n\t<meta property=\"og:image:width\" content=\"1200\" \/>\n\t<meta property=\"og:image:height\" content=\"800\" \/>\n\t<meta property=\"og:image:type\" content=\"image\/jpeg\" \/>\n<meta name=\"twitter:card\" content=\"summary_large_image\" \/>\n<meta name=\"twitter:title\" content=\"Malabar Grouper Koh Tao | Black Turtle Dive\" \/>\n<meta name=\"twitter:description\" content=\"Malabar Groupers on Koh Tao are seen by scuba divers on almost every dive when visiting the deeper rock pinnacle dive sites in the local marine environment\" \/>\n<meta name=\"twitter:image\" content=\"https:\/\/www.blackturtledive.com\/wp-content\/uploads\/2020\/11\/blackturtledive.com-best-padi-divemaster-course-koh-tao.jpg\" \/>\n<meta name=\"twitter:site\" content=\"@blackturtledive\" \/>\n<meta name=\"twitter:label1\" content=\"Gesch\u00e4tzte Lesezeit\" \/>\n\t<meta name=\"twitter:data1\" content=\"3\u00a0Minuten\" \/>\n<!-- \/ Yoast SEO Premium plugin. -->","yoast_head_json":{"title":"Malabarzackenbarsch Koh Tao | Black Turtle Dive","description":"Der Malabar-Zackenbarsch (Epinephelus malabaricus) ist ein gro\u00dfer, langsam schwimmender Riffbewohner mit einem gefleckten braunen K\u00f6rper und kann bis zu zwei Meter lang werden.","robots":{"index":"index","follow":"follow","max-snippet":"max-snippet:-1","max-image-preview":"max-image-preview:large","max-video-preview":"max-video-preview:-1"},"canonical":"https:\/\/www.blackturtledive.com\/de\/koh-tao-marine-life\/malabar-grouper\/","og_locale":"de_DE","og_type":"article","og_title":"Malabar Grouper Koh Tao | Black Turtle Dive","og_description":"Malabar Groupers on Koh Tao are seen by scuba divers on almost every dive when visiting the deeper rock pinnacle dive sites in the local marine environment","og_url":"https:\/\/www.blackturtledive.com\/de\/koh-tao-marine-life\/malabar-grouper\/","og_site_name":"Black Turtle Dive Koh Tao","article_publisher":"https:\/\/www.facebook.com\/blackturtledive","article_modified_time":"2026-05-05T14:24:15+00:00","og_image":[{"width":1200,"height":800,"url":"https:\/\/www.blackturtledive.com\/wp-content\/uploads\/2020\/11\/blackturtledive.com-best-padi-divemaster-course-koh-tao.jpg","type":"image\/jpeg"}],"twitter_card":"summary_large_image","twitter_title":"Malabar Grouper Koh Tao | Black Turtle Dive","twitter_description":"Malabar Groupers on Koh Tao are seen by scuba divers on almost every dive when visiting the deeper rock pinnacle dive sites in the local marine environment","twitter_image":"https:\/\/www.blackturtledive.com\/wp-content\/uploads\/2020\/11\/blackturtledive.com-best-padi-divemaster-course-koh-tao.jpg","twitter_site":"@blackturtledive","twitter_misc":{"Gesch\u00e4tzte Lesezeit":"3\u00a0Minuten"},"schema":{"@context":"https:\/\/schema.org","@graph":[{"@type":"WebPage","@id":"https:\/\/www.blackturtledive.com\/de\/koh-tao-marine-life\/malabar-grouper\/","url":"https:\/\/www.blackturtledive.com\/de\/koh-tao-marine-life\/malabar-grouper\/","name":"Malabarzackenbarsch Koh Tao | Black Turtle Dive","isPartOf":{"@id":"https:\/\/www.blackturtledive.com\/de\/#website"},"primaryImageOfPage":{"@id":"https:\/\/www.blackturtledive.com\/de\/koh-tao-marine-life\/malabar-grouper\/#primaryimage"},"image":{"@id":"https:\/\/www.blackturtledive.com\/de\/koh-tao-marine-life\/malabar-grouper\/#primaryimage"},"thumbnailUrl":"https:\/\/www.blackturtledive.com\/wp-content\/uploads\/2021\/01\/blackturtledive.com-malabar-grouper-koh-tao-thailand.jpg","datePublished":"2020-09-19T16:29:56+00:00","dateModified":"2026-05-05T14:24:15+00:00","description":"Der Malabar-Zackenbarsch (Epinephelus malabaricus) ist ein gro\u00dfer, langsam schwimmender Riffbewohner mit einem gefleckten braunen K\u00f6rper und kann bis zu zwei Meter lang werden.","breadcrumb":{"@id":"https:\/\/www.blackturtledive.com\/de\/koh-tao-marine-life\/malabar-grouper\/#breadcrumb"},"inLanguage":"de","potentialAction":[{"@type":"ReadAction","target":["https:\/\/www.blackturtledive.com\/de\/koh-tao-marine-life\/malabar-grouper\/"]}]},{"@type":"ImageObject","inLanguage":"de","@id":"https:\/\/www.blackturtledive.com\/de\/koh-tao-marine-life\/malabar-grouper\/#primaryimage","url":"https:\/\/www.blackturtledive.com\/wp-content\/uploads\/2021\/01\/blackturtledive.com-malabar-grouper-koh-tao-thailand.jpg","contentUrl":"https:\/\/www.blackturtledive.com\/wp-content\/uploads\/2021\/01\/blackturtledive.com-malabar-grouper-koh-tao-thailand.jpg","width":1000,"height":667,"caption":"Malabar Grouper Koh Tao Marine Life"},{"@type":"BreadcrumbList","@id":"https:\/\/www.blackturtledive.com\/de\/koh-tao-marine-life\/malabar-grouper\/#breadcrumb","itemListElement":[{"@type":"ListItem","position":1,"name":"Home","item":"https:\/\/www.blackturtledive.com\/de\/"},{"@type":"ListItem","position":2,"name":"Koh Tao Meeresleben","item":"https:\/\/www.blackturtledive.com\/de\/koh-tao-marine-life\/"},{"@type":"ListItem","position":3,"name":"Malabarzackenbarsch"}]},{"@type":"WebSite","@id":"https:\/\/www.blackturtledive.com\/de\/#website","url":"https:\/\/www.blackturtledive.com\/de\/","name":"Black Turtle Dive Koh Tao","description":"Ocean Explorers | Marine Protectors","publisher":{"@id":"https:\/\/www.blackturtledive.com\/de\/#organization"},"alternateName":"Black Turtle Dive in Thailand","potentialAction":[{"@type":"SearchAction","target":{"@type":"EntryPoint","urlTemplate":"https:\/\/www.blackturtledive.com\/de\/?s={search_term_string}"},"query-input":{"@type":"PropertyValueSpecification","valueRequired":true,"valueName":"search_term_string"}}],"inLanguage":"de"},{"@type":"Organization","@id":"https:\/\/www.blackturtledive.com\/de\/#organization","name":"Black Turtle Dive Koh Tao","alternateName":"Black Turtle Dive","url":"https:\/\/www.blackturtledive.com\/de\/","logo":{"@type":"ImageObject","inLanguage":"de","@id":"https:\/\/www.blackturtledive.com\/de\/#\/schema\/logo\/image\/","url":"https:\/\/www.blackturtledive.com\/wp-content\/uploads\/2020\/11\/cropped-blackturtledive.com-brand-logo.png","contentUrl":"https:\/\/www.blackturtledive.com\/wp-content\/uploads\/2020\/11\/cropped-blackturtledive.com-brand-logo.png","width":400,"height":400,"caption":"Black Turtle Dive Koh Tao"},"image":{"@id":"https:\/\/www.blackturtledive.com\/de\/#\/schema\/logo\/image\/"},"sameAs":["https:\/\/www.facebook.com\/blackturtledive","https:\/\/x.com\/blackturtledive","https:\/\/www.instagram.com\/blackturtledive\/","https:\/\/www.youtube.com\/blackturtledive","https:\/\/www.linkedin.com\/company\/blackturtledive\/","https:\/\/www.tumblr.com\/blackturtledive","https:\/\/www.pinterest.com\/blackturtledive\/","https:\/\/www.tiktok.com\/@blackturtledive","https:\/\/www.reddit.com\/user\/blackturtledive\/"],"description":"Black Turtle Dive is a modern and innovative 5 Star Career Development Scuba Diving Center, passionate about the ocean and through training we want to empower you to become a competent and confident scuba diver. Our diving courses equip you with the skills, knowledge and awareness necessary to explore the ocean safely, whilst becoming a passionate advocate and protector of the marine environment. If you have never dived before or are a certified diver and want to develop your skills further, our tailored, bespoke courses and programs will inspire you to become an Ocean advocate. Our scientific based Marine Conservation Internships and training programs, offer aspiring scuba divers and marine conservationists, the best marine conservation internships on Koh Tao. We currently offer students six levels of Marine Conservation Internships at our beachside location on Koh Tao in Thailand. Check out our website for more information.","email":"info@blackturtledive.com","telephone":"089 592 2134","legalName":"Black Turtle Dive Co Ltd","foundingDate":"2020-01-01","publishingPrinciples":"https:\/\/www.blackturtledive.com\/terms\/","ownershipFundingInfo":"https:\/\/www.blackturtledive.com\/terms\/","actionableFeedbackPolicy":"https:\/\/www.blackturtledive.com\/privacy-policy\/","correctionsPolicy":"https:\/\/www.blackturtledive.com\/privacy-policy\/","ethicsPolicy":"https:\/\/www.blackturtledive.com\/privacy-policy\/","diversityPolicy":"https:\/\/www.blackturtledive.com\/privacy-policy\/"}]}},"_links":{"self":[{"href":"https:\/\/www.blackturtledive.com\/de\/wp-json\/wp\/v2\/pages\/18639","targetHints":{"allow":["GET"]}}],"collection":[{"href":"https:\/\/www.blackturtledive.com\/de\/wp-json\/wp\/v2\/pages"}],"about":[{"href":"https:\/\/www.blackturtledive.com\/de\/wp-json\/wp\/v2\/types\/page"}],"author":[{"embeddable":true,"href":"https:\/\/www.blackturtledive.com\/de\/wp-json\/wp\/v2\/users\/2"}],"replies":[{"embeddable":true,"href":"https:\/\/www.blackturtledive.com\/de\/wp-json\/wp\/v2\/comments?post=18639"}],"version-history":[{"count":1,"href":"https:\/\/www.blackturtledive.com\/de\/wp-json\/wp\/v2\/pages\/18639\/revisions"}],"predecessor-version":[{"id":70876,"href":"https:\/\/www.blackturtledive.com\/de\/wp-json\/wp\/v2\/pages\/18639\/revisions\/70876"}],"up":[{"embeddable":true,"href":"https:\/\/www.blackturtledive.com\/de\/wp-json\/wp\/v2\/pages\/18647"}],"wp:featuredmedia":[{"embeddable":true,"href":"https:\/\/www.blackturtledive.com\/de\/wp-json\/wp\/v2\/media\/18206"}],"wp:attachment":[{"href":"https:\/\/www.blackturtledive.com\/de\/wp-json\/wp\/v2\/media?parent=18639"}],"curies":[{"name":"wp","href":"https:\/\/api.w.org\/{rel}","templated":true}]}}