{"id":18642,"date":"2020-09-19T23:26:44","date_gmt":"2020-09-19T16:26:44","guid":{"rendered":"https:\/\/www.blackturtledive.com\/yellow-margin-triggerfish\/"},"modified":"2026-05-05T21:24:18","modified_gmt":"2026-05-05T14:24:18","slug":"yellow-margin-triggerfish","status":"publish","type":"page","link":"https:\/\/www.blackturtledive.com\/de\/koh-tao-marine-life\/yellow-margin-triggerfish\/","title":{"rendered":"Gelranddr\u00fcckerfisch"},"content":{"rendered":"<div class=\"wpb-content-wrapper\"><p>[vc_row][vc_column][vc_column_text css=&#8220;&#8220;]Der Gelbrand-Dr\u00fcckerfisch (Pseudobalistes flavimarginatus) ist ein gro\u00dfer, farbenpr\u00e4chtiger Rifffisch, der sich durch seine blassgelblichen Flossen und seine aufwendigen Gesichtszeichnungen auszeichnet.<\/p>\n<p>\u00c4hnlich wie der Titan-Dr\u00fcckerfisch sind sie an Orten wie Green Rock und White Rock anzutreffen, wo sie gro\u00dfe, sandige Nester bauen und sich von einer Vielzahl von Wirbellosen und Weichtieren ern\u00e4hren.<\/p>\n<p>Obwohl er etwas weniger aggressiv ist als der Titan-Dr\u00fcckerfisch, sch\u00fctzt der Gelbrand-Dr\u00fcckerfisch seine Eier ebenso beharrlich; die Beobachtung ihrer Nistgewohnheiten aus respektvoller Entfernung bietet einen faszinierenden Einblick in die elterliche F\u00fcrsorge im Meer.<\/p>\n<h3><span style=\"color: #28d4ff;\">Alles \u00fcber den Gelbrand-Dr\u00fcckerfisch auf Koh Tao<\/span><\/h3>\n<p>Gelbrand-Dr\u00fcckerfische sind rund um <a href=\"https:\/\/www.blackturtledive.com\/koh-tao\/\">Koh Tao<\/a> beim <a href=\"https:\/\/www.blackturtledive.com\/padi-diving-courses\/\">Tauchen<\/a> oder <a href=\"https:\/\/www.blackturtledive.com\/experience-programs\/snorkel-koh-tao\/\">Schnorcheln<\/a> h\u00e4ufig zu sehen, wie sie \u00fcber das Riff kreuzen oder Korallen ausgraben.<\/p>\n<p>Sie haben eine sch\u00f6ne F\u00e4rbung, gleiten flink durchs Wasser und drehen aus Neugier gerne Steine und Korallenst\u00fccke um.<\/p>\n<figure id=\"attachment_3532\" aria-describedby=\"caption-attachment-3532\" style=\"width: 1000px\" class=\"wp-caption alignnone\"><img decoding=\"async\" class=\"size-full wp-image-3532\" src=\"https:\/\/www.blackturtledive.com\/wp-content\/uploads\/2021\/01\/blackturtledive.com-yellow-margin-triggerfish-koh-tao-thailand.jpg\" alt=\"Gelbrand-Dr\u00fcckerfisch - Meeresleben\" width=\"1000\" height=\"708\" srcset=\"https:\/\/www.blackturtledive.com\/wp-content\/uploads\/2021\/01\/blackturtledive.com-yellow-margin-triggerfish-koh-tao-thailand.jpg 1000w, https:\/\/www.blackturtledive.com\/wp-content\/uploads\/2021\/01\/blackturtledive.com-yellow-margin-triggerfish-koh-tao-thailand-300x212.jpg 300w, https:\/\/www.blackturtledive.com\/wp-content\/uploads\/2021\/01\/blackturtledive.com-yellow-margin-triggerfish-koh-tao-thailand-768x544.jpg 768w, https:\/\/www.blackturtledive.com\/wp-content\/uploads\/2021\/01\/blackturtledive.com-yellow-margin-triggerfish-koh-tao-thailand-150x106.jpg 150w\" sizes=\"(max-width: 1000px) 100vw, 1000px\" \/><figcaption id=\"caption-attachment-3532\" class=\"wp-caption-text\">Gelbrand-Dr\u00fcckerfisch &#8211; Meeresleben<\/figcaption><\/figure>\n<h3>Wo man den Gelbrand-Dr\u00fcckerfisch auf Koh Tao findet<\/h3>\n<p>Gelbrand-Dr\u00fcckerfische kommen an vielen<a href=\"https:\/\/www.blackturtledive.com\/koh-tao-dive-sites\/\"> Tauchpl\u00e4tzen<\/a> vor, z. B. <a href=\"https:\/\/www.blackturtledive.com\/koh-tao-dive-sites\/green-rock\/\">Green Rock,<\/a> <a href=\"https:\/\/www.blackturtledive.com\/koh-tao-dive-sites\/twins-pinnacle\/\">Twin Pinnacles<\/a>, <a href=\"https:\/\/www.blackturtledive.com\/koh-tao-dive-sites\/junkyard-reef\/\">Junkyard Reef<\/a>, <a href=\"https:\/\/www.blackturtledive.com\/koh-tao-dive-sites\/aow-leuk\/\">Aow Leuk<\/a> und <a href=\"https:\/\/www.blackturtledive.com\/koh-tao-dive-sites\/laem-thian\/\">Laem Thian<\/a>.<\/p>\n<p>Von M\u00e4rz bis Mai versammeln sie sich zahlreich an Green Rock, um Nester f\u00fcr die Brutzeit anzulegen.<\/p>\n<h3><span style=\"color: #28d4ff;\">Wie man den Gelbrand-Dr\u00fcckerfisch erkennt<\/span><\/h3>\n<p>Seinen Namen verdankt er den gelben R\u00e4ndern an den Flossen. Der K\u00f6rper zeigt Farben von Rosa \u00fcber Gelb bis T\u00fcrkis und Schwarz; um die Augen verlaufen horizontale Gr\u00fcbchen.<\/p>\n<p>Die Schwanzflosse \u00e4hnelt den anderen Flossen und hat gelbe Einfassungen, die oben und unten spitz zulaufen, anders als die flache Form beim <a href=\"https:\/\/www.blackturtledive.com\/koh-tao-marine-life\/titan-triggerfish\/\">Titan-Dr\u00fcckerfisch<\/a>.<\/p>\n<figure id=\"attachment_3330\" aria-describedby=\"caption-attachment-3330\" style=\"width: 1100px\" class=\"wp-caption alignnone\"><img decoding=\"async\" class=\"size-full wp-image-3330\" src=\"https:\/\/www.blackturtledive.com\/wp-content\/uploads\/2021\/01\/blackturtledive.com-yellow-margin-triggerfish-koh-tao.jpg\" alt=\"Gelbrand-Dr\u00fcckerfisch - Meeresleben Koh Tao\" width=\"1100\" height=\"559\" srcset=\"https:\/\/www.blackturtledive.com\/wp-content\/uploads\/2021\/01\/blackturtledive.com-yellow-margin-triggerfish-koh-tao.jpg 1100w, https:\/\/www.blackturtledive.com\/wp-content\/uploads\/2021\/01\/blackturtledive.com-yellow-margin-triggerfish-koh-tao-300x152.jpg 300w, https:\/\/www.blackturtledive.com\/wp-content\/uploads\/2021\/01\/blackturtledive.com-yellow-margin-triggerfish-koh-tao-1024x520.jpg 1024w, https:\/\/www.blackturtledive.com\/wp-content\/uploads\/2021\/01\/blackturtledive.com-yellow-margin-triggerfish-koh-tao-768x390.jpg 768w, https:\/\/www.blackturtledive.com\/wp-content\/uploads\/2021\/01\/blackturtledive.com-yellow-margin-triggerfish-koh-tao-150x76.jpg 150w\" sizes=\"(max-width: 1100px) 100vw, 1100px\" \/><figcaption id=\"caption-attachment-3330\" class=\"wp-caption-text\">Gelbrand-Dr\u00fcckerfisch &#8211; Meeresleben Koh Tao<\/figcaption><\/figure>\n<h3>Triggerflosse<\/h3>\n<p>Typisch f\u00fcr Dr\u00fcckerfische ist die F\u00e4higkeit, die vordere R\u00fcckenflosse einrasten zu lassen; auch der <span style=\"color: #28d4ff;\">Gelbrand-Dr\u00fcckerfisch<\/span> nutzt dies bei Bedrohung.<\/p>\n<p>W\u00e4hrend der Brutzeit baut er wie der Titan-Dr\u00fcckerfisch ein Nest im Sand, das er durch das Ausblasen von Wasser formt.<\/p>\n<h3><span style=\"color: #28d4ff;\">Merkmale &amp; Verhalten des Gelbrand-Dr\u00fcckerfische<\/span><\/h3>\n<p>Gelbrand-Dr\u00fcckerfische<span style=\"color: #28d4ff;\"> werden bis zu etwa 60 cm lang<\/span>. Sie fressen <a href=\"https:\/\/www.blackturtledive.com\/koh-tao-marine-life\/\">Meereslebewesen<\/a> wie Krabben, Tunicaten, Seeigel und kleinere Fische.<\/p>\n<p>Sie knabbern auch an lebender Korallen und w\u00e4lzen gro\u00dfe Korallenst\u00fccke um; dazu haben sie sehr kr\u00e4ftige Kiefer und ein kleines, kr\u00e4ftiges Maul.<\/p>\n<p>Oft schwimmen sie auch kopf\u00fcber oder r\u00fcckw\u00e4rts, ihre starken Flossen erlauben hohe Agilit\u00e4t und gekonnte Balance, was sie <a href=\"https:\/\/www.blackturtledive.com\/fun-diving-koh-tao\/\">Tauchern<\/a> gerne demonstrieren.<\/p>\n<figure id=\"attachment_3559\" aria-describedby=\"caption-attachment-3559\" style=\"width: 1000px\" class=\"wp-caption alignnone\"><img decoding=\"async\" class=\"size-full wp-image-3559\" src=\"https:\/\/www.blackturtledive.com\/wp-content\/uploads\/2021\/01\/blackturtledive.com-yellow-margin-triggerfish-koh-tao-marine-life.jpg\" alt=\"Gelbrand-Dr\u00fcckerfisch - Meeresleben Koh Tao\" width=\"1000\" height=\"667\" srcset=\"https:\/\/www.blackturtledive.com\/wp-content\/uploads\/2021\/01\/blackturtledive.com-yellow-margin-triggerfish-koh-tao-marine-life.jpg 1000w, https:\/\/www.blackturtledive.com\/wp-content\/uploads\/2021\/01\/blackturtledive.com-yellow-margin-triggerfish-koh-tao-marine-life-300x200.jpg 300w, https:\/\/www.blackturtledive.com\/wp-content\/uploads\/2021\/01\/blackturtledive.com-yellow-margin-triggerfish-koh-tao-marine-life-768x512.jpg 768w, https:\/\/www.blackturtledive.com\/wp-content\/uploads\/2021\/01\/blackturtledive.com-yellow-margin-triggerfish-koh-tao-marine-life-150x100.jpg 150w\" sizes=\"(max-width: 1000px) 100vw, 1000px\" \/><figcaption id=\"caption-attachment-3559\" class=\"wp-caption-text\">Gelbrand-Dr\u00fcckerfisch &#8211; Meeresleben Koh Tao (Pseudobalistes flavimarginatus)<\/figcaption><\/figure>\n<h3>Interessante Fakten zum Gelbrand-Dr\u00fcckerfisch<\/h3>\n<p>Zum Schlafen suchen sie enge Spalten, klemmen sich ein und verriegeln die <span style=\"color: #28d4ff;\"><em>Trigger Flosse<\/em><\/span> \u2014 so sind sie schwer herauszuziehen.<\/p>\n<p>Sie k\u00f6nnen jedes Auge unabh\u00e4ngig rotieren und sind daher exzellente W\u00e4chter ihrer Gelege.<\/p>\n<p>Dr\u00fcckerfische gelten als intelligent: Sie lernen aus Erfahrung und nutzen gelegentlich Steine oder Korallen als Werkzeuge, z. B. zum Zerbrechen von Seeigeln.<\/p>\n<p>Dieses Verhalten hinterl\u00e4sst manchmal Zerst\u00f6rung am Riff; h\u00e4ufig folgen ihnen andere Fische, die sich an den Resten bedienen.[\/vc_column_text][\/vc_column][\/vc_row]<\/p>\n<\/div>","protected":false},"excerpt":{"rendered":"<p>Gelbrand-Dr\u00fcckerfische k\u00f6nnen an vielen Tauchpl\u00e4tzen rund um Koh Tao beobachtet werden, darunter Green Rock, Twins Pinnacles, Junkyard Reef, Aow Leuk und Laem Thian.<\/p>\n","protected":false},"author":2,"featured_media":18269,"parent":18647,"menu_order":0,"comment_status":"closed","ping_status":"closed","template":"","meta":{"_acf_changed":false,"footnotes":""},"class_list":["post-18642","page","type-page","status-publish","has-post-thumbnail","hentry"],"acf":[],"yoast_head":"<!-- This site is optimized with the Yoast SEO Premium plugin v27.6 (Yoast SEO v27.6) - https:\/\/yoast.com\/product\/yoast-seo-premium-wordpress\/ -->\n<title>Gelranddr\u00fcckerfisch Koh Tao | Black Turtle Dive<\/title>\n<meta name=\"description\" content=\"Gelbsaum-Dr\u00fcckerfische k\u00f6nnen an vielen Tauchpl\u00e4tzen rund um Koh Tao beobachtet werden, darunter Green Rock, Twins Pinnacles, Junkyard Reef, Aow Leuk und Laem Thian.\" \/>\n<meta name=\"robots\" content=\"index, follow, max-snippet:-1, max-image-preview:large, max-video-preview:-1\" \/>\n<link rel=\"canonical\" href=\"https:\/\/www.blackturtledive.com\/de\/koh-tao-marine-life\/yellow-margin-triggerfish\/\" \/>\n<meta property=\"og:locale\" content=\"de_DE\" \/>\n<meta property=\"og:type\" content=\"article\" \/>\n<meta property=\"og:title\" content=\"Yellow Margin Triggerfish Koh Tao | Black Turtle Dive\" \/>\n<meta property=\"og:description\" content=\"Yellow Margin Trigger Fish can be seen at many dive sites around Koh Tao including Green Rock, Twins Pinnacles, Junkyard Reef, Aow Leuk and Laem Thian\" \/>\n<meta property=\"og:url\" content=\"https:\/\/www.blackturtledive.com\/de\/koh-tao-marine-life\/yellow-margin-triggerfish\/\" \/>\n<meta property=\"og:site_name\" content=\"Black Turtle Dive Koh Tao\" \/>\n<meta property=\"article:publisher\" content=\"https:\/\/www.facebook.com\/blackturtledive\" \/>\n<meta property=\"article:modified_time\" content=\"2026-05-05T14:24:18+00:00\" \/>\n<meta property=\"og:image\" content=\"https:\/\/www.blackturtledive.com\/wp-content\/uploads\/2020\/11\/blackturtledive.com-best-padi-divemaster-course-koh-tao.jpg\" \/>\n\t<meta property=\"og:image:width\" content=\"1200\" \/>\n\t<meta property=\"og:image:height\" content=\"800\" \/>\n\t<meta property=\"og:image:type\" content=\"image\/jpeg\" \/>\n<meta name=\"twitter:card\" content=\"summary_large_image\" \/>\n<meta name=\"twitter:title\" content=\"Yellow Margin Triggerfish Koh Tao | Black Turtle Dive\" \/>\n<meta name=\"twitter:description\" content=\"Yellow Margin Trigger Fish can be seen at many dive sites around Koh Tao including Green Rock, Twins Pinnacles, Junkyard Reef, Aow Leuk and Laem Thian\" \/>\n<meta name=\"twitter:image\" content=\"https:\/\/www.blackturtledive.com\/wp-content\/uploads\/2020\/11\/blackturtledive.com-best-padi-divemaster-course-koh-tao.jpg\" \/>\n<meta name=\"twitter:site\" content=\"@blackturtledive\" \/>\n<meta name=\"twitter:label1\" content=\"Gesch\u00e4tzte Lesezeit\" \/>\n\t<meta name=\"twitter:data1\" content=\"3\u00a0Minuten\" \/>\n<!-- \/ Yoast SEO Premium plugin. -->","yoast_head_json":{"title":"Gelranddr\u00fcckerfisch Koh Tao | Black Turtle Dive","description":"Gelbsaum-Dr\u00fcckerfische k\u00f6nnen an vielen Tauchpl\u00e4tzen rund um Koh Tao beobachtet werden, darunter Green Rock, Twins Pinnacles, Junkyard Reef, Aow Leuk und Laem Thian.","robots":{"index":"index","follow":"follow","max-snippet":"max-snippet:-1","max-image-preview":"max-image-preview:large","max-video-preview":"max-video-preview:-1"},"canonical":"https:\/\/www.blackturtledive.com\/de\/koh-tao-marine-life\/yellow-margin-triggerfish\/","og_locale":"de_DE","og_type":"article","og_title":"Yellow Margin Triggerfish Koh Tao | Black Turtle Dive","og_description":"Yellow Margin Trigger Fish can be seen at many dive sites around Koh Tao including Green Rock, Twins Pinnacles, Junkyard Reef, Aow Leuk and Laem Thian","og_url":"https:\/\/www.blackturtledive.com\/de\/koh-tao-marine-life\/yellow-margin-triggerfish\/","og_site_name":"Black Turtle Dive Koh Tao","article_publisher":"https:\/\/www.facebook.com\/blackturtledive","article_modified_time":"2026-05-05T14:24:18+00:00","og_image":[{"width":1200,"height":800,"url":"https:\/\/www.blackturtledive.com\/wp-content\/uploads\/2020\/11\/blackturtledive.com-best-padi-divemaster-course-koh-tao.jpg","type":"image\/jpeg"}],"twitter_card":"summary_large_image","twitter_title":"Yellow Margin Triggerfish Koh Tao | Black Turtle Dive","twitter_description":"Yellow Margin Trigger Fish can be seen at many dive sites around Koh Tao including Green Rock, Twins Pinnacles, Junkyard Reef, Aow Leuk and Laem Thian","twitter_image":"https:\/\/www.blackturtledive.com\/wp-content\/uploads\/2020\/11\/blackturtledive.com-best-padi-divemaster-course-koh-tao.jpg","twitter_site":"@blackturtledive","twitter_misc":{"Gesch\u00e4tzte Lesezeit":"3\u00a0Minuten"},"schema":{"@context":"https:\/\/schema.org","@graph":[{"@type":"WebPage","@id":"https:\/\/www.blackturtledive.com\/de\/koh-tao-marine-life\/yellow-margin-triggerfish\/","url":"https:\/\/www.blackturtledive.com\/de\/koh-tao-marine-life\/yellow-margin-triggerfish\/","name":"Gelranddr\u00fcckerfisch Koh Tao | Black Turtle Dive","isPartOf":{"@id":"https:\/\/www.blackturtledive.com\/de\/#website"},"primaryImageOfPage":{"@id":"https:\/\/www.blackturtledive.com\/de\/koh-tao-marine-life\/yellow-margin-triggerfish\/#primaryimage"},"image":{"@id":"https:\/\/www.blackturtledive.com\/de\/koh-tao-marine-life\/yellow-margin-triggerfish\/#primaryimage"},"thumbnailUrl":"https:\/\/www.blackturtledive.com\/wp-content\/uploads\/2021\/01\/blackturtledive.com-yellow-margin-triggerfish-koh-tao-thailand.jpg","datePublished":"2020-09-19T16:26:44+00:00","dateModified":"2026-05-05T14:24:18+00:00","description":"Gelbsaum-Dr\u00fcckerfische k\u00f6nnen an vielen Tauchpl\u00e4tzen rund um Koh Tao beobachtet werden, darunter Green Rock, Twins Pinnacles, Junkyard Reef, Aow Leuk und Laem Thian.","breadcrumb":{"@id":"https:\/\/www.blackturtledive.com\/de\/koh-tao-marine-life\/yellow-margin-triggerfish\/#breadcrumb"},"inLanguage":"de","potentialAction":[{"@type":"ReadAction","target":["https:\/\/www.blackturtledive.com\/de\/koh-tao-marine-life\/yellow-margin-triggerfish\/"]}]},{"@type":"ImageObject","inLanguage":"de","@id":"https:\/\/www.blackturtledive.com\/de\/koh-tao-marine-life\/yellow-margin-triggerfish\/#primaryimage","url":"https:\/\/www.blackturtledive.com\/wp-content\/uploads\/2021\/01\/blackturtledive.com-yellow-margin-triggerfish-koh-tao-thailand.jpg","contentUrl":"https:\/\/www.blackturtledive.com\/wp-content\/uploads\/2021\/01\/blackturtledive.com-yellow-margin-triggerfish-koh-tao-thailand.jpg","width":1000,"height":708,"caption":"Yellow Margin Triggerfish - Marine Life"},{"@type":"BreadcrumbList","@id":"https:\/\/www.blackturtledive.com\/de\/koh-tao-marine-life\/yellow-margin-triggerfish\/#breadcrumb","itemListElement":[{"@type":"ListItem","position":1,"name":"Home","item":"https:\/\/www.blackturtledive.com\/de\/"},{"@type":"ListItem","position":2,"name":"Koh Tao Meeresleben","item":"https:\/\/www.blackturtledive.com\/de\/koh-tao-marine-life\/"},{"@type":"ListItem","position":3,"name":"Gelranddr\u00fcckerfisch"}]},{"@type":"WebSite","@id":"https:\/\/www.blackturtledive.com\/de\/#website","url":"https:\/\/www.blackturtledive.com\/de\/","name":"Black Turtle Dive Koh Tao","description":"Ocean Explorers | Marine Protectors","publisher":{"@id":"https:\/\/www.blackturtledive.com\/de\/#organization"},"alternateName":"Black Turtle Dive in Thailand","potentialAction":[{"@type":"SearchAction","target":{"@type":"EntryPoint","urlTemplate":"https:\/\/www.blackturtledive.com\/de\/?s={search_term_string}"},"query-input":{"@type":"PropertyValueSpecification","valueRequired":true,"valueName":"search_term_string"}}],"inLanguage":"de"},{"@type":"Organization","@id":"https:\/\/www.blackturtledive.com\/de\/#organization","name":"Black Turtle Dive Koh Tao","alternateName":"Black Turtle Dive","url":"https:\/\/www.blackturtledive.com\/de\/","logo":{"@type":"ImageObject","inLanguage":"de","@id":"https:\/\/www.blackturtledive.com\/de\/#\/schema\/logo\/image\/","url":"https:\/\/www.blackturtledive.com\/wp-content\/uploads\/2020\/11\/cropped-blackturtledive.com-brand-logo.png","contentUrl":"https:\/\/www.blackturtledive.com\/wp-content\/uploads\/2020\/11\/cropped-blackturtledive.com-brand-logo.png","width":400,"height":400,"caption":"Black Turtle Dive Koh Tao"},"image":{"@id":"https:\/\/www.blackturtledive.com\/de\/#\/schema\/logo\/image\/"},"sameAs":["https:\/\/www.facebook.com\/blackturtledive","https:\/\/x.com\/blackturtledive","https:\/\/www.instagram.com\/blackturtledive\/","https:\/\/www.youtube.com\/blackturtledive","https:\/\/www.linkedin.com\/company\/blackturtledive\/","https:\/\/www.tumblr.com\/blackturtledive","https:\/\/www.pinterest.com\/blackturtledive\/","https:\/\/www.tiktok.com\/@blackturtledive","https:\/\/www.reddit.com\/user\/blackturtledive\/"],"description":"Black Turtle Dive is a modern and innovative 5 Star Career Development Scuba Diving Center, passionate about the ocean and through training we want to empower you to become a competent and confident scuba diver. Our diving courses equip you with the skills, knowledge and awareness necessary to explore the ocean safely, whilst becoming a passionate advocate and protector of the marine environment. If you have never dived before or are a certified diver and want to develop your skills further, our tailored, bespoke courses and programs will inspire you to become an Ocean advocate. Our scientific based Marine Conservation Internships and training programs, offer aspiring scuba divers and marine conservationists, the best marine conservation internships on Koh Tao. We currently offer students six levels of Marine Conservation Internships at our beachside location on Koh Tao in Thailand. Check out our website for more information.","email":"info@blackturtledive.com","telephone":"089 592 2134","legalName":"Black Turtle Dive Co Ltd","foundingDate":"2020-01-01","publishingPrinciples":"https:\/\/www.blackturtledive.com\/terms\/","ownershipFundingInfo":"https:\/\/www.blackturtledive.com\/terms\/","actionableFeedbackPolicy":"https:\/\/www.blackturtledive.com\/privacy-policy\/","correctionsPolicy":"https:\/\/www.blackturtledive.com\/privacy-policy\/","ethicsPolicy":"https:\/\/www.blackturtledive.com\/privacy-policy\/","diversityPolicy":"https:\/\/www.blackturtledive.com\/privacy-policy\/"}]}},"_links":{"self":[{"href":"https:\/\/www.blackturtledive.com\/de\/wp-json\/wp\/v2\/pages\/18642","targetHints":{"allow":["GET"]}}],"collection":[{"href":"https:\/\/www.blackturtledive.com\/de\/wp-json\/wp\/v2\/pages"}],"about":[{"href":"https:\/\/www.blackturtledive.com\/de\/wp-json\/wp\/v2\/types\/page"}],"author":[{"embeddable":true,"href":"https:\/\/www.blackturtledive.com\/de\/wp-json\/wp\/v2\/users\/2"}],"replies":[{"embeddable":true,"href":"https:\/\/www.blackturtledive.com\/de\/wp-json\/wp\/v2\/comments?post=18642"}],"version-history":[{"count":1,"href":"https:\/\/www.blackturtledive.com\/de\/wp-json\/wp\/v2\/pages\/18642\/revisions"}],"predecessor-version":[{"id":70879,"href":"https:\/\/www.blackturtledive.com\/de\/wp-json\/wp\/v2\/pages\/18642\/revisions\/70879"}],"up":[{"embeddable":true,"href":"https:\/\/www.blackturtledive.com\/de\/wp-json\/wp\/v2\/pages\/18647"}],"wp:featuredmedia":[{"embeddable":true,"href":"https:\/\/www.blackturtledive.com\/de\/wp-json\/wp\/v2\/media\/18269"}],"wp:attachment":[{"href":"https:\/\/www.blackturtledive.com\/de\/wp-json\/wp\/v2\/media?parent=18642"}],"curies":[{"name":"wp","href":"https:\/\/api.w.org\/{rel}","templated":true}]}}