{"id":18646,"date":"2020-09-19T23:22:28","date_gmt":"2020-09-19T16:22:28","guid":{"rendered":"https:\/\/www.blackturtledive.com\/hawksbill-sea-turtle\/"},"modified":"2026-05-05T21:24:22","modified_gmt":"2026-05-05T14:24:22","slug":"hawksbill-sea-turtle","status":"publish","type":"page","link":"https:\/\/www.blackturtledive.com\/de\/koh-tao-marine-life\/hawksbill-sea-turtle\/","title":{"rendered":"Karettschildkr\u00f6te"},"content":{"rendered":"<div class=\"wpb-content-wrapper\"><p>[vc_row][vc_column][vc_column_text css=&#8220;&#8220;]Die Echte Karettschildkr\u00f6te (Eretmochelys imbricata) ist eine kritisch gef\u00e4hrdete Art, die h\u00e4ufig auf den flachen Riffen von Koh Tao anzutreffen ist und durch ihren vogel\u00e4hnlichen Schnabel leicht zu erkennen ist.<\/p>\n<p>Diese Schildkr\u00f6ten spielen eine wichtige Rolle f\u00fcr die Riffgesundheit, indem sie Schw\u00e4mme fressen, die sonst das Korallenwachstum \u00fcberwuchern w\u00fcrden, und sie werden oft an Pl\u00e4tzen wie Shark Island und White Rock gesichtet.<\/p>\n<p>Black Turtle Dive beteiligt sich am Koh Tao Turtle ID\u2011Projekt; durch Fotografieren der einzigartigen Schuppen im Gesicht einer Schildkr\u00f6te k\u00f6nnen wir ihr Wachstum und ihre Wanderungsmuster auf der Insel verfolgen.<\/p>\n<h3><span style=\"color: #28d4ff;\">Alles \u00fcber die Echte Karettschildkr\u00f6te auf Koh Tao<\/span><\/h3>\n<p>Echte Karettschildkr\u00f6ten geh\u00f6ren zu unseren liebsten <a href=\"https:\/\/www.blackturtledive.com\/koh-tao-marine-life\/\">Meerestieren<\/a> und sind die h\u00e4ufigste Schildkr\u00f6tenart, die wir beim <a href=\"https:\/\/www.blackturtledive.com\/padi-diving-courses\/\">Tauchen<\/a> und <a href=\"https:\/\/www.blackturtledive.com\/experience-programs\/snorkel-koh-tao\/\">Schnorcheln<\/a> rund um <a href=\"https:\/\/www.blackturtledive.com\/koh-tao\/\">Koh Tao<\/a> sehen.<\/p>\n<div  data-ep-a=\"fadeIn\"  id=\"_ytid_82031\"  width=\"640\" height=\"360\"  data-origwidth=\"640\" data-origheight=\"360\"  data-relstop=\"1\" data-facadesrc=\"https:\/\/www.youtube.com\/embed\/lqs9fGn5AFY?enablejsapi=1&origin=https:\/\/www.blackturtledive.com&autoplay=0&cc_load_policy=0&cc_lang_pref=&iv_load_policy=1&loop=0&rel=0&fs=1&playsinline=0&autohide=2&theme=dark&color=red&controls=1&disablekb=0&\" class=\"__youtube_prefs__ epyt-facade  no-lazyload\" data-epautoplay=\"1\" ><img decoding=\"async\" data-spai-excluded=\"true\" class=\"epyt-facade-poster skip-lazy\" loading=\"lazy\"  alt=\"Experience Hawksbill Turtle Diving In Koh Tao | BlackTurtleDive.com\"  src=\"https:\/\/i.ytimg.com\/vi\/lqs9fGn5AFY\/maxresdefault.jpg\"  \/><button class=\"epyt-facade-play\" aria-label=\"Play\"><svg data-no-lazy=\"1\" height=\"100%\" version=\"1.1\" viewBox=\"0 0 68 48\" width=\"100%\"><path class=\"ytp-large-play-button-bg\" d=\"M66.52,7.74c-0.78-2.93-2.49-5.41-5.42-6.19C55.79,.13,34,0,34,0S12.21,.13,6.9,1.55 C3.97,2.33,2.27,4.81,1.48,7.74C0.06,13.05,0,24,0,24s0.06,10.95,1.48,16.26c0.78,2.93,2.49,5.41,5.42,6.19 C12.21,47.87,34,48,34,48s21.79-0.13,27.1-1.55c2.93-0.78,4.64-3.26,5.42-6.19C67.94,34.95,68,24,68,24S67.94,13.05,66.52,7.74z\" fill=\"#f00\"><\/path><path d=\"M 45,24 27,14 27,34\" fill=\"#fff\"><\/path><\/svg><\/button><\/div><span itemprop=\"video\" itemscope itemtype=\"http:\/\/schema.org\/VideoObject\"><meta itemprop=\"embedUrl\" content=\"https:\/\/www.youtube.com\/embed\/lqs9fGn5AFY\"><meta itemprop=\"name\" content=\"Experience Hawksbill Turtle Diving In Koh Tao | BlackTurtleDive.com\"><meta itemprop=\"description\" content=\"Join Black Turtle Dive for a mesmerizing dive with Hawksbill Sea Turtles in Koh Tao, Thailand. These beautiful and graceful creatures are common in Koh Tao&#039;s waters, making it an ideal destination for turtle enthusiasts. Dive sites like White Rock, Twins, Hin Pee Wee, and Shark Bay offer the perfect opportunity to observe Hawksbill Turtles in their natural habitat. Check out our other marine life: https:\/\/www.blackturtledive.com\/koh-tao-marine-life\/hawksbill-sea-turtle\/ This video is about the Experience Hawksbill Turtle Diving In Koh Tao. But It also covers the following topics: Black Turtle Dive Sea Turtle Koh Tao Scuba Diving Thailand Turtle Diving Video Title: Experience Hawksbill Turtle Diving In Koh Tao | BlackTurtleDive.com \ud83d\udd14Get on a Life-Changing Underwater Adventure with Us \u2013 Your Gateway to the Ocean&#039;s Wonders! Hit Subscribe Now to Join Our Community of Ocean Advocates. https:\/\/www.youtube.com\/&#064;BlackTurtleDive\/?sub_confirmation=1 \u2705Important Links to Follow \ud83d\udd17Brand Channels \u2728Main diving courses brand: https:\/\/www.blackturtledive.com\/ \u2728PADI Dive Courses ( Pro level): https:\/\/idckohtao.com\/ \u2728Marine Conservation Internships: https:\/\/www.ecokohtao.com\/ \u2705 Stay Connected With Us. \ud83d\udc49Facebook: https:\/\/www.facebook.com\/blackturtledive \ud83d\udc49Instagram: https:\/\/www.instagram.com\/blackturtledive\/ \ud83d\udc49Threads: https:\/\/www.threads.net\/&#064;blackturtledive \ud83d\udc49Tiktok: https:\/\/www.tiktok.com\/&#064;blackturtledive \ud83d\udc49Twitter (X): https:\/\/twitter.com\/blackturtledive \ud83d\udc49Pinterest: https:\/\/www.pinterest.com\/blackturtledive\/ \ud83d\udc49Website: https:\/\/www.blackturtledive.com\/ \u2705 For Business Inquiries: media&#064;blackturtledive.com ============================= \u2705 Recommended Playlists \ud83d\udc49 Koh Tao Marine Life (Part 1) https:\/\/www.youtube.com\/watch?v=1D3Dbtrq5vI&amp;list=PLW_jU0PKLEUGS-ZQjvOB0_8q7cZZmOqCC&amp;pp=iAQB \ud83d\udc49PADI Instructor Development Course (IDC) | Black Turtle Dive, Koh Tao https:\/\/www.youtube.com\/watch?v=kXPwkxj0gyg&amp;list=PLW_jU0PKLEUEUo8dW4l2QD8ywAwK7xP1c&amp;pp=iAQB \u2705 Other Videos You Might Be Interested In Watching: \ud83d\udc49 Coral Watch Marine Conservation Course in Koh Tao, Thailand https:\/\/www.youtube.com\/watch?v=mM6C-QgT1z4 \ud83d\udc49 Artificial Reefs - Marine Conservation Course in Thailand https:\/\/www.youtube.com\/watch?v=K9dld48M0qg \ud83d\udc49 PADI Open Water Course on Koh Tao in Thailand https:\/\/www.youtube.com\/watch?v=xL8WyFY9bRM \ud83d\udc49 Coral Taxonomy &amp; Identification Course | Black Turtle Dive | Koh Tao, Thailand https:\/\/www.youtube.com\/watch?v=BPf-7c_QlP4 \ud83d\udc49 Yellow Boxfish Koh Tao Thailand https:\/\/www.youtube.com\/watch?v=lpzasbtGAqY ============================= \u2705 About Black Turtle Dive. As a modern and innovative Scuba Diving Center, Black Turtle Dive is passionate about the ocean, and through our training, we want to empower you to become a competent and confident scuba diver. Our diving courses equip you with the skills, knowledge, and awareness necessary to explore the ocean safely while becoming a passionate advocate and protector of the marine environment. If you have never dived before or are a certified diver and want to develop your skills further, our tailored, bespoke courses and programs will inspire you to become an Ocean advocate. Our scientific-based Marine Conservation Internships, or Reef Ecology And Conservation Training program (REACT), offer aspiring scuba divers and marine conservationists the best marine conservation internships on Koh Tao. We offer students three levels of Marine Conservation Internships at our beachside location on Koh Tao in Thailand. For Collaboration and Business inquiries, please use the contact information below: \ud83d\udce9 Email: media&#064;blackturtledive.com \ud83d\udd14Discover the Underwater World with Us: Expert Training, Unforgettable Experiences, and a Commitment to Marine Protection. Subscribe Now: https:\/\/www.youtube.com\/&#064;BlackTurtleDive\/?sub_confirmation=1 ================================= #hawksbillturtle #kohtao #divingthailand #blackturtledive #scubadiving #marinelife \u26a0\ufe0fDISCLAIMER: We do not accept any liability for any loss or damage incurred from you acting or not acting as a result of watching any of our publications. You acknowledge that you use the information we provide at your own risk. Do your research. Copyright Notice: This video and our YouTube channel contain dialogue, music, and images that are the property of Black Turtle Dive. You are authorized to share the video link and channel and embed this video in your website or others as long as a link back to our YouTube channel is provided. \u00a9 Black Turtle Dive\"><meta itemprop=\"thumbnailUrl\" content=\"https:\/\/i.ytimg.com\/vi\/lqs9fGn5AFY\/0.jpg\"><meta itemprop=\"duration\" content=\"PT1M\"><meta itemprop=\"uploadDate\" content=\"2021-01-11T09:59:47Z\"><\/span>\n<h3>Wo man die Echte Karettschildkr\u00f6te auf Koh Tao findet<\/h3>\n<p>Die sch\u00f6ne Echte Karettschildkr\u00f6te ist an vielen <a href=\"https:\/\/www.blackturtledive.com\/koh-tao-dive-sites\/\">Tauchpl\u00e4tzen<\/a> rund um Koh Tao zu finden, darunter <a href=\"https:\/\/www.blackturtledive.com\/koh-tao-dive-sites\/white-rock\/\">White Rock<\/a>, <a href=\"https:\/\/www.blackturtledive.com\/koh-tao-dive-sites\/twins-pinnacle\/\">Twins<\/a>, <a href=\"https:\/\/www.blackturtledive.com\/koh-tao-dive-sites\/hin-pee-wee\/\">Hin Pee Wee<\/a>, <a href=\"https:\/\/www.blackturtledive.com\/koh-tao-dive-sites\/hin-wong-bay\/\">Hin Wong<\/a>, Shark Bay, <a href=\"https:\/\/www.blackturtledive.com\/koh-tao-dive-sites\/shark-island\/\">Shark Island<\/a> und <a href=\"https:\/\/www.blackturtledive.com\/koh-tao-dive-sites\/aow-leuk\/\">Aow Leuk Bay<\/a>.<\/p>\n<h3><span style=\"color: #28d4ff;\">Wie man eine Echte Karettschildkr\u00f6te erkennt<\/span><\/h3>\n<p>Die Echte Karettschildkr\u00f6te hat einen schnabel artigen, st\u00e4rker hakenf\u00f6rmigen Mund als <a href=\"https:\/\/www.blackturtledive.com\/koh-tao-marine-life\/green-sea-turtle\/\">andere Meeresschildkr\u00f6ten<\/a>.<\/p>\n<p>Der hakenf\u00f6rmige Schnabel gab ihr den Namen Hawksbill. Die vorderen Flossen tragen jeweils sichtbare Krallen.<\/p>\n<p>Der \u00e4u\u00dfere Panzer erwachsener <span style=\"color: #28d4ff;\">Echter Karettschildkr\u00f6ten<\/span> ist sehr auff\u00e4llig: etwa 12 \u00fcberlappende Schilde (Scutes) mit Streifen in Rot-, Orange-, Braun- und Goldt\u00f6nen.<\/p>\n<figure id=\"attachment_3005\" aria-describedby=\"caption-attachment-3005\" style=\"width: 1000px\" class=\"wp-caption alignnone\"><img decoding=\"async\" class=\"size-full wp-image-3005\" src=\"https:\/\/www.blackturtledive.com\/wp-content\/uploads\/2020\/12\/blackturtledive.com-sea-turtles-on-koh-tao-specialty-course.jpg\" alt=\"Echte Karettschildkr\u00f6te Koh Tao - Eretmochelys Imbricata\" width=\"1000\" height=\"662\" srcset=\"https:\/\/www.blackturtledive.com\/wp-content\/uploads\/2020\/12\/blackturtledive.com-sea-turtles-on-koh-tao-specialty-course.jpg 1000w, https:\/\/www.blackturtledive.com\/wp-content\/uploads\/2020\/12\/blackturtledive.com-sea-turtles-on-koh-tao-specialty-course-300x199.jpg 300w, https:\/\/www.blackturtledive.com\/wp-content\/uploads\/2020\/12\/blackturtledive.com-sea-turtles-on-koh-tao-specialty-course-768x508.jpg 768w, https:\/\/www.blackturtledive.com\/wp-content\/uploads\/2020\/12\/blackturtledive.com-sea-turtles-on-koh-tao-specialty-course-150x99.jpg 150w\" sizes=\"(max-width: 1000px) 100vw, 1000px\" \/><figcaption id=\"caption-attachment-3005\" class=\"wp-caption-text\">Echte Karettschildkr\u00f6te Koh Tao &#8211; Eretmochelys Imbricata<\/figcaption><\/figure>\n<h3>Schilde (Scutes) der Echten Karettschildkr\u00f6te<\/h3>\n<p>Ein leicht erkennbares Merkmal ist das Muster dicker Schutze am Panzer.<\/p>\n<p>Echte Karettschildkr\u00f6ten besitzen 5 zentrale Scutes und 4 Paare lateraler Scutes; die hinteren Scutes \u00fcberlappen so, dass der Rand des Panzers eine gezackte Kante bildet, \u00e4hnlich einem Messerblatt.<\/p>\n<p>Erwachsene <span style=\"color: #28d4ff;\">Echte Karettschildkr\u00f6ten<\/span> werden typischerweise etwa 1 m lang und wiegen rund 80 kg.<\/p>\n<h3><span style=\"color: #28d4ff;\">Merkmale &amp; Verhalten der Echten Karettschildkr\u00f6te<\/span><\/h3>\n<ul>\n<li>Die echte Karettschildkr\u00f6te nutzt ihren robusten Panzer, um ihren K\u00f6rper in enge Spalten zwischen Felsen und Riffen zu schieben.<\/li>\n<li>Sie ist \u00e4u\u00dferst widerstandsf\u00e4hig gegen\u00fcber giftigen Beutetieren und frisst viele <span style=\"color: #28d4ff;\"><em>Cnidaria<\/em><\/span>, Meeresschw\u00e4mme und Quallen, die f\u00fcr andere Organismen t\u00f6dlich w\u00e4ren.<\/li>\n<li>Als erste dokumentierte Reptilienart wurde bei echten Karettschildkr\u00f6ten <em><span style=\"color: #28d4ff;\">Fluoreszenz<\/span><\/em> nachgewiesen.<\/li>\n<li>Echte Karettschildkr\u00f6ten leben \u00fcberwiegend einzelg\u00e4ngerisch und treffen sich nur zur Paarung.<\/li>\n<\/ul>\n<figure id=\"attachment_3448\" aria-describedby=\"caption-attachment-3448\" style=\"width: 1000px\" class=\"wp-caption alignnone\"><img decoding=\"async\" class=\"size-full wp-image-3448\" src=\"https:\/\/www.blackturtledive.com\/wp-content\/uploads\/2021\/01\/blackturtledive.com-hawksbill-sea-turtle-swimming-koh-tao.jpg\" alt=\"Echte Karettschildkr\u00f6te - Meeresbewohner Koh Tao\" width=\"1000\" height=\"648\" srcset=\"https:\/\/www.blackturtledive.com\/wp-content\/uploads\/2021\/01\/blackturtledive.com-hawksbill-sea-turtle-swimming-koh-tao.jpg 1000w, https:\/\/www.blackturtledive.com\/wp-content\/uploads\/2021\/01\/blackturtledive.com-hawksbill-sea-turtle-swimming-koh-tao-300x194.jpg 300w, https:\/\/www.blackturtledive.com\/wp-content\/uploads\/2021\/01\/blackturtledive.com-hawksbill-sea-turtle-swimming-koh-tao-768x498.jpg 768w, https:\/\/www.blackturtledive.com\/wp-content\/uploads\/2021\/01\/blackturtledive.com-hawksbill-sea-turtle-swimming-koh-tao-150x97.jpg 150w\" sizes=\"(max-width: 1000px) 100vw, 1000px\" \/><figcaption id=\"caption-attachment-3448\" class=\"wp-caption-text\">Echte Karettschildkr\u00f6te &#8211; Meeresbewohner Koh Tao<\/figcaption><\/figure>\n<h3>Interessante Fakten zur Echten Karettschildkr\u00f6te<\/h3>\n<p>Seit der Antike wurden echte Karettschildkr\u00f6ten wegen ihres Panzers gejagt, aus dem Schmuckst\u00fccke gefertigt wurden.<\/p>\n<p>Zwischen 1844 und 1992 zeigen Aufzeichnungen, dass etwa neun Millionen Exemplare gejagt wurden.<\/p>\n<h3><span style=\"color: #28d4ff;\">Gef\u00e4hrdungsstatus<\/span><\/h3>\n<p>Die Echte Karettschildkr\u00f6te steht auf der CITES-Liste gef\u00e4hrdeter Arten und die Jagd ist verboten.<\/p>\n<p>Erwachsene haben aufgrund ihres harten Panzers wenige nat\u00fcrliche Feinde; bekannte R\u00e4uber sind Haie, Krokodile, <a href=\"https:\/\/www.blackturtledive.com\/koh-tao-marine-life\/cephalopods\/\">Oktopusse<\/a> und einige pelagische Fische.<\/p>\n<figure id=\"attachment_1023\" aria-describedby=\"caption-attachment-1023\" style=\"width: 1100px\" class=\"wp-caption alignnone\"><img decoding=\"async\" class=\"size-full wp-image-1023\" src=\"https:\/\/www.blackturtledive.com\/wp-content\/uploads\/2020\/11\/blackturtledive.com-sea-turtle-awareness-specialty-course-koh-tao.jpg\" alt=\"Meeresschildkr\u00f6ten-Bewusstseinskurs Koh Tao\" width=\"1100\" height=\"734\" srcset=\"https:\/\/www.blackturtledive.com\/wp-content\/uploads\/2020\/11\/blackturtledive.com-sea-turtle-awareness-specialty-course-koh-tao.jpg 1100w, https:\/\/www.blackturtledive.com\/wp-content\/uploads\/2020\/11\/blackturtledive.com-sea-turtle-awareness-specialty-course-koh-tao-300x200.jpg 300w, https:\/\/www.blackturtledive.com\/wp-content\/uploads\/2020\/11\/blackturtledive.com-sea-turtle-awareness-specialty-course-koh-tao-1024x683.jpg 1024w, https:\/\/www.blackturtledive.com\/wp-content\/uploads\/2020\/11\/blackturtledive.com-sea-turtle-awareness-specialty-course-koh-tao-768x512.jpg 768w, https:\/\/www.blackturtledive.com\/wp-content\/uploads\/2020\/11\/blackturtledive.com-sea-turtle-awareness-specialty-course-koh-tao-150x100.jpg 150w, https:\/\/www.blackturtledive.com\/wp-content\/uploads\/2020\/11\/blackturtledive.com-sea-turtle-awareness-specialty-course-koh-tao-450x300.jpg 450w\" sizes=\"(max-width: 1100px) 100vw, 1100px\" \/><figcaption id=\"caption-attachment-1023\" class=\"wp-caption-text\">Meeresschildkr\u00f6ten-Bewusstseinskurs Koh Tao<\/figcaption><\/figure>\n<p>&nbsp;[\/vc_column_text][\/vc_column][\/vc_row]<\/p>\n<\/div>","protected":false},"excerpt":{"rendered":"<p>Echte Karettschildkr\u00f6ten geh\u00f6ren zu den beliebtesten Meerestieren rund um Koh Tao und sind die am h\u00e4ufigsten anzutreffende Meeresschildkr\u00f6te beim Tauchen und Schnorcheln.<\/p>\n","protected":false},"author":2,"featured_media":18163,"parent":18647,"menu_order":0,"comment_status":"closed","ping_status":"closed","template":"","meta":{"_acf_changed":false,"footnotes":""},"class_list":["post-18646","page","type-page","status-publish","has-post-thumbnail","hentry"],"acf":[],"yoast_head":"<!-- This site is optimized with the Yoast SEO Premium plugin v27.6 (Yoast SEO v27.6) - https:\/\/yoast.com\/product\/yoast-seo-premium-wordpress\/ -->\n<title>Karettschildkr\u00f6te Koh Tao | Black Turtle Dive<\/title>\n<meta name=\"description\" content=\"Echte Karettschildkr\u00f6ten geh\u00f6ren zu den beliebtesten Meerestieren rund um Koh Tao und sind die am h\u00e4ufigsten anzutreffende Meeresschildkr\u00f6te beim Tauchen und Schnorcheln.\" \/>\n<meta name=\"robots\" content=\"index, follow, max-snippet:-1, max-image-preview:large, max-video-preview:-1\" \/>\n<link rel=\"canonical\" href=\"https:\/\/www.blackturtledive.com\/de\/koh-tao-marine-life\/hawksbill-sea-turtle\/\" \/>\n<meta property=\"og:locale\" content=\"de_DE\" \/>\n<meta property=\"og:type\" content=\"article\" \/>\n<meta property=\"og:title\" content=\"Hawksbill Sea Turtle Koh Tao | Black Turtle Dive\" \/>\n<meta property=\"og:description\" content=\"Hawksbill Sea Turtles are one of the favourite marine animals around Koh Tao and the most common sea turtle we see when scuba diving and snorkeling\u00a0\" \/>\n<meta property=\"og:url\" content=\"https:\/\/www.blackturtledive.com\/de\/koh-tao-marine-life\/hawksbill-sea-turtle\/\" \/>\n<meta property=\"og:site_name\" content=\"Black Turtle Dive Koh Tao\" \/>\n<meta property=\"article:publisher\" content=\"https:\/\/www.facebook.com\/blackturtledive\" \/>\n<meta property=\"article:modified_time\" content=\"2026-05-05T14:24:22+00:00\" \/>\n<meta property=\"og:image\" content=\"https:\/\/www.blackturtledive.com\/wp-content\/uploads\/2020\/11\/blackturtledive.com-best-padi-divemaster-course-koh-tao.jpg\" \/>\n\t<meta property=\"og:image:width\" content=\"1200\" \/>\n\t<meta property=\"og:image:height\" content=\"800\" \/>\n\t<meta property=\"og:image:type\" content=\"image\/jpeg\" \/>\n<meta name=\"twitter:card\" content=\"summary_large_image\" \/>\n<meta name=\"twitter:title\" content=\"Hawksbill Sea Turtle Koh Tao | Black Turtle Dive\" \/>\n<meta name=\"twitter:description\" content=\"Hawksbill Sea Turtles are one of the favourite marine animals around Koh Tao and the most common sea turtle we see when scuba diving and snorkeling\u00a0\" \/>\n<meta name=\"twitter:image\" content=\"https:\/\/www.blackturtledive.com\/wp-content\/uploads\/2020\/11\/blackturtledive.com-best-padi-divemaster-course-koh-tao.jpg\" \/>\n<meta name=\"twitter:site\" content=\"@blackturtledive\" \/>\n<meta name=\"twitter:label1\" content=\"Gesch\u00e4tzte Lesezeit\" \/>\n\t<meta name=\"twitter:data1\" content=\"3\u00a0Minuten\" \/>\n<!-- \/ Yoast SEO Premium plugin. -->","yoast_head_json":{"title":"Karettschildkr\u00f6te Koh Tao | Black Turtle Dive","description":"Echte Karettschildkr\u00f6ten geh\u00f6ren zu den beliebtesten Meerestieren rund um Koh Tao und sind die am h\u00e4ufigsten anzutreffende Meeresschildkr\u00f6te beim Tauchen und Schnorcheln.","robots":{"index":"index","follow":"follow","max-snippet":"max-snippet:-1","max-image-preview":"max-image-preview:large","max-video-preview":"max-video-preview:-1"},"canonical":"https:\/\/www.blackturtledive.com\/de\/koh-tao-marine-life\/hawksbill-sea-turtle\/","og_locale":"de_DE","og_type":"article","og_title":"Hawksbill Sea Turtle Koh Tao | Black Turtle Dive","og_description":"Hawksbill Sea Turtles are one of the favourite marine animals around Koh Tao and the most common sea turtle we see when scuba diving and snorkeling\u00a0","og_url":"https:\/\/www.blackturtledive.com\/de\/koh-tao-marine-life\/hawksbill-sea-turtle\/","og_site_name":"Black Turtle Dive Koh Tao","article_publisher":"https:\/\/www.facebook.com\/blackturtledive","article_modified_time":"2026-05-05T14:24:22+00:00","og_image":[{"width":1200,"height":800,"url":"https:\/\/www.blackturtledive.com\/wp-content\/uploads\/2020\/11\/blackturtledive.com-best-padi-divemaster-course-koh-tao.jpg","type":"image\/jpeg"}],"twitter_card":"summary_large_image","twitter_title":"Hawksbill Sea Turtle Koh Tao | Black Turtle Dive","twitter_description":"Hawksbill Sea Turtles are one of the favourite marine animals around Koh Tao and the most common sea turtle we see when scuba diving and snorkeling\u00a0","twitter_image":"https:\/\/www.blackturtledive.com\/wp-content\/uploads\/2020\/11\/blackturtledive.com-best-padi-divemaster-course-koh-tao.jpg","twitter_site":"@blackturtledive","twitter_misc":{"Gesch\u00e4tzte Lesezeit":"3\u00a0Minuten"},"schema":{"@context":"https:\/\/schema.org","@graph":[{"@type":"WebPage","@id":"https:\/\/www.blackturtledive.com\/de\/koh-tao-marine-life\/hawksbill-sea-turtle\/","url":"https:\/\/www.blackturtledive.com\/de\/koh-tao-marine-life\/hawksbill-sea-turtle\/","name":"Karettschildkr\u00f6te Koh Tao | Black Turtle Dive","isPartOf":{"@id":"https:\/\/www.blackturtledive.com\/de\/#website"},"primaryImageOfPage":{"@id":"https:\/\/www.blackturtledive.com\/de\/koh-tao-marine-life\/hawksbill-sea-turtle\/#primaryimage"},"image":{"@id":"https:\/\/www.blackturtledive.com\/de\/koh-tao-marine-life\/hawksbill-sea-turtle\/#primaryimage"},"thumbnailUrl":"https:\/\/www.blackturtledive.com\/wp-content\/uploads\/2020\/12\/blackturtledive.com-sea-turtles-on-koh-tao-specialty-course.jpg","datePublished":"2020-09-19T16:22:28+00:00","dateModified":"2026-05-05T14:24:22+00:00","description":"Echte Karettschildkr\u00f6ten geh\u00f6ren zu den beliebtesten Meerestieren rund um Koh Tao und sind die am h\u00e4ufigsten anzutreffende Meeresschildkr\u00f6te beim Tauchen und Schnorcheln.","breadcrumb":{"@id":"https:\/\/www.blackturtledive.com\/de\/koh-tao-marine-life\/hawksbill-sea-turtle\/#breadcrumb"},"inLanguage":"de","potentialAction":[{"@type":"ReadAction","target":["https:\/\/www.blackturtledive.com\/de\/koh-tao-marine-life\/hawksbill-sea-turtle\/"]}]},{"@type":"ImageObject","inLanguage":"de","@id":"https:\/\/www.blackturtledive.com\/de\/koh-tao-marine-life\/hawksbill-sea-turtle\/#primaryimage","url":"https:\/\/www.blackturtledive.com\/wp-content\/uploads\/2020\/12\/blackturtledive.com-sea-turtles-on-koh-tao-specialty-course.jpg","contentUrl":"https:\/\/www.blackturtledive.com\/wp-content\/uploads\/2020\/12\/blackturtledive.com-sea-turtles-on-koh-tao-specialty-course.jpg","width":1000,"height":662,"caption":"Hawksbill Sea Turtle Koh Tao - Eretmochelys Imbricata"},{"@type":"BreadcrumbList","@id":"https:\/\/www.blackturtledive.com\/de\/koh-tao-marine-life\/hawksbill-sea-turtle\/#breadcrumb","itemListElement":[{"@type":"ListItem","position":1,"name":"Home","item":"https:\/\/www.blackturtledive.com\/de\/"},{"@type":"ListItem","position":2,"name":"Koh Tao Meeresleben","item":"https:\/\/www.blackturtledive.com\/de\/koh-tao-marine-life\/"},{"@type":"ListItem","position":3,"name":"Karettschildkr\u00f6te"}]},{"@type":"WebSite","@id":"https:\/\/www.blackturtledive.com\/de\/#website","url":"https:\/\/www.blackturtledive.com\/de\/","name":"Black Turtle Dive Koh Tao","description":"Ocean Explorers | Marine Protectors","publisher":{"@id":"https:\/\/www.blackturtledive.com\/de\/#organization"},"alternateName":"Black Turtle Dive in Thailand","potentialAction":[{"@type":"SearchAction","target":{"@type":"EntryPoint","urlTemplate":"https:\/\/www.blackturtledive.com\/de\/?s={search_term_string}"},"query-input":{"@type":"PropertyValueSpecification","valueRequired":true,"valueName":"search_term_string"}}],"inLanguage":"de"},{"@type":"Organization","@id":"https:\/\/www.blackturtledive.com\/de\/#organization","name":"Black Turtle Dive Koh Tao","alternateName":"Black Turtle Dive","url":"https:\/\/www.blackturtledive.com\/de\/","logo":{"@type":"ImageObject","inLanguage":"de","@id":"https:\/\/www.blackturtledive.com\/de\/#\/schema\/logo\/image\/","url":"https:\/\/www.blackturtledive.com\/wp-content\/uploads\/2020\/11\/cropped-blackturtledive.com-brand-logo.png","contentUrl":"https:\/\/www.blackturtledive.com\/wp-content\/uploads\/2020\/11\/cropped-blackturtledive.com-brand-logo.png","width":400,"height":400,"caption":"Black Turtle Dive Koh Tao"},"image":{"@id":"https:\/\/www.blackturtledive.com\/de\/#\/schema\/logo\/image\/"},"sameAs":["https:\/\/www.facebook.com\/blackturtledive","https:\/\/x.com\/blackturtledive","https:\/\/www.instagram.com\/blackturtledive\/","https:\/\/www.youtube.com\/blackturtledive","https:\/\/www.linkedin.com\/company\/blackturtledive\/","https:\/\/www.tumblr.com\/blackturtledive","https:\/\/www.pinterest.com\/blackturtledive\/","https:\/\/www.tiktok.com\/@blackturtledive","https:\/\/www.reddit.com\/user\/blackturtledive\/"],"description":"Black Turtle Dive is a modern and innovative 5 Star Career Development Scuba Diving Center, passionate about the ocean and through training we want to empower you to become a competent and confident scuba diver. Our diving courses equip you with the skills, knowledge and awareness necessary to explore the ocean safely, whilst becoming a passionate advocate and protector of the marine environment. If you have never dived before or are a certified diver and want to develop your skills further, our tailored, bespoke courses and programs will inspire you to become an Ocean advocate. Our scientific based Marine Conservation Internships and training programs, offer aspiring scuba divers and marine conservationists, the best marine conservation internships on Koh Tao. We currently offer students six levels of Marine Conservation Internships at our beachside location on Koh Tao in Thailand. Check out our website for more information.","email":"info@blackturtledive.com","telephone":"089 592 2134","legalName":"Black Turtle Dive Co Ltd","foundingDate":"2020-01-01","publishingPrinciples":"https:\/\/www.blackturtledive.com\/terms\/","ownershipFundingInfo":"https:\/\/www.blackturtledive.com\/terms\/","actionableFeedbackPolicy":"https:\/\/www.blackturtledive.com\/privacy-policy\/","correctionsPolicy":"https:\/\/www.blackturtledive.com\/privacy-policy\/","ethicsPolicy":"https:\/\/www.blackturtledive.com\/privacy-policy\/","diversityPolicy":"https:\/\/www.blackturtledive.com\/privacy-policy\/"}]}},"_links":{"self":[{"href":"https:\/\/www.blackturtledive.com\/de\/wp-json\/wp\/v2\/pages\/18646","targetHints":{"allow":["GET"]}}],"collection":[{"href":"https:\/\/www.blackturtledive.com\/de\/wp-json\/wp\/v2\/pages"}],"about":[{"href":"https:\/\/www.blackturtledive.com\/de\/wp-json\/wp\/v2\/types\/page"}],"author":[{"embeddable":true,"href":"https:\/\/www.blackturtledive.com\/de\/wp-json\/wp\/v2\/users\/2"}],"replies":[{"embeddable":true,"href":"https:\/\/www.blackturtledive.com\/de\/wp-json\/wp\/v2\/comments?post=18646"}],"version-history":[{"count":1,"href":"https:\/\/www.blackturtledive.com\/de\/wp-json\/wp\/v2\/pages\/18646\/revisions"}],"predecessor-version":[{"id":70883,"href":"https:\/\/www.blackturtledive.com\/de\/wp-json\/wp\/v2\/pages\/18646\/revisions\/70883"}],"up":[{"embeddable":true,"href":"https:\/\/www.blackturtledive.com\/de\/wp-json\/wp\/v2\/pages\/18647"}],"wp:featuredmedia":[{"embeddable":true,"href":"https:\/\/www.blackturtledive.com\/de\/wp-json\/wp\/v2\/media\/18163"}],"wp:attachment":[{"href":"https:\/\/www.blackturtledive.com\/de\/wp-json\/wp\/v2\/media?parent=18646"}],"curies":[{"name":"wp","href":"https:\/\/api.w.org\/{rel}","templated":true}]}}