{"id":18651,"date":"2020-09-19T23:11:11","date_gmt":"2020-09-19T16:11:11","guid":{"rendered":"https:\/\/www.blackturtledive.com\/banks\/"},"modified":"2026-05-05T21:24:28","modified_gmt":"2026-05-05T14:24:28","slug":"banks","status":"publish","type":"page","link":"https:\/\/www.blackturtledive.com\/de\/koh-tao\/banks\/","title":{"rendered":"Banken"},"content":{"rendered":"<div class=\"wpb-content-wrapper\"><p>[vc_row][vc_column][vc_column_text css=&#8220;&#8220;]Koh Tao verf\u00fcgt \u00fcber ein zuverl\u00e4ssiges Netz an Geldautomaten und zwei Bankfilialen mit umfassendem Service, die sich haupts\u00e4chlich im Gebiet Mae Haad befinden.<\/p>\n<p>Die meisten Geldautomaten akzeptieren internationale Visa- und Mastercard-Karten (gegen eine Standardgeb\u00fchr von 220 THB durch die thail\u00e4ndische Bank), und Wechselstuben f\u00fcr die wichtigsten internationalen W\u00e4hrungen sind weit verbreitet.<\/p>\n<p>Zwar akzeptieren viele gr\u00f6\u00dfere Tauchzentren und Resorts Kreditkarten oder Tap-to-Pay, dennoch empfiehlt es sich, einen kleinen Betrag in thail\u00e4ndischen Baht dabei zu haben, um auf lokalen M\u00e4rkten einzukaufen oder f\u00fcr kurze Fahrten mit dem Longtail-Boot.<\/p>\n<h3><span style=\"color: #28d4ff;\">Internationale Bankdienstleistungen auf Koh Tao<\/span><\/h3>\n<p>Koh Tao wird den finanziellen Bed\u00fcrfnissen <a href=\"https:\/\/www.blackturtledive.com\/koh-tao\/how-to-get-to-koh-tao\/\">internationaler Reisender<\/a> gerecht mit drei Bankfilialen und vielen Geldautomaten, die \u00fcber die Insel verteilt sind.<\/p>\n<p>Zu den Dienstleistungen geh\u00f6ren internationale Banktransaktionen, Geldwechsel und sowohl Kredit- als auch Debitkartenservices.<\/p>\n<p>W\u00e4hrend es viele Geldautomaten gibt, an denen man Bargeld abheben kann, m\u00fcssen Sie f\u00fcr internationale \u00dcberweisungen die Bankfiliale direkt aufsuchen.<\/p>\n<p>Die beiden Hauptbankfilialen auf Koh Tao befinden sich in der Hauptstadt Mae Haad und sind derzeit w\u00e4hrend der regul\u00e4ren B\u00fcrozeiten ge\u00f6ffnet.<\/p>\n<figure id=\"attachment_1296\" aria-describedby=\"caption-attachment-1296\" style=\"width: 1300px\" class=\"wp-caption alignnone\"><img decoding=\"async\" class=\"size-full wp-image-1296\" src=\"https:\/\/www.blackturtledive.com\/wp-content\/uploads\/2020\/11\/blackturtledive.com-bangkok-bank-koh-tao.jpg\" alt=\"Bangkok Bank, Mae Haad, Koh Tao\" width=\"1300\" height=\"615\" srcset=\"https:\/\/www.blackturtledive.com\/wp-content\/uploads\/2020\/11\/blackturtledive.com-bangkok-bank-koh-tao.jpg 1300w, https:\/\/www.blackturtledive.com\/wp-content\/uploads\/2020\/11\/blackturtledive.com-bangkok-bank-koh-tao-300x142.jpg 300w, https:\/\/www.blackturtledive.com\/wp-content\/uploads\/2020\/11\/blackturtledive.com-bangkok-bank-koh-tao-1024x484.jpg 1024w, https:\/\/www.blackturtledive.com\/wp-content\/uploads\/2020\/11\/blackturtledive.com-bangkok-bank-koh-tao-768x363.jpg 768w, https:\/\/www.blackturtledive.com\/wp-content\/uploads\/2020\/11\/blackturtledive.com-bangkok-bank-koh-tao-150x71.jpg 150w, https:\/\/www.blackturtledive.com\/wp-content\/uploads\/2020\/11\/blackturtledive.com-bangkok-bank-koh-tao-450x213.jpg 450w\" sizes=\"(max-width: 1300px) 100vw, 1300px\" \/><figcaption id=\"caption-attachment-1296\" class=\"wp-caption-text\">Bangkok Bank, Mae Haad, Koh Tao<\/figcaption><\/figure>\n<h3><span style=\"color: #28d4ff;\">Bangkok Bank Koh Tao<\/span><\/h3>\n<p>Die <span style=\"color: #28d4ff;\">Bangkok Bank<\/span> befindet sich am Anfang der <span style=\"color: #28d4ff;\"><em>Down Road<\/em><\/span>, die neben dem Hauptpostamt auf Koh Tao liegt.<\/p>\n<p>Wenn Sie von der Hauptstra\u00dfe, die von Nord nach S\u00fcd in Mae Haad f\u00fchrt, in die <span style=\"color: #28d4ff;\"><em>Down Road<\/em><\/span> abbiegen, sehen Sie die Filiale auf der linken Seite.<\/p>\n<p>Es gibt mehrere Geldautomaten vor der Bank sowie einen Wechselstube, die etwas l\u00e4nger ge\u00f6ffnet ist als die Filiale selbst, mit normalen Bank\u00f6ffnungszeiten von 9 bis 17 Uhr und dem Geldwechsel bis 19 Uhr ge\u00f6ffnet. <span style=\"color: #28d4ff;\"><em>*Die Zeiten k\u00f6nnen variieren<\/em><\/span><\/p>\n<p>Koh Tao bietet Geldwechselservices an verschiedenen Orten auf der Insel, und Sie sollten die angebotenen Wechselkurse \u00fcberpr\u00fcfen, bevor Sie diese unabh\u00e4ngigen Transaktionen durchf\u00fchren.<\/p>\n<figure id=\"attachment_2847\" aria-describedby=\"caption-attachment-2847\" style=\"width: 1000px\" class=\"wp-caption alignnone\"><img decoding=\"async\" class=\"size-full wp-image-2847\" src=\"https:\/\/www.blackturtledive.com\/wp-content\/uploads\/2020\/12\/blackturtledive.com-post-office-on-koh-tao.jpg\" alt=\"Krungsri Bank Koh Tao\" width=\"1000\" height=\"632\" srcset=\"https:\/\/www.blackturtledive.com\/wp-content\/uploads\/2020\/12\/blackturtledive.com-post-office-on-koh-tao.jpg 1000w, https:\/\/www.blackturtledive.com\/wp-content\/uploads\/2020\/12\/blackturtledive.com-post-office-on-koh-tao-300x190.jpg 300w, https:\/\/www.blackturtledive.com\/wp-content\/uploads\/2020\/12\/blackturtledive.com-post-office-on-koh-tao-768x485.jpg 768w, https:\/\/www.blackturtledive.com\/wp-content\/uploads\/2020\/12\/blackturtledive.com-post-office-on-koh-tao-150x95.jpg 150w\" sizes=\"(max-width: 1000px) 100vw, 1000px\" \/><figcaption id=\"caption-attachment-2847\" class=\"wp-caption-text\">Krungsri Bank Mae Haad, Koh Tao<\/figcaption><\/figure>\n<h3><span style=\"color: #28d4ff;\">Krungsri Bank Koh Tao<\/span><\/h3>\n<p>Die <span style=\"color: #28d4ff;\">Krungsri Bank<\/span> befindet sich ein paar Meter weiter auf der gleichen Stra\u00dfenseite wie die Bangkok Bank und auf der anderen Seite des Postamtes.<\/p>\n<p>Die \u00d6ffnungszeiten der Krungsri Bank sind von 9:00 bis 16:30 Uhr, und sie haben auch eine Wechselstube, die etwas l\u00e4nger bis 18:00 Uhr ge\u00f6ffnet ist. <strong><em>*Die Zeiten k\u00f6nnen variieren<\/em><\/strong><\/p>\n<h3><span style=\"color: #28d4ff;\">Krung Thai Bank Koh Tao<\/span><\/h3>\n<p>Die dritte Bank ist die <span style=\"color: #28d4ff;\">Krung Thai Bank<\/span>, die sich an der Ecke gegen\u00fcber dem 7\/11 in Mae Haad befindet und sehr nah am Pier ist.<\/p>\n<p>Die <span style=\"color: #28d4ff;\">Krung Thai Bank<\/span> ist nur eine Mini-Filiale, die eingeschr\u00e4nkte Dienstleistungen f\u00fcr Kontoinhaber anbietet, ist aber auch ein vollst\u00e4ndiger Devisenwechsel, sodass es ein guter Ort ist, um Geld zu wechseln.<\/p>\n<p>F\u00fcr allgemeine Bargeldabhebungen gibt es viele Geldautomaten, die \u00fcber die Insel verteilt sind, insbesondere in den drei (3) Hauptd\u00f6rfern auf Koh Tao: Mae Haad, Chalok Baan Kao, Sairee.<\/p>\n<figure id=\"attachment_2849\" aria-describedby=\"caption-attachment-2849\" style=\"width: 1000px\" class=\"wp-caption alignnone\"><img decoding=\"async\" class=\"size-full wp-image-2849\" src=\"https:\/\/www.blackturtledive.com\/wp-content\/uploads\/2020\/12\/blackturtledive.com-bangkok-bank-koh-tao-thailand.jpg\" alt=\"Geldautomaten Koh Tao\" width=\"1000\" height=\"617\" srcset=\"https:\/\/www.blackturtledive.com\/wp-content\/uploads\/2020\/12\/blackturtledive.com-bangkok-bank-koh-tao-thailand.jpg 1000w, https:\/\/www.blackturtledive.com\/wp-content\/uploads\/2020\/12\/blackturtledive.com-bangkok-bank-koh-tao-thailand-300x185.jpg 300w, https:\/\/www.blackturtledive.com\/wp-content\/uploads\/2020\/12\/blackturtledive.com-bangkok-bank-koh-tao-thailand-768x474.jpg 768w, https:\/\/www.blackturtledive.com\/wp-content\/uploads\/2020\/12\/blackturtledive.com-bangkok-bank-koh-tao-thailand-150x93.jpg 150w\" sizes=\"(max-width: 1000px) 100vw, 1000px\" \/><figcaption id=\"caption-attachment-2849\" class=\"wp-caption-text\">Geldautomaten Koh Tao<\/figcaption><\/figure>\n<h3><span style=\"color: #28d4ff;\">Koh Tao 7\/11 &amp; Geldautomaten<\/span><\/h3>\n<p>Jeder 7\/11 auf Koh Tao hat mehrere Bank-Geldautomaten, die drau\u00dfen angebracht sind, und sie akzeptieren internationale Kredit- und Debitkarten. <span style=\"color: #28d4ff;\"><em>*wenn zutreffend<\/em><\/span><\/p>\n<p>Die Geb\u00fchren f\u00fcr Banktransaktionen auf Koh Tao variieren von Bank zu Bank, obwohl es in der Regel die Bank in Ihrem Heimatland ist, die die Geb\u00fchren erhebt. Daher ist es immer am besten, dies dort zu \u00fcberpr\u00fcfen.<\/p>\n<p>Kreditkarten werden in einigen <a href=\"https:\/\/www.blackturtledive.com\/koh-tao\/food-drink\/\">Restaurants<\/a>, <a href=\"https:\/\/www.blackturtledive.com\/de\/\">Tauchzentren<\/a> und <a href=\"https:\/\/www.blackturtledive.com\/koh-tao\/accommodation\/\">Hotels auf Koh Tao<\/a> akzeptiert, insbesondere in denen, die bei Touristen beliebt sind. <span style=\"color: #28d4ff;\"><em>*immer vorher \u00fcberpr\u00fcfen<\/em><\/span><\/p>\n<p>Die meisten Unternehmen auf Koh Tao erheben etwa 3 % Geb\u00fchren f\u00fcr Zahlungen mit Kreditkarte.<\/p>\n<h3><span style=\"color: #28d4ff;\">Internationale Bank\u00fcberweisungen auf Koh Tao<\/span><\/h3>\n<p>F\u00fcr gr\u00f6\u00dfere Zahlungen, wie f\u00fcr <a href=\"https:\/\/www.blackturtledive.com\/scuba-diving-internship\/\">Tauchpraktika<\/a>, <a href=\"https:\/\/www.blackturtledive.com\/padi-pro-level\/\">Ausbildungskurse auf Pro-Niveau<\/a> oder Tauchausr\u00fcstung, ist es immer am besten, eine internationale Bank\u00fcberweisung zu arrangieren.<\/p>\n<p>Koh Tao hat sich schnell an die Bed\u00fcrfnisse internationaler Besucher angepasst, indem es viele der finanziellen Dienstleistungen anbietet, die man in einer gr\u00f6\u00dferen Stadt erwarten w\u00fcrde, und Sie k\u00f6nnen die neuesten Informationen erfahren, indem Sie <a href=\"https:\/\/www.blackturtledive.com\/contact-us\/\">uns kontaktieren<\/a>.<\/p>\n<p>Wenn Sie mit Kredit- oder Debitkarte bezahlen, empfehlen wir Ihnen, immer vorher beim Dienstleister auf Koh Tao zu \u00fcberpr\u00fcfen, um eine reibungslose Transaktion zu gew\u00e4hrleisten, und Ihre internationale Bank zu kontaktieren, wenn Sie gr\u00f6\u00dfere Transaktionen durchf\u00fchren.<\/p>\n<p><a class=\"fasc-button fasc-size-large fasc-type-flat\" style=\"background-color: #33809e; color: #ffffff;\" href=\"https:\/\/www.blackturtledive.com\/contact-us\/\">KONTAKT<\/a>[\/vc_column_text][\/vc_column][\/vc_row]<\/p>\n<\/div>","protected":false},"excerpt":{"rendered":"<p>Auf Koh Tao gibt es zwei thail\u00e4ndische Banken mit Filialen in Mae Haad, die Geldwechsel, Debit- und Kreditkartendienste sowie internationale Transaktionen anbieten. Die Insel verf\u00fcgt \u00fcber moderne Einrichtungen; Gesch\u00e4fte mit Geldautomaten und alternative Geldwechselm\u00f6glichkeiten befinden sich in der N\u00e4he der Hauptorte Chalok Baan Kao, Mae Haad und Sairee Village.<\/p>\n","protected":false},"author":2,"featured_media":17944,"parent":18659,"menu_order":0,"comment_status":"closed","ping_status":"closed","template":"","meta":{"_acf_changed":false,"footnotes":""},"class_list":["post-18651","page","type-page","status-publish","has-post-thumbnail","hentry"],"acf":[],"yoast_head":"<!-- This site is optimized with the Yoast SEO Premium plugin v27.6 (Yoast SEO v27.6) - https:\/\/yoast.com\/product\/yoast-seo-premium-wordpress\/ -->\n<title>Banken &amp; Geldautomaten auf Koh Tao | Black Turtle Dive<\/title>\n<meta name=\"description\" content=\"Auf Koh Tao gibt es zwei thail\u00e4ndische Banken mit Filialen in Mae Haad, die Geldwechsel, Debit- und Kreditkartendienste, Geldautomaten und internationale Transaktionen anbieten.\" \/>\n<meta name=\"robots\" content=\"index, follow, max-snippet:-1, max-image-preview:large, max-video-preview:-1\" \/>\n<link rel=\"canonical\" href=\"https:\/\/www.blackturtledive.com\/de\/koh-tao\/banks\/\" \/>\n<meta property=\"og:locale\" content=\"de_DE\" \/>\n<meta property=\"og:type\" content=\"article\" \/>\n<meta property=\"og:title\" content=\"Banks &amp; ATM Machines Koh Tao | Black Turtle Dive\" \/>\n<meta property=\"og:description\" content=\"Koh Tao has two Thailand banks with branches located in Mae Haad offering money exchange, debit and credit card services, ATM and international transactions\" \/>\n<meta property=\"og:url\" content=\"https:\/\/www.blackturtledive.com\/de\/koh-tao\/banks\/\" \/>\n<meta property=\"og:site_name\" content=\"Black Turtle Dive Koh Tao\" \/>\n<meta property=\"article:publisher\" content=\"https:\/\/www.facebook.com\/blackturtledive\" \/>\n<meta property=\"article:modified_time\" content=\"2026-05-05T14:24:28+00:00\" \/>\n<meta property=\"og:image\" content=\"https:\/\/www.blackturtledive.com\/wp-content\/uploads\/2020\/11\/blackturtledive.com-best-padi-divemaster-course-koh-tao.jpg\" \/>\n\t<meta property=\"og:image:width\" content=\"1200\" \/>\n\t<meta property=\"og:image:height\" content=\"800\" \/>\n\t<meta property=\"og:image:type\" content=\"image\/jpeg\" \/>\n<meta name=\"twitter:card\" content=\"summary_large_image\" \/>\n<meta name=\"twitter:title\" content=\"Banks &amp; ATM Machines Koh Tao | Black Turtle Dive\" \/>\n<meta name=\"twitter:description\" content=\"Koh Tao has two Thailand banks with branches located in Mae Haad offering money exchange, debit and credit card services, ATM and international transactions\" \/>\n<meta name=\"twitter:image\" content=\"https:\/\/www.blackturtledive.com\/wp-content\/uploads\/2020\/11\/blackturtledive.com-best-padi-divemaster-course-koh-tao.jpg\" \/>\n<meta name=\"twitter:site\" content=\"@blackturtledive\" \/>\n<meta name=\"twitter:label1\" content=\"Gesch\u00e4tzte Lesezeit\" \/>\n\t<meta name=\"twitter:data1\" content=\"4\u00a0Minuten\" \/>\n<!-- \/ Yoast SEO Premium plugin. -->","yoast_head_json":{"title":"Banken & Geldautomaten auf Koh Tao | Black Turtle Dive","description":"Auf Koh Tao gibt es zwei thail\u00e4ndische Banken mit Filialen in Mae Haad, die Geldwechsel, Debit- und Kreditkartendienste, Geldautomaten und internationale Transaktionen anbieten.","robots":{"index":"index","follow":"follow","max-snippet":"max-snippet:-1","max-image-preview":"max-image-preview:large","max-video-preview":"max-video-preview:-1"},"canonical":"https:\/\/www.blackturtledive.com\/de\/koh-tao\/banks\/","og_locale":"de_DE","og_type":"article","og_title":"Banks & ATM Machines Koh Tao | Black Turtle Dive","og_description":"Koh Tao has two Thailand banks with branches located in Mae Haad offering money exchange, debit and credit card services, ATM and international transactions","og_url":"https:\/\/www.blackturtledive.com\/de\/koh-tao\/banks\/","og_site_name":"Black Turtle Dive Koh Tao","article_publisher":"https:\/\/www.facebook.com\/blackturtledive","article_modified_time":"2026-05-05T14:24:28+00:00","og_image":[{"width":1200,"height":800,"url":"https:\/\/www.blackturtledive.com\/wp-content\/uploads\/2020\/11\/blackturtledive.com-best-padi-divemaster-course-koh-tao.jpg","type":"image\/jpeg"}],"twitter_card":"summary_large_image","twitter_title":"Banks & ATM Machines Koh Tao | Black Turtle Dive","twitter_description":"Koh Tao has two Thailand banks with branches located in Mae Haad offering money exchange, debit and credit card services, ATM and international transactions","twitter_image":"https:\/\/www.blackturtledive.com\/wp-content\/uploads\/2020\/11\/blackturtledive.com-best-padi-divemaster-course-koh-tao.jpg","twitter_site":"@blackturtledive","twitter_misc":{"Gesch\u00e4tzte Lesezeit":"4\u00a0Minuten"},"schema":{"@context":"https:\/\/schema.org","@graph":[{"@type":"WebPage","@id":"https:\/\/www.blackturtledive.com\/de\/koh-tao\/banks\/","url":"https:\/\/www.blackturtledive.com\/de\/koh-tao\/banks\/","name":"Banken & Geldautomaten auf Koh Tao | Black Turtle Dive","isPartOf":{"@id":"https:\/\/www.blackturtledive.com\/de\/#website"},"primaryImageOfPage":{"@id":"https:\/\/www.blackturtledive.com\/de\/koh-tao\/banks\/#primaryimage"},"image":{"@id":"https:\/\/www.blackturtledive.com\/de\/koh-tao\/banks\/#primaryimage"},"thumbnailUrl":"https:\/\/www.blackturtledive.com\/wp-content\/uploads\/2020\/11\/blackturtledive.com-bangkok-bank-koh-tao.jpg","datePublished":"2020-09-19T16:11:11+00:00","dateModified":"2026-05-05T14:24:28+00:00","description":"Auf Koh Tao gibt es zwei thail\u00e4ndische Banken mit Filialen in Mae Haad, die Geldwechsel, Debit- und Kreditkartendienste, Geldautomaten und internationale Transaktionen anbieten.","breadcrumb":{"@id":"https:\/\/www.blackturtledive.com\/de\/koh-tao\/banks\/#breadcrumb"},"inLanguage":"de","potentialAction":[{"@type":"ReadAction","target":["https:\/\/www.blackturtledive.com\/de\/koh-tao\/banks\/"]}]},{"@type":"ImageObject","inLanguage":"de","@id":"https:\/\/www.blackturtledive.com\/de\/koh-tao\/banks\/#primaryimage","url":"https:\/\/www.blackturtledive.com\/wp-content\/uploads\/2020\/11\/blackturtledive.com-bangkok-bank-koh-tao.jpg","contentUrl":"https:\/\/www.blackturtledive.com\/wp-content\/uploads\/2020\/11\/blackturtledive.com-bangkok-bank-koh-tao.jpg","width":1300,"height":615,"caption":"Bangkok Bank, Mae Haad, Koh Tao"},{"@type":"BreadcrumbList","@id":"https:\/\/www.blackturtledive.com\/de\/koh-tao\/banks\/#breadcrumb","itemListElement":[{"@type":"ListItem","position":1,"name":"Home","item":"https:\/\/www.blackturtledive.com\/de\/"},{"@type":"ListItem","position":2,"name":"Koh Tao","item":"https:\/\/www.blackturtledive.com\/de\/koh-tao\/"},{"@type":"ListItem","position":3,"name":"Banken"}]},{"@type":"WebSite","@id":"https:\/\/www.blackturtledive.com\/de\/#website","url":"https:\/\/www.blackturtledive.com\/de\/","name":"Black Turtle Dive Koh Tao","description":"Ocean Explorers | Marine Protectors","publisher":{"@id":"https:\/\/www.blackturtledive.com\/de\/#organization"},"alternateName":"Black Turtle Dive in Thailand","potentialAction":[{"@type":"SearchAction","target":{"@type":"EntryPoint","urlTemplate":"https:\/\/www.blackturtledive.com\/de\/?s={search_term_string}"},"query-input":{"@type":"PropertyValueSpecification","valueRequired":true,"valueName":"search_term_string"}}],"inLanguage":"de"},{"@type":"Organization","@id":"https:\/\/www.blackturtledive.com\/de\/#organization","name":"Black Turtle Dive Koh Tao","alternateName":"Black Turtle Dive","url":"https:\/\/www.blackturtledive.com\/de\/","logo":{"@type":"ImageObject","inLanguage":"de","@id":"https:\/\/www.blackturtledive.com\/de\/#\/schema\/logo\/image\/","url":"https:\/\/www.blackturtledive.com\/wp-content\/uploads\/2020\/11\/cropped-blackturtledive.com-brand-logo.png","contentUrl":"https:\/\/www.blackturtledive.com\/wp-content\/uploads\/2020\/11\/cropped-blackturtledive.com-brand-logo.png","width":400,"height":400,"caption":"Black Turtle Dive Koh Tao"},"image":{"@id":"https:\/\/www.blackturtledive.com\/de\/#\/schema\/logo\/image\/"},"sameAs":["https:\/\/www.facebook.com\/blackturtledive","https:\/\/x.com\/blackturtledive","https:\/\/www.instagram.com\/blackturtledive\/","https:\/\/www.youtube.com\/blackturtledive","https:\/\/www.linkedin.com\/company\/blackturtledive\/","https:\/\/www.tumblr.com\/blackturtledive","https:\/\/www.pinterest.com\/blackturtledive\/","https:\/\/www.tiktok.com\/@blackturtledive","https:\/\/www.reddit.com\/user\/blackturtledive\/"],"description":"Black Turtle Dive is a modern and innovative 5 Star Career Development Scuba Diving Center, passionate about the ocean and through training we want to empower you to become a competent and confident scuba diver. Our diving courses equip you with the skills, knowledge and awareness necessary to explore the ocean safely, whilst becoming a passionate advocate and protector of the marine environment. If you have never dived before or are a certified diver and want to develop your skills further, our tailored, bespoke courses and programs will inspire you to become an Ocean advocate. Our scientific based Marine Conservation Internships and training programs, offer aspiring scuba divers and marine conservationists, the best marine conservation internships on Koh Tao. We currently offer students six levels of Marine Conservation Internships at our beachside location on Koh Tao in Thailand. Check out our website for more information.","email":"info@blackturtledive.com","telephone":"089 592 2134","legalName":"Black Turtle Dive Co Ltd","foundingDate":"2020-01-01","publishingPrinciples":"https:\/\/www.blackturtledive.com\/terms\/","ownershipFundingInfo":"https:\/\/www.blackturtledive.com\/terms\/","actionableFeedbackPolicy":"https:\/\/www.blackturtledive.com\/privacy-policy\/","correctionsPolicy":"https:\/\/www.blackturtledive.com\/privacy-policy\/","ethicsPolicy":"https:\/\/www.blackturtledive.com\/privacy-policy\/","diversityPolicy":"https:\/\/www.blackturtledive.com\/privacy-policy\/"}]}},"_links":{"self":[{"href":"https:\/\/www.blackturtledive.com\/de\/wp-json\/wp\/v2\/pages\/18651","targetHints":{"allow":["GET"]}}],"collection":[{"href":"https:\/\/www.blackturtledive.com\/de\/wp-json\/wp\/v2\/pages"}],"about":[{"href":"https:\/\/www.blackturtledive.com\/de\/wp-json\/wp\/v2\/types\/page"}],"author":[{"embeddable":true,"href":"https:\/\/www.blackturtledive.com\/de\/wp-json\/wp\/v2\/users\/2"}],"replies":[{"embeddable":true,"href":"https:\/\/www.blackturtledive.com\/de\/wp-json\/wp\/v2\/comments?post=18651"}],"version-history":[{"count":1,"href":"https:\/\/www.blackturtledive.com\/de\/wp-json\/wp\/v2\/pages\/18651\/revisions"}],"predecessor-version":[{"id":70888,"href":"https:\/\/www.blackturtledive.com\/de\/wp-json\/wp\/v2\/pages\/18651\/revisions\/70888"}],"up":[{"embeddable":true,"href":"https:\/\/www.blackturtledive.com\/de\/wp-json\/wp\/v2\/pages\/18659"}],"wp:featuredmedia":[{"embeddable":true,"href":"https:\/\/www.blackturtledive.com\/de\/wp-json\/wp\/v2\/media\/17944"}],"wp:attachment":[{"href":"https:\/\/www.blackturtledive.com\/de\/wp-json\/wp\/v2\/media?parent=18651"}],"curies":[{"name":"wp","href":"https:\/\/api.w.org\/{rel}","templated":true}]}}