{"id":18653,"date":"2020-09-19T23:10:11","date_gmt":"2020-09-19T16:10:11","guid":{"rendered":"https:\/\/www.blackturtledive.com\/medical-services\/"},"modified":"2026-05-05T21:24:29","modified_gmt":"2026-05-05T14:24:29","slug":"medical-services","status":"publish","type":"page","link":"https:\/\/www.blackturtledive.com\/de\/koh-tao\/medical-services\/","title":{"rendered":"Gesundheitsversorgung"},"content":{"rendered":"<div class=\"wpb-content-wrapper\"><p>[vc_row][vc_column][vc_column_text css=&#8220;&#8220;]Koh Tao ist mit mehreren 24-Stunden-Kliniken und einem staatlichen Krankenhaus ausgestattet, die kleinere Verletzungen, Impfungen und Notfallstabilisierung behandeln k\u00f6nnen.<\/p>\n<p>F\u00fcr spezielle tauchbezogene Anliegen gibt es Zugang zu einer Druckkammer auf Koh Tao und im nahegelegenen Koh Samui sowie schnelle Evakuierungen per Speedboot bei schweren Dekompressionsvorf\u00e4llen.<\/p>\n<p>Die meisten lokalen Kliniken sind mit Tropenmedizin und Tauchtauglichkeitsuntersuchungen gut vertraut, sodass Reisende unmittelbaren Zugang zu Gesundheitsversorgung und den von PADI geforderten medizinischen Freigaben haben.<\/p>\n<h3><span style=\"color: #28d4ff;\">Krankenhaus Koh Tao &amp; private medizinische Kliniken<\/span><\/h3>\n<p>Koh Tao bietet Besuchern moderne medizinische Dienste, entweder im Hauptkrankenhaus von Koh Tao oder durch viele der privaten medizinischen Einrichtungen auf der Insel.<\/p>\n<p>Das <a href=\"https:\/\/www.blackturtledive.com\/koh-tao\/\">Krankenhaus Koh Tao<\/a> bietet eine Reihe von Behandlungen, Tests, Screenings und Rezepten nach einer Konsultation mit einem Arzt an.<\/p>\n<figure id=\"attachment_2894\" aria-describedby=\"caption-attachment-2894\" style=\"width: 1000px\" class=\"wp-caption alignnone\"><img decoding=\"async\" class=\"size-full wp-image-2894\" src=\"https:\/\/www.blackturtledive.com\/wp-content\/uploads\/2020\/12\/blackturtledive.com-koh-tao-hospital-thailand.JPG.jpg\" alt=\"Krankenhaus Koh Tao\" width=\"1000\" height=\"750\" srcset=\"https:\/\/www.blackturtledive.com\/wp-content\/uploads\/2020\/12\/blackturtledive.com-koh-tao-hospital-thailand.JPG.jpg 1000w, https:\/\/www.blackturtledive.com\/wp-content\/uploads\/2020\/12\/blackturtledive.com-koh-tao-hospital-thailand.JPG-300x225.jpg 300w, https:\/\/www.blackturtledive.com\/wp-content\/uploads\/2020\/12\/blackturtledive.com-koh-tao-hospital-thailand.JPG-768x576.jpg 768w, https:\/\/www.blackturtledive.com\/wp-content\/uploads\/2020\/12\/blackturtledive.com-koh-tao-hospital-thailand.JPG-853x640.jpg 853w, https:\/\/www.blackturtledive.com\/wp-content\/uploads\/2020\/12\/blackturtledive.com-koh-tao-hospital-thailand.JPG-150x113.jpg 150w\" sizes=\"(max-width: 1000px) 100vw, 1000px\" \/><figcaption id=\"caption-attachment-2894\" class=\"wp-caption-text\">Krankenhaus Koh Tao<\/figcaption><\/figure>\n<h3>Koh Tao Regierungskrankenhaus<\/h3>\n<p>Das Regierungskrankenhaus verf\u00fcgt \u00fcber ein Team von \u00c4rzten und Krankenschwestern und behandelt eine Reihe von allgemeinen und chronischen Erkrankungen, Krankheiten und Verletzungen.<\/p>\n<p>Es gibt ein Testlabor und ein <span style=\"color: #28d4ff;\">R\u00f6ntgenger\u00e4t<\/span>, und es werden eingeschr\u00e4nkte Dienstleistungen f\u00fcr Ambulante Patienten sowie kleinere chirurgische Eingriffe angeboten.<\/p>\n<p>Das Krankenhaus bietet einen 24-Stunden-Notdienst und erm\u00f6glicht \u00dcbernachtungen mit einer Kapazit\u00e4t von 10 Betten sowie einen eigenen Krankenwagen.<\/p>\n<p>Das <a href=\"https:\/\/www.thefunkyturtle.com\/information\/koh-tao-hospital\/\" target=\"_blank\" rel=\"noopener\">Koh Tao Krankenhaus<\/a> bietet auch Evakuierungen per Schnellboot und Hubschrauber zu gr\u00f6\u00dferen voll ausgestatteten Krankenh\u00e4usern auf <span style=\"color: #28d4ff;\">Koh Samui<\/span> und in <span style=\"color: #28d4ff;\">Chumphon<\/span>, falls dies erforderlich ist.<\/p>\n<p>Das Krankenhaus bietet einen Zahndienst und eine pr\u00e4natale Klinik sowie Wehen- und Entbindungsdienste zusammen mit ante-natalen Diensten an.<\/p>\n<h3><span style=\"color: #28d4ff;\">Behandlungen im Koh Tao Krankenhaus &amp; Gesundheitsversicherung<\/span><\/h3>\n<p>Wenn Sie kein thail\u00e4ndischer Staatsangeh\u00f6riger sind und <a href=\"https:\/\/www.blackturtledive.com\/koh-tao\/how-to-get-to-koh-tao\/\">nach Thailand reisen<\/a>, m\u00fcssen Sie sicherstellen, dass Sie eine umfassende Gesundheits- und Krankenversicherung haben, bevor Sie ankommen.<\/p>\n<p>Obwohl thail\u00e4ndische Krankenh\u00e4user kostenlose Behandlungen anbieten, gilt dies nur f\u00fcr thail\u00e4ndische Staatsangeh\u00f6rige und Einwohner.<\/p>\n<p>Wenn Sie keine umfassende <span style=\"color: #28d4ff;\">Krankenversicherung<\/span> haben, k\u00f6nnten Sie mit einer teuren Rechnung konfrontiert werden, falls Sie eine Notfallbehandlung ben\u00f6tigen.<\/p>\n<p>Das Regierungskrankenhaus befindet sich in Mae Haad, nur 2 Gehminuten vom Hauptpier auf der rechten Seite der oberen Stra\u00dfe entfernt und ist deutlich mit einem gro\u00dfen, beleuchteten Schild ausgeschildert.<\/p>\n<p>Als Ausl\u00e4nder m\u00fcssen Sie Ihren Reisepass vorlegen und sich im Krankenhaus registrieren, bevor Sie einen Arzt aufsuchen oder eine Behandlung erhalten k\u00f6nnen, es sei denn, Sie werden in einer Notfallsituation aufgenommen.<\/p>\n<p>Es gibt auch mehrere private medizinische Kliniken in den Hauptd\u00f6rfern rund um Koh Tao, die medizinische Dienste f\u00fcr Ausl\u00e4nder \u00fcber die Krankenversicherung oder durch Direktzahlung anbieten.<\/p>\n<figure id=\"attachment_1317\" aria-describedby=\"caption-attachment-1317\" style=\"width: 1100px\" class=\"wp-caption alignnone\"><img decoding=\"async\" class=\"size-full wp-image-1317\" src=\"https:\/\/www.blackturtledive.com\/wp-content\/uploads\/2020\/11\/blackturtledive.com-medical-centre-on-koh-tao.jpg\" alt=\"Krankenhaus Koh Tao &amp; private medizinische Dienste\" width=\"1100\" height=\"670\" srcset=\"https:\/\/www.blackturtledive.com\/wp-content\/uploads\/2020\/11\/blackturtledive.com-medical-centre-on-koh-tao.jpg 1100w, https:\/\/www.blackturtledive.com\/wp-content\/uploads\/2020\/11\/blackturtledive.com-medical-centre-on-koh-tao-300x183.jpg 300w, https:\/\/www.blackturtledive.com\/wp-content\/uploads\/2020\/11\/blackturtledive.com-medical-centre-on-koh-tao-1024x624.jpg 1024w, https:\/\/www.blackturtledive.com\/wp-content\/uploads\/2020\/11\/blackturtledive.com-medical-centre-on-koh-tao-768x468.jpg 768w, https:\/\/www.blackturtledive.com\/wp-content\/uploads\/2020\/11\/blackturtledive.com-medical-centre-on-koh-tao-150x91.jpg 150w, https:\/\/www.blackturtledive.com\/wp-content\/uploads\/2020\/11\/blackturtledive.com-medical-centre-on-koh-tao-450x274.jpg 450w\" sizes=\"(max-width: 1100px) 100vw, 1100px\" \/><figcaption id=\"caption-attachment-1317\" class=\"wp-caption-text\">Krankenhaus Koh Tao &amp; private medizinische Dienste<\/figcaption><\/figure>\n<h3>Thai Inter Klinik Koh Tao<\/h3>\n<p>Diese Klinik befindet sich auf dem Weg nach Chalok Baan Kao, wenn Sie Mae Haad verlassen, und ist nur ein kurzer Spaziergang vom Uhrenturm am Ende der oberen Stra\u00dfe entfernt.<\/p>\n<p>Die <span style=\"color: #28d4ff;\">Thai Inter Klinik<\/span> ist Teil des Thai International Krankenhausnetzwerks und ist eine Zweigstelle ihres Hauptkrankenhauses auf Koh Samui.<\/p>\n<h3><span style=\"color: #28d4ff;\">Medizinische Dienste in Mae Haad Koh Tao<\/span><\/h3>\n<p>Thai Inter ist eine gute Notfallklinik, verf\u00fcgt \u00fcber 3 oder 4 Betten, ein R\u00f6ntgenger\u00e4t und arbeitet au\u00dferdem eng mit dem thail\u00e4ndischen Regierungskrankenhaus zusammen.<\/p>\n<p>Alle \u00c4rzte und Krankenschwestern sprechen gutes Englisch, und diese medizinische Praxis ist eine beliebte Wahl f\u00fcr lokale thail\u00e4ndische und Expat-Bewohner bei Notf\u00e4llen, insbesondere bei Motorrad- oder Scooter-Unf\u00e4llen.<\/p>\n<figure id=\"attachment_2896\" aria-describedby=\"caption-attachment-2896\" style=\"width: 1000px\" class=\"wp-caption alignnone\"><img decoding=\"async\" class=\"size-full wp-image-2896\" src=\"https:\/\/www.blackturtledive.com\/wp-content\/uploads\/2020\/12\/blackturtledive.com-sawasdee-medical-clnic-chalok-koh-tao.jpg\" alt=\"Sawasdee Medical Clinic Chalok Baan Kao\" width=\"1000\" height=\"621\" srcset=\"https:\/\/www.blackturtledive.com\/wp-content\/uploads\/2020\/12\/blackturtledive.com-sawasdee-medical-clnic-chalok-koh-tao.jpg 1000w, https:\/\/www.blackturtledive.com\/wp-content\/uploads\/2020\/12\/blackturtledive.com-sawasdee-medical-clnic-chalok-koh-tao-300x186.jpg 300w, https:\/\/www.blackturtledive.com\/wp-content\/uploads\/2020\/12\/blackturtledive.com-sawasdee-medical-clnic-chalok-koh-tao-768x477.jpg 768w, https:\/\/www.blackturtledive.com\/wp-content\/uploads\/2020\/12\/blackturtledive.com-sawasdee-medical-clnic-chalok-koh-tao-150x93.jpg 150w\" sizes=\"(max-width: 1000px) 100vw, 1000px\" \/><figcaption id=\"caption-attachment-2896\" class=\"wp-caption-text\">Sawasdee Medical Clinic Chalok Baan Kao<\/figcaption><\/figure>\n<h3>Sawasdee Nursing Klinik Koh Tao<\/h3>\n<p>Diese Klinik ist sehr professionell und verf\u00fcgt \u00fcber freundliches und kompetentes Personal, das gut Englisch spricht und Ihnen w\u00e4hrend der gesamten Konsultation ein angenehmes Gef\u00fchl vermittelt.<\/p>\n<p>Die <span style=\"color: #28d4ff;\">Sawasdee Nursing Klinik<\/span> ist unsere Empfehlung auf Koh Tao bei Ohr-Barotraumen und anderen <a href=\"https:\/\/www.blackturtledive.com\/padi-diving-courses\/\">tauchbezogenen<\/a> Problemen.<\/p>\n<h3><span style=\"color: #28d4ff;\">Medizinische Dienste in Chalok Baan Kao Koh Tao<\/span><\/h3>\n<p>Das Personal der Sawasdee Klinik erl\u00e4utert Ihnen den gesamten Prozess, einschlie\u00dflich der Pr\u00e4sentation digitaler Fotos Ihres Trommelfells und detaillierter Erkl\u00e4rungen zur Verletzung sowie pr\u00e4ventiven Ma\u00dfnahmen f\u00fcr die Zukunft.<\/p>\n<p>Sie bieten auch keine unn\u00f6tigen Medikamente an.<\/p>\n<p>Die Sawasdee Nursing Klinik befindet sich direkt neben dem <span style=\"color: #28d4ff;\">7\/11 in Chalok Baan Kao<\/span> und hat von Montag bis Samstag von 10:00 bis 20:00 Uhr ge\u00f6ffnet und sonntags geschlossen.<\/p>\n<figure id=\"attachment_2898\" aria-describedby=\"caption-attachment-2898\" style=\"width: 1000px\" class=\"wp-caption alignnone\"><img decoding=\"async\" class=\"size-full wp-image-2898\" src=\"https:\/\/www.blackturtledive.com\/wp-content\/uploads\/2020\/12\/blackturtledive.com-sais-medical-centre-sairee-koh-tao.jpg\" alt=\"Sai's Apotheke &amp; Klinik Sairee\" width=\"1000\" height=\"678\" srcset=\"https:\/\/www.blackturtledive.com\/wp-content\/uploads\/2020\/12\/blackturtledive.com-sais-medical-centre-sairee-koh-tao.jpg 1000w, https:\/\/www.blackturtledive.com\/wp-content\/uploads\/2020\/12\/blackturtledive.com-sais-medical-centre-sairee-koh-tao-300x203.jpg 300w, https:\/\/www.blackturtledive.com\/wp-content\/uploads\/2020\/12\/blackturtledive.com-sais-medical-centre-sairee-koh-tao-768x521.jpg 768w, https:\/\/www.blackturtledive.com\/wp-content\/uploads\/2020\/12\/blackturtledive.com-sais-medical-centre-sairee-koh-tao-150x102.jpg 150w\" sizes=\"(max-width: 1000px) 100vw, 1000px\" \/><figcaption id=\"caption-attachment-2898\" class=\"wp-caption-text\">Sai&#8217;s Apotheke &amp; Klinik Sairee<\/figcaption><\/figure>\n<h3>Sai\u2019s Apotheke &amp; Klinik Koh Tao<\/h3>\n<p>Wenn Sie in Sairee wohnen, ist Sai\u2019s Apotheke &amp; Klinik eine seri\u00f6se Klinik, die sowohl bei Einheimischen als auch bei Touristen ein vertrauensw\u00fcrdiger Ansprechpartner ist.<\/p>\n<p>Die vor \u00fcber 20 Jahren gegr\u00fcndete Sai\u2019s Apotheke &amp; Klinik bietet kostenlose Gesundheitsberatungen, kompetente Ratschl\u00e4ge zu fairen und ehrlichen Preisen an.<\/p>\n<h3><span style=\"color: #28d4ff;\">Medizinische Dienste in Sairee Koh Tao<\/span><\/h3>\n<p>Die Klinik bietet Notfall Erste Hilfe und medizinische Versorgung sowie die Pflege von Verletzungen, Krankheiten und tropischen Erkrankungen.<\/p>\n<p>P\u2019Sai verf\u00fcgt zudem \u00fcber umfangreiche Erfahrungen in der Diagnose und Behandlung von <a href=\"https:\/\/www.blackturtledive.com\/about-us\/dive-insurance\/\">tauchbedingten Verletzungen<\/a>, wie zum Beispiel Entz\u00fcndungen und Infektionen der Ohren und Nebenh\u00f6hlen.<\/p>\n<figure id=\"attachment_2900\" aria-describedby=\"caption-attachment-2900\" style=\"width: 1000px\" class=\"wp-caption alignnone\"><img decoding=\"async\" class=\"size-full wp-image-2900\" src=\"https:\/\/www.blackturtledive.com\/wp-content\/uploads\/2020\/12\/blackturtledive.com-emergency-rescue-koh-tao.jpg\" alt=\"Koh Tao Rettung - EMS\" width=\"1000\" height=\"661\" srcset=\"https:\/\/www.blackturtledive.com\/wp-content\/uploads\/2020\/12\/blackturtledive.com-emergency-rescue-koh-tao.jpg 1000w, https:\/\/www.blackturtledive.com\/wp-content\/uploads\/2020\/12\/blackturtledive.com-emergency-rescue-koh-tao-300x198.jpg 300w, https:\/\/www.blackturtledive.com\/wp-content\/uploads\/2020\/12\/blackturtledive.com-emergency-rescue-koh-tao-768x508.jpg 768w, https:\/\/www.blackturtledive.com\/wp-content\/uploads\/2020\/12\/blackturtledive.com-emergency-rescue-koh-tao-150x99.jpg 150w\" sizes=\"(max-width: 1000px) 100vw, 1000px\" \/><figcaption id=\"caption-attachment-2900\" class=\"wp-caption-text\">Koh Tao Rettung &#8211; EMS<\/figcaption><\/figure>\n<h3>Koh Tao Rescue &#8211; Notfall-Ersthelfer<\/h3>\n<p>Koh Tao Rescue ist eine gemeinn\u00fctzige Stiftung, die aus einem Team medizinisch ausgebildeter Freiwilliger und anderem Unterst\u00fctzungspersonal von der Insel besteht.<\/p>\n<p>Das Team bietet einen Ersthilfe-Service f\u00fcr medizinische Notf\u00e4lle, die auf Koh Tao auftreten.<\/p>\n<p><span style=\"color: #28d4ff;\">Koh Tao Rescue<\/span> wird oft als erstes am Einsatzort sein, wo sie die Erstversorgung leisten, bevor der Patient in eine medizinische Klinik oder ein Krankenhaus \u00fcberwiesen wird.<\/p>\n<h3><span style=\"color: #28d4ff;\">Medizinisches Ersthelferteam Koh Tao<\/span><\/h3>\n<p>Koh Tao Rescue organisiert auch die Evakuierung von Patienten zu Krankenh\u00e4usern auf anderen Inseln.<\/p>\n<p>Das B\u00fcro befindet sich hinter dem <span style=\"color: #28d4ff;\">Rathaus der Unterbezirksverwaltung<\/span> in <span style=\"color: #28d4ff;\">Chalok Baan Kao<\/span>, nahe der Polizei.<\/p>\n<p>Egal, welche medizinischen Bed\u00fcrfnisse Sie haben, Koh Tao verf\u00fcgt \u00fcber die Infrastruktur und Ressourcen, um entweder das medizinische Problem vor Ort zu l\u00f6sen oder den Fall an die notwendigen Einrichtungen auf dem Festland oder nach Koh Samui zu \u00fcbergeben.<\/p>\n<p><a class=\"fasc-button fasc-size-large fasc-type-flat\" style=\"background-color: #33809e; color: #ffffff;\" href=\"https:\/\/www.blackturtledive.com\/contact-us\/\">KONTAKT<\/a>[\/vc_column_text][\/vc_column][\/vc_row]<\/p>\n<\/div>","protected":false},"excerpt":{"rendered":"<p>Koh Tao verf\u00fcgt \u00fcber ein eigenes Krankenhaus und eine Auswahl an privaten medizinischen Einrichtungen, die sowohl der lokalen Bev\u00f6lkerung als auch den Besuchern der Insel zur Verf\u00fcgung stehen. Bei kurzen Reisen k\u00f6nnen Sie den Arzt des Krankenhauses auf Koh Tao aufsuchen und sich im Notfall Medikamente verschreiben lassen. Auch die Privatkliniken auf der Insel bieten umfangreiche Behandlungen an, die von einer Reisekrankenversicherung abgedeckt werden k\u00f6nnen.<\/p>\n","protected":false},"author":2,"featured_media":17945,"parent":18659,"menu_order":0,"comment_status":"closed","ping_status":"closed","template":"","meta":{"_acf_changed":false,"footnotes":""},"class_list":["post-18653","page","type-page","status-publish","has-post-thumbnail","hentry"],"acf":[],"yoast_head":"<!-- This site is optimized with the Yoast SEO Premium plugin v27.6 (Yoast SEO v27.6) - https:\/\/yoast.com\/product\/yoast-seo-premium-wordpress\/ -->\n<title>Medizinische Dienste auf Koh Tao | Black Turtle Dive<\/title>\n<meta name=\"description\" content=\"Koh Tao verf\u00fcgt \u00fcber ein Krankenhaus und private Kliniken, die sowohl der lokalen Bev\u00f6lkerung als auch den Besuchern der Insel medizinische Leistungen anbieten und durch eine Reisekrankenversicherung abgedeckt sind.\" \/>\n<meta name=\"robots\" content=\"index, follow, max-snippet:-1, max-image-preview:large, max-video-preview:-1\" \/>\n<link rel=\"canonical\" href=\"https:\/\/www.blackturtledive.com\/de\/koh-tao\/medical-services\/\" \/>\n<meta property=\"og:locale\" content=\"de_DE\" \/>\n<meta property=\"og:type\" content=\"article\" \/>\n<meta property=\"og:title\" content=\"Medical Services Koh Tao | Black Turtle Dive\" \/>\n<meta property=\"og:description\" content=\"Koh Tao has hospital and private medical clinics offering services to the local community and visitors to the island and is covered by travel health insurance\" \/>\n<meta property=\"og:url\" content=\"https:\/\/www.blackturtledive.com\/de\/koh-tao\/medical-services\/\" \/>\n<meta property=\"og:site_name\" content=\"Black Turtle Dive Koh Tao\" \/>\n<meta property=\"article:publisher\" content=\"https:\/\/www.facebook.com\/blackturtledive\" \/>\n<meta property=\"article:modified_time\" content=\"2026-05-05T14:24:29+00:00\" \/>\n<meta property=\"og:image\" content=\"https:\/\/www.blackturtledive.com\/wp-content\/uploads\/2020\/11\/blackturtledive.com-best-padi-divemaster-course-koh-tao.jpg\" \/>\n\t<meta property=\"og:image:width\" content=\"1200\" \/>\n\t<meta property=\"og:image:height\" content=\"800\" \/>\n\t<meta property=\"og:image:type\" content=\"image\/jpeg\" \/>\n<meta name=\"twitter:card\" content=\"summary_large_image\" \/>\n<meta name=\"twitter:title\" content=\"Medical Services Koh Tao | Black Turtle Dive\" \/>\n<meta name=\"twitter:description\" content=\"Koh Tao has hospital and private medical clinics offering services to the local community and visitors to the island and is covered by travel health insurance\" \/>\n<meta name=\"twitter:image\" content=\"https:\/\/www.blackturtledive.com\/wp-content\/uploads\/2020\/11\/blackturtledive.com-best-padi-divemaster-course-koh-tao.jpg\" \/>\n<meta name=\"twitter:site\" content=\"@blackturtledive\" \/>\n<meta name=\"twitter:label1\" content=\"Gesch\u00e4tzte Lesezeit\" \/>\n\t<meta name=\"twitter:data1\" content=\"6\u00a0Minuten\" \/>\n<!-- \/ Yoast SEO Premium plugin. -->","yoast_head_json":{"title":"Medizinische Dienste auf Koh Tao | Black Turtle Dive","description":"Koh Tao verf\u00fcgt \u00fcber ein Krankenhaus und private Kliniken, die sowohl der lokalen Bev\u00f6lkerung als auch den Besuchern der Insel medizinische Leistungen anbieten und durch eine Reisekrankenversicherung abgedeckt sind.","robots":{"index":"index","follow":"follow","max-snippet":"max-snippet:-1","max-image-preview":"max-image-preview:large","max-video-preview":"max-video-preview:-1"},"canonical":"https:\/\/www.blackturtledive.com\/de\/koh-tao\/medical-services\/","og_locale":"de_DE","og_type":"article","og_title":"Medical Services Koh Tao | Black Turtle Dive","og_description":"Koh Tao has hospital and private medical clinics offering services to the local community and visitors to the island and is covered by travel health insurance","og_url":"https:\/\/www.blackturtledive.com\/de\/koh-tao\/medical-services\/","og_site_name":"Black Turtle Dive Koh Tao","article_publisher":"https:\/\/www.facebook.com\/blackturtledive","article_modified_time":"2026-05-05T14:24:29+00:00","og_image":[{"width":1200,"height":800,"url":"https:\/\/www.blackturtledive.com\/wp-content\/uploads\/2020\/11\/blackturtledive.com-best-padi-divemaster-course-koh-tao.jpg","type":"image\/jpeg"}],"twitter_card":"summary_large_image","twitter_title":"Medical Services Koh Tao | Black Turtle Dive","twitter_description":"Koh Tao has hospital and private medical clinics offering services to the local community and visitors to the island and is covered by travel health insurance","twitter_image":"https:\/\/www.blackturtledive.com\/wp-content\/uploads\/2020\/11\/blackturtledive.com-best-padi-divemaster-course-koh-tao.jpg","twitter_site":"@blackturtledive","twitter_misc":{"Gesch\u00e4tzte Lesezeit":"6\u00a0Minuten"},"schema":{"@context":"https:\/\/schema.org","@graph":[{"@type":"WebPage","@id":"https:\/\/www.blackturtledive.com\/de\/koh-tao\/medical-services\/","url":"https:\/\/www.blackturtledive.com\/de\/koh-tao\/medical-services\/","name":"Medizinische Dienste auf Koh Tao | Black Turtle Dive","isPartOf":{"@id":"https:\/\/www.blackturtledive.com\/de\/#website"},"primaryImageOfPage":{"@id":"https:\/\/www.blackturtledive.com\/de\/koh-tao\/medical-services\/#primaryimage"},"image":{"@id":"https:\/\/www.blackturtledive.com\/de\/koh-tao\/medical-services\/#primaryimage"},"thumbnailUrl":"https:\/\/www.blackturtledive.com\/wp-content\/uploads\/2020\/11\/blackturtledive.com-medical-centre-on-koh-tao.jpg","datePublished":"2020-09-19T16:10:11+00:00","dateModified":"2026-05-05T14:24:29+00:00","description":"Koh Tao verf\u00fcgt \u00fcber ein Krankenhaus und private Kliniken, die sowohl der lokalen Bev\u00f6lkerung als auch den Besuchern der Insel medizinische Leistungen anbieten und durch eine Reisekrankenversicherung abgedeckt sind.","breadcrumb":{"@id":"https:\/\/www.blackturtledive.com\/de\/koh-tao\/medical-services\/#breadcrumb"},"inLanguage":"de","potentialAction":[{"@type":"ReadAction","target":["https:\/\/www.blackturtledive.com\/de\/koh-tao\/medical-services\/"]}]},{"@type":"ImageObject","inLanguage":"de","@id":"https:\/\/www.blackturtledive.com\/de\/koh-tao\/medical-services\/#primaryimage","url":"https:\/\/www.blackturtledive.com\/wp-content\/uploads\/2020\/11\/blackturtledive.com-medical-centre-on-koh-tao.jpg","contentUrl":"https:\/\/www.blackturtledive.com\/wp-content\/uploads\/2020\/11\/blackturtledive.com-medical-centre-on-koh-tao.jpg","width":1100,"height":670,"caption":"Koh Tao Hospital & Private Medical Services"},{"@type":"BreadcrumbList","@id":"https:\/\/www.blackturtledive.com\/de\/koh-tao\/medical-services\/#breadcrumb","itemListElement":[{"@type":"ListItem","position":1,"name":"Home","item":"https:\/\/www.blackturtledive.com\/de\/"},{"@type":"ListItem","position":2,"name":"Koh Tao","item":"https:\/\/www.blackturtledive.com\/de\/koh-tao\/"},{"@type":"ListItem","position":3,"name":"Gesundheitsversorgung"}]},{"@type":"WebSite","@id":"https:\/\/www.blackturtledive.com\/de\/#website","url":"https:\/\/www.blackturtledive.com\/de\/","name":"Black Turtle Dive Koh Tao","description":"Ocean Explorers | Marine Protectors","publisher":{"@id":"https:\/\/www.blackturtledive.com\/de\/#organization"},"alternateName":"Black Turtle Dive in Thailand","potentialAction":[{"@type":"SearchAction","target":{"@type":"EntryPoint","urlTemplate":"https:\/\/www.blackturtledive.com\/de\/?s={search_term_string}"},"query-input":{"@type":"PropertyValueSpecification","valueRequired":true,"valueName":"search_term_string"}}],"inLanguage":"de"},{"@type":"Organization","@id":"https:\/\/www.blackturtledive.com\/de\/#organization","name":"Black Turtle Dive Koh Tao","alternateName":"Black Turtle Dive","url":"https:\/\/www.blackturtledive.com\/de\/","logo":{"@type":"ImageObject","inLanguage":"de","@id":"https:\/\/www.blackturtledive.com\/de\/#\/schema\/logo\/image\/","url":"https:\/\/www.blackturtledive.com\/wp-content\/uploads\/2020\/11\/cropped-blackturtledive.com-brand-logo.png","contentUrl":"https:\/\/www.blackturtledive.com\/wp-content\/uploads\/2020\/11\/cropped-blackturtledive.com-brand-logo.png","width":400,"height":400,"caption":"Black Turtle Dive Koh Tao"},"image":{"@id":"https:\/\/www.blackturtledive.com\/de\/#\/schema\/logo\/image\/"},"sameAs":["https:\/\/www.facebook.com\/blackturtledive","https:\/\/x.com\/blackturtledive","https:\/\/www.instagram.com\/blackturtledive\/","https:\/\/www.youtube.com\/blackturtledive","https:\/\/www.linkedin.com\/company\/blackturtledive\/","https:\/\/www.tumblr.com\/blackturtledive","https:\/\/www.pinterest.com\/blackturtledive\/","https:\/\/www.tiktok.com\/@blackturtledive","https:\/\/www.reddit.com\/user\/blackturtledive\/"],"description":"Black Turtle Dive is a modern and innovative 5 Star Career Development Scuba Diving Center, passionate about the ocean and through training we want to empower you to become a competent and confident scuba diver. Our diving courses equip you with the skills, knowledge and awareness necessary to explore the ocean safely, whilst becoming a passionate advocate and protector of the marine environment. If you have never dived before or are a certified diver and want to develop your skills further, our tailored, bespoke courses and programs will inspire you to become an Ocean advocate. Our scientific based Marine Conservation Internships and training programs, offer aspiring scuba divers and marine conservationists, the best marine conservation internships on Koh Tao. We currently offer students six levels of Marine Conservation Internships at our beachside location on Koh Tao in Thailand. Check out our website for more information.","email":"info@blackturtledive.com","telephone":"089 592 2134","legalName":"Black Turtle Dive Co Ltd","foundingDate":"2020-01-01","publishingPrinciples":"https:\/\/www.blackturtledive.com\/terms\/","ownershipFundingInfo":"https:\/\/www.blackturtledive.com\/terms\/","actionableFeedbackPolicy":"https:\/\/www.blackturtledive.com\/privacy-policy\/","correctionsPolicy":"https:\/\/www.blackturtledive.com\/privacy-policy\/","ethicsPolicy":"https:\/\/www.blackturtledive.com\/privacy-policy\/","diversityPolicy":"https:\/\/www.blackturtledive.com\/privacy-policy\/"}]}},"_links":{"self":[{"href":"https:\/\/www.blackturtledive.com\/de\/wp-json\/wp\/v2\/pages\/18653","targetHints":{"allow":["GET"]}}],"collection":[{"href":"https:\/\/www.blackturtledive.com\/de\/wp-json\/wp\/v2\/pages"}],"about":[{"href":"https:\/\/www.blackturtledive.com\/de\/wp-json\/wp\/v2\/types\/page"}],"author":[{"embeddable":true,"href":"https:\/\/www.blackturtledive.com\/de\/wp-json\/wp\/v2\/users\/2"}],"replies":[{"embeddable":true,"href":"https:\/\/www.blackturtledive.com\/de\/wp-json\/wp\/v2\/comments?post=18653"}],"version-history":[{"count":1,"href":"https:\/\/www.blackturtledive.com\/de\/wp-json\/wp\/v2\/pages\/18653\/revisions"}],"predecessor-version":[{"id":70890,"href":"https:\/\/www.blackturtledive.com\/de\/wp-json\/wp\/v2\/pages\/18653\/revisions\/70890"}],"up":[{"embeddable":true,"href":"https:\/\/www.blackturtledive.com\/de\/wp-json\/wp\/v2\/pages\/18659"}],"wp:featuredmedia":[{"embeddable":true,"href":"https:\/\/www.blackturtledive.com\/de\/wp-json\/wp\/v2\/media\/17945"}],"wp:attachment":[{"href":"https:\/\/www.blackturtledive.com\/de\/wp-json\/wp\/v2\/media?parent=18653"}],"curies":[{"name":"wp","href":"https:\/\/api.w.org\/{rel}","templated":true}]}}