{"id":18654,"date":"2020-09-19T23:09:37","date_gmt":"2020-09-19T16:09:37","guid":{"rendered":"https:\/\/www.blackturtledive.com\/accommodation\/"},"modified":"2026-05-05T21:24:30","modified_gmt":"2026-05-05T14:24:30","slug":"accommodation","status":"publish","type":"page","link":"https:\/\/www.blackturtledive.com\/de\/koh-tao\/accommodation\/","title":{"rendered":"Unterk\u00fcnfte"},"content":{"rendered":"<div class=\"wpb-content-wrapper\"><p>[vc_row][vc_column][vc_column_text css=&#8220;&#8220;]Das Unterkunftsangebot auf Koh Tao reicht von preisg\u00fcnstigen Backpacker-Hostels und Tauchresorts bis hin zu luxuri\u00f6sen Villen auf den H\u00fcgeln mit Panoramablick auf den Sonnenuntergang.<\/p>\n<p>Die meisten Reisenden w\u00e4hlen zwischen dem lebhaften Strand von Sairee, dem verkehrsg\u00fcnstigen Zentrum von Mae Haad oder den ruhigen, abgeschiedenen Resorts von Chalok Baan Kao und den Buchten an der Ostk\u00fcste.<\/p>\n<p>Viele Tauchzentren, darunter Black Turtle Dive, bieten kombinierte \u00dcbernachtungs- und Tauchpakete an, die verg\u00fcnstigte Unterk\u00fcnfte in umweltbewussten Resorts beinhalten, die nur wenige Gehminuten vom Pier entfernt liegen.<\/p>\n<h3><span style=\"color: #28d4ff;\">Tauchen mit Unterkunft auf Koh Tao<\/span><\/h3>\n<p>Koh Tao hat sich den Anforderungen <a href=\"https:\/\/www.blackturtledive.com\/koh-tao\/how-to-get-to-koh-tao\/\">moderner Reisender<\/a> angepasst und bietet eine breite und vielf\u00e4ltige Auswahl an hervorragenden Unterk\u00fcnften f\u00fcr jedes Budget und jeden Geschmack.<\/p>\n<p>Wenn Sie mit uns <a href=\"https:\/\/www.blackturtledive.com\/\">tauchen<\/a>, haben wir eine Auswahl an Unterk\u00fcnften, die sich alle in kurzer Entfernung zum <a href=\"https:\/\/www.blackturtledive.com\/padi-diving-courses\/\">Tauchzentrum<\/a> befinden.<\/p>\n<figure id=\"attachment_2751\" aria-describedby=\"caption-attachment-2751\" style=\"width: 1000px\" class=\"wp-caption alignnone\"><img decoding=\"async\" class=\"size-full wp-image-2751\" src=\"https:\/\/www.blackturtledive.com\/wp-content\/uploads\/2020\/12\/blackturtledive.com-ananda-villa-beach-hotel-koh-tao-thailand.jpg\" alt=\"Strandunterkunft Koh Tao\" width=\"1000\" height=\"668\" srcset=\"https:\/\/www.blackturtledive.com\/wp-content\/uploads\/2020\/12\/blackturtledive.com-ananda-villa-beach-hotel-koh-tao-thailand.jpg 1000w, https:\/\/www.blackturtledive.com\/wp-content\/uploads\/2020\/12\/blackturtledive.com-ananda-villa-beach-hotel-koh-tao-thailand-300x200.jpg 300w, https:\/\/www.blackturtledive.com\/wp-content\/uploads\/2020\/12\/blackturtledive.com-ananda-villa-beach-hotel-koh-tao-thailand-768x513.jpg 768w, https:\/\/www.blackturtledive.com\/wp-content\/uploads\/2020\/12\/blackturtledive.com-ananda-villa-beach-hotel-koh-tao-thailand-150x100.jpg 150w\" sizes=\"(max-width: 1000px) 100vw, 1000px\" \/><figcaption id=\"caption-attachment-2751\" class=\"wp-caption-text\">Strandunterkunft auf Koh Tao<\/figcaption><\/figure>\n<h3>The Loft Hostel &#8211; Budget Schlafs\u00e4le<\/h3>\n<p>Ein neues, modernes Hostel, The Loft, liegt zentral, nur eine Minute zu Fu\u00df vom Hauptpier entfernt.<\/p>\n<p>Das Hostel bietet klimatisierte und ventilatorbetriebene Schlafs\u00e4le mit Warmwasserduschen und ist perfekt f\u00fcr den budgetbewussten Alleinreisenden.<\/p>\n<p>Die <span style=\"color: #28d4ff;\"><em>Loft-Bar<\/em><\/span> ist ein beliebter und geselliger Ort zum Treffen und hat von Mittag bis Mitternacht ge\u00f6ffnet. Hier gibt es gro\u00dfartige Cocktails, kaltes Bier und eine Auswahl an Speisen aus der eigenen K\u00fcche.<\/p>\n<h3><span style=\"color: #28d4ff;\">Hostel Unterk\u00fcnfte Koh Tao<\/span><\/h3>\n<p>Kostenloses WLAN steht im gesamten Hostel zur Verf\u00fcgung, und es gibt eine hervorragende Dachterrasse mit Meerblick.<\/p>\n<p>Das Hostel bietet einen gem\u00fctlichen Gemeinschaftsbereich im Erdgeschoss, in dem Sie mit anderen Reisenden sozialieren, entspannen und ein Buch lesen oder sich online mit Freunden austauschen k\u00f6nnen.<\/p>\n<p>Mit freundlichem Personal, einem leckeren Fr\u00fchst\u00fcck und einer zentralen Lage ist dieser Ort ein gutes Preis-Leistungs-Verh\u00e4ltnis im <em><span style=\"color: #28d4ff;\">Budgetbereich<\/span><\/em> der Unterk\u00fcnfte.<\/p>\n<figure id=\"attachment_2837\" aria-describedby=\"caption-attachment-2837\" style=\"width: 1000px\" class=\"wp-caption alignnone\"><img decoding=\"async\" class=\"size-full wp-image-2837\" src=\"https:\/\/www.blackturtledive.com\/wp-content\/uploads\/2020\/12\/blackturtledive.com-accommodation-on-beach-koh-tao.jpg\" alt=\"Strandunterkunft Mae Haad\" width=\"1000\" height=\"668\" srcset=\"https:\/\/www.blackturtledive.com\/wp-content\/uploads\/2020\/12\/blackturtledive.com-accommodation-on-beach-koh-tao.jpg 1000w, https:\/\/www.blackturtledive.com\/wp-content\/uploads\/2020\/12\/blackturtledive.com-accommodation-on-beach-koh-tao-300x200.jpg 300w, https:\/\/www.blackturtledive.com\/wp-content\/uploads\/2020\/12\/blackturtledive.com-accommodation-on-beach-koh-tao-768x513.jpg 768w, https:\/\/www.blackturtledive.com\/wp-content\/uploads\/2020\/12\/blackturtledive.com-accommodation-on-beach-koh-tao-150x100.jpg 150w\" sizes=\"(max-width: 1000px) 100vw, 1000px\" \/><figcaption id=\"caption-attachment-2837\" class=\"wp-caption-text\">Strandunterkunft Mae Haad<\/figcaption><\/figure>\n<h3>Ananda Villa Koh Tao &#8211; Strandhotel &#8211; 16 Zimmer<strong>&nbsp;<\/strong><\/h3>\n<p>Dieses kleine Boutique-Hotel im franz\u00f6sischen Kolonialstil mit 16 Zimmern liegt am Ende des n\u00f6rdlichen Teils des <a href=\"https:\/\/www.thefunkyturtle.com\/koh-tao\/beaches\/mae-haad-beach\/\" target=\"_blank\" rel=\"noopener\">Mae Haad-Strandes<\/a>.<\/p>\n<p>Ein familiengef\u00fchrtes und -besessenes Hotel bietet diese Unterkunft der Mittelklasse mit Klimaanlage und ein ausgezeichnetes Ma\u00df an Kundenservice, freundlich und sehr einladend.<\/p>\n<h3><span style=\"color: #28d4ff;\">Koh Tao Hotel Unterk\u00fcnfte<\/span><\/h3>\n<p>Es gibt einen sicheren Schwimmbereich im Meer direkt vor dem Hotel, der Strand ist sauber mit weichem, wei\u00dfen Sand, und es stehen Liegen zur Verf\u00fcgung.<\/p>\n<p>Das <a href=\"https:\/\/www.anandavilla.com\/\" target=\"_blank\" rel=\"noopener\">Ananda Villa<\/a> Boutique-Hotel hat zwei Restaurants vor Ort, die sowohl die lokale Gemeinschaft als auch internationale Reisende mit einem abwechslungsreichen und geschmackvollen Men\u00fc bedienen.<\/p>\n<p><a href=\"https:\/\/www.breezekohtao.com\/\" target=\"_blank\" rel=\"noopener\">Breeze Koh Tao<\/a> bietet eine Strandterrasse mit einem hochwertigen internationalen Men\u00fc, gro\u00dfartigen Cocktails und ist ein sehr <a href=\"https:\/\/www.blackturtledive.com\/koh-tao\/weather\/\">beliebtes Restaurant f\u00fcr den Sonnenuntergang<\/a> an diesem Ende des Strandes.<\/p>\n<figure id=\"attachment_1262\" aria-describedby=\"caption-attachment-1262\" style=\"width: 1200px\" class=\"wp-caption alignnone\"><img decoding=\"async\" class=\"size-full wp-image-1262\" src=\"https:\/\/www.blackturtledive.com\/wp-content\/uploads\/2020\/11\/blackturtledive.com-breeze-koh-tao-restaurant-on-beach.jpg\" alt=\"Strandrestaurant Breeze Koh Tao\" width=\"1200\" height=\"628\" srcset=\"https:\/\/www.blackturtledive.com\/wp-content\/uploads\/2020\/11\/blackturtledive.com-breeze-koh-tao-restaurant-on-beach.jpg 1200w, https:\/\/www.blackturtledive.com\/wp-content\/uploads\/2020\/11\/blackturtledive.com-breeze-koh-tao-restaurant-on-beach-300x157.jpg 300w, https:\/\/www.blackturtledive.com\/wp-content\/uploads\/2020\/11\/blackturtledive.com-breeze-koh-tao-restaurant-on-beach-1024x536.jpg 1024w, https:\/\/www.blackturtledive.com\/wp-content\/uploads\/2020\/11\/blackturtledive.com-breeze-koh-tao-restaurant-on-beach-768x402.jpg 768w, https:\/\/www.blackturtledive.com\/wp-content\/uploads\/2020\/11\/blackturtledive.com-breeze-koh-tao-restaurant-on-beach-150x79.jpg 150w, https:\/\/www.blackturtledive.com\/wp-content\/uploads\/2020\/11\/blackturtledive.com-breeze-koh-tao-restaurant-on-beach-450x236.jpg 450w\" sizes=\"(max-width: 1200px) 100vw, 1200px\" \/><figcaption id=\"caption-attachment-1262\" class=\"wp-caption-text\">Strandrestaurant Breeze Koh Tao<\/figcaption><\/figure>\n<h3><span style=\"color: #28d4ff;\">Restaurants auf Koh Tao<\/span><\/h3>\n<p>Das Pranees Kitchen Thai Restaurant ist eines der \u00e4ltesten und beliebtesten Restaurants auf<a href=\"https:\/\/www.blackturtledive.com\/koh-tao\/\"> Koh Tao<\/a>, das authentische thail\u00e4ndische K\u00fcche mit einem Fokus auf das traditionelle Kochen im s\u00fcdtai-ischen Stil anbietet.<\/p>\n<p><em><span style=\"color: #28d4ff;\">Pranees Kitchen<\/span><\/em> ist bekannt f\u00fcr seine Massaman-Currys und Pad Thai, sowohl lokal als auch international, und ist ein Restaurant, das man beim Besuch von Koh Tao unbedingt besuchen sollte.<\/p>\n<p>Die Ananda Villa bietet einen zuverl\u00e4ssigen und vertrauensw\u00fcrdigen t\u00e4glichen und w\u00f6chentlichen <em><span style=\"color: #28d4ff;\">Scooter-Verleih<\/span><\/em>, hat einen Reiseschalter an der Rezeption f\u00fcr die Buchung von Tickets, betreibt einen Taxiservice, einen hauseigenen W\u00e4scheservice, internationales Fernsehen und schnelles WLAN.<\/p>\n<p>Es gibt auch freistehende Bungalows mit Gartenblick, die nur 50 Meter vom Strand entfernt sind und eine g\u00fcnstigere Alternative zu den klimatisierten Superior-Zimmern am Strand bieten.<\/p>\n<figure id=\"attachment_2841\" aria-describedby=\"caption-attachment-2841\" style=\"width: 1000px\" class=\"wp-caption alignnone\"><img decoding=\"async\" class=\"size-full wp-image-2841\" src=\"https:\/\/www.blackturtledive.com\/wp-content\/uploads\/2020\/12\/blackturtledive.com-pranees-kitchen-thai-restaurant-koh-tao.jpg\" alt=\"Pranees Kitchen Thai Restaurant\" width=\"1000\" height=\"667\" srcset=\"https:\/\/www.blackturtledive.com\/wp-content\/uploads\/2020\/12\/blackturtledive.com-pranees-kitchen-thai-restaurant-koh-tao.jpg 1000w, https:\/\/www.blackturtledive.com\/wp-content\/uploads\/2020\/12\/blackturtledive.com-pranees-kitchen-thai-restaurant-koh-tao-300x200.jpg 300w, https:\/\/www.blackturtledive.com\/wp-content\/uploads\/2020\/12\/blackturtledive.com-pranees-kitchen-thai-restaurant-koh-tao-768x512.jpg 768w, https:\/\/www.blackturtledive.com\/wp-content\/uploads\/2020\/12\/blackturtledive.com-pranees-kitchen-thai-restaurant-koh-tao-150x100.jpg 150w\" sizes=\"(max-width: 1000px) 100vw, 1000px\" \/><figcaption id=\"caption-attachment-2841\" class=\"wp-caption-text\">Pranees Kitchen Thai Restaurant<\/figcaption><\/figure>\n<h3>Montra Resort &#8211; 60 Zimmer<\/h3>\n<p>Ein weiteres Strandhotel, das Montra, bietet eine Kombination aus ger\u00e4umigen, h\u00f6herwertigen Strandvillen und Familiensuiten neben Standardzimmern (Deluxe &amp; Superior) in einer gestalteten Gartenlandschaft.<\/p>\n<p>Das Hotel ist ein Mittelklasse-Strandhotel und verf\u00fcgt \u00fcber einen gro\u00dfen Swimmingpool als Mittelpunkt des Resorts mit einem Poolside <a href=\"https:\/\/www.blackturtledive.com\/koh-tao\/food-drink\/\">Restaurant und einer Bar<\/a>.<\/p>\n<p>Es liegt an einem ruhigen, friedlichen und <a href=\"https:\/\/www.blackturtledive.com\/koh-tao\/beaches\/\">sauberen Strandabschnitt<\/a> mit weichem wei\u00dfen Sand und einfachem Zugang zum Meer, der Bereich ist ideal zum Sonnenbaden, Schwimmen oder Schnorcheln.<strong>&nbsp;<\/strong><\/p>\n<h3>Koh Tao Beach Club Resort &#8211; 36 Zimmer<\/h3>\n<p>Koh Tao Beach Club befindet sich am Ende des n\u00f6rdlichen Abschnitts des Mae Haad-Strandes, wo die Bucht endet und die Felsen anfangen, die Mae Haad und Sairee trennen.<\/p>\n<p>Die Resort-Unterk\u00fcnfte sind von hoher bis mittlerer Preisklasse und es gibt fast einen exklusiven Privatstrand, einen der besten Strandausschnitte der Insel.<\/p>\n<p>Rund um diese Gegend ist es <a href=\"https:\/\/www.blackturtledive.com\/experience-programs\/snorkel-koh-tao\/\">gut zum Schnorcheln<\/a> mit vielen <a href=\"https:\/\/www.blackturtledive.com\/koh-tao-marine-life\/\">Meereslebewesen<\/a>, sowohl am <a href=\"https:\/\/www.blackturtledive.com\/conservation\/marine-conservation-courses\/coral-reef-conservation-diver\/\">Korallenriff<\/a> als auch rund um die felsige Landzunge.<\/p>\n<h3><span style=\"color: #28d4ff;\">Unterk\u00fcnfte am Nord-Mae Haad-Strand Koh Tao<\/span><\/h3>\n<p>Da sich das Beach Club Resort am Ende der Bucht befindet, gibt es nur wenig Bootverkehr in der Umgebung, sodass es sowohl sicher als auch gut zum Schnorcheln ist.<\/p>\n<p>Das Beach Club Resort bietet eine Reihe von freistehenden <em><span style=\"color: #28d4ff;\">Chalets in Strandlage<\/span><\/em>, darunter mehrere mit Tauchbecken mit Blick auf den Strand.<\/p>\n<p>Die restlichen Zimmer des Resorts sind Pool-Seit Zimmer, zweist\u00f6ckig und rund um einen Swimmingpool in der Mitte des Resorts nahe der Rezeption gebaut.<\/p>\n<figure id=\"attachment_2843\" aria-describedby=\"caption-attachment-2843\" style=\"width: 1000px\" class=\"wp-caption alignnone\"><img decoding=\"async\" class=\"size-full wp-image-2843\" src=\"https:\/\/www.blackturtledive.com\/wp-content\/uploads\/2020\/12\/blackturtledive.com-accommodation-ac-rooms-on-koh-tao.jpg\" alt=\"Ananda Villa Meerblick AC Zimmer Koh Tao\" width=\"1000\" height=\"667\" srcset=\"https:\/\/www.blackturtledive.com\/wp-content\/uploads\/2020\/12\/blackturtledive.com-accommodation-ac-rooms-on-koh-tao.jpg 1000w, https:\/\/www.blackturtledive.com\/wp-content\/uploads\/2020\/12\/blackturtledive.com-accommodation-ac-rooms-on-koh-tao-300x200.jpg 300w, https:\/\/www.blackturtledive.com\/wp-content\/uploads\/2020\/12\/blackturtledive.com-accommodation-ac-rooms-on-koh-tao-768x512.jpg 768w, https:\/\/www.blackturtledive.com\/wp-content\/uploads\/2020\/12\/blackturtledive.com-accommodation-ac-rooms-on-koh-tao-150x100.jpg 150w\" sizes=\"(max-width: 1000px) 100vw, 1000px\" \/><figcaption id=\"caption-attachment-2843\" class=\"wp-caption-text\">Ananda Villa Meerblick AC Zimmer Koh Tao<\/figcaption><\/figure>\n<h3>Sensi Paradise Resort &#8211; 100 Zimmer<\/h3>\n<p>Das Sensi Paradise Resort ist ein Strandresort im mittleren bis h\u00f6heren Preissegment, das ruhig ist und sich perfekt in die nat\u00fcrliche Sch\u00f6nheit der Umgebung einf\u00fcgt.<\/p>\n<p>Das Resort bietet traditionelle <em><span style=\"color: #28d4ff;\">thail\u00e4ndische Holzh\u00fctten am Strand<\/span><\/em>, die sich vom Strand zur\u00fcckziehen und verborgen in einem gro\u00dfen, landschaftlich gestalteten Garten voller B\u00e4ume und Pflanzen liegen.<\/p>\n<h3><span style=\"color: #28d4ff;\">Unterk\u00fcnfte am S\u00fcd-Mae Haad-Strand Koh Tao<\/span><\/h3>\n<p>Am s\u00fcdlichen Ende der Mae Haad Bucht gelegen, mit einem ruhigen Strand f\u00fcr sich selbst, bietet ihr Strandrestaurant einen Blick auf den Ozean und serviert k\u00f6stliche thail\u00e4ndische K\u00fcche mit erstklassigem Service.<\/p>\n<p>Es gibt einen sicheren, abgez\u00e4unten Schwimmbereich, um zu verhindern, dass Boote eindringen, der perfekt f\u00fcr ein morgendliches Schwimmen oder Schnorcheln ist. Ein kleines Schiffswrack befindet sich mehrere Meter vom Strand entfernt und hat ein eigenes <a href=\"https:\/\/www.blackturtledive.com\/conservation\/marine-conservation-courses\/\">marines \u00d6kosystem<\/a>.<\/p>\n<p>Wenn Sie ein Schwimmbecken bevorzugen, hat das Sensi Paradise Resort einen gro\u00dfen Pool, der sich hervorragend zum Sonnenbaden, Schwimmen und Entspannen eignet.<\/p>\n<p><a class=\"fasc-button fasc-size-large fasc-type-flat\" style=\"background-color: #33809e; color: #ffffff;\" href=\"https:\/\/www.blackturtledive.com\/contact-us\/\">KONTAKT<\/a>[\/vc_column_text][\/vc_column][\/vc_row]<\/p>\n<\/div>","protected":false},"excerpt":{"rendered":"<p>Wir bieten unseren Tauchkunden auf Koh Tao erstklassige Unterk\u00fcnfte, darunter Bungalows mit Gartenblick oder klimatisierte Superior-Zimmer direkt am Strand mit Taxiservice und sicherem Badebereich. Dar\u00fcber hinaus arbeiten wir mit weiteren hochwertigen Unterk\u00fcnften vor Ort zusammen, darunter Hostels, Hotels und Strandresorts, die alle nur wenige Gehminuten vom Pier und den \u00f6rtlichen Gesch\u00e4ften entfernt liegen.<\/p>\n","protected":false},"author":2,"featured_media":17937,"parent":18659,"menu_order":0,"comment_status":"closed","ping_status":"closed","template":"","meta":{"_acf_changed":false,"footnotes":""},"class_list":["post-18654","page","type-page","status-publish","has-post-thumbnail","hentry"],"acf":[],"yoast_head":"<!-- This site is optimized with the Yoast SEO Premium plugin v27.6 (Yoast SEO v27.6) - https:\/\/yoast.com\/product\/yoast-seo-premium-wordpress\/ -->\n<title>Koh Tao Unterk\u00fcnfte | Black Turtle Dive<\/title>\n<meta name=\"description\" content=\"Wir bieten unseren Tauchkunden auf Koh Tao eine Auswahl an Unterk\u00fcnften, von Bungalows mit Gartenblick bis hin zu klimatisierten Superior-Zimmern am Strand und einem sicheren Badebereich.\" \/>\n<meta name=\"robots\" content=\"index, follow, max-snippet:-1, max-image-preview:large, max-video-preview:-1\" \/>\n<link rel=\"canonical\" href=\"https:\/\/www.blackturtledive.com\/de\/koh-tao\/accommodation\/\" \/>\n<meta property=\"og:locale\" content=\"de_DE\" \/>\n<meta property=\"og:type\" content=\"article\" \/>\n<meta property=\"og:title\" content=\"Accommodation Koh Tao | Black Turtle Dive\" \/>\n<meta property=\"og:description\" content=\"We provide a choice of accommodation on Koh Tao to our scuba diving customers from garden view bungalows or AC superior beachside rooms and safe swimming area\" \/>\n<meta property=\"og:url\" content=\"https:\/\/www.blackturtledive.com\/de\/koh-tao\/accommodation\/\" \/>\n<meta property=\"og:site_name\" content=\"Black Turtle Dive Koh Tao\" \/>\n<meta property=\"article:publisher\" content=\"https:\/\/www.facebook.com\/blackturtledive\" \/>\n<meta property=\"article:modified_time\" content=\"2026-05-05T14:24:30+00:00\" \/>\n<meta property=\"og:image\" content=\"https:\/\/www.blackturtledive.com\/wp-content\/uploads\/2020\/11\/blackturtledive.com-best-padi-divemaster-course-koh-tao.jpg\" \/>\n\t<meta property=\"og:image:width\" content=\"1200\" \/>\n\t<meta property=\"og:image:height\" content=\"800\" \/>\n\t<meta property=\"og:image:type\" content=\"image\/jpeg\" \/>\n<meta name=\"twitter:card\" content=\"summary_large_image\" \/>\n<meta name=\"twitter:title\" content=\"Accommodation Koh Tao | Black Turtle Dive\" \/>\n<meta name=\"twitter:description\" content=\"We provide a choice of accommodation on Koh Tao to our scuba diving customers from garden view bungalows or AC superior beachside rooms and safe swimming area\" \/>\n<meta name=\"twitter:image\" content=\"https:\/\/www.blackturtledive.com\/wp-content\/uploads\/2020\/11\/blackturtledive.com-best-padi-divemaster-course-koh-tao.jpg\" \/>\n<meta name=\"twitter:site\" content=\"@blackturtledive\" \/>\n<meta name=\"twitter:label1\" content=\"Gesch\u00e4tzte Lesezeit\" \/>\n\t<meta name=\"twitter:data1\" content=\"6\u00a0Minuten\" \/>\n<!-- \/ Yoast SEO Premium plugin. -->","yoast_head_json":{"title":"Koh Tao Unterk\u00fcnfte | Black Turtle Dive","description":"Wir bieten unseren Tauchkunden auf Koh Tao eine Auswahl an Unterk\u00fcnften, von Bungalows mit Gartenblick bis hin zu klimatisierten Superior-Zimmern am Strand und einem sicheren Badebereich.","robots":{"index":"index","follow":"follow","max-snippet":"max-snippet:-1","max-image-preview":"max-image-preview:large","max-video-preview":"max-video-preview:-1"},"canonical":"https:\/\/www.blackturtledive.com\/de\/koh-tao\/accommodation\/","og_locale":"de_DE","og_type":"article","og_title":"Accommodation Koh Tao | Black Turtle Dive","og_description":"We provide a choice of accommodation on Koh Tao to our scuba diving customers from garden view bungalows or AC superior beachside rooms and safe swimming area","og_url":"https:\/\/www.blackturtledive.com\/de\/koh-tao\/accommodation\/","og_site_name":"Black Turtle Dive Koh Tao","article_publisher":"https:\/\/www.facebook.com\/blackturtledive","article_modified_time":"2026-05-05T14:24:30+00:00","og_image":[{"width":1200,"height":800,"url":"https:\/\/www.blackturtledive.com\/wp-content\/uploads\/2020\/11\/blackturtledive.com-best-padi-divemaster-course-koh-tao.jpg","type":"image\/jpeg"}],"twitter_card":"summary_large_image","twitter_title":"Accommodation Koh Tao | Black Turtle Dive","twitter_description":"We provide a choice of accommodation on Koh Tao to our scuba diving customers from garden view bungalows or AC superior beachside rooms and safe swimming area","twitter_image":"https:\/\/www.blackturtledive.com\/wp-content\/uploads\/2020\/11\/blackturtledive.com-best-padi-divemaster-course-koh-tao.jpg","twitter_site":"@blackturtledive","twitter_misc":{"Gesch\u00e4tzte Lesezeit":"6\u00a0Minuten"},"schema":{"@context":"https:\/\/schema.org","@graph":[{"@type":"WebPage","@id":"https:\/\/www.blackturtledive.com\/de\/koh-tao\/accommodation\/","url":"https:\/\/www.blackturtledive.com\/de\/koh-tao\/accommodation\/","name":"Koh Tao Unterk\u00fcnfte | Black Turtle Dive","isPartOf":{"@id":"https:\/\/www.blackturtledive.com\/de\/#website"},"primaryImageOfPage":{"@id":"https:\/\/www.blackturtledive.com\/de\/koh-tao\/accommodation\/#primaryimage"},"image":{"@id":"https:\/\/www.blackturtledive.com\/de\/koh-tao\/accommodation\/#primaryimage"},"thumbnailUrl":"https:\/\/www.blackturtledive.com\/wp-content\/uploads\/2020\/11\/blackturtledive.com-accommodation-on-koh-tao.jpg","datePublished":"2020-09-19T16:09:37+00:00","dateModified":"2026-05-05T14:24:30+00:00","description":"Wir bieten unseren Tauchkunden auf Koh Tao eine Auswahl an Unterk\u00fcnften, von Bungalows mit Gartenblick bis hin zu klimatisierten Superior-Zimmern am Strand und einem sicheren Badebereich.","breadcrumb":{"@id":"https:\/\/www.blackturtledive.com\/de\/koh-tao\/accommodation\/#breadcrumb"},"inLanguage":"de","potentialAction":[{"@type":"ReadAction","target":["https:\/\/www.blackturtledive.com\/de\/koh-tao\/accommodation\/"]}]},{"@type":"ImageObject","inLanguage":"de","@id":"https:\/\/www.blackturtledive.com\/de\/koh-tao\/accommodation\/#primaryimage","url":"https:\/\/www.blackturtledive.com\/wp-content\/uploads\/2020\/11\/blackturtledive.com-accommodation-on-koh-tao.jpg","contentUrl":"https:\/\/www.blackturtledive.com\/wp-content\/uploads\/2020\/11\/blackturtledive.com-accommodation-on-koh-tao.jpg","width":1100,"height":734,"caption":"Accommodation Koh Tao for Scuba Diving Courses"},{"@type":"BreadcrumbList","@id":"https:\/\/www.blackturtledive.com\/de\/koh-tao\/accommodation\/#breadcrumb","itemListElement":[{"@type":"ListItem","position":1,"name":"Home","item":"https:\/\/www.blackturtledive.com\/de\/"},{"@type":"ListItem","position":2,"name":"Koh Tao","item":"https:\/\/www.blackturtledive.com\/de\/koh-tao\/"},{"@type":"ListItem","position":3,"name":"Unterk\u00fcnfte"}]},{"@type":"WebSite","@id":"https:\/\/www.blackturtledive.com\/de\/#website","url":"https:\/\/www.blackturtledive.com\/de\/","name":"Black Turtle Dive Koh Tao","description":"Ocean Explorers | Marine Protectors","publisher":{"@id":"https:\/\/www.blackturtledive.com\/de\/#organization"},"alternateName":"Black Turtle Dive in Thailand","potentialAction":[{"@type":"SearchAction","target":{"@type":"EntryPoint","urlTemplate":"https:\/\/www.blackturtledive.com\/de\/?s={search_term_string}"},"query-input":{"@type":"PropertyValueSpecification","valueRequired":true,"valueName":"search_term_string"}}],"inLanguage":"de"},{"@type":"Organization","@id":"https:\/\/www.blackturtledive.com\/de\/#organization","name":"Black Turtle Dive Koh Tao","alternateName":"Black Turtle Dive","url":"https:\/\/www.blackturtledive.com\/de\/","logo":{"@type":"ImageObject","inLanguage":"de","@id":"https:\/\/www.blackturtledive.com\/de\/#\/schema\/logo\/image\/","url":"https:\/\/www.blackturtledive.com\/wp-content\/uploads\/2020\/11\/cropped-blackturtledive.com-brand-logo.png","contentUrl":"https:\/\/www.blackturtledive.com\/wp-content\/uploads\/2020\/11\/cropped-blackturtledive.com-brand-logo.png","width":400,"height":400,"caption":"Black Turtle Dive Koh Tao"},"image":{"@id":"https:\/\/www.blackturtledive.com\/de\/#\/schema\/logo\/image\/"},"sameAs":["https:\/\/www.facebook.com\/blackturtledive","https:\/\/x.com\/blackturtledive","https:\/\/www.instagram.com\/blackturtledive\/","https:\/\/www.youtube.com\/blackturtledive","https:\/\/www.linkedin.com\/company\/blackturtledive\/","https:\/\/www.tumblr.com\/blackturtledive","https:\/\/www.pinterest.com\/blackturtledive\/","https:\/\/www.tiktok.com\/@blackturtledive","https:\/\/www.reddit.com\/user\/blackturtledive\/"],"description":"Black Turtle Dive is a modern and innovative 5 Star Career Development Scuba Diving Center, passionate about the ocean and through training we want to empower you to become a competent and confident scuba diver. Our diving courses equip you with the skills, knowledge and awareness necessary to explore the ocean safely, whilst becoming a passionate advocate and protector of the marine environment. If you have never dived before or are a certified diver and want to develop your skills further, our tailored, bespoke courses and programs will inspire you to become an Ocean advocate. Our scientific based Marine Conservation Internships and training programs, offer aspiring scuba divers and marine conservationists, the best marine conservation internships on Koh Tao. We currently offer students six levels of Marine Conservation Internships at our beachside location on Koh Tao in Thailand. Check out our website for more information.","email":"info@blackturtledive.com","telephone":"089 592 2134","legalName":"Black Turtle Dive Co Ltd","foundingDate":"2020-01-01","publishingPrinciples":"https:\/\/www.blackturtledive.com\/terms\/","ownershipFundingInfo":"https:\/\/www.blackturtledive.com\/terms\/","actionableFeedbackPolicy":"https:\/\/www.blackturtledive.com\/privacy-policy\/","correctionsPolicy":"https:\/\/www.blackturtledive.com\/privacy-policy\/","ethicsPolicy":"https:\/\/www.blackturtledive.com\/privacy-policy\/","diversityPolicy":"https:\/\/www.blackturtledive.com\/privacy-policy\/"}]}},"_links":{"self":[{"href":"https:\/\/www.blackturtledive.com\/de\/wp-json\/wp\/v2\/pages\/18654","targetHints":{"allow":["GET"]}}],"collection":[{"href":"https:\/\/www.blackturtledive.com\/de\/wp-json\/wp\/v2\/pages"}],"about":[{"href":"https:\/\/www.blackturtledive.com\/de\/wp-json\/wp\/v2\/types\/page"}],"author":[{"embeddable":true,"href":"https:\/\/www.blackturtledive.com\/de\/wp-json\/wp\/v2\/users\/2"}],"replies":[{"embeddable":true,"href":"https:\/\/www.blackturtledive.com\/de\/wp-json\/wp\/v2\/comments?post=18654"}],"version-history":[{"count":1,"href":"https:\/\/www.blackturtledive.com\/de\/wp-json\/wp\/v2\/pages\/18654\/revisions"}],"predecessor-version":[{"id":70891,"href":"https:\/\/www.blackturtledive.com\/de\/wp-json\/wp\/v2\/pages\/18654\/revisions\/70891"}],"up":[{"embeddable":true,"href":"https:\/\/www.blackturtledive.com\/de\/wp-json\/wp\/v2\/pages\/18659"}],"wp:featuredmedia":[{"embeddable":true,"href":"https:\/\/www.blackturtledive.com\/de\/wp-json\/wp\/v2\/media\/17937"}],"wp:attachment":[{"href":"https:\/\/www.blackturtledive.com\/de\/wp-json\/wp\/v2\/media?parent=18654"}],"curies":[{"name":"wp","href":"https:\/\/api.w.org\/{rel}","templated":true}]}}