{"id":18660,"date":"2020-09-19T23:02:52","date_gmt":"2020-09-19T16:02:52","guid":{"rendered":"https:\/\/www.blackturtledive.com\/tanote-bay\/"},"modified":"2026-05-05T21:24:39","modified_gmt":"2026-05-05T14:24:39","slug":"tanote-bay","status":"publish","type":"page","link":"https:\/\/www.blackturtledive.com\/de\/koh-tao-dive-sites\/tanote-bay\/","title":{"rendered":"Tanote Bay"},"content":{"rendered":"<div class=\"wpb-content-wrapper\"><p>[vc_row][vc_column][vc_column_text css=&#8220;&#8220;]Tanote Bay ist ein atemberaubender Standort an der Ostk\u00fcste, der hervorragendes Shore-Diving und Schnorcheln direkt von seinem breiten Sandstrand erm\u00f6glicht.<\/p>\n<p>Das Riff beginnt nur wenige Meter vom Ufer und f\u00e4llt allm\u00e4hlich bis auf 18 Meter ab; es weist gro\u00dfe Felsbl\u00f6cke auf, die mit vielf\u00e4ltigen Hartkorallen und Gehirnkorallen bewachsen sind.<\/p>\n<p>Diese Bucht ist einer der besten Orte der Insel, um die ans\u00e4ssigen Schwarzspitzen-Riffhaie auf den flachen Sandfl\u00e4chen zu sehen, insbesondere in den fr\u00fchen Morgenstunden.<\/p>\n<h3><span style=\"color: #28d4ff;\">Erfahren Sie mehr \u00fcber den Tauchplatz Tanote Bay auf Koh Tao<\/span><\/h3>\n<p>Der Tauchplatz Tanote Bay auf Koh Tao liegt an der Ostk\u00fcste in einer gesch\u00fctzten Bucht mit zahlreichen zu erkundenden Korallenriffen und eignet sich f\u00fcr Taucher aller Leistungsstufen.<\/p>\n<ul>\n<li>Lage: Ostk\u00fcste von Koh Tao<\/li>\n<li>Tiefe: 5\u201318 Meter<\/li>\n<li>Art des Tauchplatzes: Flaches Korallenriff mit einem kleinen Schiffswrack in einer gro\u00dfen Bucht<\/li>\n<li>Schwierigkeitsgrad: Open-Water-Taucher<\/li>\n<li>Bedingungen: Gut<\/li>\n<li>Durchschnittliche Sichtweite: 2\u201310 Meter<\/li>\n<\/ul>\n<div  data-ep-a=\"fadeIn\"  id=\"_ytid_91986\"  width=\"640\" height=\"360\"  data-origwidth=\"640\" data-origheight=\"360\"  data-relstop=\"1\" data-facadesrc=\"https:\/\/www.youtube.com\/embed\/fTTufyJ9IDU?enablejsapi=1&origin=https:\/\/www.blackturtledive.com&autoplay=0&cc_load_policy=0&cc_lang_pref=&iv_load_policy=1&loop=0&rel=0&fs=1&playsinline=0&autohide=2&theme=dark&color=red&controls=1&disablekb=0&\" class=\"__youtube_prefs__ epyt-facade  no-lazyload\" data-epautoplay=\"1\" ><img decoding=\"async\" data-spai-excluded=\"true\" class=\"epyt-facade-poster skip-lazy\" loading=\"lazy\"  alt=\"Tanote Bay Dive Site Koh Tao in Thailand\"  src=\"https:\/\/i.ytimg.com\/vi\/fTTufyJ9IDU\/maxresdefault.jpg\"  \/><button class=\"epyt-facade-play\" aria-label=\"Play\"><svg data-no-lazy=\"1\" height=\"100%\" version=\"1.1\" viewBox=\"0 0 68 48\" width=\"100%\"><path class=\"ytp-large-play-button-bg\" d=\"M66.52,7.74c-0.78-2.93-2.49-5.41-5.42-6.19C55.79,.13,34,0,34,0S12.21,.13,6.9,1.55 C3.97,2.33,2.27,4.81,1.48,7.74C0.06,13.05,0,24,0,24s0.06,10.95,1.48,16.26c0.78,2.93,2.49,5.41,5.42,6.19 C12.21,47.87,34,48,34,48s21.79-0.13,27.1-1.55c2.93-0.78,4.64-3.26,5.42-6.19C67.94,34.95,68,24,68,24S67.94,13.05,66.52,7.74z\" fill=\"#f00\"><\/path><path d=\"M 45,24 27,14 27,34\" fill=\"#fff\"><\/path><\/svg><\/button><\/div><span itemprop=\"video\" itemscope itemtype=\"http:\/\/schema.org\/VideoObject\"><meta itemprop=\"embedUrl\" content=\"https:\/\/www.youtube.com\/embed\/fTTufyJ9IDU\"><meta itemprop=\"name\" content=\"Tanote Bay Dive Site Koh Tao in Thailand\"><meta itemprop=\"description\" content=\"Tanote Bay dive site on Koh Tao is located on the east coast in a sheltered bay with an abundance of coral reefs to explore and is suited to all levels of scuba diver. Location: East coast of Koh Tao Depth: 5m-18m Type of site: Shallow Coral reef with a small Shipwreck in a large bay Level: Open Water diver Conditions: Good Average Visibility: 2-10 metres Tanote bay is a beautiful bay located on the east side of Koh Tao with a wide beach that is popular with visitors who want to relax in the sun, swim, snorkel or try scuba diving. Check out more of our dive sites: https:\/\/www.blackturtledive.com\/koh-tao-dive-sites\/tanote-bay\/ Footage: \ud83d\ude4f\ud83c\udffb. \ud83c\udfac Wet Lens Images (https:\/\/www.youtube.com\/channel\/UCVB6Hza4P2ct7SgAo7I9n7g)\"><meta itemprop=\"thumbnailUrl\" content=\"https:\/\/i.ytimg.com\/vi\/fTTufyJ9IDU\/0.jpg\"><meta itemprop=\"duration\" content=\"PT59S\"><meta itemprop=\"uploadDate\" content=\"2021-01-28T13:12:12Z\"><\/span>\n<h3>Koh Tao \u2013 Tanote Bay Tauchplatz<\/h3>\n<p>Tanote Bay ist eine sch\u00f6ne Bucht an der Ostseite von Koh Tao mit einem breiten Strand, der bei Besuchern beliebt ist, die sich sonnen, schwimmen, schnorcheln oder tauchen m\u00f6chten.<\/p>\n<p>F\u00fcr Abenteuerlustige gibt es in der Bucht einen gro\u00dfen Felsen mitten im Wasser, der sich hervorragend zum Felsen Springen eignet.<\/p>\n<p>Tanote Bay ist perfekt zum Schnorcheln; das Meeresleben ist leicht vom Strand aus zug\u00e4nglich, weshalb wir diesen Ort empfehlen, wenn G\u00e4ste an einem freien Tag entspannen m\u00f6chten.<\/p>\n<figure id=\"attachment_3685\" aria-describedby=\"caption-attachment-3685\" style=\"width: 1100px\" class=\"wp-caption alignnone\"><img decoding=\"async\" class=\"size-full wp-image-3685\" src=\"https:\/\/www.blackturtledive.com\/wp-content\/uploads\/2021\/01\/blackturtledive.com-Tanote-Bay-dive-site-koh-tao-sea-turtle.jpg\" alt=\"Tauchplatz Tanote Bay auf Koh Tao\" width=\"1100\" height=\"619\" srcset=\"https:\/\/www.blackturtledive.com\/wp-content\/uploads\/2021\/01\/blackturtledive.com-Tanote-Bay-dive-site-koh-tao-sea-turtle.jpg 1100w, https:\/\/www.blackturtledive.com\/wp-content\/uploads\/2021\/01\/blackturtledive.com-Tanote-Bay-dive-site-koh-tao-sea-turtle-300x169.jpg 300w, https:\/\/www.blackturtledive.com\/wp-content\/uploads\/2021\/01\/blackturtledive.com-Tanote-Bay-dive-site-koh-tao-sea-turtle-1024x576.jpg 1024w, https:\/\/www.blackturtledive.com\/wp-content\/uploads\/2021\/01\/blackturtledive.com-Tanote-Bay-dive-site-koh-tao-sea-turtle-768x432.jpg 768w, https:\/\/www.blackturtledive.com\/wp-content\/uploads\/2021\/01\/blackturtledive.com-Tanote-Bay-dive-site-koh-tao-sea-turtle-150x84.jpg 150w\" sizes=\"(max-width: 1100px) 100vw, 1100px\" \/><figcaption id=\"caption-attachment-3685\" class=\"wp-caption-text\">Tauchplatz Tanote Bay auf Koh Tao<\/figcaption><\/figure>\n<h3><span style=\"color: #28d4ff;\">Vielf\u00e4ltiges marines Umfeld<\/span><\/h3>\n<p>Tanote Bay bietet auch ein hervorragendes Taucherlebnis mit mehreren k\u00fcnstlichen Strukturen, die zur nat\u00fcrlichen Sch\u00f6nheit des Lebensraums beitragen.<\/p>\n<p>Dieser Tauchplatz ist einer der besten der Insel f\u00fcr Makrofotografie und sehr beliebt bei Unterwasserfotografen, die geduldig auf Motive wie Seenadeln oder den Anglerfisch warten, die am Katamaran leben.<\/p>\n<p>Das Tauchboot ankert oft in tieferem Wasser und liegt ideal, um das versunkene Katamaran Wrack zu erkunden, das vom Meeresleben wimmelt.<\/p>\n<figure id=\"attachment_3809\" aria-describedby=\"caption-attachment-3809\" style=\"width: 1100px\" class=\"wp-caption alignnone\"><img decoding=\"async\" class=\"size-full wp-image-3809\" src=\"https:\/\/www.blackturtledive.com\/wp-content\/uploads\/2021\/01\/blackturtledive.com-Tanote-Bay-dive-site-koh-tao-scooter.jpg\" alt=\"Tauchplatz Tanote Bay auf Koh Tao - Roller\" width=\"1100\" height=\"619\" srcset=\"https:\/\/www.blackturtledive.com\/wp-content\/uploads\/2021\/01\/blackturtledive.com-Tanote-Bay-dive-site-koh-tao-scooter.jpg 1100w, https:\/\/www.blackturtledive.com\/wp-content\/uploads\/2021\/01\/blackturtledive.com-Tanote-Bay-dive-site-koh-tao-scooter-300x169.jpg 300w, https:\/\/www.blackturtledive.com\/wp-content\/uploads\/2021\/01\/blackturtledive.com-Tanote-Bay-dive-site-koh-tao-scooter-1024x576.jpg 1024w, https:\/\/www.blackturtledive.com\/wp-content\/uploads\/2021\/01\/blackturtledive.com-Tanote-Bay-dive-site-koh-tao-scooter-768x432.jpg 768w, https:\/\/www.blackturtledive.com\/wp-content\/uploads\/2021\/01\/blackturtledive.com-Tanote-Bay-dive-site-koh-tao-scooter-150x84.jpg 150w\" sizes=\"(max-width: 1100px) 100vw, 1100px\" \/><figcaption id=\"caption-attachment-3809\" class=\"wp-caption-text\">Tauchplatz Tanote Bay auf Koh Tao &#8211; Roller<\/figcaption><\/figure>\n<h3>Versunkener Katamaran \u2013 Erkunde das Wrack<\/h3>\n<p>Der Katamaran liegt direkt vor dem Haupt-Tauchplatz und bietet zahlreichen Arten ein Zuhause; h\u00e4ufig ruht ein Jenkins-Stachelrochen im Schatten darunter.<\/p>\n<p>Achten Sie genau: Sie k\u00f6nnen kleine gestreifte Seenadeln und verschiedene Garnelen in kleinen L\u00f6chern entdecken, einschlie\u00dflich Spinnenkrabben, die an den Peitschenkorallen am Wrack au\u00dfen h\u00e4ngen.<\/p>\n<p>Auf dem Wrack findet man au\u00dferdem kleine Oktopusse und diverse kleine Garnelen, die zur Makro-Faszination dieses Tauchplatzes beitragen.<\/p>\n<h3><span style=\"color: #28d4ff;\">Umgebendes Korallenriff<\/span><\/h3>\n<p>Man kann auch vom Strand aus tauchen und der sanften Neigung in eine gro\u00dfe Sandbucht folgen, in deren Mitte sich der Tanote Rock befindet; beiderseits erstrecken sich Riffe.<\/p>\n<p>Im S\u00fcden der Bucht finden Sie k\u00fcnstliche Betonw\u00fcrfel mit gro\u00dfer Korallen&#8211;vielfalt und viel Meeresleben, das sich in den Ritzen und Spalten verbirgt.<\/p>\n<p>Schwimmen Sie in diesem Bereich, sehen Sie die speziellen Reef-Balls und Korallen-Zuchtstrukturen in etwa 10 Metern Tiefe.<\/p>\n<figure id=\"attachment_2096\" aria-describedby=\"caption-attachment-2096\" style=\"width: 1200px\" class=\"wp-caption alignnone\"><img decoding=\"async\" class=\"size-full wp-image-2096\" src=\"https:\/\/www.blackturtledive.com\/wp-content\/uploads\/2020\/12\/blackturtledive.com-best-dive-sites-koh-tao-coral.jpg\" alt=\"Gro\u00dfartige Tauchpl\u00e4tze f\u00fcr Anf\u00e4nger Koh Tao\" width=\"1200\" height=\"670\" srcset=\"https:\/\/www.blackturtledive.com\/wp-content\/uploads\/2020\/12\/blackturtledive.com-best-dive-sites-koh-tao-coral.jpg 1200w, https:\/\/www.blackturtledive.com\/wp-content\/uploads\/2020\/12\/blackturtledive.com-best-dive-sites-koh-tao-coral-300x168.jpg 300w, https:\/\/www.blackturtledive.com\/wp-content\/uploads\/2020\/12\/blackturtledive.com-best-dive-sites-koh-tao-coral-1024x572.jpg 1024w, https:\/\/www.blackturtledive.com\/wp-content\/uploads\/2020\/12\/blackturtledive.com-best-dive-sites-koh-tao-coral-768x429.jpg 768w, https:\/\/www.blackturtledive.com\/wp-content\/uploads\/2020\/12\/blackturtledive.com-best-dive-sites-koh-tao-coral-150x84.jpg 150w\" sizes=\"(max-width: 1200px) 100vw, 1200px\" \/><figcaption id=\"caption-attachment-2096\" class=\"wp-caption-text\">Gro\u00dfartige Tauchpl\u00e4tze f\u00fcr Anf\u00e4nger Koh Tao<\/figcaption><\/figure>\n<h3>Tanote Bay \u2013 Unterschiedliche Arten<\/h3>\n<p>Weiter n\u00f6rdlich liegt das Haupt Korallenriff mit gro\u00dfen Fass Schw\u00e4mmen, Fels- und Gehirn Korallen, die Lebensraum f\u00fcr viele typische Riffbewohner bieten, darunter Falter- und Kaiserfische.<\/p>\n<p>Ein interessantes Objekt ist ein versunkener Roller, den ein sehr aggressiver und territorialer Barschartiger bewacht \u2014 Vorsicht also.<\/p>\n<p>In Tanote Bay kann man hunderte Gelbschwanz-Barrakudas sehen sowie Titandr\u00fcckerfische, Meeresschildkr\u00f6ten und Banded Sea Kraits.<\/p>\n<p>Unsere Empfehlung: Tauchen Sie vom Boot aus und beginnen Sie mit der Erkundung des Katamaran-Wracks \u2013 als Makro-Enthusiast kommen Sie wom\u00f6glich nicht viel weiter.<\/p>\n<figure id=\"attachment_2857\" aria-describedby=\"caption-attachment-2857\" style=\"width: 1000px\" class=\"wp-caption alignnone\"><img decoding=\"async\" class=\"size-full wp-image-2857\" src=\"https:\/\/www.blackturtledive.com\/wp-content\/uploads\/2020\/12\/blackturtledive.com-tropical-tanote-beach-koh-tao.jpg\" alt=\"Tanote Bay &amp; Strand Koh Tao\" width=\"1000\" height=\"563\" srcset=\"https:\/\/www.blackturtledive.com\/wp-content\/uploads\/2020\/12\/blackturtledive.com-tropical-tanote-beach-koh-tao.jpg 1000w, https:\/\/www.blackturtledive.com\/wp-content\/uploads\/2020\/12\/blackturtledive.com-tropical-tanote-beach-koh-tao-300x169.jpg 300w, https:\/\/www.blackturtledive.com\/wp-content\/uploads\/2020\/12\/blackturtledive.com-tropical-tanote-beach-koh-tao-768x432.jpg 768w, https:\/\/www.blackturtledive.com\/wp-content\/uploads\/2020\/12\/blackturtledive.com-tropical-tanote-beach-koh-tao-150x84.jpg 150w\" sizes=\"(max-width: 1000px) 100vw, 1000px\" \/><figcaption id=\"caption-attachment-2857\" class=\"wp-caption-text\">Tanote Bay &amp; Strand Koh Tao<\/figcaption><\/figure>\n<p>[\/vc_column_text][\/vc_column][\/vc_row]<\/p>\n<\/div>","protected":false},"excerpt":{"rendered":"<p>Der Tauchplatz Tanote Bay auf Koh Tao liegt an der Ostk\u00fcste in einer gesch\u00fctzten Bucht mit einer F\u00fclle von Korallenriffen, die Taucher aller K\u00f6nnensstufen erkunden k\u00f6nnen.<\/p>\n","protected":false},"author":2,"featured_media":18303,"parent":18682,"menu_order":0,"comment_status":"closed","ping_status":"closed","template":"","meta":{"_acf_changed":false,"footnotes":""},"class_list":["post-18660","page","type-page","status-publish","has-post-thumbnail","hentry"],"acf":[],"yoast_head":"<!-- This site is optimized with the Yoast SEO Premium plugin v27.6 (Yoast SEO v27.6) - https:\/\/yoast.com\/product\/yoast-seo-premium-wordpress\/ -->\n<title>Tanote Bay Tauchplatz auf Koh Tao | Black Turtle Dive<\/title>\n<meta name=\"description\" content=\"Die Tauchstelle Tanote Bay auf Koh Tao liegt an der Ostk\u00fcste in einer gesch\u00fctzten Bucht mit einer F\u00fclle von Korallenriffen, die Taucher aller K\u00f6nnensstufen erkunden k\u00f6nnen.\" \/>\n<meta name=\"robots\" content=\"index, follow, max-snippet:-1, max-image-preview:large, max-video-preview:-1\" \/>\n<link rel=\"canonical\" href=\"https:\/\/www.blackturtledive.com\/de\/koh-tao-dive-sites\/tanote-bay\/\" \/>\n<meta property=\"og:locale\" content=\"de_DE\" \/>\n<meta property=\"og:type\" content=\"article\" \/>\n<meta property=\"og:title\" content=\"Tanote Bay Dive Site Koh Tao | Black Turtle Dive\" \/>\n<meta property=\"og:description\" content=\"Tanote Bay dive site on Koh Tao is located on the east coast in a sheltered bay with an abundance of coral reefs to explore for scuba divers of all abilities\" \/>\n<meta property=\"og:url\" content=\"https:\/\/www.blackturtledive.com\/de\/koh-tao-dive-sites\/tanote-bay\/\" \/>\n<meta property=\"og:site_name\" content=\"Black Turtle Dive Koh Tao\" \/>\n<meta property=\"article:publisher\" content=\"https:\/\/www.facebook.com\/blackturtledive\" \/>\n<meta property=\"article:modified_time\" content=\"2026-05-05T14:24:39+00:00\" \/>\n<meta property=\"og:image\" content=\"https:\/\/www.blackturtledive.com\/wp-content\/uploads\/2020\/11\/blackturtledive.com-best-padi-divemaster-course-koh-tao.jpg\" \/>\n\t<meta property=\"og:image:width\" content=\"1200\" \/>\n\t<meta property=\"og:image:height\" content=\"800\" \/>\n\t<meta property=\"og:image:type\" content=\"image\/jpeg\" \/>\n<meta name=\"twitter:card\" content=\"summary_large_image\" \/>\n<meta name=\"twitter:title\" content=\"Tanote Bay Dive Site Koh Tao | Black Turtle Dive\" \/>\n<meta name=\"twitter:description\" content=\"Tanote Bay dive site on Koh Tao is located on the east coast in a sheltered bay with an abundance of coral reefs to explore for scuba divers of all abilities\" \/>\n<meta name=\"twitter:image\" content=\"https:\/\/www.blackturtledive.com\/wp-content\/uploads\/2020\/11\/blackturtledive.com-best-padi-divemaster-course-koh-tao.jpg\" \/>\n<meta name=\"twitter:site\" content=\"@blackturtledive\" \/>\n<meta name=\"twitter:label1\" content=\"Gesch\u00e4tzte Lesezeit\" \/>\n\t<meta name=\"twitter:data1\" content=\"5\u00a0Minuten\" \/>\n<!-- \/ Yoast SEO Premium plugin. -->","yoast_head_json":{"title":"Tanote Bay Tauchplatz auf Koh Tao | Black Turtle Dive","description":"Die Tauchstelle Tanote Bay auf Koh Tao liegt an der Ostk\u00fcste in einer gesch\u00fctzten Bucht mit einer F\u00fclle von Korallenriffen, die Taucher aller K\u00f6nnensstufen erkunden k\u00f6nnen.","robots":{"index":"index","follow":"follow","max-snippet":"max-snippet:-1","max-image-preview":"max-image-preview:large","max-video-preview":"max-video-preview:-1"},"canonical":"https:\/\/www.blackturtledive.com\/de\/koh-tao-dive-sites\/tanote-bay\/","og_locale":"de_DE","og_type":"article","og_title":"Tanote Bay Dive Site Koh Tao | Black Turtle Dive","og_description":"Tanote Bay dive site on Koh Tao is located on the east coast in a sheltered bay with an abundance of coral reefs to explore for scuba divers of all abilities","og_url":"https:\/\/www.blackturtledive.com\/de\/koh-tao-dive-sites\/tanote-bay\/","og_site_name":"Black Turtle Dive Koh Tao","article_publisher":"https:\/\/www.facebook.com\/blackturtledive","article_modified_time":"2026-05-05T14:24:39+00:00","og_image":[{"width":1200,"height":800,"url":"https:\/\/www.blackturtledive.com\/wp-content\/uploads\/2020\/11\/blackturtledive.com-best-padi-divemaster-course-koh-tao.jpg","type":"image\/jpeg"}],"twitter_card":"summary_large_image","twitter_title":"Tanote Bay Dive Site Koh Tao | Black Turtle Dive","twitter_description":"Tanote Bay dive site on Koh Tao is located on the east coast in a sheltered bay with an abundance of coral reefs to explore for scuba divers of all abilities","twitter_image":"https:\/\/www.blackturtledive.com\/wp-content\/uploads\/2020\/11\/blackturtledive.com-best-padi-divemaster-course-koh-tao.jpg","twitter_site":"@blackturtledive","twitter_misc":{"Gesch\u00e4tzte Lesezeit":"5\u00a0Minuten"},"schema":{"@context":"https:\/\/schema.org","@graph":[{"@type":"WebPage","@id":"https:\/\/www.blackturtledive.com\/de\/koh-tao-dive-sites\/tanote-bay\/","url":"https:\/\/www.blackturtledive.com\/de\/koh-tao-dive-sites\/tanote-bay\/","name":"Tanote Bay Tauchplatz auf Koh Tao | Black Turtle Dive","isPartOf":{"@id":"https:\/\/www.blackturtledive.com\/de\/#website"},"primaryImageOfPage":{"@id":"https:\/\/www.blackturtledive.com\/de\/koh-tao-dive-sites\/tanote-bay\/#primaryimage"},"image":{"@id":"https:\/\/www.blackturtledive.com\/de\/koh-tao-dive-sites\/tanote-bay\/#primaryimage"},"thumbnailUrl":"https:\/\/www.blackturtledive.com\/wp-content\/uploads\/2021\/01\/blackturtledive.com-Tanote-Bay-dive-site-koh-tao-sea-turtle.jpg","datePublished":"2020-09-19T16:02:52+00:00","dateModified":"2026-05-05T14:24:39+00:00","description":"Die Tauchstelle Tanote Bay auf Koh Tao liegt an der Ostk\u00fcste in einer gesch\u00fctzten Bucht mit einer F\u00fclle von Korallenriffen, die Taucher aller K\u00f6nnensstufen erkunden k\u00f6nnen.","breadcrumb":{"@id":"https:\/\/www.blackturtledive.com\/de\/koh-tao-dive-sites\/tanote-bay\/#breadcrumb"},"inLanguage":"de","potentialAction":[{"@type":"ReadAction","target":["https:\/\/www.blackturtledive.com\/de\/koh-tao-dive-sites\/tanote-bay\/"]}]},{"@type":"ImageObject","inLanguage":"de","@id":"https:\/\/www.blackturtledive.com\/de\/koh-tao-dive-sites\/tanote-bay\/#primaryimage","url":"https:\/\/www.blackturtledive.com\/wp-content\/uploads\/2021\/01\/blackturtledive.com-Tanote-Bay-dive-site-koh-tao-sea-turtle.jpg","contentUrl":"https:\/\/www.blackturtledive.com\/wp-content\/uploads\/2021\/01\/blackturtledive.com-Tanote-Bay-dive-site-koh-tao-sea-turtle.jpg","width":1100,"height":619,"caption":"Tanote Bay Dive Site on Koh Tao"},{"@type":"BreadcrumbList","@id":"https:\/\/www.blackturtledive.com\/de\/koh-tao-dive-sites\/tanote-bay\/#breadcrumb","itemListElement":[{"@type":"ListItem","position":1,"name":"Home","item":"https:\/\/www.blackturtledive.com\/de\/"},{"@type":"ListItem","position":2,"name":"Koh Tao Tauchpl\u00e4tze","item":"https:\/\/www.blackturtledive.com\/de\/koh-tao-dive-sites\/"},{"@type":"ListItem","position":3,"name":"Tanote Bay"}]},{"@type":"WebSite","@id":"https:\/\/www.blackturtledive.com\/de\/#website","url":"https:\/\/www.blackturtledive.com\/de\/","name":"Black Turtle Dive Koh Tao","description":"Ocean Explorers | Marine Protectors","publisher":{"@id":"https:\/\/www.blackturtledive.com\/de\/#organization"},"alternateName":"Black Turtle Dive in Thailand","potentialAction":[{"@type":"SearchAction","target":{"@type":"EntryPoint","urlTemplate":"https:\/\/www.blackturtledive.com\/de\/?s={search_term_string}"},"query-input":{"@type":"PropertyValueSpecification","valueRequired":true,"valueName":"search_term_string"}}],"inLanguage":"de"},{"@type":"Organization","@id":"https:\/\/www.blackturtledive.com\/de\/#organization","name":"Black Turtle Dive Koh Tao","alternateName":"Black Turtle Dive","url":"https:\/\/www.blackturtledive.com\/de\/","logo":{"@type":"ImageObject","inLanguage":"de","@id":"https:\/\/www.blackturtledive.com\/de\/#\/schema\/logo\/image\/","url":"https:\/\/www.blackturtledive.com\/wp-content\/uploads\/2020\/11\/cropped-blackturtledive.com-brand-logo.png","contentUrl":"https:\/\/www.blackturtledive.com\/wp-content\/uploads\/2020\/11\/cropped-blackturtledive.com-brand-logo.png","width":400,"height":400,"caption":"Black Turtle Dive Koh Tao"},"image":{"@id":"https:\/\/www.blackturtledive.com\/de\/#\/schema\/logo\/image\/"},"sameAs":["https:\/\/www.facebook.com\/blackturtledive","https:\/\/x.com\/blackturtledive","https:\/\/www.instagram.com\/blackturtledive\/","https:\/\/www.youtube.com\/blackturtledive","https:\/\/www.linkedin.com\/company\/blackturtledive\/","https:\/\/www.tumblr.com\/blackturtledive","https:\/\/www.pinterest.com\/blackturtledive\/","https:\/\/www.tiktok.com\/@blackturtledive","https:\/\/www.reddit.com\/user\/blackturtledive\/"],"description":"Black Turtle Dive is a modern and innovative 5 Star Career Development Scuba Diving Center, passionate about the ocean and through training we want to empower you to become a competent and confident scuba diver. Our diving courses equip you with the skills, knowledge and awareness necessary to explore the ocean safely, whilst becoming a passionate advocate and protector of the marine environment. If you have never dived before or are a certified diver and want to develop your skills further, our tailored, bespoke courses and programs will inspire you to become an Ocean advocate. Our scientific based Marine Conservation Internships and training programs, offer aspiring scuba divers and marine conservationists, the best marine conservation internships on Koh Tao. We currently offer students six levels of Marine Conservation Internships at our beachside location on Koh Tao in Thailand. Check out our website for more information.","email":"info@blackturtledive.com","telephone":"089 592 2134","legalName":"Black Turtle Dive Co Ltd","foundingDate":"2020-01-01","publishingPrinciples":"https:\/\/www.blackturtledive.com\/terms\/","ownershipFundingInfo":"https:\/\/www.blackturtledive.com\/terms\/","actionableFeedbackPolicy":"https:\/\/www.blackturtledive.com\/privacy-policy\/","correctionsPolicy":"https:\/\/www.blackturtledive.com\/privacy-policy\/","ethicsPolicy":"https:\/\/www.blackturtledive.com\/privacy-policy\/","diversityPolicy":"https:\/\/www.blackturtledive.com\/privacy-policy\/"}]}},"_links":{"self":[{"href":"https:\/\/www.blackturtledive.com\/de\/wp-json\/wp\/v2\/pages\/18660","targetHints":{"allow":["GET"]}}],"collection":[{"href":"https:\/\/www.blackturtledive.com\/de\/wp-json\/wp\/v2\/pages"}],"about":[{"href":"https:\/\/www.blackturtledive.com\/de\/wp-json\/wp\/v2\/types\/page"}],"author":[{"embeddable":true,"href":"https:\/\/www.blackturtledive.com\/de\/wp-json\/wp\/v2\/users\/2"}],"replies":[{"embeddable":true,"href":"https:\/\/www.blackturtledive.com\/de\/wp-json\/wp\/v2\/comments?post=18660"}],"version-history":[{"count":1,"href":"https:\/\/www.blackturtledive.com\/de\/wp-json\/wp\/v2\/pages\/18660\/revisions"}],"predecessor-version":[{"id":70897,"href":"https:\/\/www.blackturtledive.com\/de\/wp-json\/wp\/v2\/pages\/18660\/revisions\/70897"}],"up":[{"embeddable":true,"href":"https:\/\/www.blackturtledive.com\/de\/wp-json\/wp\/v2\/pages\/18682"}],"wp:featuredmedia":[{"embeddable":true,"href":"https:\/\/www.blackturtledive.com\/de\/wp-json\/wp\/v2\/media\/18303"}],"wp:attachment":[{"href":"https:\/\/www.blackturtledive.com\/de\/wp-json\/wp\/v2\/media?parent=18660"}],"curies":[{"name":"wp","href":"https:\/\/api.w.org\/{rel}","templated":true}]}}