{"id":18661,"date":"2020-09-19T23:00:50","date_gmt":"2020-09-19T16:00:50","guid":{"rendered":"https:\/\/www.blackturtledive.com\/buoyancy-world\/"},"modified":"2026-05-05T21:24:40","modified_gmt":"2026-05-05T14:24:40","slug":"buoyancy-world","status":"publish","type":"page","link":"https:\/\/www.blackturtledive.com\/de\/koh-tao-dive-sites\/buoyancy-world\/","title":{"rendered":"Buoyancy World"},"content":{"rendered":"<div class=\"wpb-content-wrapper\"><p>[vc_row][vc_column][vc_column_text css=&#8220;&#8220;]Buoyancy World ist ein spezialisiertes k\u00fcnstliches Riffprojekt, das als Tarierungs-Spielplatz gestaltet wurde, um Tauchsch\u00fclern zu helfen, ihre Fertigkeiten zu meistern, ohne nat\u00fcrliche Riffe zu beeintr\u00e4chtigen.<\/p>\n<p>Der Tauchplatz verf\u00fcgt \u00fcber verschiedene Strukturen \u2014 wie Reifen und Tunnel \u2014, die auf sandigem Grund in 10\u201312 Metern Tiefe platziert sind und sicheres \u00dcben von Schweben und Trim erm\u00f6glichen.<\/p>\n<p>Indem wir Tauchtraining auf diesen k\u00fcnstlichen Platz verlagern, reduzieren wir die physische Belastung der benachbarten Twins Pinnacle erheblich und unterst\u00fctzen so die langfristige Gesundheit der Korallenriffe von Koh Tao.<\/p>\n<h3><span style=\"color: #28d4ff;\">Erfahren Sie mehr \u00fcber den Tauchplatz Buoyancy World auf Koh Tao<\/span><\/h3>\n<p>Der Tauchplatz Buoyancy World liegt vor der Westk\u00fcste der Insel Koh Nang Yuan und ist ein k\u00fcnstlicher Tauchplatz, der von der lokalen Gemeinschaft initiiert wurde.<\/p>\n<ul>\n<li>Lage: Westk\u00fcste von Koh Nang Yuan<\/li>\n<li>Tiefe: Max. 16 m, Min. 10 m \u2013 Durchschnitt 10 m<\/li>\n<li>Art des Tauchplatzes: K\u00fcnstlicher Tauchplatz<\/li>\n<li>Schwierigkeitsgrad: Open Water Diver<\/li>\n<li>Bedingungen: Ganzj\u00e4hrig meist ruhig mit sehr geringer Str\u00f6mung<\/li>\n<li>Durchschnittliche Sichtweite: 5\u201320 Meter<\/li>\n<\/ul>\n<div  data-ep-a=\"fadeIn\"  id=\"_ytid_72470\"  width=\"640\" height=\"360\"  data-origwidth=\"640\" data-origheight=\"360\"  data-relstop=\"1\" data-facadesrc=\"https:\/\/www.youtube.com\/embed\/xUmqDL9917U?enablejsapi=1&origin=https:\/\/www.blackturtledive.com&autoplay=0&cc_load_policy=0&cc_lang_pref=&iv_load_policy=1&loop=0&rel=0&fs=1&playsinline=0&autohide=2&theme=dark&color=red&controls=1&disablekb=0&\" class=\"__youtube_prefs__ epyt-facade  no-lazyload\" data-epautoplay=\"1\" ><img decoding=\"async\" data-spai-excluded=\"true\" class=\"epyt-facade-poster skip-lazy\" loading=\"lazy\"  alt=\"Buoyancy World Dive Site Koh Tao Thailand\"  src=\"https:\/\/i.ytimg.com\/vi\/xUmqDL9917U\/maxresdefault.jpg\"  \/><button class=\"epyt-facade-play\" aria-label=\"Play\"><svg data-no-lazy=\"1\" height=\"100%\" version=\"1.1\" viewBox=\"0 0 68 48\" width=\"100%\"><path class=\"ytp-large-play-button-bg\" d=\"M66.52,7.74c-0.78-2.93-2.49-5.41-5.42-6.19C55.79,.13,34,0,34,0S12.21,.13,6.9,1.55 C3.97,2.33,2.27,4.81,1.48,7.74C0.06,13.05,0,24,0,24s0.06,10.95,1.48,16.26c0.78,2.93,2.49,5.41,5.42,6.19 C12.21,47.87,34,48,34,48s21.79-0.13,27.1-1.55c2.93-0.78,4.64-3.26,5.42-6.19C67.94,34.95,68,24,68,24S67.94,13.05,66.52,7.74z\" fill=\"#f00\"><\/path><path d=\"M 45,24 27,14 27,34\" fill=\"#fff\"><\/path><\/svg><\/button><\/div><span itemprop=\"video\" itemscope itemtype=\"http:\/\/schema.org\/VideoObject\"><meta itemprop=\"embedUrl\" content=\"https:\/\/www.youtube.com\/embed\/xUmqDL9917U\"><meta itemprop=\"name\" content=\"Buoyancy World Dive Site Koh Tao Thailand\"><meta itemprop=\"description\" content=\"Buoyancy world dive site on Koh Tao is located off the west coast of Koh Nang Yuan island and is an artificial dive site started by the local community. Location: West coast of Koh Nang Yuan Depth: Max 16m, Min 10m \u2013 Average 10m Type of site: Artificial Dive site Level: Open Water Diver Conditions: Flat almost all year with very little current Average Visibility: 5-20 meters Take a short swim north of Twins pinnacle and you will discover Buoyancy World, another great example of many Artificial dive sites on Koh Tao. Check out our other dive sites: https:\/\/www.blackturtledive.com\/koh-tao-dive-sites\/buoyancy-world\/ Footage: \ud83d\ude4f\ud83c\udffb. \ud83c\udfac Wet Lens Images (https:\/\/www.youtube.com\/channel\/UCVB6Hza4P2ct7SgAo7I9n7g)\"><meta itemprop=\"thumbnailUrl\" content=\"https:\/\/i.ytimg.com\/vi\/xUmqDL9917U\/0.jpg\"><meta itemprop=\"duration\" content=\"PT59S\"><meta itemprop=\"uploadDate\" content=\"2021-01-28T06:25:09Z\"><\/span>\n<h3>Entdecken Sie den Tauchplatz Buoyancy World<\/h3>\n<p>Schwimmen Sie kurz n\u00f6rdlich des <a href=\"https:\/\/www.blackturtledive.com\/koh-tao-dive-sites\/twins-pinnacle\/\">Twins-Pinnacle<\/a>, und Sie entdecken Buoyancy World, ein weiteres gutes Beispiel f\u00fcr die vielen <a href=\"https:\/\/www.blackturtledive.com\/conservation\/marine-conservation-courses\/artificial-dive-sites\/\">k\u00fcnstlichen Tauchpl\u00e4tze<\/a> auf Koh Tao.<\/p>\n<p>Buoyancy World ist ein inselweites Gemeinschaftsprojekt, finanziert, entwickelt und aufgebaut von der lokalen Gemeinschaft auf Koh Tao, der lokalen Verwaltung und lokalen Unternehmen.<\/p>\n<p>Das Konzept von Buoyancy World war, einen speziell f\u00fcr <a href=\"https:\/\/www.blackturtledive.com\/padi-diving-courses\/\">Tauchausbildung<\/a> gedachten Tauchplatz zu schaffen, um Druck vom nat\u00fcrlichen <a href=\"https:\/\/www.blackturtledive.com\/conservation\/marine-conservation-courses\/\">Korallenriff<\/a> zu nehmen.<\/p>\n<p>Die N\u00e4he zum Twins Pinnacle ist bewusst gew\u00e4hlt worden, da Twins der beliebteste <a href=\"https:\/\/www.blackturtledive.com\/koh-tao-dive-sites\/\">Tauchplatz<\/a> auf Koh Tao ist.<\/p>\n<figure id=\"attachment_3596\" aria-describedby=\"caption-attachment-3596\" style=\"width: 1100px\" class=\"wp-caption alignnone\"><img decoding=\"async\" class=\"size-full wp-image-3596\" src=\"https:\/\/www.blackturtledive.com\/wp-content\/uploads\/2021\/01\/blackturtledive.com-buoyancy-world-dive-site-koh-tao-turtle-yellow-boxfish.jpg\" alt=\"Tauchplatz Buoyancy World Koh Tao\" width=\"1100\" height=\"619\" srcset=\"https:\/\/www.blackturtledive.com\/wp-content\/uploads\/2021\/01\/blackturtledive.com-buoyancy-world-dive-site-koh-tao-turtle-yellow-boxfish.jpg 1100w, https:\/\/www.blackturtledive.com\/wp-content\/uploads\/2021\/01\/blackturtledive.com-buoyancy-world-dive-site-koh-tao-turtle-yellow-boxfish-300x169.jpg 300w, https:\/\/www.blackturtledive.com\/wp-content\/uploads\/2021\/01\/blackturtledive.com-buoyancy-world-dive-site-koh-tao-turtle-yellow-boxfish-1024x576.jpg 1024w, https:\/\/www.blackturtledive.com\/wp-content\/uploads\/2021\/01\/blackturtledive.com-buoyancy-world-dive-site-koh-tao-turtle-yellow-boxfish-768x432.jpg 768w, https:\/\/www.blackturtledive.com\/wp-content\/uploads\/2021\/01\/blackturtledive.com-buoyancy-world-dive-site-koh-tao-turtle-yellow-boxfish-150x84.jpg 150w\" sizes=\"(max-width: 1100px) 100vw, 1100px\" \/><figcaption id=\"caption-attachment-3596\" class=\"wp-caption-text\">Tauchplatz Buoyancy World Koh Tao<\/figcaption><\/figure>\n<h3>Buoyancy World \u2013 K\u00fcnstliche Tauchpl\u00e4tze<\/h3>\n<p>Ein weiteres Ziel des Buoyancy World-Projekts war die Schaffung eines neuen Lebensraums f\u00fcr Meeresleben und eine Umgebung, in der Korallen wachsen und gedeihen k\u00f6nnen.<\/p>\n<p>Wir entwarfen und bauten k\u00fcnstliche Strukturen (z. B. einen riesigen Oktopus sowie Haie, Schildkr\u00f6ten und Fische) aus Beton und platzierten sie auf dem sandigen Boden.<\/p>\n<p>Sp\u00e4ter wurden Tunnel, Reifen und ein Hindernisparcours hinzugef\u00fcgt, damit Taucher ihre Tarierung \u00fcben und verfeinern k\u00f6nnen, ohne Angst zu haben, empfindliches Meeresleben zu besch\u00e4digen.<\/p>\n<p>Der Tauchplatz Buoyancy World ist bei <a href=\"https:\/\/www.blackturtledive.com\/padi-pro-level\/dive-instructor-course\/\">Tauchlehrern<\/a> beliebt, die ihre <a href=\"https:\/\/www.blackturtledive.com\/padi-diving-courses\/open-water-course\/\">Open-Water<\/a>&#8211; und <a href=\"https:\/\/www.blackturtledive.com\/padi-specialty-courses\/peak-performance-buoyancy\/\">Peak&#8211;Performance-Buoyancy<\/a>-Sch\u00fcler von Twins Pinnacle hierher bringen.<\/p>\n<figure id=\"attachment_3705\" aria-describedby=\"caption-attachment-3705\" style=\"width: 1100px\" class=\"wp-caption alignnone\"><img decoding=\"async\" class=\"size-full wp-image-3705\" src=\"https:\/\/www.blackturtledive.com\/wp-content\/uploads\/2021\/01\/blackturtledive.com-buoyancy-world-dive-site-koh-tao-turtle-artificial-dive-site.jpg\" alt=\"Tauchplatz Buoyancy World k\u00fcnstliche Strukturen\" width=\"1100\" height=\"619\" srcset=\"https:\/\/www.blackturtledive.com\/wp-content\/uploads\/2021\/01\/blackturtledive.com-buoyancy-world-dive-site-koh-tao-turtle-artificial-dive-site.jpg 1100w, https:\/\/www.blackturtledive.com\/wp-content\/uploads\/2021\/01\/blackturtledive.com-buoyancy-world-dive-site-koh-tao-turtle-artificial-dive-site-300x169.jpg 300w, https:\/\/www.blackturtledive.com\/wp-content\/uploads\/2021\/01\/blackturtledive.com-buoyancy-world-dive-site-koh-tao-turtle-artificial-dive-site-1024x576.jpg 1024w, https:\/\/www.blackturtledive.com\/wp-content\/uploads\/2021\/01\/blackturtledive.com-buoyancy-world-dive-site-koh-tao-turtle-artificial-dive-site-768x432.jpg 768w, https:\/\/www.blackturtledive.com\/wp-content\/uploads\/2021\/01\/blackturtledive.com-buoyancy-world-dive-site-koh-tao-turtle-artificial-dive-site-150x84.jpg 150w\" sizes=\"(max-width: 1100px) 100vw, 1100px\" \/><figcaption id=\"caption-attachment-3705\" class=\"wp-caption-text\">Tauchplatz Buoyancy World k\u00fcnstliche Strukturen<\/figcaption><\/figure>\n<h3><span style=\"color: #28d4ff;\">Buoyancy World \u2013 Koralleng\u00e4rten<\/span><\/h3>\n<p>Es gibt hier Koralleng\u00e4rten, die sehr erfolgreich sind und ihre urspr\u00fcnglichen Strukturen mit vielen gesunden Staghorn-Korallen \u00fcberwachsen haben, umgeben von reichlich Meeresleben.<\/p>\n<p>Die Tiefe bei Buoyancy World liegt zwischen 10 und 16 Metern, und der Tauchplatz hat zweifellos viel Meeresleben in die Gegend gelockt.<\/p>\n<p>An diesem Tauchplatz sehen Sie viele der typischen Riff-Fische von Koh Tao, darunter <a href=\"https:\/\/www.blackturtledive.com\/koh-tao-marine-life\/tailfin-batfish\/\">Laternenfische<\/a> (Batfish), den rotbr\u00fcstigen Splendor-Wrasse, Gelb P\u00fcnktliche Ziegenfische, Mondwrassen, <a href=\"https:\/\/www.blackturtledive.com\/koh-tao-marine-life\/parrot-fish\/\">Papageienfische<\/a> und juvenile Sweetlips<\/p>\n<p>Buoyancy World ist eher ein <a href=\"https:\/\/www.blackturtledive.com\/blog\/10-interesting-facts-about-koh-tao-dive-sites\/\">Trainingsplatz<\/a>, aber f\u00fcr Tauch- und Naturschutz interessierte Taucher lohnt es sich, Buoyancy World in den Tauchplan f\u00fcr Twins zu integrieren.<\/p>\n<figure id=\"attachment_3703\" aria-describedby=\"caption-attachment-3703\" style=\"width: 1100px\" class=\"wp-caption alignnone\"><img decoding=\"async\" class=\"size-full wp-image-3703\" src=\"https:\/\/www.blackturtledive.com\/wp-content\/uploads\/2021\/01\/blackturtledive.com-buoyancy-world-dive-site-koh-tao-turtle-moray-eel.jpg\" alt=\"Tauchplatz Buoyancy World\" width=\"1100\" height=\"619\" srcset=\"https:\/\/www.blackturtledive.com\/wp-content\/uploads\/2021\/01\/blackturtledive.com-buoyancy-world-dive-site-koh-tao-turtle-moray-eel.jpg 1100w, https:\/\/www.blackturtledive.com\/wp-content\/uploads\/2021\/01\/blackturtledive.com-buoyancy-world-dive-site-koh-tao-turtle-moray-eel-300x169.jpg 300w, https:\/\/www.blackturtledive.com\/wp-content\/uploads\/2021\/01\/blackturtledive.com-buoyancy-world-dive-site-koh-tao-turtle-moray-eel-1024x576.jpg 1024w, https:\/\/www.blackturtledive.com\/wp-content\/uploads\/2021\/01\/blackturtledive.com-buoyancy-world-dive-site-koh-tao-turtle-moray-eel-768x432.jpg 768w, https:\/\/www.blackturtledive.com\/wp-content\/uploads\/2021\/01\/blackturtledive.com-buoyancy-world-dive-site-koh-tao-turtle-moray-eel-150x84.jpg 150w\" sizes=\"(max-width: 1100px) 100vw, 1100px\" \/><figcaption id=\"caption-attachment-3703\" class=\"wp-caption-text\">Tauchplatz Buoyancy World<\/figcaption><\/figure>\n<p>[\/vc_column_text][\/vc_column][\/vc_row]<\/p>\n<\/div>","protected":false},"excerpt":{"rendered":"<p>Der Tauchplatz Buoyancy World auf Koh Tao liegt vor der Westk\u00fcste der Insel Koh Nang Yuan und ist eine k\u00fcnstliche Tauchbasis, die von der lokalen Gemeinschaft ins Leben gerufen wurde.<\/p>\n","protected":false},"author":2,"featured_media":18283,"parent":18682,"menu_order":0,"comment_status":"closed","ping_status":"closed","template":"","meta":{"_acf_changed":false,"footnotes":""},"class_list":["post-18661","page","type-page","status-publish","has-post-thumbnail","hentry"],"acf":[],"yoast_head":"<!-- This site is optimized with the Yoast SEO Premium plugin v27.6 (Yoast SEO v27.6) - https:\/\/yoast.com\/product\/yoast-seo-premium-wordpress\/ -->\n<title>Buoyancy World Tauchplatz Koh Tao | Black Turtle Dive<\/title>\n<meta name=\"description\" content=\"Die Tauchbasis Buoyancy World auf Koh Tao liegt vor der Westk\u00fcste der Insel Koh Nang Yuan und ist eine k\u00fcnstliche Tauchbasis, die von der lokalen Gemeinschaft ins Leben gerufen wurde.\" \/>\n<meta name=\"robots\" content=\"index, follow, max-snippet:-1, max-image-preview:large, max-video-preview:-1\" \/>\n<link rel=\"canonical\" href=\"https:\/\/www.blackturtledive.com\/de\/koh-tao-dive-sites\/buoyancy-world\/\" \/>\n<meta property=\"og:locale\" content=\"de_DE\" \/>\n<meta property=\"og:type\" content=\"article\" \/>\n<meta property=\"og:title\" content=\"Buoyancy World Dive Site Koh Tao | Black Turtle Dive\" \/>\n<meta property=\"og:description\" content=\"Buoyancy world dive site on Koh Tao is located off the west coast of Koh Nang Yuan island and is an artificial dive site started by the local community\" \/>\n<meta property=\"og:url\" content=\"https:\/\/www.blackturtledive.com\/de\/koh-tao-dive-sites\/buoyancy-world\/\" \/>\n<meta property=\"og:site_name\" content=\"Black Turtle Dive Koh Tao\" \/>\n<meta property=\"article:publisher\" content=\"https:\/\/www.facebook.com\/blackturtledive\" \/>\n<meta property=\"article:modified_time\" content=\"2026-05-05T14:24:40+00:00\" \/>\n<meta property=\"og:image\" content=\"https:\/\/www.blackturtledive.com\/wp-content\/uploads\/2020\/11\/blackturtledive.com-best-padi-divemaster-course-koh-tao.jpg\" \/>\n\t<meta property=\"og:image:width\" content=\"1200\" \/>\n\t<meta property=\"og:image:height\" content=\"800\" \/>\n\t<meta property=\"og:image:type\" content=\"image\/jpeg\" \/>\n<meta name=\"twitter:card\" content=\"summary_large_image\" \/>\n<meta name=\"twitter:title\" content=\"Buoyancy World Dive Site Koh Tao | Black Turtle Dive\" \/>\n<meta name=\"twitter:description\" content=\"Buoyancy world dive site on Koh Tao is located off the west coast of Koh Nang Yuan island and is an artificial dive site started by the local community\" \/>\n<meta name=\"twitter:image\" content=\"https:\/\/www.blackturtledive.com\/wp-content\/uploads\/2020\/11\/blackturtledive.com-best-padi-divemaster-course-koh-tao.jpg\" \/>\n<meta name=\"twitter:site\" content=\"@blackturtledive\" \/>\n<meta name=\"twitter:label1\" content=\"Gesch\u00e4tzte Lesezeit\" \/>\n\t<meta name=\"twitter:data1\" content=\"3\u00a0Minuten\" \/>\n<!-- \/ Yoast SEO Premium plugin. -->","yoast_head_json":{"title":"Buoyancy World Tauchplatz Koh Tao | Black Turtle Dive","description":"Die Tauchbasis Buoyancy World auf Koh Tao liegt vor der Westk\u00fcste der Insel Koh Nang Yuan und ist eine k\u00fcnstliche Tauchbasis, die von der lokalen Gemeinschaft ins Leben gerufen wurde.","robots":{"index":"index","follow":"follow","max-snippet":"max-snippet:-1","max-image-preview":"max-image-preview:large","max-video-preview":"max-video-preview:-1"},"canonical":"https:\/\/www.blackturtledive.com\/de\/koh-tao-dive-sites\/buoyancy-world\/","og_locale":"de_DE","og_type":"article","og_title":"Buoyancy World Dive Site Koh Tao | Black Turtle Dive","og_description":"Buoyancy world dive site on Koh Tao is located off the west coast of Koh Nang Yuan island and is an artificial dive site started by the local community","og_url":"https:\/\/www.blackturtledive.com\/de\/koh-tao-dive-sites\/buoyancy-world\/","og_site_name":"Black Turtle Dive Koh Tao","article_publisher":"https:\/\/www.facebook.com\/blackturtledive","article_modified_time":"2026-05-05T14:24:40+00:00","og_image":[{"width":1200,"height":800,"url":"https:\/\/www.blackturtledive.com\/wp-content\/uploads\/2020\/11\/blackturtledive.com-best-padi-divemaster-course-koh-tao.jpg","type":"image\/jpeg"}],"twitter_card":"summary_large_image","twitter_title":"Buoyancy World Dive Site Koh Tao | Black Turtle Dive","twitter_description":"Buoyancy world dive site on Koh Tao is located off the west coast of Koh Nang Yuan island and is an artificial dive site started by the local community","twitter_image":"https:\/\/www.blackturtledive.com\/wp-content\/uploads\/2020\/11\/blackturtledive.com-best-padi-divemaster-course-koh-tao.jpg","twitter_site":"@blackturtledive","twitter_misc":{"Gesch\u00e4tzte Lesezeit":"3\u00a0Minuten"},"schema":{"@context":"https:\/\/schema.org","@graph":[{"@type":"WebPage","@id":"https:\/\/www.blackturtledive.com\/de\/koh-tao-dive-sites\/buoyancy-world\/","url":"https:\/\/www.blackturtledive.com\/de\/koh-tao-dive-sites\/buoyancy-world\/","name":"Buoyancy World Tauchplatz Koh Tao | Black Turtle Dive","isPartOf":{"@id":"https:\/\/www.blackturtledive.com\/de\/#website"},"primaryImageOfPage":{"@id":"https:\/\/www.blackturtledive.com\/de\/koh-tao-dive-sites\/buoyancy-world\/#primaryimage"},"image":{"@id":"https:\/\/www.blackturtledive.com\/de\/koh-tao-dive-sites\/buoyancy-world\/#primaryimage"},"thumbnailUrl":"https:\/\/www.blackturtledive.com\/wp-content\/uploads\/2021\/01\/blackturtledive.com-buoyancy-world-dive-site-koh-tao-turtle-yellow-boxfish.jpg","datePublished":"2020-09-19T16:00:50+00:00","dateModified":"2026-05-05T14:24:40+00:00","description":"Die Tauchbasis Buoyancy World auf Koh Tao liegt vor der Westk\u00fcste der Insel Koh Nang Yuan und ist eine k\u00fcnstliche Tauchbasis, die von der lokalen Gemeinschaft ins Leben gerufen wurde.","breadcrumb":{"@id":"https:\/\/www.blackturtledive.com\/de\/koh-tao-dive-sites\/buoyancy-world\/#breadcrumb"},"inLanguage":"de","potentialAction":[{"@type":"ReadAction","target":["https:\/\/www.blackturtledive.com\/de\/koh-tao-dive-sites\/buoyancy-world\/"]}]},{"@type":"ImageObject","inLanguage":"de","@id":"https:\/\/www.blackturtledive.com\/de\/koh-tao-dive-sites\/buoyancy-world\/#primaryimage","url":"https:\/\/www.blackturtledive.com\/wp-content\/uploads\/2021\/01\/blackturtledive.com-buoyancy-world-dive-site-koh-tao-turtle-yellow-boxfish.jpg","contentUrl":"https:\/\/www.blackturtledive.com\/wp-content\/uploads\/2021\/01\/blackturtledive.com-buoyancy-world-dive-site-koh-tao-turtle-yellow-boxfish.jpg","width":1100,"height":619,"caption":"Buoyancy World Dive Site Koh Tao"},{"@type":"BreadcrumbList","@id":"https:\/\/www.blackturtledive.com\/de\/koh-tao-dive-sites\/buoyancy-world\/#breadcrumb","itemListElement":[{"@type":"ListItem","position":1,"name":"Home","item":"https:\/\/www.blackturtledive.com\/de\/"},{"@type":"ListItem","position":2,"name":"Koh Tao Tauchpl\u00e4tze","item":"https:\/\/www.blackturtledive.com\/de\/koh-tao-dive-sites\/"},{"@type":"ListItem","position":3,"name":"Buoyancy World"}]},{"@type":"WebSite","@id":"https:\/\/www.blackturtledive.com\/de\/#website","url":"https:\/\/www.blackturtledive.com\/de\/","name":"Black Turtle Dive Koh Tao","description":"Ocean Explorers | Marine Protectors","publisher":{"@id":"https:\/\/www.blackturtledive.com\/de\/#organization"},"alternateName":"Black Turtle Dive in Thailand","potentialAction":[{"@type":"SearchAction","target":{"@type":"EntryPoint","urlTemplate":"https:\/\/www.blackturtledive.com\/de\/?s={search_term_string}"},"query-input":{"@type":"PropertyValueSpecification","valueRequired":true,"valueName":"search_term_string"}}],"inLanguage":"de"},{"@type":"Organization","@id":"https:\/\/www.blackturtledive.com\/de\/#organization","name":"Black Turtle Dive Koh Tao","alternateName":"Black Turtle Dive","url":"https:\/\/www.blackturtledive.com\/de\/","logo":{"@type":"ImageObject","inLanguage":"de","@id":"https:\/\/www.blackturtledive.com\/de\/#\/schema\/logo\/image\/","url":"https:\/\/www.blackturtledive.com\/wp-content\/uploads\/2020\/11\/cropped-blackturtledive.com-brand-logo.png","contentUrl":"https:\/\/www.blackturtledive.com\/wp-content\/uploads\/2020\/11\/cropped-blackturtledive.com-brand-logo.png","width":400,"height":400,"caption":"Black Turtle Dive Koh Tao"},"image":{"@id":"https:\/\/www.blackturtledive.com\/de\/#\/schema\/logo\/image\/"},"sameAs":["https:\/\/www.facebook.com\/blackturtledive","https:\/\/x.com\/blackturtledive","https:\/\/www.instagram.com\/blackturtledive\/","https:\/\/www.youtube.com\/blackturtledive","https:\/\/www.linkedin.com\/company\/blackturtledive\/","https:\/\/www.tumblr.com\/blackturtledive","https:\/\/www.pinterest.com\/blackturtledive\/","https:\/\/www.tiktok.com\/@blackturtledive","https:\/\/www.reddit.com\/user\/blackturtledive\/"],"description":"Black Turtle Dive is a modern and innovative 5 Star Career Development Scuba Diving Center, passionate about the ocean and through training we want to empower you to become a competent and confident scuba diver. Our diving courses equip you with the skills, knowledge and awareness necessary to explore the ocean safely, whilst becoming a passionate advocate and protector of the marine environment. If you have never dived before or are a certified diver and want to develop your skills further, our tailored, bespoke courses and programs will inspire you to become an Ocean advocate. Our scientific based Marine Conservation Internships and training programs, offer aspiring scuba divers and marine conservationists, the best marine conservation internships on Koh Tao. We currently offer students six levels of Marine Conservation Internships at our beachside location on Koh Tao in Thailand. Check out our website for more information.","email":"info@blackturtledive.com","telephone":"089 592 2134","legalName":"Black Turtle Dive Co Ltd","foundingDate":"2020-01-01","publishingPrinciples":"https:\/\/www.blackturtledive.com\/terms\/","ownershipFundingInfo":"https:\/\/www.blackturtledive.com\/terms\/","actionableFeedbackPolicy":"https:\/\/www.blackturtledive.com\/privacy-policy\/","correctionsPolicy":"https:\/\/www.blackturtledive.com\/privacy-policy\/","ethicsPolicy":"https:\/\/www.blackturtledive.com\/privacy-policy\/","diversityPolicy":"https:\/\/www.blackturtledive.com\/privacy-policy\/"}]}},"_links":{"self":[{"href":"https:\/\/www.blackturtledive.com\/de\/wp-json\/wp\/v2\/pages\/18661","targetHints":{"allow":["GET"]}}],"collection":[{"href":"https:\/\/www.blackturtledive.com\/de\/wp-json\/wp\/v2\/pages"}],"about":[{"href":"https:\/\/www.blackturtledive.com\/de\/wp-json\/wp\/v2\/types\/page"}],"author":[{"embeddable":true,"href":"https:\/\/www.blackturtledive.com\/de\/wp-json\/wp\/v2\/users\/2"}],"replies":[{"embeddable":true,"href":"https:\/\/www.blackturtledive.com\/de\/wp-json\/wp\/v2\/comments?post=18661"}],"version-history":[{"count":1,"href":"https:\/\/www.blackturtledive.com\/de\/wp-json\/wp\/v2\/pages\/18661\/revisions"}],"predecessor-version":[{"id":70898,"href":"https:\/\/www.blackturtledive.com\/de\/wp-json\/wp\/v2\/pages\/18661\/revisions\/70898"}],"up":[{"embeddable":true,"href":"https:\/\/www.blackturtledive.com\/de\/wp-json\/wp\/v2\/pages\/18682"}],"wp:featuredmedia":[{"embeddable":true,"href":"https:\/\/www.blackturtledive.com\/de\/wp-json\/wp\/v2\/media\/18283"}],"wp:attachment":[{"href":"https:\/\/www.blackturtledive.com\/de\/wp-json\/wp\/v2\/media?parent=18661"}],"curies":[{"name":"wp","href":"https:\/\/api.w.org\/{rel}","templated":true}]}}