{"id":18662,"date":"2020-09-19T22:58:57","date_gmt":"2020-09-19T15:58:57","guid":{"rendered":"https:\/\/www.blackturtledive.com\/hin-pee-wee\/"},"modified":"2026-05-05T21:24:41","modified_gmt":"2026-05-05T14:24:41","slug":"hin-pee-wee","status":"publish","type":"page","link":"https:\/\/www.blackturtledive.com\/de\/koh-tao-dive-sites\/hin-pee-wee\/","title":{"rendered":"Hin Pee Wee"},"content":{"rendered":"<div class=\"wpb-content-wrapper\"><p>[vc_row][vc_column][vc_column_text css=&#8220;&#8220;]Hin Pee Wee ist ein Pinnakel\u2011Cluster n\u00f6rdlich des HTMS Sattakut, bekannt f\u00fcr seine hohe Dichte an Makrolebewesen und das Wachstum von Weichkorallen.<\/p>\n<p>Mit Tiefen von 7 bis 28 Metern wird die Stelle oft in Kombination mit dem Wrack betaucht und bietet einen biologischen Kontrast zur k\u00fcnstlichen Struktur in der N\u00e4he.<\/p>\n<p>Der Tauchplatz ist ein Favorit zum Auffinden von Nacktschnecken, Seenadeln und dem scheuen Ornament\u2011Geisterfisch und daher ein Muss f\u00fcr Unterwasserfotografen auf Koh Tao.<\/p>\n<h3><span style=\"color: #28d4ff;\">Erfahren Sie mehr \u00fcber den Tauchplatz Hin Pee Wee auf Koh Tao<\/span><\/h3>\n<p>Der Tauchplatz in Pee Wee liegt nur wenige Meter n\u00f6rdlich des Wracks <a href=\"https:\/\/www.blackturtledive.com\/koh-tao-dive-sites\/htms-sattakut\/\">HTMS Sattakut<\/a> und ist ein ausgezeichneter <a href=\"https:\/\/www.blackturtledive.com\/koh-tao-dive-sites\/\">Tauchplatz<\/a> mit einer F\u00fclle an <a href=\"https:\/\/www.blackturtledive.com\/koh-tao-marine-life\/\">Meeresleben<\/a><\/p>\n<ul>\n<li>Lage: 2 km vor der Westk\u00fcste von Koh Tao<\/li>\n<li>Tiefe: 8 m \u2013 28 m<\/li>\n<li>Art des Tauchplatzes: Kleine Nadeln \/ Pinnacles<\/li>\n<li>Schwierigkeitsgrad: <a href=\"https:\/\/www.blackturtledive.com\/padi-diving-courses\/advanced-open-water-course\/\">Advanced Open Water<\/a> Diver<\/li>\n<li>Bedingungen: Sicht kann schlecht sein, m\u00e4\u00dfige Str\u00f6mung m\u00f6glich<\/li>\n<li>Durchschnittliche Sichtweite: 2\u201310 m<\/li>\n<\/ul>\n<figure id=\"attachment_3610\" aria-describedby=\"caption-attachment-3610\" style=\"width: 1100px\" class=\"wp-caption alignnone\"><img decoding=\"async\" class=\"size-full wp-image-3610\" src=\"https:\/\/www.blackturtledive.com\/wp-content\/uploads\/2021\/01\/blackturtledive.com-hin-pee-wee-dive-site-koh-tao-thailand.jpg\" alt=\"Tauchplatz Hin Pee Wee Koh Tao\" width=\"1100\" height=\"619\" srcset=\"https:\/\/www.blackturtledive.com\/wp-content\/uploads\/2021\/01\/blackturtledive.com-hin-pee-wee-dive-site-koh-tao-thailand.jpg 1100w, https:\/\/www.blackturtledive.com\/wp-content\/uploads\/2021\/01\/blackturtledive.com-hin-pee-wee-dive-site-koh-tao-thailand-300x169.jpg 300w, https:\/\/www.blackturtledive.com\/wp-content\/uploads\/2021\/01\/blackturtledive.com-hin-pee-wee-dive-site-koh-tao-thailand-1024x576.jpg 1024w, https:\/\/www.blackturtledive.com\/wp-content\/uploads\/2021\/01\/blackturtledive.com-hin-pee-wee-dive-site-koh-tao-thailand-768x432.jpg 768w, https:\/\/www.blackturtledive.com\/wp-content\/uploads\/2021\/01\/blackturtledive.com-hin-pee-wee-dive-site-koh-tao-thailand-150x84.jpg 150w\" sizes=\"(max-width: 1100px) 100vw, 1100px\" \/><figcaption id=\"caption-attachment-3610\" class=\"wp-caption-text\">Tauchplatz Hin Pee Wee Koh Tao<\/figcaption><\/figure>\n<p>Etwa 200 Meter s\u00fcdlich von <a href=\"https:\/\/www.blackturtledive.com\/koh-tao-dive-sites\/white-rock\/\">White Rock<\/a> und 30 Meter vom Wrack HTMS Sattakut entfernt liegt Hin Pee Wee \u2014 einer der wenigen h\u00e4ufig besuchten <a href=\"https:\/\/www.blackturtledive.com\/blog\/10-interesting-facts-about-koh-tao-dive-sites\/\">Tauchpl\u00e4tze<\/a> rund um Koh Tao.<\/p>\n<p>Das liegt haupts\u00e4chlich an seiner kleinen Gr\u00f6\u00dfe, der Tiefe und der oft unterdurchschnittlichen Sicht. In einer kleinen Gruppe zur richtigen Zeit kann Hin Pee Wee aber ein hervorragender Tauchplatz f\u00fcr <a href=\"https:\/\/www.blackturtledive.com\/padi-diving-courses\/\">Taucher<\/a> sein.<\/p>\n<p>Die Hauptnadel des Felsens liegt etwa 8 Meter unter der Oberfl\u00e4che; das Gel\u00e4nde f\u00e4llt auf rund 20 Meter ab und n\u00f6rdlich des Tauchplatzes gibt es eine Reihe kleinerer Pinnacles.<\/p>\n<figure id=\"attachment_3723\" aria-describedby=\"caption-attachment-3723\" style=\"width: 1100px\" class=\"wp-caption alignnone\"><img decoding=\"async\" class=\"size-full wp-image-3723\" src=\"https:\/\/www.blackturtledive.com\/wp-content\/uploads\/2021\/01\/blackturtledive.com-hin-pee-wee-dive-site-koh-tao.jpg\" alt=\"Tauchplatz Hin Pee Wee - Meeresleben\" width=\"1100\" height=\"619\" srcset=\"https:\/\/www.blackturtledive.com\/wp-content\/uploads\/2021\/01\/blackturtledive.com-hin-pee-wee-dive-site-koh-tao.jpg 1100w, https:\/\/www.blackturtledive.com\/wp-content\/uploads\/2021\/01\/blackturtledive.com-hin-pee-wee-dive-site-koh-tao-300x169.jpg 300w, https:\/\/www.blackturtledive.com\/wp-content\/uploads\/2021\/01\/blackturtledive.com-hin-pee-wee-dive-site-koh-tao-1024x576.jpg 1024w, https:\/\/www.blackturtledive.com\/wp-content\/uploads\/2021\/01\/blackturtledive.com-hin-pee-wee-dive-site-koh-tao-768x432.jpg 768w, https:\/\/www.blackturtledive.com\/wp-content\/uploads\/2021\/01\/blackturtledive.com-hin-pee-wee-dive-site-koh-tao-150x84.jpg 150w\" sizes=\"(max-width: 1100px) 100vw, 1100px\" \/><figcaption id=\"caption-attachment-3723\" class=\"wp-caption-text\">Tauchplatz Hin Pee Wee &#8211; Meeresleben<\/figcaption><\/figure>\n<h3>Hin Pee Wee Felsen-Pinnacles<\/h3>\n<p>S\u00fcd\u00f6stlich finden sich weitere kleine Felsformationen und der Platz f\u00e4llt dort auf etwa 28 Meter ab.<\/p>\n<p>An dieser Stelle sieht man oft <span style=\"color: #28d4ff;\">Langgesicht-Kaiserfische<\/span> in kleinen Gruppen, die ihre Farbe wechseln.<\/p>\n<p>Hin Pee Wee ist mit verschiedenen Hart- und Weichkorallen bedeckt, darunter Seef\u00e4cher, Peitschenkorallen, Tischkorallen und Anemonen.<\/p>\n<h3><span style=\"color: #28d4ff;\">Hart- und Weichkorallen am Tauchplatz Hin Pee Wee<\/span><\/h3>\n<p>Bei genauem Hinsehen entdeckt man einen <a href=\"https:\/\/www.blackturtledive.com\/koh-tao-marine-life\/bearded-scorpion-fish\/\">bart tragenden Skorpionfisch<\/a>, der sich gegen die Felsen tarnt, und in den kleinen Rissen und Spalten findet man viel interessantes Mikroleben, wie kleine Einsiedlerkrebse.<\/p>\n<p>Innerhalb des Felsenbereichs trifft man auf braun getigerte Zackenbarsche, Mondwissen und mehrere Arten von Doktor-\/B\u00e4rtigen Fischen.<\/p>\n<figure id=\"attachment_3448\" aria-describedby=\"caption-attachment-3448\" style=\"width: 1000px\" class=\"wp-caption alignnone\"><img decoding=\"async\" class=\"size-full wp-image-3448\" src=\"https:\/\/www.blackturtledive.com\/wp-content\/uploads\/2021\/01\/blackturtledive.com-hawksbill-sea-turtle-swimming-koh-tao.jpg\" alt=\"Echte Karettschildkr\u00f6te - Meeresleben Koh Tao\" width=\"1000\" height=\"648\" srcset=\"https:\/\/www.blackturtledive.com\/wp-content\/uploads\/2021\/01\/blackturtledive.com-hawksbill-sea-turtle-swimming-koh-tao.jpg 1000w, https:\/\/www.blackturtledive.com\/wp-content\/uploads\/2021\/01\/blackturtledive.com-hawksbill-sea-turtle-swimming-koh-tao-300x194.jpg 300w, https:\/\/www.blackturtledive.com\/wp-content\/uploads\/2021\/01\/blackturtledive.com-hawksbill-sea-turtle-swimming-koh-tao-768x498.jpg 768w, https:\/\/www.blackturtledive.com\/wp-content\/uploads\/2021\/01\/blackturtledive.com-hawksbill-sea-turtle-swimming-koh-tao-150x97.jpg 150w\" sizes=\"(max-width: 1000px) 100vw, 1000px\" \/><figcaption id=\"caption-attachment-3448\" class=\"wp-caption-text\">Echte Karettschildkr\u00f6te &#8211; Meeresleben Koh Tao<\/figcaption><\/figure>\n<h3>Ruhende Meeresschildkr\u00f6ten<\/h3>\n<p>See\u00adschlangen besuchen Hin Pee Wee regelm\u00e4\u00dfig; auch Schulen von jungen <a href=\"https:\/\/www.blackturtledive.com\/koh-tao-marine-life\/yellow-tail-barracuda\/\">Gelbschwanz-Barrakudas<\/a> und verschiedene Schnapper sind hier anzutreffen.<\/p>\n<p><a href=\"https:\/\/www.blackturtledive.com\/koh-tao-marine-life\/great-barracuda\/\">Gro\u00dfe Barrakudas<\/a> halten sich an der Spitze der Nadel auf und h\u00e4ufig liegen <a href=\"https:\/\/www.blackturtledive.com\/conservation\/marine-conservation-courses\/sea-turtle-awareness-specialty\/\">Meeresschildkr\u00f6ten<\/a> auf den auskragenden Simsfl\u00e4chen der Pinnacle und ruhen dort.<\/p>\n<p>Hin Pee Wee wird oft von Tauchern als Durchgangsstelle genutzt, die vom HTMS Sattakut zum White Rock tauchen. <span style=\"color: #28d4ff;\">Unsere Empfehlung<\/span>: Verbringen Sie einen ganzen Tauchgang an diesem faszinierenden Ort.[\/vc_column_text][\/vc_column][\/vc_row]<\/p>\n<\/div>","protected":false},"excerpt":{"rendered":"<p>Der Tauchplatz Hin Pee Wee auf Koh Tao liegt nur wenige Meter n\u00f6rdlich des Wracks der HTMS Sattakut und ist ein hervorragender Tauchplatz mit einer F\u00fclle an Meereslebewesen.<\/p>\n","protected":false},"author":2,"featured_media":18286,"parent":18682,"menu_order":0,"comment_status":"closed","ping_status":"closed","template":"","meta":{"_acf_changed":false,"footnotes":""},"class_list":["post-18662","page","type-page","status-publish","has-post-thumbnail","hentry"],"acf":[],"yoast_head":"<!-- This site is optimized with the Yoast SEO Premium plugin v27.6 (Yoast SEO v27.6) - https:\/\/yoast.com\/product\/yoast-seo-premium-wordpress\/ -->\n<title>Hin Pee Wee Tauchplatz Koh Tao | Black Turtle Dive<\/title>\n<meta name=\"description\" content=\"Der Tauchplatz Hin Pee Wee auf Koh Tao liegt nur wenige Meter n\u00f6rdlich des Wracks der HTMS Sattakut und ist ein hervorragender Tauchplatz mit einer F\u00fclle an Meereslebewesen.\" \/>\n<meta name=\"robots\" content=\"index, follow, max-snippet:-1, max-image-preview:large, max-video-preview:-1\" \/>\n<link rel=\"canonical\" href=\"https:\/\/www.blackturtledive.com\/de\/koh-tao-dive-sites\/hin-pee-wee\/\" \/>\n<meta property=\"og:locale\" content=\"de_DE\" \/>\n<meta property=\"og:type\" content=\"article\" \/>\n<meta property=\"og:title\" content=\"Hin Pee Wee Dive Site Koh Tao\u00a0| Black Turtle Dive\" \/>\n<meta property=\"og:description\" content=\"Hin Pee Wee dive site on Koh Tao is located just a few metres to the north of HTMS Sattakut wreck and is an excellent site with an abundance of marine life\" \/>\n<meta property=\"og:url\" content=\"https:\/\/www.blackturtledive.com\/de\/koh-tao-dive-sites\/hin-pee-wee\/\" \/>\n<meta property=\"og:site_name\" content=\"Black Turtle Dive Koh Tao\" \/>\n<meta property=\"article:publisher\" content=\"https:\/\/www.facebook.com\/blackturtledive\" \/>\n<meta property=\"article:modified_time\" content=\"2026-05-05T14:24:41+00:00\" \/>\n<meta property=\"og:image\" content=\"https:\/\/www.blackturtledive.com\/wp-content\/uploads\/2020\/11\/blackturtledive.com-best-padi-divemaster-course-koh-tao.jpg\" \/>\n\t<meta property=\"og:image:width\" content=\"1200\" \/>\n\t<meta property=\"og:image:height\" content=\"800\" \/>\n\t<meta property=\"og:image:type\" content=\"image\/jpeg\" \/>\n<meta name=\"twitter:card\" content=\"summary_large_image\" \/>\n<meta name=\"twitter:title\" content=\"Hin Pee Wee Dive Site Koh Tao\u00a0| Black Turtle Dive\" \/>\n<meta name=\"twitter:description\" content=\"Hin Pee Wee dive site on Koh Tao is located just a few metres to the north of HTMS Sattakut wreck and is an excellent site with an abundance of marine life\" \/>\n<meta name=\"twitter:image\" content=\"https:\/\/www.blackturtledive.com\/wp-content\/uploads\/2020\/11\/blackturtledive.com-best-padi-divemaster-course-koh-tao.jpg\" \/>\n<meta name=\"twitter:site\" content=\"@blackturtledive\" \/>\n<meta name=\"twitter:label1\" content=\"Gesch\u00e4tzte Lesezeit\" \/>\n\t<meta name=\"twitter:data1\" content=\"3\u00a0Minuten\" \/>\n<!-- \/ Yoast SEO Premium plugin. -->","yoast_head_json":{"title":"Hin Pee Wee Tauchplatz Koh Tao | Black Turtle Dive","description":"Der Tauchplatz Hin Pee Wee auf Koh Tao liegt nur wenige Meter n\u00f6rdlich des Wracks der HTMS Sattakut und ist ein hervorragender Tauchplatz mit einer F\u00fclle an Meereslebewesen.","robots":{"index":"index","follow":"follow","max-snippet":"max-snippet:-1","max-image-preview":"max-image-preview:large","max-video-preview":"max-video-preview:-1"},"canonical":"https:\/\/www.blackturtledive.com\/de\/koh-tao-dive-sites\/hin-pee-wee\/","og_locale":"de_DE","og_type":"article","og_title":"Hin Pee Wee Dive Site Koh Tao\u00a0| Black Turtle Dive","og_description":"Hin Pee Wee dive site on Koh Tao is located just a few metres to the north of HTMS Sattakut wreck and is an excellent site with an abundance of marine life","og_url":"https:\/\/www.blackturtledive.com\/de\/koh-tao-dive-sites\/hin-pee-wee\/","og_site_name":"Black Turtle Dive Koh Tao","article_publisher":"https:\/\/www.facebook.com\/blackturtledive","article_modified_time":"2026-05-05T14:24:41+00:00","og_image":[{"width":1200,"height":800,"url":"https:\/\/www.blackturtledive.com\/wp-content\/uploads\/2020\/11\/blackturtledive.com-best-padi-divemaster-course-koh-tao.jpg","type":"image\/jpeg"}],"twitter_card":"summary_large_image","twitter_title":"Hin Pee Wee Dive Site Koh Tao\u00a0| Black Turtle Dive","twitter_description":"Hin Pee Wee dive site on Koh Tao is located just a few metres to the north of HTMS Sattakut wreck and is an excellent site with an abundance of marine life","twitter_image":"https:\/\/www.blackturtledive.com\/wp-content\/uploads\/2020\/11\/blackturtledive.com-best-padi-divemaster-course-koh-tao.jpg","twitter_site":"@blackturtledive","twitter_misc":{"Gesch\u00e4tzte Lesezeit":"3\u00a0Minuten"},"schema":{"@context":"https:\/\/schema.org","@graph":[{"@type":"WebPage","@id":"https:\/\/www.blackturtledive.com\/de\/koh-tao-dive-sites\/hin-pee-wee\/","url":"https:\/\/www.blackturtledive.com\/de\/koh-tao-dive-sites\/hin-pee-wee\/","name":"Hin Pee Wee Tauchplatz Koh Tao | Black Turtle Dive","isPartOf":{"@id":"https:\/\/www.blackturtledive.com\/de\/#website"},"primaryImageOfPage":{"@id":"https:\/\/www.blackturtledive.com\/de\/koh-tao-dive-sites\/hin-pee-wee\/#primaryimage"},"image":{"@id":"https:\/\/www.blackturtledive.com\/de\/koh-tao-dive-sites\/hin-pee-wee\/#primaryimage"},"thumbnailUrl":"https:\/\/www.blackturtledive.com\/wp-content\/uploads\/2021\/01\/blackturtledive.com-hin-pee-wee-dive-site-koh-tao-thailand.jpg","datePublished":"2020-09-19T15:58:57+00:00","dateModified":"2026-05-05T14:24:41+00:00","description":"Der Tauchplatz Hin Pee Wee auf Koh Tao liegt nur wenige Meter n\u00f6rdlich des Wracks der HTMS Sattakut und ist ein hervorragender Tauchplatz mit einer F\u00fclle an Meereslebewesen.","breadcrumb":{"@id":"https:\/\/www.blackturtledive.com\/de\/koh-tao-dive-sites\/hin-pee-wee\/#breadcrumb"},"inLanguage":"de","potentialAction":[{"@type":"ReadAction","target":["https:\/\/www.blackturtledive.com\/de\/koh-tao-dive-sites\/hin-pee-wee\/"]}]},{"@type":"ImageObject","inLanguage":"de","@id":"https:\/\/www.blackturtledive.com\/de\/koh-tao-dive-sites\/hin-pee-wee\/#primaryimage","url":"https:\/\/www.blackturtledive.com\/wp-content\/uploads\/2021\/01\/blackturtledive.com-hin-pee-wee-dive-site-koh-tao-thailand.jpg","contentUrl":"https:\/\/www.blackturtledive.com\/wp-content\/uploads\/2021\/01\/blackturtledive.com-hin-pee-wee-dive-site-koh-tao-thailand.jpg","width":1100,"height":619,"caption":"Hin Pee Wee Dive Site Koh Tao"},{"@type":"BreadcrumbList","@id":"https:\/\/www.blackturtledive.com\/de\/koh-tao-dive-sites\/hin-pee-wee\/#breadcrumb","itemListElement":[{"@type":"ListItem","position":1,"name":"Home","item":"https:\/\/www.blackturtledive.com\/de\/"},{"@type":"ListItem","position":2,"name":"Koh Tao Tauchpl\u00e4tze","item":"https:\/\/www.blackturtledive.com\/de\/koh-tao-dive-sites\/"},{"@type":"ListItem","position":3,"name":"Hin Pee Wee"}]},{"@type":"WebSite","@id":"https:\/\/www.blackturtledive.com\/de\/#website","url":"https:\/\/www.blackturtledive.com\/de\/","name":"Black Turtle Dive Koh Tao","description":"Ocean Explorers | Marine Protectors","publisher":{"@id":"https:\/\/www.blackturtledive.com\/de\/#organization"},"alternateName":"Black Turtle Dive in Thailand","potentialAction":[{"@type":"SearchAction","target":{"@type":"EntryPoint","urlTemplate":"https:\/\/www.blackturtledive.com\/de\/?s={search_term_string}"},"query-input":{"@type":"PropertyValueSpecification","valueRequired":true,"valueName":"search_term_string"}}],"inLanguage":"de"},{"@type":"Organization","@id":"https:\/\/www.blackturtledive.com\/de\/#organization","name":"Black Turtle Dive Koh Tao","alternateName":"Black Turtle Dive","url":"https:\/\/www.blackturtledive.com\/de\/","logo":{"@type":"ImageObject","inLanguage":"de","@id":"https:\/\/www.blackturtledive.com\/de\/#\/schema\/logo\/image\/","url":"https:\/\/www.blackturtledive.com\/wp-content\/uploads\/2020\/11\/cropped-blackturtledive.com-brand-logo.png","contentUrl":"https:\/\/www.blackturtledive.com\/wp-content\/uploads\/2020\/11\/cropped-blackturtledive.com-brand-logo.png","width":400,"height":400,"caption":"Black Turtle Dive Koh Tao"},"image":{"@id":"https:\/\/www.blackturtledive.com\/de\/#\/schema\/logo\/image\/"},"sameAs":["https:\/\/www.facebook.com\/blackturtledive","https:\/\/x.com\/blackturtledive","https:\/\/www.instagram.com\/blackturtledive\/","https:\/\/www.youtube.com\/blackturtledive","https:\/\/www.linkedin.com\/company\/blackturtledive\/","https:\/\/www.tumblr.com\/blackturtledive","https:\/\/www.pinterest.com\/blackturtledive\/","https:\/\/www.tiktok.com\/@blackturtledive","https:\/\/www.reddit.com\/user\/blackturtledive\/"],"description":"Black Turtle Dive is a modern and innovative 5 Star Career Development Scuba Diving Center, passionate about the ocean and through training we want to empower you to become a competent and confident scuba diver. Our diving courses equip you with the skills, knowledge and awareness necessary to explore the ocean safely, whilst becoming a passionate advocate and protector of the marine environment. If you have never dived before or are a certified diver and want to develop your skills further, our tailored, bespoke courses and programs will inspire you to become an Ocean advocate. Our scientific based Marine Conservation Internships and training programs, offer aspiring scuba divers and marine conservationists, the best marine conservation internships on Koh Tao. We currently offer students six levels of Marine Conservation Internships at our beachside location on Koh Tao in Thailand. Check out our website for more information.","email":"info@blackturtledive.com","telephone":"089 592 2134","legalName":"Black Turtle Dive Co Ltd","foundingDate":"2020-01-01","publishingPrinciples":"https:\/\/www.blackturtledive.com\/terms\/","ownershipFundingInfo":"https:\/\/www.blackturtledive.com\/terms\/","actionableFeedbackPolicy":"https:\/\/www.blackturtledive.com\/privacy-policy\/","correctionsPolicy":"https:\/\/www.blackturtledive.com\/privacy-policy\/","ethicsPolicy":"https:\/\/www.blackturtledive.com\/privacy-policy\/","diversityPolicy":"https:\/\/www.blackturtledive.com\/privacy-policy\/"}]}},"_links":{"self":[{"href":"https:\/\/www.blackturtledive.com\/de\/wp-json\/wp\/v2\/pages\/18662","targetHints":{"allow":["GET"]}}],"collection":[{"href":"https:\/\/www.blackturtledive.com\/de\/wp-json\/wp\/v2\/pages"}],"about":[{"href":"https:\/\/www.blackturtledive.com\/de\/wp-json\/wp\/v2\/types\/page"}],"author":[{"embeddable":true,"href":"https:\/\/www.blackturtledive.com\/de\/wp-json\/wp\/v2\/users\/2"}],"replies":[{"embeddable":true,"href":"https:\/\/www.blackturtledive.com\/de\/wp-json\/wp\/v2\/comments?post=18662"}],"version-history":[{"count":1,"href":"https:\/\/www.blackturtledive.com\/de\/wp-json\/wp\/v2\/pages\/18662\/revisions"}],"predecessor-version":[{"id":70899,"href":"https:\/\/www.blackturtledive.com\/de\/wp-json\/wp\/v2\/pages\/18662\/revisions\/70899"}],"up":[{"embeddable":true,"href":"https:\/\/www.blackturtledive.com\/de\/wp-json\/wp\/v2\/pages\/18682"}],"wp:featuredmedia":[{"embeddable":true,"href":"https:\/\/www.blackturtledive.com\/de\/wp-json\/wp\/v2\/media\/18286"}],"wp:attachment":[{"href":"https:\/\/www.blackturtledive.com\/de\/wp-json\/wp\/v2\/media?parent=18662"}],"curies":[{"name":"wp","href":"https:\/\/api.w.org\/{rel}","templated":true}]}}