{"id":18663,"date":"2020-09-19T22:58:32","date_gmt":"2020-09-19T15:58:32","guid":{"rendered":"https:\/\/www.blackturtledive.com\/htms-sattakut\/"},"modified":"2026-05-05T21:24:42","modified_gmt":"2026-05-05T14:24:42","slug":"htms-sattakut","status":"publish","type":"page","link":"https:\/\/www.blackturtledive.com\/de\/koh-tao-dive-sites\/htms-sattakut\/","title":{"rendered":"HTMS Sattakut"},"content":{"rendered":"<div class=\"wpb-content-wrapper\"><p>[vc_row][vc_column][vc_column_text css=&#8220;&#8220;]Die HTMS Sattakut ist ein ehemaliges US\u2011Navy\u2011Schiff aus dem Zweiten Weltkrieg, das 2011 au\u00dfer Dienst gestellt und versenkt wurde, um einen erstklassigen Wracktauchplatz vor Koh Tao zu schaffen.<\/p>\n<p>Das 49 Meter lange Schiff liegt in maximal 30 Metern Tiefe und ist ein ideales Ausbildungsgebiet f\u00fcr PADI\u2011Wracktauchen und Enriched Air (Nitrox)-Spezialkurse.<\/p>\n<p>Taucher k\u00f6nnen die Kanonen und die Br\u00fccke des Schiffes erkunden und dabei gro\u00dfe Schw\u00e4rme von Fusiliers und Schnappern beobachten, die die Struktur als Schutz gegen Str\u00f6mungen nutzen.<\/p>\n<h3><span style=\"color: #28d4ff;\">Erfahren Sie mehr \u00fcber den HTMS Sattakut Tauchplatz auf Koh Tao.<\/span><\/h3>\n<p>Das HTMS Sattakut Wrack aus dem Zweiten Weltkrieg liegt nur 20 Minuten mit dem Tauchboot vom Hauptpier entfernt und bietet fortgeschrittenen<a href=\"https:\/\/www.blackturtledive.com\/padi-diving-courses\/\"> Tauchern<\/a> einen hervorragenden 30-Meter-Tauchgang, um ein gesunkenes Schiff zu erkunden.<\/p>\n<ul>\n<li>Lage: Westseite von Koh Tao, s\u00fcd\u00f6stlich von <a href=\"https:\/\/www.blackturtledive.com\/koh-tao-dive-sites\/hin-pee-wee\/\">Hin Pee Wee<\/a><\/li>\n<li>Tiefe: 18\u201330 Meter<\/li>\n<li>Art des Tauchplatzes: Schiffswrack<\/li>\n<li>Niveau: <a href=\"https:\/\/www.blackturtledive.com\/padi-diving-courses\/advanced-open-water-course\/\">Advanced Open Water<\/a> diver<\/li>\n<li>Bedingungen: Die Sicht kann schlecht sein<\/li>\n<li>Durchschnittliche Sichtweite: 2\u201310 Meter<\/li>\n<\/ul>\n<div  data-ep-a=\"fadeIn\"  id=\"_ytid_10365\"  width=\"640\" height=\"360\"  data-origwidth=\"640\" data-origheight=\"360\"  data-relstop=\"1\" data-facadesrc=\"https:\/\/www.youtube.com\/embed\/UqqHiXSJO1w?enablejsapi=1&origin=https:\/\/www.blackturtledive.com&autoplay=0&cc_load_policy=0&cc_lang_pref=&iv_load_policy=1&loop=0&rel=0&fs=1&playsinline=0&autohide=2&theme=dark&color=red&controls=1&disablekb=0&\" class=\"__youtube_prefs__ epyt-facade  no-lazyload\" data-epautoplay=\"1\" ><img decoding=\"async\" data-spai-excluded=\"true\" class=\"epyt-facade-poster skip-lazy\" loading=\"lazy\"  alt=\"HTMS Sattakut Dive Site Koh Tao in Thailand\"  src=\"https:\/\/i.ytimg.com\/vi\/UqqHiXSJO1w\/maxresdefault.jpg\"  \/><button class=\"epyt-facade-play\" aria-label=\"Play\"><svg data-no-lazy=\"1\" height=\"100%\" version=\"1.1\" viewBox=\"0 0 68 48\" width=\"100%\"><path class=\"ytp-large-play-button-bg\" d=\"M66.52,7.74c-0.78-2.93-2.49-5.41-5.42-6.19C55.79,.13,34,0,34,0S12.21,.13,6.9,1.55 C3.97,2.33,2.27,4.81,1.48,7.74C0.06,13.05,0,24,0,24s0.06,10.95,1.48,16.26c0.78,2.93,2.49,5.41,5.42,6.19 C12.21,47.87,34,48,34,48s21.79-0.13,27.1-1.55c2.93-0.78,4.64-3.26,5.42-6.19C67.94,34.95,68,24,68,24S67.94,13.05,66.52,7.74z\" fill=\"#f00\"><\/path><path d=\"M 45,24 27,14 27,34\" fill=\"#fff\"><\/path><\/svg><\/button><\/div><span itemprop=\"video\" itemscope itemtype=\"http:\/\/schema.org\/VideoObject\"><meta itemprop=\"embedUrl\" content=\"https:\/\/www.youtube.com\/embed\/UqqHiXSJO1w\"><meta itemprop=\"name\" content=\"HTMS Sattakut Dive Site Koh Tao in Thailand\"><meta itemprop=\"description\" content=\"HTMS Sattakut WWII wreck is located just 20minutes from the main pier by dive boat and offers Advanced scuba divers an excellent 30metre dive exploring a sunken wreck. Location: West Koh Tao South-East of Hin Pee Wee Depth: 18-30 metres Type of site: Shipwreck Level: Advanced Open Water diver Conditions: Visibility can be poor Average Visibility: 2-10 metres One of the largest and most successful Artificial dive site projects on Koh Tao is HTMS Sattakut that was sunk in 2011 and has fast become one of the most popular dive sites on the island. Check out more of our dive sites: https:\/\/www.blackturtledive.com\/koh-tao-dive-sites\/htms-sattakut\/ Footage: \ud83d\ude4f\ud83c\udffb. \ud83c\udfac Wet Lens Images (https:\/\/www.youtube.com\/channel\/UCVB6Hza4P2ct7SgAo7I9n7g)\"><meta itemprop=\"thumbnailUrl\" content=\"https:\/\/i.ytimg.com\/vi\/UqqHiXSJO1w\/0.jpg\"><meta itemprop=\"duration\" content=\"PT56S\"><meta itemprop=\"uploadDate\" content=\"2021-01-28T07:28:05Z\"><\/span>\n<h3>Discover HTMS Sattakut Wreck Dive Site Koh Tao<\/h3>\n<p>Eines der gr\u00f6\u00dften und erfolgreichsten <a href=\"https:\/\/www.blackturtledive.com\/conservation\/marine-conservation-courses\/artificial-dive-sites\/\">k\u00fcnstlichen Tauchplatz Projekte<\/a> auf <a href=\"https:\/\/www.blackturtledive.com\/koh-tao\/\">Koh Tao<\/a> ist die HTMS Sattakut, die 2011 versenkt wurde und schnell zu einem der beliebtesten <a href=\"https:\/\/www.blackturtledive.com\/koh-tao-dive-sites\/\">Tauchpl\u00e4tze<\/a> der Insel geworden sind.<\/p>\n<p>Die HTMS Sattakut liegt 30 Meter s\u00fcd\u00f6stlich von Hin Pee Wee auf dem Meeresgrund in 30 Metern Wassertiefe; der h\u00f6chste Punkt des Wracks befindet sich in 18 Metern Tiefe.<\/p>\n<p>Dieser Tauchplatz ist f\u00fcr Advanced Open Water Diver geeignet und ist der perfekte Ort, um Ihre <a href=\"https:\/\/www.blackturtledive.com\/padi-specialty-courses\/wreck-diver\/\">PADI-Wracktauchen Ausbildung<\/a> zu absolvieren.<\/p>\n<h3>HTMS Sattakut \u2013 Advanced Open Water Diver<\/h3>\n<p>Mit fast 50 Metern L\u00e4nge ist die HTMS Sattakut 7 Meter breit und verf\u00fcgt \u00fcber zwei gro\u00dfe Kanonen sowie viele Ein- und Ausstiegs \u00d6ffnungen f\u00fcr jene, die qualifiziert sind, das Innere zu betreten.<\/p>\n<p>Der Heckbereich der <span style=\"color: #28d4ff;\">HTMS Sattakut<\/span> ist der tiefste Punkt und liegt je nach Gezeiten ungef\u00e4hr in 30\u201332 Metern Tiefe.<\/p>\n<p>Unterhalb der hinteren Kanone finden Sie an dieser Stelle des Schiffs einen der Einstiegspunkte, der zu einem langen Gang mit verschiedenen R\u00e4umen auf beiden Seiten f\u00fchrt.<\/p>\n<p>Wenn Sie entlang des Rumpfes schwimmen, k\u00f6nnen Sie durch die Bullaugen in die einzelnen R\u00e4ume schauen.<\/p>\n<figure id=\"attachment_3736\" aria-describedby=\"caption-attachment-3736\" style=\"width: 1100px\" class=\"wp-caption alignnone\"><img decoding=\"async\" class=\"size-full wp-image-3736\" src=\"https:\/\/www.blackturtledive.com\/wp-content\/uploads\/2021\/01\/blackturtledive.com-htms-sattakut-wreck-dive-koh-tao.jpg\" alt=\"HTMS Sattakut Wrack Koh Tao\" width=\"1100\" height=\"619\" srcset=\"https:\/\/www.blackturtledive.com\/wp-content\/uploads\/2021\/01\/blackturtledive.com-htms-sattakut-wreck-dive-koh-tao.jpg 1100w, https:\/\/www.blackturtledive.com\/wp-content\/uploads\/2021\/01\/blackturtledive.com-htms-sattakut-wreck-dive-koh-tao-300x169.jpg 300w, https:\/\/www.blackturtledive.com\/wp-content\/uploads\/2021\/01\/blackturtledive.com-htms-sattakut-wreck-dive-koh-tao-1024x576.jpg 1024w, https:\/\/www.blackturtledive.com\/wp-content\/uploads\/2021\/01\/blackturtledive.com-htms-sattakut-wreck-dive-koh-tao-768x432.jpg 768w, https:\/\/www.blackturtledive.com\/wp-content\/uploads\/2021\/01\/blackturtledive.com-htms-sattakut-wreck-dive-koh-tao-150x84.jpg 150w\" sizes=\"(max-width: 1100px) 100vw, 1100px\" \/><figcaption id=\"caption-attachment-3736\" class=\"wp-caption-text\">HTMS Sattakut Wrack Koh Tao<\/figcaption><\/figure>\n<h3><span style=\"color: #28d4ff;\">Gute Tarierung an der HTMS Sattakut<\/span><\/h3>\n<p>Obwohl oft genug Licht vorhanden ist, um ins Innere zu sehen, empfehlen wir, beim Tauchgang an der Sattakut eine Tauchlampe mitzunehmen.<\/p>\n<p>\u00dcber dem Rumpf befindet sich das Steuerhaus, das aus zwei Ebenen besteht; der h\u00f6chste Punkt des Turms ist der flachste Teil der HTMS Sattakut und liegt etwa 18 m unter der Wasseroberfl\u00e4che.<\/p>\n<p>Direkt unter dem Steuerhaus, in Richtung Bug, finden Sie drei weitere Einstiegspunkte f\u00fcr <span style=\"color: #28d4ff;\">Penetrations-Tauchg\u00e4nge<\/span>.<\/p>\n<p>Wenn Sie weiter zum Bug schwimmen, erscheint die gro\u00dfe Kanone am Vorderteil des Schiffs, unter der sich zwei weitere Ein-\/Ausstiege befinden, die nach unten unter das Deck f\u00fchren.<\/p>\n<figure id=\"attachment_3738\" aria-describedby=\"caption-attachment-3738\" style=\"width: 1100px\" class=\"wp-caption alignnone\"><img decoding=\"async\" class=\"size-full wp-image-3738\" src=\"https:\/\/www.blackturtledive.com\/wp-content\/uploads\/2021\/01\/blackturtledive.com-htms-sattakut-wreck-dive-koh-tao-thailand.jpg\" alt=\"HTMS Sattakut Wrack - Kanone\" width=\"1100\" height=\"619\" srcset=\"https:\/\/www.blackturtledive.com\/wp-content\/uploads\/2021\/01\/blackturtledive.com-htms-sattakut-wreck-dive-koh-tao-thailand.jpg 1100w, https:\/\/www.blackturtledive.com\/wp-content\/uploads\/2021\/01\/blackturtledive.com-htms-sattakut-wreck-dive-koh-tao-thailand-300x169.jpg 300w, https:\/\/www.blackturtledive.com\/wp-content\/uploads\/2021\/01\/blackturtledive.com-htms-sattakut-wreck-dive-koh-tao-thailand-1024x576.jpg 1024w, https:\/\/www.blackturtledive.com\/wp-content\/uploads\/2021\/01\/blackturtledive.com-htms-sattakut-wreck-dive-koh-tao-thailand-768x432.jpg 768w, https:\/\/www.blackturtledive.com\/wp-content\/uploads\/2021\/01\/blackturtledive.com-htms-sattakut-wreck-dive-koh-tao-thailand-150x84.jpg 150w\" sizes=\"(max-width: 1100px) 100vw, 1100px\" \/><figcaption id=\"caption-attachment-3738\" class=\"wp-caption-text\">HTMS Sattakut Wrack &#8211; Kanone<\/figcaption><\/figure>\n<h3>PADI Wrack-Spezialkurse \u2013 HTMS Sattakut<\/h3>\n<p>Nachdem Sie Ihre Erkundung der HTMS Sattakut abgeschlossen haben, k\u00f6nnen Sie weiter zu Hin Pee Wee tauchen, das n\u00f6rdlich vom Bug des Wracks liegt und weniger als eine Minute Schwimmzeit entfernt ist.<\/p>\n<p>Wenn Sie Ihren Tauchgang am Heck des Wracks beginnen, sehen Sie direkt unter der Kanone eine kleine Schule Ein Flecken-Schnapper.<\/p>\n<p>Im Steuerhaus treffen Sie h\u00e4ufig auf verschiedene <a href=\"https:\/\/www.blackturtledive.com\/koh-tao-marine-life\/\">Meeresbewohner<\/a> wie Gr\u00fcnflossen-Lippfische zusammen mit <a href=\"https:\/\/www.blackturtledive.com\/koh-tao-marine-life\/malabar-grouper\/\">Riesen Baracken<\/a>; gelegentlich passiert eine <a href=\"https:\/\/www.blackturtledive.com\/koh-tao-marine-life\/banded-sea-krait\/\">Meeresschlange<\/a> auf der Jagd.<\/p>\n<p><a href=\"https:\/\/www.blackturtledive.com\/koh-tao-marine-life\/whaleshark\/\">Walhaie<\/a> wurden schon in der N\u00e4he des Wracks gesichtet, und an wirklich guten Tagen kann die Sicht so klar sein, dass Sie das gesamte Wrack von einer Seite oder von oben sehen k\u00f6nnen \u2013 ein beeindruckender Anblick.<\/p>\n<figure id=\"attachment_3740\" aria-describedby=\"caption-attachment-3740\" style=\"width: 1100px\" class=\"wp-caption alignnone\"><img decoding=\"async\" class=\"size-full wp-image-3740\" src=\"https:\/\/www.blackturtledive.com\/wp-content\/uploads\/2021\/01\/blackturtledive.com-htms-sattakut-wreck-dive-koh-tao-marine-life.jpg\" alt=\"HTMS Sattakut Wrack - Steuerhaus\" width=\"1100\" height=\"619\" srcset=\"https:\/\/www.blackturtledive.com\/wp-content\/uploads\/2021\/01\/blackturtledive.com-htms-sattakut-wreck-dive-koh-tao-marine-life.jpg 1100w, https:\/\/www.blackturtledive.com\/wp-content\/uploads\/2021\/01\/blackturtledive.com-htms-sattakut-wreck-dive-koh-tao-marine-life-300x169.jpg 300w, https:\/\/www.blackturtledive.com\/wp-content\/uploads\/2021\/01\/blackturtledive.com-htms-sattakut-wreck-dive-koh-tao-marine-life-1024x576.jpg 1024w, https:\/\/www.blackturtledive.com\/wp-content\/uploads\/2021\/01\/blackturtledive.com-htms-sattakut-wreck-dive-koh-tao-marine-life-768x432.jpg 768w, https:\/\/www.blackturtledive.com\/wp-content\/uploads\/2021\/01\/blackturtledive.com-htms-sattakut-wreck-dive-koh-tao-marine-life-150x84.jpg 150w\" sizes=\"(max-width: 1100px) 100vw, 1100px\" \/><figcaption id=\"caption-attachment-3740\" class=\"wp-caption-text\">HTMS Sattakut Wrack &#8211; Steuerhaus<\/figcaption><\/figure>\n<h3><span style=\"color: #28d4ff;\">Tieftauchplatz Koh Tao<\/span><\/h3>\n<p>Achten Sie beim Betreten des Wracks auf <a href=\"https:\/\/www.blackturtledive.com\/padi-specialty-courses\/peak-performance-buoyancy\/\">gute Tarierung und Trim<\/a> und fassen Sie das Wrack nicht an, da Skorpionfische sich gern in der N\u00e4he von T\u00fcren und Bullaugen verstecken.<\/p>\n<p>Wrack-Spezialisten, die die HTMS Sattakut penetrieren, k\u00f6nnen beim Abstieg auf der Treppe nach <a href=\"https:\/\/www.blackturtledive.com\/koh-tao-marine-life\/durban-dancing-shrimp\/\">Durban-Tanzgarnelen<\/a> Ausschau halten.<\/p>\n<p>An guten Tagen ist die HTMS Sattakut ein ausgezeichneter Tauchplatz f\u00fcr Spezialkurse wie <a href=\"https:\/\/www.blackturtledive.com\/padi-specialty-courses\/\">Spezialkurse<\/a> wie <a href=\"https:\/\/www.blackturtledive.com\/padi-specialty-courses\/deep-diver\/\">Tiefen<\/a>-, <a href=\"https:\/\/www.blackturtledive.com\/padi-specialty-courses\/enriched-air-diver-nitrox\/\">Nitrox<\/a>-, <a href=\"https:\/\/www.blackturtledive.com\/padi-specialty-courses\/sidemount-diver\/\">Sidemount<\/a>-Kurse und f\u00fcr Advanced-Taucher, die ein Wrack-Abenteuer absolvieren.<\/p>\n<figure id=\"attachment_1357\" aria-describedby=\"caption-attachment-1357\" style=\"width: 1100px\" class=\"wp-caption alignnone\"><img decoding=\"async\" class=\"size-full wp-image-1357\" src=\"https:\/\/www.blackturtledive.com\/wp-content\/uploads\/2020\/11\/blackturtledive.com-padi-wreck-specialty-diver-koh-tao.jpg\" alt=\"Lernen Sie, ein PADI Wracktaucher auf Koh Tao zu werden\" width=\"1100\" height=\"729\" srcset=\"https:\/\/www.blackturtledive.com\/wp-content\/uploads\/2020\/11\/blackturtledive.com-padi-wreck-specialty-diver-koh-tao.jpg 1100w, https:\/\/www.blackturtledive.com\/wp-content\/uploads\/2020\/11\/blackturtledive.com-padi-wreck-specialty-diver-koh-tao-300x199.jpg 300w, https:\/\/www.blackturtledive.com\/wp-content\/uploads\/2020\/11\/blackturtledive.com-padi-wreck-specialty-diver-koh-tao-1024x679.jpg 1024w, https:\/\/www.blackturtledive.com\/wp-content\/uploads\/2020\/11\/blackturtledive.com-padi-wreck-specialty-diver-koh-tao-768x509.jpg 768w, https:\/\/www.blackturtledive.com\/wp-content\/uploads\/2020\/11\/blackturtledive.com-padi-wreck-specialty-diver-koh-tao-150x99.jpg 150w, https:\/\/www.blackturtledive.com\/wp-content\/uploads\/2020\/11\/blackturtledive.com-padi-wreck-specialty-diver-koh-tao-450x298.jpg 450w\" sizes=\"(max-width: 1100px) 100vw, 1100px\" \/><figcaption id=\"caption-attachment-1357\" class=\"wp-caption-text\">Lernen Sie, ein PADI Wracktaucher auf Koh Tao zu werden<\/figcaption><\/figure>\n<p>&nbsp;[\/vc_column_text][\/vc_column][\/vc_row]<\/p>\n<\/div>","protected":false},"excerpt":{"rendered":"<p>Das Wrack der HTMS Sattakut aus dem Zweiten Weltkrieg liegt nur 20 Minuten mit dem Tauchboot vom Hauptpier entfernt und bietet fortgeschrittenen Tauchern einen hervorragenden 30-Meter-Tauchgang zur Erkundung des Wracks und einen faszinierenden Einblick in dieses St\u00fcck Geschichte.<\/p>\n","protected":false},"author":2,"featured_media":17951,"parent":18682,"menu_order":0,"comment_status":"closed","ping_status":"closed","template":"","meta":{"_acf_changed":false,"footnotes":""},"class_list":["post-18663","page","type-page","status-publish","has-post-thumbnail","hentry"],"acf":[],"yoast_head":"<!-- This site is optimized with the Yoast SEO Premium plugin v27.6 (Yoast SEO v27.6) - https:\/\/yoast.com\/product\/yoast-seo-premium-wordpress\/ -->\n<title>HTMS Sattakut Tauchplatz Koh Tao | Black Turtle Dive<\/title>\n<meta name=\"description\" content=\"Das Wrack der HTMS Sattakut aus dem Zweiten Weltkrieg liegt nur 20 Minuten mit dem Tauchboot vom Hauptpier entfernt und bietet fortgeschrittenen Tauchern einen hervorragenden 30-Meter-Tauchgang zur Erkundung eines Wracks.\" \/>\n<meta name=\"robots\" content=\"index, follow, max-snippet:-1, max-image-preview:large, max-video-preview:-1\" \/>\n<link rel=\"canonical\" href=\"https:\/\/www.blackturtledive.com\/de\/koh-tao-dive-sites\/htms-sattakut\/\" \/>\n<meta property=\"og:locale\" content=\"de_DE\" \/>\n<meta property=\"og:type\" content=\"article\" \/>\n<meta property=\"og:title\" content=\"HTMS Sattakut Dive Site Koh Tao | Black Turtle Dive\" \/>\n<meta property=\"og:description\" content=\"HTMS Sattakut WWII wreck is located just 20minutes from the main pier by dive boat and offers Advanced scuba divers an excellent 30metre dive exploring a wreck\" \/>\n<meta property=\"og:url\" content=\"https:\/\/www.blackturtledive.com\/de\/koh-tao-dive-sites\/htms-sattakut\/\" \/>\n<meta property=\"og:site_name\" content=\"Black Turtle Dive Koh Tao\" \/>\n<meta property=\"article:publisher\" content=\"https:\/\/www.facebook.com\/blackturtledive\" \/>\n<meta property=\"article:modified_time\" content=\"2026-05-05T14:24:42+00:00\" \/>\n<meta property=\"og:image\" content=\"https:\/\/www.blackturtledive.com\/wp-content\/uploads\/2020\/11\/blackturtledive.com-best-padi-divemaster-course-koh-tao.jpg\" \/>\n\t<meta property=\"og:image:width\" content=\"1200\" \/>\n\t<meta property=\"og:image:height\" content=\"800\" \/>\n\t<meta property=\"og:image:type\" content=\"image\/jpeg\" \/>\n<meta name=\"twitter:card\" content=\"summary_large_image\" \/>\n<meta name=\"twitter:title\" content=\"HTMS Sattakut Dive Site Koh Tao | Black Turtle Dive\" \/>\n<meta name=\"twitter:description\" content=\"HTMS Sattakut WWII wreck is located just 20minutes from the main pier by dive boat and offers Advanced scuba divers an excellent 30metre dive exploring a wreck\" \/>\n<meta name=\"twitter:image\" content=\"https:\/\/www.blackturtledive.com\/wp-content\/uploads\/2020\/11\/blackturtledive.com-best-padi-divemaster-course-koh-tao.jpg\" \/>\n<meta name=\"twitter:site\" content=\"@blackturtledive\" \/>\n<meta name=\"twitter:label1\" content=\"Gesch\u00e4tzte Lesezeit\" \/>\n\t<meta name=\"twitter:data1\" content=\"4\u00a0Minuten\" \/>\n<!-- \/ Yoast SEO Premium plugin. -->","yoast_head_json":{"title":"HTMS Sattakut Tauchplatz Koh Tao | Black Turtle Dive","description":"Das Wrack der HTMS Sattakut aus dem Zweiten Weltkrieg liegt nur 20 Minuten mit dem Tauchboot vom Hauptpier entfernt und bietet fortgeschrittenen Tauchern einen hervorragenden 30-Meter-Tauchgang zur Erkundung eines Wracks.","robots":{"index":"index","follow":"follow","max-snippet":"max-snippet:-1","max-image-preview":"max-image-preview:large","max-video-preview":"max-video-preview:-1"},"canonical":"https:\/\/www.blackturtledive.com\/de\/koh-tao-dive-sites\/htms-sattakut\/","og_locale":"de_DE","og_type":"article","og_title":"HTMS Sattakut Dive Site Koh Tao | Black Turtle Dive","og_description":"HTMS Sattakut WWII wreck is located just 20minutes from the main pier by dive boat and offers Advanced scuba divers an excellent 30metre dive exploring a wreck","og_url":"https:\/\/www.blackturtledive.com\/de\/koh-tao-dive-sites\/htms-sattakut\/","og_site_name":"Black Turtle Dive Koh Tao","article_publisher":"https:\/\/www.facebook.com\/blackturtledive","article_modified_time":"2026-05-05T14:24:42+00:00","og_image":[{"width":1200,"height":800,"url":"https:\/\/www.blackturtledive.com\/wp-content\/uploads\/2020\/11\/blackturtledive.com-best-padi-divemaster-course-koh-tao.jpg","type":"image\/jpeg"}],"twitter_card":"summary_large_image","twitter_title":"HTMS Sattakut Dive Site Koh Tao | Black Turtle Dive","twitter_description":"HTMS Sattakut WWII wreck is located just 20minutes from the main pier by dive boat and offers Advanced scuba divers an excellent 30metre dive exploring a wreck","twitter_image":"https:\/\/www.blackturtledive.com\/wp-content\/uploads\/2020\/11\/blackturtledive.com-best-padi-divemaster-course-koh-tao.jpg","twitter_site":"@blackturtledive","twitter_misc":{"Gesch\u00e4tzte Lesezeit":"4\u00a0Minuten"},"schema":{"@context":"https:\/\/schema.org","@graph":[{"@type":"WebPage","@id":"https:\/\/www.blackturtledive.com\/de\/koh-tao-dive-sites\/htms-sattakut\/","url":"https:\/\/www.blackturtledive.com\/de\/koh-tao-dive-sites\/htms-sattakut\/","name":"HTMS Sattakut Tauchplatz Koh Tao | Black Turtle Dive","isPartOf":{"@id":"https:\/\/www.blackturtledive.com\/de\/#website"},"primaryImageOfPage":{"@id":"https:\/\/www.blackturtledive.com\/de\/koh-tao-dive-sites\/htms-sattakut\/#primaryimage"},"image":{"@id":"https:\/\/www.blackturtledive.com\/de\/koh-tao-dive-sites\/htms-sattakut\/#primaryimage"},"thumbnailUrl":"https:\/\/www.blackturtledive.com\/wp-content\/uploads\/2020\/11\/blackturtledive.com-padi-wreck-specialty-diver-koh-tao.jpg","datePublished":"2020-09-19T15:58:32+00:00","dateModified":"2026-05-05T14:24:42+00:00","description":"Das Wrack der HTMS Sattakut aus dem Zweiten Weltkrieg liegt nur 20 Minuten mit dem Tauchboot vom Hauptpier entfernt und bietet fortgeschrittenen Tauchern einen hervorragenden 30-Meter-Tauchgang zur Erkundung eines Wracks.","breadcrumb":{"@id":"https:\/\/www.blackturtledive.com\/de\/koh-tao-dive-sites\/htms-sattakut\/#breadcrumb"},"inLanguage":"de","potentialAction":[{"@type":"ReadAction","target":["https:\/\/www.blackturtledive.com\/de\/koh-tao-dive-sites\/htms-sattakut\/"]}]},{"@type":"ImageObject","inLanguage":"de","@id":"https:\/\/www.blackturtledive.com\/de\/koh-tao-dive-sites\/htms-sattakut\/#primaryimage","url":"https:\/\/www.blackturtledive.com\/wp-content\/uploads\/2020\/11\/blackturtledive.com-padi-wreck-specialty-diver-koh-tao.jpg","contentUrl":"https:\/\/www.blackturtledive.com\/wp-content\/uploads\/2020\/11\/blackturtledive.com-padi-wreck-specialty-diver-koh-tao.jpg","width":1100,"height":729,"caption":"Learn to become a PADI Wreck Diver on Koh Tao"},{"@type":"BreadcrumbList","@id":"https:\/\/www.blackturtledive.com\/de\/koh-tao-dive-sites\/htms-sattakut\/#breadcrumb","itemListElement":[{"@type":"ListItem","position":1,"name":"Home","item":"https:\/\/www.blackturtledive.com\/de\/"},{"@type":"ListItem","position":2,"name":"Koh Tao Tauchpl\u00e4tze","item":"https:\/\/www.blackturtledive.com\/de\/koh-tao-dive-sites\/"},{"@type":"ListItem","position":3,"name":"HTMS Sattakut"}]},{"@type":"WebSite","@id":"https:\/\/www.blackturtledive.com\/de\/#website","url":"https:\/\/www.blackturtledive.com\/de\/","name":"Black Turtle Dive Koh Tao","description":"Ocean Explorers | Marine Protectors","publisher":{"@id":"https:\/\/www.blackturtledive.com\/de\/#organization"},"alternateName":"Black Turtle Dive in Thailand","potentialAction":[{"@type":"SearchAction","target":{"@type":"EntryPoint","urlTemplate":"https:\/\/www.blackturtledive.com\/de\/?s={search_term_string}"},"query-input":{"@type":"PropertyValueSpecification","valueRequired":true,"valueName":"search_term_string"}}],"inLanguage":"de"},{"@type":"Organization","@id":"https:\/\/www.blackturtledive.com\/de\/#organization","name":"Black Turtle Dive Koh Tao","alternateName":"Black Turtle Dive","url":"https:\/\/www.blackturtledive.com\/de\/","logo":{"@type":"ImageObject","inLanguage":"de","@id":"https:\/\/www.blackturtledive.com\/de\/#\/schema\/logo\/image\/","url":"https:\/\/www.blackturtledive.com\/wp-content\/uploads\/2020\/11\/cropped-blackturtledive.com-brand-logo.png","contentUrl":"https:\/\/www.blackturtledive.com\/wp-content\/uploads\/2020\/11\/cropped-blackturtledive.com-brand-logo.png","width":400,"height":400,"caption":"Black Turtle Dive Koh Tao"},"image":{"@id":"https:\/\/www.blackturtledive.com\/de\/#\/schema\/logo\/image\/"},"sameAs":["https:\/\/www.facebook.com\/blackturtledive","https:\/\/x.com\/blackturtledive","https:\/\/www.instagram.com\/blackturtledive\/","https:\/\/www.youtube.com\/blackturtledive","https:\/\/www.linkedin.com\/company\/blackturtledive\/","https:\/\/www.tumblr.com\/blackturtledive","https:\/\/www.pinterest.com\/blackturtledive\/","https:\/\/www.tiktok.com\/@blackturtledive","https:\/\/www.reddit.com\/user\/blackturtledive\/"],"description":"Black Turtle Dive is a modern and innovative 5 Star Career Development Scuba Diving Center, passionate about the ocean and through training we want to empower you to become a competent and confident scuba diver. Our diving courses equip you with the skills, knowledge and awareness necessary to explore the ocean safely, whilst becoming a passionate advocate and protector of the marine environment. If you have never dived before or are a certified diver and want to develop your skills further, our tailored, bespoke courses and programs will inspire you to become an Ocean advocate. Our scientific based Marine Conservation Internships and training programs, offer aspiring scuba divers and marine conservationists, the best marine conservation internships on Koh Tao. We currently offer students six levels of Marine Conservation Internships at our beachside location on Koh Tao in Thailand. Check out our website for more information.","email":"info@blackturtledive.com","telephone":"089 592 2134","legalName":"Black Turtle Dive Co Ltd","foundingDate":"2020-01-01","publishingPrinciples":"https:\/\/www.blackturtledive.com\/terms\/","ownershipFundingInfo":"https:\/\/www.blackturtledive.com\/terms\/","actionableFeedbackPolicy":"https:\/\/www.blackturtledive.com\/privacy-policy\/","correctionsPolicy":"https:\/\/www.blackturtledive.com\/privacy-policy\/","ethicsPolicy":"https:\/\/www.blackturtledive.com\/privacy-policy\/","diversityPolicy":"https:\/\/www.blackturtledive.com\/privacy-policy\/"}]}},"_links":{"self":[{"href":"https:\/\/www.blackturtledive.com\/de\/wp-json\/wp\/v2\/pages\/18663","targetHints":{"allow":["GET"]}}],"collection":[{"href":"https:\/\/www.blackturtledive.com\/de\/wp-json\/wp\/v2\/pages"}],"about":[{"href":"https:\/\/www.blackturtledive.com\/de\/wp-json\/wp\/v2\/types\/page"}],"author":[{"embeddable":true,"href":"https:\/\/www.blackturtledive.com\/de\/wp-json\/wp\/v2\/users\/2"}],"replies":[{"embeddable":true,"href":"https:\/\/www.blackturtledive.com\/de\/wp-json\/wp\/v2\/comments?post=18663"}],"version-history":[{"count":1,"href":"https:\/\/www.blackturtledive.com\/de\/wp-json\/wp\/v2\/pages\/18663\/revisions"}],"predecessor-version":[{"id":70900,"href":"https:\/\/www.blackturtledive.com\/de\/wp-json\/wp\/v2\/pages\/18663\/revisions\/70900"}],"up":[{"embeddable":true,"href":"https:\/\/www.blackturtledive.com\/de\/wp-json\/wp\/v2\/pages\/18682"}],"wp:featuredmedia":[{"embeddable":true,"href":"https:\/\/www.blackturtledive.com\/de\/wp-json\/wp\/v2\/media\/17951"}],"wp:attachment":[{"href":"https:\/\/www.blackturtledive.com\/de\/wp-json\/wp\/v2\/media?parent=18663"}],"curies":[{"name":"wp","href":"https:\/\/api.w.org\/{rel}","templated":true}]}}