{"id":18664,"date":"2020-09-19T22:58:01","date_gmt":"2020-09-19T15:58:01","guid":{"rendered":"https:\/\/www.blackturtledive.com\/laem-thian\/"},"modified":"2026-05-05T21:24:43","modified_gmt":"2026-05-05T14:24:43","slug":"laem-thian","status":"publish","type":"page","link":"https:\/\/www.blackturtledive.com\/de\/koh-tao-dive-sites\/laem-thian\/","title":{"rendered":"Laem Thian"},"content":{"rendered":"<div class=\"wpb-content-wrapper\"><p>[vc_row][vc_column][vc_column_text css=&#8220;&#8220;]Laem Thian ist ein rauer Tauchplatz an der Ostk\u00fcste von Koh Tao, ber\u00fchmt f\u00fcr seine dramatische Topographie, Unterwasserh\u00f6hlen und anspruchsvolle Durchschwimmstrecken.<\/p>\n<p>Der Tauchplatz ist in zwei Bereiche unterteilt \u2014 die Caves f\u00fcr abenteuerliche Durchschwimmstrecken und das Reef f\u00fcr lebhaftes Korallenleben \u2014 mit Tiefen von 5 bis 18 Metern.<\/p>\n<p>Dieser Spot ist ein Hotspot zur Sichtung von Gr\u00fcnen Meeresschildkr\u00f6ten und Napfschildern (Bumphead Parrotfish) und bietet ein wildes Taucherlebnis abseits der belebteren Orte an der Westk\u00fcste.<\/p>\n<h3><span style=\"color: #28d4ff;\">Erfahren Sie mehr \u00fcber den Tauchplatz Laem Thian auf Koh Tao<\/span><\/h3>\n<p>Der Tauchplatz Laem Thian an der Ostk\u00fcste von <a href=\"https:\/\/www.blackturtledive.com\/koh-tao\/\">Koh Tao<\/a> ist ein hervorragender Ort f\u00fcr <a href=\"https:\/\/www.blackturtledive.com\/padi-diving-courses\/\">Sporttaucher<\/a>, die Vielfalt, <a href=\"https:\/\/www.blackturtledive.com\/koh-tao-marine-life\/\">Meeresleben<\/a> und eine abwechslungsreiche Unterwasser-Topografie erleben m\u00f6chten.<\/p>\n<ul>\n<li>Lage: Ostk\u00fcste von Koh Tao<\/li>\n<li>Tiefe: 5\u201335 Meter<\/li>\n<li>Art des Tauchplatzes: Zahlreiche gro\u00dfe Felsbl\u00f6cke, nat\u00fcrliche Durchg\u00e4nge (Swim-throughs) und einzigartige Topografie<\/li>\n<li>Schwierigkeitsgrad: <a href=\"https:\/\/www.blackturtledive.com\/padi-diving-courses\/open-water-course\/\">Open Water diver<\/a><\/li>\n<li>Bedingungen: Im Allgemeinen gut, wenn das Wetter mitspielt<\/li>\n<li>Durchschnittliche Sichtweite: 10\u201320 m<\/li>\n<\/ul>\n<div  data-ep-a=\"fadeIn\"  id=\"_ytid_79462\"  width=\"640\" height=\"360\"  data-origwidth=\"640\" data-origheight=\"360\"  data-relstop=\"1\" data-facadesrc=\"https:\/\/www.youtube.com\/embed\/fibHcJGXNxk?enablejsapi=1&origin=https:\/\/www.blackturtledive.com&autoplay=0&cc_load_policy=0&cc_lang_pref=&iv_load_policy=1&loop=0&rel=0&fs=1&playsinline=0&autohide=2&theme=dark&color=red&controls=1&disablekb=0&\" class=\"__youtube_prefs__ epyt-facade  no-lazyload\" data-epautoplay=\"1\" ><img decoding=\"async\" data-spai-excluded=\"true\" class=\"epyt-facade-poster skip-lazy\" loading=\"lazy\"  alt=\"Laem Thian Dive Site Koh Tao in Thailand\"  src=\"https:\/\/i.ytimg.com\/vi\/fibHcJGXNxk\/maxresdefault.jpg\"  \/><button class=\"epyt-facade-play\" aria-label=\"Play\"><svg data-no-lazy=\"1\" height=\"100%\" version=\"1.1\" viewBox=\"0 0 68 48\" width=\"100%\"><path class=\"ytp-large-play-button-bg\" d=\"M66.52,7.74c-0.78-2.93-2.49-5.41-5.42-6.19C55.79,.13,34,0,34,0S12.21,.13,6.9,1.55 C3.97,2.33,2.27,4.81,1.48,7.74C0.06,13.05,0,24,0,24s0.06,10.95,1.48,16.26c0.78,2.93,2.49,5.41,5.42,6.19 C12.21,47.87,34,48,34,48s21.79-0.13,27.1-1.55c2.93-0.78,4.64-3.26,5.42-6.19C67.94,34.95,68,24,68,24S67.94,13.05,66.52,7.74z\" fill=\"#f00\"><\/path><path d=\"M 45,24 27,14 27,34\" fill=\"#fff\"><\/path><\/svg><\/button><\/div><span itemprop=\"video\" itemscope itemtype=\"http:\/\/schema.org\/VideoObject\"><meta itemprop=\"embedUrl\" content=\"https:\/\/www.youtube.com\/embed\/fibHcJGXNxk\"><meta itemprop=\"name\" content=\"Laem Thian Dive Site Koh Tao in Thailand\"><meta itemprop=\"description\" content=\"Laem Thian dive site on the east coast of Koh Tao is an excellent location for scuba divers who want to experience diversity, marine life and a varied underwater topography. Location: East coast of Koh Tao Depth: 5m \u2013 35 metres Type of site: Lots of giant boulders, natural swim-throughs and unique topography Level: Open Water diver Conditions: Generally good if weather is ok Average Visibility: 10 -20m Located on the less developed east side of Koh Tao, Laem Thian offers scuba divers a fun filled two dives; Laem Thian Bay and Laem Thian Caves. Check out more of our dive sites: https:\/\/www.blackturtledive.com\/koh-tao-dive-sites\/laem-thian\/ Footage: \ud83d\ude4f\ud83c\udffb. \ud83c\udfac Wet Lens Images (https:\/\/www.youtube.com\/channel\/UCVB6Hza4P2ct7SgAo7I9n7g)\"><meta itemprop=\"thumbnailUrl\" content=\"https:\/\/i.ytimg.com\/vi\/fibHcJGXNxk\/0.jpg\"><meta itemprop=\"duration\" content=\"PT58S\"><meta itemprop=\"uploadDate\" content=\"2021-01-28T08:48:40Z\"><\/span>\n<h3>Entdecken Sie den Tauchplatz Laem Thian auf Koh Tao<\/h3>\n<p>An der weniger entwickelten Ostseite von Koh Tao gelegen, bietet Laem Thian <a href=\"https:\/\/www.blackturtledive.com\/fun-diving-koh-tao\/\">Tauchern<\/a> zwei abwechslungsreiche Tauchpl\u00e4tze: Laem Thian Bay und Laem Thian Caves.<\/p>\n<p>Laem Thian Bay liegt an der S\u00fcdseite von Laem Thian; dieser flache <a href=\"https:\/\/www.blackturtledive.com\/koh-tao-dive-sites\/\">Tauchplatz<\/a> ist f\u00fcr <a href=\"https:\/\/www.blackturtledive.com\/blog\/learn-to-dive-with-discover-scuba-diving\/\">Anf\u00e4nger<\/a> geeignet.<\/p>\n<p>Laem Thian Caves im n\u00f6rdlichen Bereich sind tiefer, deutlich abenteuerlicher und perfekt f\u00fcr Taucher, die Entdeckungs- und Erkundung Tauchg\u00e4nge suchen.<\/p>\n<h3>Entdecken &amp; Erkunden<\/h3>\n<p>Cluster riesiger Felsbl\u00f6cke bilden entlang der K\u00fcste von Laem Thian eine Reihe spannender Durchg\u00e4nge, H\u00f6hlen und Kavernen auf der Nordseite des Platzes, die eher f\u00fcr erfahrene Taucher mit guter <a href=\"https:\/\/www.blackturtledive.com\/padi-specialty-courses\/peak-performance-buoyancy\/\">Tarierung<\/a> geeignet sind.<\/p>\n<p>Die Hauptquellen von Laem Thian liegen \u00fcber 20 Metern Tiefe und beinhalten etwas Auf- und Abtauchen; die Sonne dringt durch die \u00fcberh\u00e4ngenden Steinbl\u00f6cke und schafft beeindruckende Lichtspiele.<\/p>\n<p>Die S\u00fcdseite des Tauchplatzes beginnt mit einem Strand, an dem es m\u00f6glich ist, flache Trainings als Teil des <a href=\"https:\/\/www.blackturtledive.com\/experience-programs\/padi-discover-scuba-diving\/\">Discover Scuba Diving<\/a>-Erlebnisses durchzuf\u00fchren, bevor ein anschlie\u00dfender Tauchgang unternommen wird.<\/p>\n<figure id=\"attachment_3759\" aria-describedby=\"caption-attachment-3759\" style=\"width: 1100px\" class=\"wp-caption alignnone\"><img decoding=\"async\" class=\"size-full wp-image-3759\" src=\"https:\/\/www.blackturtledive.com\/wp-content\/uploads\/2021\/01\/blackturtledive.com-Laem-Thian-dive-site-koh-tao-blue-ringed-angelfish.jpg\" alt=\"Tauchplatz Laem Thian Koh Tao - Blaugeringelter Kaiserfisch\" width=\"1100\" height=\"619\" srcset=\"https:\/\/www.blackturtledive.com\/wp-content\/uploads\/2021\/01\/blackturtledive.com-Laem-Thian-dive-site-koh-tao-blue-ringed-angelfish.jpg 1100w, https:\/\/www.blackturtledive.com\/wp-content\/uploads\/2021\/01\/blackturtledive.com-Laem-Thian-dive-site-koh-tao-blue-ringed-angelfish-300x169.jpg 300w, https:\/\/www.blackturtledive.com\/wp-content\/uploads\/2021\/01\/blackturtledive.com-Laem-Thian-dive-site-koh-tao-blue-ringed-angelfish-1024x576.jpg 1024w, https:\/\/www.blackturtledive.com\/wp-content\/uploads\/2021\/01\/blackturtledive.com-Laem-Thian-dive-site-koh-tao-blue-ringed-angelfish-768x432.jpg 768w, https:\/\/www.blackturtledive.com\/wp-content\/uploads\/2021\/01\/blackturtledive.com-Laem-Thian-dive-site-koh-tao-blue-ringed-angelfish-150x84.jpg 150w\" sizes=\"(max-width: 1100px) 100vw, 1100px\" \/><figcaption id=\"caption-attachment-3759\" class=\"wp-caption-text\">Tauchplatz Laem Thian Koh Tao &#8211; Blaugeringelter Kaiserfisch<\/figcaption><\/figure>\n<h3><span style=\"color: #28d4ff;\">Zwei Tauchpl\u00e4tze bei Laem Thian<\/span><\/h3>\n<p>Die Felsen hier sind mit Hartkorallen bedeckt, und die Tiefen von etwa 3\u201314 Metern machen den Platz f\u00fcr Anf\u00e4nger gut geeignet.<\/p>\n<p>Rund um die Bucht gibt es viel Meeresleben zu sehen, darunter gro\u00dfe Schw\u00e4rme von <a href=\"https:\/\/www.blackturtledive.com\/koh-tao-marine-life\/yellow-tail-barracuda\/\">Gelbschwanz-Barrakudas<\/a>, <a href=\"https:\/\/www.blackturtledive.com\/koh-tao-marine-life\/butterfly-fish\/\">Falterfische<\/a> und Paare von <a href=\"https:\/\/www.blackturtledive.com\/koh-tao-marine-life\/blue-ringed-angelfish\/\">Blaugeringelten Kaiserfischen<\/a>.<\/p>\n<p>Halten Sie die Augen offen nach <a href=\"https:\/\/www.blackturtledive.com\/koh-tao-marine-life\/white-eyed-moray-eel\/\">Mur\u00e4nen<\/a>, die aus den Felsen hervorschauen, und schauen Sie genau hin, um Nacktschnecken und Warzenschnecken zu entdecken.<\/p>\n<figure id=\"attachment_3761\" aria-describedby=\"caption-attachment-3761\" style=\"width: 1100px\" class=\"wp-caption alignnone\"><img decoding=\"async\" class=\"size-full wp-image-3761\" src=\"https:\/\/www.blackturtledive.com\/wp-content\/uploads\/2021\/01\/blackturtledive.com-Laem-Thian-dive-site-koh-tao-scribbled-filefish.jpg\" alt=\"Tauchplatz Laem Thian Koh Tao - Kritzel-Feilenfisch\" width=\"1100\" height=\"619\" srcset=\"https:\/\/www.blackturtledive.com\/wp-content\/uploads\/2021\/01\/blackturtledive.com-Laem-Thian-dive-site-koh-tao-scribbled-filefish.jpg 1100w, https:\/\/www.blackturtledive.com\/wp-content\/uploads\/2021\/01\/blackturtledive.com-Laem-Thian-dive-site-koh-tao-scribbled-filefish-300x169.jpg 300w, https:\/\/www.blackturtledive.com\/wp-content\/uploads\/2021\/01\/blackturtledive.com-Laem-Thian-dive-site-koh-tao-scribbled-filefish-1024x576.jpg 1024w, https:\/\/www.blackturtledive.com\/wp-content\/uploads\/2021\/01\/blackturtledive.com-Laem-Thian-dive-site-koh-tao-scribbled-filefish-768x432.jpg 768w, https:\/\/www.blackturtledive.com\/wp-content\/uploads\/2021\/01\/blackturtledive.com-Laem-Thian-dive-site-koh-tao-scribbled-filefish-150x84.jpg 150w\" sizes=\"(max-width: 1100px) 100vw, 1100px\" \/><figcaption id=\"caption-attachment-3761\" class=\"wp-caption-text\">Tauchplatz Laem Thian Koh Tao &#8211; Kritzel-Feilenfisch<\/figcaption><\/figure>\n<h3>Laem Thian \u2013 Reiches Meeresleben<\/h3>\n<p>Was Laem Thian besonders macht, ist, dass Sie hier Meeresbewohner sehen k\u00f6nnen, die auf Koh Tao relativ einzigartig sind, wie den <a href=\"https:\/\/www.blackturtledive.com\/koh-tao-marine-life\/orange-spine-unicorn-fish\/\">Orangen Spitzen-Einhornfisch (Orange-Spine Unicornfish)<\/a> und den Knurr Kopf-Papageienfisch (Bumphead Parrotfish).<\/p>\n<p>Sie werden au\u00dferdem mehrere Arten von <a href=\"https:\/\/www.blackturtledive.com\/koh-tao-marine-life\/brown-marbled-grouper\/\">Zackenbarschen<\/a> sehen: Harlekin-S\u00fc\u00dflippen, <a href=\"https:\/\/www.blackturtledive.com\/koh-tao-marine-life\/tailfin-batfish\/\">Fledermausfische<\/a>, Cobia, <a href=\"https:\/\/www.blackturtledive.com\/koh-tao-marine-life\/titan-triggerfish\/\">Titan-Dr\u00fcckerfische<\/a> und <a href=\"https:\/\/www.blackturtledive.com\/koh-tao-marine-life\/black-tip-reef-shark\/\">Schwarzspitzen-Riffhaie<\/a> beim Vorbeiziehen.<\/p>\n<p>Laem Thian ist nicht der meistgesuchte Platz auf Koh Tao \u2014 ein weiterer guter Grund, diesen lebendigen und vielf\u00e4ltigen Tauchplatz zu besuchen und zu erkunden.<\/p>\n<figure id=\"attachment_3636\" aria-describedby=\"caption-attachment-3636\" style=\"width: 1100px\" class=\"wp-caption alignnone\"><img decoding=\"async\" class=\"size-full wp-image-3636\" src=\"https:\/\/www.blackturtledive.com\/wp-content\/uploads\/2021\/01\/blackturtledive.com-Laem-Thian-dive-site-koh-tao.jpg\" alt=\"Tauchplatz Laem Thian Koh Tao\" width=\"1100\" height=\"619\" srcset=\"https:\/\/www.blackturtledive.com\/wp-content\/uploads\/2021\/01\/blackturtledive.com-Laem-Thian-dive-site-koh-tao.jpg 1100w, https:\/\/www.blackturtledive.com\/wp-content\/uploads\/2021\/01\/blackturtledive.com-Laem-Thian-dive-site-koh-tao-300x169.jpg 300w, https:\/\/www.blackturtledive.com\/wp-content\/uploads\/2021\/01\/blackturtledive.com-Laem-Thian-dive-site-koh-tao-1024x576.jpg 1024w, https:\/\/www.blackturtledive.com\/wp-content\/uploads\/2021\/01\/blackturtledive.com-Laem-Thian-dive-site-koh-tao-768x432.jpg 768w, https:\/\/www.blackturtledive.com\/wp-content\/uploads\/2021\/01\/blackturtledive.com-Laem-Thian-dive-site-koh-tao-150x84.jpg 150w\" sizes=\"(max-width: 1100px) 100vw, 1100px\" \/><figcaption id=\"caption-attachment-3636\" class=\"wp-caption-text\">Tauchplatz Laem Thian Koh Tao<\/figcaption><\/figure>\n<p>[\/vc_column_text][\/vc_column][\/vc_row]<\/p>\n<\/div>","protected":false},"excerpt":{"rendered":"<p>Der Tauchplatz Laem Thian an der Ostk\u00fcste von Koh Tao ist ein hervorragender Ort f\u00fcr Taucher, die Vielfalt, Meereslebewesen und eine abwechslungsreiche Unterwasserlandschaft erleben m\u00f6chten.<\/p>\n","protected":false},"author":2,"featured_media":18292,"parent":18682,"menu_order":0,"comment_status":"closed","ping_status":"closed","template":"","meta":{"_acf_changed":false,"footnotes":""},"class_list":["post-18664","page","type-page","status-publish","has-post-thumbnail","hentry"],"acf":[],"yoast_head":"<!-- This site is optimized with the Yoast SEO Premium plugin v27.6 (Yoast SEO v27.6) - https:\/\/yoast.com\/product\/yoast-seo-premium-wordpress\/ -->\n<title>Laem Thian Tauchplatz Koh Tao| Black Turtle Dive<\/title>\n<meta name=\"description\" content=\"Der Tauchplatz Laem Thian an der Ostk\u00fcste von Koh Tao ist ein hervorragender Ort f\u00fcr Taucher, die Vielfalt, Meereslebewesen und abwechslungsreiche Unterwasserlandschaft erleben m\u00f6chten.\" \/>\n<meta name=\"robots\" content=\"index, follow, max-snippet:-1, max-image-preview:large, max-video-preview:-1\" \/>\n<link rel=\"canonical\" href=\"https:\/\/www.blackturtledive.com\/de\/koh-tao-dive-sites\/laem-thian\/\" \/>\n<meta property=\"og:locale\" content=\"de_DE\" \/>\n<meta property=\"og:type\" content=\"article\" \/>\n<meta property=\"og:title\" content=\"Laem Thian Dive Site Koh Tao | Black Turtle Dive\" \/>\n<meta property=\"og:description\" content=\"Laem Thian dive site on east coast of Koh Tao is an excellent location for divers who want to experience diversity, marine life and varied underwater topography\" \/>\n<meta property=\"og:url\" content=\"https:\/\/www.blackturtledive.com\/de\/koh-tao-dive-sites\/laem-thian\/\" \/>\n<meta property=\"og:site_name\" content=\"Black Turtle Dive Koh Tao\" \/>\n<meta property=\"article:publisher\" content=\"https:\/\/www.facebook.com\/blackturtledive\" \/>\n<meta property=\"article:modified_time\" content=\"2026-05-05T14:24:43+00:00\" \/>\n<meta property=\"og:image\" content=\"https:\/\/www.blackturtledive.com\/wp-content\/uploads\/2020\/11\/blackturtledive.com-best-padi-divemaster-course-koh-tao.jpg\" \/>\n\t<meta property=\"og:image:width\" content=\"1200\" \/>\n\t<meta property=\"og:image:height\" content=\"800\" \/>\n\t<meta property=\"og:image:type\" content=\"image\/jpeg\" \/>\n<meta name=\"twitter:card\" content=\"summary_large_image\" \/>\n<meta name=\"twitter:title\" content=\"Laem Thian Dive Site Koh Tao | Black Turtle Dive\" \/>\n<meta name=\"twitter:description\" content=\"Laem Thian dive site on east coast of Koh Tao is an excellent location for divers who want to experience diversity, marine life and varied underwater topography\" \/>\n<meta name=\"twitter:image\" content=\"https:\/\/www.blackturtledive.com\/wp-content\/uploads\/2020\/11\/blackturtledive.com-best-padi-divemaster-course-koh-tao.jpg\" \/>\n<meta name=\"twitter:site\" content=\"@blackturtledive\" \/>\n<meta name=\"twitter:label1\" content=\"Gesch\u00e4tzte Lesezeit\" \/>\n\t<meta name=\"twitter:data1\" content=\"3\u00a0Minuten\" \/>\n<!-- \/ Yoast SEO Premium plugin. -->","yoast_head_json":{"title":"Laem Thian Tauchplatz Koh Tao| Black Turtle Dive","description":"Der Tauchplatz Laem Thian an der Ostk\u00fcste von Koh Tao ist ein hervorragender Ort f\u00fcr Taucher, die Vielfalt, Meereslebewesen und abwechslungsreiche Unterwasserlandschaft erleben m\u00f6chten.","robots":{"index":"index","follow":"follow","max-snippet":"max-snippet:-1","max-image-preview":"max-image-preview:large","max-video-preview":"max-video-preview:-1"},"canonical":"https:\/\/www.blackturtledive.com\/de\/koh-tao-dive-sites\/laem-thian\/","og_locale":"de_DE","og_type":"article","og_title":"Laem Thian Dive Site Koh Tao | Black Turtle Dive","og_description":"Laem Thian dive site on east coast of Koh Tao is an excellent location for divers who want to experience diversity, marine life and varied underwater topography","og_url":"https:\/\/www.blackturtledive.com\/de\/koh-tao-dive-sites\/laem-thian\/","og_site_name":"Black Turtle Dive Koh Tao","article_publisher":"https:\/\/www.facebook.com\/blackturtledive","article_modified_time":"2026-05-05T14:24:43+00:00","og_image":[{"width":1200,"height":800,"url":"https:\/\/www.blackturtledive.com\/wp-content\/uploads\/2020\/11\/blackturtledive.com-best-padi-divemaster-course-koh-tao.jpg","type":"image\/jpeg"}],"twitter_card":"summary_large_image","twitter_title":"Laem Thian Dive Site Koh Tao | Black Turtle Dive","twitter_description":"Laem Thian dive site on east coast of Koh Tao is an excellent location for divers who want to experience diversity, marine life and varied underwater topography","twitter_image":"https:\/\/www.blackturtledive.com\/wp-content\/uploads\/2020\/11\/blackturtledive.com-best-padi-divemaster-course-koh-tao.jpg","twitter_site":"@blackturtledive","twitter_misc":{"Gesch\u00e4tzte Lesezeit":"3\u00a0Minuten"},"schema":{"@context":"https:\/\/schema.org","@graph":[{"@type":"WebPage","@id":"https:\/\/www.blackturtledive.com\/de\/koh-tao-dive-sites\/laem-thian\/","url":"https:\/\/www.blackturtledive.com\/de\/koh-tao-dive-sites\/laem-thian\/","name":"Laem Thian Tauchplatz Koh Tao| Black Turtle Dive","isPartOf":{"@id":"https:\/\/www.blackturtledive.com\/de\/#website"},"primaryImageOfPage":{"@id":"https:\/\/www.blackturtledive.com\/de\/koh-tao-dive-sites\/laem-thian\/#primaryimage"},"image":{"@id":"https:\/\/www.blackturtledive.com\/de\/koh-tao-dive-sites\/laem-thian\/#primaryimage"},"thumbnailUrl":"https:\/\/www.blackturtledive.com\/wp-content\/uploads\/2021\/01\/blackturtledive.com-Laem-Thian-dive-site-koh-tao.jpg","datePublished":"2020-09-19T15:58:01+00:00","dateModified":"2026-05-05T14:24:43+00:00","description":"Der Tauchplatz Laem Thian an der Ostk\u00fcste von Koh Tao ist ein hervorragender Ort f\u00fcr Taucher, die Vielfalt, Meereslebewesen und abwechslungsreiche Unterwasserlandschaft erleben m\u00f6chten.","breadcrumb":{"@id":"https:\/\/www.blackturtledive.com\/de\/koh-tao-dive-sites\/laem-thian\/#breadcrumb"},"inLanguage":"de","potentialAction":[{"@type":"ReadAction","target":["https:\/\/www.blackturtledive.com\/de\/koh-tao-dive-sites\/laem-thian\/"]}]},{"@type":"ImageObject","inLanguage":"de","@id":"https:\/\/www.blackturtledive.com\/de\/koh-tao-dive-sites\/laem-thian\/#primaryimage","url":"https:\/\/www.blackturtledive.com\/wp-content\/uploads\/2021\/01\/blackturtledive.com-Laem-Thian-dive-site-koh-tao.jpg","contentUrl":"https:\/\/www.blackturtledive.com\/wp-content\/uploads\/2021\/01\/blackturtledive.com-Laem-Thian-dive-site-koh-tao.jpg","width":1100,"height":619,"caption":"Laem Thian Dive Site Koh Tao"},{"@type":"BreadcrumbList","@id":"https:\/\/www.blackturtledive.com\/de\/koh-tao-dive-sites\/laem-thian\/#breadcrumb","itemListElement":[{"@type":"ListItem","position":1,"name":"Home","item":"https:\/\/www.blackturtledive.com\/de\/"},{"@type":"ListItem","position":2,"name":"Koh Tao Tauchpl\u00e4tze","item":"https:\/\/www.blackturtledive.com\/de\/koh-tao-dive-sites\/"},{"@type":"ListItem","position":3,"name":"Laem Thian"}]},{"@type":"WebSite","@id":"https:\/\/www.blackturtledive.com\/de\/#website","url":"https:\/\/www.blackturtledive.com\/de\/","name":"Black Turtle Dive Koh Tao","description":"Ocean Explorers | Marine Protectors","publisher":{"@id":"https:\/\/www.blackturtledive.com\/de\/#organization"},"alternateName":"Black Turtle Dive in Thailand","potentialAction":[{"@type":"SearchAction","target":{"@type":"EntryPoint","urlTemplate":"https:\/\/www.blackturtledive.com\/de\/?s={search_term_string}"},"query-input":{"@type":"PropertyValueSpecification","valueRequired":true,"valueName":"search_term_string"}}],"inLanguage":"de"},{"@type":"Organization","@id":"https:\/\/www.blackturtledive.com\/de\/#organization","name":"Black Turtle Dive Koh Tao","alternateName":"Black Turtle Dive","url":"https:\/\/www.blackturtledive.com\/de\/","logo":{"@type":"ImageObject","inLanguage":"de","@id":"https:\/\/www.blackturtledive.com\/de\/#\/schema\/logo\/image\/","url":"https:\/\/www.blackturtledive.com\/wp-content\/uploads\/2020\/11\/cropped-blackturtledive.com-brand-logo.png","contentUrl":"https:\/\/www.blackturtledive.com\/wp-content\/uploads\/2020\/11\/cropped-blackturtledive.com-brand-logo.png","width":400,"height":400,"caption":"Black Turtle Dive Koh Tao"},"image":{"@id":"https:\/\/www.blackturtledive.com\/de\/#\/schema\/logo\/image\/"},"sameAs":["https:\/\/www.facebook.com\/blackturtledive","https:\/\/x.com\/blackturtledive","https:\/\/www.instagram.com\/blackturtledive\/","https:\/\/www.youtube.com\/blackturtledive","https:\/\/www.linkedin.com\/company\/blackturtledive\/","https:\/\/www.tumblr.com\/blackturtledive","https:\/\/www.pinterest.com\/blackturtledive\/","https:\/\/www.tiktok.com\/@blackturtledive","https:\/\/www.reddit.com\/user\/blackturtledive\/"],"description":"Black Turtle Dive is a modern and innovative 5 Star Career Development Scuba Diving Center, passionate about the ocean and through training we want to empower you to become a competent and confident scuba diver. Our diving courses equip you with the skills, knowledge and awareness necessary to explore the ocean safely, whilst becoming a passionate advocate and protector of the marine environment. If you have never dived before or are a certified diver and want to develop your skills further, our tailored, bespoke courses and programs will inspire you to become an Ocean advocate. Our scientific based Marine Conservation Internships and training programs, offer aspiring scuba divers and marine conservationists, the best marine conservation internships on Koh Tao. We currently offer students six levels of Marine Conservation Internships at our beachside location on Koh Tao in Thailand. Check out our website for more information.","email":"info@blackturtledive.com","telephone":"089 592 2134","legalName":"Black Turtle Dive Co Ltd","foundingDate":"2020-01-01","publishingPrinciples":"https:\/\/www.blackturtledive.com\/terms\/","ownershipFundingInfo":"https:\/\/www.blackturtledive.com\/terms\/","actionableFeedbackPolicy":"https:\/\/www.blackturtledive.com\/privacy-policy\/","correctionsPolicy":"https:\/\/www.blackturtledive.com\/privacy-policy\/","ethicsPolicy":"https:\/\/www.blackturtledive.com\/privacy-policy\/","diversityPolicy":"https:\/\/www.blackturtledive.com\/privacy-policy\/"}]}},"_links":{"self":[{"href":"https:\/\/www.blackturtledive.com\/de\/wp-json\/wp\/v2\/pages\/18664","targetHints":{"allow":["GET"]}}],"collection":[{"href":"https:\/\/www.blackturtledive.com\/de\/wp-json\/wp\/v2\/pages"}],"about":[{"href":"https:\/\/www.blackturtledive.com\/de\/wp-json\/wp\/v2\/types\/page"}],"author":[{"embeddable":true,"href":"https:\/\/www.blackturtledive.com\/de\/wp-json\/wp\/v2\/users\/2"}],"replies":[{"embeddable":true,"href":"https:\/\/www.blackturtledive.com\/de\/wp-json\/wp\/v2\/comments?post=18664"}],"version-history":[{"count":1,"href":"https:\/\/www.blackturtledive.com\/de\/wp-json\/wp\/v2\/pages\/18664\/revisions"}],"predecessor-version":[{"id":70901,"href":"https:\/\/www.blackturtledive.com\/de\/wp-json\/wp\/v2\/pages\/18664\/revisions\/70901"}],"up":[{"embeddable":true,"href":"https:\/\/www.blackturtledive.com\/de\/wp-json\/wp\/v2\/pages\/18682"}],"wp:featuredmedia":[{"embeddable":true,"href":"https:\/\/www.blackturtledive.com\/de\/wp-json\/wp\/v2\/media\/18292"}],"wp:attachment":[{"href":"https:\/\/www.blackturtledive.com\/de\/wp-json\/wp\/v2\/media?parent=18664"}],"curies":[{"name":"wp","href":"https:\/\/api.w.org\/{rel}","templated":true}]}}