{"id":18665,"date":"2020-09-19T22:57:08","date_gmt":"2020-09-19T15:57:08","guid":{"rendered":"https:\/\/www.blackturtledive.com\/junkyard-reef\/"},"modified":"2026-05-05T21:24:44","modified_gmt":"2026-05-05T14:24:44","slug":"junkyard-reef","status":"publish","type":"page","link":"https:\/\/www.blackturtledive.com\/de\/koh-tao-dive-sites\/junkyard-reef\/","title":{"rendered":"Junkyard Reef"},"content":{"rendered":"<div class=\"wpb-content-wrapper\"><p>[vc_row][vc_column][vc_column_text css=&#8220;&#8220;]Junkyard Reef ist Koh Taos erfolgreichstes von der Gemeinde initiiertes k\u00fcnstliches Riff, bestehend aus wiederverwendeten Strukturen, die neue Lebensr\u00e4ume f\u00fcr Meeresbewohner schaffen.<\/p>\n<p>In einem flachen Sandgebiet (10\u201312 m) gelegen, dient dieser Tauchplatz als wichtige Korallenaufzuchtst\u00e4tte, in der Taucher das schnelle Korallenwachstum an Strukturen wie \u201eThe Car\u201c und \u201eThe Gym\u201c beobachten k\u00f6nnen.<\/p>\n<p>Dieser Tauchplatz ist ein zentraler Ort f\u00fcr unsere Meeresschutzkurse und bietet die einzigartige Gelegenheit zu sehen, wie menschengemachte Substrate im Laufe der Zeit effektiv degradierte Riff\u00f6kosysteme wiederherstellen k\u00f6nnen.<\/p>\n<h3><span style=\"color: #28d4ff;\">Erfahren Sie mehr \u00fcber den Tauchplatz Junkyard Reef in Koh Tao.<\/span><\/h3>\n<p>Der Tauchplatz Junkyard Reef auf <a href=\"https:\/\/www.blackturtledive.com\/koh-tao\/\">Koh Tao<\/a> ist ein <a href=\"https:\/\/www.blackturtledive.com\/conservation\/marine-conservation-courses\/artificial-dive-sites\/\">k\u00fcnstlich angelegter Tauchplatz<\/a>, der 2006 geschaffen wurde und sich mittlerweile zu einem florierenden Standort f\u00fcr <a href=\"https:\/\/www.blackturtledive.com\/blog\/learn-to-dive-with-discover-scuba-diving\/\">Anf\u00e4nger<\/a> und <a href=\"https:\/\/www.blackturtledive.com\/conservation\/marine-conservation-courses\/\">Meeresnaturschutz<\/a>-Programme entwickelt hat.<\/p>\n<ul>\n<li>Lage: 400 Meter vom Mae Haad Strand<\/li>\n<li>Tiefe: 8\u201312 Meter<\/li>\n<li>Art des Tauchplatzes: Flacher k\u00fcnstlicher Tauchplatz mit viel Sand<\/li>\n<li>Niveau: <a href=\"https:\/\/www.blackturtledive.com\/padi-diving-courses\/open-water-course\/\">Open Water<\/a> diver<\/li>\n<li>Bedingungen: In der Regel ruhig und glatt, au\u00dfer w\u00e4hrend des S\u00fcdwest Monsuns<\/li>\n<li>Durchschnittliche Sichtweite: 2\u201312 Meter<\/li>\n<\/ul>\n<div  data-ep-a=\"fadeIn\"  id=\"_ytid_81905\"  width=\"640\" height=\"360\"  data-origwidth=\"640\" data-origheight=\"360\"  data-relstop=\"1\" data-facadesrc=\"https:\/\/www.youtube.com\/embed\/MdpUq6hDbL0?enablejsapi=1&origin=https:\/\/www.blackturtledive.com&autoplay=0&cc_load_policy=0&cc_lang_pref=&iv_load_policy=1&loop=0&rel=0&fs=1&playsinline=0&autohide=2&theme=dark&color=red&controls=1&disablekb=0&\" class=\"__youtube_prefs__ epyt-facade  no-lazyload\" data-epautoplay=\"1\" ><img decoding=\"async\" data-spai-excluded=\"true\" class=\"epyt-facade-poster skip-lazy\" loading=\"lazy\"  alt=\"Junkyard Reef Dive Site Koh Tao in Thailand\"  src=\"https:\/\/i.ytimg.com\/vi\/MdpUq6hDbL0\/maxresdefault.jpg\"  \/><button class=\"epyt-facade-play\" aria-label=\"Play\"><svg data-no-lazy=\"1\" height=\"100%\" version=\"1.1\" viewBox=\"0 0 68 48\" width=\"100%\"><path class=\"ytp-large-play-button-bg\" d=\"M66.52,7.74c-0.78-2.93-2.49-5.41-5.42-6.19C55.79,.13,34,0,34,0S12.21,.13,6.9,1.55 C3.97,2.33,2.27,4.81,1.48,7.74C0.06,13.05,0,24,0,24s0.06,10.95,1.48,16.26c0.78,2.93,2.49,5.41,5.42,6.19 C12.21,47.87,34,48,34,48s21.79-0.13,27.1-1.55c2.93-0.78,4.64-3.26,5.42-6.19C67.94,34.95,68,24,68,24S67.94,13.05,66.52,7.74z\" fill=\"#f00\"><\/path><path d=\"M 45,24 27,14 27,34\" fill=\"#fff\"><\/path><\/svg><\/button><\/div><span itemprop=\"video\" itemscope itemtype=\"http:\/\/schema.org\/VideoObject\"><meta itemprop=\"embedUrl\" content=\"https:\/\/www.youtube.com\/embed\/MdpUq6hDbL0\"><meta itemprop=\"name\" content=\"Junkyard Reef Dive Site Koh Tao in Thailand\"><meta itemprop=\"description\" content=\"Junkyard Reef dive site on Koh Tao is an Artificial dive site first created in 2006 and now a flourishing site for beginner divers and marine conservation education programs. Location: 400 metres from Mae Haad beach Depth: 8m \u2013 12 metres Type of site: Shallow Artificial site with lots of sand Level: Open Water diver Conditions: Generally Calm and Flat unless South West Monsoon Average Visibility: 2-12m Junkyard Reef project was first devised, planned and built by a local conservation group Eco Koh Tao in conjunction with Crystal Dive and the original concept was quite simple. Check out our dive sites: https:\/\/www.blackturtledive.com\/koh-tao-dive-sites\/junkyard-reef\/ Footage: \ud83d\ude4f\ud83c\udffb. \ud83c\udfac Wet Lens Images (https:\/\/www.youtube.com\/channel\/UCVB6Hza4P2ct7SgAo7I9n7g)\"><meta itemprop=\"thumbnailUrl\" content=\"https:\/\/i.ytimg.com\/vi\/MdpUq6hDbL0\/0.jpg\"><meta itemprop=\"duration\" content=\"PT57S\"><meta itemprop=\"uploadDate\" content=\"2021-01-28T08:01:06Z\"><\/span>\n<h3>Entdecken Sie den Tauchplatz Junkyard Reef auf Koh Tao<\/h3>\n<p>Das Junkyard Reef-Projekt wurde erstmals von unserem Partner im Bereich Meeresschutz, <span style=\"color: #28d4ff;\">Eco Koh Tao<\/span>, konzipiert, geplant und aufgebaut, und das urspr\u00fcngliche Konzept war ganz einfach.<\/p>\n<p>Geeignete, nicht mehr ben\u00f6tigte Materialien zur Schaffung eines k\u00fcnstlichen Riffs wurden gespendet und in einem Bereich organisiert, der daf\u00fcr bestimmt war, <a href=\"https:\/\/www.blackturtledive.com\/koh-tao-marine-life\/\">Meeresleben<\/a> anzuziehen und zu erhalten.<\/p>\n<p>Mehrere lokale Unternehmen, darunter ein Fitnessstudio, spendeten alte oder unerw\u00fcnschte Fitnessger\u00e4te und Materialien.<\/p>\n<figure id=\"attachment_3750\" aria-describedby=\"caption-attachment-3750\" style=\"width: 1100px\" class=\"wp-caption alignnone\"><img decoding=\"async\" class=\"size-full wp-image-3750\" src=\"https:\/\/www.blackturtledive.com\/wp-content\/uploads\/2021\/01\/blackturtledive.com-junkyard-reef-artificial-dive-site-koh-tao-black-spotted-porcupine-fish.jpg\" alt=\"Tauchplatz Junkyard Reef Koh Tao - Schwarzgefleckter Igelfisch\" width=\"1100\" height=\"619\" srcset=\"https:\/\/www.blackturtledive.com\/wp-content\/uploads\/2021\/01\/blackturtledive.com-junkyard-reef-artificial-dive-site-koh-tao-black-spotted-porcupine-fish.jpg 1100w, https:\/\/www.blackturtledive.com\/wp-content\/uploads\/2021\/01\/blackturtledive.com-junkyard-reef-artificial-dive-site-koh-tao-black-spotted-porcupine-fish-300x169.jpg 300w, https:\/\/www.blackturtledive.com\/wp-content\/uploads\/2021\/01\/blackturtledive.com-junkyard-reef-artificial-dive-site-koh-tao-black-spotted-porcupine-fish-1024x576.jpg 1024w, https:\/\/www.blackturtledive.com\/wp-content\/uploads\/2021\/01\/blackturtledive.com-junkyard-reef-artificial-dive-site-koh-tao-black-spotted-porcupine-fish-768x432.jpg 768w, https:\/\/www.blackturtledive.com\/wp-content\/uploads\/2021\/01\/blackturtledive.com-junkyard-reef-artificial-dive-site-koh-tao-black-spotted-porcupine-fish-150x84.jpg 150w\" sizes=\"(max-width: 1100px) 100vw, 1100px\" \/><figcaption id=\"caption-attachment-3750\" class=\"wp-caption-text\">Tauchplatz Junkyard Reef Koh Tao &#8211; Schwarzgefleckter Igelfisch<\/figcaption><\/figure>\n<h3>K\u00fcnstliches Tauchgebiet \u2013 Junkyard Reef<\/h3>\n<p>Mit der Zeit wuchs das k\u00fcnstliche Tauchgebiet allm\u00e4hlich: menschengemachte Stahlstrukturen, Korallen Nur Serien, Freisetzungen von Riesenmuscheln und verschiedene Korallen Vermehrung Programme wurden initiiert.<\/p>\n<p>Das bestehende k\u00fcnstliche Tauchgebiet ist inzwischen Heimat einer unglaublich vielf\u00e4ltigen und <span style=\"color: #28d4ff;\">reichhaltigen Meeresfauna<\/span> und beherbergt eine Vielzahl unterschiedlicher Arten.<\/p>\n<p>Sie werden viele Riff-Fische sehen, darunter den gelb gefleckten Kaninchenfisch, den kupfer gestreiften <a href=\"https:\/\/www.blackturtledive.com\/koh-tao-marine-life\/butterfly-fish\/\">Falterfisch<\/a>, <a href=\"https:\/\/www.blackturtledive.com\/koh-tao-marine-life\/tailfin-batfish\/\">Fledermausfische<\/a>, den Masken-Stechrochen-Kugelfisch (Porcupine Puffer) und den <a href=\"https:\/\/www.blackturtledive.com\/koh-tao-marine-life\/saddleback-clownfish-sea-anemone\/\">Sattelfleck-Clownfisch<\/a>.<\/p>\n<p>Am Junkyard Reef leben sogar zwei ans\u00e4ssige <a href=\"https:\/\/www.blackturtledive.com\/koh-tao-marine-life\/red-lion-fish\/\">Rotfeuerfische<\/a>, ein <a href=\"https:\/\/www.blackturtledive.com\/koh-tao-marine-life\/yellow-boxfish\/\">Gelb Kastenfisch<\/a> und ein <a href=\"https:\/\/www.blackturtledive.com\/koh-tao-marine-life\/yellow-margin-triggerfish\/\">Gelbbrand-Dr\u00fcckerfisch<\/a>.<\/p>\n<figure id=\"attachment_3752\" aria-describedby=\"caption-attachment-3752\" style=\"width: 1100px\" class=\"wp-caption alignnone\"><img decoding=\"async\" class=\"size-full wp-image-3752\" src=\"https:\/\/www.blackturtledive.com\/wp-content\/uploads\/2021\/01\/blackturtledive.com-junkyard-reef-artificial-dive-site-koh-tao-saddelback-clownfish.jpg\" alt=\"Tauchplatz Junkyard Reef Koh Tao - Sattelfleck-Clownfisch\" width=\"1100\" height=\"619\" srcset=\"https:\/\/www.blackturtledive.com\/wp-content\/uploads\/2021\/01\/blackturtledive.com-junkyard-reef-artificial-dive-site-koh-tao-saddelback-clownfish.jpg 1100w, https:\/\/www.blackturtledive.com\/wp-content\/uploads\/2021\/01\/blackturtledive.com-junkyard-reef-artificial-dive-site-koh-tao-saddelback-clownfish-300x169.jpg 300w, https:\/\/www.blackturtledive.com\/wp-content\/uploads\/2021\/01\/blackturtledive.com-junkyard-reef-artificial-dive-site-koh-tao-saddelback-clownfish-1024x576.jpg 1024w, https:\/\/www.blackturtledive.com\/wp-content\/uploads\/2021\/01\/blackturtledive.com-junkyard-reef-artificial-dive-site-koh-tao-saddelback-clownfish-768x432.jpg 768w, https:\/\/www.blackturtledive.com\/wp-content\/uploads\/2021\/01\/blackturtledive.com-junkyard-reef-artificial-dive-site-koh-tao-saddelback-clownfish-150x84.jpg 150w\" sizes=\"(max-width: 1100px) 100vw, 1100px\" \/><figcaption id=\"caption-attachment-3752\" class=\"wp-caption-text\">Tauchplatz Junkyard Reef Koh Tao &#8211; Sattelfleck-Clownfisch<\/figcaption><\/figure>\n<h3><span style=\"color: #28d4ff;\">Vielf\u00e4ltiges Meeresleben &amp; Korallen Restaurierung<\/span><\/h3>\n<p>Das Tauchgebiet Junkyard Reef ist der Traum von Natursch\u00fctzern, mit Korallen Pflanzungen, die eindrucksvoll auf Stahlstrukturen positioniert sind und ein lebendiges marines \u00d6kosystem unterst\u00fctzen.<\/p>\n<p>Junkyard Reef ist ein gutes Beispiel daf\u00fcr, der Natur etwas zur\u00fcckzugeben, und gleichzeitig ein faszinierender <a href=\"https:\/\/www.blackturtledive.com\/koh-tao-dive-sites\/\">Tauchplatz<\/a> f\u00fcr alle <a href=\"https:\/\/www.blackturtledive.com\/padi-diving-courses\/\">Taucher<\/a>, um zu erleben, was durch Motivation, Bildung und gemeinschaftliches Handeln erreicht werden kann.<\/p>\n<p>Junkyard ist beliebt f\u00fcr Ausbildung Tauchg\u00e4nge und bietet rings um das <a href=\"https:\/\/www.blackturtledive.com\/blog\/10-interesting-facts-about-koh-tao-dive-sites\/\">Tauchgebiet<\/a> viel weichen Sand, der dies erleichtert.<\/p>\n<p>Es ist erstaunlich zu sehen, wie viele <a href=\"https:\/\/www.blackturtledive.com\/\">Tauchzentren auf Koh Tao<\/a> diesen Tauchplatz regelm\u00e4\u00dfig nutzen; er hat sich seit 2006 erheblich weiterentwickelt, als er noch lediglich ein Sandfleck zwischen den Riffen war.<\/p>\n<figure id=\"attachment_3754\" aria-describedby=\"caption-attachment-3754\" style=\"width: 1100px\" class=\"wp-caption alignnone\"><img decoding=\"async\" class=\"size-full wp-image-3754\" src=\"https:\/\/www.blackturtledive.com\/wp-content\/uploads\/2021\/01\/blackturtledive.com-junkyard-reef-artificial-dive-site-koh-tao-yellow-margin-triggerfish.jpg\" alt=\"Tauchplatz Junkyard Reef Koh Tao - Gelbrand-Dr\u00fcckerfisch\" width=\"1100\" height=\"619\" srcset=\"https:\/\/www.blackturtledive.com\/wp-content\/uploads\/2021\/01\/blackturtledive.com-junkyard-reef-artificial-dive-site-koh-tao-yellow-margin-triggerfish.jpg 1100w, https:\/\/www.blackturtledive.com\/wp-content\/uploads\/2021\/01\/blackturtledive.com-junkyard-reef-artificial-dive-site-koh-tao-yellow-margin-triggerfish-300x169.jpg 300w, https:\/\/www.blackturtledive.com\/wp-content\/uploads\/2021\/01\/blackturtledive.com-junkyard-reef-artificial-dive-site-koh-tao-yellow-margin-triggerfish-1024x576.jpg 1024w, https:\/\/www.blackturtledive.com\/wp-content\/uploads\/2021\/01\/blackturtledive.com-junkyard-reef-artificial-dive-site-koh-tao-yellow-margin-triggerfish-768x432.jpg 768w, https:\/\/www.blackturtledive.com\/wp-content\/uploads\/2021\/01\/blackturtledive.com-junkyard-reef-artificial-dive-site-koh-tao-yellow-margin-triggerfish-150x84.jpg 150w\" sizes=\"(max-width: 1100px) 100vw, 1100px\" \/><figcaption id=\"caption-attachment-3754\" class=\"wp-caption-text\">Tauchplatz Junkyard Reef Koh Tao &#8211; Gelbrand-Dr\u00fcckerfisch<\/figcaption><\/figure>\n<p>[\/vc_column_text][\/vc_column][\/vc_row]<\/p>\n<\/div>","protected":false},"excerpt":{"rendered":"<p>Das Tauchgebiet Junkyard Reef auf Koh Tao ist ein k\u00fcnstlich angelegtes Tauchgebiet, das 2006 entstanden ist und sich heute zu einem beliebten Tauchplatz f\u00fcr Anf\u00e4nger und zur Umweltbildung entwickelt hat.<\/p>\n","protected":false},"author":2,"featured_media":18291,"parent":18682,"menu_order":0,"comment_status":"closed","ping_status":"closed","template":"","meta":{"_acf_changed":false,"footnotes":""},"class_list":["post-18665","page","type-page","status-publish","has-post-thumbnail","hentry"],"acf":[],"yoast_head":"<!-- This site is optimized with the Yoast SEO Premium plugin v27.6 (Yoast SEO v27.6) - https:\/\/yoast.com\/product\/yoast-seo-premium-wordpress\/ -->\n<title>Junkyard Reef Tauchplatz Koh Tao | Black Turtle Dive<\/title>\n<meta name=\"description\" content=\"Das Tauchgebiet Junkyard Reef auf Koh Tao ist ein k\u00fcnstlich angelegtes Tauchgebiet, das 2006 geschaffen wurde und sich heute zu einem beliebten Ziel f\u00fcr Tauchanf\u00e4nger und zur F\u00f6rderung des Naturschutzes entwickelt hat.\" \/>\n<meta name=\"robots\" content=\"index, follow, max-snippet:-1, max-image-preview:large, max-video-preview:-1\" \/>\n<link rel=\"canonical\" href=\"https:\/\/www.blackturtledive.com\/de\/koh-tao-dive-sites\/junkyard-reef\/\" \/>\n<meta property=\"og:locale\" content=\"de_DE\" \/>\n<meta property=\"og:type\" content=\"article\" \/>\n<meta property=\"og:title\" content=\"Junkyard Reef Dive Site Koh Tao | Black Turtle Dive\" \/>\n<meta property=\"og:description\" content=\"Junkyard Reef dive site on Koh Tao is an artificial dive site first created in 2006 and now a flourishing site for beginner divers and conservation education\" \/>\n<meta property=\"og:url\" content=\"https:\/\/www.blackturtledive.com\/de\/koh-tao-dive-sites\/junkyard-reef\/\" \/>\n<meta property=\"og:site_name\" content=\"Black Turtle Dive Koh Tao\" \/>\n<meta property=\"article:publisher\" content=\"https:\/\/www.facebook.com\/blackturtledive\" \/>\n<meta property=\"article:modified_time\" content=\"2026-05-05T14:24:44+00:00\" \/>\n<meta property=\"og:image\" content=\"https:\/\/www.blackturtledive.com\/wp-content\/uploads\/2021\/01\/blackturtledive.com-junkyard-reef-artificial-dive-site-koh-tao-batfish.jpg\" \/>\n\t<meta property=\"og:image:width\" content=\"1100\" \/>\n\t<meta property=\"og:image:height\" content=\"619\" \/>\n\t<meta property=\"og:image:type\" content=\"image\/jpeg\" \/>\n<meta name=\"twitter:card\" content=\"summary_large_image\" \/>\n<meta name=\"twitter:title\" content=\"Junkyard Reef Dive Site Koh Tao | Black Turtle Dive\" \/>\n<meta name=\"twitter:description\" content=\"Junkyard Reef dive site on Koh Tao is an artificial dive site first created in 2006 and now a flourishing site for beginner divers and conservation education\" \/>\n<meta name=\"twitter:image\" content=\"https:\/\/www.blackturtledive.com\/wp-content\/uploads\/2021\/01\/blackturtledive.com-junkyard-reef-artificial-dive-site-koh-tao-batfish.jpg\" \/>\n<meta name=\"twitter:site\" content=\"@blackturtledive\" \/>\n<meta name=\"twitter:label1\" content=\"Gesch\u00e4tzte Lesezeit\" \/>\n\t<meta name=\"twitter:data1\" content=\"3\u00a0Minuten\" \/>\n<!-- \/ Yoast SEO Premium plugin. -->","yoast_head_json":{"title":"Junkyard Reef Tauchplatz Koh Tao | Black Turtle Dive","description":"Das Tauchgebiet Junkyard Reef auf Koh Tao ist ein k\u00fcnstlich angelegtes Tauchgebiet, das 2006 geschaffen wurde und sich heute zu einem beliebten Ziel f\u00fcr Tauchanf\u00e4nger und zur F\u00f6rderung des Naturschutzes entwickelt hat.","robots":{"index":"index","follow":"follow","max-snippet":"max-snippet:-1","max-image-preview":"max-image-preview:large","max-video-preview":"max-video-preview:-1"},"canonical":"https:\/\/www.blackturtledive.com\/de\/koh-tao-dive-sites\/junkyard-reef\/","og_locale":"de_DE","og_type":"article","og_title":"Junkyard Reef Dive Site Koh Tao | Black Turtle Dive","og_description":"Junkyard Reef dive site on Koh Tao is an artificial dive site first created in 2006 and now a flourishing site for beginner divers and conservation education","og_url":"https:\/\/www.blackturtledive.com\/de\/koh-tao-dive-sites\/junkyard-reef\/","og_site_name":"Black Turtle Dive Koh Tao","article_publisher":"https:\/\/www.facebook.com\/blackturtledive","article_modified_time":"2026-05-05T14:24:44+00:00","og_image":[{"width":1100,"height":619,"url":"https:\/\/www.blackturtledive.com\/wp-content\/uploads\/2021\/01\/blackturtledive.com-junkyard-reef-artificial-dive-site-koh-tao-batfish.jpg","type":"image\/jpeg"}],"twitter_card":"summary_large_image","twitter_title":"Junkyard Reef Dive Site Koh Tao | Black Turtle Dive","twitter_description":"Junkyard Reef dive site on Koh Tao is an artificial dive site first created in 2006 and now a flourishing site for beginner divers and conservation education","twitter_image":"https:\/\/www.blackturtledive.com\/wp-content\/uploads\/2021\/01\/blackturtledive.com-junkyard-reef-artificial-dive-site-koh-tao-batfish.jpg","twitter_site":"@blackturtledive","twitter_misc":{"Gesch\u00e4tzte Lesezeit":"3\u00a0Minuten"},"schema":{"@context":"https:\/\/schema.org","@graph":[{"@type":"WebPage","@id":"https:\/\/www.blackturtledive.com\/de\/koh-tao-dive-sites\/junkyard-reef\/","url":"https:\/\/www.blackturtledive.com\/de\/koh-tao-dive-sites\/junkyard-reef\/","name":"Junkyard Reef Tauchplatz Koh Tao | Black Turtle Dive","isPartOf":{"@id":"https:\/\/www.blackturtledive.com\/de\/#website"},"primaryImageOfPage":{"@id":"https:\/\/www.blackturtledive.com\/de\/koh-tao-dive-sites\/junkyard-reef\/#primaryimage"},"image":{"@id":"https:\/\/www.blackturtledive.com\/de\/koh-tao-dive-sites\/junkyard-reef\/#primaryimage"},"thumbnailUrl":"https:\/\/www.blackturtledive.com\/wp-content\/uploads\/2021\/01\/blackturtledive.com-junkyard-reef-artificial-dive-site-koh-tao-batfish.jpg","datePublished":"2020-09-19T15:57:08+00:00","dateModified":"2026-05-05T14:24:44+00:00","description":"Das Tauchgebiet Junkyard Reef auf Koh Tao ist ein k\u00fcnstlich angelegtes Tauchgebiet, das 2006 geschaffen wurde und sich heute zu einem beliebten Ziel f\u00fcr Tauchanf\u00e4nger und zur F\u00f6rderung des Naturschutzes entwickelt hat.","breadcrumb":{"@id":"https:\/\/www.blackturtledive.com\/de\/koh-tao-dive-sites\/junkyard-reef\/#breadcrumb"},"inLanguage":"de","potentialAction":[{"@type":"ReadAction","target":["https:\/\/www.blackturtledive.com\/de\/koh-tao-dive-sites\/junkyard-reef\/"]}]},{"@type":"ImageObject","inLanguage":"de","@id":"https:\/\/www.blackturtledive.com\/de\/koh-tao-dive-sites\/junkyard-reef\/#primaryimage","url":"https:\/\/www.blackturtledive.com\/wp-content\/uploads\/2021\/01\/blackturtledive.com-junkyard-reef-artificial-dive-site-koh-tao-batfish.jpg","contentUrl":"https:\/\/www.blackturtledive.com\/wp-content\/uploads\/2021\/01\/blackturtledive.com-junkyard-reef-artificial-dive-site-koh-tao-batfish.jpg","width":1100,"height":619,"caption":"Junkyard Reef Dive Site Koh Tao"},{"@type":"BreadcrumbList","@id":"https:\/\/www.blackturtledive.com\/de\/koh-tao-dive-sites\/junkyard-reef\/#breadcrumb","itemListElement":[{"@type":"ListItem","position":1,"name":"Home","item":"https:\/\/www.blackturtledive.com\/de\/"},{"@type":"ListItem","position":2,"name":"Koh Tao Tauchpl\u00e4tze","item":"https:\/\/www.blackturtledive.com\/de\/koh-tao-dive-sites\/"},{"@type":"ListItem","position":3,"name":"Junkyard Reef"}]},{"@type":"WebSite","@id":"https:\/\/www.blackturtledive.com\/de\/#website","url":"https:\/\/www.blackturtledive.com\/de\/","name":"Black Turtle Dive Koh Tao","description":"Ocean Explorers | Marine Protectors","publisher":{"@id":"https:\/\/www.blackturtledive.com\/de\/#organization"},"alternateName":"Black Turtle Dive in Thailand","potentialAction":[{"@type":"SearchAction","target":{"@type":"EntryPoint","urlTemplate":"https:\/\/www.blackturtledive.com\/de\/?s={search_term_string}"},"query-input":{"@type":"PropertyValueSpecification","valueRequired":true,"valueName":"search_term_string"}}],"inLanguage":"de"},{"@type":"Organization","@id":"https:\/\/www.blackturtledive.com\/de\/#organization","name":"Black Turtle Dive Koh Tao","alternateName":"Black Turtle Dive","url":"https:\/\/www.blackturtledive.com\/de\/","logo":{"@type":"ImageObject","inLanguage":"de","@id":"https:\/\/www.blackturtledive.com\/de\/#\/schema\/logo\/image\/","url":"https:\/\/www.blackturtledive.com\/wp-content\/uploads\/2020\/11\/cropped-blackturtledive.com-brand-logo.png","contentUrl":"https:\/\/www.blackturtledive.com\/wp-content\/uploads\/2020\/11\/cropped-blackturtledive.com-brand-logo.png","width":400,"height":400,"caption":"Black Turtle Dive Koh Tao"},"image":{"@id":"https:\/\/www.blackturtledive.com\/de\/#\/schema\/logo\/image\/"},"sameAs":["https:\/\/www.facebook.com\/blackturtledive","https:\/\/x.com\/blackturtledive","https:\/\/www.instagram.com\/blackturtledive\/","https:\/\/www.youtube.com\/blackturtledive","https:\/\/www.linkedin.com\/company\/blackturtledive\/","https:\/\/www.tumblr.com\/blackturtledive","https:\/\/www.pinterest.com\/blackturtledive\/","https:\/\/www.tiktok.com\/@blackturtledive","https:\/\/www.reddit.com\/user\/blackturtledive\/"],"description":"Black Turtle Dive is a modern and innovative 5 Star Career Development Scuba Diving Center, passionate about the ocean and through training we want to empower you to become a competent and confident scuba diver. Our diving courses equip you with the skills, knowledge and awareness necessary to explore the ocean safely, whilst becoming a passionate advocate and protector of the marine environment. If you have never dived before or are a certified diver and want to develop your skills further, our tailored, bespoke courses and programs will inspire you to become an Ocean advocate. Our scientific based Marine Conservation Internships and training programs, offer aspiring scuba divers and marine conservationists, the best marine conservation internships on Koh Tao. We currently offer students six levels of Marine Conservation Internships at our beachside location on Koh Tao in Thailand. Check out our website for more information.","email":"info@blackturtledive.com","telephone":"089 592 2134","legalName":"Black Turtle Dive Co Ltd","foundingDate":"2020-01-01","publishingPrinciples":"https:\/\/www.blackturtledive.com\/terms\/","ownershipFundingInfo":"https:\/\/www.blackturtledive.com\/terms\/","actionableFeedbackPolicy":"https:\/\/www.blackturtledive.com\/privacy-policy\/","correctionsPolicy":"https:\/\/www.blackturtledive.com\/privacy-policy\/","ethicsPolicy":"https:\/\/www.blackturtledive.com\/privacy-policy\/","diversityPolicy":"https:\/\/www.blackturtledive.com\/privacy-policy\/"}]}},"_links":{"self":[{"href":"https:\/\/www.blackturtledive.com\/de\/wp-json\/wp\/v2\/pages\/18665","targetHints":{"allow":["GET"]}}],"collection":[{"href":"https:\/\/www.blackturtledive.com\/de\/wp-json\/wp\/v2\/pages"}],"about":[{"href":"https:\/\/www.blackturtledive.com\/de\/wp-json\/wp\/v2\/types\/page"}],"author":[{"embeddable":true,"href":"https:\/\/www.blackturtledive.com\/de\/wp-json\/wp\/v2\/users\/2"}],"replies":[{"embeddable":true,"href":"https:\/\/www.blackturtledive.com\/de\/wp-json\/wp\/v2\/comments?post=18665"}],"version-history":[{"count":1,"href":"https:\/\/www.blackturtledive.com\/de\/wp-json\/wp\/v2\/pages\/18665\/revisions"}],"predecessor-version":[{"id":70902,"href":"https:\/\/www.blackturtledive.com\/de\/wp-json\/wp\/v2\/pages\/18665\/revisions\/70902"}],"up":[{"embeddable":true,"href":"https:\/\/www.blackturtledive.com\/de\/wp-json\/wp\/v2\/pages\/18682"}],"wp:featuredmedia":[{"embeddable":true,"href":"https:\/\/www.blackturtledive.com\/de\/wp-json\/wp\/v2\/media\/18291"}],"wp:attachment":[{"href":"https:\/\/www.blackturtledive.com\/de\/wp-json\/wp\/v2\/media?parent=18665"}],"curies":[{"name":"wp","href":"https:\/\/api.w.org\/{rel}","templated":true}]}}